{"id":27892,"date":"2026-05-04T18:15:24","date_gmt":"2026-05-04T15:15:24","guid":{"rendered":"https:\/\/nirigs.com\/?post_type=product&#038;p=27892"},"modified":"2026-05-04T18:15:27","modified_gmt":"2026-05-04T15:15:27","slug":"bledina-bledine-cereales-saveur-biscuit-des-6-mois-400-g","status":"publish","type":"product","link":"https:\/\/nirigs.com\/en\/product\/bledina-bledine-cereales-saveur-biscuit-des-6-mois-400-g\/","title":{"rendered":"Bl\u00e9dina &#8211; Bl\u00e9dine c\u00e9r\u00e9ales saveur biscuit d\u00e8s 6 mois &#8211; 400 g"},"content":{"rendered":"<p data-start=\"490\" data-end=\"805\">Visit <strong data-start=\"493\" data-end=\"586\">Bl\u00e9dine c\u00e9r\u00e9ales saveur biscuit d\u00e8s 6 mois 400 g de <span class=\"hover:entity-accent entity-underline inline cursor-pointer align-baseline\"><span class=\"whitespace-normal\">Bl\u00e9dina<\/span><\/span><\/strong> est une pr\u00e9paration \u00e0 base de c\u00e9r\u00e9ales con\u00e7ue pour accompagner la diversification alimentaire des b\u00e9b\u00e9s d\u00e8s 6 mois. Sa saveur biscuit apporte une touche gourmande tout en restant adapt\u00e9e aux besoins des jeunes enfants.<\/p>\n<p data-start=\"807\" data-end=\"1073\">Facile \u00e0 pr\u00e9parer, cette Bl\u00e9dine s\u2019int\u00e8gre parfaitement dans les repas du quotidien, notamment au petit-d\u00e9jeuner ou au d\u00eener. Sa texture est pens\u00e9e pour \u00eatre consomm\u00e9e facilement par les tout-petits, favorisant une transition en douceur vers une alimentation vari\u00e9e.<\/p>\n<p data-start=\"1075\" data-end=\"1144\">Ce format 400 g est id\u00e9al pour une utilisation r\u00e9guli\u00e8re \u00e0 la maison.<\/p>\n<h2 data-section-id=\"1nog2ez\" data-start=\"1151\" data-end=\"1196\">Les avantages de la Bl\u00e9dine saveur biscuit<\/h2>\n<ul data-start=\"1198\" data-end=\"1405\">\n<li data-section-id=\"vuhfuy\" data-start=\"1198\" data-end=\"1230\">Adapt\u00e9e aux b\u00e9b\u00e9s d\u00e8s 6 mois<\/li>\n<li data-section-id=\"1sxg93c\" data-start=\"1231\" data-end=\"1268\">Saveur biscuit douce et appr\u00e9ci\u00e9e<\/li>\n<li data-section-id=\"v4bih5\" data-start=\"1269\" data-end=\"1301\">Pr\u00e9paration simple et rapide<\/li>\n<li data-section-id=\"11sbek0\" data-start=\"1302\" data-end=\"1340\">Texture adapt\u00e9e aux jeunes enfants<\/li>\n<li data-section-id=\"13da7q1\" data-start=\"1341\" data-end=\"1368\">Format \u00e9conomique 400 g<\/li>\n<li data-section-id=\"k3uc8g\" data-start=\"1369\" data-end=\"1405\">Id\u00e9ale pour les repas quotidiens<\/li>\n<\/ul>\n<h2 data-section-id=\"ssla5e\" data-start=\"1412\" data-end=\"1436\">Apports nutritionnels<\/h2>\n<p data-start=\"1438\" data-end=\"1504\">Cette pr\u00e9paration contribue \u00e0 l\u2019alimentation quotidienne de b\u00e9b\u00e9 :<\/p>\n<ul data-start=\"1506\" data-end=\"1669\">\n<li data-section-id=\"15psmr9\" data-start=\"1506\" data-end=\"1553\">Source de c\u00e9r\u00e9ales adapt\u00e9es aux tout-petits<\/li>\n<li data-section-id=\"121omc2\" data-start=\"1554\" data-end=\"1584\">Contient de la vitamine B1<\/li>\n<li data-section-id=\"6erb7e\" data-start=\"1585\" data-end=\"1626\">Con\u00e7ue pour accompagner la croissance<\/li>\n<li data-section-id=\"1xlxnms\" data-start=\"1627\" data-end=\"1669\">S\u2019int\u00e8gre dans une alimentation vari\u00e9e<\/li>\n<\/ul>\n<h2 data-section-id=\"16oo88v\" data-start=\"1676\" data-end=\"1690\">Ingredients<\/h2>\n<p data-start=\"1692\" data-end=\"1809\">Farine de bl\u00e9 94,2 % (gluten), lait entier en poudre (lait), ar\u00f4mes, vitamine B1.<br data-start=\"1773\" data-end=\"1776\" \/>Peut contenir des traces de soja.<\/p>\n<h2 data-section-id=\"16dnkas\" data-start=\"1816\" data-end=\"1829\">Allerg\u00e8nes<\/h2>\n<p data-start=\"1831\" data-end=\"1892\">Contient du gluten (bl\u00e9) et du lait.<br data-start=\"1867\" data-end=\"1870\" \/>Peut contenir du soja.<\/p>\n<h2 data-section-id=\"1azcm7d\" data-start=\"1899\" data-end=\"1915\">Mode d\u2019emploi<\/h2>\n<ul data-start=\"1917\" data-end=\"2224\">\n<li data-section-id=\"1kwlgc\" data-start=\"1917\" data-end=\"1968\">Laver soigneusement les mains et les ustensiles<\/li>\n<li data-section-id=\"120u8e6\" data-start=\"1969\" data-end=\"2008\">Utiliser de l\u2019eau propre et potable<\/li>\n<li data-section-id=\"1f3dxf3\" data-start=\"2009\" data-end=\"2067\">Verser la quantit\u00e9 d\u2019eau recommand\u00e9e dans un r\u00e9cipient<\/li>\n<li data-section-id=\"1foptng\" data-start=\"2068\" data-end=\"2102\">Ajouter la quantit\u00e9 de Bl\u00e9dine<\/li>\n<li data-section-id=\"shl4nb\" data-start=\"2103\" data-end=\"2152\">M\u00e9langer jusqu\u2019\u00e0 obtenir une texture homog\u00e8ne<\/li>\n<li data-section-id=\"xoupr1\" data-start=\"2153\" data-end=\"2196\">V\u00e9rifier la temp\u00e9rature avant de servir<\/li>\n<li data-section-id=\"j4xm9a\" data-start=\"2197\" data-end=\"2224\">Consommer imm\u00e9diatement<\/li>\n<\/ul>\n<h2 data-section-id=\"eqw8qz\" data-start=\"2231\" data-end=\"2258\">Conseils de conservation<\/h2>\n<p data-start=\"2260\" data-end=\"2383\">Store in a cool, dry place.<br data-start=\"2299\" data-end=\"2302\" \/>Apr\u00e8s ouverture, bien refermer l\u2019emballage et consommer dans un d\u00e9lai recommand\u00e9.<\/p>\n<h2 data-section-id=\"hzodnu\" data-start=\"2390\" data-end=\"2415\">Information importante<\/h2>\n<p data-start=\"2417\" data-end=\"2597\">Le lait maternel est l\u2019aliment id\u00e9al pour le nourrisson. Les c\u00e9r\u00e9ales infantiles compl\u00e8tent l\u2019alimentation \u00e0 partir de 6 mois dans le cadre d\u2019une alimentation vari\u00e9e et \u00e9quilibr\u00e9e.<\/p>","protected":false},"excerpt":{"rendered":"<p>La Bl\u00e9dine c\u00e9r\u00e9ales saveur biscuit d\u00e8s 6 mois 400 g de Bl\u00e9dina est une pr\u00e9paration \u00e0 base de c\u00e9r\u00e9ales con\u00e7ue<\/p>","protected":false},"featured_media":27895,"comment_status":"open","ping_status":"closed","template":"","meta":[],"pwb-brand":[1226],"product_brand":[],"product_cat":[1060,274,275,1322],"product_tag":[],"class_list":{"0":"post-27892","1":"product","2":"type-product","3":"status-publish","4":"has-post-thumbnail","6":"pwb-brand-bledina-bledine","7":"product_cat-alimentation-produits-bebes","8":"product_cat-bebe-et-famille","9":"product_cat-epicerie","10":"product_cat-petit-dejeuner","12":"first","13":"instock","14":"shipping-taxable","15":"purchasable","16":"product-type-simple"},"yoast_head":"<!-- This site is optimized with the Yoast SEO plugin v27.5 - https:\/\/yoast.com\/product\/yoast-seo-wordpress\/ -->\n<title>Bl\u00e9dina - Bl\u00e9dine c\u00e9r\u00e9ales saveur biscuit d\u00e8s 6 mois - 400 g - NIRIGS<\/title>\n<meta name=\"description\" content=\"Commandez Bl\u00e9dina Bl\u00e9dine c\u00e9r\u00e9ales biscuit 400g d\u00e8s 6 mois \u00e0 Djibouti. C\u00e9r\u00e9ales b\u00e9b\u00e9 pratiques avec livraison fiable et rapide sur Nirigs.\" \/>\n<meta name=\"robots\" content=\"index, follow, max-snippet:-1, max-image-preview:large, max-video-preview:-1\" \/>\n<link rel=\"canonical\" href=\"https:\/\/nirigs.com\/en\/product\/bledina-bledine-cereales-saveur-biscuit-des-6-mois-400-g\/\" \/>\n<meta property=\"og:locale\" content=\"en_US\" \/>\n<meta property=\"og:type\" content=\"article\" \/>\n<meta property=\"og:title\" content=\"Bl\u00e9dina - Bl\u00e9dine c\u00e9r\u00e9ales saveur biscuit d\u00e8s 6 mois - 400 g - NIRIGS\" \/>\n<meta property=\"og:description\" content=\"Commandez Bl\u00e9dina Bl\u00e9dine c\u00e9r\u00e9ales biscuit 400g d\u00e8s 6 mois \u00e0 Djibouti. C\u00e9r\u00e9ales b\u00e9b\u00e9 pratiques avec livraison fiable et rapide sur Nirigs.\" \/>\n<meta property=\"og:url\" content=\"https:\/\/nirigs.com\/en\/product\/bledina-bledine-cereales-saveur-biscuit-des-6-mois-400-g\/\" \/>\n<meta property=\"og:site_name\" content=\"NIRIGS\" \/>\n<meta property=\"article:modified_time\" content=\"2026-05-04T15:15:27+00:00\" \/>\n<meta property=\"og:image\" content=\"https:\/\/nirigs.com\/wp-content\/uploads\/2026\/05\/Bledina-Bledine-cereales-saveur-biscuit-des-6-mois-400-g.png\" \/>\n\t<meta property=\"og:image:width\" content=\"1000\" \/>\n\t<meta property=\"og:image:height\" content=\"1000\" \/>\n\t<meta property=\"og:image:type\" content=\"image\/png\" \/>\n<meta name=\"twitter:card\" content=\"summary_large_image\" \/>\n<meta name=\"twitter:label1\" content=\"Est. reading time\" \/>\n\t<meta name=\"twitter:data1\" content=\"2 minutes\" \/>\n<script type=\"application\/ld+json\" class=\"yoast-schema-graph\">{\"@context\":\"https:\\\/\\\/schema.org\",\"@graph\":[{\"@type\":\"WebPage\",\"@id\":\"https:\\\/\\\/nirigs.com\\\/product\\\/bledina-bledine-cereales-saveur-biscuit-des-6-mois-400-g\\\/\",\"url\":\"https:\\\/\\\/nirigs.com\\\/product\\\/bledina-bledine-cereales-saveur-biscuit-des-6-mois-400-g\\\/\",\"name\":\"Bl\u00e9dina - Bl\u00e9dine c\u00e9r\u00e9ales saveur biscuit d\u00e8s 6 mois - 400 g - NIRIGS\",\"isPartOf\":{\"@id\":\"https:\\\/\\\/nirigs.com\\\/#website\"},\"primaryImageOfPage\":{\"@id\":\"https:\\\/\\\/nirigs.com\\\/product\\\/bledina-bledine-cereales-saveur-biscuit-des-6-mois-400-g\\\/#primaryimage\"},\"image\":{\"@id\":\"https:\\\/\\\/nirigs.com\\\/product\\\/bledina-bledine-cereales-saveur-biscuit-des-6-mois-400-g\\\/#primaryimage\"},\"thumbnailUrl\":\"https:\\\/\\\/nirigs.com\\\/wp-content\\\/uploads\\\/2026\\\/05\\\/Bledina-Bledine-cereales-saveur-biscuit-des-6-mois-400-g.png\",\"datePublished\":\"2026-05-04T15:15:24+00:00\",\"dateModified\":\"2026-05-04T15:15:27+00:00\",\"description\":\"Commandez Bl\u00e9dina Bl\u00e9dine c\u00e9r\u00e9ales biscuit 400g d\u00e8s 6 mois \u00e0 Djibouti. C\u00e9r\u00e9ales b\u00e9b\u00e9 pratiques avec livraison fiable et rapide sur Nirigs.\",\"breadcrumb\":{\"@id\":\"https:\\\/\\\/nirigs.com\\\/product\\\/bledina-bledine-cereales-saveur-biscuit-des-6-mois-400-g\\\/#breadcrumb\"},\"inLanguage\":\"en-US\",\"potentialAction\":[{\"@type\":\"ReadAction\",\"target\":[\"https:\\\/\\\/nirigs.com\\\/product\\\/bledina-bledine-cereales-saveur-biscuit-des-6-mois-400-g\\\/\"]}]},{\"@type\":\"ImageObject\",\"inLanguage\":\"en-US\",\"@id\":\"https:\\\/\\\/nirigs.com\\\/product\\\/bledina-bledine-cereales-saveur-biscuit-des-6-mois-400-g\\\/#primaryimage\",\"url\":\"https:\\\/\\\/nirigs.com\\\/wp-content\\\/uploads\\\/2026\\\/05\\\/Bledina-Bledine-cereales-saveur-biscuit-des-6-mois-400-g.png\",\"contentUrl\":\"https:\\\/\\\/nirigs.com\\\/wp-content\\\/uploads\\\/2026\\\/05\\\/Bledina-Bledine-cereales-saveur-biscuit-des-6-mois-400-g.png\",\"width\":1000,\"height\":1000},{\"@type\":\"BreadcrumbList\",\"@id\":\"https:\\\/\\\/nirigs.com\\\/product\\\/bledina-bledine-cereales-saveur-biscuit-des-6-mois-400-g\\\/#breadcrumb\",\"itemListElement\":[{\"@type\":\"ListItem\",\"position\":1,\"name\":\"Home\",\"item\":\"https:\\\/\\\/nirigs.com\\\/\"},{\"@type\":\"ListItem\",\"position\":2,\"name\":\"Parcourir\",\"item\":\"https:\\\/\\\/nirigs.com\\\/boutique\\\/\"},{\"@type\":\"ListItem\",\"position\":3,\"name\":\"Bl\u00e9dina &#8211; Bl\u00e9dine c\u00e9r\u00e9ales saveur biscuit d\u00e8s 6 mois &#8211; 400 g\"}]},{\"@type\":\"WebSite\",\"@id\":\"https:\\\/\\\/nirigs.com\\\/#website\",\"url\":\"https:\\\/\\\/nirigs.com\\\/\",\"name\":\"Nirigs.com\",\"description\":\"Simplifiez vos achats du quotidien \u00e0 Djibouti\",\"publisher\":{\"@id\":\"https:\\\/\\\/nirigs.com\\\/#organization\"},\"potentialAction\":[{\"@type\":\"SearchAction\",\"target\":{\"@type\":\"EntryPoint\",\"urlTemplate\":\"https:\\\/\\\/nirigs.com\\\/?s={search_term_string}\"},\"query-input\":{\"@type\":\"PropertyValueSpecification\",\"valueRequired\":true,\"valueName\":\"search_term_string\"}}],\"inLanguage\":\"en-US\"},{\"@type\":\"Organization\",\"@id\":\"https:\\\/\\\/nirigs.com\\\/#organization\",\"name\":\"Nirigs\",\"url\":\"https:\\\/\\\/nirigs.com\\\/\",\"logo\":{\"@type\":\"ImageObject\",\"inLanguage\":\"en-US\",\"@id\":\"https:\\\/\\\/nirigs.com\\\/#\\\/schema\\\/logo\\\/image\\\/\",\"url\":\"https:\\\/\\\/nirigs.com\\\/wp-content\\\/uploads\\\/2025\\\/04\\\/Design-sans-titre-27.png\",\"contentUrl\":\"https:\\\/\\\/nirigs.com\\\/wp-content\\\/uploads\\\/2025\\\/04\\\/Design-sans-titre-27.png\",\"width\":500,\"height\":500,\"caption\":\"Nirigs\"},\"image\":{\"@id\":\"https:\\\/\\\/nirigs.com\\\/#\\\/schema\\\/logo\\\/image\\\/\"}}]}<\/script>\n<!-- \/ Yoast SEO plugin. -->","yoast_head_json":{"title":"Bl\u00e9dina - Bl\u00e9dine c\u00e9r\u00e9ales saveur biscuit d\u00e8s 6 mois - 400 g - NIRIGS","description":"Commandez Bl\u00e9dina Bl\u00e9dine c\u00e9r\u00e9ales biscuit 400g d\u00e8s 6 mois \u00e0 Djibouti. C\u00e9r\u00e9ales b\u00e9b\u00e9 pratiques avec livraison fiable et rapide sur Nirigs.","robots":{"index":"index","follow":"follow","max-snippet":"max-snippet:-1","max-image-preview":"max-image-preview:large","max-video-preview":"max-video-preview:-1"},"canonical":"https:\/\/nirigs.com\/en\/product\/bledina-bledine-cereales-saveur-biscuit-des-6-mois-400-g\/","og_locale":"en_US","og_type":"article","og_title":"Bl\u00e9dina - Bl\u00e9dine c\u00e9r\u00e9ales saveur biscuit d\u00e8s 6 mois - 400 g - NIRIGS","og_description":"Commandez Bl\u00e9dina Bl\u00e9dine c\u00e9r\u00e9ales biscuit 400g d\u00e8s 6 mois \u00e0 Djibouti. C\u00e9r\u00e9ales b\u00e9b\u00e9 pratiques avec livraison fiable et rapide sur Nirigs.","og_url":"https:\/\/nirigs.com\/en\/product\/bledina-bledine-cereales-saveur-biscuit-des-6-mois-400-g\/","og_site_name":"NIRIGS","article_modified_time":"2026-05-04T15:15:27+00:00","og_image":[{"width":1000,"height":1000,"url":"https:\/\/nirigs.com\/wp-content\/uploads\/2026\/05\/Bledina-Bledine-cereales-saveur-biscuit-des-6-mois-400-g.png","type":"image\/png"}],"twitter_card":"summary_large_image","twitter_misc":{"Est. reading time":"2 minutes"},"schema":{"@context":"https:\/\/schema.org","@graph":[{"@type":"WebPage","@id":"https:\/\/nirigs.com\/product\/bledina-bledine-cereales-saveur-biscuit-des-6-mois-400-g\/","url":"https:\/\/nirigs.com\/product\/bledina-bledine-cereales-saveur-biscuit-des-6-mois-400-g\/","name":"Bl\u00e9dina - Bl\u00e9dine c\u00e9r\u00e9ales saveur biscuit d\u00e8s 6 mois - 400 g - NIRIGS","isPartOf":{"@id":"https:\/\/nirigs.com\/#website"},"primaryImageOfPage":{"@id":"https:\/\/nirigs.com\/product\/bledina-bledine-cereales-saveur-biscuit-des-6-mois-400-g\/#primaryimage"},"image":{"@id":"https:\/\/nirigs.com\/product\/bledina-bledine-cereales-saveur-biscuit-des-6-mois-400-g\/#primaryimage"},"thumbnailUrl":"https:\/\/nirigs.com\/wp-content\/uploads\/2026\/05\/Bledina-Bledine-cereales-saveur-biscuit-des-6-mois-400-g.png","datePublished":"2026-05-04T15:15:24+00:00","dateModified":"2026-05-04T15:15:27+00:00","description":"Commandez Bl\u00e9dina Bl\u00e9dine c\u00e9r\u00e9ales biscuit 400g d\u00e8s 6 mois \u00e0 Djibouti. C\u00e9r\u00e9ales b\u00e9b\u00e9 pratiques avec livraison fiable et rapide sur Nirigs.","breadcrumb":{"@id":"https:\/\/nirigs.com\/product\/bledina-bledine-cereales-saveur-biscuit-des-6-mois-400-g\/#breadcrumb"},"inLanguage":"en-US","potentialAction":[{"@type":"ReadAction","target":["https:\/\/nirigs.com\/product\/bledina-bledine-cereales-saveur-biscuit-des-6-mois-400-g\/"]}]},{"@type":"ImageObject","inLanguage":"en-US","@id":"https:\/\/nirigs.com\/product\/bledina-bledine-cereales-saveur-biscuit-des-6-mois-400-g\/#primaryimage","url":"https:\/\/nirigs.com\/wp-content\/uploads\/2026\/05\/Bledina-Bledine-cereales-saveur-biscuit-des-6-mois-400-g.png","contentUrl":"https:\/\/nirigs.com\/wp-content\/uploads\/2026\/05\/Bledina-Bledine-cereales-saveur-biscuit-des-6-mois-400-g.png","width":1000,"height":1000},{"@type":"BreadcrumbList","@id":"https:\/\/nirigs.com\/product\/bledina-bledine-cereales-saveur-biscuit-des-6-mois-400-g\/#breadcrumb","itemListElement":[{"@type":"ListItem","position":1,"name":"Home","item":"https:\/\/nirigs.com\/"},{"@type":"ListItem","position":2,"name":"Parcourir","item":"https:\/\/nirigs.com\/boutique\/"},{"@type":"ListItem","position":3,"name":"Bl\u00e9dina &#8211; Bl\u00e9dine c\u00e9r\u00e9ales saveur biscuit d\u00e8s 6 mois &#8211; 400 g"}]},{"@type":"WebSite","@id":"https:\/\/nirigs.com\/#website","url":"https:\/\/nirigs.com\/","name":"Nirigs.com","description":"Simplifiez vos achats du quotidien \u00e0 Djibouti","publisher":{"@id":"https:\/\/nirigs.com\/#organization"},"potentialAction":[{"@type":"SearchAction","target":{"@type":"EntryPoint","urlTemplate":"https:\/\/nirigs.com\/?s={search_term_string}"},"query-input":{"@type":"PropertyValueSpecification","valueRequired":true,"valueName":"search_term_string"}}],"inLanguage":"en-US"},{"@type":"Organization","@id":"https:\/\/nirigs.com\/#organization","name":"Nirigs","url":"https:\/\/nirigs.com\/","logo":{"@type":"ImageObject","inLanguage":"en-US","@id":"https:\/\/nirigs.com\/#\/schema\/logo\/image\/","url":"https:\/\/nirigs.com\/wp-content\/uploads\/2025\/04\/Design-sans-titre-27.png","contentUrl":"https:\/\/nirigs.com\/wp-content\/uploads\/2025\/04\/Design-sans-titre-27.png","width":500,"height":500,"caption":"Nirigs"},"image":{"@id":"https:\/\/nirigs.com\/#\/schema\/logo\/image\/"}}]}},"brands":[{"id":1226,"name":"Bl\u00e9dina - Bl\u00e9dine","slug":"bledina-bledine"}],"_links":{"self":[{"href":"https:\/\/nirigs.com\/en\/wp-json\/wp\/v2\/product\/27892","targetHints":{"allow":["GET"]}}],"collection":[{"href":"https:\/\/nirigs.com\/en\/wp-json\/wp\/v2\/product"}],"about":[{"href":"https:\/\/nirigs.com\/en\/wp-json\/wp\/v2\/types\/product"}],"replies":[{"embeddable":true,"href":"https:\/\/nirigs.com\/en\/wp-json\/wp\/v2\/comments?post=27892"}],"version-history":[{"count":3,"href":"https:\/\/nirigs.com\/en\/wp-json\/wp\/v2\/product\/27892\/revisions"}],"predecessor-version":[{"id":27894,"href":"https:\/\/nirigs.com\/en\/wp-json\/wp\/v2\/product\/27892\/revisions\/27894"}],"wp:featuredmedia":[{"embeddable":true,"href":"https:\/\/nirigs.com\/en\/wp-json\/wp\/v2\/media\/27895"}],"wp:attachment":[{"href":"https:\/\/nirigs.com\/en\/wp-json\/wp\/v2\/media?parent=27892"}],"wp:term":[{"taxonomy":"pwb-brand","embeddable":true,"href":"https:\/\/nirigs.com\/en\/wp-json\/wp\/v2\/pwb-brand?post=27892"},{"taxonomy":"product_brand","embeddable":true,"href":"https:\/\/nirigs.com\/en\/wp-json\/wp\/v2\/product_brand?post=27892"},{"taxonomy":"product_cat","embeddable":true,"href":"https:\/\/nirigs.com\/en\/wp-json\/wp\/v2\/product_cat?post=27892"},{"taxonomy":"product_tag","embeddable":true,"href":"https:\/\/nirigs.com\/en\/wp-json\/wp\/v2\/product_tag?post=27892"}],"curies":[{"name":"wp","href":"https:\/\/api.w.org\/{rel}","templated":true}]}}