{"id":27883,"date":"2026-05-04T17:43:51","date_gmt":"2026-05-04T14:43:51","guid":{"rendered":"https:\/\/nirigs.com\/?post_type=product&#038;p=27883"},"modified":"2026-05-04T17:53:54","modified_gmt":"2026-05-04T14:53:54","slug":"nestle-cerelac-ble-avec-du-lait-des-6-mois-400-g","status":"publish","type":"product","link":"https:\/\/nirigs.com\/en\/product\/nestle-cerelac-ble-avec-du-lait-des-6-mois-400-g\/","title":{"rendered":"Nestl\u00e9 &#8211; Cerelac bl\u00e9 avec du lait d\u00e8s 6 mois &#8211; 400 g"},"content":{"rendered":"<p data-start=\"488\" data-end=\"792\">La c\u00e9r\u00e9ale infantile Cerelac bl\u00e9 avec lait d\u00e8s 6 mois 400 g de <span class=\"hover:entity-accent entity-underline inline cursor-pointer align-baseline\"><span class=\"whitespace-normal\">Nestl\u00e9<\/span><\/span> est con\u00e7ue pour accompagner les premi\u00e8res \u00e9tapes de la diversification alimentaire des b\u00e9b\u00e9s. Sa formule associe du bl\u00e9 et du lait pour offrir une alimentation adapt\u00e9e aux besoins des enfants d\u00e8s 6 mois.<\/p>\n<p data-start=\"794\" data-end=\"1027\">Facile \u00e0 pr\u00e9parer, ce produit permet de r\u00e9aliser rapidement un repas \u00e9quilibr\u00e9. Sa texture est sp\u00e9cialement con\u00e7ue pour \u00eatre consomm\u00e9e facilement par les tout-petits, favorisant une transition en douceur vers une alimentation vari\u00e9e.<\/p>\n<p data-start=\"1029\" data-end=\"1185\">Id\u00e9al pour le petit-d\u00e9jeuner ou le d\u00eener, Cerelac bl\u00e9 avec lait s\u2019int\u00e8gre parfaitement dans le quotidien des parents \u00e0 la recherche d\u2019une solution pratique.<\/p>\n<h2 data-section-id=\"10o42nf\" data-start=\"1192\" data-end=\"1233\">Les avantages du Cerelac bl\u00e9 avec lait<\/h2>\n<ul data-start=\"1235\" data-end=\"1436\">\n<li data-section-id=\"1asggz3\" data-start=\"1235\" data-end=\"1266\">Adapt\u00e9 aux b\u00e9b\u00e9s d\u00e8s 6 mois<\/li>\n<li data-section-id=\"1th3own\" data-start=\"1267\" data-end=\"1300\">Association de bl\u00e9 et de lait<\/li>\n<li data-section-id=\"v4bih5\" data-start=\"1301\" data-end=\"1333\">Pr\u00e9paration simple et rapide<\/li>\n<li data-section-id=\"11sbek0\" data-start=\"1334\" data-end=\"1372\">Texture adapt\u00e9e aux jeunes enfants<\/li>\n<li data-section-id=\"13da7q1\" data-start=\"1373\" data-end=\"1400\">Format \u00e9conomique 400 g<\/li>\n<li data-section-id=\"101ss5\" data-start=\"1401\" data-end=\"1436\">Id\u00e9al pour les repas quotidiens<\/li>\n<\/ul>\n<h2 data-section-id=\"ssla5e\" data-start=\"1443\" data-end=\"1467\">Apports nutritionnels<\/h2>\n<p data-start=\"1469\" data-end=\"1540\">Cette c\u00e9r\u00e9ale infantile contribue \u00e0 l\u2019apport de nutriments essentiels :<\/p>\n<ul data-start=\"1542\" data-end=\"1662\">\n<li data-section-id=\"1pgy566\" data-start=\"1542\" data-end=\"1577\">Source de vitamines et min\u00e9raux<\/li>\n<li data-section-id=\"6erb7e\" data-start=\"1578\" data-end=\"1619\">Con\u00e7ue pour accompagner la croissance<\/li>\n<li data-section-id=\"1u1d1b8\" data-start=\"1620\" data-end=\"1662\">Adapt\u00e9e \u00e0 une alimentation diversifi\u00e9e<\/li>\n<\/ul>\n<h2>Ingredients:<\/h2>\n<div id=\"nutritionalInfoAndIngredientsEU_feature_div\" class=\"celwidget\" data-feature-name=\"nutritionalInfoAndIngredientsEU\" data-csa-c-type=\"widget\" data-csa-c-content-id=\"nutritionalInfoAndIngredientsEU\" data-csa-c-slot-id=\"nutritionalInfoAndIngredientsEU_feature_div\" data-csa-c-asin=\"B002V7XZ0C\" data-csa-c-is-in-initial-active-row=\"false\" data-cel-widget=\"nutritionalInfoAndIngredientsEU_feature_div\" data-csa-c-id=\"ykja4b-i628me-4oq89j-ssn0bz\">\n<div class=\"celwidget c-f\" data-csa-op-log-render=\"\" data-csa-c-content-id=\"DsUnknown\" data-csa-c-slot-id=\"DsUnknown-4\" data-csa-c-type=\"widget\" data-csa-c-painter=\"cse-nutritional-info-and-ingredient-card-cards\" data-cel-widget=\"cse-nutritional-info-and-ingredient-card_DetailPage_3\" data-csa-c-id=\"a6qi4p-p1284t-oj5wuk-kls3pl\">\n<div id=\"CardInstance1qsQ3HZsI_j-CmB2V3_R1A\" class=\"_cse-nutritional-info-and-ingredient-card_style_nicSection__1KRrO\" data-card-metrics-id=\"cse-nutritional-info-and-ingredient-card_DetailPage_3\" data-acp-tracking=\"{}\" data-mix-claimed=\"true\">\n<div class=\"a-section a-spacing-none a-spacing-top-base nicDesktop\" data-metricssuffix=\"DSK\">\n<div class=\"a-row a-expander-container a-expander-section-container a-section-expander-container a-expander-borderless\" data-a-expander-name=\"nic-ingredients-expander\">\n<div class=\"a-expander-content a-expander-section-content a-section-expander-inner a-expander-content-expanded\" data-expanded=\"true\">\n<div id=\"nic-ingredients-content\" class=\"a-section a-spacing-none a-spacing-top-small\"><span class=\"a-size-base\">c\u00e9r\u00e9ales 53,4% (farine de\u00a0<\/span><span class=\"a-size-base a-text-bold\">bl\u00e9<\/span><span class=\"a-size-base\">\u00a0hydrolys\u00e9, Farine De\u00a0<\/span><span class=\"a-size-base a-text-bold\">Bl\u00e9<\/span><span class=\"a-size-base\">),\u00a0<\/span><span class=\"a-size-base a-text-bold\">Milk<\/span><span class=\"a-size-base\"> Ecr\u00e9m\u00e9 en Poudre 26,1%, Huiles v\u00e9g\u00e9tales (ol\u00e9ine de palme, colza, coprah, tournesol), caramel (sucre et eau), Maltodextrine, Min\u00e9raux ( Carbonate de calcium, fumarate de fer, sulfate de zinc, iodure de potassium), vitamines ( C, Niacine, E, Thiamine (B1), Pantoth\u00e9nate de calcium, A, B6, K, Acide Folique, Biotine, D), Ar\u00f4me (Vanilline), Culture de Probiotique (Bifidobacterium Lactis), ar\u00f4me.<\/span><\/div>\n<\/div>\n<\/div>\n<\/div>\n<\/div>\n<\/div>\n<\/div>\n<div data-feature-name=\"voyagerLegacyFallback_productOverview\" data-csa-c-type=\"widget\" data-csa-c-content-id=\"voyagerLegacyFallback_productOverview\" data-csa-c-slot-id=\"voyagerLegacyFallback_productOverview\" data-csa-c-asin=\"B002V7XZ0C\" data-csa-c-is-in-initial-active-row=\"false\" data-cel-widget=\"voyagerLegacyFallback_productOverview\" data-csa-c-id=\"bf00on-kr1xox-l7xjy0-1i8hdm\">\n<h2 data-section-id=\"1azcm7d\" data-start=\"1836\" data-end=\"1852\">Mode d\u2019emploi<\/h2>\n<ul data-start=\"1854\" data-end=\"2144\">\n<li data-section-id=\"1kwlgc\" data-start=\"1854\" data-end=\"1905\">Laver soigneusement les mains et les ustensiles<\/li>\n<li data-section-id=\"120u8e6\" data-start=\"1906\" data-end=\"1945\">Utiliser de l\u2019eau propre et potable<\/li>\n<li data-section-id=\"e0olob\" data-start=\"1946\" data-end=\"1986\">Verser la quantit\u00e9 d\u2019eau recommand\u00e9e<\/li>\n<li data-section-id=\"1rls4bb\" data-start=\"1987\" data-end=\"2022\">Ajouter la quantit\u00e9 de c\u00e9r\u00e9ales<\/li>\n<li data-section-id=\"shl4nb\" data-start=\"2023\" data-end=\"2072\">M\u00e9langer jusqu\u2019\u00e0 obtenir une texture homog\u00e8ne<\/li>\n<li data-section-id=\"xoupr1\" data-start=\"2073\" data-end=\"2116\">V\u00e9rifier la temp\u00e9rature avant de servir<\/li>\n<li data-section-id=\"j4xm9a\" data-start=\"2117\" data-end=\"2144\">Consommer imm\u00e9diatement<\/li>\n<\/ul>\n<h2 data-section-id=\"eqw8qz\" data-start=\"2151\" data-end=\"2178\">Conseils de conservation<\/h2>\n<p data-start=\"2180\" data-end=\"2286\">Store in a cool, dry place.<br data-start=\"2219\" data-end=\"2222\" \/>Apr\u00e8s ouverture, bien refermer et consommer dans les 4 semaines.<\/p>\n<h2 data-section-id=\"hzodnu\" data-start=\"2293\" data-end=\"2318\">Information importante<\/h2>\n<p data-start=\"2320\" data-end=\"2500\">Le lait maternel est l\u2019aliment id\u00e9al pour le nourrisson. Les c\u00e9r\u00e9ales infantiles compl\u00e8tent l\u2019alimentation \u00e0 partir de 6 mois dans le cadre d\u2019une alimentation vari\u00e9e et \u00e9quilibr\u00e9e.<\/p>\n<\/div>\n<div id=\"voyagerNorthstarATF\" class=\"celwidget\" data-feature-name=\"voyagerNorthstarATF\" data-csa-c-type=\"widget\" data-csa-c-content-id=\"voyagerNorthstarATF\" data-csa-c-slot-id=\"voyagerNorthstarATF\" data-csa-c-asin=\"B002V7XZ0C\" data-csa-c-is-in-initial-active-row=\"false\" data-cel-widget=\"voyagerNorthstarATF\" data-csa-c-id=\"bqt4ok-q9mepz-86a4wa-movd1p\">\n<div id=\"voyagerAccordian_feature_div\" class=\"celwidget\" data-feature-name=\"voyagerAccordian\" data-csa-c-type=\"widget\" data-csa-c-content-id=\"voyagerAccordian\" data-csa-c-slot-id=\"voyagerAccordian_feature_div\" data-csa-c-asin=\"B002V7XZ0C\" data-csa-c-is-in-initial-active-row=\"false\" data-cel-widget=\"voyagerAccordian_feature_div\" data-csa-c-id=\"7gevlm-caa20j-a4qekp-at9fxt\">\n<div class=\"a-section a-spacing-base a-spacing-top-base voyager-ns-desktop-expander-container\">\n<div class=\"a-section a-spacing-micro voyager-ns-desktop-expander-wrapper\">\n<div class=\"a-row a-expander-container a-expander-section-container voyager-ns-desktop-expander a-section-expander-container\"><\/div>\n<\/div>\n<\/div>\n<\/div>\n<\/div>\n<div id=\"nutritionalInfoAndIngredients_feature_div\" class=\"celwidget\" data-feature-name=\"nutritionalInfoAndIngredients\" data-csa-c-type=\"widget\" data-csa-c-content-id=\"nutritionalInfoAndIngredients\" data-csa-c-slot-id=\"nutritionalInfoAndIngredients_feature_div\" data-csa-c-asin=\"B002V7XZ0C\" data-csa-c-is-in-initial-active-row=\"false\" data-csa-c-id=\"dhobg8-pp31p5-msb0at-owu5fe\" data-cel-widget=\"nutritionalInfoAndIngredients_feature_div\">\n<div class=\"celwidget c-f\" data-csa-op-log-render=\"\" data-csa-c-content-id=\"DsUnknown\" data-csa-c-slot-id=\"DsUnknown-6\" data-csa-c-type=\"widget\" data-csa-c-painter=\"cse-nutritional-info-and-ingredient-card-cards\" data-csa-c-id=\"lii385-m6n1y-shzt03-n43o8h\" data-cel-widget=\"cse-nutritional-info-and-ingredient-card_DetailPage_5\">\n<div id=\"CardInstanceEU83chYVHieTbbnm_ZueZQ\" class=\"_cse-nutritional-info-and-ingredient-card_style_nicSection__1KRrO\" data-card-metrics-id=\"cse-nutritional-info-and-ingredient-card_DetailPage_5\" data-acp-tracking=\"{}\" data-mix-claimed=\"true\">\n<div class=\"a-section a-spacing-none a-spacing-top-base nicDesktop\" data-metricssuffix=\"DSK\">\n<div class=\"a-row a-expander-container a-expander-section-container a-section-expander-container a-expander-borderless\" data-a-expander-name=\"nic-ingredients-expander\">\n<div class=\"a-expander-content a-expander-section-content a-section-expander-inner a-expander-content-expanded\" data-expanded=\"true\"><\/div>\n<\/div>\n<\/div>\n<\/div>\n<\/div>\n<\/div>\n<div id=\"voyagerNorthstarATF\" class=\"celwidget\" data-feature-name=\"voyagerNorthstarATF\" data-csa-c-type=\"widget\" data-csa-c-content-id=\"voyagerNorthstarATF\" data-csa-c-slot-id=\"voyagerNorthstarATF\" data-csa-c-asin=\"B002V7XZ0C\" data-csa-c-is-in-initial-active-row=\"false\" data-csa-c-id=\"9bpp7v-52tzs0-35rhq8-e0bs5m\" data-cel-widget=\"voyagerNorthstarATF\">\n<div id=\"voyagerAccordian_feature_div\" class=\"celwidget\" data-feature-name=\"voyagerAccordian\" data-csa-c-type=\"widget\" data-csa-c-content-id=\"voyagerAccordian\" data-csa-c-slot-id=\"voyagerAccordian_feature_div\" data-csa-c-asin=\"B002V7XZ0C\" data-csa-c-is-in-initial-active-row=\"false\" data-csa-c-id=\"l3rmsi-udqhxt-kzgx1x-dgafoj\" data-cel-widget=\"voyagerAccordian_feature_div\">\n<div class=\"a-section a-spacing-base a-spacing-top-base voyager-ns-desktop-expander-container\">\n<div class=\"a-section a-spacing-micro voyager-ns-desktop-expander-wrapper\">\n<div class=\"a-row a-expander-container a-expander-section-container voyager-ns-desktop-expander a-section-expander-container\"><\/div>\n<\/div>\n<\/div>\n<\/div>\n<\/div>","protected":false},"excerpt":{"rendered":"<p>La c\u00e9r\u00e9ale infantile Cerelac bl\u00e9 avec lait d\u00e8s 6 mois 400 g de Nestl\u00e9 est con\u00e7ue pour accompagner les premi\u00e8res<\/p>","protected":false},"featured_media":27886,"comment_status":"open","ping_status":"closed","template":"","meta":[],"pwb-brand":[1366],"product_brand":[],"product_cat":[1060,274,275,1322],"product_tag":[],"class_list":{"0":"post-27883","1":"product","2":"type-product","3":"status-publish","4":"has-post-thumbnail","6":"pwb-brand-nestle-cerelac","7":"product_cat-alimentation-produits-bebes","8":"product_cat-bebe-et-famille","9":"product_cat-epicerie","10":"product_cat-petit-dejeuner","12":"first","13":"instock","14":"shipping-taxable","15":"purchasable","16":"product-type-simple"},"yoast_head":"<!-- This site is optimized with the Yoast SEO plugin v27.5 - https:\/\/yoast.com\/product\/yoast-seo-wordpress\/ -->\n<title>Nestl\u00e9 - Cerelac bl\u00e9 avec du lait d\u00e8s 6 mois - 400 g - NIRIGS<\/title>\n<meta name=\"description\" content=\"Commandez Nestl\u00e9 Cerelac bl\u00e9 avec lait 400g d\u00e8s 6 mois \u00e0 Djibouti. C\u00e9r\u00e9ales b\u00e9b\u00e9 pratiques et nutritives avec livraison fiable et rapide sur Nirigs.\" \/>\n<meta name=\"robots\" content=\"index, follow, max-snippet:-1, max-image-preview:large, max-video-preview:-1\" \/>\n<link rel=\"canonical\" href=\"https:\/\/nirigs.com\/en\/product\/nestle-cerelac-ble-avec-du-lait-des-6-mois-400-g\/\" \/>\n<meta property=\"og:locale\" content=\"en_US\" \/>\n<meta property=\"og:type\" content=\"article\" \/>\n<meta property=\"og:title\" content=\"Nestl\u00e9 - Cerelac bl\u00e9 avec du lait d\u00e8s 6 mois - 400 g - NIRIGS\" \/>\n<meta property=\"og:description\" content=\"Commandez Nestl\u00e9 Cerelac bl\u00e9 avec lait 400g d\u00e8s 6 mois \u00e0 Djibouti. C\u00e9r\u00e9ales b\u00e9b\u00e9 pratiques et nutritives avec livraison fiable et rapide sur Nirigs.\" \/>\n<meta property=\"og:url\" content=\"https:\/\/nirigs.com\/en\/product\/nestle-cerelac-ble-avec-du-lait-des-6-mois-400-g\/\" \/>\n<meta property=\"og:site_name\" content=\"NIRIGS\" \/>\n<meta property=\"article:modified_time\" content=\"2026-05-04T14:53:54+00:00\" \/>\n<meta property=\"og:image\" content=\"https:\/\/nirigs.com\/wp-content\/uploads\/2026\/05\/Nestle-Cerelac-ble-avec-du-lait-des-6-mois-400-g.png\" \/>\n\t<meta property=\"og:image:width\" content=\"1000\" \/>\n\t<meta property=\"og:image:height\" content=\"1000\" \/>\n\t<meta property=\"og:image:type\" content=\"image\/png\" \/>\n<meta name=\"twitter:card\" content=\"summary_large_image\" \/>\n<meta name=\"twitter:label1\" content=\"Est. reading time\" \/>\n\t<meta name=\"twitter:data1\" content=\"2 minutes\" \/>\n<script type=\"application\/ld+json\" class=\"yoast-schema-graph\">{\"@context\":\"https:\\\/\\\/schema.org\",\"@graph\":[{\"@type\":\"WebPage\",\"@id\":\"https:\\\/\\\/nirigs.com\\\/product\\\/nestle-cerelac-ble-avec-du-lait-des-6-mois-400-g\\\/\",\"url\":\"https:\\\/\\\/nirigs.com\\\/product\\\/nestle-cerelac-ble-avec-du-lait-des-6-mois-400-g\\\/\",\"name\":\"Nestl\u00e9 - Cerelac bl\u00e9 avec du lait d\u00e8s 6 mois - 400 g - NIRIGS\",\"isPartOf\":{\"@id\":\"https:\\\/\\\/nirigs.com\\\/#website\"},\"primaryImageOfPage\":{\"@id\":\"https:\\\/\\\/nirigs.com\\\/product\\\/nestle-cerelac-ble-avec-du-lait-des-6-mois-400-g\\\/#primaryimage\"},\"image\":{\"@id\":\"https:\\\/\\\/nirigs.com\\\/product\\\/nestle-cerelac-ble-avec-du-lait-des-6-mois-400-g\\\/#primaryimage\"},\"thumbnailUrl\":\"https:\\\/\\\/nirigs.com\\\/wp-content\\\/uploads\\\/2026\\\/05\\\/Nestle-Cerelac-ble-avec-du-lait-des-6-mois-400-g.png\",\"datePublished\":\"2026-05-04T14:43:51+00:00\",\"dateModified\":\"2026-05-04T14:53:54+00:00\",\"description\":\"Commandez Nestl\u00e9 Cerelac bl\u00e9 avec lait 400g d\u00e8s 6 mois \u00e0 Djibouti. C\u00e9r\u00e9ales b\u00e9b\u00e9 pratiques et nutritives avec livraison fiable et rapide sur Nirigs.\",\"breadcrumb\":{\"@id\":\"https:\\\/\\\/nirigs.com\\\/product\\\/nestle-cerelac-ble-avec-du-lait-des-6-mois-400-g\\\/#breadcrumb\"},\"inLanguage\":\"en-US\",\"potentialAction\":[{\"@type\":\"ReadAction\",\"target\":[\"https:\\\/\\\/nirigs.com\\\/product\\\/nestle-cerelac-ble-avec-du-lait-des-6-mois-400-g\\\/\"]}]},{\"@type\":\"ImageObject\",\"inLanguage\":\"en-US\",\"@id\":\"https:\\\/\\\/nirigs.com\\\/product\\\/nestle-cerelac-ble-avec-du-lait-des-6-mois-400-g\\\/#primaryimage\",\"url\":\"https:\\\/\\\/nirigs.com\\\/wp-content\\\/uploads\\\/2026\\\/05\\\/Nestle-Cerelac-ble-avec-du-lait-des-6-mois-400-g.png\",\"contentUrl\":\"https:\\\/\\\/nirigs.com\\\/wp-content\\\/uploads\\\/2026\\\/05\\\/Nestle-Cerelac-ble-avec-du-lait-des-6-mois-400-g.png\",\"width\":1000,\"height\":1000},{\"@type\":\"BreadcrumbList\",\"@id\":\"https:\\\/\\\/nirigs.com\\\/product\\\/nestle-cerelac-ble-avec-du-lait-des-6-mois-400-g\\\/#breadcrumb\",\"itemListElement\":[{\"@type\":\"ListItem\",\"position\":1,\"name\":\"Home\",\"item\":\"https:\\\/\\\/nirigs.com\\\/\"},{\"@type\":\"ListItem\",\"position\":2,\"name\":\"Parcourir\",\"item\":\"https:\\\/\\\/nirigs.com\\\/boutique\\\/\"},{\"@type\":\"ListItem\",\"position\":3,\"name\":\"Nestl\u00e9 &#8211; Cerelac bl\u00e9 avec du lait d\u00e8s 6 mois &#8211; 400 g\"}]},{\"@type\":\"WebSite\",\"@id\":\"https:\\\/\\\/nirigs.com\\\/#website\",\"url\":\"https:\\\/\\\/nirigs.com\\\/\",\"name\":\"Nirigs.com\",\"description\":\"Simplifiez vos achats du quotidien \u00e0 Djibouti\",\"publisher\":{\"@id\":\"https:\\\/\\\/nirigs.com\\\/#organization\"},\"potentialAction\":[{\"@type\":\"SearchAction\",\"target\":{\"@type\":\"EntryPoint\",\"urlTemplate\":\"https:\\\/\\\/nirigs.com\\\/?s={search_term_string}\"},\"query-input\":{\"@type\":\"PropertyValueSpecification\",\"valueRequired\":true,\"valueName\":\"search_term_string\"}}],\"inLanguage\":\"en-US\"},{\"@type\":\"Organization\",\"@id\":\"https:\\\/\\\/nirigs.com\\\/#organization\",\"name\":\"Nirigs\",\"url\":\"https:\\\/\\\/nirigs.com\\\/\",\"logo\":{\"@type\":\"ImageObject\",\"inLanguage\":\"en-US\",\"@id\":\"https:\\\/\\\/nirigs.com\\\/#\\\/schema\\\/logo\\\/image\\\/\",\"url\":\"https:\\\/\\\/nirigs.com\\\/wp-content\\\/uploads\\\/2025\\\/04\\\/Design-sans-titre-27.png\",\"contentUrl\":\"https:\\\/\\\/nirigs.com\\\/wp-content\\\/uploads\\\/2025\\\/04\\\/Design-sans-titre-27.png\",\"width\":500,\"height\":500,\"caption\":\"Nirigs\"},\"image\":{\"@id\":\"https:\\\/\\\/nirigs.com\\\/#\\\/schema\\\/logo\\\/image\\\/\"}}]}<\/script>\n<!-- \/ Yoast SEO plugin. -->","yoast_head_json":{"title":"Nestl\u00e9 - Cerelac bl\u00e9 avec du lait d\u00e8s 6 mois - 400 g - NIRIGS","description":"Commandez Nestl\u00e9 Cerelac bl\u00e9 avec lait 400g d\u00e8s 6 mois \u00e0 Djibouti. C\u00e9r\u00e9ales b\u00e9b\u00e9 pratiques et nutritives avec livraison fiable et rapide sur Nirigs.","robots":{"index":"index","follow":"follow","max-snippet":"max-snippet:-1","max-image-preview":"max-image-preview:large","max-video-preview":"max-video-preview:-1"},"canonical":"https:\/\/nirigs.com\/en\/product\/nestle-cerelac-ble-avec-du-lait-des-6-mois-400-g\/","og_locale":"en_US","og_type":"article","og_title":"Nestl\u00e9 - Cerelac bl\u00e9 avec du lait d\u00e8s 6 mois - 400 g - NIRIGS","og_description":"Commandez Nestl\u00e9 Cerelac bl\u00e9 avec lait 400g d\u00e8s 6 mois \u00e0 Djibouti. C\u00e9r\u00e9ales b\u00e9b\u00e9 pratiques et nutritives avec livraison fiable et rapide sur Nirigs.","og_url":"https:\/\/nirigs.com\/en\/product\/nestle-cerelac-ble-avec-du-lait-des-6-mois-400-g\/","og_site_name":"NIRIGS","article_modified_time":"2026-05-04T14:53:54+00:00","og_image":[{"width":1000,"height":1000,"url":"https:\/\/nirigs.com\/wp-content\/uploads\/2026\/05\/Nestle-Cerelac-ble-avec-du-lait-des-6-mois-400-g.png","type":"image\/png"}],"twitter_card":"summary_large_image","twitter_misc":{"Est. reading time":"2 minutes"},"schema":{"@context":"https:\/\/schema.org","@graph":[{"@type":"WebPage","@id":"https:\/\/nirigs.com\/product\/nestle-cerelac-ble-avec-du-lait-des-6-mois-400-g\/","url":"https:\/\/nirigs.com\/product\/nestle-cerelac-ble-avec-du-lait-des-6-mois-400-g\/","name":"Nestl\u00e9 - Cerelac bl\u00e9 avec du lait d\u00e8s 6 mois - 400 g - NIRIGS","isPartOf":{"@id":"https:\/\/nirigs.com\/#website"},"primaryImageOfPage":{"@id":"https:\/\/nirigs.com\/product\/nestle-cerelac-ble-avec-du-lait-des-6-mois-400-g\/#primaryimage"},"image":{"@id":"https:\/\/nirigs.com\/product\/nestle-cerelac-ble-avec-du-lait-des-6-mois-400-g\/#primaryimage"},"thumbnailUrl":"https:\/\/nirigs.com\/wp-content\/uploads\/2026\/05\/Nestle-Cerelac-ble-avec-du-lait-des-6-mois-400-g.png","datePublished":"2026-05-04T14:43:51+00:00","dateModified":"2026-05-04T14:53:54+00:00","description":"Commandez Nestl\u00e9 Cerelac bl\u00e9 avec lait 400g d\u00e8s 6 mois \u00e0 Djibouti. C\u00e9r\u00e9ales b\u00e9b\u00e9 pratiques et nutritives avec livraison fiable et rapide sur Nirigs.","breadcrumb":{"@id":"https:\/\/nirigs.com\/product\/nestle-cerelac-ble-avec-du-lait-des-6-mois-400-g\/#breadcrumb"},"inLanguage":"en-US","potentialAction":[{"@type":"ReadAction","target":["https:\/\/nirigs.com\/product\/nestle-cerelac-ble-avec-du-lait-des-6-mois-400-g\/"]}]},{"@type":"ImageObject","inLanguage":"en-US","@id":"https:\/\/nirigs.com\/product\/nestle-cerelac-ble-avec-du-lait-des-6-mois-400-g\/#primaryimage","url":"https:\/\/nirigs.com\/wp-content\/uploads\/2026\/05\/Nestle-Cerelac-ble-avec-du-lait-des-6-mois-400-g.png","contentUrl":"https:\/\/nirigs.com\/wp-content\/uploads\/2026\/05\/Nestle-Cerelac-ble-avec-du-lait-des-6-mois-400-g.png","width":1000,"height":1000},{"@type":"BreadcrumbList","@id":"https:\/\/nirigs.com\/product\/nestle-cerelac-ble-avec-du-lait-des-6-mois-400-g\/#breadcrumb","itemListElement":[{"@type":"ListItem","position":1,"name":"Home","item":"https:\/\/nirigs.com\/"},{"@type":"ListItem","position":2,"name":"Parcourir","item":"https:\/\/nirigs.com\/boutique\/"},{"@type":"ListItem","position":3,"name":"Nestl\u00e9 &#8211; Cerelac bl\u00e9 avec du lait d\u00e8s 6 mois &#8211; 400 g"}]},{"@type":"WebSite","@id":"https:\/\/nirigs.com\/#website","url":"https:\/\/nirigs.com\/","name":"Nirigs.com","description":"Simplifiez vos achats du quotidien \u00e0 Djibouti","publisher":{"@id":"https:\/\/nirigs.com\/#organization"},"potentialAction":[{"@type":"SearchAction","target":{"@type":"EntryPoint","urlTemplate":"https:\/\/nirigs.com\/?s={search_term_string}"},"query-input":{"@type":"PropertyValueSpecification","valueRequired":true,"valueName":"search_term_string"}}],"inLanguage":"en-US"},{"@type":"Organization","@id":"https:\/\/nirigs.com\/#organization","name":"Nirigs","url":"https:\/\/nirigs.com\/","logo":{"@type":"ImageObject","inLanguage":"en-US","@id":"https:\/\/nirigs.com\/#\/schema\/logo\/image\/","url":"https:\/\/nirigs.com\/wp-content\/uploads\/2025\/04\/Design-sans-titre-27.png","contentUrl":"https:\/\/nirigs.com\/wp-content\/uploads\/2025\/04\/Design-sans-titre-27.png","width":500,"height":500,"caption":"Nirigs"},"image":{"@id":"https:\/\/nirigs.com\/#\/schema\/logo\/image\/"}}]}},"brands":[{"id":1366,"name":"Nestl\u00e9 - Cerelac","slug":"nestle-cerelac"}],"_links":{"self":[{"href":"https:\/\/nirigs.com\/en\/wp-json\/wp\/v2\/product\/27883","targetHints":{"allow":["GET"]}}],"collection":[{"href":"https:\/\/nirigs.com\/en\/wp-json\/wp\/v2\/product"}],"about":[{"href":"https:\/\/nirigs.com\/en\/wp-json\/wp\/v2\/types\/product"}],"replies":[{"embeddable":true,"href":"https:\/\/nirigs.com\/en\/wp-json\/wp\/v2\/comments?post=27883"}],"version-history":[{"count":7,"href":"https:\/\/nirigs.com\/en\/wp-json\/wp\/v2\/product\/27883\/revisions"}],"predecessor-version":[{"id":27885,"href":"https:\/\/nirigs.com\/en\/wp-json\/wp\/v2\/product\/27883\/revisions\/27885"}],"wp:featuredmedia":[{"embeddable":true,"href":"https:\/\/nirigs.com\/en\/wp-json\/wp\/v2\/media\/27886"}],"wp:attachment":[{"href":"https:\/\/nirigs.com\/en\/wp-json\/wp\/v2\/media?parent=27883"}],"wp:term":[{"taxonomy":"pwb-brand","embeddable":true,"href":"https:\/\/nirigs.com\/en\/wp-json\/wp\/v2\/pwb-brand?post=27883"},{"taxonomy":"product_brand","embeddable":true,"href":"https:\/\/nirigs.com\/en\/wp-json\/wp\/v2\/product_brand?post=27883"},{"taxonomy":"product_cat","embeddable":true,"href":"https:\/\/nirigs.com\/en\/wp-json\/wp\/v2\/product_cat?post=27883"},{"taxonomy":"product_tag","embeddable":true,"href":"https:\/\/nirigs.com\/en\/wp-json\/wp\/v2\/product_tag?post=27883"}],"curies":[{"name":"wp","href":"https:\/\/api.w.org\/{rel}","templated":true}]}}