{"id":27871,"date":"2026-05-03T18:52:09","date_gmt":"2026-05-03T15:52:09","guid":{"rendered":"https:\/\/nirigs.com\/?post_type=product&#038;p=27871"},"modified":"2026-05-03T19:02:16","modified_gmt":"2026-05-03T16:02:16","slug":"nestle-cerelac-fruits-avec-du-lait-6mois-400-g","status":"publish","type":"product","link":"https:\/\/nirigs.com\/en\/product\/nestle-cerelac-fruits-avec-du-lait-6mois-400-g\/","title":{"rendered":"Nestl\u00e9 &#8211; Cerelac fruits avec du lait d\u00e8s 6 mois &#8211; 400 g"},"content":{"rendered":"<p data-start=\"445\" data-end=\"748\">La c\u00e9r\u00e9ale infantile Cerelac fruits avec lait d\u00e8s 6 mois de <span class=\"hover:entity-accent entity-underline inline cursor-pointer align-baseline\"><span class=\"whitespace-normal\">Nestl\u00e9<\/span><\/span> est une solution pratique et adapt\u00e9e pour accompagner la diversification alimentaire des b\u00e9b\u00e9s. Sa recette associe des c\u00e9r\u00e9ales, du lait et des fruits pour offrir une alimentation \u00e9quilibr\u00e9e et savoureuse.<\/p>\n<p data-start=\"750\" data-end=\"941\">Facile \u00e0 pr\u00e9parer, ce produit permet de r\u00e9aliser rapidement un repas adapt\u00e9 aux besoins des tout-petits. Sa texture est con\u00e7ue pour \u00eatre facilement consomm\u00e9e par les b\u00e9b\u00e9s \u00e0 partir de 6 mois.<\/p>\n<p data-start=\"943\" data-end=\"1073\">Id\u00e9al pour le petit-d\u00e9jeuner ou les repas du soir, Cerelac fruits avec lait s\u2019int\u00e8gre naturellement dans le quotidien des parents.<\/p>\n<h2 data-section-id=\"fk4og3\" data-start=\"1080\" data-end=\"1124\">Les avantages du Cerelac fruits avec lait<\/h2>\n<ul data-start=\"1126\" data-end=\"1309\">\n<li data-section-id=\"1asggz3\" data-start=\"1126\" data-end=\"1157\">Adapt\u00e9 aux b\u00e9b\u00e9s d\u00e8s 6 mois<\/li>\n<li data-section-id=\"1aivxq0\" data-start=\"1158\" data-end=\"1201\">Association de c\u00e9r\u00e9ales, lait et fruits<\/li>\n<li data-section-id=\"v4bih5\" data-start=\"1202\" data-end=\"1234\">Pr\u00e9paration simple et rapide<\/li>\n<li data-section-id=\"11sbek0\" data-start=\"1235\" data-end=\"1273\">Texture adapt\u00e9e aux jeunes enfants<\/li>\n<li data-section-id=\"101ss5\" data-start=\"1274\" data-end=\"1309\">Id\u00e9al pour les repas quotidiens<\/li>\n<\/ul>\n<h2 data-section-id=\"ssla5e\" data-start=\"1316\" data-end=\"1340\">Apports nutritionnels<\/h2>\n<p data-start=\"1342\" data-end=\"1432\">Cette c\u00e9r\u00e9ale infantile contribue \u00e0 l\u2019apport de nutriments essentiels pour la croissance :<\/p>\n<ul data-start=\"1434\" data-end=\"1604\">\n<li data-section-id=\"jgkjk2\" data-start=\"1434\" data-end=\"1470\">Source de vitamines essentielles<\/li>\n<li data-section-id=\"1xcjuo3\" data-start=\"1471\" data-end=\"1504\">Apport en min\u00e9raux importants<\/li>\n<li data-section-id=\"je5r0o\" data-start=\"1505\" data-end=\"1561\">Con\u00e7ue pour accompagner le d\u00e9veloppement de l\u2019enfant<\/li>\n<li data-section-id=\"1u1d1b8\" data-start=\"1562\" data-end=\"1604\">Adapt\u00e9e \u00e0 une alimentation diversifi\u00e9e<\/li>\n<\/ul>\n<h2 data-section-id=\"16oo88v\" data-start=\"82\" data-end=\"96\">Ingredients:<\/h2>\n<p data-start=\"98\" data-end=\"671\">C\u00e9r\u00e9ales 57 % (farine de BL\u00c9 hydrolys\u00e9e, farine de BL\u00c9), poudre de LAIT \u00e9cr\u00e9m\u00e9 25 %, huiles v\u00e9g\u00e9tales (colza, tournesol), banane d\u00e9shydrat\u00e9e 7 %, pomme d\u00e9shydrat\u00e9e 0,8 % (pomme, \u00e9mulsifiant : l\u00e9cithine), orange d\u00e9shydrat\u00e9e 0,8 %, carbonate de calcium, vitamine C, fumarate ferreux, ar\u00f4me (vanilline), niacine (vitamine B3), sulfate de zinc, vitamine E, thiamine (vitamine B1), acide pantoth\u00e9nique (vitamine B5), vitamine A, vitamine B6, vitamine K, acide folique, biotine, vitamine D, iodure de potassium, antioxydants (extrait riche en tocoph\u00e9rols, palmitate d\u2019ascorbyle).<\/p>\n<h2 data-section-id=\"16dnkas\" data-start=\"678\" data-end=\"691\">Allerg\u00e8nes<\/h2>\n<p data-start=\"693\" data-end=\"729\">Contient du gluten (BL\u00c9) et du lait.<\/p>\n<h2 data-section-id=\"1azcm7d\" data-start=\"77\" data-end=\"93\">Mode d\u2019emploi<\/h2>\n<ol data-start=\"95\" data-end=\"450\">\n<li data-section-id=\"5mxh4l\" data-start=\"95\" data-end=\"207\">Lavez-vous les mains avant de pr\u00e9parer le repas de b\u00e9b\u00e9 et assurez-vous que tous les ustensiles sont propres.<\/li>\n<li data-section-id=\"1f1j8e9\" data-start=\"209\" data-end=\"323\">Faites bouillir de l\u2019eau potable, puis laissez-la refroidir. Versez 75 ml d\u2019eau ti\u00e8de dans un r\u00e9cipient propre.<\/li>\n<li data-section-id=\"1vu8sik\" data-start=\"325\" data-end=\"353\">Ajoutez 25 g de CERELAC\u00ae.<\/li>\n<li data-section-id=\"7q7bip\" data-start=\"355\" data-end=\"450\">M\u00e9langez jusqu\u2019\u00e0 obtenir une texture lisse, v\u00e9rifiez la temp\u00e9rature et servez imm\u00e9diatement.<\/li>\n<\/ol>\n<h2 data-section-id=\"wnurfd\" data-start=\"457\" data-end=\"482\">Conseils d\u2019utilisation<\/h2>\n<p data-start=\"484\" data-end=\"639\">Au d\u00e9but de la diversification alimentaire, utilisez de petites quantit\u00e9s.<br data-start=\"558\" data-end=\"561\" \/>Augmentez progressivement les portions en fonction de l\u2019app\u00e9tit de votre b\u00e9b\u00e9.<\/p>\n<p data-start=\"641\" data-end=\"684\">Ne conservez pas les restes apr\u00e8s le repas.<\/p>\n<h2 data-section-id=\"lr85t4\" data-start=\"691\" data-end=\"706\">Conservation<\/h2>\n<p data-start=\"708\" data-end=\"851\">Bien refermer la bo\u00eete apr\u00e8s chaque utilisation.<br data-start=\"756\" data-end=\"759\" \/>Store in a cool, dry place.<br data-start=\"798\" data-end=\"801\" \/>Consommer dans les 4 semaines suivant l\u2019ouverture.<\/p>","protected":false},"excerpt":{"rendered":"<p>La c\u00e9r\u00e9ale infantile Cerelac fruits avec lait d\u00e8s 6 mois de Nestl\u00e9 est une solution pratique et adapt\u00e9e pour accompagner<\/p>","protected":false},"featured_media":27874,"comment_status":"open","ping_status":"closed","template":"","meta":[],"pwb-brand":[1366],"product_brand":[],"product_cat":[1060,274,275,1322],"product_tag":[],"class_list":{"0":"post-27871","1":"product","2":"type-product","3":"status-publish","4":"has-post-thumbnail","6":"pwb-brand-nestle-cerelac","7":"product_cat-alimentation-produits-bebes","8":"product_cat-bebe-et-famille","9":"product_cat-epicerie","10":"product_cat-petit-dejeuner","12":"first","13":"instock","14":"shipping-taxable","15":"purchasable","16":"product-type-simple"},"yoast_head":"<!-- This site is optimized with the Yoast SEO plugin v27.5 - https:\/\/yoast.com\/product\/yoast-seo-wordpress\/ -->\n<title>Nestl\u00e9 - Cerelac fruits avec du lait d\u00e8s 6 mois - 400 g - NIRIGS<\/title>\n<meta name=\"description\" content=\"Commandez Nestl\u00e9 Cerelac fruits avec lait d\u00e8s 6 mois \u00e0 Djibouti. C\u00e9r\u00e9ales b\u00e9b\u00e9 pratiques et nutritives avec livraison rapide et fiable sur Nirigs.\" \/>\n<meta name=\"robots\" content=\"index, follow, max-snippet:-1, max-image-preview:large, max-video-preview:-1\" \/>\n<link rel=\"canonical\" href=\"https:\/\/nirigs.com\/en\/product\/nestle-cerelac-fruits-avec-du-lait-6mois-400-g\/\" \/>\n<meta property=\"og:locale\" content=\"en_US\" \/>\n<meta property=\"og:type\" content=\"article\" \/>\n<meta property=\"og:title\" content=\"Nestl\u00e9 - Cerelac fruits avec du lait d\u00e8s 6 mois - 400 g - NIRIGS\" \/>\n<meta property=\"og:description\" content=\"Commandez Nestl\u00e9 Cerelac fruits avec lait d\u00e8s 6 mois \u00e0 Djibouti. C\u00e9r\u00e9ales b\u00e9b\u00e9 pratiques et nutritives avec livraison rapide et fiable sur Nirigs.\" \/>\n<meta property=\"og:url\" content=\"https:\/\/nirigs.com\/en\/product\/nestle-cerelac-fruits-avec-du-lait-6mois-400-g\/\" \/>\n<meta property=\"og:site_name\" content=\"NIRIGS\" \/>\n<meta property=\"article:modified_time\" content=\"2026-05-03T16:02:16+00:00\" \/>\n<meta property=\"og:image\" content=\"https:\/\/nirigs.com\/wp-content\/uploads\/2026\/05\/Nestle-Cerelac-fruits-avec-du-lait-400-g-1.png\" \/>\n\t<meta property=\"og:image:width\" content=\"1000\" \/>\n\t<meta property=\"og:image:height\" content=\"1000\" \/>\n\t<meta property=\"og:image:type\" content=\"image\/png\" \/>\n<meta name=\"twitter:card\" content=\"summary_large_image\" \/>\n<meta name=\"twitter:label1\" content=\"Est. reading time\" \/>\n\t<meta name=\"twitter:data1\" content=\"3 minutes\" \/>\n<script type=\"application\/ld+json\" class=\"yoast-schema-graph\">{\"@context\":\"https:\\\/\\\/schema.org\",\"@graph\":[{\"@type\":\"WebPage\",\"@id\":\"https:\\\/\\\/nirigs.com\\\/product\\\/nestle-cerelac-fruits-avec-du-lait-6mois-400-g\\\/\",\"url\":\"https:\\\/\\\/nirigs.com\\\/product\\\/nestle-cerelac-fruits-avec-du-lait-6mois-400-g\\\/\",\"name\":\"Nestl\u00e9 - Cerelac fruits avec du lait d\u00e8s 6 mois - 400 g - NIRIGS\",\"isPartOf\":{\"@id\":\"https:\\\/\\\/nirigs.com\\\/#website\"},\"primaryImageOfPage\":{\"@id\":\"https:\\\/\\\/nirigs.com\\\/product\\\/nestle-cerelac-fruits-avec-du-lait-6mois-400-g\\\/#primaryimage\"},\"image\":{\"@id\":\"https:\\\/\\\/nirigs.com\\\/product\\\/nestle-cerelac-fruits-avec-du-lait-6mois-400-g\\\/#primaryimage\"},\"thumbnailUrl\":\"https:\\\/\\\/nirigs.com\\\/wp-content\\\/uploads\\\/2026\\\/05\\\/Nestle-Cerelac-fruits-avec-du-lait-400-g-1.png\",\"datePublished\":\"2026-05-03T15:52:09+00:00\",\"dateModified\":\"2026-05-03T16:02:16+00:00\",\"description\":\"Commandez Nestl\u00e9 Cerelac fruits avec lait d\u00e8s 6 mois \u00e0 Djibouti. C\u00e9r\u00e9ales b\u00e9b\u00e9 pratiques et nutritives avec livraison rapide et fiable sur Nirigs.\",\"breadcrumb\":{\"@id\":\"https:\\\/\\\/nirigs.com\\\/product\\\/nestle-cerelac-fruits-avec-du-lait-6mois-400-g\\\/#breadcrumb\"},\"inLanguage\":\"en-US\",\"potentialAction\":[{\"@type\":\"ReadAction\",\"target\":[\"https:\\\/\\\/nirigs.com\\\/product\\\/nestle-cerelac-fruits-avec-du-lait-6mois-400-g\\\/\"]}]},{\"@type\":\"ImageObject\",\"inLanguage\":\"en-US\",\"@id\":\"https:\\\/\\\/nirigs.com\\\/product\\\/nestle-cerelac-fruits-avec-du-lait-6mois-400-g\\\/#primaryimage\",\"url\":\"https:\\\/\\\/nirigs.com\\\/wp-content\\\/uploads\\\/2026\\\/05\\\/Nestle-Cerelac-fruits-avec-du-lait-400-g-1.png\",\"contentUrl\":\"https:\\\/\\\/nirigs.com\\\/wp-content\\\/uploads\\\/2026\\\/05\\\/Nestle-Cerelac-fruits-avec-du-lait-400-g-1.png\",\"width\":1000,\"height\":1000},{\"@type\":\"BreadcrumbList\",\"@id\":\"https:\\\/\\\/nirigs.com\\\/product\\\/nestle-cerelac-fruits-avec-du-lait-6mois-400-g\\\/#breadcrumb\",\"itemListElement\":[{\"@type\":\"ListItem\",\"position\":1,\"name\":\"Home\",\"item\":\"https:\\\/\\\/nirigs.com\\\/\"},{\"@type\":\"ListItem\",\"position\":2,\"name\":\"Parcourir\",\"item\":\"https:\\\/\\\/nirigs.com\\\/boutique\\\/\"},{\"@type\":\"ListItem\",\"position\":3,\"name\":\"Nestl\u00e9 &#8211; Cerelac fruits avec du lait d\u00e8s 6 mois &#8211; 400 g\"}]},{\"@type\":\"WebSite\",\"@id\":\"https:\\\/\\\/nirigs.com\\\/#website\",\"url\":\"https:\\\/\\\/nirigs.com\\\/\",\"name\":\"Nirigs.com\",\"description\":\"Simplifiez vos achats du quotidien \u00e0 Djibouti\",\"publisher\":{\"@id\":\"https:\\\/\\\/nirigs.com\\\/#organization\"},\"potentialAction\":[{\"@type\":\"SearchAction\",\"target\":{\"@type\":\"EntryPoint\",\"urlTemplate\":\"https:\\\/\\\/nirigs.com\\\/?s={search_term_string}\"},\"query-input\":{\"@type\":\"PropertyValueSpecification\",\"valueRequired\":true,\"valueName\":\"search_term_string\"}}],\"inLanguage\":\"en-US\"},{\"@type\":\"Organization\",\"@id\":\"https:\\\/\\\/nirigs.com\\\/#organization\",\"name\":\"Nirigs\",\"url\":\"https:\\\/\\\/nirigs.com\\\/\",\"logo\":{\"@type\":\"ImageObject\",\"inLanguage\":\"en-US\",\"@id\":\"https:\\\/\\\/nirigs.com\\\/#\\\/schema\\\/logo\\\/image\\\/\",\"url\":\"https:\\\/\\\/nirigs.com\\\/wp-content\\\/uploads\\\/2025\\\/04\\\/Design-sans-titre-27.png\",\"contentUrl\":\"https:\\\/\\\/nirigs.com\\\/wp-content\\\/uploads\\\/2025\\\/04\\\/Design-sans-titre-27.png\",\"width\":500,\"height\":500,\"caption\":\"Nirigs\"},\"image\":{\"@id\":\"https:\\\/\\\/nirigs.com\\\/#\\\/schema\\\/logo\\\/image\\\/\"}}]}<\/script>\n<!-- \/ Yoast SEO plugin. -->","yoast_head_json":{"title":"Nestl\u00e9 - Cerelac fruits avec du lait d\u00e8s 6 mois - 400 g - NIRIGS","description":"Commandez Nestl\u00e9 Cerelac fruits avec lait d\u00e8s 6 mois \u00e0 Djibouti. C\u00e9r\u00e9ales b\u00e9b\u00e9 pratiques et nutritives avec livraison rapide et fiable sur Nirigs.","robots":{"index":"index","follow":"follow","max-snippet":"max-snippet:-1","max-image-preview":"max-image-preview:large","max-video-preview":"max-video-preview:-1"},"canonical":"https:\/\/nirigs.com\/en\/product\/nestle-cerelac-fruits-avec-du-lait-6mois-400-g\/","og_locale":"en_US","og_type":"article","og_title":"Nestl\u00e9 - Cerelac fruits avec du lait d\u00e8s 6 mois - 400 g - NIRIGS","og_description":"Commandez Nestl\u00e9 Cerelac fruits avec lait d\u00e8s 6 mois \u00e0 Djibouti. C\u00e9r\u00e9ales b\u00e9b\u00e9 pratiques et nutritives avec livraison rapide et fiable sur Nirigs.","og_url":"https:\/\/nirigs.com\/en\/product\/nestle-cerelac-fruits-avec-du-lait-6mois-400-g\/","og_site_name":"NIRIGS","article_modified_time":"2026-05-03T16:02:16+00:00","og_image":[{"width":1000,"height":1000,"url":"https:\/\/nirigs.com\/wp-content\/uploads\/2026\/05\/Nestle-Cerelac-fruits-avec-du-lait-400-g-1.png","type":"image\/png"}],"twitter_card":"summary_large_image","twitter_misc":{"Est. reading time":"3 minutes"},"schema":{"@context":"https:\/\/schema.org","@graph":[{"@type":"WebPage","@id":"https:\/\/nirigs.com\/product\/nestle-cerelac-fruits-avec-du-lait-6mois-400-g\/","url":"https:\/\/nirigs.com\/product\/nestle-cerelac-fruits-avec-du-lait-6mois-400-g\/","name":"Nestl\u00e9 - Cerelac fruits avec du lait d\u00e8s 6 mois - 400 g - NIRIGS","isPartOf":{"@id":"https:\/\/nirigs.com\/#website"},"primaryImageOfPage":{"@id":"https:\/\/nirigs.com\/product\/nestle-cerelac-fruits-avec-du-lait-6mois-400-g\/#primaryimage"},"image":{"@id":"https:\/\/nirigs.com\/product\/nestle-cerelac-fruits-avec-du-lait-6mois-400-g\/#primaryimage"},"thumbnailUrl":"https:\/\/nirigs.com\/wp-content\/uploads\/2026\/05\/Nestle-Cerelac-fruits-avec-du-lait-400-g-1.png","datePublished":"2026-05-03T15:52:09+00:00","dateModified":"2026-05-03T16:02:16+00:00","description":"Commandez Nestl\u00e9 Cerelac fruits avec lait d\u00e8s 6 mois \u00e0 Djibouti. C\u00e9r\u00e9ales b\u00e9b\u00e9 pratiques et nutritives avec livraison rapide et fiable sur Nirigs.","breadcrumb":{"@id":"https:\/\/nirigs.com\/product\/nestle-cerelac-fruits-avec-du-lait-6mois-400-g\/#breadcrumb"},"inLanguage":"en-US","potentialAction":[{"@type":"ReadAction","target":["https:\/\/nirigs.com\/product\/nestle-cerelac-fruits-avec-du-lait-6mois-400-g\/"]}]},{"@type":"ImageObject","inLanguage":"en-US","@id":"https:\/\/nirigs.com\/product\/nestle-cerelac-fruits-avec-du-lait-6mois-400-g\/#primaryimage","url":"https:\/\/nirigs.com\/wp-content\/uploads\/2026\/05\/Nestle-Cerelac-fruits-avec-du-lait-400-g-1.png","contentUrl":"https:\/\/nirigs.com\/wp-content\/uploads\/2026\/05\/Nestle-Cerelac-fruits-avec-du-lait-400-g-1.png","width":1000,"height":1000},{"@type":"BreadcrumbList","@id":"https:\/\/nirigs.com\/product\/nestle-cerelac-fruits-avec-du-lait-6mois-400-g\/#breadcrumb","itemListElement":[{"@type":"ListItem","position":1,"name":"Home","item":"https:\/\/nirigs.com\/"},{"@type":"ListItem","position":2,"name":"Parcourir","item":"https:\/\/nirigs.com\/boutique\/"},{"@type":"ListItem","position":3,"name":"Nestl\u00e9 &#8211; Cerelac fruits avec du lait d\u00e8s 6 mois &#8211; 400 g"}]},{"@type":"WebSite","@id":"https:\/\/nirigs.com\/#website","url":"https:\/\/nirigs.com\/","name":"Nirigs.com","description":"Simplifiez vos achats du quotidien \u00e0 Djibouti","publisher":{"@id":"https:\/\/nirigs.com\/#organization"},"potentialAction":[{"@type":"SearchAction","target":{"@type":"EntryPoint","urlTemplate":"https:\/\/nirigs.com\/?s={search_term_string}"},"query-input":{"@type":"PropertyValueSpecification","valueRequired":true,"valueName":"search_term_string"}}],"inLanguage":"en-US"},{"@type":"Organization","@id":"https:\/\/nirigs.com\/#organization","name":"Nirigs","url":"https:\/\/nirigs.com\/","logo":{"@type":"ImageObject","inLanguage":"en-US","@id":"https:\/\/nirigs.com\/#\/schema\/logo\/image\/","url":"https:\/\/nirigs.com\/wp-content\/uploads\/2025\/04\/Design-sans-titre-27.png","contentUrl":"https:\/\/nirigs.com\/wp-content\/uploads\/2025\/04\/Design-sans-titre-27.png","width":500,"height":500,"caption":"Nirigs"},"image":{"@id":"https:\/\/nirigs.com\/#\/schema\/logo\/image\/"}}]}},"brands":[{"id":1366,"name":"Nestl\u00e9 - Cerelac","slug":"nestle-cerelac"}],"_links":{"self":[{"href":"https:\/\/nirigs.com\/en\/wp-json\/wp\/v2\/product\/27871","targetHints":{"allow":["GET"]}}],"collection":[{"href":"https:\/\/nirigs.com\/en\/wp-json\/wp\/v2\/product"}],"about":[{"href":"https:\/\/nirigs.com\/en\/wp-json\/wp\/v2\/types\/product"}],"replies":[{"embeddable":true,"href":"https:\/\/nirigs.com\/en\/wp-json\/wp\/v2\/comments?post=27871"}],"version-history":[{"count":3,"href":"https:\/\/nirigs.com\/en\/wp-json\/wp\/v2\/product\/27871\/revisions"}],"predecessor-version":[{"id":27878,"href":"https:\/\/nirigs.com\/en\/wp-json\/wp\/v2\/product\/27871\/revisions\/27878"}],"wp:featuredmedia":[{"embeddable":true,"href":"https:\/\/nirigs.com\/en\/wp-json\/wp\/v2\/media\/27874"}],"wp:attachment":[{"href":"https:\/\/nirigs.com\/en\/wp-json\/wp\/v2\/media?parent=27871"}],"wp:term":[{"taxonomy":"pwb-brand","embeddable":true,"href":"https:\/\/nirigs.com\/en\/wp-json\/wp\/v2\/pwb-brand?post=27871"},{"taxonomy":"product_brand","embeddable":true,"href":"https:\/\/nirigs.com\/en\/wp-json\/wp\/v2\/product_brand?post=27871"},{"taxonomy":"product_cat","embeddable":true,"href":"https:\/\/nirigs.com\/en\/wp-json\/wp\/v2\/product_cat?post=27871"},{"taxonomy":"product_tag","embeddable":true,"href":"https:\/\/nirigs.com\/en\/wp-json\/wp\/v2\/product_tag?post=27871"}],"curies":[{"name":"wp","href":"https:\/\/api.w.org\/{rel}","templated":true}]}}