{"id":27849,"date":"2026-04-29T18:26:52","date_gmt":"2026-04-29T15:26:52","guid":{"rendered":"https:\/\/nirigs.com\/?post_type=product&#038;p=27849"},"modified":"2026-04-29T20:03:17","modified_gmt":"2026-04-29T17:03:17","slug":"bledina-bledine-lactee-croissance-6-a-36-mois-250-g","status":"publish","type":"product","link":"https:\/\/nirigs.com\/en\/product\/bledina-bledine-lactee-croissance-6-a-36-mois-250-g\/","title":{"rendered":"Bl\u00e9dina &#8211; Bledine lact\u00e9e croissance 6 \u00e0 36 mois &#8211; 250 g"},"content":{"rendered":"<div class=\"text sm\">\n<div id=\"text-9932b881e2\" class=\"cmp-text\">\n<p data-start=\"186\" data-end=\"507\">Visit <strong data-start=\"189\" data-end=\"277\">Bl\u00e9dine lact\u00e9e croissance 6 \u00e0 36 mois 250 g de <span class=\"hover:entity-accent entity-underline inline cursor-pointer align-baseline\"><span class=\"whitespace-normal\">Bl\u00e9dina<\/span><\/span><\/strong> est une pr\u00e9paration sp\u00e9cialement con\u00e7ue pour accompagner l\u2019alimentation des b\u00e9b\u00e9s d\u00e8s 6 mois. Adapt\u00e9e aux besoins des jeunes enfants, elle s\u2019int\u00e8gre facilement dans les repas du quotidien, notamment au petit-d\u00e9jeuner ou au d\u00eener.<\/p>\n<p data-start=\"509\" data-end=\"754\">Sa texture douce et adapt\u00e9e permet une pr\u00e9paration rapide et pratique, id\u00e9ale pour les parents souhaitant une solution simple et fiable. Cette Bl\u00e9dine lact\u00e9e croissance constitue un compl\u00e9ment adapt\u00e9 dans le cadre d\u2019une alimentation diversifi\u00e9e.<\/p>\n<h2 data-section-id=\"5lgnpi\" data-start=\"761\" data-end=\"809\">Les avantages de la Bl\u00e9dine lact\u00e9e croissance<\/h2>\n<ul data-start=\"811\" data-end=\"981\">\n<li data-section-id=\"1s5bj47\" data-start=\"811\" data-end=\"849\">Adapt\u00e9e aux enfants de 6 \u00e0 36 mois<\/li>\n<li data-section-id=\"v4bih5\" data-start=\"850\" data-end=\"882\">Pr\u00e9paration simple et rapide<\/li>\n<li data-section-id=\"1pc6ak\" data-start=\"883\" data-end=\"918\">Texture douce adapt\u00e9e aux b\u00e9b\u00e9s<\/li>\n<li data-section-id=\"1o71dyc\" data-start=\"919\" data-end=\"944\">Format pratique 250 g<\/li>\n<li data-section-id=\"k3uc8g\" data-start=\"945\" data-end=\"981\">Id\u00e9ale pour les repas quotidiens<\/li>\n<\/ul>\n<h2 data-section-id=\"mi2fhn\" data-start=\"988\" data-end=\"1023\">Apports nutritionnels essentiels<\/h2>\n<p data-start=\"1025\" data-end=\"1117\">Ces c\u00e9r\u00e9ales infantiles contribuent \u00e0 l\u2019apport de nutriments importants pour la croissance :<\/p>\n<ul data-start=\"1119\" data-end=\"1465\">\n<li data-section-id=\"xvpnai\" data-start=\"1119\" data-end=\"1175\">Riches en vitamines (A, D, E, C, B1, B3, B6, B8, B5)<\/li>\n<li data-section-id=\"rbn6yd\" data-start=\"1176\" data-end=\"1234\">Source de calcium, contribuant au d\u00e9veloppement des os<\/li>\n<li data-section-id=\"59n8ch\" data-start=\"1235\" data-end=\"1291\">Source de fer, contribuant au d\u00e9veloppement cognitif<\/li>\n<li data-section-id=\"1cn0dy8\" data-start=\"1292\" data-end=\"1364\">Source de zinc, participant au fonctionnement du syst\u00e8me immunitaire<\/li>\n<li data-section-id=\"15kl8ix\" data-start=\"1365\" data-end=\"1465\">Sans conservateur et sans colorant, conform\u00e9ment \u00e0 la r\u00e9glementation de l\u2019alimentation infantile<\/li>\n<\/ul>\n<h2 data-section-id=\"16oo88v\" data-start=\"1472\" data-end=\"1486\">Ingredients<\/h2>\n<p data-start=\"1488\" data-end=\"1845\">Farine de bl\u00e9 (36,2 %), lait \u00e9cr\u00e9m\u00e9 en poudre (17 %), lactos\u00e9rum d\u00e9min\u00e9ralis\u00e9 en poudre (lait), maltodextrines, sucre, huile de palme, lait entier en poudre, caramel, \u00e9mulsifiant : l\u00e9cithine de soja, ar\u00f4me (vanilline), vitamines (A, D, E, C, B1, B3, B6, B9, B8, B5), min\u00e9raux (carbonate de calcium, diphosphate de fer, sulfate de zinc, iodure de potassium).<\/p>\n<p data-start=\"1847\" data-end=\"1899\">Allerg\u00e8nes : contient du gluten, du lait et du soja.<\/p>\n<h2 data-section-id=\"1azcm7d\" data-start=\"1906\" data-end=\"1922\">Mode d\u2019emploi<\/h2>\n<p data-start=\"1924\" data-end=\"1998\">Conserver le produit dans un endroit propre, frais et sec avant ouverture.<\/p>\n<ul data-start=\"2000\" data-end=\"2373\">\n<li data-section-id=\"1nzhhdq\" data-start=\"2000\" data-end=\"2071\">Laver soigneusement les mains, le plan de travail et les ustensiles<\/li>\n<li data-section-id=\"1tkxvik\" data-start=\"2072\" data-end=\"2147\">Faire bouillir de l\u2019eau potable pendant 10 minutes, puis laisser ti\u00e9dir<\/li>\n<li data-section-id=\"1myxdrb\" data-start=\"2148\" data-end=\"2196\">Verser 180 ml d\u2019eau dans un r\u00e9cipient propre<\/li>\n<li data-section-id=\"5p4vn0\" data-start=\"2197\" data-end=\"2248\">Ajouter 7 cuill\u00e8res \u00e0 soupe de Bl\u00e9dine en pluie<\/li>\n<li data-section-id=\"a3zhyz\" data-start=\"2249\" data-end=\"2323\">M\u00e9langer, laisser reposer quelques instants et v\u00e9rifier la temp\u00e9rature<\/li>\n<li data-section-id=\"jbag06\" data-start=\"2324\" data-end=\"2373\">Consommer imm\u00e9diatement ou dans la demi-heure<\/li>\n<\/ul>\n<h2 data-section-id=\"eqw8qz\" data-start=\"2380\" data-end=\"2407\">Conseils de conservation<\/h2>\n<p data-start=\"2409\" data-end=\"2536\">Apr\u00e8s ouverture, bien refermer l\u2019emballage et conserver \u00e0 l\u2019abri de la chaleur et de l\u2019humidit\u00e9. Consommer dans les 4 semaines.<\/p>\n<h2 data-section-id=\"hzodnu\" data-start=\"2543\" data-end=\"2568\">Information importante<\/h2>\n<p data-start=\"2570\" data-end=\"2798\">Le lait maternel est l\u2019aliment id\u00e9al du nourrisson. Les c\u00e9r\u00e9ales Bl\u00e9dine compl\u00e8tent l\u2019alimentation \u00e0 partir de 6 mois dans le cadre d\u2019un r\u00e9gime vari\u00e9 et \u00e9quilibr\u00e9. L\u2019introduction progressive des aliments solides est recommand\u00e9e.<\/p>\n<\/div>\n<\/div>\n<p>&nbsp;<\/p>","protected":false},"excerpt":{"rendered":"<p>La Bl\u00e9dine lact\u00e9e croissance 6 \u00e0 36 mois 250 g de Bl\u00e9dina est une pr\u00e9paration sp\u00e9cialement con\u00e7ue pour accompagner l\u2019alimentation<\/p>","protected":false},"featured_media":27850,"comment_status":"open","ping_status":"closed","template":"","meta":[],"pwb-brand":[1226],"product_brand":[],"product_cat":[1060,274,275,1322],"product_tag":[],"class_list":{"0":"post-27849","1":"product","2":"type-product","3":"status-publish","4":"has-post-thumbnail","6":"pwb-brand-bledina-bledine","7":"product_cat-alimentation-produits-bebes","8":"product_cat-bebe-et-famille","9":"product_cat-epicerie","10":"product_cat-petit-dejeuner","12":"first","13":"instock","14":"shipping-taxable","15":"purchasable","16":"product-type-simple"},"yoast_head":"<!-- This site is optimized with the Yoast SEO plugin v27.5 - https:\/\/yoast.com\/product\/yoast-seo-wordpress\/ -->\n<title>Bl\u00e9dina - Bledine lact\u00e9e croissance 6 \u00e0 36 mois - 250 g - NIRIGS<\/title>\n<meta name=\"description\" content=\"Commandez Bl\u00e9dina Bl\u00e9dine lact\u00e9e croissance 6\u201336 mois 250g \u00e0 Djibouti. C\u00e9r\u00e9ales b\u00e9b\u00e9 pratiques avec une livraison fiable et rapide.\" \/>\n<meta name=\"robots\" content=\"index, follow, max-snippet:-1, max-image-preview:large, max-video-preview:-1\" \/>\n<link rel=\"canonical\" href=\"https:\/\/nirigs.com\/en\/product\/bledina-bledine-lactee-croissance-6-a-36-mois-250-g\/\" \/>\n<meta property=\"og:locale\" content=\"en_US\" \/>\n<meta property=\"og:type\" content=\"article\" \/>\n<meta property=\"og:title\" content=\"Bl\u00e9dina - Bledine lact\u00e9e croissance 6 \u00e0 36 mois - 250 g - NIRIGS\" \/>\n<meta property=\"og:description\" content=\"Commandez Bl\u00e9dina Bl\u00e9dine lact\u00e9e croissance 6\u201336 mois 250g \u00e0 Djibouti. C\u00e9r\u00e9ales b\u00e9b\u00e9 pratiques avec une livraison fiable et rapide.\" \/>\n<meta property=\"og:url\" content=\"https:\/\/nirigs.com\/en\/product\/bledina-bledine-lactee-croissance-6-a-36-mois-250-g\/\" \/>\n<meta property=\"og:site_name\" content=\"NIRIGS\" \/>\n<meta property=\"article:modified_time\" content=\"2026-04-29T17:03:17+00:00\" \/>\n<meta property=\"og:image\" content=\"https:\/\/nirigs.com\/wp-content\/uploads\/2026\/04\/Bledina-Bledine-lactee-croissance-6-a-36-mois-250-g.png\" \/>\n\t<meta property=\"og:image:width\" content=\"1000\" \/>\n\t<meta property=\"og:image:height\" content=\"1000\" \/>\n\t<meta property=\"og:image:type\" content=\"image\/png\" \/>\n<meta name=\"twitter:card\" content=\"summary_large_image\" \/>\n<meta name=\"twitter:label1\" content=\"Est. reading time\" \/>\n\t<meta name=\"twitter:data1\" content=\"3 minutes\" \/>\n<script type=\"application\/ld+json\" class=\"yoast-schema-graph\">{\"@context\":\"https:\\\/\\\/schema.org\",\"@graph\":[{\"@type\":\"WebPage\",\"@id\":\"https:\\\/\\\/nirigs.com\\\/product\\\/bledina-bledine-lactee-croissance-6-a-36-mois-250-g\\\/\",\"url\":\"https:\\\/\\\/nirigs.com\\\/product\\\/bledina-bledine-lactee-croissance-6-a-36-mois-250-g\\\/\",\"name\":\"Bl\u00e9dina - Bledine lact\u00e9e croissance 6 \u00e0 36 mois - 250 g - NIRIGS\",\"isPartOf\":{\"@id\":\"https:\\\/\\\/nirigs.com\\\/#website\"},\"primaryImageOfPage\":{\"@id\":\"https:\\\/\\\/nirigs.com\\\/product\\\/bledina-bledine-lactee-croissance-6-a-36-mois-250-g\\\/#primaryimage\"},\"image\":{\"@id\":\"https:\\\/\\\/nirigs.com\\\/product\\\/bledina-bledine-lactee-croissance-6-a-36-mois-250-g\\\/#primaryimage\"},\"thumbnailUrl\":\"https:\\\/\\\/nirigs.com\\\/wp-content\\\/uploads\\\/2026\\\/04\\\/Bledina-Bledine-lactee-croissance-6-a-36-mois-250-g.png\",\"datePublished\":\"2026-04-29T15:26:52+00:00\",\"dateModified\":\"2026-04-29T17:03:17+00:00\",\"description\":\"Commandez Bl\u00e9dina Bl\u00e9dine lact\u00e9e croissance 6\u201336 mois 250g \u00e0 Djibouti. C\u00e9r\u00e9ales b\u00e9b\u00e9 pratiques avec une livraison fiable et rapide.\",\"breadcrumb\":{\"@id\":\"https:\\\/\\\/nirigs.com\\\/product\\\/bledina-bledine-lactee-croissance-6-a-36-mois-250-g\\\/#breadcrumb\"},\"inLanguage\":\"en-US\",\"potentialAction\":[{\"@type\":\"ReadAction\",\"target\":[\"https:\\\/\\\/nirigs.com\\\/product\\\/bledina-bledine-lactee-croissance-6-a-36-mois-250-g\\\/\"]}]},{\"@type\":\"ImageObject\",\"inLanguage\":\"en-US\",\"@id\":\"https:\\\/\\\/nirigs.com\\\/product\\\/bledina-bledine-lactee-croissance-6-a-36-mois-250-g\\\/#primaryimage\",\"url\":\"https:\\\/\\\/nirigs.com\\\/wp-content\\\/uploads\\\/2026\\\/04\\\/Bledina-Bledine-lactee-croissance-6-a-36-mois-250-g.png\",\"contentUrl\":\"https:\\\/\\\/nirigs.com\\\/wp-content\\\/uploads\\\/2026\\\/04\\\/Bledina-Bledine-lactee-croissance-6-a-36-mois-250-g.png\",\"width\":1000,\"height\":1000},{\"@type\":\"BreadcrumbList\",\"@id\":\"https:\\\/\\\/nirigs.com\\\/product\\\/bledina-bledine-lactee-croissance-6-a-36-mois-250-g\\\/#breadcrumb\",\"itemListElement\":[{\"@type\":\"ListItem\",\"position\":1,\"name\":\"Home\",\"item\":\"https:\\\/\\\/nirigs.com\\\/\"},{\"@type\":\"ListItem\",\"position\":2,\"name\":\"Parcourir\",\"item\":\"https:\\\/\\\/nirigs.com\\\/boutique\\\/\"},{\"@type\":\"ListItem\",\"position\":3,\"name\":\"Bl\u00e9dina &#8211; Bledine lact\u00e9e croissance 6 \u00e0 36 mois &#8211; 250 g\"}]},{\"@type\":\"WebSite\",\"@id\":\"https:\\\/\\\/nirigs.com\\\/#website\",\"url\":\"https:\\\/\\\/nirigs.com\\\/\",\"name\":\"Nirigs.com\",\"description\":\"Simplifiez vos achats du quotidien \u00e0 Djibouti\",\"publisher\":{\"@id\":\"https:\\\/\\\/nirigs.com\\\/#organization\"},\"potentialAction\":[{\"@type\":\"SearchAction\",\"target\":{\"@type\":\"EntryPoint\",\"urlTemplate\":\"https:\\\/\\\/nirigs.com\\\/?s={search_term_string}\"},\"query-input\":{\"@type\":\"PropertyValueSpecification\",\"valueRequired\":true,\"valueName\":\"search_term_string\"}}],\"inLanguage\":\"en-US\"},{\"@type\":\"Organization\",\"@id\":\"https:\\\/\\\/nirigs.com\\\/#organization\",\"name\":\"Nirigs\",\"url\":\"https:\\\/\\\/nirigs.com\\\/\",\"logo\":{\"@type\":\"ImageObject\",\"inLanguage\":\"en-US\",\"@id\":\"https:\\\/\\\/nirigs.com\\\/#\\\/schema\\\/logo\\\/image\\\/\",\"url\":\"https:\\\/\\\/nirigs.com\\\/wp-content\\\/uploads\\\/2025\\\/04\\\/Design-sans-titre-27.png\",\"contentUrl\":\"https:\\\/\\\/nirigs.com\\\/wp-content\\\/uploads\\\/2025\\\/04\\\/Design-sans-titre-27.png\",\"width\":500,\"height\":500,\"caption\":\"Nirigs\"},\"image\":{\"@id\":\"https:\\\/\\\/nirigs.com\\\/#\\\/schema\\\/logo\\\/image\\\/\"}}]}<\/script>\n<!-- \/ Yoast SEO plugin. -->","yoast_head_json":{"title":"Bl\u00e9dina - Bledine lact\u00e9e croissance 6 \u00e0 36 mois - 250 g - NIRIGS","description":"Commandez Bl\u00e9dina Bl\u00e9dine lact\u00e9e croissance 6\u201336 mois 250g \u00e0 Djibouti. C\u00e9r\u00e9ales b\u00e9b\u00e9 pratiques avec une livraison fiable et rapide.","robots":{"index":"index","follow":"follow","max-snippet":"max-snippet:-1","max-image-preview":"max-image-preview:large","max-video-preview":"max-video-preview:-1"},"canonical":"https:\/\/nirigs.com\/en\/product\/bledina-bledine-lactee-croissance-6-a-36-mois-250-g\/","og_locale":"en_US","og_type":"article","og_title":"Bl\u00e9dina - Bledine lact\u00e9e croissance 6 \u00e0 36 mois - 250 g - NIRIGS","og_description":"Commandez Bl\u00e9dina Bl\u00e9dine lact\u00e9e croissance 6\u201336 mois 250g \u00e0 Djibouti. C\u00e9r\u00e9ales b\u00e9b\u00e9 pratiques avec une livraison fiable et rapide.","og_url":"https:\/\/nirigs.com\/en\/product\/bledina-bledine-lactee-croissance-6-a-36-mois-250-g\/","og_site_name":"NIRIGS","article_modified_time":"2026-04-29T17:03:17+00:00","og_image":[{"width":1000,"height":1000,"url":"https:\/\/nirigs.com\/wp-content\/uploads\/2026\/04\/Bledina-Bledine-lactee-croissance-6-a-36-mois-250-g.png","type":"image\/png"}],"twitter_card":"summary_large_image","twitter_misc":{"Est. reading time":"3 minutes"},"schema":{"@context":"https:\/\/schema.org","@graph":[{"@type":"WebPage","@id":"https:\/\/nirigs.com\/product\/bledina-bledine-lactee-croissance-6-a-36-mois-250-g\/","url":"https:\/\/nirigs.com\/product\/bledina-bledine-lactee-croissance-6-a-36-mois-250-g\/","name":"Bl\u00e9dina - Bledine lact\u00e9e croissance 6 \u00e0 36 mois - 250 g - NIRIGS","isPartOf":{"@id":"https:\/\/nirigs.com\/#website"},"primaryImageOfPage":{"@id":"https:\/\/nirigs.com\/product\/bledina-bledine-lactee-croissance-6-a-36-mois-250-g\/#primaryimage"},"image":{"@id":"https:\/\/nirigs.com\/product\/bledina-bledine-lactee-croissance-6-a-36-mois-250-g\/#primaryimage"},"thumbnailUrl":"https:\/\/nirigs.com\/wp-content\/uploads\/2026\/04\/Bledina-Bledine-lactee-croissance-6-a-36-mois-250-g.png","datePublished":"2026-04-29T15:26:52+00:00","dateModified":"2026-04-29T17:03:17+00:00","description":"Commandez Bl\u00e9dina Bl\u00e9dine lact\u00e9e croissance 6\u201336 mois 250g \u00e0 Djibouti. C\u00e9r\u00e9ales b\u00e9b\u00e9 pratiques avec une livraison fiable et rapide.","breadcrumb":{"@id":"https:\/\/nirigs.com\/product\/bledina-bledine-lactee-croissance-6-a-36-mois-250-g\/#breadcrumb"},"inLanguage":"en-US","potentialAction":[{"@type":"ReadAction","target":["https:\/\/nirigs.com\/product\/bledina-bledine-lactee-croissance-6-a-36-mois-250-g\/"]}]},{"@type":"ImageObject","inLanguage":"en-US","@id":"https:\/\/nirigs.com\/product\/bledina-bledine-lactee-croissance-6-a-36-mois-250-g\/#primaryimage","url":"https:\/\/nirigs.com\/wp-content\/uploads\/2026\/04\/Bledina-Bledine-lactee-croissance-6-a-36-mois-250-g.png","contentUrl":"https:\/\/nirigs.com\/wp-content\/uploads\/2026\/04\/Bledina-Bledine-lactee-croissance-6-a-36-mois-250-g.png","width":1000,"height":1000},{"@type":"BreadcrumbList","@id":"https:\/\/nirigs.com\/product\/bledina-bledine-lactee-croissance-6-a-36-mois-250-g\/#breadcrumb","itemListElement":[{"@type":"ListItem","position":1,"name":"Home","item":"https:\/\/nirigs.com\/"},{"@type":"ListItem","position":2,"name":"Parcourir","item":"https:\/\/nirigs.com\/boutique\/"},{"@type":"ListItem","position":3,"name":"Bl\u00e9dina &#8211; Bledine lact\u00e9e croissance 6 \u00e0 36 mois &#8211; 250 g"}]},{"@type":"WebSite","@id":"https:\/\/nirigs.com\/#website","url":"https:\/\/nirigs.com\/","name":"Nirigs.com","description":"Simplifiez vos achats du quotidien \u00e0 Djibouti","publisher":{"@id":"https:\/\/nirigs.com\/#organization"},"potentialAction":[{"@type":"SearchAction","target":{"@type":"EntryPoint","urlTemplate":"https:\/\/nirigs.com\/?s={search_term_string}"},"query-input":{"@type":"PropertyValueSpecification","valueRequired":true,"valueName":"search_term_string"}}],"inLanguage":"en-US"},{"@type":"Organization","@id":"https:\/\/nirigs.com\/#organization","name":"Nirigs","url":"https:\/\/nirigs.com\/","logo":{"@type":"ImageObject","inLanguage":"en-US","@id":"https:\/\/nirigs.com\/#\/schema\/logo\/image\/","url":"https:\/\/nirigs.com\/wp-content\/uploads\/2025\/04\/Design-sans-titre-27.png","contentUrl":"https:\/\/nirigs.com\/wp-content\/uploads\/2025\/04\/Design-sans-titre-27.png","width":500,"height":500,"caption":"Nirigs"},"image":{"@id":"https:\/\/nirigs.com\/#\/schema\/logo\/image\/"}}]}},"brands":[{"id":1226,"name":"Bl\u00e9dina - Bl\u00e9dine","slug":"bledina-bledine"}],"_links":{"self":[{"href":"https:\/\/nirigs.com\/en\/wp-json\/wp\/v2\/product\/27849","targetHints":{"allow":["GET"]}}],"collection":[{"href":"https:\/\/nirigs.com\/en\/wp-json\/wp\/v2\/product"}],"about":[{"href":"https:\/\/nirigs.com\/en\/wp-json\/wp\/v2\/types\/product"}],"replies":[{"embeddable":true,"href":"https:\/\/nirigs.com\/en\/wp-json\/wp\/v2\/comments?post=27849"}],"version-history":[{"count":4,"href":"https:\/\/nirigs.com\/en\/wp-json\/wp\/v2\/product\/27849\/revisions"}],"predecessor-version":[{"id":27854,"href":"https:\/\/nirigs.com\/en\/wp-json\/wp\/v2\/product\/27849\/revisions\/27854"}],"wp:featuredmedia":[{"embeddable":true,"href":"https:\/\/nirigs.com\/en\/wp-json\/wp\/v2\/media\/27850"}],"wp:attachment":[{"href":"https:\/\/nirigs.com\/en\/wp-json\/wp\/v2\/media?parent=27849"}],"wp:term":[{"taxonomy":"pwb-brand","embeddable":true,"href":"https:\/\/nirigs.com\/en\/wp-json\/wp\/v2\/pwb-brand?post=27849"},{"taxonomy":"product_brand","embeddable":true,"href":"https:\/\/nirigs.com\/en\/wp-json\/wp\/v2\/product_brand?post=27849"},{"taxonomy":"product_cat","embeddable":true,"href":"https:\/\/nirigs.com\/en\/wp-json\/wp\/v2\/product_cat?post=27849"},{"taxonomy":"product_tag","embeddable":true,"href":"https:\/\/nirigs.com\/en\/wp-json\/wp\/v2\/product_tag?post=27849"}],"curies":[{"name":"wp","href":"https:\/\/api.w.org\/{rel}","templated":true}]}}