{"id":27844,"date":"2026-04-29T17:57:24","date_gmt":"2026-04-29T14:57:24","guid":{"rendered":"https:\/\/nirigs.com\/?post_type=product&#038;p=27844"},"modified":"2026-04-29T18:01:14","modified_gmt":"2026-04-29T15:01:14","slug":"bledina-nursie-croissance-3-12-a-36-mois-400g","status":"publish","type":"product","link":"https:\/\/nirigs.com\/en\/product\/bledina-nursie-croissance-3-12-a-36-mois-400g\/","title":{"rendered":"Bl\u00e9dina &#8211; Nursie croissance 3 (12 \u00e0 36 mois) &#8211; 400g"},"content":{"rendered":"<p data-start=\"424\" data-end=\"693\">Le lait de croissance Nursie 3 (12 \u00e0 36 mois) 400 g de <span class=\"hover:entity-accent entity-underline inline cursor-pointer align-baseline\"><span class=\"whitespace-normal\">Bl\u00e9dina<\/span><\/span> est con\u00e7u pour accompagner les besoins nutritionnels des enfants en bas \u00e2ge. Adapt\u00e9 aux enfants \u00e0 partir de 12 mois, il s\u2019int\u00e8gre facilement dans leur alimentation quotidienne.<\/p>\n<p data-start=\"695\" data-end=\"816\">Sa formule est pens\u00e9e pour compl\u00e9ter l\u2019alimentation diversifi\u00e9e de l\u2019enfant et r\u00e9pondre aux besoins li\u00e9s \u00e0 sa croissance.<\/p>\n<p data-start=\"818\" data-end=\"911\">Facile \u00e0 pr\u00e9parer, ce lait en poudre est pratique pour une utilisation r\u00e9guli\u00e8re \u00e0 la maison.<\/p>\n<h2 data-start=\"913\" data-end=\"924\">Advantages :<\/h2>\n<ul data-start=\"926\" data-end=\"1096\">\n<li data-section-id=\"26z0bb\" data-start=\"926\" data-end=\"964\">Adapt\u00e9 aux enfants de 12 \u00e0 36 mois<\/li>\n<li data-section-id=\"yammbj\" data-start=\"965\" data-end=\"1005\">Con\u00e7u pour accompagner la croissance<\/li>\n<li data-section-id=\"ibk9tf\" data-start=\"1006\" data-end=\"1027\">Facile \u00e0 pr\u00e9parer<\/li>\n<li data-section-id=\"3rawef\" data-start=\"1028\" data-end=\"1053\">Format pratique 400 g<\/li>\n<li data-section-id=\"dixltr\" data-start=\"1054\" data-end=\"1096\">Id\u00e9al pour une utilisation quotidienne<\/li>\n<\/ul>\n<p><strong>Nursie Croissance<\/strong> contient une combinaison de nutriments <strong>FERBIOTIK<\/strong>\u00a0qui apporte \u00e0 votre enfant :\u200b<\/p>\n<ul>\n<li>Du\u00a0<strong>FER<\/strong>\u00a0en bonne quantit\u00e9*.\u200b<\/li>\n<li>Des fibres\u00a0<strong>GOS\/FOS<\/strong>\u00b9. De la vitamine C pour une meilleure absorption du fer.\u200b<\/li>\n<li><strong>13 VITAMINES<\/strong>\u00a0et 8 min\u00e9raux dont de la vitamine D.\u200b<\/li>\n<li>Ainsi que du\u00a0<strong>CALCIUM<\/strong>\u00a0qui participe \u00e0 la croissance des os et des acides gras essentiels OM\u00e9GA 3 (ALA) qui soutiennent le d\u00e9veloppement c\u00e9r\u00e9bral.&#8211;&gt; Nursie Croissance pour des r\u00e9serves en fer sup\u00e9rieures**<\/li>\n<\/ul>\n<p>*conform\u00e9ment \u00e0 la r\u00e9glementation infantile.\u200b<\/p>\n<p>**Par rapport au lait ordinaire, gr\u00e2ce \u00e0 la vitamine C qui am\u00e9liore l\u2019absorption du fer.\u200b<\/p>\n<p><i>1<\/i>. Galacto-oligosaccharides \/ Fructo-oligosaccharides.<\/p>\n<h2>Ingredients<\/h2>\n<p><strong>LACTOSE (LAIT) \u2013 LAIT<\/strong>\u00a0\u00e9cr\u00e9m\u00e9 \u2013 Huiles v\u00e9g\u00e9tales (tournesol, palme, colza, coprah) \u2013 Maltodextrines \u2013 GOS (<strong>LAIT<\/strong>) \/ FOS\u00b9 (9:1) : 0,4 g\/100 ml \u2013 Chlorure de choline \u2013 \u00c9mulsifiant : l\u00e9cithine de\u00a0<strong>SOJA\u00a0<\/strong>\u2013 L-tryptophane \u2013 L-isoleucine \u2013 L-cyst\u00e9ine \u2013 Antioxydant : palmitate d\u2019ascorbyle \u2013 L-carnitine \u2013 Min\u00e9raux : carbonate de calcium, phosphate de calcium, chlorure de potassium, sulfates de fer et de zinc, iodure de potassium \u2013 Vitamines : A, D, E, K, C, B1, B3, B6, B9, B12, B8, B5.\u200b<\/p>\n<p><strong>Contient : LACTOSE, LAIT (prot\u00e9ines de LAIT de vache), SOJA. Allerg\u00e8nes en gras. En cas de doute, consultez votre m\u00e9decin.<\/strong><\/p>\n<p>&nbsp;<\/p>\n<p>1. Galacto-oligosaccharides \/ Fructo-oligosaccharides.<\/p>\n<h2>Manual<\/h2>\n<div class=\"container responsivegrid p-space-3-b p-space-4-md-b\">\n<div class=\"container-wrapper\">\n<div id=\"container-e88f9f72c3\" class=\"cmp-container\">\n<div class=\"accordion panelcontainer\">\n<div id=\"accordion-4b42e7abc8\" class=\"cmp-accordion\" data-placeholder-text=\"faux\">\n<div id=\"accordion-4b42e7abc8-item-dd5be89ddf\" class=\"cmp-accordion__item\" data-cmp-hook-accordion=\"item\" data-cmp-expanded=\"\">\n<div id=\"accordion-4b42e7abc8-item-dd5be89ddf-panel\" class=\"cmp-accordion__panel cmp-accordion__panel--expanded\" role=\"region\" data-cmp-hook-accordion=\"panel\" aria-labelledby=\"accordion-4b42e7abc8-item-dd5be89ddf-button\" aria-hidden=\"false\">\n<div class=\"container responsivegrid\">\n<div class=\"container-wrapper\">\n<div id=\"container-dd5be89ddf\" class=\"cmp-container\">\n<div class=\"text body\">\n<div id=\"text-f0dd5a77e9\" class=\"cmp-text\">\n<p><strong>Pr\u00e9parez et consommez le repas dans la demi-heure.<br \/>\n<\/strong><\/p>\n<ol>\n<li>Lavez bien vos mains, le plan de travail et les ustensiles. St\u00e9rilisez dans de l\u2019eau bouillante pendant 10 minutes la tasse et le bec verseur.<\/li>\n<li>Faites bouillir de l\u2019eau potable pendant 10 minutes, laissez refroidir, et versez la quantit\u00e9 n\u00e9cessaire dans la tasse st\u00e9rilis\u00e9e.<\/li>\n<li><strong>Utilisez uniquement la mesurette fournie.<\/strong>\u00a0Ajoutez le nombre requis de mesurettes aras\u00e9es.<\/li>\n<li>Fermez la tasse et\u00a0<strong>agitez imm\u00e9diatement verticalement et vigoureusement pendant 10 secondes<\/strong>. V\u00e9rifiez la temp\u00e9rature du lait en versant quelques gouttes \u00e0 l\u2019int\u00e9rieur de votre poignet.<\/li>\n<li>Refermez la bo\u00eete apr\u00e8s usage. Jetez imp\u00e9rativement le lait non termin\u00e9 et nettoyez tous les ustensiles.<\/li>\n<\/ol>\n<p>&nbsp;<\/p>\n<p>Avant et apr\u00e8s ouverture, \u00e0 conserver dans un endroit propre, frais et sec et loin des aliments d\u00e9j\u00e0 entam\u00e9s.<\/p>\n<p>\u00c0 consommer au maximum 4 semaines apr\u00e8s ouverture.<br \/>\n<strong>Avertissement\u00a0<\/strong>: Une pr\u00e9paration, un entreposage ou un emploi erron\u00e9 du produit pr\u00e9sentent un risque pour la sant\u00e9 de l&rsquo;enfant.<\/p>\n<\/div>\n<\/div>\n<\/div>\n<\/div>\n<\/div>\n<\/div>\n<\/div>\n<\/div>\n<\/div>\n<\/div>\n<\/div>\n<\/div>\n<div class=\"text sm\">\n<div id=\"text-3aed1b998d\" class=\"cmp-text\">\n<p><i><strong>Le lait maternel est l&rsquo;aliment id\u00e9al pour le nourrisson<\/strong>.\u00a0NURSIE CROISSANCE N\u2019EST PAS UN SUBSTITUT DU LAIT MATERNEL ET EST \u00c0 CONSOMMER DANS LE CADRE D\u2019UNE ALIMENTATION VARI\u00c9E ET \u00c9QUILIBR\u00c9 APR\u00c8S 1 AN.<\/i><\/p>\n<\/div>\n<\/div>","protected":false},"excerpt":{"rendered":"<p>Le lait de croissance Nursie 3 (12 \u00e0 36 mois) 400 g de Bl\u00e9dina est con\u00e7u pour accompagner les besoins<\/p>","protected":false},"featured_media":27845,"comment_status":"open","ping_status":"closed","template":"","meta":[],"pwb-brand":[1222],"product_brand":[],"product_cat":[1060,274,275,1062],"product_tag":[],"class_list":{"0":"post-27844","1":"product","2":"type-product","3":"status-publish","4":"has-post-thumbnail","6":"pwb-brand-bledina-nursie","7":"product_cat-alimentation-produits-bebes","8":"product_cat-bebe-et-famille","9":"product_cat-epicerie","10":"product_cat-laits-infantiles","12":"first","13":"instock","14":"shipping-taxable","15":"purchasable","16":"product-type-simple"},"yoast_head":"<!-- This site is optimized with the Yoast SEO plugin v27.5 - https:\/\/yoast.com\/product\/yoast-seo-wordpress\/ -->\n<title>Bl\u00e9dina - Nursie croissance 3 (12 \u00e0 36 mois) - 400g - NIRIGS<\/title>\n<meta name=\"description\" content=\"Commandez Bl\u00e9dina Nursie Croissance 3 (12\u201336 mois) 400g \u00e0 Djibouti. Lait infantile pratique et adapt\u00e9 avec livraison fiable et rapide.\" \/>\n<meta name=\"robots\" content=\"index, follow, max-snippet:-1, max-image-preview:large, max-video-preview:-1\" \/>\n<link rel=\"canonical\" href=\"https:\/\/nirigs.com\/en\/product\/bledina-nursie-croissance-3-12-a-36-mois-400g\/\" \/>\n<meta property=\"og:locale\" content=\"en_US\" \/>\n<meta property=\"og:type\" content=\"article\" \/>\n<meta property=\"og:title\" content=\"Bl\u00e9dina - Nursie croissance 3 (12 \u00e0 36 mois) - 400g - NIRIGS\" \/>\n<meta property=\"og:description\" content=\"Commandez Bl\u00e9dina Nursie Croissance 3 (12\u201336 mois) 400g \u00e0 Djibouti. Lait infantile pratique et adapt\u00e9 avec livraison fiable et rapide.\" \/>\n<meta property=\"og:url\" content=\"https:\/\/nirigs.com\/en\/product\/bledina-nursie-croissance-3-12-a-36-mois-400g\/\" \/>\n<meta property=\"og:site_name\" content=\"NIRIGS\" \/>\n<meta property=\"article:modified_time\" content=\"2026-04-29T15:01:14+00:00\" \/>\n<meta property=\"og:image\" content=\"https:\/\/nirigs.com\/wp-content\/uploads\/2026\/04\/Bledina-Nursie-croissance-3-12-a-36-mois-400g.png\" \/>\n\t<meta property=\"og:image:width\" content=\"1000\" \/>\n\t<meta property=\"og:image:height\" content=\"1000\" \/>\n\t<meta property=\"og:image:type\" content=\"image\/png\" \/>\n<meta name=\"twitter:card\" content=\"summary_large_image\" \/>\n<meta name=\"twitter:label1\" content=\"Est. reading time\" \/>\n\t<meta name=\"twitter:data1\" content=\"3 minutes\" \/>\n<script type=\"application\/ld+json\" class=\"yoast-schema-graph\">{\"@context\":\"https:\\\/\\\/schema.org\",\"@graph\":[{\"@type\":\"WebPage\",\"@id\":\"https:\\\/\\\/nirigs.com\\\/product\\\/bledina-nursie-croissance-3-12-a-36-mois-400g\\\/\",\"url\":\"https:\\\/\\\/nirigs.com\\\/product\\\/bledina-nursie-croissance-3-12-a-36-mois-400g\\\/\",\"name\":\"Bl\u00e9dina - Nursie croissance 3 (12 \u00e0 36 mois) - 400g - NIRIGS\",\"isPartOf\":{\"@id\":\"https:\\\/\\\/nirigs.com\\\/#website\"},\"primaryImageOfPage\":{\"@id\":\"https:\\\/\\\/nirigs.com\\\/product\\\/bledina-nursie-croissance-3-12-a-36-mois-400g\\\/#primaryimage\"},\"image\":{\"@id\":\"https:\\\/\\\/nirigs.com\\\/product\\\/bledina-nursie-croissance-3-12-a-36-mois-400g\\\/#primaryimage\"},\"thumbnailUrl\":\"https:\\\/\\\/nirigs.com\\\/wp-content\\\/uploads\\\/2026\\\/04\\\/Bledina-Nursie-croissance-3-12-a-36-mois-400g.png\",\"datePublished\":\"2026-04-29T14:57:24+00:00\",\"dateModified\":\"2026-04-29T15:01:14+00:00\",\"description\":\"Commandez Bl\u00e9dina Nursie Croissance 3 (12\u201336 mois) 400g \u00e0 Djibouti. Lait infantile pratique et adapt\u00e9 avec livraison fiable et rapide.\",\"breadcrumb\":{\"@id\":\"https:\\\/\\\/nirigs.com\\\/product\\\/bledina-nursie-croissance-3-12-a-36-mois-400g\\\/#breadcrumb\"},\"inLanguage\":\"en-US\",\"potentialAction\":[{\"@type\":\"ReadAction\",\"target\":[\"https:\\\/\\\/nirigs.com\\\/product\\\/bledina-nursie-croissance-3-12-a-36-mois-400g\\\/\"]}]},{\"@type\":\"ImageObject\",\"inLanguage\":\"en-US\",\"@id\":\"https:\\\/\\\/nirigs.com\\\/product\\\/bledina-nursie-croissance-3-12-a-36-mois-400g\\\/#primaryimage\",\"url\":\"https:\\\/\\\/nirigs.com\\\/wp-content\\\/uploads\\\/2026\\\/04\\\/Bledina-Nursie-croissance-3-12-a-36-mois-400g.png\",\"contentUrl\":\"https:\\\/\\\/nirigs.com\\\/wp-content\\\/uploads\\\/2026\\\/04\\\/Bledina-Nursie-croissance-3-12-a-36-mois-400g.png\",\"width\":1000,\"height\":1000},{\"@type\":\"BreadcrumbList\",\"@id\":\"https:\\\/\\\/nirigs.com\\\/product\\\/bledina-nursie-croissance-3-12-a-36-mois-400g\\\/#breadcrumb\",\"itemListElement\":[{\"@type\":\"ListItem\",\"position\":1,\"name\":\"Home\",\"item\":\"https:\\\/\\\/nirigs.com\\\/\"},{\"@type\":\"ListItem\",\"position\":2,\"name\":\"Parcourir\",\"item\":\"https:\\\/\\\/nirigs.com\\\/boutique\\\/\"},{\"@type\":\"ListItem\",\"position\":3,\"name\":\"Bl\u00e9dina &#8211; Nursie croissance 3 (12 \u00e0 36 mois) &#8211; 400g\"}]},{\"@type\":\"WebSite\",\"@id\":\"https:\\\/\\\/nirigs.com\\\/#website\",\"url\":\"https:\\\/\\\/nirigs.com\\\/\",\"name\":\"Nirigs.com\",\"description\":\"Simplifiez vos achats du quotidien \u00e0 Djibouti\",\"publisher\":{\"@id\":\"https:\\\/\\\/nirigs.com\\\/#organization\"},\"potentialAction\":[{\"@type\":\"SearchAction\",\"target\":{\"@type\":\"EntryPoint\",\"urlTemplate\":\"https:\\\/\\\/nirigs.com\\\/?s={search_term_string}\"},\"query-input\":{\"@type\":\"PropertyValueSpecification\",\"valueRequired\":true,\"valueName\":\"search_term_string\"}}],\"inLanguage\":\"en-US\"},{\"@type\":\"Organization\",\"@id\":\"https:\\\/\\\/nirigs.com\\\/#organization\",\"name\":\"Nirigs\",\"url\":\"https:\\\/\\\/nirigs.com\\\/\",\"logo\":{\"@type\":\"ImageObject\",\"inLanguage\":\"en-US\",\"@id\":\"https:\\\/\\\/nirigs.com\\\/#\\\/schema\\\/logo\\\/image\\\/\",\"url\":\"https:\\\/\\\/nirigs.com\\\/wp-content\\\/uploads\\\/2025\\\/04\\\/Design-sans-titre-27.png\",\"contentUrl\":\"https:\\\/\\\/nirigs.com\\\/wp-content\\\/uploads\\\/2025\\\/04\\\/Design-sans-titre-27.png\",\"width\":500,\"height\":500,\"caption\":\"Nirigs\"},\"image\":{\"@id\":\"https:\\\/\\\/nirigs.com\\\/#\\\/schema\\\/logo\\\/image\\\/\"}}]}<\/script>\n<!-- \/ Yoast SEO plugin. -->","yoast_head_json":{"title":"Bl\u00e9dina - Nursie croissance 3 (12 \u00e0 36 mois) - 400g - NIRIGS","description":"Commandez Bl\u00e9dina Nursie Croissance 3 (12\u201336 mois) 400g \u00e0 Djibouti. Lait infantile pratique et adapt\u00e9 avec livraison fiable et rapide.","robots":{"index":"index","follow":"follow","max-snippet":"max-snippet:-1","max-image-preview":"max-image-preview:large","max-video-preview":"max-video-preview:-1"},"canonical":"https:\/\/nirigs.com\/en\/product\/bledina-nursie-croissance-3-12-a-36-mois-400g\/","og_locale":"en_US","og_type":"article","og_title":"Bl\u00e9dina - Nursie croissance 3 (12 \u00e0 36 mois) - 400g - NIRIGS","og_description":"Commandez Bl\u00e9dina Nursie Croissance 3 (12\u201336 mois) 400g \u00e0 Djibouti. Lait infantile pratique et adapt\u00e9 avec livraison fiable et rapide.","og_url":"https:\/\/nirigs.com\/en\/product\/bledina-nursie-croissance-3-12-a-36-mois-400g\/","og_site_name":"NIRIGS","article_modified_time":"2026-04-29T15:01:14+00:00","og_image":[{"width":1000,"height":1000,"url":"https:\/\/nirigs.com\/wp-content\/uploads\/2026\/04\/Bledina-Nursie-croissance-3-12-a-36-mois-400g.png","type":"image\/png"}],"twitter_card":"summary_large_image","twitter_misc":{"Est. reading time":"3 minutes"},"schema":{"@context":"https:\/\/schema.org","@graph":[{"@type":"WebPage","@id":"https:\/\/nirigs.com\/product\/bledina-nursie-croissance-3-12-a-36-mois-400g\/","url":"https:\/\/nirigs.com\/product\/bledina-nursie-croissance-3-12-a-36-mois-400g\/","name":"Bl\u00e9dina - Nursie croissance 3 (12 \u00e0 36 mois) - 400g - NIRIGS","isPartOf":{"@id":"https:\/\/nirigs.com\/#website"},"primaryImageOfPage":{"@id":"https:\/\/nirigs.com\/product\/bledina-nursie-croissance-3-12-a-36-mois-400g\/#primaryimage"},"image":{"@id":"https:\/\/nirigs.com\/product\/bledina-nursie-croissance-3-12-a-36-mois-400g\/#primaryimage"},"thumbnailUrl":"https:\/\/nirigs.com\/wp-content\/uploads\/2026\/04\/Bledina-Nursie-croissance-3-12-a-36-mois-400g.png","datePublished":"2026-04-29T14:57:24+00:00","dateModified":"2026-04-29T15:01:14+00:00","description":"Commandez Bl\u00e9dina Nursie Croissance 3 (12\u201336 mois) 400g \u00e0 Djibouti. Lait infantile pratique et adapt\u00e9 avec livraison fiable et rapide.","breadcrumb":{"@id":"https:\/\/nirigs.com\/product\/bledina-nursie-croissance-3-12-a-36-mois-400g\/#breadcrumb"},"inLanguage":"en-US","potentialAction":[{"@type":"ReadAction","target":["https:\/\/nirigs.com\/product\/bledina-nursie-croissance-3-12-a-36-mois-400g\/"]}]},{"@type":"ImageObject","inLanguage":"en-US","@id":"https:\/\/nirigs.com\/product\/bledina-nursie-croissance-3-12-a-36-mois-400g\/#primaryimage","url":"https:\/\/nirigs.com\/wp-content\/uploads\/2026\/04\/Bledina-Nursie-croissance-3-12-a-36-mois-400g.png","contentUrl":"https:\/\/nirigs.com\/wp-content\/uploads\/2026\/04\/Bledina-Nursie-croissance-3-12-a-36-mois-400g.png","width":1000,"height":1000},{"@type":"BreadcrumbList","@id":"https:\/\/nirigs.com\/product\/bledina-nursie-croissance-3-12-a-36-mois-400g\/#breadcrumb","itemListElement":[{"@type":"ListItem","position":1,"name":"Home","item":"https:\/\/nirigs.com\/"},{"@type":"ListItem","position":2,"name":"Parcourir","item":"https:\/\/nirigs.com\/boutique\/"},{"@type":"ListItem","position":3,"name":"Bl\u00e9dina &#8211; Nursie croissance 3 (12 \u00e0 36 mois) &#8211; 400g"}]},{"@type":"WebSite","@id":"https:\/\/nirigs.com\/#website","url":"https:\/\/nirigs.com\/","name":"Nirigs.com","description":"Simplifiez vos achats du quotidien \u00e0 Djibouti","publisher":{"@id":"https:\/\/nirigs.com\/#organization"},"potentialAction":[{"@type":"SearchAction","target":{"@type":"EntryPoint","urlTemplate":"https:\/\/nirigs.com\/?s={search_term_string}"},"query-input":{"@type":"PropertyValueSpecification","valueRequired":true,"valueName":"search_term_string"}}],"inLanguage":"en-US"},{"@type":"Organization","@id":"https:\/\/nirigs.com\/#organization","name":"Nirigs","url":"https:\/\/nirigs.com\/","logo":{"@type":"ImageObject","inLanguage":"en-US","@id":"https:\/\/nirigs.com\/#\/schema\/logo\/image\/","url":"https:\/\/nirigs.com\/wp-content\/uploads\/2025\/04\/Design-sans-titre-27.png","contentUrl":"https:\/\/nirigs.com\/wp-content\/uploads\/2025\/04\/Design-sans-titre-27.png","width":500,"height":500,"caption":"Nirigs"},"image":{"@id":"https:\/\/nirigs.com\/#\/schema\/logo\/image\/"}}]}},"brands":[{"id":1222,"name":"Bl\u00e9dina - Nursie","slug":"bledina-nursie"}],"_links":{"self":[{"href":"https:\/\/nirigs.com\/en\/wp-json\/wp\/v2\/product\/27844","targetHints":{"allow":["GET"]}}],"collection":[{"href":"https:\/\/nirigs.com\/en\/wp-json\/wp\/v2\/product"}],"about":[{"href":"https:\/\/nirigs.com\/en\/wp-json\/wp\/v2\/types\/product"}],"replies":[{"embeddable":true,"href":"https:\/\/nirigs.com\/en\/wp-json\/wp\/v2\/comments?post=27844"}],"version-history":[{"count":3,"href":"https:\/\/nirigs.com\/en\/wp-json\/wp\/v2\/product\/27844\/revisions"}],"predecessor-version":[{"id":27848,"href":"https:\/\/nirigs.com\/en\/wp-json\/wp\/v2\/product\/27844\/revisions\/27848"}],"wp:featuredmedia":[{"embeddable":true,"href":"https:\/\/nirigs.com\/en\/wp-json\/wp\/v2\/media\/27845"}],"wp:attachment":[{"href":"https:\/\/nirigs.com\/en\/wp-json\/wp\/v2\/media?parent=27844"}],"wp:term":[{"taxonomy":"pwb-brand","embeddable":true,"href":"https:\/\/nirigs.com\/en\/wp-json\/wp\/v2\/pwb-brand?post=27844"},{"taxonomy":"product_brand","embeddable":true,"href":"https:\/\/nirigs.com\/en\/wp-json\/wp\/v2\/product_brand?post=27844"},{"taxonomy":"product_cat","embeddable":true,"href":"https:\/\/nirigs.com\/en\/wp-json\/wp\/v2\/product_cat?post=27844"},{"taxonomy":"product_tag","embeddable":true,"href":"https:\/\/nirigs.com\/en\/wp-json\/wp\/v2\/product_tag?post=27844"}],"curies":[{"name":"wp","href":"https:\/\/api.w.org\/{rel}","templated":true}]}}