{"id":27835,"date":"2026-04-28T20:43:50","date_gmt":"2026-04-28T17:43:50","guid":{"rendered":"https:\/\/nirigs.com\/?post_type=product&#038;p=27835"},"modified":"2026-04-28T20:46:13","modified_gmt":"2026-04-28T17:46:13","slug":"kinza-boisson-gazeuse-citron-360-ml","status":"publish","type":"product","link":"https:\/\/nirigs.com\/en\/product\/kinza-boisson-gazeuse-citron-360-ml\/","title":{"rendered":"Kinza &#8211; Boisson gazeuse citron &#8211; 250 ml"},"content":{"rendered":"<p data-start=\"400\" data-end=\"680\">La boisson gazeuse Kinza saveur citron 360 ml de <span class=\"hover:entity-accent entity-underline inline cursor-pointer align-baseline\"><span class=\"whitespace-normal\">Kinza<\/span><\/span> est une boisson rafra\u00eechissante id\u00e9ale pour se d\u00e9salt\u00e9rer \u00e0 tout moment de la journ\u00e9e. Son go\u00fbt citronn\u00e9 l\u00e9g\u00e8rement acidul\u00e9 associ\u00e9 \u00e0 ses fines bulles procure une sensation fra\u00eeche et agr\u00e9able.<\/p>\n<p data-start=\"682\" data-end=\"842\">Gr\u00e2ce \u00e0 son format pratique 360 ml, elle se consomme facilement \u00e0 la maison, au travail ou en d\u00e9placement. Elle accompagne parfaitement les repas ou les pauses.<\/p>\n<p data-start=\"844\" data-end=\"910\">Simple et efficace, cette boisson r\u00e9pond aux besoins du quotidien.<\/p>\n<h2 data-start=\"912\" data-end=\"923\">Advantages :<\/h2>\n<ul data-start=\"925\" data-end=\"1087\">\n<li data-section-id=\"1p8jhua\" data-start=\"925\" data-end=\"973\">Saveur citron fra\u00eeche et l\u00e9g\u00e8rement acidul\u00e9e<\/li>\n<li data-section-id=\"a0yppc\" data-start=\"974\" data-end=\"1000\">Format pratique 360 ml<\/li>\n<li data-section-id=\"xwycv\" data-start=\"1001\" data-end=\"1025\">Boisson d\u00e9salt\u00e9rante<\/li>\n<li data-section-id=\"huah7d\" data-start=\"1026\" data-end=\"1065\">Id\u00e9ale pour les repas et les pauses<\/li>\n<li data-section-id=\"rpx4lm\" data-start=\"1066\" data-end=\"1087\">Facile \u00e0 emporter<\/li>\n<\/ul>","protected":false},"excerpt":{"rendered":"<p>La boisson gazeuse Kinza saveur citron 360 ml de Kinza est une boisson rafra\u00eechissante id\u00e9ale pour se d\u00e9salt\u00e9rer \u00e0 tout<\/p>","protected":false},"featured_media":27837,"comment_status":"open","ping_status":"closed","template":"","meta":[],"pwb-brand":[1364],"product_brand":[],"product_cat":[936,1131,929,275],"product_tag":[],"class_list":{"0":"post-27835","1":"product","2":"type-product","3":"status-publish","4":"has-post-thumbnail","6":"pwb-brand-kinza","7":"product_cat-boissons","8":"product_cat-boissons-gazeuses","9":"product_cat-cafe-the-et-boissons","10":"product_cat-epicerie","12":"first","13":"instock","14":"shipping-taxable","15":"purchasable","16":"product-type-simple"},"yoast_head":"<!-- This site is optimized with the Yoast SEO plugin v27.5 - https:\/\/yoast.com\/product\/yoast-seo-wordpress\/ -->\n<title>Kinza - Boisson gazeuse citron - 250 ml - NIRIGS<\/title>\n<meta name=\"description\" content=\"Commandez la boisson gazeuse Kinza citron 360 ml \u00e0 Djibouti. Rafra\u00eechissante, pratique et id\u00e9ale pour vos pauses avec livraison rapide Nirigs.\" \/>\n<meta name=\"robots\" content=\"index, follow, max-snippet:-1, max-image-preview:large, max-video-preview:-1\" \/>\n<link rel=\"canonical\" href=\"https:\/\/nirigs.com\/en\/product\/kinza-boisson-gazeuse-citron-360-ml\/\" \/>\n<meta property=\"og:locale\" content=\"en_US\" \/>\n<meta property=\"og:type\" content=\"article\" \/>\n<meta property=\"og:title\" content=\"Kinza - Boisson gazeuse citron - 250 ml - NIRIGS\" \/>\n<meta property=\"og:description\" content=\"Commandez la boisson gazeuse Kinza citron 360 ml \u00e0 Djibouti. Rafra\u00eechissante, pratique et id\u00e9ale pour vos pauses avec livraison rapide Nirigs.\" \/>\n<meta property=\"og:url\" content=\"https:\/\/nirigs.com\/en\/product\/kinza-boisson-gazeuse-citron-360-ml\/\" \/>\n<meta property=\"og:site_name\" content=\"NIRIGS\" \/>\n<meta property=\"article:modified_time\" content=\"2026-04-28T17:46:13+00:00\" \/>\n<meta property=\"og:image\" content=\"https:\/\/nirigs.com\/wp-content\/uploads\/2026\/04\/Kinza-Boisson-gazeuse-citron-360-ml.png\" \/>\n\t<meta property=\"og:image:width\" content=\"1000\" \/>\n\t<meta property=\"og:image:height\" content=\"1000\" \/>\n\t<meta property=\"og:image:type\" content=\"image\/png\" \/>\n<meta name=\"twitter:card\" content=\"summary_large_image\" \/>\n<meta name=\"twitter:label1\" content=\"Est. reading time\" \/>\n\t<meta name=\"twitter:data1\" content=\"1 minute\" \/>\n<script type=\"application\/ld+json\" class=\"yoast-schema-graph\">{\"@context\":\"https:\\\/\\\/schema.org\",\"@graph\":[{\"@type\":\"WebPage\",\"@id\":\"https:\\\/\\\/nirigs.com\\\/product\\\/kinza-boisson-gazeuse-citron-360-ml\\\/\",\"url\":\"https:\\\/\\\/nirigs.com\\\/product\\\/kinza-boisson-gazeuse-citron-360-ml\\\/\",\"name\":\"Kinza - Boisson gazeuse citron - 250 ml - NIRIGS\",\"isPartOf\":{\"@id\":\"https:\\\/\\\/nirigs.com\\\/#website\"},\"primaryImageOfPage\":{\"@id\":\"https:\\\/\\\/nirigs.com\\\/product\\\/kinza-boisson-gazeuse-citron-360-ml\\\/#primaryimage\"},\"image\":{\"@id\":\"https:\\\/\\\/nirigs.com\\\/product\\\/kinza-boisson-gazeuse-citron-360-ml\\\/#primaryimage\"},\"thumbnailUrl\":\"https:\\\/\\\/nirigs.com\\\/wp-content\\\/uploads\\\/2026\\\/04\\\/Kinza-Boisson-gazeuse-citron-360-ml.png\",\"datePublished\":\"2026-04-28T17:43:50+00:00\",\"dateModified\":\"2026-04-28T17:46:13+00:00\",\"description\":\"Commandez la boisson gazeuse Kinza citron 360 ml \u00e0 Djibouti. Rafra\u00eechissante, pratique et id\u00e9ale pour vos pauses avec livraison rapide Nirigs.\",\"breadcrumb\":{\"@id\":\"https:\\\/\\\/nirigs.com\\\/product\\\/kinza-boisson-gazeuse-citron-360-ml\\\/#breadcrumb\"},\"inLanguage\":\"en-US\",\"potentialAction\":[{\"@type\":\"ReadAction\",\"target\":[\"https:\\\/\\\/nirigs.com\\\/product\\\/kinza-boisson-gazeuse-citron-360-ml\\\/\"]}]},{\"@type\":\"ImageObject\",\"inLanguage\":\"en-US\",\"@id\":\"https:\\\/\\\/nirigs.com\\\/product\\\/kinza-boisson-gazeuse-citron-360-ml\\\/#primaryimage\",\"url\":\"https:\\\/\\\/nirigs.com\\\/wp-content\\\/uploads\\\/2026\\\/04\\\/Kinza-Boisson-gazeuse-citron-360-ml.png\",\"contentUrl\":\"https:\\\/\\\/nirigs.com\\\/wp-content\\\/uploads\\\/2026\\\/04\\\/Kinza-Boisson-gazeuse-citron-360-ml.png\",\"width\":1000,\"height\":1000},{\"@type\":\"BreadcrumbList\",\"@id\":\"https:\\\/\\\/nirigs.com\\\/product\\\/kinza-boisson-gazeuse-citron-360-ml\\\/#breadcrumb\",\"itemListElement\":[{\"@type\":\"ListItem\",\"position\":1,\"name\":\"Home\",\"item\":\"https:\\\/\\\/nirigs.com\\\/\"},{\"@type\":\"ListItem\",\"position\":2,\"name\":\"Parcourir\",\"item\":\"https:\\\/\\\/nirigs.com\\\/boutique\\\/\"},{\"@type\":\"ListItem\",\"position\":3,\"name\":\"Kinza &#8211; Boisson gazeuse citron &#8211; 250 ml\"}]},{\"@type\":\"WebSite\",\"@id\":\"https:\\\/\\\/nirigs.com\\\/#website\",\"url\":\"https:\\\/\\\/nirigs.com\\\/\",\"name\":\"Nirigs.com\",\"description\":\"Simplifiez vos achats du quotidien \u00e0 Djibouti\",\"publisher\":{\"@id\":\"https:\\\/\\\/nirigs.com\\\/#organization\"},\"potentialAction\":[{\"@type\":\"SearchAction\",\"target\":{\"@type\":\"EntryPoint\",\"urlTemplate\":\"https:\\\/\\\/nirigs.com\\\/?s={search_term_string}\"},\"query-input\":{\"@type\":\"PropertyValueSpecification\",\"valueRequired\":true,\"valueName\":\"search_term_string\"}}],\"inLanguage\":\"en-US\"},{\"@type\":\"Organization\",\"@id\":\"https:\\\/\\\/nirigs.com\\\/#organization\",\"name\":\"Nirigs\",\"url\":\"https:\\\/\\\/nirigs.com\\\/\",\"logo\":{\"@type\":\"ImageObject\",\"inLanguage\":\"en-US\",\"@id\":\"https:\\\/\\\/nirigs.com\\\/#\\\/schema\\\/logo\\\/image\\\/\",\"url\":\"https:\\\/\\\/nirigs.com\\\/wp-content\\\/uploads\\\/2025\\\/04\\\/Design-sans-titre-27.png\",\"contentUrl\":\"https:\\\/\\\/nirigs.com\\\/wp-content\\\/uploads\\\/2025\\\/04\\\/Design-sans-titre-27.png\",\"width\":500,\"height\":500,\"caption\":\"Nirigs\"},\"image\":{\"@id\":\"https:\\\/\\\/nirigs.com\\\/#\\\/schema\\\/logo\\\/image\\\/\"}}]}<\/script>\n<!-- \/ Yoast SEO plugin. -->","yoast_head_json":{"title":"Kinza - Boisson gazeuse citron - 250 ml - NIRIGS","description":"Commandez la boisson gazeuse Kinza citron 360 ml \u00e0 Djibouti. Rafra\u00eechissante, pratique et id\u00e9ale pour vos pauses avec livraison rapide Nirigs.","robots":{"index":"index","follow":"follow","max-snippet":"max-snippet:-1","max-image-preview":"max-image-preview:large","max-video-preview":"max-video-preview:-1"},"canonical":"https:\/\/nirigs.com\/en\/product\/kinza-boisson-gazeuse-citron-360-ml\/","og_locale":"en_US","og_type":"article","og_title":"Kinza - Boisson gazeuse citron - 250 ml - NIRIGS","og_description":"Commandez la boisson gazeuse Kinza citron 360 ml \u00e0 Djibouti. Rafra\u00eechissante, pratique et id\u00e9ale pour vos pauses avec livraison rapide Nirigs.","og_url":"https:\/\/nirigs.com\/en\/product\/kinza-boisson-gazeuse-citron-360-ml\/","og_site_name":"NIRIGS","article_modified_time":"2026-04-28T17:46:13+00:00","og_image":[{"width":1000,"height":1000,"url":"https:\/\/nirigs.com\/wp-content\/uploads\/2026\/04\/Kinza-Boisson-gazeuse-citron-360-ml.png","type":"image\/png"}],"twitter_card":"summary_large_image","twitter_misc":{"Est. reading time":"1 minute"},"schema":{"@context":"https:\/\/schema.org","@graph":[{"@type":"WebPage","@id":"https:\/\/nirigs.com\/product\/kinza-boisson-gazeuse-citron-360-ml\/","url":"https:\/\/nirigs.com\/product\/kinza-boisson-gazeuse-citron-360-ml\/","name":"Kinza - Boisson gazeuse citron - 250 ml - NIRIGS","isPartOf":{"@id":"https:\/\/nirigs.com\/#website"},"primaryImageOfPage":{"@id":"https:\/\/nirigs.com\/product\/kinza-boisson-gazeuse-citron-360-ml\/#primaryimage"},"image":{"@id":"https:\/\/nirigs.com\/product\/kinza-boisson-gazeuse-citron-360-ml\/#primaryimage"},"thumbnailUrl":"https:\/\/nirigs.com\/wp-content\/uploads\/2026\/04\/Kinza-Boisson-gazeuse-citron-360-ml.png","datePublished":"2026-04-28T17:43:50+00:00","dateModified":"2026-04-28T17:46:13+00:00","description":"Commandez la boisson gazeuse Kinza citron 360 ml \u00e0 Djibouti. Rafra\u00eechissante, pratique et id\u00e9ale pour vos pauses avec livraison rapide Nirigs.","breadcrumb":{"@id":"https:\/\/nirigs.com\/product\/kinza-boisson-gazeuse-citron-360-ml\/#breadcrumb"},"inLanguage":"en-US","potentialAction":[{"@type":"ReadAction","target":["https:\/\/nirigs.com\/product\/kinza-boisson-gazeuse-citron-360-ml\/"]}]},{"@type":"ImageObject","inLanguage":"en-US","@id":"https:\/\/nirigs.com\/product\/kinza-boisson-gazeuse-citron-360-ml\/#primaryimage","url":"https:\/\/nirigs.com\/wp-content\/uploads\/2026\/04\/Kinza-Boisson-gazeuse-citron-360-ml.png","contentUrl":"https:\/\/nirigs.com\/wp-content\/uploads\/2026\/04\/Kinza-Boisson-gazeuse-citron-360-ml.png","width":1000,"height":1000},{"@type":"BreadcrumbList","@id":"https:\/\/nirigs.com\/product\/kinza-boisson-gazeuse-citron-360-ml\/#breadcrumb","itemListElement":[{"@type":"ListItem","position":1,"name":"Home","item":"https:\/\/nirigs.com\/"},{"@type":"ListItem","position":2,"name":"Parcourir","item":"https:\/\/nirigs.com\/boutique\/"},{"@type":"ListItem","position":3,"name":"Kinza &#8211; Boisson gazeuse citron &#8211; 250 ml"}]},{"@type":"WebSite","@id":"https:\/\/nirigs.com\/#website","url":"https:\/\/nirigs.com\/","name":"Nirigs.com","description":"Simplifiez vos achats du quotidien \u00e0 Djibouti","publisher":{"@id":"https:\/\/nirigs.com\/#organization"},"potentialAction":[{"@type":"SearchAction","target":{"@type":"EntryPoint","urlTemplate":"https:\/\/nirigs.com\/?s={search_term_string}"},"query-input":{"@type":"PropertyValueSpecification","valueRequired":true,"valueName":"search_term_string"}}],"inLanguage":"en-US"},{"@type":"Organization","@id":"https:\/\/nirigs.com\/#organization","name":"Nirigs","url":"https:\/\/nirigs.com\/","logo":{"@type":"ImageObject","inLanguage":"en-US","@id":"https:\/\/nirigs.com\/#\/schema\/logo\/image\/","url":"https:\/\/nirigs.com\/wp-content\/uploads\/2025\/04\/Design-sans-titre-27.png","contentUrl":"https:\/\/nirigs.com\/wp-content\/uploads\/2025\/04\/Design-sans-titre-27.png","width":500,"height":500,"caption":"Nirigs"},"image":{"@id":"https:\/\/nirigs.com\/#\/schema\/logo\/image\/"}}]}},"brands":[{"id":1364,"name":"Kinza","slug":"kinza"}],"_links":{"self":[{"href":"https:\/\/nirigs.com\/en\/wp-json\/wp\/v2\/product\/27835","targetHints":{"allow":["GET"]}}],"collection":[{"href":"https:\/\/nirigs.com\/en\/wp-json\/wp\/v2\/product"}],"about":[{"href":"https:\/\/nirigs.com\/en\/wp-json\/wp\/v2\/types\/product"}],"replies":[{"embeddable":true,"href":"https:\/\/nirigs.com\/en\/wp-json\/wp\/v2\/comments?post=27835"}],"version-history":[{"count":2,"href":"https:\/\/nirigs.com\/en\/wp-json\/wp\/v2\/product\/27835\/revisions"}],"predecessor-version":[{"id":27840,"href":"https:\/\/nirigs.com\/en\/wp-json\/wp\/v2\/product\/27835\/revisions\/27840"}],"wp:featuredmedia":[{"embeddable":true,"href":"https:\/\/nirigs.com\/en\/wp-json\/wp\/v2\/media\/27837"}],"wp:attachment":[{"href":"https:\/\/nirigs.com\/en\/wp-json\/wp\/v2\/media?parent=27835"}],"wp:term":[{"taxonomy":"pwb-brand","embeddable":true,"href":"https:\/\/nirigs.com\/en\/wp-json\/wp\/v2\/pwb-brand?post=27835"},{"taxonomy":"product_brand","embeddable":true,"href":"https:\/\/nirigs.com\/en\/wp-json\/wp\/v2\/product_brand?post=27835"},{"taxonomy":"product_cat","embeddable":true,"href":"https:\/\/nirigs.com\/en\/wp-json\/wp\/v2\/product_cat?post=27835"},{"taxonomy":"product_tag","embeddable":true,"href":"https:\/\/nirigs.com\/en\/wp-json\/wp\/v2\/product_tag?post=27835"}],"curies":[{"name":"wp","href":"https:\/\/api.w.org\/{rel}","templated":true}]}}