{"id":27784,"date":"2026-03-09T19:51:25","date_gmt":"2026-03-09T16:51:25","guid":{"rendered":"https:\/\/nirigs.com\/?post_type=product&#038;p=27784"},"modified":"2026-03-09T19:51:25","modified_gmt":"2026-03-09T16:51:25","slug":"bath-body-works-brume-lost-in-santal-236-ml","status":"publish","type":"product","link":"https:\/\/nirigs.com\/en\/product\/bath-body-works-brume-lost-in-santal-236-ml\/","title":{"rendered":"Bath &#038; Body Works &#8211; Brume Lost in Santal &#8211; 236 ml"},"content":{"rendered":"<p data-start=\"28\" data-end=\"345\">Visit <strong data-start=\"31\" data-end=\"96\">Bath &amp; Body Works Lost in Santal Fine Fragrance Mist \u2013 236 ml<\/strong> est une brume parfum\u00e9e \u00e9l\u00e9gante qui enveloppe la peau d\u2019un parfum <strong data-start=\"163\" data-end=\"194\">bois\u00e9, chaud et sophistiqu\u00e9<\/strong>. Inspir\u00e9e par la richesse du bois de santal, cette fragrance apporte une touche \u00e0 la fois moderne et raffin\u00e9e id\u00e9ale pour une utilisation quotidienne.<\/p>\n<p data-start=\"347\" data-end=\"564\">Sa formule l\u00e9g\u00e8re se vaporise facilement et laisse un voile parfum\u00e9 subtil sur la peau. La brume procure une sensation de fra\u00eecheur imm\u00e9diate tout en diffusant un parfum durable et agr\u00e9able tout au long de la journ\u00e9e.<\/p>\n<p data-start=\"566\" data-end=\"764\">Gr\u00e2ce \u00e0 ses <strong data-start=\"578\" data-end=\"628\">notes bois\u00e9es, cr\u00e9meuses et l\u00e9g\u00e8rement ambr\u00e9es<\/strong>, Lost in Santal offre une fragrance enveloppante qui convient parfaitement aux personnes qui aiment les parfums \u00e9l\u00e9gants et chaleureux.<\/p>\n<p data-start=\"766\" data-end=\"938\">Facile \u00e0 emporter et \u00e0 utiliser, cette brume corporelle peut \u00eatre appliqu\u00e9e apr\u00e8s la douche ou \u00e0 tout moment pour rafra\u00eechir la peau et prolonger la sensation de bien-\u00eatre.<\/p>\n<h2 data-section-id=\"14h0wb0\" data-start=\"940\" data-end=\"956\"><strong data-start=\"943\" data-end=\"956\">Bienfaits<\/strong><\/h2>\n<ul data-start=\"958\" data-end=\"1118\">\n<li data-section-id=\"1hl8w7p\" data-start=\"958\" data-end=\"990\">\n<p data-start=\"960\" data-end=\"990\">Parfume d\u00e9licatement la peau<\/p>\n<\/li>\n<li data-section-id=\"1l5sofy\" data-start=\"991\" data-end=\"1023\">\n<p data-start=\"993\" data-end=\"1023\">Fragrance bois\u00e9e et \u00e9l\u00e9gante<\/p>\n<\/li>\n<li data-section-id=\"skuccv\" data-start=\"1024\" data-end=\"1061\">\n<p data-start=\"1026\" data-end=\"1061\">Texture l\u00e9g\u00e8re et rafra\u00eechissante<\/p>\n<\/li>\n<li data-section-id=\"zbic7m\" data-start=\"1062\" data-end=\"1096\">\n<p data-start=\"1064\" data-end=\"1096\">Id\u00e9ale pour un usage quotidien<\/p>\n<\/li>\n<li data-section-id=\"2xr5mo\" data-start=\"1097\" data-end=\"1118\">\n<p data-start=\"1099\" data-end=\"1118\">Parfum longue dur\u00e9e<\/p>\n<\/li>\n<\/ul>\n<h2 data-section-id=\"wh1kro\" data-start=\"1120\" data-end=\"1142\"><strong data-start=\"1123\" data-end=\"1142\">Notes parfum\u00e9es<\/strong><\/h2>\n<ul data-start=\"1144\" data-end=\"1292\">\n<li data-section-id=\"m7k92s\" data-start=\"1144\" data-end=\"1197\">\n<p data-start=\"1146\" data-end=\"1197\"><strong data-start=\"1146\" data-end=\"1165\">Notes de t\u00eate :<\/strong> notes fra\u00eeches et aromatiques<\/p>\n<\/li>\n<li data-section-id=\"qvl8vd\" data-start=\"1198\" data-end=\"1244\">\n<p data-start=\"1200\" data-end=\"1244\"><strong data-start=\"1200\" data-end=\"1219\">Notes de c\u0153ur :<\/strong> bois de santal cr\u00e9meux<\/p>\n<\/li>\n<li data-section-id=\"g7wbch\" data-start=\"1245\" data-end=\"1292\">\n<p data-start=\"1247\" data-end=\"1292\"><strong data-start=\"1247\" data-end=\"1266\">Notes de fond :<\/strong> accords bois\u00e9s et musqu\u00e9s<\/p>\n<\/li>\n<\/ul>\n<h2 data-section-id=\"1c4rp6g\" data-start=\"1294\" data-end=\"1319\"><strong data-start=\"1297\" data-end=\"1319\">Mode d\u2019utilisation<\/strong><\/h2>\n<p data-start=\"1321\" data-end=\"1511\">Vaporiser la brume sur la peau propre, de pr\u00e9f\u00e9rence apr\u00e8s la douche.<br data-start=\"1390\" data-end=\"1393\" \/>Appliquer sur les poignets, le cou ou le corps pour profiter d\u2019un parfum l\u00e9ger et agr\u00e9able tout au long de la journ\u00e9e.<\/p>\n<h2 data-section-id=\"mtesan\" data-start=\"1540\" data-end=\"1558\"><strong data-start=\"1543\" data-end=\"1558\">Ingredients<\/strong><\/h2>\n<p data-start=\"1560\" data-end=\"1813\" data-is-last-node=\"\" data-is-only-node=\"\">Alcohol Denat., Water (Aqua), Fragrance (Parfum), Propylene Glycol, Aloe Barbadensis Leaf Extract, Butyl Methoxydibenzoylmethane, Ethylhexyl Methoxycinnamate, Ethylhexyl Salicylate, Benzyl Salicylate, Coumarin, Limonene, Linalool, Citronellol, Geraniol.<\/p>","protected":false},"excerpt":{"rendered":"<p>La Bath &amp; Body Works Lost in Santal Fine Fragrance Mist \u2013 236 ml est une brume parfum\u00e9e \u00e9l\u00e9gante qui<\/p>","protected":false},"featured_media":27786,"comment_status":"open","ping_status":"closed","template":"","meta":[],"pwb-brand":[624],"product_brand":[],"product_cat":[267,275,304],"product_tag":[],"class_list":{"0":"post-27784","1":"product","2":"type-product","3":"status-publish","4":"has-post-thumbnail","6":"pwb-brand-bath-body-works","7":"product_cat-beaute-et-soins","8":"product_cat-epicerie","9":"product_cat-parfums","11":"first","12":"instock","13":"shipping-taxable","14":"purchasable","15":"product-type-simple"},"yoast_head":"<!-- This site is optimized with the Yoast SEO plugin v27.4 - https:\/\/yoast.com\/product\/yoast-seo-wordpress\/ -->\n<title>Bath &amp; Body Works - Brume Lost in Santal - 236 ml - NIRIGS<\/title>\n<meta name=\"robots\" content=\"index, follow, max-snippet:-1, max-image-preview:large, max-video-preview:-1\" \/>\n<link rel=\"canonical\" href=\"https:\/\/nirigs.com\/en\/product\/bath-body-works-brume-lost-in-santal-236-ml\/\" \/>\n<meta property=\"og:locale\" content=\"en_US\" \/>\n<meta property=\"og:type\" content=\"article\" \/>\n<meta property=\"og:title\" content=\"Bath &amp; Body Works - Brume Lost in Santal - 236 ml - NIRIGS\" \/>\n<meta property=\"og:description\" content=\"La Bath &amp; Body Works Lost in Santal Fine Fragrance Mist \u2013 236 ml est une brume parfum\u00e9e \u00e9l\u00e9gante qui\" \/>\n<meta property=\"og:url\" content=\"https:\/\/nirigs.com\/en\/product\/bath-body-works-brume-lost-in-santal-236-ml\/\" \/>\n<meta property=\"og:site_name\" content=\"NIRIGS\" \/>\n<meta property=\"og:image\" content=\"https:\/\/nirigs.com\/wp-content\/uploads\/2026\/03\/Bath-Body-Works-Brume-Lost-in-Santal-236-ml-.png\" \/>\n\t<meta property=\"og:image:width\" content=\"1000\" \/>\n\t<meta property=\"og:image:height\" content=\"1000\" \/>\n\t<meta property=\"og:image:type\" content=\"image\/png\" \/>\n<meta name=\"twitter:card\" content=\"summary_large_image\" \/>\n<meta name=\"twitter:label1\" content=\"Est. reading time\" \/>\n\t<meta name=\"twitter:data1\" content=\"2 minutes\" \/>\n<script type=\"application\/ld+json\" class=\"yoast-schema-graph\">{\"@context\":\"https:\\\/\\\/schema.org\",\"@graph\":[{\"@type\":\"WebPage\",\"@id\":\"https:\\\/\\\/nirigs.com\\\/product\\\/bath-body-works-brume-lost-in-santal-236-ml\\\/\",\"url\":\"https:\\\/\\\/nirigs.com\\\/product\\\/bath-body-works-brume-lost-in-santal-236-ml\\\/\",\"name\":\"Bath & Body Works - Brume Lost in Santal - 236 ml - NIRIGS\",\"isPartOf\":{\"@id\":\"https:\\\/\\\/nirigs.com\\\/#website\"},\"primaryImageOfPage\":{\"@id\":\"https:\\\/\\\/nirigs.com\\\/product\\\/bath-body-works-brume-lost-in-santal-236-ml\\\/#primaryimage\"},\"image\":{\"@id\":\"https:\\\/\\\/nirigs.com\\\/product\\\/bath-body-works-brume-lost-in-santal-236-ml\\\/#primaryimage\"},\"thumbnailUrl\":\"https:\\\/\\\/nirigs.com\\\/wp-content\\\/uploads\\\/2026\\\/03\\\/Bath-Body-Works-Brume-Lost-in-Santal-236-ml-.png\",\"datePublished\":\"2026-03-09T16:51:25+00:00\",\"breadcrumb\":{\"@id\":\"https:\\\/\\\/nirigs.com\\\/product\\\/bath-body-works-brume-lost-in-santal-236-ml\\\/#breadcrumb\"},\"inLanguage\":\"en-US\",\"potentialAction\":[{\"@type\":\"ReadAction\",\"target\":[\"https:\\\/\\\/nirigs.com\\\/product\\\/bath-body-works-brume-lost-in-santal-236-ml\\\/\"]}]},{\"@type\":\"ImageObject\",\"inLanguage\":\"en-US\",\"@id\":\"https:\\\/\\\/nirigs.com\\\/product\\\/bath-body-works-brume-lost-in-santal-236-ml\\\/#primaryimage\",\"url\":\"https:\\\/\\\/nirigs.com\\\/wp-content\\\/uploads\\\/2026\\\/03\\\/Bath-Body-Works-Brume-Lost-in-Santal-236-ml-.png\",\"contentUrl\":\"https:\\\/\\\/nirigs.com\\\/wp-content\\\/uploads\\\/2026\\\/03\\\/Bath-Body-Works-Brume-Lost-in-Santal-236-ml-.png\",\"width\":1000,\"height\":1000},{\"@type\":\"BreadcrumbList\",\"@id\":\"https:\\\/\\\/nirigs.com\\\/product\\\/bath-body-works-brume-lost-in-santal-236-ml\\\/#breadcrumb\",\"itemListElement\":[{\"@type\":\"ListItem\",\"position\":1,\"name\":\"Home\",\"item\":\"https:\\\/\\\/nirigs.com\\\/\"},{\"@type\":\"ListItem\",\"position\":2,\"name\":\"Parcourir\",\"item\":\"https:\\\/\\\/nirigs.com\\\/boutique\\\/\"},{\"@type\":\"ListItem\",\"position\":3,\"name\":\"Bath &#038; Body Works &#8211; Brume Lost in Santal &#8211; 236 ml\"}]},{\"@type\":\"WebSite\",\"@id\":\"https:\\\/\\\/nirigs.com\\\/#website\",\"url\":\"https:\\\/\\\/nirigs.com\\\/\",\"name\":\"Nirigs.com\",\"description\":\"Simplifiez vos achats du quotidien \u00e0 Djibouti\",\"publisher\":{\"@id\":\"https:\\\/\\\/nirigs.com\\\/#organization\"},\"potentialAction\":[{\"@type\":\"SearchAction\",\"target\":{\"@type\":\"EntryPoint\",\"urlTemplate\":\"https:\\\/\\\/nirigs.com\\\/?s={search_term_string}\"},\"query-input\":{\"@type\":\"PropertyValueSpecification\",\"valueRequired\":true,\"valueName\":\"search_term_string\"}}],\"inLanguage\":\"en-US\"},{\"@type\":\"Organization\",\"@id\":\"https:\\\/\\\/nirigs.com\\\/#organization\",\"name\":\"Nirigs\",\"url\":\"https:\\\/\\\/nirigs.com\\\/\",\"logo\":{\"@type\":\"ImageObject\",\"inLanguage\":\"en-US\",\"@id\":\"https:\\\/\\\/nirigs.com\\\/#\\\/schema\\\/logo\\\/image\\\/\",\"url\":\"https:\\\/\\\/nirigs.com\\\/wp-content\\\/uploads\\\/2025\\\/04\\\/Design-sans-titre-27.png\",\"contentUrl\":\"https:\\\/\\\/nirigs.com\\\/wp-content\\\/uploads\\\/2025\\\/04\\\/Design-sans-titre-27.png\",\"width\":500,\"height\":500,\"caption\":\"Nirigs\"},\"image\":{\"@id\":\"https:\\\/\\\/nirigs.com\\\/#\\\/schema\\\/logo\\\/image\\\/\"}}]}<\/script>\n<!-- \/ Yoast SEO plugin. -->","yoast_head_json":{"title":"Bath & Body Works - Brume Lost in Santal - 236 ml - NIRIGS","robots":{"index":"index","follow":"follow","max-snippet":"max-snippet:-1","max-image-preview":"max-image-preview:large","max-video-preview":"max-video-preview:-1"},"canonical":"https:\/\/nirigs.com\/en\/product\/bath-body-works-brume-lost-in-santal-236-ml\/","og_locale":"en_US","og_type":"article","og_title":"Bath & Body Works - Brume Lost in Santal - 236 ml - NIRIGS","og_description":"La Bath &amp; Body Works Lost in Santal Fine Fragrance Mist \u2013 236 ml est une brume parfum\u00e9e \u00e9l\u00e9gante qui","og_url":"https:\/\/nirigs.com\/en\/product\/bath-body-works-brume-lost-in-santal-236-ml\/","og_site_name":"NIRIGS","og_image":[{"width":1000,"height":1000,"url":"https:\/\/nirigs.com\/wp-content\/uploads\/2026\/03\/Bath-Body-Works-Brume-Lost-in-Santal-236-ml-.png","type":"image\/png"}],"twitter_card":"summary_large_image","twitter_misc":{"Est. reading time":"2 minutes"},"schema":{"@context":"https:\/\/schema.org","@graph":[{"@type":"WebPage","@id":"https:\/\/nirigs.com\/product\/bath-body-works-brume-lost-in-santal-236-ml\/","url":"https:\/\/nirigs.com\/product\/bath-body-works-brume-lost-in-santal-236-ml\/","name":"Bath & Body Works - Brume Lost in Santal - 236 ml - NIRIGS","isPartOf":{"@id":"https:\/\/nirigs.com\/#website"},"primaryImageOfPage":{"@id":"https:\/\/nirigs.com\/product\/bath-body-works-brume-lost-in-santal-236-ml\/#primaryimage"},"image":{"@id":"https:\/\/nirigs.com\/product\/bath-body-works-brume-lost-in-santal-236-ml\/#primaryimage"},"thumbnailUrl":"https:\/\/nirigs.com\/wp-content\/uploads\/2026\/03\/Bath-Body-Works-Brume-Lost-in-Santal-236-ml-.png","datePublished":"2026-03-09T16:51:25+00:00","breadcrumb":{"@id":"https:\/\/nirigs.com\/product\/bath-body-works-brume-lost-in-santal-236-ml\/#breadcrumb"},"inLanguage":"en-US","potentialAction":[{"@type":"ReadAction","target":["https:\/\/nirigs.com\/product\/bath-body-works-brume-lost-in-santal-236-ml\/"]}]},{"@type":"ImageObject","inLanguage":"en-US","@id":"https:\/\/nirigs.com\/product\/bath-body-works-brume-lost-in-santal-236-ml\/#primaryimage","url":"https:\/\/nirigs.com\/wp-content\/uploads\/2026\/03\/Bath-Body-Works-Brume-Lost-in-Santal-236-ml-.png","contentUrl":"https:\/\/nirigs.com\/wp-content\/uploads\/2026\/03\/Bath-Body-Works-Brume-Lost-in-Santal-236-ml-.png","width":1000,"height":1000},{"@type":"BreadcrumbList","@id":"https:\/\/nirigs.com\/product\/bath-body-works-brume-lost-in-santal-236-ml\/#breadcrumb","itemListElement":[{"@type":"ListItem","position":1,"name":"Home","item":"https:\/\/nirigs.com\/"},{"@type":"ListItem","position":2,"name":"Parcourir","item":"https:\/\/nirigs.com\/boutique\/"},{"@type":"ListItem","position":3,"name":"Bath &#038; Body Works &#8211; Brume Lost in Santal &#8211; 236 ml"}]},{"@type":"WebSite","@id":"https:\/\/nirigs.com\/#website","url":"https:\/\/nirigs.com\/","name":"Nirigs.com","description":"Simplifiez vos achats du quotidien \u00e0 Djibouti","publisher":{"@id":"https:\/\/nirigs.com\/#organization"},"potentialAction":[{"@type":"SearchAction","target":{"@type":"EntryPoint","urlTemplate":"https:\/\/nirigs.com\/?s={search_term_string}"},"query-input":{"@type":"PropertyValueSpecification","valueRequired":true,"valueName":"search_term_string"}}],"inLanguage":"en-US"},{"@type":"Organization","@id":"https:\/\/nirigs.com\/#organization","name":"Nirigs","url":"https:\/\/nirigs.com\/","logo":{"@type":"ImageObject","inLanguage":"en-US","@id":"https:\/\/nirigs.com\/#\/schema\/logo\/image\/","url":"https:\/\/nirigs.com\/wp-content\/uploads\/2025\/04\/Design-sans-titre-27.png","contentUrl":"https:\/\/nirigs.com\/wp-content\/uploads\/2025\/04\/Design-sans-titre-27.png","width":500,"height":500,"caption":"Nirigs"},"image":{"@id":"https:\/\/nirigs.com\/#\/schema\/logo\/image\/"}}]}},"brands":[{"id":624,"name":"Bath &amp; Body Works","slug":"bath-body-works"}],"_links":{"self":[{"href":"https:\/\/nirigs.com\/en\/wp-json\/wp\/v2\/product\/27784","targetHints":{"allow":["GET"]}}],"collection":[{"href":"https:\/\/nirigs.com\/en\/wp-json\/wp\/v2\/product"}],"about":[{"href":"https:\/\/nirigs.com\/en\/wp-json\/wp\/v2\/types\/product"}],"replies":[{"embeddable":true,"href":"https:\/\/nirigs.com\/en\/wp-json\/wp\/v2\/comments?post=27784"}],"version-history":[{"count":2,"href":"https:\/\/nirigs.com\/en\/wp-json\/wp\/v2\/product\/27784\/revisions"}],"predecessor-version":[{"id":27787,"href":"https:\/\/nirigs.com\/en\/wp-json\/wp\/v2\/product\/27784\/revisions\/27787"}],"wp:featuredmedia":[{"embeddable":true,"href":"https:\/\/nirigs.com\/en\/wp-json\/wp\/v2\/media\/27786"}],"wp:attachment":[{"href":"https:\/\/nirigs.com\/en\/wp-json\/wp\/v2\/media?parent=27784"}],"wp:term":[{"taxonomy":"pwb-brand","embeddable":true,"href":"https:\/\/nirigs.com\/en\/wp-json\/wp\/v2\/pwb-brand?post=27784"},{"taxonomy":"product_brand","embeddable":true,"href":"https:\/\/nirigs.com\/en\/wp-json\/wp\/v2\/product_brand?post=27784"},{"taxonomy":"product_cat","embeddable":true,"href":"https:\/\/nirigs.com\/en\/wp-json\/wp\/v2\/product_cat?post=27784"},{"taxonomy":"product_tag","embeddable":true,"href":"https:\/\/nirigs.com\/en\/wp-json\/wp\/v2\/product_tag?post=27784"}],"curies":[{"name":"wp","href":"https:\/\/api.w.org\/{rel}","templated":true}]}}