{"id":27780,"date":"2026-03-09T19:41:05","date_gmt":"2026-03-09T16:41:05","guid":{"rendered":"https:\/\/nirigs.com\/?post_type=product&#038;p=27780"},"modified":"2026-03-09T19:41:05","modified_gmt":"2026-03-09T16:41:05","slug":"bath-body-works-brume-paris-amour-236-ml","status":"publish","type":"product","link":"https:\/\/nirigs.com\/en\/product\/bath-body-works-brume-paris-amour-236-ml\/","title":{"rendered":"Bath &#038; Body Works &#8211; Brume Paris Amour &#8211; 236 ml"},"content":{"rendered":"<p data-start=\"24\" data-end=\"433\">Visit <span class=\"hover:entity-accent entity-underline inline cursor-pointer align-baseline\"><span class=\"whitespace-normal\">Bath &amp; Body Works<\/span><\/span> <strong data-start=\"65\" data-end=\"109\">Paris Amour Fine Fragrance Mist \u2013 236 ml<\/strong> est une brume parfum\u00e9e l\u00e9g\u00e8re qui enveloppe la peau d\u2019un parfum romantique et f\u00e9minin inspir\u00e9 de l\u2019\u00e9l\u00e9gance parisienne. Sa fragrance associe des <strong data-start=\"255\" data-end=\"333\">notes fruit\u00e9es p\u00e9tillantes, des fleurs d\u00e9licates et un fond doux et musqu\u00e9<\/strong>, cr\u00e9ant un parfum \u00e0 la fois frais, gourmand et sophistiqu\u00e9.<\/p>\n<p data-start=\"435\" data-end=\"705\">Cette brume corporelle diffuse un voile parfum\u00e9 subtil qui peut \u00eatre appliqu\u00e9 tout au long de la journ\u00e9e pour rafra\u00eechir la peau. Sa texture l\u00e9g\u00e8re et non grasse se vaporise facilement et laisse une sensation agr\u00e9able sur la peau.<\/p>\n<p data-start=\"1096\" data-end=\"1287\">Parfaite pour un usage quotidien, cette brume parfum\u00e9e apporte une touche de fra\u00eecheur et de douceur qui peut \u00eatre port\u00e9e seule ou combin\u00e9e avec d\u2019autres soins parfum\u00e9s de la m\u00eame collection.<\/p>\n<h2 data-section-id=\"3bowek\" data-start=\"1289\" data-end=\"1301\">Bienfaits<\/h2>\n<ul data-start=\"1303\" data-end=\"1528\">\n<li data-section-id=\"1hl8w7p\" data-start=\"1303\" data-end=\"1335\">\n<p data-start=\"1305\" data-end=\"1335\">Parfume d\u00e9licatement la peau<\/p>\n<\/li>\n<li data-section-id=\"skuccv\" data-start=\"1336\" data-end=\"1373\">\n<p data-start=\"1338\" data-end=\"1373\">Texture l\u00e9g\u00e8re et rafra\u00eechissante<\/p>\n<\/li>\n<li data-section-id=\"723hfg\" data-start=\"1374\" data-end=\"1417\">\n<p data-start=\"1376\" data-end=\"1417\">Fragrance florale et fruit\u00e9e romantique<\/p>\n<\/li>\n<li data-section-id=\"zbic7m\" data-start=\"1418\" data-end=\"1452\">\n<p data-start=\"1420\" data-end=\"1452\">Id\u00e9ale pour un usage quotidien<\/p>\n<\/li>\n<li data-section-id=\"1j4xele\" data-start=\"1453\" data-end=\"1528\">\n<p data-start=\"1455\" data-end=\"1528\">Peut \u00eatre utilis\u00e9e seule ou en layering avec d\u2019autres produits parfum\u00e9s<\/p>\n<\/li>\n<\/ul>\n<h2 data-section-id=\"1hpgodg\" data-start=\"1530\" data-end=\"1548\">Notes parfum\u00e9es<\/h2>\n<ul data-start=\"1550\" data-end=\"1793\">\n<li data-section-id=\"1h0slwj\" data-start=\"1550\" data-end=\"1619\">\n<p data-start=\"1552\" data-end=\"1619\"><strong data-start=\"1552\" data-end=\"1571\">Notes de t\u00eate :<\/strong> mandarine p\u00e9tillante, fraise, cassis, freesia<\/p>\n<\/li>\n<li data-section-id=\"xxzimb\" data-start=\"1620\" data-end=\"1684\">\n<p data-start=\"1622\" data-end=\"1684\"><strong data-start=\"1622\" data-end=\"1641\">Notes de c\u0153ur :<\/strong> jasmin, tulipe rose, p\u00eache, frangipanier<\/p>\n<\/li>\n<li data-section-id=\"1o2csvr\" data-start=\"1685\" data-end=\"1793\">\n<p data-start=\"1687\" data-end=\"1793\"><strong data-start=\"1687\" data-end=\"1706\">Notes de fond :<\/strong> vanille fran\u00e7aise, musc, bois de santal, ambre<\/p>\n<\/li>\n<\/ul>\n<h2 data-section-id=\"cgr77c\" data-start=\"1795\" data-end=\"1816\">Mode d\u2019utilisation<\/h2>\n<p data-start=\"1818\" data-end=\"2003\">Vaporiser g\u00e9n\u00e9reusement sur le corps apr\u00e8s la douche ou \u00e0 tout moment de la journ\u00e9e pour rafra\u00eechir le parfum.<br data-start=\"1928\" data-end=\"1931\" \/>Peut \u00eatre appliqu\u00e9 sur la peau ou les v\u00eatements pour prolonger la tenue.<\/p>\n<h2 data-section-id=\"16oo88v\" data-start=\"2028\" data-end=\"2042\">Ingredients<\/h2>\n<p data-start=\"2044\" data-end=\"2413\">Alcohol Denat., Water (Aqua), Fragrance (Parfum), Aloe Barbadensis Leaf Extract, Propylene Glycol, Butyl Methoxydibenzoylmethane, Ethylhexyl Methoxycinnamate, Ethylhexyl Salicylate, Alpha-Isomethyl Ionone, Benzyl Salicylate, Citronellol, Coumarin, Limonene, Geraniol, Hexyl Cinnamal, Hydroxyisohexyl 3-Cyclohexene Carboxaldehyde.<\/p>","protected":false},"excerpt":{"rendered":"<p>La Bath &amp; Body Works Paris Amour Fine Fragrance Mist \u2013 236 ml est une brume parfum\u00e9e l\u00e9g\u00e8re qui enveloppe<\/p>","protected":false},"featured_media":27781,"comment_status":"open","ping_status":"closed","template":"","meta":[],"pwb-brand":[624],"product_brand":[],"product_cat":[267,275,304],"product_tag":[],"class_list":{"0":"post-27780","1":"product","2":"type-product","3":"status-publish","4":"has-post-thumbnail","6":"pwb-brand-bath-body-works","7":"product_cat-beaute-et-soins","8":"product_cat-epicerie","9":"product_cat-parfums","11":"first","12":"instock","13":"shipping-taxable","14":"purchasable","15":"product-type-simple"},"yoast_head":"<!-- This site is optimized with the Yoast SEO plugin v27.4 - https:\/\/yoast.com\/product\/yoast-seo-wordpress\/ -->\n<title>Bath &amp; Body Works - Brume Paris Amour - 236 ml - NIRIGS<\/title>\n<meta name=\"robots\" content=\"index, follow, max-snippet:-1, max-image-preview:large, max-video-preview:-1\" \/>\n<link rel=\"canonical\" href=\"https:\/\/nirigs.com\/en\/product\/bath-body-works-brume-paris-amour-236-ml\/\" \/>\n<meta property=\"og:locale\" content=\"en_US\" \/>\n<meta property=\"og:type\" content=\"article\" \/>\n<meta property=\"og:title\" content=\"Bath &amp; Body Works - Brume Paris Amour - 236 ml - NIRIGS\" \/>\n<meta property=\"og:description\" content=\"La Bath &amp; Body Works Paris Amour Fine Fragrance Mist \u2013 236 ml est une brume parfum\u00e9e l\u00e9g\u00e8re qui enveloppe\" \/>\n<meta property=\"og:url\" content=\"https:\/\/nirigs.com\/en\/product\/bath-body-works-brume-paris-amour-236-ml\/\" \/>\n<meta property=\"og:site_name\" content=\"NIRIGS\" \/>\n<meta property=\"og:image\" content=\"https:\/\/nirigs.com\/wp-content\/uploads\/2026\/03\/Bath-Body-Works-Brume-Paris-Amour-236-ml.png\" \/>\n\t<meta property=\"og:image:width\" content=\"1000\" \/>\n\t<meta property=\"og:image:height\" content=\"1000\" \/>\n\t<meta property=\"og:image:type\" content=\"image\/png\" \/>\n<meta name=\"twitter:card\" content=\"summary_large_image\" \/>\n<meta name=\"twitter:label1\" content=\"Est. reading time\" \/>\n\t<meta name=\"twitter:data1\" content=\"2 minutes\" \/>\n<script type=\"application\/ld+json\" class=\"yoast-schema-graph\">{\"@context\":\"https:\\\/\\\/schema.org\",\"@graph\":[{\"@type\":\"WebPage\",\"@id\":\"https:\\\/\\\/nirigs.com\\\/product\\\/bath-body-works-brume-paris-amour-236-ml\\\/\",\"url\":\"https:\\\/\\\/nirigs.com\\\/product\\\/bath-body-works-brume-paris-amour-236-ml\\\/\",\"name\":\"Bath & Body Works - Brume Paris Amour - 236 ml - NIRIGS\",\"isPartOf\":{\"@id\":\"https:\\\/\\\/nirigs.com\\\/#website\"},\"primaryImageOfPage\":{\"@id\":\"https:\\\/\\\/nirigs.com\\\/product\\\/bath-body-works-brume-paris-amour-236-ml\\\/#primaryimage\"},\"image\":{\"@id\":\"https:\\\/\\\/nirigs.com\\\/product\\\/bath-body-works-brume-paris-amour-236-ml\\\/#primaryimage\"},\"thumbnailUrl\":\"https:\\\/\\\/nirigs.com\\\/wp-content\\\/uploads\\\/2026\\\/03\\\/Bath-Body-Works-Brume-Paris-Amour-236-ml.png\",\"datePublished\":\"2026-03-09T16:41:05+00:00\",\"breadcrumb\":{\"@id\":\"https:\\\/\\\/nirigs.com\\\/product\\\/bath-body-works-brume-paris-amour-236-ml\\\/#breadcrumb\"},\"inLanguage\":\"en-US\",\"potentialAction\":[{\"@type\":\"ReadAction\",\"target\":[\"https:\\\/\\\/nirigs.com\\\/product\\\/bath-body-works-brume-paris-amour-236-ml\\\/\"]}]},{\"@type\":\"ImageObject\",\"inLanguage\":\"en-US\",\"@id\":\"https:\\\/\\\/nirigs.com\\\/product\\\/bath-body-works-brume-paris-amour-236-ml\\\/#primaryimage\",\"url\":\"https:\\\/\\\/nirigs.com\\\/wp-content\\\/uploads\\\/2026\\\/03\\\/Bath-Body-Works-Brume-Paris-Amour-236-ml.png\",\"contentUrl\":\"https:\\\/\\\/nirigs.com\\\/wp-content\\\/uploads\\\/2026\\\/03\\\/Bath-Body-Works-Brume-Paris-Amour-236-ml.png\",\"width\":1000,\"height\":1000},{\"@type\":\"BreadcrumbList\",\"@id\":\"https:\\\/\\\/nirigs.com\\\/product\\\/bath-body-works-brume-paris-amour-236-ml\\\/#breadcrumb\",\"itemListElement\":[{\"@type\":\"ListItem\",\"position\":1,\"name\":\"Home\",\"item\":\"https:\\\/\\\/nirigs.com\\\/\"},{\"@type\":\"ListItem\",\"position\":2,\"name\":\"Parcourir\",\"item\":\"https:\\\/\\\/nirigs.com\\\/boutique\\\/\"},{\"@type\":\"ListItem\",\"position\":3,\"name\":\"Bath &#038; Body Works &#8211; Brume Paris Amour &#8211; 236 ml\"}]},{\"@type\":\"WebSite\",\"@id\":\"https:\\\/\\\/nirigs.com\\\/#website\",\"url\":\"https:\\\/\\\/nirigs.com\\\/\",\"name\":\"Nirigs.com\",\"description\":\"Simplifiez vos achats du quotidien \u00e0 Djibouti\",\"publisher\":{\"@id\":\"https:\\\/\\\/nirigs.com\\\/#organization\"},\"potentialAction\":[{\"@type\":\"SearchAction\",\"target\":{\"@type\":\"EntryPoint\",\"urlTemplate\":\"https:\\\/\\\/nirigs.com\\\/?s={search_term_string}\"},\"query-input\":{\"@type\":\"PropertyValueSpecification\",\"valueRequired\":true,\"valueName\":\"search_term_string\"}}],\"inLanguage\":\"en-US\"},{\"@type\":\"Organization\",\"@id\":\"https:\\\/\\\/nirigs.com\\\/#organization\",\"name\":\"Nirigs\",\"url\":\"https:\\\/\\\/nirigs.com\\\/\",\"logo\":{\"@type\":\"ImageObject\",\"inLanguage\":\"en-US\",\"@id\":\"https:\\\/\\\/nirigs.com\\\/#\\\/schema\\\/logo\\\/image\\\/\",\"url\":\"https:\\\/\\\/nirigs.com\\\/wp-content\\\/uploads\\\/2025\\\/04\\\/Design-sans-titre-27.png\",\"contentUrl\":\"https:\\\/\\\/nirigs.com\\\/wp-content\\\/uploads\\\/2025\\\/04\\\/Design-sans-titre-27.png\",\"width\":500,\"height\":500,\"caption\":\"Nirigs\"},\"image\":{\"@id\":\"https:\\\/\\\/nirigs.com\\\/#\\\/schema\\\/logo\\\/image\\\/\"}}]}<\/script>\n<!-- \/ Yoast SEO plugin. -->","yoast_head_json":{"title":"Bath & Body Works - Brume Paris Amour - 236 ml - NIRIGS","robots":{"index":"index","follow":"follow","max-snippet":"max-snippet:-1","max-image-preview":"max-image-preview:large","max-video-preview":"max-video-preview:-1"},"canonical":"https:\/\/nirigs.com\/en\/product\/bath-body-works-brume-paris-amour-236-ml\/","og_locale":"en_US","og_type":"article","og_title":"Bath & Body Works - Brume Paris Amour - 236 ml - NIRIGS","og_description":"La Bath &amp; Body Works Paris Amour Fine Fragrance Mist \u2013 236 ml est une brume parfum\u00e9e l\u00e9g\u00e8re qui enveloppe","og_url":"https:\/\/nirigs.com\/en\/product\/bath-body-works-brume-paris-amour-236-ml\/","og_site_name":"NIRIGS","og_image":[{"width":1000,"height":1000,"url":"https:\/\/nirigs.com\/wp-content\/uploads\/2026\/03\/Bath-Body-Works-Brume-Paris-Amour-236-ml.png","type":"image\/png"}],"twitter_card":"summary_large_image","twitter_misc":{"Est. reading time":"2 minutes"},"schema":{"@context":"https:\/\/schema.org","@graph":[{"@type":"WebPage","@id":"https:\/\/nirigs.com\/product\/bath-body-works-brume-paris-amour-236-ml\/","url":"https:\/\/nirigs.com\/product\/bath-body-works-brume-paris-amour-236-ml\/","name":"Bath & Body Works - Brume Paris Amour - 236 ml - NIRIGS","isPartOf":{"@id":"https:\/\/nirigs.com\/#website"},"primaryImageOfPage":{"@id":"https:\/\/nirigs.com\/product\/bath-body-works-brume-paris-amour-236-ml\/#primaryimage"},"image":{"@id":"https:\/\/nirigs.com\/product\/bath-body-works-brume-paris-amour-236-ml\/#primaryimage"},"thumbnailUrl":"https:\/\/nirigs.com\/wp-content\/uploads\/2026\/03\/Bath-Body-Works-Brume-Paris-Amour-236-ml.png","datePublished":"2026-03-09T16:41:05+00:00","breadcrumb":{"@id":"https:\/\/nirigs.com\/product\/bath-body-works-brume-paris-amour-236-ml\/#breadcrumb"},"inLanguage":"en-US","potentialAction":[{"@type":"ReadAction","target":["https:\/\/nirigs.com\/product\/bath-body-works-brume-paris-amour-236-ml\/"]}]},{"@type":"ImageObject","inLanguage":"en-US","@id":"https:\/\/nirigs.com\/product\/bath-body-works-brume-paris-amour-236-ml\/#primaryimage","url":"https:\/\/nirigs.com\/wp-content\/uploads\/2026\/03\/Bath-Body-Works-Brume-Paris-Amour-236-ml.png","contentUrl":"https:\/\/nirigs.com\/wp-content\/uploads\/2026\/03\/Bath-Body-Works-Brume-Paris-Amour-236-ml.png","width":1000,"height":1000},{"@type":"BreadcrumbList","@id":"https:\/\/nirigs.com\/product\/bath-body-works-brume-paris-amour-236-ml\/#breadcrumb","itemListElement":[{"@type":"ListItem","position":1,"name":"Home","item":"https:\/\/nirigs.com\/"},{"@type":"ListItem","position":2,"name":"Parcourir","item":"https:\/\/nirigs.com\/boutique\/"},{"@type":"ListItem","position":3,"name":"Bath &#038; Body Works &#8211; Brume Paris Amour &#8211; 236 ml"}]},{"@type":"WebSite","@id":"https:\/\/nirigs.com\/#website","url":"https:\/\/nirigs.com\/","name":"Nirigs.com","description":"Simplifiez vos achats du quotidien \u00e0 Djibouti","publisher":{"@id":"https:\/\/nirigs.com\/#organization"},"potentialAction":[{"@type":"SearchAction","target":{"@type":"EntryPoint","urlTemplate":"https:\/\/nirigs.com\/?s={search_term_string}"},"query-input":{"@type":"PropertyValueSpecification","valueRequired":true,"valueName":"search_term_string"}}],"inLanguage":"en-US"},{"@type":"Organization","@id":"https:\/\/nirigs.com\/#organization","name":"Nirigs","url":"https:\/\/nirigs.com\/","logo":{"@type":"ImageObject","inLanguage":"en-US","@id":"https:\/\/nirigs.com\/#\/schema\/logo\/image\/","url":"https:\/\/nirigs.com\/wp-content\/uploads\/2025\/04\/Design-sans-titre-27.png","contentUrl":"https:\/\/nirigs.com\/wp-content\/uploads\/2025\/04\/Design-sans-titre-27.png","width":500,"height":500,"caption":"Nirigs"},"image":{"@id":"https:\/\/nirigs.com\/#\/schema\/logo\/image\/"}}]}},"brands":[{"id":624,"name":"Bath &amp; Body Works","slug":"bath-body-works"}],"_links":{"self":[{"href":"https:\/\/nirigs.com\/en\/wp-json\/wp\/v2\/product\/27780","targetHints":{"allow":["GET"]}}],"collection":[{"href":"https:\/\/nirigs.com\/en\/wp-json\/wp\/v2\/product"}],"about":[{"href":"https:\/\/nirigs.com\/en\/wp-json\/wp\/v2\/types\/product"}],"replies":[{"embeddable":true,"href":"https:\/\/nirigs.com\/en\/wp-json\/wp\/v2\/comments?post=27780"}],"version-history":[{"count":2,"href":"https:\/\/nirigs.com\/en\/wp-json\/wp\/v2\/product\/27780\/revisions"}],"predecessor-version":[{"id":27783,"href":"https:\/\/nirigs.com\/en\/wp-json\/wp\/v2\/product\/27780\/revisions\/27783"}],"wp:featuredmedia":[{"embeddable":true,"href":"https:\/\/nirigs.com\/en\/wp-json\/wp\/v2\/media\/27781"}],"wp:attachment":[{"href":"https:\/\/nirigs.com\/en\/wp-json\/wp\/v2\/media?parent=27780"}],"wp:term":[{"taxonomy":"pwb-brand","embeddable":true,"href":"https:\/\/nirigs.com\/en\/wp-json\/wp\/v2\/pwb-brand?post=27780"},{"taxonomy":"product_brand","embeddable":true,"href":"https:\/\/nirigs.com\/en\/wp-json\/wp\/v2\/product_brand?post=27780"},{"taxonomy":"product_cat","embeddable":true,"href":"https:\/\/nirigs.com\/en\/wp-json\/wp\/v2\/product_cat?post=27780"},{"taxonomy":"product_tag","embeddable":true,"href":"https:\/\/nirigs.com\/en\/wp-json\/wp\/v2\/product_tag?post=27780"}],"curies":[{"name":"wp","href":"https:\/\/api.w.org\/{rel}","templated":true}]}}