{"id":27663,"date":"2026-03-06T17:45:05","date_gmt":"2026-03-06T14:45:05","guid":{"rendered":"https:\/\/nirigs.com\/?post_type=product&#038;p=27663"},"modified":"2026-03-06T18:12:22","modified_gmt":"2026-03-06T15:12:22","slug":"tgin-smooth-hold-edge-control-fixation-cheveux-pour-bebe","status":"publish","type":"product","link":"https:\/\/nirigs.com\/en\/product\/tgin-smooth-hold-edge-control-fixation-cheveux-pour-bebe\/","title":{"rendered":"TGIN Smooth &#038; Hold Edge Control \u2013 Fixation cheveux pour b\u00e9b\u00e9"},"content":{"rendered":"<article class=\"text-token-text-primary w-full focus:outline-none [--shadow-height:45px] has-data-writing-block:pointer-events-none has-data-writing-block:-mt-(--shadow-height) has-data-writing-block:pt-(--shadow-height) [&amp;:has([data-writing-block])&gt;*]:pointer-events-auto scroll-mt-[calc(var(--header-height)+min(200px,max(70px,20svh)))]\" dir=\"auto\" tabindex=\"-1\" data-turn-id=\"request-699b14a6-b5ac-832e-a70e-64524a650d15-2\" data-testid=\"conversation-turn-136\" data-scroll-anchor=\"false\" data-turn=\"assistant\">\n<div class=\"text-base my-auto mx-auto [--thread-content-margin:--spacing(4)] @w-sm\/main:[--thread-content-margin:--spacing(6)] @w-lg\/main:[--thread-content-margin:--spacing(16)] px-(--thread-content-margin)\">\n<div class=\"[--thread-content-max-width:40rem] @w-lg\/main:[--thread-content-max-width:48rem] mx-auto max-w-(--thread-content-max-width) flex-1 group\/turn-messages focus-visible:outline-hidden relative flex w-full min-w-0 flex-col agent-turn\" tabindex=\"-1\">\n<div class=\"flex max-w-full flex-col grow\">\n<div class=\"min-h-8 text-message relative flex w-full flex-col items-end gap-2 text-start break-words whitespace-normal [.text-message+&amp;]:mt-1\" dir=\"auto\" data-message-author-role=\"assistant\" data-message-id=\"ea6c5bc9-6872-45da-918f-ec6a8b5cb02a\" data-message-model-slug=\"gpt-5-3\">\n<div class=\"flex w-full flex-col gap-1 empty:hidden first:pt-[1px]\">\n<div class=\"markdown prose dark:prose-invert w-full wrap-break-word light markdown-new-styling\">\n<p data-start=\"24\" data-end=\"353\">Le <strong data-start=\"27\" data-end=\"62\">TGIN Smooth &amp; Hold Edge Control<\/strong> est un gel coiffant sp\u00e9cialement con\u00e7u pour lisser et fixer les baby hairs tout en respectant la sant\u00e9 des cheveux. Sa formule douce et nourrissante permet de dompter les petits cheveux rebelles sur les contours du visage tout en offrant une fixation durable, sans r\u00e9sidus ni effet collant.<\/p>\n<p data-start=\"355\" data-end=\"634\">Enrichi en ingr\u00e9dients hydratants et nourrissants, ce soin aide \u00e0 maintenir l\u2019hydratation des cheveux tout en apportant brillance et souplesse. Il permet de r\u00e9aliser facilement des coiffures nettes et \u00e9l\u00e9gantes, tout en prot\u00e9geant les cheveux fragiles des tempes et de la racine.<\/p>\n<p data-start=\"636\" data-end=\"838\">Id\u00e9al pour les cheveux boucl\u00e9s, fris\u00e9s ou cr\u00e9pus, le <strong data-start=\"689\" data-end=\"724\">TGIN Smooth &amp; Hold Edge Control<\/strong> lisse les contours sans alourdir les cheveux et aide \u00e0 garder une coiffure impeccable tout au long de la journ\u00e9e.<\/p>\n<h2 data-start=\"840\" data-end=\"852\">Bienfaits<\/h2>\n<ul data-start=\"854\" data-end=\"1072\">\n<li data-start=\"854\" data-end=\"886\">\n<p data-start=\"856\" data-end=\"886\">Lisse et fixe les baby hairs<\/p>\n<\/li>\n<li data-start=\"887\" data-end=\"919\">\n<p data-start=\"889\" data-end=\"919\">Offre une tenue longue dur\u00e9e<\/p>\n<\/li>\n<li data-start=\"920\" data-end=\"954\">\n<p data-start=\"922\" data-end=\"954\">Hydrate et nourrit les cheveux<\/p>\n<\/li>\n<li data-start=\"955\" data-end=\"996\">\n<p data-start=\"957\" data-end=\"996\">R\u00e9duit les frisottis sur les contours<\/p>\n<\/li>\n<li data-start=\"997\" data-end=\"1036\">\n<p data-start=\"999\" data-end=\"1036\">Apporte brillance et finition nette<\/p>\n<\/li>\n<li data-start=\"1037\" data-end=\"1072\">\n<p data-start=\"1039\" data-end=\"1072\">Ne laisse pas de r\u00e9sidus visibles<\/p>\n<\/li>\n<\/ul>\n<h2 data-start=\"1074\" data-end=\"1088\">Actifs cl\u00e9s<\/h2>\n<ul data-start=\"1090\" data-end=\"1314\">\n<li data-start=\"1090\" data-end=\"1167\">\n<p data-start=\"1092\" data-end=\"1167\"><strong data-start=\"1092\" data-end=\"1115\">Agents fixants doux<\/strong> : maintiennent les cheveux en place sans rigidit\u00e9<\/p>\n<\/li>\n<li data-start=\"1168\" data-end=\"1242\">\n<p data-start=\"1170\" data-end=\"1242\"><strong data-start=\"1170\" data-end=\"1191\">Agents hydratants<\/strong> : pr\u00e9servent l\u2019hydratation naturelle des cheveux<\/p>\n<\/li>\n<li data-start=\"1243\" data-end=\"1314\">\n<p data-start=\"1245\" data-end=\"1314\"><strong data-start=\"1245\" data-end=\"1273\">Ingr\u00e9dients nourrissants<\/strong> : aident \u00e0 prot\u00e9ger les cheveux fragiles<\/p>\n<\/li>\n<\/ul>\n<h2 data-start=\"1316\" data-end=\"1337\">Mode d\u2019utilisation<\/h2>\n<p data-start=\"1339\" data-end=\"1531\">Appliquer une petite quantit\u00e9 de produit sur les contours des cheveux. Lisser d\u00e9licatement les baby hairs \u00e0 l\u2019aide des doigts, d\u2019une brosse ou d\u2019un peigne fin. Coiffer selon le style souhait\u00e9.<\/p>\n<h2 data-start=\"1548\" data-end=\"1610\"><span style=\"color: #1b1919; font-size: 24px;\">Ingr\u00e9dients<\/span><\/h2>\n<\/div>\n<\/div>\n<\/div>\n<\/div>\n<\/div>\n<\/div>\n<\/article>\n<article class=\"text-token-text-primary w-full focus:outline-none [--shadow-height:45px] has-data-writing-block:pointer-events-none has-data-writing-block:-mt-(--shadow-height) has-data-writing-block:pt-(--shadow-height) [&amp;:has([data-writing-block])&gt;*]:pointer-events-auto scroll-mt-[calc(var(--header-height)+min(200px,max(70px,20svh)))]\" dir=\"auto\" tabindex=\"-1\" data-turn-id=\"request-699b14a6-b5ac-832e-a70e-64524a650d15-3\" data-testid=\"conversation-turn-138\" data-scroll-anchor=\"true\" data-turn=\"assistant\">\n<div class=\"text-base my-auto mx-auto pb-10 [--thread-content-margin:--spacing(4)] @w-sm\/main:[--thread-content-margin:--spacing(6)] @w-lg\/main:[--thread-content-margin:--spacing(16)] px-(--thread-content-margin)\">\n<div class=\"[--thread-content-max-width:40rem] @w-lg\/main:[--thread-content-max-width:48rem] mx-auto max-w-(--thread-content-max-width) flex-1 group\/turn-messages focus-visible:outline-hidden relative flex w-full min-w-0 flex-col agent-turn\" tabindex=\"-1\">\n<div class=\"flex max-w-full flex-col grow\">\n<div class=\"min-h-8 text-message relative flex w-full flex-col items-end gap-2 text-start break-words whitespace-normal [.text-message+&amp;]:mt-1\" dir=\"auto\" data-message-author-role=\"assistant\" data-message-id=\"574e757d-9157-4dc7-b9ec-140d3f5cfb84\" data-message-model-slug=\"gpt-5-3\">\n<div class=\"flex w-full flex-col gap-1 empty:hidden first:pt-[1px]\">\n<div class=\"markdown prose dark:prose-invert w-full wrap-break-word light markdown-new-styling\">\n<p data-start=\"16\" data-end=\"315\" data-is-last-node=\"\" data-is-only-node=\"\">Water (Aqua), Ceteareth-25, PEG-7 Glyceryl Cocoate, Glycerin, Aloe Barbadensis Leaf Juice, Honey (Mel), Panthenol, Polyquaternium-11, Carbomer, Triethanolamine, Argania Spinosa Kernel Oil, Simmondsia Chinensis (Jojoba) Seed Oil, Fragrance (Parfum), Phenoxyethanol, Ethylhexylglycerin, Disodium EDTA.<\/p>\n<\/div>\n<\/div>\n<\/div>\n<\/div>\n<\/div>\n<\/div>\n<\/article>\n","protected":false},"excerpt":{"rendered":"<p>Le TGIN Smooth &amp; Hold Edge Control est un gel coiffant sp\u00e9cialement con\u00e7u pour lisser et fixer les baby hairs<\/p>","protected":false},"featured_media":27665,"comment_status":"open","ping_status":"closed","template":"","meta":[],"pwb-brand":[771],"product_brand":[],"product_cat":[274,275,1350],"product_tag":[],"class_list":{"0":"post-27663","1":"product","2":"type-product","3":"status-publish","4":"has-post-thumbnail","6":"pwb-brand-tgin","7":"product_cat-bebe-et-famille","8":"product_cat-epicerie","9":"product_cat-produits-coiffants-bebe-et-famille","11":"first","12":"instock","13":"shipping-taxable","14":"purchasable","15":"product-type-simple"},"yoast_head":"<!-- This site is optimized with the Yoast SEO plugin v27.4 - https:\/\/yoast.com\/product\/yoast-seo-wordpress\/ -->\n<title>TGIN Smooth &amp; Hold Edge Control \u2013 Fixation cheveux pour b\u00e9b\u00e9 - NIRIGS<\/title>\n<meta name=\"robots\" content=\"index, follow, max-snippet:-1, max-image-preview:large, max-video-preview:-1\" \/>\n<link rel=\"canonical\" href=\"https:\/\/nirigs.com\/en\/product\/tgin-smooth-hold-edge-control-fixation-cheveux-pour-bebe\/\" \/>\n<meta property=\"og:locale\" content=\"en_US\" \/>\n<meta property=\"og:type\" content=\"article\" \/>\n<meta property=\"og:title\" content=\"TGIN Smooth &amp; Hold Edge Control \u2013 Fixation cheveux pour b\u00e9b\u00e9 - NIRIGS\" \/>\n<meta property=\"og:description\" content=\"Le TGIN Smooth &amp; Hold Edge Control est un gel coiffant sp\u00e9cialement con\u00e7u pour lisser et fixer les baby hairs\" \/>\n<meta property=\"og:url\" content=\"https:\/\/nirigs.com\/en\/product\/tgin-smooth-hold-edge-control-fixation-cheveux-pour-bebe\/\" \/>\n<meta property=\"og:site_name\" content=\"NIRIGS\" \/>\n<meta property=\"article:modified_time\" content=\"2026-03-06T15:12:22+00:00\" \/>\n<meta property=\"og:image\" content=\"https:\/\/nirigs.com\/wp-content\/uploads\/2026\/03\/TGIN-Smooth-Hold-Edge-Control-\u2013-Fixation-cheveux-pour-bebe.png\" \/>\n\t<meta property=\"og:image:width\" content=\"1000\" \/>\n\t<meta property=\"og:image:height\" content=\"1000\" \/>\n\t<meta property=\"og:image:type\" content=\"image\/png\" \/>\n<meta name=\"twitter:card\" content=\"summary_large_image\" \/>\n<meta name=\"twitter:label1\" content=\"Est. reading time\" \/>\n\t<meta name=\"twitter:data1\" content=\"2 minutes\" \/>\n<script type=\"application\/ld+json\" class=\"yoast-schema-graph\">{\"@context\":\"https:\\\/\\\/schema.org\",\"@graph\":[{\"@type\":\"WebPage\",\"@id\":\"https:\\\/\\\/nirigs.com\\\/product\\\/tgin-smooth-hold-edge-control-fixation-cheveux-pour-bebe\\\/\",\"url\":\"https:\\\/\\\/nirigs.com\\\/product\\\/tgin-smooth-hold-edge-control-fixation-cheveux-pour-bebe\\\/\",\"name\":\"TGIN Smooth & Hold Edge Control \u2013 Fixation cheveux pour b\u00e9b\u00e9 - NIRIGS\",\"isPartOf\":{\"@id\":\"https:\\\/\\\/nirigs.com\\\/#website\"},\"primaryImageOfPage\":{\"@id\":\"https:\\\/\\\/nirigs.com\\\/product\\\/tgin-smooth-hold-edge-control-fixation-cheveux-pour-bebe\\\/#primaryimage\"},\"image\":{\"@id\":\"https:\\\/\\\/nirigs.com\\\/product\\\/tgin-smooth-hold-edge-control-fixation-cheveux-pour-bebe\\\/#primaryimage\"},\"thumbnailUrl\":\"https:\\\/\\\/nirigs.com\\\/wp-content\\\/uploads\\\/2026\\\/03\\\/TGIN-Smooth-Hold-Edge-Control-\u2013-Fixation-cheveux-pour-bebe.png\",\"datePublished\":\"2026-03-06T14:45:05+00:00\",\"dateModified\":\"2026-03-06T15:12:22+00:00\",\"breadcrumb\":{\"@id\":\"https:\\\/\\\/nirigs.com\\\/product\\\/tgin-smooth-hold-edge-control-fixation-cheveux-pour-bebe\\\/#breadcrumb\"},\"inLanguage\":\"en-US\",\"potentialAction\":[{\"@type\":\"ReadAction\",\"target\":[\"https:\\\/\\\/nirigs.com\\\/product\\\/tgin-smooth-hold-edge-control-fixation-cheveux-pour-bebe\\\/\"]}]},{\"@type\":\"ImageObject\",\"inLanguage\":\"en-US\",\"@id\":\"https:\\\/\\\/nirigs.com\\\/product\\\/tgin-smooth-hold-edge-control-fixation-cheveux-pour-bebe\\\/#primaryimage\",\"url\":\"https:\\\/\\\/nirigs.com\\\/wp-content\\\/uploads\\\/2026\\\/03\\\/TGIN-Smooth-Hold-Edge-Control-\u2013-Fixation-cheveux-pour-bebe.png\",\"contentUrl\":\"https:\\\/\\\/nirigs.com\\\/wp-content\\\/uploads\\\/2026\\\/03\\\/TGIN-Smooth-Hold-Edge-Control-\u2013-Fixation-cheveux-pour-bebe.png\",\"width\":1000,\"height\":1000},{\"@type\":\"BreadcrumbList\",\"@id\":\"https:\\\/\\\/nirigs.com\\\/product\\\/tgin-smooth-hold-edge-control-fixation-cheveux-pour-bebe\\\/#breadcrumb\",\"itemListElement\":[{\"@type\":\"ListItem\",\"position\":1,\"name\":\"Home\",\"item\":\"https:\\\/\\\/nirigs.com\\\/\"},{\"@type\":\"ListItem\",\"position\":2,\"name\":\"Parcourir\",\"item\":\"https:\\\/\\\/nirigs.com\\\/boutique\\\/\"},{\"@type\":\"ListItem\",\"position\":3,\"name\":\"TGIN Smooth &#038; Hold Edge Control \u2013 Fixation cheveux pour b\u00e9b\u00e9\"}]},{\"@type\":\"WebSite\",\"@id\":\"https:\\\/\\\/nirigs.com\\\/#website\",\"url\":\"https:\\\/\\\/nirigs.com\\\/\",\"name\":\"Nirigs.com\",\"description\":\"Simplifiez vos achats du quotidien \u00e0 Djibouti\",\"publisher\":{\"@id\":\"https:\\\/\\\/nirigs.com\\\/#organization\"},\"potentialAction\":[{\"@type\":\"SearchAction\",\"target\":{\"@type\":\"EntryPoint\",\"urlTemplate\":\"https:\\\/\\\/nirigs.com\\\/?s={search_term_string}\"},\"query-input\":{\"@type\":\"PropertyValueSpecification\",\"valueRequired\":true,\"valueName\":\"search_term_string\"}}],\"inLanguage\":\"en-US\"},{\"@type\":\"Organization\",\"@id\":\"https:\\\/\\\/nirigs.com\\\/#organization\",\"name\":\"Nirigs\",\"url\":\"https:\\\/\\\/nirigs.com\\\/\",\"logo\":{\"@type\":\"ImageObject\",\"inLanguage\":\"en-US\",\"@id\":\"https:\\\/\\\/nirigs.com\\\/#\\\/schema\\\/logo\\\/image\\\/\",\"url\":\"https:\\\/\\\/nirigs.com\\\/wp-content\\\/uploads\\\/2025\\\/04\\\/Design-sans-titre-27.png\",\"contentUrl\":\"https:\\\/\\\/nirigs.com\\\/wp-content\\\/uploads\\\/2025\\\/04\\\/Design-sans-titre-27.png\",\"width\":500,\"height\":500,\"caption\":\"Nirigs\"},\"image\":{\"@id\":\"https:\\\/\\\/nirigs.com\\\/#\\\/schema\\\/logo\\\/image\\\/\"}}]}<\/script>\n<!-- \/ Yoast SEO plugin. -->","yoast_head_json":{"title":"TGIN Smooth & Hold Edge Control \u2013 Fixation cheveux pour b\u00e9b\u00e9 - NIRIGS","robots":{"index":"index","follow":"follow","max-snippet":"max-snippet:-1","max-image-preview":"max-image-preview:large","max-video-preview":"max-video-preview:-1"},"canonical":"https:\/\/nirigs.com\/en\/product\/tgin-smooth-hold-edge-control-fixation-cheveux-pour-bebe\/","og_locale":"en_US","og_type":"article","og_title":"TGIN Smooth & Hold Edge Control \u2013 Fixation cheveux pour b\u00e9b\u00e9 - NIRIGS","og_description":"Le TGIN Smooth &amp; Hold Edge Control est un gel coiffant sp\u00e9cialement con\u00e7u pour lisser et fixer les baby hairs","og_url":"https:\/\/nirigs.com\/en\/product\/tgin-smooth-hold-edge-control-fixation-cheveux-pour-bebe\/","og_site_name":"NIRIGS","article_modified_time":"2026-03-06T15:12:22+00:00","og_image":[{"width":1000,"height":1000,"url":"https:\/\/nirigs.com\/wp-content\/uploads\/2026\/03\/TGIN-Smooth-Hold-Edge-Control-\u2013-Fixation-cheveux-pour-bebe.png","type":"image\/png"}],"twitter_card":"summary_large_image","twitter_misc":{"Est. reading time":"2 minutes"},"schema":{"@context":"https:\/\/schema.org","@graph":[{"@type":"WebPage","@id":"https:\/\/nirigs.com\/product\/tgin-smooth-hold-edge-control-fixation-cheveux-pour-bebe\/","url":"https:\/\/nirigs.com\/product\/tgin-smooth-hold-edge-control-fixation-cheveux-pour-bebe\/","name":"TGIN Smooth & Hold Edge Control \u2013 Fixation cheveux pour b\u00e9b\u00e9 - NIRIGS","isPartOf":{"@id":"https:\/\/nirigs.com\/#website"},"primaryImageOfPage":{"@id":"https:\/\/nirigs.com\/product\/tgin-smooth-hold-edge-control-fixation-cheveux-pour-bebe\/#primaryimage"},"image":{"@id":"https:\/\/nirigs.com\/product\/tgin-smooth-hold-edge-control-fixation-cheveux-pour-bebe\/#primaryimage"},"thumbnailUrl":"https:\/\/nirigs.com\/wp-content\/uploads\/2026\/03\/TGIN-Smooth-Hold-Edge-Control-\u2013-Fixation-cheveux-pour-bebe.png","datePublished":"2026-03-06T14:45:05+00:00","dateModified":"2026-03-06T15:12:22+00:00","breadcrumb":{"@id":"https:\/\/nirigs.com\/product\/tgin-smooth-hold-edge-control-fixation-cheveux-pour-bebe\/#breadcrumb"},"inLanguage":"en-US","potentialAction":[{"@type":"ReadAction","target":["https:\/\/nirigs.com\/product\/tgin-smooth-hold-edge-control-fixation-cheveux-pour-bebe\/"]}]},{"@type":"ImageObject","inLanguage":"en-US","@id":"https:\/\/nirigs.com\/product\/tgin-smooth-hold-edge-control-fixation-cheveux-pour-bebe\/#primaryimage","url":"https:\/\/nirigs.com\/wp-content\/uploads\/2026\/03\/TGIN-Smooth-Hold-Edge-Control-\u2013-Fixation-cheveux-pour-bebe.png","contentUrl":"https:\/\/nirigs.com\/wp-content\/uploads\/2026\/03\/TGIN-Smooth-Hold-Edge-Control-\u2013-Fixation-cheveux-pour-bebe.png","width":1000,"height":1000},{"@type":"BreadcrumbList","@id":"https:\/\/nirigs.com\/product\/tgin-smooth-hold-edge-control-fixation-cheveux-pour-bebe\/#breadcrumb","itemListElement":[{"@type":"ListItem","position":1,"name":"Home","item":"https:\/\/nirigs.com\/"},{"@type":"ListItem","position":2,"name":"Parcourir","item":"https:\/\/nirigs.com\/boutique\/"},{"@type":"ListItem","position":3,"name":"TGIN Smooth &#038; Hold Edge Control \u2013 Fixation cheveux pour b\u00e9b\u00e9"}]},{"@type":"WebSite","@id":"https:\/\/nirigs.com\/#website","url":"https:\/\/nirigs.com\/","name":"Nirigs.com","description":"Simplifiez vos achats du quotidien \u00e0 Djibouti","publisher":{"@id":"https:\/\/nirigs.com\/#organization"},"potentialAction":[{"@type":"SearchAction","target":{"@type":"EntryPoint","urlTemplate":"https:\/\/nirigs.com\/?s={search_term_string}"},"query-input":{"@type":"PropertyValueSpecification","valueRequired":true,"valueName":"search_term_string"}}],"inLanguage":"en-US"},{"@type":"Organization","@id":"https:\/\/nirigs.com\/#organization","name":"Nirigs","url":"https:\/\/nirigs.com\/","logo":{"@type":"ImageObject","inLanguage":"en-US","@id":"https:\/\/nirigs.com\/#\/schema\/logo\/image\/","url":"https:\/\/nirigs.com\/wp-content\/uploads\/2025\/04\/Design-sans-titre-27.png","contentUrl":"https:\/\/nirigs.com\/wp-content\/uploads\/2025\/04\/Design-sans-titre-27.png","width":500,"height":500,"caption":"Nirigs"},"image":{"@id":"https:\/\/nirigs.com\/#\/schema\/logo\/image\/"}}]}},"brands":[{"id":771,"name":"TGIN","slug":"tgin"}],"_links":{"self":[{"href":"https:\/\/nirigs.com\/en\/wp-json\/wp\/v2\/product\/27663","targetHints":{"allow":["GET"]}}],"collection":[{"href":"https:\/\/nirigs.com\/en\/wp-json\/wp\/v2\/product"}],"about":[{"href":"https:\/\/nirigs.com\/en\/wp-json\/wp\/v2\/types\/product"}],"replies":[{"embeddable":true,"href":"https:\/\/nirigs.com\/en\/wp-json\/wp\/v2\/comments?post=27663"}],"version-history":[{"count":1,"href":"https:\/\/nirigs.com\/en\/wp-json\/wp\/v2\/product\/27663\/revisions"}],"predecessor-version":[{"id":27664,"href":"https:\/\/nirigs.com\/en\/wp-json\/wp\/v2\/product\/27663\/revisions\/27664"}],"wp:featuredmedia":[{"embeddable":true,"href":"https:\/\/nirigs.com\/en\/wp-json\/wp\/v2\/media\/27665"}],"wp:attachment":[{"href":"https:\/\/nirigs.com\/en\/wp-json\/wp\/v2\/media?parent=27663"}],"wp:term":[{"taxonomy":"pwb-brand","embeddable":true,"href":"https:\/\/nirigs.com\/en\/wp-json\/wp\/v2\/pwb-brand?post=27663"},{"taxonomy":"product_brand","embeddable":true,"href":"https:\/\/nirigs.com\/en\/wp-json\/wp\/v2\/product_brand?post=27663"},{"taxonomy":"product_cat","embeddable":true,"href":"https:\/\/nirigs.com\/en\/wp-json\/wp\/v2\/product_cat?post=27663"},{"taxonomy":"product_tag","embeddable":true,"href":"https:\/\/nirigs.com\/en\/wp-json\/wp\/v2\/product_tag?post=27663"}],"curies":[{"name":"wp","href":"https:\/\/api.w.org\/{rel}","templated":true}]}}