{"id":27572,"date":"2026-02-28T19:57:18","date_gmt":"2026-02-28T16:57:18","guid":{"rendered":"https:\/\/nirigs.com\/?post_type=product&#038;p=27572"},"modified":"2026-02-28T19:57:18","modified_gmt":"2026-02-28T16:57:18","slug":"cosmo-creme-solaire-spf50-100-g","status":"publish","type":"product","link":"https:\/\/nirigs.com\/en\/product\/cosmo-creme-solaire-spf50-100-g\/","title":{"rendered":"Cosmo &#8211; Cr\u00e8me solaire SPF+50 &#8211; 100 g"},"content":{"rendered":"<p data-start=\"43\" data-end=\"577\">La cr\u00e8me solaire Cosmo SPF 50+ offre une tr\u00e8s haute protection contre les rayons UVA et UVB tout en prenant soin de la peau. Sa formule l\u00e9g\u00e8re et confortable aide \u00e0 pr\u00e9venir les coups de soleil, le vieillissement cutan\u00e9 pr\u00e9matur\u00e9 et les effets n\u00e9fastes de l\u2019exposition solaire. Enrichie en agents hydratants et protecteurs, elle contribue \u00e0 maintenir l\u2019\u00e9lasticit\u00e9 et la douceur de la peau sans laisser de film gras ni de traces blanches. Apr\u00e8s application, la peau est prot\u00e9g\u00e9e, souple et agr\u00e9ablement douce.<\/p>\n<h2 data-start=\"579\" data-end=\"605\"><strong data-start=\"579\" data-end=\"603\">Bienfaits principaux<\/strong><\/h2>\n<ul data-start=\"606\" data-end=\"812\">\n<li data-section-id=\"x3wk07\" data-start=\"606\" data-end=\"658\">\n<p data-start=\"608\" data-end=\"658\">Tr\u00e8s haute protection SPF 50+ contre les UVA\/UVB<\/p>\n<\/li>\n<li data-section-id=\"14lo3in\" data-start=\"659\" data-end=\"717\">\n<p data-start=\"661\" data-end=\"717\">Aide \u00e0 pr\u00e9venir les taches et le vieillissement cutan\u00e9<\/p>\n<\/li>\n<li data-section-id=\"1b0cnbl\" data-start=\"718\" data-end=\"748\">\n<p data-start=\"720\" data-end=\"748\">Hydrate et prot\u00e8ge la peau<\/p>\n<\/li>\n<li data-section-id=\"6xpkac\" data-start=\"749\" data-end=\"778\">\n<p data-start=\"751\" data-end=\"778\">Texture l\u00e9g\u00e8re non grasse<\/p>\n<\/li>\n<li data-section-id=\"t8xtac\" data-start=\"779\" data-end=\"812\">\n<p data-start=\"781\" data-end=\"812\">Convient \u00e0 un usage quotidien<\/p>\n<\/li>\n<\/ul>\n<h2 data-start=\"814\" data-end=\"831\"><strong data-start=\"814\" data-end=\"829\">Actifs cl\u00e9s<\/strong><\/h2>\n<ul data-start=\"832\" data-end=\"1021\">\n<li data-section-id=\"vgidg2\" data-start=\"832\" data-end=\"909\">\n<p data-start=\"834\" data-end=\"909\">Filtres solaires haute performance : prot\u00e8gent efficacement des rayons UV<\/p>\n<\/li>\n<li data-section-id=\"2inql1\" data-start=\"910\" data-end=\"968\">\n<p data-start=\"912\" data-end=\"968\">Agents hydratants : maintiennent l\u2019hydratation cutan\u00e9e<\/p>\n<\/li>\n<li data-section-id=\"1ia3shw\" data-start=\"969\" data-end=\"1021\">\n<p data-start=\"971\" data-end=\"1021\">\u00c9mollients doux : apportent confort et souplesse<\/p>\n<\/li>\n<\/ul>\n<h2 data-start=\"1023\" data-end=\"1259\"><strong data-start=\"1023\" data-end=\"1045\">Mode d\u2019utilisation<\/strong><\/h2>\n<p data-start=\"1023\" data-end=\"1259\">Appliquer g\u00e9n\u00e9reusement sur le visage et le corps avant l\u2019exposition au soleil. Renouveler l\u2019application toutes les 2 heures et apr\u00e8s la baignade, la transpiration ou l\u2019essuyage. \u00c9viter le contact avec les yeux.<\/p>","protected":false},"excerpt":{"rendered":"<p>La cr\u00e8me solaire Cosmo SPF 50+ offre une tr\u00e8s haute protection contre les rayons UVA et UVB tout en prenant<\/p>","protected":false},"featured_media":27576,"comment_status":"open","ping_status":"closed","template":"","meta":[],"pwb-brand":[1340],"product_brand":[],"product_cat":[267,1087,275,1029,1034],"product_tag":[],"class_list":{"0":"post-27572","1":"product","2":"type-product","3":"status-publish","4":"has-post-thumbnail","6":"pwb-brand-cosmo","7":"product_cat-beaute-et-soins","8":"product_cat-creme-solaire","9":"product_cat-epicerie","10":"product_cat-soins-pour-la-peau","11":"product_cat-solaires-et-bronzants","13":"first","14":"instock","15":"shipping-taxable","16":"purchasable","17":"product-type-simple"},"yoast_head":"<!-- This site is optimized with the Yoast SEO plugin v27.1.1 - https:\/\/yoast.com\/product\/yoast-seo-wordpress\/ -->\n<title>Cosmo - Cr\u00e8me solaire SPF+50 - 100 g - NIRIGS<\/title>\n<meta name=\"robots\" content=\"index, follow, max-snippet:-1, max-image-preview:large, max-video-preview:-1\" \/>\n<link rel=\"canonical\" href=\"https:\/\/nirigs.com\/en\/product\/cosmo-creme-solaire-spf50-100-g\/\" \/>\n<meta property=\"og:locale\" content=\"en_US\" \/>\n<meta property=\"og:type\" content=\"article\" \/>\n<meta property=\"og:title\" content=\"Cosmo - Cr\u00e8me solaire SPF+50 - 100 g - NIRIGS\" \/>\n<meta property=\"og:description\" content=\"La cr\u00e8me solaire Cosmo SPF 50+ offre une tr\u00e8s haute protection contre les rayons UVA et UVB tout en prenant\" \/>\n<meta property=\"og:url\" content=\"https:\/\/nirigs.com\/en\/product\/cosmo-creme-solaire-spf50-100-g\/\" \/>\n<meta property=\"og:site_name\" content=\"NIRIGS\" \/>\n<meta property=\"og:image\" content=\"https:\/\/nirigs.com\/wp-content\/uploads\/2026\/02\/Cosmo-Creme-solaire-SPF50-100-g-djibouti.png\" \/>\n\t<meta property=\"og:image:width\" content=\"1000\" \/>\n\t<meta property=\"og:image:height\" content=\"1000\" \/>\n\t<meta property=\"og:image:type\" content=\"image\/png\" \/>\n<meta name=\"twitter:card\" content=\"summary_large_image\" \/>\n<meta name=\"twitter:label1\" content=\"Est. reading time\" \/>\n\t<meta name=\"twitter:data1\" content=\"2 minutes\" \/>\n<script type=\"application\/ld+json\" class=\"yoast-schema-graph\">{\"@context\":\"https:\/\/schema.org\",\"@graph\":[{\"@type\":\"WebPage\",\"@id\":\"https:\/\/nirigs.com\/product\/cosmo-creme-solaire-spf50-100-g\/\",\"url\":\"https:\/\/nirigs.com\/product\/cosmo-creme-solaire-spf50-100-g\/\",\"name\":\"Cosmo - Cr\u00e8me solaire SPF+50 - 100 g - NIRIGS\",\"isPartOf\":{\"@id\":\"https:\/\/nirigs.com\/#website\"},\"primaryImageOfPage\":{\"@id\":\"https:\/\/nirigs.com\/product\/cosmo-creme-solaire-spf50-100-g\/#primaryimage\"},\"image\":{\"@id\":\"https:\/\/nirigs.com\/product\/cosmo-creme-solaire-spf50-100-g\/#primaryimage\"},\"thumbnailUrl\":\"https:\/\/nirigs.com\/wp-content\/uploads\/2026\/02\/Cosmo-Creme-solaire-SPF50-100-g-djibouti.png\",\"datePublished\":\"2026-02-28T16:57:18+00:00\",\"breadcrumb\":{\"@id\":\"https:\/\/nirigs.com\/product\/cosmo-creme-solaire-spf50-100-g\/#breadcrumb\"},\"inLanguage\":\"en-US\",\"potentialAction\":[{\"@type\":\"ReadAction\",\"target\":[\"https:\/\/nirigs.com\/product\/cosmo-creme-solaire-spf50-100-g\/\"]}]},{\"@type\":\"ImageObject\",\"inLanguage\":\"en-US\",\"@id\":\"https:\/\/nirigs.com\/product\/cosmo-creme-solaire-spf50-100-g\/#primaryimage\",\"url\":\"https:\/\/nirigs.com\/wp-content\/uploads\/2026\/02\/Cosmo-Creme-solaire-SPF50-100-g-djibouti.png\",\"contentUrl\":\"https:\/\/nirigs.com\/wp-content\/uploads\/2026\/02\/Cosmo-Creme-solaire-SPF50-100-g-djibouti.png\",\"width\":1000,\"height\":1000},{\"@type\":\"BreadcrumbList\",\"@id\":\"https:\/\/nirigs.com\/product\/cosmo-creme-solaire-spf50-100-g\/#breadcrumb\",\"itemListElement\":[{\"@type\":\"ListItem\",\"position\":1,\"name\":\"Home\",\"item\":\"https:\/\/nirigs.com\/\"},{\"@type\":\"ListItem\",\"position\":2,\"name\":\"Parcourir\",\"item\":\"https:\/\/nirigs.com\/boutique\/\"},{\"@type\":\"ListItem\",\"position\":3,\"name\":\"Cosmo &#8211; Cr\u00e8me solaire SPF+50 &#8211; 100 g\"}]},{\"@type\":\"WebSite\",\"@id\":\"https:\/\/nirigs.com\/#website\",\"url\":\"https:\/\/nirigs.com\/\",\"name\":\"Nirigs.com\",\"description\":\"Simplifiez vos achats du quotidien \u00e0 Djibouti\",\"publisher\":{\"@id\":\"https:\/\/nirigs.com\/#organization\"},\"potentialAction\":[{\"@type\":\"SearchAction\",\"target\":{\"@type\":\"EntryPoint\",\"urlTemplate\":\"https:\/\/nirigs.com\/?s={search_term_string}\"},\"query-input\":{\"@type\":\"PropertyValueSpecification\",\"valueRequired\":true,\"valueName\":\"search_term_string\"}}],\"inLanguage\":\"en-US\"},{\"@type\":\"Organization\",\"@id\":\"https:\/\/nirigs.com\/#organization\",\"name\":\"Nirigs\",\"url\":\"https:\/\/nirigs.com\/\",\"logo\":{\"@type\":\"ImageObject\",\"inLanguage\":\"en-US\",\"@id\":\"https:\/\/nirigs.com\/#\/schema\/logo\/image\/\",\"url\":\"https:\/\/nirigs.com\/wp-content\/uploads\/2025\/04\/Design-sans-titre-27.png\",\"contentUrl\":\"https:\/\/nirigs.com\/wp-content\/uploads\/2025\/04\/Design-sans-titre-27.png\",\"width\":500,\"height\":500,\"caption\":\"Nirigs\"},\"image\":{\"@id\":\"https:\/\/nirigs.com\/#\/schema\/logo\/image\/\"}}]}<\/script>\n<!-- \/ Yoast SEO plugin. -->","yoast_head_json":{"title":"Cosmo - Cr\u00e8me solaire SPF+50 - 100 g - NIRIGS","robots":{"index":"index","follow":"follow","max-snippet":"max-snippet:-1","max-image-preview":"max-image-preview:large","max-video-preview":"max-video-preview:-1"},"canonical":"https:\/\/nirigs.com\/en\/product\/cosmo-creme-solaire-spf50-100-g\/","og_locale":"en_US","og_type":"article","og_title":"Cosmo - Cr\u00e8me solaire SPF+50 - 100 g - NIRIGS","og_description":"La cr\u00e8me solaire Cosmo SPF 50+ offre une tr\u00e8s haute protection contre les rayons UVA et UVB tout en prenant","og_url":"https:\/\/nirigs.com\/en\/product\/cosmo-creme-solaire-spf50-100-g\/","og_site_name":"NIRIGS","og_image":[{"width":1000,"height":1000,"url":"https:\/\/nirigs.com\/wp-content\/uploads\/2026\/02\/Cosmo-Creme-solaire-SPF50-100-g-djibouti.png","type":"image\/png"}],"twitter_card":"summary_large_image","twitter_misc":{"Est. reading time":"2 minutes"},"schema":{"@context":"https:\/\/schema.org","@graph":[{"@type":"WebPage","@id":"https:\/\/nirigs.com\/product\/cosmo-creme-solaire-spf50-100-g\/","url":"https:\/\/nirigs.com\/product\/cosmo-creme-solaire-spf50-100-g\/","name":"Cosmo - Cr\u00e8me solaire SPF+50 - 100 g - NIRIGS","isPartOf":{"@id":"https:\/\/nirigs.com\/#website"},"primaryImageOfPage":{"@id":"https:\/\/nirigs.com\/product\/cosmo-creme-solaire-spf50-100-g\/#primaryimage"},"image":{"@id":"https:\/\/nirigs.com\/product\/cosmo-creme-solaire-spf50-100-g\/#primaryimage"},"thumbnailUrl":"https:\/\/nirigs.com\/wp-content\/uploads\/2026\/02\/Cosmo-Creme-solaire-SPF50-100-g-djibouti.png","datePublished":"2026-02-28T16:57:18+00:00","breadcrumb":{"@id":"https:\/\/nirigs.com\/product\/cosmo-creme-solaire-spf50-100-g\/#breadcrumb"},"inLanguage":"en-US","potentialAction":[{"@type":"ReadAction","target":["https:\/\/nirigs.com\/product\/cosmo-creme-solaire-spf50-100-g\/"]}]},{"@type":"ImageObject","inLanguage":"en-US","@id":"https:\/\/nirigs.com\/product\/cosmo-creme-solaire-spf50-100-g\/#primaryimage","url":"https:\/\/nirigs.com\/wp-content\/uploads\/2026\/02\/Cosmo-Creme-solaire-SPF50-100-g-djibouti.png","contentUrl":"https:\/\/nirigs.com\/wp-content\/uploads\/2026\/02\/Cosmo-Creme-solaire-SPF50-100-g-djibouti.png","width":1000,"height":1000},{"@type":"BreadcrumbList","@id":"https:\/\/nirigs.com\/product\/cosmo-creme-solaire-spf50-100-g\/#breadcrumb","itemListElement":[{"@type":"ListItem","position":1,"name":"Home","item":"https:\/\/nirigs.com\/"},{"@type":"ListItem","position":2,"name":"Parcourir","item":"https:\/\/nirigs.com\/boutique\/"},{"@type":"ListItem","position":3,"name":"Cosmo &#8211; Cr\u00e8me solaire SPF+50 &#8211; 100 g"}]},{"@type":"WebSite","@id":"https:\/\/nirigs.com\/#website","url":"https:\/\/nirigs.com\/","name":"Nirigs.com","description":"Simplifiez vos achats du quotidien \u00e0 Djibouti","publisher":{"@id":"https:\/\/nirigs.com\/#organization"},"potentialAction":[{"@type":"SearchAction","target":{"@type":"EntryPoint","urlTemplate":"https:\/\/nirigs.com\/?s={search_term_string}"},"query-input":{"@type":"PropertyValueSpecification","valueRequired":true,"valueName":"search_term_string"}}],"inLanguage":"en-US"},{"@type":"Organization","@id":"https:\/\/nirigs.com\/#organization","name":"Nirigs","url":"https:\/\/nirigs.com\/","logo":{"@type":"ImageObject","inLanguage":"en-US","@id":"https:\/\/nirigs.com\/#\/schema\/logo\/image\/","url":"https:\/\/nirigs.com\/wp-content\/uploads\/2025\/04\/Design-sans-titre-27.png","contentUrl":"https:\/\/nirigs.com\/wp-content\/uploads\/2025\/04\/Design-sans-titre-27.png","width":500,"height":500,"caption":"Nirigs"},"image":{"@id":"https:\/\/nirigs.com\/#\/schema\/logo\/image\/"}}]}},"brands":[{"id":1340,"name":"Cosmo","slug":"cosmo"}],"_links":{"self":[{"href":"https:\/\/nirigs.com\/en\/wp-json\/wp\/v2\/product\/27572","targetHints":{"allow":["GET"]}}],"collection":[{"href":"https:\/\/nirigs.com\/en\/wp-json\/wp\/v2\/product"}],"about":[{"href":"https:\/\/nirigs.com\/en\/wp-json\/wp\/v2\/types\/product"}],"replies":[{"embeddable":true,"href":"https:\/\/nirigs.com\/en\/wp-json\/wp\/v2\/comments?post=27572"}],"version-history":[{"count":2,"href":"https:\/\/nirigs.com\/en\/wp-json\/wp\/v2\/product\/27572\/revisions"}],"predecessor-version":[{"id":27578,"href":"https:\/\/nirigs.com\/en\/wp-json\/wp\/v2\/product\/27572\/revisions\/27578"}],"wp:featuredmedia":[{"embeddable":true,"href":"https:\/\/nirigs.com\/en\/wp-json\/wp\/v2\/media\/27576"}],"wp:attachment":[{"href":"https:\/\/nirigs.com\/en\/wp-json\/wp\/v2\/media?parent=27572"}],"wp:term":[{"taxonomy":"pwb-brand","embeddable":true,"href":"https:\/\/nirigs.com\/en\/wp-json\/wp\/v2\/pwb-brand?post=27572"},{"taxonomy":"product_brand","embeddable":true,"href":"https:\/\/nirigs.com\/en\/wp-json\/wp\/v2\/product_brand?post=27572"},{"taxonomy":"product_cat","embeddable":true,"href":"https:\/\/nirigs.com\/en\/wp-json\/wp\/v2\/product_cat?post=27572"},{"taxonomy":"product_tag","embeddable":true,"href":"https:\/\/nirigs.com\/en\/wp-json\/wp\/v2\/product_tag?post=27572"}],"curies":[{"name":"wp","href":"https:\/\/api.w.org\/{rel}","templated":true}]}}