{"id":27568,"date":"2026-02-28T19:39:45","date_gmt":"2026-02-28T16:39:45","guid":{"rendered":"https:\/\/nirigs.com\/?post_type=product&#038;p=27568"},"modified":"2026-02-28T19:39:45","modified_gmt":"2026-02-28T16:39:45","slug":"cosmo-shampoing-hydratant-a-lavocat-et-au-beurre-de-karite","status":"publish","type":"product","link":"https:\/\/nirigs.com\/en\/product\/cosmo-shampoing-hydratant-a-lavocat-et-au-beurre-de-karite\/","title":{"rendered":"Cosmo &#8211; Shampoing Hydratant \u00e0 l&rsquo;Avocat et au Beurre de Karit\u00e9"},"content":{"rendered":"<p data-start=\"65\" data-end=\"657\">Le shampoing hydratant Cosmo \u00e0 l\u2019avocat et au beurre de karit\u00e9 nettoie d\u00e9licatement les cheveux tout en leur apportant nutrition et douceur. Sa formule enrichie en actifs naturels aide \u00e0 hydrater la fibre capillaire, renforcer les longueurs et prot\u00e9ger les cheveux secs ou fragilis\u00e9s. L\u2019avocat, reconnu pour sa richesse en vitamines et acides gras essentiels, nourrit intens\u00e9ment, tandis que le beurre de karit\u00e9 aide \u00e0 restaurer la souplesse, la brillance et la r\u00e9sistance des cheveux. Apr\u00e8s chaque lavage, la chevelure est propre, douce, souple et facile \u00e0 coiffer.<\/p>\n<h2 data-section-id=\"pns44f\" data-start=\"664\" data-end=\"687\">Bienfaits principaux<\/h2>\n<ul data-start=\"688\" data-end=\"875\">\n<li data-section-id=\"74fspb\" data-start=\"688\" data-end=\"725\">\n<p data-start=\"690\" data-end=\"725\">Nettoie en douceur sans dess\u00e9cher<\/p>\n<\/li>\n<li data-section-id=\"th6t2l\" data-start=\"726\" data-end=\"760\">\n<p data-start=\"728\" data-end=\"760\">Hydrate et nourrit les cheveux<\/p>\n<\/li>\n<li data-section-id=\"dvri8v\" data-start=\"761\" data-end=\"793\">\n<p data-start=\"763\" data-end=\"793\">Renforce la fibre capillaire<\/p>\n<\/li>\n<li data-section-id=\"1i29smz\" data-start=\"794\" data-end=\"826\">\n<p data-start=\"796\" data-end=\"826\">Apporte douceur et brillance<\/p>\n<\/li>\n<li data-section-id=\"sg9vy1\" data-start=\"827\" data-end=\"875\">\n<p data-start=\"829\" data-end=\"875\">R\u00e9duit les frisottis et facilite le coiffage<\/p>\n<\/li>\n<\/ul>\n<h2 data-section-id=\"5zkuii\" data-start=\"882\" data-end=\"896\">Actifs cl\u00e9s<\/h2>\n<ul data-start=\"897\" data-end=\"1073\">\n<li data-section-id=\"e9xjqi\" data-start=\"897\" data-end=\"943\">\n<p data-start=\"899\" data-end=\"943\"><strong data-start=\"899\" data-end=\"917\">Huile d\u2019avocat<\/strong> : nourrit et revitalise<\/p>\n<\/li>\n<li data-section-id=\"18lshgt\" data-start=\"944\" data-end=\"1001\">\n<p data-start=\"946\" data-end=\"1001\"><strong data-start=\"946\" data-end=\"966\">Shea Butter<\/strong> : prot\u00e8ge et hydrate intens\u00e9ment<\/p>\n<\/li>\n<li data-section-id=\"zzid57\" data-start=\"1002\" data-end=\"1073\">\n<p data-start=\"1004\" data-end=\"1073\"><strong data-start=\"1004\" data-end=\"1030\">Agents nettoyants doux<\/strong> : respectent l\u2019\u00e9quilibre du cuir chevelu<\/p>\n<\/li>\n<\/ul>\n<h2 data-section-id=\"cgr77c\" data-start=\"1080\" data-end=\"1101\">Mode d\u2019utilisation<\/h2>\n<p data-start=\"1102\" data-end=\"1308\">Appliquer sur cheveux mouill\u00e9s, masser d\u00e9licatement le cuir chevelu puis rincer abondamment. R\u00e9p\u00e9ter si n\u00e9cessaire. Pour un r\u00e9sultat optimal, utiliser avec un apr\u00e8s-shampooing ou un masque de la m\u00eame gamme.<\/p>","protected":false},"excerpt":{"rendered":"<p>Le shampoing hydratant Cosmo \u00e0 l\u2019avocat et au beurre de karit\u00e9 nettoie d\u00e9licatement les cheveux tout en leur apportant nutrition<\/p>","protected":false},"featured_media":27569,"comment_status":"open","ping_status":"closed","template":"","meta":[],"pwb-brand":[1340],"product_brand":[],"product_cat":[267,1022,275,1026,1024],"product_tag":[],"class_list":{"0":"post-27568","1":"product","2":"type-product","3":"status-publish","4":"has-post-thumbnail","6":"pwb-brand-cosmo","7":"product_cat-beaute-et-soins","8":"product_cat-coiffures-et-soins-des-cheveux","9":"product_cat-epicerie","10":"product_cat-shampooings","11":"product_cat-soins-des-cheveux","13":"first","14":"instock","15":"shipping-taxable","16":"purchasable","17":"product-type-simple"},"yoast_head":"<!-- This site is optimized with the Yoast SEO plugin v27.1.1 - https:\/\/yoast.com\/product\/yoast-seo-wordpress\/ -->\n<title>Cosmo - Shampoing Hydratant \u00e0 l&#039;Avocat et au Beurre de Karit\u00e9 - NIRIGS<\/title>\n<meta name=\"robots\" content=\"index, follow, max-snippet:-1, max-image-preview:large, max-video-preview:-1\" \/>\n<link rel=\"canonical\" href=\"https:\/\/nirigs.com\/en\/product\/cosmo-shampoing-hydratant-a-lavocat-et-au-beurre-de-karite\/\" \/>\n<meta property=\"og:locale\" content=\"en_US\" \/>\n<meta property=\"og:type\" content=\"article\" \/>\n<meta property=\"og:title\" content=\"Cosmo - Shampoing Hydratant \u00e0 l&#039;Avocat et au Beurre de Karit\u00e9 - NIRIGS\" \/>\n<meta property=\"og:description\" content=\"Le shampoing hydratant Cosmo \u00e0 l\u2019avocat et au beurre de karit\u00e9 nettoie d\u00e9licatement les cheveux tout en leur apportant nutrition\" \/>\n<meta property=\"og:url\" content=\"https:\/\/nirigs.com\/en\/product\/cosmo-shampoing-hydratant-a-lavocat-et-au-beurre-de-karite\/\" \/>\n<meta property=\"og:site_name\" content=\"NIRIGS\" \/>\n<meta property=\"og:image\" content=\"https:\/\/nirigs.com\/wp-content\/uploads\/2026\/02\/Cosmo-Shampoing-Hydratant-a-lAvocat-et-au-Beurre-de-Karite-djibouti.png\" \/>\n\t<meta property=\"og:image:width\" content=\"1000\" \/>\n\t<meta property=\"og:image:height\" content=\"1000\" \/>\n\t<meta property=\"og:image:type\" content=\"image\/png\" \/>\n<meta name=\"twitter:card\" content=\"summary_large_image\" \/>\n<meta name=\"twitter:label1\" content=\"Est. reading time\" \/>\n\t<meta name=\"twitter:data1\" content=\"2 minutes\" \/>\n<script type=\"application\/ld+json\" class=\"yoast-schema-graph\">{\"@context\":\"https:\/\/schema.org\",\"@graph\":[{\"@type\":\"WebPage\",\"@id\":\"https:\/\/nirigs.com\/product\/cosmo-shampoing-hydratant-a-lavocat-et-au-beurre-de-karite\/\",\"url\":\"https:\/\/nirigs.com\/product\/cosmo-shampoing-hydratant-a-lavocat-et-au-beurre-de-karite\/\",\"name\":\"Cosmo - Shampoing Hydratant \u00e0 l'Avocat et au Beurre de Karit\u00e9 - NIRIGS\",\"isPartOf\":{\"@id\":\"https:\/\/nirigs.com\/#website\"},\"primaryImageOfPage\":{\"@id\":\"https:\/\/nirigs.com\/product\/cosmo-shampoing-hydratant-a-lavocat-et-au-beurre-de-karite\/#primaryimage\"},\"image\":{\"@id\":\"https:\/\/nirigs.com\/product\/cosmo-shampoing-hydratant-a-lavocat-et-au-beurre-de-karite\/#primaryimage\"},\"thumbnailUrl\":\"https:\/\/nirigs.com\/wp-content\/uploads\/2026\/02\/Cosmo-Shampoing-Hydratant-a-lAvocat-et-au-Beurre-de-Karite-djibouti.png\",\"datePublished\":\"2026-02-28T16:39:45+00:00\",\"breadcrumb\":{\"@id\":\"https:\/\/nirigs.com\/product\/cosmo-shampoing-hydratant-a-lavocat-et-au-beurre-de-karite\/#breadcrumb\"},\"inLanguage\":\"en-US\",\"potentialAction\":[{\"@type\":\"ReadAction\",\"target\":[\"https:\/\/nirigs.com\/product\/cosmo-shampoing-hydratant-a-lavocat-et-au-beurre-de-karite\/\"]}]},{\"@type\":\"ImageObject\",\"inLanguage\":\"en-US\",\"@id\":\"https:\/\/nirigs.com\/product\/cosmo-shampoing-hydratant-a-lavocat-et-au-beurre-de-karite\/#primaryimage\",\"url\":\"https:\/\/nirigs.com\/wp-content\/uploads\/2026\/02\/Cosmo-Shampoing-Hydratant-a-lAvocat-et-au-Beurre-de-Karite-djibouti.png\",\"contentUrl\":\"https:\/\/nirigs.com\/wp-content\/uploads\/2026\/02\/Cosmo-Shampoing-Hydratant-a-lAvocat-et-au-Beurre-de-Karite-djibouti.png\",\"width\":1000,\"height\":1000},{\"@type\":\"BreadcrumbList\",\"@id\":\"https:\/\/nirigs.com\/product\/cosmo-shampoing-hydratant-a-lavocat-et-au-beurre-de-karite\/#breadcrumb\",\"itemListElement\":[{\"@type\":\"ListItem\",\"position\":1,\"name\":\"Home\",\"item\":\"https:\/\/nirigs.com\/\"},{\"@type\":\"ListItem\",\"position\":2,\"name\":\"Parcourir\",\"item\":\"https:\/\/nirigs.com\/boutique\/\"},{\"@type\":\"ListItem\",\"position\":3,\"name\":\"Cosmo &#8211; Shampoing Hydratant \u00e0 l&rsquo;Avocat et au Beurre de Karit\u00e9\"}]},{\"@type\":\"WebSite\",\"@id\":\"https:\/\/nirigs.com\/#website\",\"url\":\"https:\/\/nirigs.com\/\",\"name\":\"Nirigs.com\",\"description\":\"Simplifiez vos achats du quotidien \u00e0 Djibouti\",\"publisher\":{\"@id\":\"https:\/\/nirigs.com\/#organization\"},\"potentialAction\":[{\"@type\":\"SearchAction\",\"target\":{\"@type\":\"EntryPoint\",\"urlTemplate\":\"https:\/\/nirigs.com\/?s={search_term_string}\"},\"query-input\":{\"@type\":\"PropertyValueSpecification\",\"valueRequired\":true,\"valueName\":\"search_term_string\"}}],\"inLanguage\":\"en-US\"},{\"@type\":\"Organization\",\"@id\":\"https:\/\/nirigs.com\/#organization\",\"name\":\"Nirigs\",\"url\":\"https:\/\/nirigs.com\/\",\"logo\":{\"@type\":\"ImageObject\",\"inLanguage\":\"en-US\",\"@id\":\"https:\/\/nirigs.com\/#\/schema\/logo\/image\/\",\"url\":\"https:\/\/nirigs.com\/wp-content\/uploads\/2025\/04\/Design-sans-titre-27.png\",\"contentUrl\":\"https:\/\/nirigs.com\/wp-content\/uploads\/2025\/04\/Design-sans-titre-27.png\",\"width\":500,\"height\":500,\"caption\":\"Nirigs\"},\"image\":{\"@id\":\"https:\/\/nirigs.com\/#\/schema\/logo\/image\/\"}}]}<\/script>\n<!-- \/ Yoast SEO plugin. -->","yoast_head_json":{"title":"Cosmo - Shampoing Hydratant \u00e0 l'Avocat et au Beurre de Karit\u00e9 - NIRIGS","robots":{"index":"index","follow":"follow","max-snippet":"max-snippet:-1","max-image-preview":"max-image-preview:large","max-video-preview":"max-video-preview:-1"},"canonical":"https:\/\/nirigs.com\/en\/product\/cosmo-shampoing-hydratant-a-lavocat-et-au-beurre-de-karite\/","og_locale":"en_US","og_type":"article","og_title":"Cosmo - Shampoing Hydratant \u00e0 l'Avocat et au Beurre de Karit\u00e9 - NIRIGS","og_description":"Le shampoing hydratant Cosmo \u00e0 l\u2019avocat et au beurre de karit\u00e9 nettoie d\u00e9licatement les cheveux tout en leur apportant nutrition","og_url":"https:\/\/nirigs.com\/en\/product\/cosmo-shampoing-hydratant-a-lavocat-et-au-beurre-de-karite\/","og_site_name":"NIRIGS","og_image":[{"width":1000,"height":1000,"url":"https:\/\/nirigs.com\/wp-content\/uploads\/2026\/02\/Cosmo-Shampoing-Hydratant-a-lAvocat-et-au-Beurre-de-Karite-djibouti.png","type":"image\/png"}],"twitter_card":"summary_large_image","twitter_misc":{"Est. reading time":"2 minutes"},"schema":{"@context":"https:\/\/schema.org","@graph":[{"@type":"WebPage","@id":"https:\/\/nirigs.com\/product\/cosmo-shampoing-hydratant-a-lavocat-et-au-beurre-de-karite\/","url":"https:\/\/nirigs.com\/product\/cosmo-shampoing-hydratant-a-lavocat-et-au-beurre-de-karite\/","name":"Cosmo - Shampoing Hydratant \u00e0 l'Avocat et au Beurre de Karit\u00e9 - NIRIGS","isPartOf":{"@id":"https:\/\/nirigs.com\/#website"},"primaryImageOfPage":{"@id":"https:\/\/nirigs.com\/product\/cosmo-shampoing-hydratant-a-lavocat-et-au-beurre-de-karite\/#primaryimage"},"image":{"@id":"https:\/\/nirigs.com\/product\/cosmo-shampoing-hydratant-a-lavocat-et-au-beurre-de-karite\/#primaryimage"},"thumbnailUrl":"https:\/\/nirigs.com\/wp-content\/uploads\/2026\/02\/Cosmo-Shampoing-Hydratant-a-lAvocat-et-au-Beurre-de-Karite-djibouti.png","datePublished":"2026-02-28T16:39:45+00:00","breadcrumb":{"@id":"https:\/\/nirigs.com\/product\/cosmo-shampoing-hydratant-a-lavocat-et-au-beurre-de-karite\/#breadcrumb"},"inLanguage":"en-US","potentialAction":[{"@type":"ReadAction","target":["https:\/\/nirigs.com\/product\/cosmo-shampoing-hydratant-a-lavocat-et-au-beurre-de-karite\/"]}]},{"@type":"ImageObject","inLanguage":"en-US","@id":"https:\/\/nirigs.com\/product\/cosmo-shampoing-hydratant-a-lavocat-et-au-beurre-de-karite\/#primaryimage","url":"https:\/\/nirigs.com\/wp-content\/uploads\/2026\/02\/Cosmo-Shampoing-Hydratant-a-lAvocat-et-au-Beurre-de-Karite-djibouti.png","contentUrl":"https:\/\/nirigs.com\/wp-content\/uploads\/2026\/02\/Cosmo-Shampoing-Hydratant-a-lAvocat-et-au-Beurre-de-Karite-djibouti.png","width":1000,"height":1000},{"@type":"BreadcrumbList","@id":"https:\/\/nirigs.com\/product\/cosmo-shampoing-hydratant-a-lavocat-et-au-beurre-de-karite\/#breadcrumb","itemListElement":[{"@type":"ListItem","position":1,"name":"Home","item":"https:\/\/nirigs.com\/"},{"@type":"ListItem","position":2,"name":"Parcourir","item":"https:\/\/nirigs.com\/boutique\/"},{"@type":"ListItem","position":3,"name":"Cosmo &#8211; Shampoing Hydratant \u00e0 l&rsquo;Avocat et au Beurre de Karit\u00e9"}]},{"@type":"WebSite","@id":"https:\/\/nirigs.com\/#website","url":"https:\/\/nirigs.com\/","name":"Nirigs.com","description":"Simplifiez vos achats du quotidien \u00e0 Djibouti","publisher":{"@id":"https:\/\/nirigs.com\/#organization"},"potentialAction":[{"@type":"SearchAction","target":{"@type":"EntryPoint","urlTemplate":"https:\/\/nirigs.com\/?s={search_term_string}"},"query-input":{"@type":"PropertyValueSpecification","valueRequired":true,"valueName":"search_term_string"}}],"inLanguage":"en-US"},{"@type":"Organization","@id":"https:\/\/nirigs.com\/#organization","name":"Nirigs","url":"https:\/\/nirigs.com\/","logo":{"@type":"ImageObject","inLanguage":"en-US","@id":"https:\/\/nirigs.com\/#\/schema\/logo\/image\/","url":"https:\/\/nirigs.com\/wp-content\/uploads\/2025\/04\/Design-sans-titre-27.png","contentUrl":"https:\/\/nirigs.com\/wp-content\/uploads\/2025\/04\/Design-sans-titre-27.png","width":500,"height":500,"caption":"Nirigs"},"image":{"@id":"https:\/\/nirigs.com\/#\/schema\/logo\/image\/"}}]}},"brands":[{"id":1340,"name":"Cosmo","slug":"cosmo"}],"_links":{"self":[{"href":"https:\/\/nirigs.com\/en\/wp-json\/wp\/v2\/product\/27568","targetHints":{"allow":["GET"]}}],"collection":[{"href":"https:\/\/nirigs.com\/en\/wp-json\/wp\/v2\/product"}],"about":[{"href":"https:\/\/nirigs.com\/en\/wp-json\/wp\/v2\/types\/product"}],"replies":[{"embeddable":true,"href":"https:\/\/nirigs.com\/en\/wp-json\/wp\/v2\/comments?post=27568"}],"version-history":[{"count":1,"href":"https:\/\/nirigs.com\/en\/wp-json\/wp\/v2\/product\/27568\/revisions"}],"predecessor-version":[{"id":27570,"href":"https:\/\/nirigs.com\/en\/wp-json\/wp\/v2\/product\/27568\/revisions\/27570"}],"wp:featuredmedia":[{"embeddable":true,"href":"https:\/\/nirigs.com\/en\/wp-json\/wp\/v2\/media\/27569"}],"wp:attachment":[{"href":"https:\/\/nirigs.com\/en\/wp-json\/wp\/v2\/media?parent=27568"}],"wp:term":[{"taxonomy":"pwb-brand","embeddable":true,"href":"https:\/\/nirigs.com\/en\/wp-json\/wp\/v2\/pwb-brand?post=27568"},{"taxonomy":"product_brand","embeddable":true,"href":"https:\/\/nirigs.com\/en\/wp-json\/wp\/v2\/product_brand?post=27568"},{"taxonomy":"product_cat","embeddable":true,"href":"https:\/\/nirigs.com\/en\/wp-json\/wp\/v2\/product_cat?post=27568"},{"taxonomy":"product_tag","embeddable":true,"href":"https:\/\/nirigs.com\/en\/wp-json\/wp\/v2\/product_tag?post=27568"}],"curies":[{"name":"wp","href":"https:\/\/api.w.org\/{rel}","templated":true}]}}