{"id":27561,"date":"2026-02-28T19:14:24","date_gmt":"2026-02-28T16:14:24","guid":{"rendered":"https:\/\/nirigs.com\/?post_type=product&#038;p=27561"},"modified":"2026-02-28T19:14:24","modified_gmt":"2026-02-28T16:14:24","slug":"cosmo-apres-shampooing-a-lavocat-et-au-beurre-de-karite","status":"publish","type":"product","link":"https:\/\/nirigs.com\/en\/product\/cosmo-apres-shampooing-a-lavocat-et-au-beurre-de-karite\/","title":{"rendered":"Cosmo &#8211; Apr\u00e8s-shampooing \u00e0 l&rsquo;Avocat et au Beurre de Karit\u00e9"},"content":{"rendered":"<p data-start=\"62\" data-end=\"630\">L\u2019apr\u00e8s-shampooing Cosmo \u00e0 l\u2019avocat et au beurre de karit\u00e9 est un soin nourrissant con\u00e7u pour hydrater, adoucir et d\u00e9m\u00ealer les cheveux en douceur. Sa formule enrichie en actifs nutritifs aide \u00e0 restaurer l\u2019hydratation naturelle de la fibre capillaire, tout en am\u00e9liorant la souplesse et la brillance. L\u2019avocat, riche en vitamines et acides gras essentiels, revitalise les cheveux secs ou ternes, tandis que le beurre de karit\u00e9 apporte nutrition, protection et douceur. R\u00e9sultat : des cheveux plus lisses, plus r\u00e9sistants et faciles \u00e0 coiffer.<\/p>\n<h2 data-section-id=\"pns44f\" data-start=\"637\" data-end=\"660\">Bienfaits principaux<\/h2>\n<ul data-start=\"661\" data-end=\"835\">\n<li data-section-id=\"17cytcn\" data-start=\"661\" data-end=\"695\">\n<p data-start=\"663\" data-end=\"695\">Hydrate et nourrit intens\u00e9ment<\/p>\n<\/li>\n<li data-section-id=\"m46lp\" data-start=\"696\" data-end=\"744\">\n<p data-start=\"698\" data-end=\"744\">Facilite le d\u00e9m\u00ealage sans casser les cheveux<\/p>\n<\/li>\n<li data-section-id=\"1i29smz\" data-start=\"745\" data-end=\"777\">\n<p data-start=\"747\" data-end=\"777\">Apporte douceur et brillance<\/p>\n<\/li>\n<li data-section-id=\"12ui526\" data-start=\"778\" data-end=\"802\">\n<p data-start=\"780\" data-end=\"802\">R\u00e9duit les frisottis<\/p>\n<\/li>\n<li data-section-id=\"dvri8v\" data-start=\"803\" data-end=\"835\">\n<p data-start=\"805\" data-end=\"835\">Renforce la fibre capillaire<\/p>\n<\/li>\n<\/ul>\n<h2 data-section-id=\"5zkuii\" data-start=\"842\" data-end=\"856\">Actifs cl\u00e9s<\/h2>\n<ul data-start=\"857\" data-end=\"1047\">\n<li data-section-id=\"ei4efa\" data-start=\"857\" data-end=\"920\">\n<p data-start=\"859\" data-end=\"920\"><strong data-start=\"859\" data-end=\"877\">Huile d\u2019avocat<\/strong> : nourrit et revitalise les cheveux secs<\/p>\n<\/li>\n<li data-section-id=\"1t1pi9c\" data-start=\"921\" data-end=\"975\">\n<p data-start=\"923\" data-end=\"975\"><strong data-start=\"923\" data-end=\"943\">Shea Butter<\/strong> : prot\u00e8ge, adoucit et hydrate<\/p>\n<\/li>\n<li data-section-id=\"2ew2go\" data-start=\"976\" data-end=\"1047\">\n<p data-start=\"978\" data-end=\"1047\"><strong data-start=\"978\" data-end=\"1003\">Agents conditionnants<\/strong> : am\u00e9liorent la texture et la maniabilit\u00e9<\/p>\n<\/li>\n<\/ul>\n<h2 data-section-id=\"cgr77c\" data-start=\"1054\" data-end=\"1075\">Mode d\u2019utilisation<\/h2>\n<p data-start=\"1076\" data-end=\"1226\">Apr\u00e8s le shampooing, appliquer sur cheveux mouill\u00e9s en insistant sur les longueurs et les pointes. Laisser agir 2 \u00e0 3 minutes puis rincer abondamment.<\/p>","protected":false},"excerpt":{"rendered":"<p>L\u2019apr\u00e8s-shampooing Cosmo \u00e0 l\u2019avocat et au beurre de karit\u00e9 est un soin nourrissant con\u00e7u pour hydrater, adoucir et d\u00e9m\u00ealer les<\/p>","protected":false},"featured_media":27562,"comment_status":"open","ping_status":"closed","template":"","meta":[],"pwb-brand":[1340],"product_brand":[],"product_cat":[1025,267,1022,275,1024],"product_tag":[],"class_list":{"0":"post-27561","1":"product","2":"type-product","3":"status-publish","4":"has-post-thumbnail","6":"pwb-brand-cosmo","7":"product_cat-apres-shampooings","8":"product_cat-beaute-et-soins","9":"product_cat-coiffures-et-soins-des-cheveux","10":"product_cat-epicerie","11":"product_cat-soins-des-cheveux","13":"first","14":"instock","15":"shipping-taxable","16":"purchasable","17":"product-type-simple"},"yoast_head":"<!-- This site is optimized with the Yoast SEO plugin v27.1.1 - https:\/\/yoast.com\/product\/yoast-seo-wordpress\/ -->\n<title>Cosmo - Apr\u00e8s-shampooing \u00e0 l&#039;Avocat et au Beurre de Karit\u00e9 - NIRIGS<\/title>\n<meta name=\"robots\" content=\"index, follow, max-snippet:-1, max-image-preview:large, max-video-preview:-1\" \/>\n<link rel=\"canonical\" href=\"https:\/\/nirigs.com\/en\/product\/cosmo-apres-shampooing-a-lavocat-et-au-beurre-de-karite\/\" \/>\n<meta property=\"og:locale\" content=\"en_US\" \/>\n<meta property=\"og:type\" content=\"article\" \/>\n<meta property=\"og:title\" content=\"Cosmo - Apr\u00e8s-shampooing \u00e0 l&#039;Avocat et au Beurre de Karit\u00e9 - NIRIGS\" \/>\n<meta property=\"og:description\" content=\"L\u2019apr\u00e8s-shampooing Cosmo \u00e0 l\u2019avocat et au beurre de karit\u00e9 est un soin nourrissant con\u00e7u pour hydrater, adoucir et d\u00e9m\u00ealer les\" \/>\n<meta property=\"og:url\" content=\"https:\/\/nirigs.com\/en\/product\/cosmo-apres-shampooing-a-lavocat-et-au-beurre-de-karite\/\" \/>\n<meta property=\"og:site_name\" content=\"NIRIGS\" \/>\n<meta property=\"og:image\" content=\"https:\/\/nirigs.com\/wp-content\/uploads\/2026\/02\/Cosmo-Apres-shampooing-a-lAvocat-et-au-Beurre-de-Karite-djibouti.png\" \/>\n\t<meta property=\"og:image:width\" content=\"1000\" \/>\n\t<meta property=\"og:image:height\" content=\"1000\" \/>\n\t<meta property=\"og:image:type\" content=\"image\/png\" \/>\n<meta name=\"twitter:card\" content=\"summary_large_image\" \/>\n<meta name=\"twitter:label1\" content=\"Est. reading time\" \/>\n\t<meta name=\"twitter:data1\" content=\"2 minutes\" \/>\n<script type=\"application\/ld+json\" class=\"yoast-schema-graph\">{\"@context\":\"https:\/\/schema.org\",\"@graph\":[{\"@type\":\"WebPage\",\"@id\":\"https:\/\/nirigs.com\/product\/cosmo-apres-shampooing-a-lavocat-et-au-beurre-de-karite\/\",\"url\":\"https:\/\/nirigs.com\/product\/cosmo-apres-shampooing-a-lavocat-et-au-beurre-de-karite\/\",\"name\":\"Cosmo - Apr\u00e8s-shampooing \u00e0 l'Avocat et au Beurre de Karit\u00e9 - NIRIGS\",\"isPartOf\":{\"@id\":\"https:\/\/nirigs.com\/#website\"},\"primaryImageOfPage\":{\"@id\":\"https:\/\/nirigs.com\/product\/cosmo-apres-shampooing-a-lavocat-et-au-beurre-de-karite\/#primaryimage\"},\"image\":{\"@id\":\"https:\/\/nirigs.com\/product\/cosmo-apres-shampooing-a-lavocat-et-au-beurre-de-karite\/#primaryimage\"},\"thumbnailUrl\":\"https:\/\/nirigs.com\/wp-content\/uploads\/2026\/02\/Cosmo-Apres-shampooing-a-lAvocat-et-au-Beurre-de-Karite-djibouti.png\",\"datePublished\":\"2026-02-28T16:14:24+00:00\",\"breadcrumb\":{\"@id\":\"https:\/\/nirigs.com\/product\/cosmo-apres-shampooing-a-lavocat-et-au-beurre-de-karite\/#breadcrumb\"},\"inLanguage\":\"en-US\",\"potentialAction\":[{\"@type\":\"ReadAction\",\"target\":[\"https:\/\/nirigs.com\/product\/cosmo-apres-shampooing-a-lavocat-et-au-beurre-de-karite\/\"]}]},{\"@type\":\"ImageObject\",\"inLanguage\":\"en-US\",\"@id\":\"https:\/\/nirigs.com\/product\/cosmo-apres-shampooing-a-lavocat-et-au-beurre-de-karite\/#primaryimage\",\"url\":\"https:\/\/nirigs.com\/wp-content\/uploads\/2026\/02\/Cosmo-Apres-shampooing-a-lAvocat-et-au-Beurre-de-Karite-djibouti.png\",\"contentUrl\":\"https:\/\/nirigs.com\/wp-content\/uploads\/2026\/02\/Cosmo-Apres-shampooing-a-lAvocat-et-au-Beurre-de-Karite-djibouti.png\",\"width\":1000,\"height\":1000},{\"@type\":\"BreadcrumbList\",\"@id\":\"https:\/\/nirigs.com\/product\/cosmo-apres-shampooing-a-lavocat-et-au-beurre-de-karite\/#breadcrumb\",\"itemListElement\":[{\"@type\":\"ListItem\",\"position\":1,\"name\":\"Home\",\"item\":\"https:\/\/nirigs.com\/\"},{\"@type\":\"ListItem\",\"position\":2,\"name\":\"Parcourir\",\"item\":\"https:\/\/nirigs.com\/boutique\/\"},{\"@type\":\"ListItem\",\"position\":3,\"name\":\"Cosmo &#8211; Apr\u00e8s-shampooing \u00e0 l&rsquo;Avocat et au Beurre de Karit\u00e9\"}]},{\"@type\":\"WebSite\",\"@id\":\"https:\/\/nirigs.com\/#website\",\"url\":\"https:\/\/nirigs.com\/\",\"name\":\"Nirigs.com\",\"description\":\"Simplifiez vos achats du quotidien \u00e0 Djibouti\",\"publisher\":{\"@id\":\"https:\/\/nirigs.com\/#organization\"},\"potentialAction\":[{\"@type\":\"SearchAction\",\"target\":{\"@type\":\"EntryPoint\",\"urlTemplate\":\"https:\/\/nirigs.com\/?s={search_term_string}\"},\"query-input\":{\"@type\":\"PropertyValueSpecification\",\"valueRequired\":true,\"valueName\":\"search_term_string\"}}],\"inLanguage\":\"en-US\"},{\"@type\":\"Organization\",\"@id\":\"https:\/\/nirigs.com\/#organization\",\"name\":\"Nirigs\",\"url\":\"https:\/\/nirigs.com\/\",\"logo\":{\"@type\":\"ImageObject\",\"inLanguage\":\"en-US\",\"@id\":\"https:\/\/nirigs.com\/#\/schema\/logo\/image\/\",\"url\":\"https:\/\/nirigs.com\/wp-content\/uploads\/2025\/04\/Design-sans-titre-27.png\",\"contentUrl\":\"https:\/\/nirigs.com\/wp-content\/uploads\/2025\/04\/Design-sans-titre-27.png\",\"width\":500,\"height\":500,\"caption\":\"Nirigs\"},\"image\":{\"@id\":\"https:\/\/nirigs.com\/#\/schema\/logo\/image\/\"}}]}<\/script>\n<!-- \/ Yoast SEO plugin. -->","yoast_head_json":{"title":"Cosmo - Apr\u00e8s-shampooing \u00e0 l'Avocat et au Beurre de Karit\u00e9 - NIRIGS","robots":{"index":"index","follow":"follow","max-snippet":"max-snippet:-1","max-image-preview":"max-image-preview:large","max-video-preview":"max-video-preview:-1"},"canonical":"https:\/\/nirigs.com\/en\/product\/cosmo-apres-shampooing-a-lavocat-et-au-beurre-de-karite\/","og_locale":"en_US","og_type":"article","og_title":"Cosmo - Apr\u00e8s-shampooing \u00e0 l'Avocat et au Beurre de Karit\u00e9 - NIRIGS","og_description":"L\u2019apr\u00e8s-shampooing Cosmo \u00e0 l\u2019avocat et au beurre de karit\u00e9 est un soin nourrissant con\u00e7u pour hydrater, adoucir et d\u00e9m\u00ealer les","og_url":"https:\/\/nirigs.com\/en\/product\/cosmo-apres-shampooing-a-lavocat-et-au-beurre-de-karite\/","og_site_name":"NIRIGS","og_image":[{"width":1000,"height":1000,"url":"https:\/\/nirigs.com\/wp-content\/uploads\/2026\/02\/Cosmo-Apres-shampooing-a-lAvocat-et-au-Beurre-de-Karite-djibouti.png","type":"image\/png"}],"twitter_card":"summary_large_image","twitter_misc":{"Est. reading time":"2 minutes"},"schema":{"@context":"https:\/\/schema.org","@graph":[{"@type":"WebPage","@id":"https:\/\/nirigs.com\/product\/cosmo-apres-shampooing-a-lavocat-et-au-beurre-de-karite\/","url":"https:\/\/nirigs.com\/product\/cosmo-apres-shampooing-a-lavocat-et-au-beurre-de-karite\/","name":"Cosmo - Apr\u00e8s-shampooing \u00e0 l'Avocat et au Beurre de Karit\u00e9 - NIRIGS","isPartOf":{"@id":"https:\/\/nirigs.com\/#website"},"primaryImageOfPage":{"@id":"https:\/\/nirigs.com\/product\/cosmo-apres-shampooing-a-lavocat-et-au-beurre-de-karite\/#primaryimage"},"image":{"@id":"https:\/\/nirigs.com\/product\/cosmo-apres-shampooing-a-lavocat-et-au-beurre-de-karite\/#primaryimage"},"thumbnailUrl":"https:\/\/nirigs.com\/wp-content\/uploads\/2026\/02\/Cosmo-Apres-shampooing-a-lAvocat-et-au-Beurre-de-Karite-djibouti.png","datePublished":"2026-02-28T16:14:24+00:00","breadcrumb":{"@id":"https:\/\/nirigs.com\/product\/cosmo-apres-shampooing-a-lavocat-et-au-beurre-de-karite\/#breadcrumb"},"inLanguage":"en-US","potentialAction":[{"@type":"ReadAction","target":["https:\/\/nirigs.com\/product\/cosmo-apres-shampooing-a-lavocat-et-au-beurre-de-karite\/"]}]},{"@type":"ImageObject","inLanguage":"en-US","@id":"https:\/\/nirigs.com\/product\/cosmo-apres-shampooing-a-lavocat-et-au-beurre-de-karite\/#primaryimage","url":"https:\/\/nirigs.com\/wp-content\/uploads\/2026\/02\/Cosmo-Apres-shampooing-a-lAvocat-et-au-Beurre-de-Karite-djibouti.png","contentUrl":"https:\/\/nirigs.com\/wp-content\/uploads\/2026\/02\/Cosmo-Apres-shampooing-a-lAvocat-et-au-Beurre-de-Karite-djibouti.png","width":1000,"height":1000},{"@type":"BreadcrumbList","@id":"https:\/\/nirigs.com\/product\/cosmo-apres-shampooing-a-lavocat-et-au-beurre-de-karite\/#breadcrumb","itemListElement":[{"@type":"ListItem","position":1,"name":"Home","item":"https:\/\/nirigs.com\/"},{"@type":"ListItem","position":2,"name":"Parcourir","item":"https:\/\/nirigs.com\/boutique\/"},{"@type":"ListItem","position":3,"name":"Cosmo &#8211; Apr\u00e8s-shampooing \u00e0 l&rsquo;Avocat et au Beurre de Karit\u00e9"}]},{"@type":"WebSite","@id":"https:\/\/nirigs.com\/#website","url":"https:\/\/nirigs.com\/","name":"Nirigs.com","description":"Simplifiez vos achats du quotidien \u00e0 Djibouti","publisher":{"@id":"https:\/\/nirigs.com\/#organization"},"potentialAction":[{"@type":"SearchAction","target":{"@type":"EntryPoint","urlTemplate":"https:\/\/nirigs.com\/?s={search_term_string}"},"query-input":{"@type":"PropertyValueSpecification","valueRequired":true,"valueName":"search_term_string"}}],"inLanguage":"en-US"},{"@type":"Organization","@id":"https:\/\/nirigs.com\/#organization","name":"Nirigs","url":"https:\/\/nirigs.com\/","logo":{"@type":"ImageObject","inLanguage":"en-US","@id":"https:\/\/nirigs.com\/#\/schema\/logo\/image\/","url":"https:\/\/nirigs.com\/wp-content\/uploads\/2025\/04\/Design-sans-titre-27.png","contentUrl":"https:\/\/nirigs.com\/wp-content\/uploads\/2025\/04\/Design-sans-titre-27.png","width":500,"height":500,"caption":"Nirigs"},"image":{"@id":"https:\/\/nirigs.com\/#\/schema\/logo\/image\/"}}]}},"brands":[{"id":1340,"name":"Cosmo","slug":"cosmo"}],"_links":{"self":[{"href":"https:\/\/nirigs.com\/en\/wp-json\/wp\/v2\/product\/27561","targetHints":{"allow":["GET"]}}],"collection":[{"href":"https:\/\/nirigs.com\/en\/wp-json\/wp\/v2\/product"}],"about":[{"href":"https:\/\/nirigs.com\/en\/wp-json\/wp\/v2\/types\/product"}],"replies":[{"embeddable":true,"href":"https:\/\/nirigs.com\/en\/wp-json\/wp\/v2\/comments?post=27561"}],"version-history":[{"count":1,"href":"https:\/\/nirigs.com\/en\/wp-json\/wp\/v2\/product\/27561\/revisions"}],"predecessor-version":[{"id":27563,"href":"https:\/\/nirigs.com\/en\/wp-json\/wp\/v2\/product\/27561\/revisions\/27563"}],"wp:featuredmedia":[{"embeddable":true,"href":"https:\/\/nirigs.com\/en\/wp-json\/wp\/v2\/media\/27562"}],"wp:attachment":[{"href":"https:\/\/nirigs.com\/en\/wp-json\/wp\/v2\/media?parent=27561"}],"wp:term":[{"taxonomy":"pwb-brand","embeddable":true,"href":"https:\/\/nirigs.com\/en\/wp-json\/wp\/v2\/pwb-brand?post=27561"},{"taxonomy":"product_brand","embeddable":true,"href":"https:\/\/nirigs.com\/en\/wp-json\/wp\/v2\/product_brand?post=27561"},{"taxonomy":"product_cat","embeddable":true,"href":"https:\/\/nirigs.com\/en\/wp-json\/wp\/v2\/product_cat?post=27561"},{"taxonomy":"product_tag","embeddable":true,"href":"https:\/\/nirigs.com\/en\/wp-json\/wp\/v2\/product_tag?post=27561"}],"curies":[{"name":"wp","href":"https:\/\/api.w.org\/{rel}","templated":true}]}}