{"id":27534,"date":"2026-02-26T18:17:17","date_gmt":"2026-02-26T15:17:17","guid":{"rendered":"https:\/\/nirigs.com\/?post_type=product&#038;p=27534"},"modified":"2026-02-28T18:18:19","modified_gmt":"2026-02-28T15:18:19","slug":"mielle-masque-capillaire-gel-anti-chute-de-mousse-de-mer-235-ml","status":"publish","type":"product","link":"https:\/\/nirigs.com\/en\/product\/mielle-masque-capillaire-gel-anti-chute-de-mousse-de-mer-235-ml\/","title":{"rendered":"Mielle &#8211; Masque capillaire gel anti-chute de mousse de mer &#8211; 235 ml"},"content":{"rendered":"<p data-start=\"63\" data-end=\"600\">Le masque capillaire gel anti-chute Sea Moss de <span class=\"hover:entity-accent entity-underline inline cursor-pointer align-baseline\"><span class=\"whitespace-normal\">Mielle Organics<\/span><\/span> est un soin intensif con\u00e7u pour renforcer les cheveux fragiles, r\u00e9duire la casse et favoriser une chevelure plus saine. Sa formule enrichie en mousse de mer, reconnue pour sa richesse en min\u00e9raux essentiels, nourrit la fibre capillaire en profondeur, hydrate le cuir chevelu et am\u00e9liore l\u2019\u00e9lasticit\u00e9 des cheveux. Sa texture gel l\u00e9g\u00e8re p\u00e9n\u00e8tre facilement sans alourdir, laissant les cheveux doux, brillants et plus r\u00e9sistants.<\/p>\n<h2 data-section-id=\"pns44f\" data-start=\"607\" data-end=\"630\">Bienfaits principaux<\/h2>\n<ul data-start=\"631\" data-end=\"842\">\n<li data-section-id=\"186w450\" data-start=\"631\" data-end=\"674\">\n<p data-start=\"633\" data-end=\"674\">Aide \u00e0 r\u00e9duire la chute li\u00e9e \u00e0 la casse<\/p>\n<\/li>\n<li data-section-id=\"1md5oof\" data-start=\"675\" data-end=\"718\">\n<p data-start=\"677\" data-end=\"718\">Nourrit et fortifie la fibre capillaire<\/p>\n<\/li>\n<li data-section-id=\"rax18n\" data-start=\"719\" data-end=\"766\">\n<p data-start=\"721\" data-end=\"766\">Hydrate intens\u00e9ment cheveux et cuir chevelu<\/p>\n<\/li>\n<li data-section-id=\"130l6bv\" data-start=\"767\" data-end=\"809\">\n<p data-start=\"769\" data-end=\"809\">Am\u00e9liore la r\u00e9sistance et l\u2019\u00e9lasticit\u00e9<\/p>\n<\/li>\n<li data-section-id=\"1i29smz\" data-start=\"810\" data-end=\"842\">\n<p data-start=\"812\" data-end=\"842\">Apporte douceur et brillance<\/p>\n<\/li>\n<\/ul>\n<h2 data-section-id=\"3nw7l6\" data-start=\"849\" data-end=\"868\">Ingr\u00e9dients cl\u00e9s<\/h2>\n<ul data-start=\"869\" data-end=\"1053\">\n<li data-section-id=\"a0yir1\" data-start=\"869\" data-end=\"933\">\n<p data-start=\"871\" data-end=\"933\"><strong data-start=\"871\" data-end=\"899\">Sea Moss (mousse de mer)<\/strong> : riche en min\u00e9raux fortifiants<\/p>\n<\/li>\n<li data-section-id=\"c0xe84\" data-start=\"934\" data-end=\"994\">\n<p data-start=\"936\" data-end=\"994\"><strong data-start=\"936\" data-end=\"957\">Agents hydratants<\/strong> : aident \u00e0 maintenir l\u2019hydratation<\/p>\n<\/li>\n<li data-section-id=\"1xf9ob5\" data-start=\"995\" data-end=\"1053\">\n<p data-start=\"997\" data-end=\"1053\"><strong data-start=\"997\" data-end=\"1021\">Complexe nourrissant<\/strong> : prot\u00e8ge la fibre capillaire<\/p>\n<\/li>\n<\/ul>\n<div class=\"a-section content\">\n<p>Eau (Aqua, Eau), glyc\u00e9rine, polyquaternium-7, huile de ricin hydrog\u00e9n\u00e9e PEG-40, polyquaternium-37, chlorure de c\u00e9trimonium, parfum (parfum), chondrus Crispus (mousse iris\u00e9e), extrait d&rsquo;algues hydrolys\u00e9es, extrait de serenoa serrulata (Saw Palmetto), extrait de fruits de Guar Hydroxypropylonpropylon). Chlorure de ium Olea Europaea (olive) Fruit Oil, Prunus Amygdalus Dulcis (amande douce), Panth\u00e9nol, Avena Sativa (avoine), Acide citrique, Alcool ph\u00e9nol, Caprylyl Glycol, Ethylhexylglyc\u00e9rine<\/p>\n<\/div>\n<h2 data-section-id=\"cgr77c\" data-start=\"1060\" data-end=\"1081\">Mode d\u2019utilisation<\/h2>\n<p data-start=\"1082\" data-end=\"1296\">Apr\u00e8s le shampoing, appliquer g\u00e9n\u00e9reusement sur cheveux humides. R\u00e9partir des racines aux pointes, laisser poser 10 \u00e0 15 minutes puis rincer abondamment. Utiliser 1 \u00e0 2 fois par semaine pour de meilleurs r\u00e9sultats.<\/p>","protected":false},"excerpt":{"rendered":"<p>Le masque capillaire gel anti-chute Sea Moss de Mielle Organics est un soin intensif con\u00e7u pour renforcer les cheveux fragiles,<\/p>","protected":false},"featured_media":27536,"comment_status":"open","ping_status":"closed","template":"","meta":[],"pwb-brand":[757],"product_brand":[],"product_cat":[267,1022,275,1024,1027],"product_tag":[],"class_list":{"0":"post-27534","1":"product","2":"type-product","3":"status-publish","4":"has-post-thumbnail","6":"pwb-brand-mielle","7":"product_cat-beaute-et-soins","8":"product_cat-coiffures-et-soins-des-cheveux","9":"product_cat-epicerie","10":"product_cat-soins-des-cheveux","11":"product_cat-soins-et-masques-pour-les-cheveux","13":"first","14":"instock","15":"shipping-taxable","16":"purchasable","17":"product-type-simple"},"yoast_head":"<!-- This site is optimized with the Yoast SEO plugin v27.1.1 - https:\/\/yoast.com\/product\/yoast-seo-wordpress\/ -->\n<title>Mielle - Masque capillaire gel anti-chute de mousse de mer - 235 ml - NIRIGS<\/title>\n<meta name=\"robots\" content=\"index, follow, max-snippet:-1, max-image-preview:large, max-video-preview:-1\" \/>\n<link rel=\"canonical\" href=\"https:\/\/nirigs.com\/en\/product\/mielle-masque-capillaire-gel-anti-chute-de-mousse-de-mer-235-ml\/\" \/>\n<meta property=\"og:locale\" content=\"en_US\" \/>\n<meta property=\"og:type\" content=\"article\" \/>\n<meta property=\"og:title\" content=\"Mielle - Masque capillaire gel anti-chute de mousse de mer - 235 ml - NIRIGS\" \/>\n<meta property=\"og:description\" content=\"Le masque capillaire gel anti-chute Sea Moss de Mielle Organics est un soin intensif con\u00e7u pour renforcer les cheveux fragiles,\" \/>\n<meta property=\"og:url\" content=\"https:\/\/nirigs.com\/en\/product\/mielle-masque-capillaire-gel-anti-chute-de-mousse-de-mer-235-ml\/\" \/>\n<meta property=\"og:site_name\" content=\"NIRIGS\" \/>\n<meta property=\"article:modified_time\" content=\"2026-02-28T15:18:19+00:00\" \/>\n<meta property=\"og:image\" content=\"https:\/\/nirigs.com\/wp-content\/uploads\/2026\/02\/Mielle-Masque-capillaire-gel-anti-chute-de-mousse-de-mer-235-ml-djibouti.png\" \/>\n\t<meta property=\"og:image:width\" content=\"1000\" \/>\n\t<meta property=\"og:image:height\" content=\"1000\" \/>\n\t<meta property=\"og:image:type\" content=\"image\/png\" \/>\n<meta name=\"twitter:card\" content=\"summary_large_image\" \/>\n<meta name=\"twitter:label1\" content=\"Est. reading time\" \/>\n\t<meta name=\"twitter:data1\" content=\"2 minutes\" \/>\n<script type=\"application\/ld+json\" class=\"yoast-schema-graph\">{\"@context\":\"https:\/\/schema.org\",\"@graph\":[{\"@type\":\"WebPage\",\"@id\":\"https:\/\/nirigs.com\/product\/mielle-masque-capillaire-gel-anti-chute-de-mousse-de-mer-235-ml\/\",\"url\":\"https:\/\/nirigs.com\/product\/mielle-masque-capillaire-gel-anti-chute-de-mousse-de-mer-235-ml\/\",\"name\":\"Mielle - Masque capillaire gel anti-chute de mousse de mer - 235 ml - NIRIGS\",\"isPartOf\":{\"@id\":\"https:\/\/nirigs.com\/#website\"},\"primaryImageOfPage\":{\"@id\":\"https:\/\/nirigs.com\/product\/mielle-masque-capillaire-gel-anti-chute-de-mousse-de-mer-235-ml\/#primaryimage\"},\"image\":{\"@id\":\"https:\/\/nirigs.com\/product\/mielle-masque-capillaire-gel-anti-chute-de-mousse-de-mer-235-ml\/#primaryimage\"},\"thumbnailUrl\":\"https:\/\/nirigs.com\/wp-content\/uploads\/2026\/02\/Mielle-Masque-capillaire-gel-anti-chute-de-mousse-de-mer-235-ml-djibouti.png\",\"datePublished\":\"2026-02-26T15:17:17+00:00\",\"dateModified\":\"2026-02-28T15:18:19+00:00\",\"breadcrumb\":{\"@id\":\"https:\/\/nirigs.com\/product\/mielle-masque-capillaire-gel-anti-chute-de-mousse-de-mer-235-ml\/#breadcrumb\"},\"inLanguage\":\"en-US\",\"potentialAction\":[{\"@type\":\"ReadAction\",\"target\":[\"https:\/\/nirigs.com\/product\/mielle-masque-capillaire-gel-anti-chute-de-mousse-de-mer-235-ml\/\"]}]},{\"@type\":\"ImageObject\",\"inLanguage\":\"en-US\",\"@id\":\"https:\/\/nirigs.com\/product\/mielle-masque-capillaire-gel-anti-chute-de-mousse-de-mer-235-ml\/#primaryimage\",\"url\":\"https:\/\/nirigs.com\/wp-content\/uploads\/2026\/02\/Mielle-Masque-capillaire-gel-anti-chute-de-mousse-de-mer-235-ml-djibouti.png\",\"contentUrl\":\"https:\/\/nirigs.com\/wp-content\/uploads\/2026\/02\/Mielle-Masque-capillaire-gel-anti-chute-de-mousse-de-mer-235-ml-djibouti.png\",\"width\":1000,\"height\":1000},{\"@type\":\"BreadcrumbList\",\"@id\":\"https:\/\/nirigs.com\/product\/mielle-masque-capillaire-gel-anti-chute-de-mousse-de-mer-235-ml\/#breadcrumb\",\"itemListElement\":[{\"@type\":\"ListItem\",\"position\":1,\"name\":\"Home\",\"item\":\"https:\/\/nirigs.com\/\"},{\"@type\":\"ListItem\",\"position\":2,\"name\":\"Parcourir\",\"item\":\"https:\/\/nirigs.com\/boutique\/\"},{\"@type\":\"ListItem\",\"position\":3,\"name\":\"Mielle &#8211; Masque capillaire gel anti-chute de mousse de mer &#8211; 235 ml\"}]},{\"@type\":\"WebSite\",\"@id\":\"https:\/\/nirigs.com\/#website\",\"url\":\"https:\/\/nirigs.com\/\",\"name\":\"Nirigs.com\",\"description\":\"Simplifiez vos achats du quotidien \u00e0 Djibouti\",\"publisher\":{\"@id\":\"https:\/\/nirigs.com\/#organization\"},\"potentialAction\":[{\"@type\":\"SearchAction\",\"target\":{\"@type\":\"EntryPoint\",\"urlTemplate\":\"https:\/\/nirigs.com\/?s={search_term_string}\"},\"query-input\":{\"@type\":\"PropertyValueSpecification\",\"valueRequired\":true,\"valueName\":\"search_term_string\"}}],\"inLanguage\":\"en-US\"},{\"@type\":\"Organization\",\"@id\":\"https:\/\/nirigs.com\/#organization\",\"name\":\"Nirigs\",\"url\":\"https:\/\/nirigs.com\/\",\"logo\":{\"@type\":\"ImageObject\",\"inLanguage\":\"en-US\",\"@id\":\"https:\/\/nirigs.com\/#\/schema\/logo\/image\/\",\"url\":\"https:\/\/nirigs.com\/wp-content\/uploads\/2025\/04\/Design-sans-titre-27.png\",\"contentUrl\":\"https:\/\/nirigs.com\/wp-content\/uploads\/2025\/04\/Design-sans-titre-27.png\",\"width\":500,\"height\":500,\"caption\":\"Nirigs\"},\"image\":{\"@id\":\"https:\/\/nirigs.com\/#\/schema\/logo\/image\/\"}}]}<\/script>\n<!-- \/ Yoast SEO plugin. -->","yoast_head_json":{"title":"Mielle - Masque capillaire gel anti-chute de mousse de mer - 235 ml - NIRIGS","robots":{"index":"index","follow":"follow","max-snippet":"max-snippet:-1","max-image-preview":"max-image-preview:large","max-video-preview":"max-video-preview:-1"},"canonical":"https:\/\/nirigs.com\/en\/product\/mielle-masque-capillaire-gel-anti-chute-de-mousse-de-mer-235-ml\/","og_locale":"en_US","og_type":"article","og_title":"Mielle - Masque capillaire gel anti-chute de mousse de mer - 235 ml - NIRIGS","og_description":"Le masque capillaire gel anti-chute Sea Moss de Mielle Organics est un soin intensif con\u00e7u pour renforcer les cheveux fragiles,","og_url":"https:\/\/nirigs.com\/en\/product\/mielle-masque-capillaire-gel-anti-chute-de-mousse-de-mer-235-ml\/","og_site_name":"NIRIGS","article_modified_time":"2026-02-28T15:18:19+00:00","og_image":[{"width":1000,"height":1000,"url":"https:\/\/nirigs.com\/wp-content\/uploads\/2026\/02\/Mielle-Masque-capillaire-gel-anti-chute-de-mousse-de-mer-235-ml-djibouti.png","type":"image\/png"}],"twitter_card":"summary_large_image","twitter_misc":{"Est. reading time":"2 minutes"},"schema":{"@context":"https:\/\/schema.org","@graph":[{"@type":"WebPage","@id":"https:\/\/nirigs.com\/product\/mielle-masque-capillaire-gel-anti-chute-de-mousse-de-mer-235-ml\/","url":"https:\/\/nirigs.com\/product\/mielle-masque-capillaire-gel-anti-chute-de-mousse-de-mer-235-ml\/","name":"Mielle - Masque capillaire gel anti-chute de mousse de mer - 235 ml - NIRIGS","isPartOf":{"@id":"https:\/\/nirigs.com\/#website"},"primaryImageOfPage":{"@id":"https:\/\/nirigs.com\/product\/mielle-masque-capillaire-gel-anti-chute-de-mousse-de-mer-235-ml\/#primaryimage"},"image":{"@id":"https:\/\/nirigs.com\/product\/mielle-masque-capillaire-gel-anti-chute-de-mousse-de-mer-235-ml\/#primaryimage"},"thumbnailUrl":"https:\/\/nirigs.com\/wp-content\/uploads\/2026\/02\/Mielle-Masque-capillaire-gel-anti-chute-de-mousse-de-mer-235-ml-djibouti.png","datePublished":"2026-02-26T15:17:17+00:00","dateModified":"2026-02-28T15:18:19+00:00","breadcrumb":{"@id":"https:\/\/nirigs.com\/product\/mielle-masque-capillaire-gel-anti-chute-de-mousse-de-mer-235-ml\/#breadcrumb"},"inLanguage":"en-US","potentialAction":[{"@type":"ReadAction","target":["https:\/\/nirigs.com\/product\/mielle-masque-capillaire-gel-anti-chute-de-mousse-de-mer-235-ml\/"]}]},{"@type":"ImageObject","inLanguage":"en-US","@id":"https:\/\/nirigs.com\/product\/mielle-masque-capillaire-gel-anti-chute-de-mousse-de-mer-235-ml\/#primaryimage","url":"https:\/\/nirigs.com\/wp-content\/uploads\/2026\/02\/Mielle-Masque-capillaire-gel-anti-chute-de-mousse-de-mer-235-ml-djibouti.png","contentUrl":"https:\/\/nirigs.com\/wp-content\/uploads\/2026\/02\/Mielle-Masque-capillaire-gel-anti-chute-de-mousse-de-mer-235-ml-djibouti.png","width":1000,"height":1000},{"@type":"BreadcrumbList","@id":"https:\/\/nirigs.com\/product\/mielle-masque-capillaire-gel-anti-chute-de-mousse-de-mer-235-ml\/#breadcrumb","itemListElement":[{"@type":"ListItem","position":1,"name":"Home","item":"https:\/\/nirigs.com\/"},{"@type":"ListItem","position":2,"name":"Parcourir","item":"https:\/\/nirigs.com\/boutique\/"},{"@type":"ListItem","position":3,"name":"Mielle &#8211; Masque capillaire gel anti-chute de mousse de mer &#8211; 235 ml"}]},{"@type":"WebSite","@id":"https:\/\/nirigs.com\/#website","url":"https:\/\/nirigs.com\/","name":"Nirigs.com","description":"Simplifiez vos achats du quotidien \u00e0 Djibouti","publisher":{"@id":"https:\/\/nirigs.com\/#organization"},"potentialAction":[{"@type":"SearchAction","target":{"@type":"EntryPoint","urlTemplate":"https:\/\/nirigs.com\/?s={search_term_string}"},"query-input":{"@type":"PropertyValueSpecification","valueRequired":true,"valueName":"search_term_string"}}],"inLanguage":"en-US"},{"@type":"Organization","@id":"https:\/\/nirigs.com\/#organization","name":"Nirigs","url":"https:\/\/nirigs.com\/","logo":{"@type":"ImageObject","inLanguage":"en-US","@id":"https:\/\/nirigs.com\/#\/schema\/logo\/image\/","url":"https:\/\/nirigs.com\/wp-content\/uploads\/2025\/04\/Design-sans-titre-27.png","contentUrl":"https:\/\/nirigs.com\/wp-content\/uploads\/2025\/04\/Design-sans-titre-27.png","width":500,"height":500,"caption":"Nirigs"},"image":{"@id":"https:\/\/nirigs.com\/#\/schema\/logo\/image\/"}}]}},"brands":[{"id":757,"name":"Honeyed","slug":"mielle"}],"_links":{"self":[{"href":"https:\/\/nirigs.com\/en\/wp-json\/wp\/v2\/product\/27534","targetHints":{"allow":["GET"]}}],"collection":[{"href":"https:\/\/nirigs.com\/en\/wp-json\/wp\/v2\/product"}],"about":[{"href":"https:\/\/nirigs.com\/en\/wp-json\/wp\/v2\/types\/product"}],"replies":[{"embeddable":true,"href":"https:\/\/nirigs.com\/en\/wp-json\/wp\/v2\/comments?post=27534"}],"version-history":[{"count":1,"href":"https:\/\/nirigs.com\/en\/wp-json\/wp\/v2\/product\/27534\/revisions"}],"predecessor-version":[{"id":27535,"href":"https:\/\/nirigs.com\/en\/wp-json\/wp\/v2\/product\/27534\/revisions\/27535"}],"wp:featuredmedia":[{"embeddable":true,"href":"https:\/\/nirigs.com\/en\/wp-json\/wp\/v2\/media\/27536"}],"wp:attachment":[{"href":"https:\/\/nirigs.com\/en\/wp-json\/wp\/v2\/media?parent=27534"}],"wp:term":[{"taxonomy":"pwb-brand","embeddable":true,"href":"https:\/\/nirigs.com\/en\/wp-json\/wp\/v2\/pwb-brand?post=27534"},{"taxonomy":"product_brand","embeddable":true,"href":"https:\/\/nirigs.com\/en\/wp-json\/wp\/v2\/product_brand?post=27534"},{"taxonomy":"product_cat","embeddable":true,"href":"https:\/\/nirigs.com\/en\/wp-json\/wp\/v2\/product_cat?post=27534"},{"taxonomy":"product_tag","embeddable":true,"href":"https:\/\/nirigs.com\/en\/wp-json\/wp\/v2\/product_tag?post=27534"}],"curies":[{"name":"wp","href":"https:\/\/api.w.org\/{rel}","templated":true}]}}