{"id":27501,"date":"2026-02-23T17:32:50","date_gmt":"2026-02-23T14:32:50","guid":{"rendered":"https:\/\/nirigs.com\/?post_type=product&#038;p=27501"},"modified":"2026-02-23T17:42:55","modified_gmt":"2026-02-23T14:42:55","slug":"rauch-happy-day-cerise-1-l","status":"publish","type":"product","link":"https:\/\/nirigs.com\/en\/product\/rauch-happy-day-cerise-1-l\/","title":{"rendered":"Rauch &#8211; Happy Day Cerise &#8211; 1 L"},"content":{"rendered":"<p data-start=\"34\" data-end=\"377\">Le jus Happy Day Cerise de <span class=\"hover:entity-accent entity-underline inline cursor-pointer align-baseline\"><span class=\"whitespace-normal\">Rauch<\/span><\/span> est une boisson fruit\u00e9e savoureuse au go\u00fbt intense de cerise. \u00c9labor\u00e9 pour offrir une exp\u00e9rience rafra\u00eechissante et gourmande, ce jus s\u00e9duit par son ar\u00f4me fruit\u00e9 \u00e9quilibr\u00e9, id\u00e9al pour accompagner les repas, les pauses d\u00e9tente ou les moments de partage.<\/p>\n<h2 data-start=\"384\" data-end=\"399\">Points forts<\/h2>\n<ul data-start=\"400\" data-end=\"575\">\n<li data-start=\"400\" data-end=\"441\">\n<p data-start=\"402\" data-end=\"441\">Saveur riche et authentique de cerise<\/p>\n<\/li>\n<li data-start=\"442\" data-end=\"477\">\n<p data-start=\"444\" data-end=\"477\">Go\u00fbt fruit\u00e9 intense et agr\u00e9able<\/p>\n<\/li>\n<li data-start=\"478\" data-end=\"501\">\n<p data-start=\"480\" data-end=\"501\">Format pratique 1 L<\/p>\n<\/li>\n<li data-start=\"502\" data-end=\"533\">\n<p data-start=\"504\" data-end=\"533\">Id\u00e9al pour toute la famille<\/p>\n<\/li>\n<li data-start=\"534\" data-end=\"575\">\n<p data-start=\"536\" data-end=\"575\">Boisson rafra\u00eechissante \u00e0 tout moment<\/p>\n<\/li>\n<\/ul>\n<h2 data-start=\"582\" data-end=\"598\">Ingredients<\/h2>\n<p data-start=\"599\" data-end=\"691\">Eau, jus de cerise \u00e0 base de concentr\u00e9, sucre, acidifiant (acide citrique), ar\u00f4mes naturels.<\/p>\n<h2 data-start=\"698\" data-end=\"747\">Valeurs nutritionnelles moyennes (pour 100 ml)<\/h2>\n<ul data-start=\"748\" data-end=\"874\">\n<li data-start=\"748\" data-end=\"777\">\n<p data-start=\"750\" data-end=\"777\">\u00c9nergie : environ 45 kcal<\/p>\n<\/li>\n<li data-start=\"778\" data-end=\"798\">\n<p data-start=\"780\" data-end=\"798\">Glucides : ~11 g<\/p>\n<\/li>\n<li data-start=\"799\" data-end=\"822\">\n<p data-start=\"801\" data-end=\"822\">dont sucres : ~10 g<\/p>\n<\/li>\n<li data-start=\"823\" data-end=\"840\">\n<p data-start=\"825\" data-end=\"840\">Lipides : 0 g<\/p>\n<\/li>\n<li data-start=\"841\" data-end=\"860\">\n<p data-start=\"843\" data-end=\"860\">Prot\u00e9ines : 0 g<\/p>\n<\/li>\n<li data-start=\"861\" data-end=\"874\">\n<p data-start=\"863\" data-end=\"874\">Sel : 0 g<\/p>\n<\/li>\n<\/ul>\n<p data-start=\"876\" data-end=\"940\"><em data-start=\"876\" data-end=\"940\">(Valeurs indicatives susceptibles de varier selon production.)<\/em><\/p>\n<h2 data-start=\"947\" data-end=\"974\">Conseils de conservation<\/h2>\n<ul data-start=\"975\" data-end=\"1103\">\n<li data-start=\"975\" data-end=\"1013\">\n<p data-start=\"977\" data-end=\"1013\">Servir frais pour un meilleur go\u00fbt<\/p>\n<\/li>\n<li data-start=\"1014\" data-end=\"1060\">\n<p data-start=\"1016\" data-end=\"1060\">Conserver au r\u00e9frig\u00e9rateur apr\u00e8s ouverture<\/p>\n<\/li>\n<li data-start=\"1061\" data-end=\"1103\">\n<p data-start=\"1063\" data-end=\"1103\">\n<\/li>\n<\/ul>","protected":false},"excerpt":{"rendered":"<p>Le jus Happy Day Cerise de Rauch est une boisson fruit\u00e9e savoureuse au go\u00fbt intense de cerise. \u00c9labor\u00e9 pour offrir<\/p>","protected":false},"featured_media":27504,"comment_status":"open","ping_status":"closed","template":"","meta":[],"pwb-brand":[1305],"product_brand":[],"product_cat":[936,929,275,937],"product_tag":[],"class_list":{"0":"post-27501","1":"product","2":"type-product","3":"status-publish","4":"has-post-thumbnail","6":"pwb-brand-rauch","7":"product_cat-boissons","8":"product_cat-cafe-the-et-boissons","9":"product_cat-epicerie","10":"product_cat-jus-de-fruits","12":"first","13":"instock","14":"shipping-taxable","15":"purchasable","16":"product-type-simple"},"yoast_head":"<!-- This site is optimized with the Yoast SEO plugin v27.1.1 - https:\/\/yoast.com\/product\/yoast-seo-wordpress\/ -->\n<title>Rauch - Happy Day Cerise - 1 L - NIRIGS<\/title>\n<meta name=\"description\" content=\"Jus Cerise 1 L de Rauch Happy Day : Profitez d&#039;une boisson fruit\u00e9e intense et rafra\u00eechissante au go\u00fbt naturel de cerise, id\u00e9ale pour le quotidien.\" \/>\n<meta name=\"robots\" content=\"index, follow, max-snippet:-1, max-image-preview:large, max-video-preview:-1\" \/>\n<link rel=\"canonical\" href=\"https:\/\/nirigs.com\/en\/product\/rauch-happy-day-cerise-1-l\/\" \/>\n<meta property=\"og:locale\" content=\"en_US\" \/>\n<meta property=\"og:type\" content=\"article\" \/>\n<meta property=\"og:title\" content=\"Rauch - Happy Day Cerise - 1 L - NIRIGS\" \/>\n<meta property=\"og:description\" content=\"Jus Cerise 1 L de Rauch Happy Day : Profitez d&#039;une boisson fruit\u00e9e intense et rafra\u00eechissante au go\u00fbt naturel de cerise, id\u00e9ale pour le quotidien.\" \/>\n<meta property=\"og:url\" content=\"https:\/\/nirigs.com\/en\/product\/rauch-happy-day-cerise-1-l\/\" \/>\n<meta property=\"og:site_name\" content=\"NIRIGS\" \/>\n<meta property=\"article:modified_time\" content=\"2026-02-23T14:42:55+00:00\" \/>\n<meta property=\"og:image\" content=\"https:\/\/nirigs.com\/wp-content\/uploads\/2026\/02\/Rauch-Happy-Day-Cherry-1-L-djibouti.png\" \/>\n\t<meta property=\"og:image:width\" content=\"1000\" \/>\n\t<meta property=\"og:image:height\" content=\"1000\" \/>\n\t<meta property=\"og:image:type\" content=\"image\/png\" \/>\n<meta name=\"twitter:card\" content=\"summary_large_image\" \/>\n<meta name=\"twitter:label1\" content=\"Est. reading time\" \/>\n\t<meta name=\"twitter:data1\" content=\"1 minute\" \/>\n<script type=\"application\/ld+json\" class=\"yoast-schema-graph\">{\"@context\":\"https:\/\/schema.org\",\"@graph\":[{\"@type\":\"WebPage\",\"@id\":\"https:\/\/nirigs.com\/product\/rauch-happy-day-cerise-1-l\/\",\"url\":\"https:\/\/nirigs.com\/product\/rauch-happy-day-cerise-1-l\/\",\"name\":\"Rauch - Happy Day Cerise - 1 L - NIRIGS\",\"isPartOf\":{\"@id\":\"https:\/\/nirigs.com\/#website\"},\"primaryImageOfPage\":{\"@id\":\"https:\/\/nirigs.com\/product\/rauch-happy-day-cerise-1-l\/#primaryimage\"},\"image\":{\"@id\":\"https:\/\/nirigs.com\/product\/rauch-happy-day-cerise-1-l\/#primaryimage\"},\"thumbnailUrl\":\"https:\/\/nirigs.com\/wp-content\/uploads\/2026\/02\/Rauch-Happy-Day-Cherry-1-L-djibouti.png\",\"datePublished\":\"2026-02-23T14:32:50+00:00\",\"dateModified\":\"2026-02-23T14:42:55+00:00\",\"description\":\"Jus Cerise 1 L de Rauch Happy Day : Profitez d'une boisson fruit\u00e9e intense et rafra\u00eechissante au go\u00fbt naturel de cerise, id\u00e9ale pour le quotidien.\",\"breadcrumb\":{\"@id\":\"https:\/\/nirigs.com\/product\/rauch-happy-day-cerise-1-l\/#breadcrumb\"},\"inLanguage\":\"en-US\",\"potentialAction\":[{\"@type\":\"ReadAction\",\"target\":[\"https:\/\/nirigs.com\/product\/rauch-happy-day-cerise-1-l\/\"]}]},{\"@type\":\"ImageObject\",\"inLanguage\":\"en-US\",\"@id\":\"https:\/\/nirigs.com\/product\/rauch-happy-day-cerise-1-l\/#primaryimage\",\"url\":\"https:\/\/nirigs.com\/wp-content\/uploads\/2026\/02\/Rauch-Happy-Day-Cherry-1-L-djibouti.png\",\"contentUrl\":\"https:\/\/nirigs.com\/wp-content\/uploads\/2026\/02\/Rauch-Happy-Day-Cherry-1-L-djibouti.png\",\"width\":1000,\"height\":1000},{\"@type\":\"BreadcrumbList\",\"@id\":\"https:\/\/nirigs.com\/product\/rauch-happy-day-cerise-1-l\/#breadcrumb\",\"itemListElement\":[{\"@type\":\"ListItem\",\"position\":1,\"name\":\"Home\",\"item\":\"https:\/\/nirigs.com\/\"},{\"@type\":\"ListItem\",\"position\":2,\"name\":\"Parcourir\",\"item\":\"https:\/\/nirigs.com\/boutique\/\"},{\"@type\":\"ListItem\",\"position\":3,\"name\":\"Rauch &#8211; Happy Day Cerise &#8211; 1 L\"}]},{\"@type\":\"WebSite\",\"@id\":\"https:\/\/nirigs.com\/#website\",\"url\":\"https:\/\/nirigs.com\/\",\"name\":\"Nirigs.com\",\"description\":\"Simplifiez vos achats du quotidien \u00e0 Djibouti\",\"publisher\":{\"@id\":\"https:\/\/nirigs.com\/#organization\"},\"potentialAction\":[{\"@type\":\"SearchAction\",\"target\":{\"@type\":\"EntryPoint\",\"urlTemplate\":\"https:\/\/nirigs.com\/?s={search_term_string}\"},\"query-input\":{\"@type\":\"PropertyValueSpecification\",\"valueRequired\":true,\"valueName\":\"search_term_string\"}}],\"inLanguage\":\"en-US\"},{\"@type\":\"Organization\",\"@id\":\"https:\/\/nirigs.com\/#organization\",\"name\":\"Nirigs\",\"url\":\"https:\/\/nirigs.com\/\",\"logo\":{\"@type\":\"ImageObject\",\"inLanguage\":\"en-US\",\"@id\":\"https:\/\/nirigs.com\/#\/schema\/logo\/image\/\",\"url\":\"https:\/\/nirigs.com\/wp-content\/uploads\/2025\/04\/Design-sans-titre-27.png\",\"contentUrl\":\"https:\/\/nirigs.com\/wp-content\/uploads\/2025\/04\/Design-sans-titre-27.png\",\"width\":500,\"height\":500,\"caption\":\"Nirigs\"},\"image\":{\"@id\":\"https:\/\/nirigs.com\/#\/schema\/logo\/image\/\"}}]}<\/script>\n<!-- \/ Yoast SEO plugin. -->","yoast_head_json":{"title":"Rauch - Happy Day Cerise - 1 L - NIRIGS","description":"Jus Cerise 1 L de Rauch Happy Day : Profitez d'une boisson fruit\u00e9e intense et rafra\u00eechissante au go\u00fbt naturel de cerise, id\u00e9ale pour le quotidien.","robots":{"index":"index","follow":"follow","max-snippet":"max-snippet:-1","max-image-preview":"max-image-preview:large","max-video-preview":"max-video-preview:-1"},"canonical":"https:\/\/nirigs.com\/en\/product\/rauch-happy-day-cerise-1-l\/","og_locale":"en_US","og_type":"article","og_title":"Rauch - Happy Day Cerise - 1 L - NIRIGS","og_description":"Jus Cerise 1 L de Rauch Happy Day : Profitez d'une boisson fruit\u00e9e intense et rafra\u00eechissante au go\u00fbt naturel de cerise, id\u00e9ale pour le quotidien.","og_url":"https:\/\/nirigs.com\/en\/product\/rauch-happy-day-cerise-1-l\/","og_site_name":"NIRIGS","article_modified_time":"2026-02-23T14:42:55+00:00","og_image":[{"width":1000,"height":1000,"url":"https:\/\/nirigs.com\/wp-content\/uploads\/2026\/02\/Rauch-Happy-Day-Cherry-1-L-djibouti.png","type":"image\/png"}],"twitter_card":"summary_large_image","twitter_misc":{"Est. reading time":"1 minute"},"schema":{"@context":"https:\/\/schema.org","@graph":[{"@type":"WebPage","@id":"https:\/\/nirigs.com\/product\/rauch-happy-day-cerise-1-l\/","url":"https:\/\/nirigs.com\/product\/rauch-happy-day-cerise-1-l\/","name":"Rauch - Happy Day Cerise - 1 L - NIRIGS","isPartOf":{"@id":"https:\/\/nirigs.com\/#website"},"primaryImageOfPage":{"@id":"https:\/\/nirigs.com\/product\/rauch-happy-day-cerise-1-l\/#primaryimage"},"image":{"@id":"https:\/\/nirigs.com\/product\/rauch-happy-day-cerise-1-l\/#primaryimage"},"thumbnailUrl":"https:\/\/nirigs.com\/wp-content\/uploads\/2026\/02\/Rauch-Happy-Day-Cherry-1-L-djibouti.png","datePublished":"2026-02-23T14:32:50+00:00","dateModified":"2026-02-23T14:42:55+00:00","description":"Jus Cerise 1 L de Rauch Happy Day : Profitez d'une boisson fruit\u00e9e intense et rafra\u00eechissante au go\u00fbt naturel de cerise, id\u00e9ale pour le quotidien.","breadcrumb":{"@id":"https:\/\/nirigs.com\/product\/rauch-happy-day-cerise-1-l\/#breadcrumb"},"inLanguage":"en-US","potentialAction":[{"@type":"ReadAction","target":["https:\/\/nirigs.com\/product\/rauch-happy-day-cerise-1-l\/"]}]},{"@type":"ImageObject","inLanguage":"en-US","@id":"https:\/\/nirigs.com\/product\/rauch-happy-day-cerise-1-l\/#primaryimage","url":"https:\/\/nirigs.com\/wp-content\/uploads\/2026\/02\/Rauch-Happy-Day-Cherry-1-L-djibouti.png","contentUrl":"https:\/\/nirigs.com\/wp-content\/uploads\/2026\/02\/Rauch-Happy-Day-Cherry-1-L-djibouti.png","width":1000,"height":1000},{"@type":"BreadcrumbList","@id":"https:\/\/nirigs.com\/product\/rauch-happy-day-cerise-1-l\/#breadcrumb","itemListElement":[{"@type":"ListItem","position":1,"name":"Home","item":"https:\/\/nirigs.com\/"},{"@type":"ListItem","position":2,"name":"Parcourir","item":"https:\/\/nirigs.com\/boutique\/"},{"@type":"ListItem","position":3,"name":"Rauch &#8211; Happy Day Cerise &#8211; 1 L"}]},{"@type":"WebSite","@id":"https:\/\/nirigs.com\/#website","url":"https:\/\/nirigs.com\/","name":"Nirigs.com","description":"Simplifiez vos achats du quotidien \u00e0 Djibouti","publisher":{"@id":"https:\/\/nirigs.com\/#organization"},"potentialAction":[{"@type":"SearchAction","target":{"@type":"EntryPoint","urlTemplate":"https:\/\/nirigs.com\/?s={search_term_string}"},"query-input":{"@type":"PropertyValueSpecification","valueRequired":true,"valueName":"search_term_string"}}],"inLanguage":"en-US"},{"@type":"Organization","@id":"https:\/\/nirigs.com\/#organization","name":"Nirigs","url":"https:\/\/nirigs.com\/","logo":{"@type":"ImageObject","inLanguage":"en-US","@id":"https:\/\/nirigs.com\/#\/schema\/logo\/image\/","url":"https:\/\/nirigs.com\/wp-content\/uploads\/2025\/04\/Design-sans-titre-27.png","contentUrl":"https:\/\/nirigs.com\/wp-content\/uploads\/2025\/04\/Design-sans-titre-27.png","width":500,"height":500,"caption":"Nirigs"},"image":{"@id":"https:\/\/nirigs.com\/#\/schema\/logo\/image\/"}}]}},"brands":[{"id":1305,"name":"Rauch","slug":"rauch"}],"_links":{"self":[{"href":"https:\/\/nirigs.com\/en\/wp-json\/wp\/v2\/product\/27501","targetHints":{"allow":["GET"]}}],"collection":[{"href":"https:\/\/nirigs.com\/en\/wp-json\/wp\/v2\/product"}],"about":[{"href":"https:\/\/nirigs.com\/en\/wp-json\/wp\/v2\/types\/product"}],"replies":[{"embeddable":true,"href":"https:\/\/nirigs.com\/en\/wp-json\/wp\/v2\/comments?post=27501"}],"version-history":[{"count":3,"href":"https:\/\/nirigs.com\/en\/wp-json\/wp\/v2\/product\/27501\/revisions"}],"predecessor-version":[{"id":27506,"href":"https:\/\/nirigs.com\/en\/wp-json\/wp\/v2\/product\/27501\/revisions\/27506"}],"wp:featuredmedia":[{"embeddable":true,"href":"https:\/\/nirigs.com\/en\/wp-json\/wp\/v2\/media\/27504"}],"wp:attachment":[{"href":"https:\/\/nirigs.com\/en\/wp-json\/wp\/v2\/media?parent=27501"}],"wp:term":[{"taxonomy":"pwb-brand","embeddable":true,"href":"https:\/\/nirigs.com\/en\/wp-json\/wp\/v2\/pwb-brand?post=27501"},{"taxonomy":"product_brand","embeddable":true,"href":"https:\/\/nirigs.com\/en\/wp-json\/wp\/v2\/product_brand?post=27501"},{"taxonomy":"product_cat","embeddable":true,"href":"https:\/\/nirigs.com\/en\/wp-json\/wp\/v2\/product_cat?post=27501"},{"taxonomy":"product_tag","embeddable":true,"href":"https:\/\/nirigs.com\/en\/wp-json\/wp\/v2\/product_tag?post=27501"}],"curies":[{"name":"wp","href":"https:\/\/api.w.org\/{rel}","templated":true}]}}