{"id":27489,"date":"2026-02-22T17:50:32","date_gmt":"2026-02-22T14:50:32","guid":{"rendered":"https:\/\/nirigs.com\/?post_type=product&#038;p=27489"},"modified":"2026-02-22T17:50:32","modified_gmt":"2026-02-22T14:50:32","slug":"rea-jus-multivitamines-2-l","status":"publish","type":"product","link":"https:\/\/nirigs.com\/en\/product\/rea-jus-multivitamines-2-l\/","title":{"rendered":"R\u00e9a &#8211; Jus Multivitamines &#8211; 2 L"},"content":{"rendered":"<p data-start=\"144\" data-end=\"535\">Le jus multivitamines R\u00e9a est une boisson fruit\u00e9e rafra\u00eechissante au m\u00e9lange de saveurs exotiques comme la mangue, la passion et la banane, offrant un go\u00fbt \u00e9quilibr\u00e9 appr\u00e9ci\u00e9 par toute la famille. <br data-start=\"404\" data-end=\"407\" \/>Id\u00e9al au petit-d\u00e9jeuner, en collation ou pour accompagner les repas, ce format familial 2 L est parfait pour un usage quotidien.<\/p>\n<h2 data-start=\"542\" data-end=\"557\">Points forts<\/h2>\n<ul data-start=\"558\" data-end=\"916\">\n<li data-start=\"558\" data-end=\"674\">\n<p data-start=\"560\" data-end=\"674\">Source de plusieurs vitamines essentielles (C, E, B2, B3, B5, B6, B8, B12)<\/p>\n<\/li>\n<li data-start=\"675\" data-end=\"764\">\n<p data-start=\"677\" data-end=\"764\">Saveur fruit\u00e9e et douce adapt\u00e9e \u00e0 tous les \u00e2ges<\/p>\n<\/li>\n<li data-start=\"765\" data-end=\"853\">\n<p data-start=\"767\" data-end=\"853\">Format \u00e9conomique 2 L pratique pour la famille<\/p>\n<\/li>\n<li data-start=\"854\" data-end=\"916\">\n<p data-start=\"856\" data-end=\"916\">Emballage recyclable<\/p>\n<\/li>\n<\/ul>\n<h2 data-start=\"923\" data-end=\"937\">Ingredients<\/h2>\n<p data-start=\"938\" data-end=\"1175\">Eau, jus et pur\u00e9es de fruits \u00e0 base de concentr\u00e9s (pomme, orange, mangue, banane, fruit de la passion), sucre, acidifiant (acide citrique), ar\u00f4mes naturels, vitamines C, E, B2, B3, B5, B6, B8, B12.<\/p>\n<h2 data-start=\"1182\" data-end=\"1222\">Valeurs nutritionnelles (pour 100 ml)<\/h2>\n<ul data-start=\"1223\" data-end=\"1571\">\n<li data-start=\"1223\" data-end=\"1282\">\n<p data-start=\"1225\" data-end=\"1282\">\u00c9nergie : 35 kcal<\/p>\n<\/li>\n<li data-start=\"1283\" data-end=\"1341\">\n<p data-start=\"1285\" data-end=\"1341\">Glucides : 8,3 g<\/p>\n<\/li>\n<li data-start=\"1342\" data-end=\"1401\">\n<p data-start=\"1344\" data-end=\"1401\">dont sucres : 8 g<\/p>\n<\/li>\n<li data-start=\"1402\" data-end=\"1457\">\n<p data-start=\"1404\" data-end=\"1457\">Lipides : 0 g<\/p>\n<\/li>\n<li data-start=\"1458\" data-end=\"1517\">\n<p data-start=\"1460\" data-end=\"1517\">Prot\u00e9ines : 0 g<\/p>\n<\/li>\n<li data-start=\"1518\" data-end=\"1571\">\n<p data-start=\"1520\" data-end=\"1571\">Sel : 0 g<\/p>\n<\/li>\n<\/ul>\n<h2 data-start=\"1578\" data-end=\"1603\">Conseils d\u2019utilisation<\/h2>\n<ul data-start=\"1604\" data-end=\"1793\">\n<li data-start=\"1604\" data-end=\"1675\">\n<p data-start=\"1606\" data-end=\"1675\">Bien agiter avant de servir<\/p>\n<\/li>\n<li data-start=\"1676\" data-end=\"1722\">\n<p data-start=\"1678\" data-end=\"1722\">Conserver au r\u00e9frig\u00e9rateur apr\u00e8s ouverture<\/p>\n<\/li>\n<li data-start=\"1723\" data-end=\"1793\">\n<p data-start=\"1725\" data-end=\"1793\">Consommer dans les 5 jours<\/p>\n<\/li>\n<\/ul>","protected":false},"excerpt":{"rendered":"<p>Le jus multivitamines R\u00e9a est une boisson fruit\u00e9e rafra\u00eechissante au m\u00e9lange de saveurs exotiques comme la mangue, la passion et<\/p>","protected":false},"featured_media":27490,"comment_status":"open","ping_status":"closed","template":"","meta":[],"pwb-brand":[1348],"product_brand":[],"product_cat":[936,929,275,937],"product_tag":[],"class_list":{"0":"post-27489","1":"product","2":"type-product","3":"status-publish","4":"has-post-thumbnail","6":"pwb-brand-rea","7":"product_cat-boissons","8":"product_cat-cafe-the-et-boissons","9":"product_cat-epicerie","10":"product_cat-jus-de-fruits","12":"first","13":"instock","14":"shipping-taxable","15":"purchasable","16":"product-type-simple"},"yoast_head":"<!-- This site is optimized with the Yoast SEO plugin v27.1.1 - https:\/\/yoast.com\/product\/yoast-seo-wordpress\/ -->\n<title>R\u00e9a - Jus Multivitamines - 2 L - NIRIGS<\/title>\n<meta name=\"description\" content=\"Jus R\u00e9a Multivitamines 2 L : boisson fruit\u00e9e riche en vitamines, go\u00fbt exotique mangue-passion-banane, format familial pratique et rafra\u00eechissant.\" \/>\n<meta name=\"robots\" content=\"index, follow, max-snippet:-1, max-image-preview:large, max-video-preview:-1\" \/>\n<link rel=\"canonical\" href=\"https:\/\/nirigs.com\/en\/product\/rea-jus-multivitamines-2-l\/\" \/>\n<meta property=\"og:locale\" content=\"en_US\" \/>\n<meta property=\"og:type\" content=\"article\" \/>\n<meta property=\"og:title\" content=\"R\u00e9a - Jus Multivitamines - 2 L - NIRIGS\" \/>\n<meta property=\"og:description\" content=\"Jus R\u00e9a Multivitamines 2 L : boisson fruit\u00e9e riche en vitamines, go\u00fbt exotique mangue-passion-banane, format familial pratique et rafra\u00eechissant.\" \/>\n<meta property=\"og:url\" content=\"https:\/\/nirigs.com\/en\/product\/rea-jus-multivitamines-2-l\/\" \/>\n<meta property=\"og:site_name\" content=\"NIRIGS\" \/>\n<meta property=\"og:image\" content=\"https:\/\/nirigs.com\/wp-content\/uploads\/2026\/02\/Rea-Jus-Multivitamines-2-L-djibouti.png\" \/>\n\t<meta property=\"og:image:width\" content=\"1000\" \/>\n\t<meta property=\"og:image:height\" content=\"1000\" \/>\n\t<meta property=\"og:image:type\" content=\"image\/png\" \/>\n<meta name=\"twitter:card\" content=\"summary_large_image\" \/>\n<meta name=\"twitter:label1\" content=\"Est. reading time\" \/>\n\t<meta name=\"twitter:data1\" content=\"2 minutes\" \/>\n<script type=\"application\/ld+json\" class=\"yoast-schema-graph\">{\"@context\":\"https:\/\/schema.org\",\"@graph\":[{\"@type\":\"WebPage\",\"@id\":\"https:\/\/nirigs.com\/product\/rea-jus-multivitamines-2-l\/\",\"url\":\"https:\/\/nirigs.com\/product\/rea-jus-multivitamines-2-l\/\",\"name\":\"R\u00e9a - Jus Multivitamines - 2 L - NIRIGS\",\"isPartOf\":{\"@id\":\"https:\/\/nirigs.com\/#website\"},\"primaryImageOfPage\":{\"@id\":\"https:\/\/nirigs.com\/product\/rea-jus-multivitamines-2-l\/#primaryimage\"},\"image\":{\"@id\":\"https:\/\/nirigs.com\/product\/rea-jus-multivitamines-2-l\/#primaryimage\"},\"thumbnailUrl\":\"https:\/\/nirigs.com\/wp-content\/uploads\/2026\/02\/Rea-Jus-Multivitamines-2-L-djibouti.png\",\"datePublished\":\"2026-02-22T14:50:32+00:00\",\"description\":\"Jus R\u00e9a Multivitamines 2 L : boisson fruit\u00e9e riche en vitamines, go\u00fbt exotique mangue-passion-banane, format familial pratique et rafra\u00eechissant.\",\"breadcrumb\":{\"@id\":\"https:\/\/nirigs.com\/product\/rea-jus-multivitamines-2-l\/#breadcrumb\"},\"inLanguage\":\"en-US\",\"potentialAction\":[{\"@type\":\"ReadAction\",\"target\":[\"https:\/\/nirigs.com\/product\/rea-jus-multivitamines-2-l\/\"]}]},{\"@type\":\"ImageObject\",\"inLanguage\":\"en-US\",\"@id\":\"https:\/\/nirigs.com\/product\/rea-jus-multivitamines-2-l\/#primaryimage\",\"url\":\"https:\/\/nirigs.com\/wp-content\/uploads\/2026\/02\/Rea-Jus-Multivitamines-2-L-djibouti.png\",\"contentUrl\":\"https:\/\/nirigs.com\/wp-content\/uploads\/2026\/02\/Rea-Jus-Multivitamines-2-L-djibouti.png\",\"width\":1000,\"height\":1000},{\"@type\":\"BreadcrumbList\",\"@id\":\"https:\/\/nirigs.com\/product\/rea-jus-multivitamines-2-l\/#breadcrumb\",\"itemListElement\":[{\"@type\":\"ListItem\",\"position\":1,\"name\":\"Home\",\"item\":\"https:\/\/nirigs.com\/\"},{\"@type\":\"ListItem\",\"position\":2,\"name\":\"Parcourir\",\"item\":\"https:\/\/nirigs.com\/boutique\/\"},{\"@type\":\"ListItem\",\"position\":3,\"name\":\"R\u00e9a &#8211; Jus Multivitamines &#8211; 2 L\"}]},{\"@type\":\"WebSite\",\"@id\":\"https:\/\/nirigs.com\/#website\",\"url\":\"https:\/\/nirigs.com\/\",\"name\":\"Nirigs.com\",\"description\":\"Simplifiez vos achats du quotidien \u00e0 Djibouti\",\"publisher\":{\"@id\":\"https:\/\/nirigs.com\/#organization\"},\"potentialAction\":[{\"@type\":\"SearchAction\",\"target\":{\"@type\":\"EntryPoint\",\"urlTemplate\":\"https:\/\/nirigs.com\/?s={search_term_string}\"},\"query-input\":{\"@type\":\"PropertyValueSpecification\",\"valueRequired\":true,\"valueName\":\"search_term_string\"}}],\"inLanguage\":\"en-US\"},{\"@type\":\"Organization\",\"@id\":\"https:\/\/nirigs.com\/#organization\",\"name\":\"Nirigs\",\"url\":\"https:\/\/nirigs.com\/\",\"logo\":{\"@type\":\"ImageObject\",\"inLanguage\":\"en-US\",\"@id\":\"https:\/\/nirigs.com\/#\/schema\/logo\/image\/\",\"url\":\"https:\/\/nirigs.com\/wp-content\/uploads\/2025\/04\/Design-sans-titre-27.png\",\"contentUrl\":\"https:\/\/nirigs.com\/wp-content\/uploads\/2025\/04\/Design-sans-titre-27.png\",\"width\":500,\"height\":500,\"caption\":\"Nirigs\"},\"image\":{\"@id\":\"https:\/\/nirigs.com\/#\/schema\/logo\/image\/\"}}]}<\/script>\n<!-- \/ Yoast SEO plugin. -->","yoast_head_json":{"title":"R\u00e9a - Jus Multivitamines - 2 L - NIRIGS","description":"Jus R\u00e9a Multivitamines 2 L : boisson fruit\u00e9e riche en vitamines, go\u00fbt exotique mangue-passion-banane, format familial pratique et rafra\u00eechissant.","robots":{"index":"index","follow":"follow","max-snippet":"max-snippet:-1","max-image-preview":"max-image-preview:large","max-video-preview":"max-video-preview:-1"},"canonical":"https:\/\/nirigs.com\/en\/product\/rea-jus-multivitamines-2-l\/","og_locale":"en_US","og_type":"article","og_title":"R\u00e9a - Jus Multivitamines - 2 L - NIRIGS","og_description":"Jus R\u00e9a Multivitamines 2 L : boisson fruit\u00e9e riche en vitamines, go\u00fbt exotique mangue-passion-banane, format familial pratique et rafra\u00eechissant.","og_url":"https:\/\/nirigs.com\/en\/product\/rea-jus-multivitamines-2-l\/","og_site_name":"NIRIGS","og_image":[{"width":1000,"height":1000,"url":"https:\/\/nirigs.com\/wp-content\/uploads\/2026\/02\/Rea-Jus-Multivitamines-2-L-djibouti.png","type":"image\/png"}],"twitter_card":"summary_large_image","twitter_misc":{"Est. reading time":"2 minutes"},"schema":{"@context":"https:\/\/schema.org","@graph":[{"@type":"WebPage","@id":"https:\/\/nirigs.com\/product\/rea-jus-multivitamines-2-l\/","url":"https:\/\/nirigs.com\/product\/rea-jus-multivitamines-2-l\/","name":"R\u00e9a - Jus Multivitamines - 2 L - NIRIGS","isPartOf":{"@id":"https:\/\/nirigs.com\/#website"},"primaryImageOfPage":{"@id":"https:\/\/nirigs.com\/product\/rea-jus-multivitamines-2-l\/#primaryimage"},"image":{"@id":"https:\/\/nirigs.com\/product\/rea-jus-multivitamines-2-l\/#primaryimage"},"thumbnailUrl":"https:\/\/nirigs.com\/wp-content\/uploads\/2026\/02\/Rea-Jus-Multivitamines-2-L-djibouti.png","datePublished":"2026-02-22T14:50:32+00:00","description":"Jus R\u00e9a Multivitamines 2 L : boisson fruit\u00e9e riche en vitamines, go\u00fbt exotique mangue-passion-banane, format familial pratique et rafra\u00eechissant.","breadcrumb":{"@id":"https:\/\/nirigs.com\/product\/rea-jus-multivitamines-2-l\/#breadcrumb"},"inLanguage":"en-US","potentialAction":[{"@type":"ReadAction","target":["https:\/\/nirigs.com\/product\/rea-jus-multivitamines-2-l\/"]}]},{"@type":"ImageObject","inLanguage":"en-US","@id":"https:\/\/nirigs.com\/product\/rea-jus-multivitamines-2-l\/#primaryimage","url":"https:\/\/nirigs.com\/wp-content\/uploads\/2026\/02\/Rea-Jus-Multivitamines-2-L-djibouti.png","contentUrl":"https:\/\/nirigs.com\/wp-content\/uploads\/2026\/02\/Rea-Jus-Multivitamines-2-L-djibouti.png","width":1000,"height":1000},{"@type":"BreadcrumbList","@id":"https:\/\/nirigs.com\/product\/rea-jus-multivitamines-2-l\/#breadcrumb","itemListElement":[{"@type":"ListItem","position":1,"name":"Home","item":"https:\/\/nirigs.com\/"},{"@type":"ListItem","position":2,"name":"Parcourir","item":"https:\/\/nirigs.com\/boutique\/"},{"@type":"ListItem","position":3,"name":"R\u00e9a &#8211; Jus Multivitamines &#8211; 2 L"}]},{"@type":"WebSite","@id":"https:\/\/nirigs.com\/#website","url":"https:\/\/nirigs.com\/","name":"Nirigs.com","description":"Simplifiez vos achats du quotidien \u00e0 Djibouti","publisher":{"@id":"https:\/\/nirigs.com\/#organization"},"potentialAction":[{"@type":"SearchAction","target":{"@type":"EntryPoint","urlTemplate":"https:\/\/nirigs.com\/?s={search_term_string}"},"query-input":{"@type":"PropertyValueSpecification","valueRequired":true,"valueName":"search_term_string"}}],"inLanguage":"en-US"},{"@type":"Organization","@id":"https:\/\/nirigs.com\/#organization","name":"Nirigs","url":"https:\/\/nirigs.com\/","logo":{"@type":"ImageObject","inLanguage":"en-US","@id":"https:\/\/nirigs.com\/#\/schema\/logo\/image\/","url":"https:\/\/nirigs.com\/wp-content\/uploads\/2025\/04\/Design-sans-titre-27.png","contentUrl":"https:\/\/nirigs.com\/wp-content\/uploads\/2025\/04\/Design-sans-titre-27.png","width":500,"height":500,"caption":"Nirigs"},"image":{"@id":"https:\/\/nirigs.com\/#\/schema\/logo\/image\/"}}]}},"brands":[{"id":1348,"name":"R\u00e9a","slug":"rea"}],"_links":{"self":[{"href":"https:\/\/nirigs.com\/en\/wp-json\/wp\/v2\/product\/27489","targetHints":{"allow":["GET"]}}],"collection":[{"href":"https:\/\/nirigs.com\/en\/wp-json\/wp\/v2\/product"}],"about":[{"href":"https:\/\/nirigs.com\/en\/wp-json\/wp\/v2\/types\/product"}],"replies":[{"embeddable":true,"href":"https:\/\/nirigs.com\/en\/wp-json\/wp\/v2\/comments?post=27489"}],"version-history":[{"count":1,"href":"https:\/\/nirigs.com\/en\/wp-json\/wp\/v2\/product\/27489\/revisions"}],"predecessor-version":[{"id":27491,"href":"https:\/\/nirigs.com\/en\/wp-json\/wp\/v2\/product\/27489\/revisions\/27491"}],"wp:featuredmedia":[{"embeddable":true,"href":"https:\/\/nirigs.com\/en\/wp-json\/wp\/v2\/media\/27490"}],"wp:attachment":[{"href":"https:\/\/nirigs.com\/en\/wp-json\/wp\/v2\/media?parent=27489"}],"wp:term":[{"taxonomy":"pwb-brand","embeddable":true,"href":"https:\/\/nirigs.com\/en\/wp-json\/wp\/v2\/pwb-brand?post=27489"},{"taxonomy":"product_brand","embeddable":true,"href":"https:\/\/nirigs.com\/en\/wp-json\/wp\/v2\/product_brand?post=27489"},{"taxonomy":"product_cat","embeddable":true,"href":"https:\/\/nirigs.com\/en\/wp-json\/wp\/v2\/product_cat?post=27489"},{"taxonomy":"product_tag","embeddable":true,"href":"https:\/\/nirigs.com\/en\/wp-json\/wp\/v2\/product_tag?post=27489"}],"curies":[{"name":"wp","href":"https:\/\/api.w.org\/{rel}","templated":true}]}}