{"id":27274,"date":"2026-02-01T20:11:47","date_gmt":"2026-02-01T17:11:47","guid":{"rendered":"https:\/\/nirigs.com\/?post_type=product&#038;p=27274"},"modified":"2026-02-04T20:00:46","modified_gmt":"2026-02-04T17:00:46","slug":"eau-minerale-naturelle-evian-1-5-l","status":"publish","type":"product","link":"https:\/\/nirigs.com\/en\/product\/eau-minerale-naturelle-evian-1-5-l\/","title":{"rendered":"Eau Min\u00e9rale Naturelle EVIAN &#8211; 1.5 L"},"content":{"rendered":"<p data-start=\"152\" data-end=\"405\">Puis\u00e9e au c\u0153ur des Alpes fran\u00e7aises, l\u2019eau min\u00e9rale naturelle <strong data-start=\"214\" data-end=\"223\">Evian<\/strong> est le r\u00e9sultat d\u2019un parcours naturel de plus de 15 ans \u00e0 travers les roches glaciaires, garantissant une puret\u00e9 exceptionnelle et une composition min\u00e9rale naturellement \u00e9quilibr\u00e9e.<\/p>\n<p data-start=\"407\" data-end=\"662\">Gr\u00e2ce \u00e0 son \u00e9quilibre min\u00e9ral, Evian convient parfaitement \u00e0 une consommation quotidienne pour toute la famille. Son go\u00fbt frais et l\u00e9ger en fait une eau id\u00e9ale \u00e0 boire \u00e0 tout moment de la journ\u00e9e, \u00e0 la maison, au bureau ou pendant les activit\u00e9s sportives.<\/p>\n<p data-start=\"664\" data-end=\"681\"><strong data-start=\"664\" data-end=\"679\">Advantages :<\/strong><\/p>\n<ul data-start=\"682\" data-end=\"833\">\n<li data-start=\"682\" data-end=\"725\">\n<p data-start=\"684\" data-end=\"725\">Eau min\u00e9rale naturelle d\u2019origine alpine<\/p>\n<\/li>\n<li data-start=\"726\" data-end=\"761\">\n<p data-start=\"728\" data-end=\"761\">Composition min\u00e9rale \u00e9quilibr\u00e9e<\/p>\n<\/li>\n<li data-start=\"762\" data-end=\"790\">\n<p data-start=\"764\" data-end=\"790\">Go\u00fbt pur, frais et l\u00e9ger<\/p>\n<\/li>\n<li data-start=\"791\" data-end=\"833\">\n<p data-start=\"793\" data-end=\"833\">Adapt\u00e9e \u00e0 une consommation quotidienne<\/p>\n<\/li>\n<\/ul>\n<p data-start=\"835\" data-end=\"859\"><strong data-start=\"835\" data-end=\"857\">Caract\u00e9ristiques :<\/strong><\/p>\n<ul data-start=\"860\" data-end=\"1013\">\n<li data-start=\"860\" data-end=\"878\">\n<p data-start=\"862\" data-end=\"878\">Marque : Evian<\/p>\n<\/li>\n<li data-start=\"879\" data-end=\"912\">\n<p data-start=\"881\" data-end=\"912\">Type : Eau min\u00e9rale naturelle<\/p>\n<\/li>\n<li data-start=\"913\" data-end=\"939\">\n<p data-start=\"915\" data-end=\"939\">Contenance : 1,5 litre<\/p>\n<\/li>\n<li data-start=\"940\" data-end=\"960\">\n<p data-start=\"942\" data-end=\"960\">Origine : France<\/p>\n<\/li>\n<li data-start=\"961\" data-end=\"1013\">\n<p data-start=\"963\" data-end=\"1013\">Conditionnement : Bouteille plastique recyclable<\/p>\n<\/li>\n<\/ul>\n<p data-start=\"1015\" data-end=\"1127\"><strong>Conseil d\u2019utilisation<\/strong> : \u00e0 conserver \u00e0 l\u2019abri de la chaleur et \u00e0 consommer fra\u00eeche pour une hydratation optimale.<\/p>","protected":false},"excerpt":{"rendered":"<p>Eau Min\u00e9rale Naturelle EVIAN &#8211; 1.5 L<br \/>\nDisponible \u00e0 l\u2019unit\u00e9 ou en pack.<\/p>","protected":false},"featured_media":27275,"comment_status":"open","ping_status":"closed","template":"","meta":[],"pwb-brand":[1343],"product_brand":[],"product_cat":[929,931,1132,275],"product_tag":[],"class_list":{"0":"post-27274","1":"product","2":"type-product","3":"status-publish","4":"has-post-thumbnail","6":"pwb-brand-evian","7":"product_cat-cafe-the-et-boissons","8":"product_cat-eaux","9":"product_cat-eaux-plates","10":"product_cat-epicerie","12":"first","13":"instock","14":"shipping-taxable","15":"purchasable","16":"product-type-variable"},"yoast_head":"<!-- This site is optimized with the Yoast SEO plugin v27.1.1 - https:\/\/yoast.com\/product\/yoast-seo-wordpress\/ -->\n<title>Eau Min\u00e9rale Naturelle EVIAN - 1.5 L - NIRIGS<\/title>\n<meta name=\"description\" content=\"Son go\u00fbt frais et l\u00e9ger en fait une eau id\u00e9ale \u00e0 boire \u00e0 tout moment de la journ\u00e9e, \u00e0 la maison, au bureau ou pendant les activit\u00e9s sportives.\" \/>\n<meta name=\"robots\" content=\"index, follow, max-snippet:-1, max-image-preview:large, max-video-preview:-1\" \/>\n<link rel=\"canonical\" href=\"https:\/\/nirigs.com\/en\/product\/eau-minerale-naturelle-evian-1-5-l\/\" \/>\n<meta property=\"og:locale\" content=\"en_US\" \/>\n<meta property=\"og:type\" content=\"article\" \/>\n<meta property=\"og:title\" content=\"Eau Min\u00e9rale Naturelle EVIAN - 1.5 L - NIRIGS\" \/>\n<meta property=\"og:description\" content=\"Son go\u00fbt frais et l\u00e9ger en fait une eau id\u00e9ale \u00e0 boire \u00e0 tout moment de la journ\u00e9e, \u00e0 la maison, au bureau ou pendant les activit\u00e9s sportives.\" \/>\n<meta property=\"og:url\" content=\"https:\/\/nirigs.com\/en\/product\/eau-minerale-naturelle-evian-1-5-l\/\" \/>\n<meta property=\"og:site_name\" content=\"NIRIGS\" \/>\n<meta property=\"article:modified_time\" content=\"2026-02-04T17:00:46+00:00\" \/>\n<meta property=\"og:image\" content=\"https:\/\/nirigs.com\/wp-content\/uploads\/2026\/02\/Eau-Minerale-Naturelle-EVIAN-1.5-L.png\" \/>\n\t<meta property=\"og:image:width\" content=\"1000\" \/>\n\t<meta property=\"og:image:height\" content=\"1000\" \/>\n\t<meta property=\"og:image:type\" content=\"image\/png\" \/>\n<meta name=\"twitter:card\" content=\"summary_large_image\" \/>\n<meta name=\"twitter:label1\" content=\"Est. reading time\" \/>\n\t<meta name=\"twitter:data1\" content=\"1 minute\" \/>\n<script type=\"application\/ld+json\" class=\"yoast-schema-graph\">{\"@context\":\"https:\/\/schema.org\",\"@graph\":[{\"@type\":\"WebPage\",\"@id\":\"https:\/\/nirigs.com\/product\/eau-minerale-naturelle-evian-1-5-l\/\",\"url\":\"https:\/\/nirigs.com\/product\/eau-minerale-naturelle-evian-1-5-l\/\",\"name\":\"Eau Min\u00e9rale Naturelle EVIAN - 1.5 L - NIRIGS\",\"isPartOf\":{\"@id\":\"https:\/\/nirigs.com\/#website\"},\"primaryImageOfPage\":{\"@id\":\"https:\/\/nirigs.com\/product\/eau-minerale-naturelle-evian-1-5-l\/#primaryimage\"},\"image\":{\"@id\":\"https:\/\/nirigs.com\/product\/eau-minerale-naturelle-evian-1-5-l\/#primaryimage\"},\"thumbnailUrl\":\"https:\/\/nirigs.com\/wp-content\/uploads\/2026\/02\/Eau-Minerale-Naturelle-EVIAN-1.5-L.png\",\"datePublished\":\"2026-02-01T17:11:47+00:00\",\"dateModified\":\"2026-02-04T17:00:46+00:00\",\"description\":\"Son go\u00fbt frais et l\u00e9ger en fait une eau id\u00e9ale \u00e0 boire \u00e0 tout moment de la journ\u00e9e, \u00e0 la maison, au bureau ou pendant les activit\u00e9s sportives.\",\"breadcrumb\":{\"@id\":\"https:\/\/nirigs.com\/product\/eau-minerale-naturelle-evian-1-5-l\/#breadcrumb\"},\"inLanguage\":\"en-US\",\"potentialAction\":[{\"@type\":\"ReadAction\",\"target\":[\"https:\/\/nirigs.com\/product\/eau-minerale-naturelle-evian-1-5-l\/\"]}]},{\"@type\":\"ImageObject\",\"inLanguage\":\"en-US\",\"@id\":\"https:\/\/nirigs.com\/product\/eau-minerale-naturelle-evian-1-5-l\/#primaryimage\",\"url\":\"https:\/\/nirigs.com\/wp-content\/uploads\/2026\/02\/Eau-Minerale-Naturelle-EVIAN-1.5-L.png\",\"contentUrl\":\"https:\/\/nirigs.com\/wp-content\/uploads\/2026\/02\/Eau-Minerale-Naturelle-EVIAN-1.5-L.png\",\"width\":1000,\"height\":1000},{\"@type\":\"BreadcrumbList\",\"@id\":\"https:\/\/nirigs.com\/product\/eau-minerale-naturelle-evian-1-5-l\/#breadcrumb\",\"itemListElement\":[{\"@type\":\"ListItem\",\"position\":1,\"name\":\"Home\",\"item\":\"https:\/\/nirigs.com\/\"},{\"@type\":\"ListItem\",\"position\":2,\"name\":\"Parcourir\",\"item\":\"https:\/\/nirigs.com\/boutique\/\"},{\"@type\":\"ListItem\",\"position\":3,\"name\":\"Eau Min\u00e9rale Naturelle EVIAN &#8211; 1.5 L\"}]},{\"@type\":\"WebSite\",\"@id\":\"https:\/\/nirigs.com\/#website\",\"url\":\"https:\/\/nirigs.com\/\",\"name\":\"Nirigs.com\",\"description\":\"Simplifiez vos achats du quotidien \u00e0 Djibouti\",\"publisher\":{\"@id\":\"https:\/\/nirigs.com\/#organization\"},\"potentialAction\":[{\"@type\":\"SearchAction\",\"target\":{\"@type\":\"EntryPoint\",\"urlTemplate\":\"https:\/\/nirigs.com\/?s={search_term_string}\"},\"query-input\":{\"@type\":\"PropertyValueSpecification\",\"valueRequired\":true,\"valueName\":\"search_term_string\"}}],\"inLanguage\":\"en-US\"},{\"@type\":\"Organization\",\"@id\":\"https:\/\/nirigs.com\/#organization\",\"name\":\"Nirigs\",\"url\":\"https:\/\/nirigs.com\/\",\"logo\":{\"@type\":\"ImageObject\",\"inLanguage\":\"en-US\",\"@id\":\"https:\/\/nirigs.com\/#\/schema\/logo\/image\/\",\"url\":\"https:\/\/nirigs.com\/wp-content\/uploads\/2025\/04\/Design-sans-titre-27.png\",\"contentUrl\":\"https:\/\/nirigs.com\/wp-content\/uploads\/2025\/04\/Design-sans-titre-27.png\",\"width\":500,\"height\":500,\"caption\":\"Nirigs\"},\"image\":{\"@id\":\"https:\/\/nirigs.com\/#\/schema\/logo\/image\/\"}}]}<\/script>\n<!-- \/ Yoast SEO plugin. -->","yoast_head_json":{"title":"Eau Min\u00e9rale Naturelle EVIAN - 1.5 L - NIRIGS","description":"Son go\u00fbt frais et l\u00e9ger en fait une eau id\u00e9ale \u00e0 boire \u00e0 tout moment de la journ\u00e9e, \u00e0 la maison, au bureau ou pendant les activit\u00e9s sportives.","robots":{"index":"index","follow":"follow","max-snippet":"max-snippet:-1","max-image-preview":"max-image-preview:large","max-video-preview":"max-video-preview:-1"},"canonical":"https:\/\/nirigs.com\/en\/product\/eau-minerale-naturelle-evian-1-5-l\/","og_locale":"en_US","og_type":"article","og_title":"Eau Min\u00e9rale Naturelle EVIAN - 1.5 L - NIRIGS","og_description":"Son go\u00fbt frais et l\u00e9ger en fait une eau id\u00e9ale \u00e0 boire \u00e0 tout moment de la journ\u00e9e, \u00e0 la maison, au bureau ou pendant les activit\u00e9s sportives.","og_url":"https:\/\/nirigs.com\/en\/product\/eau-minerale-naturelle-evian-1-5-l\/","og_site_name":"NIRIGS","article_modified_time":"2026-02-04T17:00:46+00:00","og_image":[{"width":1000,"height":1000,"url":"https:\/\/nirigs.com\/wp-content\/uploads\/2026\/02\/Eau-Minerale-Naturelle-EVIAN-1.5-L.png","type":"image\/png"}],"twitter_card":"summary_large_image","twitter_misc":{"Est. reading time":"1 minute"},"schema":{"@context":"https:\/\/schema.org","@graph":[{"@type":"WebPage","@id":"https:\/\/nirigs.com\/product\/eau-minerale-naturelle-evian-1-5-l\/","url":"https:\/\/nirigs.com\/product\/eau-minerale-naturelle-evian-1-5-l\/","name":"Eau Min\u00e9rale Naturelle EVIAN - 1.5 L - NIRIGS","isPartOf":{"@id":"https:\/\/nirigs.com\/#website"},"primaryImageOfPage":{"@id":"https:\/\/nirigs.com\/product\/eau-minerale-naturelle-evian-1-5-l\/#primaryimage"},"image":{"@id":"https:\/\/nirigs.com\/product\/eau-minerale-naturelle-evian-1-5-l\/#primaryimage"},"thumbnailUrl":"https:\/\/nirigs.com\/wp-content\/uploads\/2026\/02\/Eau-Minerale-Naturelle-EVIAN-1.5-L.png","datePublished":"2026-02-01T17:11:47+00:00","dateModified":"2026-02-04T17:00:46+00:00","description":"Son go\u00fbt frais et l\u00e9ger en fait une eau id\u00e9ale \u00e0 boire \u00e0 tout moment de la journ\u00e9e, \u00e0 la maison, au bureau ou pendant les activit\u00e9s sportives.","breadcrumb":{"@id":"https:\/\/nirigs.com\/product\/eau-minerale-naturelle-evian-1-5-l\/#breadcrumb"},"inLanguage":"en-US","potentialAction":[{"@type":"ReadAction","target":["https:\/\/nirigs.com\/product\/eau-minerale-naturelle-evian-1-5-l\/"]}]},{"@type":"ImageObject","inLanguage":"en-US","@id":"https:\/\/nirigs.com\/product\/eau-minerale-naturelle-evian-1-5-l\/#primaryimage","url":"https:\/\/nirigs.com\/wp-content\/uploads\/2026\/02\/Eau-Minerale-Naturelle-EVIAN-1.5-L.png","contentUrl":"https:\/\/nirigs.com\/wp-content\/uploads\/2026\/02\/Eau-Minerale-Naturelle-EVIAN-1.5-L.png","width":1000,"height":1000},{"@type":"BreadcrumbList","@id":"https:\/\/nirigs.com\/product\/eau-minerale-naturelle-evian-1-5-l\/#breadcrumb","itemListElement":[{"@type":"ListItem","position":1,"name":"Home","item":"https:\/\/nirigs.com\/"},{"@type":"ListItem","position":2,"name":"Parcourir","item":"https:\/\/nirigs.com\/boutique\/"},{"@type":"ListItem","position":3,"name":"Eau Min\u00e9rale Naturelle EVIAN &#8211; 1.5 L"}]},{"@type":"WebSite","@id":"https:\/\/nirigs.com\/#website","url":"https:\/\/nirigs.com\/","name":"Nirigs.com","description":"Simplifiez vos achats du quotidien \u00e0 Djibouti","publisher":{"@id":"https:\/\/nirigs.com\/#organization"},"potentialAction":[{"@type":"SearchAction","target":{"@type":"EntryPoint","urlTemplate":"https:\/\/nirigs.com\/?s={search_term_string}"},"query-input":{"@type":"PropertyValueSpecification","valueRequired":true,"valueName":"search_term_string"}}],"inLanguage":"en-US"},{"@type":"Organization","@id":"https:\/\/nirigs.com\/#organization","name":"Nirigs","url":"https:\/\/nirigs.com\/","logo":{"@type":"ImageObject","inLanguage":"en-US","@id":"https:\/\/nirigs.com\/#\/schema\/logo\/image\/","url":"https:\/\/nirigs.com\/wp-content\/uploads\/2025\/04\/Design-sans-titre-27.png","contentUrl":"https:\/\/nirigs.com\/wp-content\/uploads\/2025\/04\/Design-sans-titre-27.png","width":500,"height":500,"caption":"Nirigs"},"image":{"@id":"https:\/\/nirigs.com\/#\/schema\/logo\/image\/"}}]}},"brands":[{"id":1343,"name":"Evian","slug":"evian"}],"_links":{"self":[{"href":"https:\/\/nirigs.com\/en\/wp-json\/wp\/v2\/product\/27274","targetHints":{"allow":["GET"]}}],"collection":[{"href":"https:\/\/nirigs.com\/en\/wp-json\/wp\/v2\/product"}],"about":[{"href":"https:\/\/nirigs.com\/en\/wp-json\/wp\/v2\/types\/product"}],"replies":[{"embeddable":true,"href":"https:\/\/nirigs.com\/en\/wp-json\/wp\/v2\/comments?post=27274"}],"version-history":[{"count":4,"href":"https:\/\/nirigs.com\/en\/wp-json\/wp\/v2\/product\/27274\/revisions"}],"predecessor-version":[{"id":27348,"href":"https:\/\/nirigs.com\/en\/wp-json\/wp\/v2\/product\/27274\/revisions\/27348"}],"wp:featuredmedia":[{"embeddable":true,"href":"https:\/\/nirigs.com\/en\/wp-json\/wp\/v2\/media\/27275"}],"wp:attachment":[{"href":"https:\/\/nirigs.com\/en\/wp-json\/wp\/v2\/media?parent=27274"}],"wp:term":[{"taxonomy":"pwb-brand","embeddable":true,"href":"https:\/\/nirigs.com\/en\/wp-json\/wp\/v2\/pwb-brand?post=27274"},{"taxonomy":"product_brand","embeddable":true,"href":"https:\/\/nirigs.com\/en\/wp-json\/wp\/v2\/product_brand?post=27274"},{"taxonomy":"product_cat","embeddable":true,"href":"https:\/\/nirigs.com\/en\/wp-json\/wp\/v2\/product_cat?post=27274"},{"taxonomy":"product_tag","embeddable":true,"href":"https:\/\/nirigs.com\/en\/wp-json\/wp\/v2\/product_tag?post=27274"}],"curies":[{"name":"wp","href":"https:\/\/api.w.org\/{rel}","templated":true}]}}