{"id":27252,"date":"2026-01-29T20:08:12","date_gmt":"2026-01-29T17:08:12","guid":{"rendered":"https:\/\/nirigs.com\/?post_type=product&#038;p=27252"},"modified":"2026-02-04T22:34:38","modified_gmt":"2026-02-04T19:34:38","slug":"eau-minerale-naturelle-volvic-15-l","status":"publish","type":"product","link":"https:\/\/nirigs.com\/en\/product\/eau-minerale-naturelle-volvic-15-l\/","title":{"rendered":"Eau Mine\u0301rale Naturelle Volvic &#8211; 1.5 L"},"content":{"rendered":"<p data-start=\"191\" data-end=\"429\">Issue des volcans d\u2019Auvergne, <strong data-start=\"221\" data-end=\"256\">l\u2019eau min\u00e9rale naturelle Volvic<\/strong> est filtr\u00e9e naturellement pendant plusieurs ann\u00e9es \u00e0 travers des roches volcaniques, lui conf\u00e9rant une <strong data-start=\"360\" data-end=\"385\">puret\u00e9 exceptionnelle<\/strong> et une <strong data-start=\"393\" data-end=\"428\">composition min\u00e9rale \u00e9quilibr\u00e9e<\/strong>.<\/p>\n<p data-start=\"431\" data-end=\"707\">Faiblement min\u00e9ralis\u00e9e, Volvic convient parfaitement \u00e0 une <strong data-start=\"490\" data-end=\"540\">consommation quotidienne pour toute la famille<\/strong>, y compris les enfants. Son go\u00fbt neutre et doux en fait une eau id\u00e9ale \u00e0 boire tout au long de la journ\u00e9e, \u00e0 la maison, au travail ou pendant les activit\u00e9s sportives.<\/p>\n<h4 data-start=\"709\" data-end=\"741\">\u00a0Les avantages de Volvic :<\/h4>\n<ul data-start=\"742\" data-end=\"908\">\n<li data-start=\"742\" data-end=\"789\">\n<p data-start=\"744\" data-end=\"789\">Eau min\u00e9rale naturelle d\u2019origine volcanique<\/p>\n<\/li>\n<li data-start=\"790\" data-end=\"817\">\n<p data-start=\"792\" data-end=\"817\">Faible teneur en sodium<\/p>\n<\/li>\n<li data-start=\"818\" data-end=\"844\">\n<p data-start=\"820\" data-end=\"844\">Go\u00fbt l\u00e9ger et agr\u00e9able<\/p>\n<\/li>\n<li data-start=\"845\" data-end=\"876\">\n<p data-start=\"847\" data-end=\"876\">Convient \u00e0 toute la famille<\/p>\n<\/li>\n<li data-start=\"877\" data-end=\"908\">\n<p data-start=\"879\" data-end=\"908\">Bouteille pratique de 1,5 L<\/p>\n<\/li>\n<\/ul>\n<h4 data-start=\"910\" data-end=\"936\">\u00a0Caract\u00e9ristiques :<\/h4>\n<ul data-start=\"937\" data-end=\"1111\">\n<li data-start=\"937\" data-end=\"960\">\n<p data-start=\"939\" data-end=\"960\"><strong data-start=\"939\" data-end=\"949\">Marque<\/strong> : Volvic<\/p>\n<\/li>\n<li data-start=\"961\" data-end=\"998\">\n<p data-start=\"963\" data-end=\"998\"><strong data-start=\"963\" data-end=\"971\">Type<\/strong> : Eau min\u00e9rale naturelle<\/p>\n<\/li>\n<li data-start=\"999\" data-end=\"1029\">\n<p data-start=\"1001\" data-end=\"1029\"><strong data-start=\"1001\" data-end=\"1015\">Contenance<\/strong> : 1,5 litre<\/p>\n<\/li>\n<li data-start=\"1030\" data-end=\"1054\">\n<p data-start=\"1032\" data-end=\"1054\"><strong data-start=\"1032\" data-end=\"1043\">Origine<\/strong> : France<\/p>\n<\/li>\n<li data-start=\"1055\" data-end=\"1111\">\n<p data-start=\"1057\" data-end=\"1111\"><strong data-start=\"1057\" data-end=\"1076\">Conditionnement<\/strong> : Bouteille plastique recyclable<\/p>\n<\/li>\n<\/ul>\n<p data-start=\"1113\" data-end=\"1202\"><strong data-start=\"1116\" data-end=\"1141\">\u00a0Conseil d\u2019utilisation<\/strong> : \u00e0 consommer fra\u00eeche pour une sensation de puret\u00e9 optimale.<\/p>","protected":false},"excerpt":{"rendered":"<p>Eau Min\u00e9rale Naturelle Volvic \u2013 1,5 L<br \/>\nDisponible \u00e0 l\u2019unit\u00e9 ou en pack.<\/p>","protected":false},"featured_media":27254,"comment_status":"open","ping_status":"closed","template":"","meta":[],"pwb-brand":[1341],"product_brand":[],"product_cat":[929,931,1132,275],"product_tag":[],"class_list":{"0":"post-27252","1":"product","2":"type-product","3":"status-publish","4":"has-post-thumbnail","6":"pwb-brand-volvic","7":"product_cat-cafe-the-et-boissons","8":"product_cat-eaux","9":"product_cat-eaux-plates","10":"product_cat-epicerie","12":"first","13":"instock","14":"shipping-taxable","15":"purchasable","16":"product-type-variable"},"yoast_head":"<!-- This site is optimized with the Yoast SEO plugin v27.1.1 - https:\/\/yoast.com\/product\/yoast-seo-wordpress\/ -->\n<title>Eau Mine\u0301rale Naturelle Volvic - 1.5 L - NIRIGS<\/title>\n<meta name=\"description\" content=\"Eau min\u00e9rale naturelle volcanique Naturellement pure et faiblement min\u00e9ralis\u00e9e. Filtr\u00e9e \u00e0 travers 6 couches de roches volcaniques\" \/>\n<meta name=\"robots\" content=\"index, follow, max-snippet:-1, max-image-preview:large, max-video-preview:-1\" \/>\n<link rel=\"canonical\" href=\"https:\/\/nirigs.com\/en\/product\/eau-minerale-naturelle-volvic-15-l\/\" \/>\n<meta property=\"og:locale\" content=\"en_US\" \/>\n<meta property=\"og:type\" content=\"article\" \/>\n<meta property=\"og:title\" content=\"Eau Mine\u0301rale Naturelle Volvic - 1.5 L - NIRIGS\" \/>\n<meta property=\"og:description\" content=\"Eau min\u00e9rale naturelle volcanique Naturellement pure et faiblement min\u00e9ralis\u00e9e. Filtr\u00e9e \u00e0 travers 6 couches de roches volcaniques\" \/>\n<meta property=\"og:url\" content=\"https:\/\/nirigs.com\/en\/product\/eau-minerale-naturelle-volvic-15-l\/\" \/>\n<meta property=\"og:site_name\" content=\"NIRIGS\" \/>\n<meta property=\"article:modified_time\" content=\"2026-02-04T19:34:38+00:00\" \/>\n<meta property=\"og:image\" content=\"https:\/\/nirigs.com\/wp-content\/uploads\/2026\/01\/eau-minerale-volvic.png\" \/>\n\t<meta property=\"og:image:width\" content=\"1000\" \/>\n\t<meta property=\"og:image:height\" content=\"1000\" \/>\n\t<meta property=\"og:image:type\" content=\"image\/png\" \/>\n<meta name=\"twitter:card\" content=\"summary_large_image\" \/>\n<meta name=\"twitter:label1\" content=\"Est. reading time\" \/>\n\t<meta name=\"twitter:data1\" content=\"1 minute\" \/>\n<script type=\"application\/ld+json\" class=\"yoast-schema-graph\">{\"@context\":\"https:\/\/schema.org\",\"@graph\":[{\"@type\":\"WebPage\",\"@id\":\"https:\/\/nirigs.com\/product\/eau-minerale-naturelle-volvic-15-l\/\",\"url\":\"https:\/\/nirigs.com\/product\/eau-minerale-naturelle-volvic-15-l\/\",\"name\":\"Eau Mine\u0301rale Naturelle Volvic - 1.5 L - NIRIGS\",\"isPartOf\":{\"@id\":\"https:\/\/nirigs.com\/#website\"},\"primaryImageOfPage\":{\"@id\":\"https:\/\/nirigs.com\/product\/eau-minerale-naturelle-volvic-15-l\/#primaryimage\"},\"image\":{\"@id\":\"https:\/\/nirigs.com\/product\/eau-minerale-naturelle-volvic-15-l\/#primaryimage\"},\"thumbnailUrl\":\"https:\/\/nirigs.com\/wp-content\/uploads\/2026\/01\/eau-minerale-volvic.png\",\"datePublished\":\"2026-01-29T17:08:12+00:00\",\"dateModified\":\"2026-02-04T19:34:38+00:00\",\"description\":\"Eau min\u00e9rale naturelle volcanique Naturellement pure et faiblement min\u00e9ralis\u00e9e. Filtr\u00e9e \u00e0 travers 6 couches de roches volcaniques\",\"breadcrumb\":{\"@id\":\"https:\/\/nirigs.com\/product\/eau-minerale-naturelle-volvic-15-l\/#breadcrumb\"},\"inLanguage\":\"en-US\",\"potentialAction\":[{\"@type\":\"ReadAction\",\"target\":[\"https:\/\/nirigs.com\/product\/eau-minerale-naturelle-volvic-15-l\/\"]}]},{\"@type\":\"ImageObject\",\"inLanguage\":\"en-US\",\"@id\":\"https:\/\/nirigs.com\/product\/eau-minerale-naturelle-volvic-15-l\/#primaryimage\",\"url\":\"https:\/\/nirigs.com\/wp-content\/uploads\/2026\/01\/eau-minerale-volvic.png\",\"contentUrl\":\"https:\/\/nirigs.com\/wp-content\/uploads\/2026\/01\/eau-minerale-volvic.png\",\"width\":1000,\"height\":1000},{\"@type\":\"BreadcrumbList\",\"@id\":\"https:\/\/nirigs.com\/product\/eau-minerale-naturelle-volvic-15-l\/#breadcrumb\",\"itemListElement\":[{\"@type\":\"ListItem\",\"position\":1,\"name\":\"Home\",\"item\":\"https:\/\/nirigs.com\/\"},{\"@type\":\"ListItem\",\"position\":2,\"name\":\"Parcourir\",\"item\":\"https:\/\/nirigs.com\/boutique\/\"},{\"@type\":\"ListItem\",\"position\":3,\"name\":\"Eau Mine\u0301rale Naturelle Volvic &#8211; 1.5 L\"}]},{\"@type\":\"WebSite\",\"@id\":\"https:\/\/nirigs.com\/#website\",\"url\":\"https:\/\/nirigs.com\/\",\"name\":\"Nirigs.com\",\"description\":\"Simplifiez vos achats du quotidien \u00e0 Djibouti\",\"publisher\":{\"@id\":\"https:\/\/nirigs.com\/#organization\"},\"potentialAction\":[{\"@type\":\"SearchAction\",\"target\":{\"@type\":\"EntryPoint\",\"urlTemplate\":\"https:\/\/nirigs.com\/?s={search_term_string}\"},\"query-input\":{\"@type\":\"PropertyValueSpecification\",\"valueRequired\":true,\"valueName\":\"search_term_string\"}}],\"inLanguage\":\"en-US\"},{\"@type\":\"Organization\",\"@id\":\"https:\/\/nirigs.com\/#organization\",\"name\":\"Nirigs\",\"url\":\"https:\/\/nirigs.com\/\",\"logo\":{\"@type\":\"ImageObject\",\"inLanguage\":\"en-US\",\"@id\":\"https:\/\/nirigs.com\/#\/schema\/logo\/image\/\",\"url\":\"https:\/\/nirigs.com\/wp-content\/uploads\/2025\/04\/Design-sans-titre-27.png\",\"contentUrl\":\"https:\/\/nirigs.com\/wp-content\/uploads\/2025\/04\/Design-sans-titre-27.png\",\"width\":500,\"height\":500,\"caption\":\"Nirigs\"},\"image\":{\"@id\":\"https:\/\/nirigs.com\/#\/schema\/logo\/image\/\"}}]}<\/script>\n<!-- \/ Yoast SEO plugin. -->","yoast_head_json":{"title":"Eau Mine\u0301rale Naturelle Volvic - 1.5 L - NIRIGS","description":"Eau min\u00e9rale naturelle volcanique Naturellement pure et faiblement min\u00e9ralis\u00e9e. Filtr\u00e9e \u00e0 travers 6 couches de roches volcaniques","robots":{"index":"index","follow":"follow","max-snippet":"max-snippet:-1","max-image-preview":"max-image-preview:large","max-video-preview":"max-video-preview:-1"},"canonical":"https:\/\/nirigs.com\/en\/product\/eau-minerale-naturelle-volvic-15-l\/","og_locale":"en_US","og_type":"article","og_title":"Eau Mine\u0301rale Naturelle Volvic - 1.5 L - NIRIGS","og_description":"Eau min\u00e9rale naturelle volcanique Naturellement pure et faiblement min\u00e9ralis\u00e9e. Filtr\u00e9e \u00e0 travers 6 couches de roches volcaniques","og_url":"https:\/\/nirigs.com\/en\/product\/eau-minerale-naturelle-volvic-15-l\/","og_site_name":"NIRIGS","article_modified_time":"2026-02-04T19:34:38+00:00","og_image":[{"width":1000,"height":1000,"url":"https:\/\/nirigs.com\/wp-content\/uploads\/2026\/01\/eau-minerale-volvic.png","type":"image\/png"}],"twitter_card":"summary_large_image","twitter_misc":{"Est. reading time":"1 minute"},"schema":{"@context":"https:\/\/schema.org","@graph":[{"@type":"WebPage","@id":"https:\/\/nirigs.com\/product\/eau-minerale-naturelle-volvic-15-l\/","url":"https:\/\/nirigs.com\/product\/eau-minerale-naturelle-volvic-15-l\/","name":"Eau Mine\u0301rale Naturelle Volvic - 1.5 L - NIRIGS","isPartOf":{"@id":"https:\/\/nirigs.com\/#website"},"primaryImageOfPage":{"@id":"https:\/\/nirigs.com\/product\/eau-minerale-naturelle-volvic-15-l\/#primaryimage"},"image":{"@id":"https:\/\/nirigs.com\/product\/eau-minerale-naturelle-volvic-15-l\/#primaryimage"},"thumbnailUrl":"https:\/\/nirigs.com\/wp-content\/uploads\/2026\/01\/eau-minerale-volvic.png","datePublished":"2026-01-29T17:08:12+00:00","dateModified":"2026-02-04T19:34:38+00:00","description":"Eau min\u00e9rale naturelle volcanique Naturellement pure et faiblement min\u00e9ralis\u00e9e. Filtr\u00e9e \u00e0 travers 6 couches de roches volcaniques","breadcrumb":{"@id":"https:\/\/nirigs.com\/product\/eau-minerale-naturelle-volvic-15-l\/#breadcrumb"},"inLanguage":"en-US","potentialAction":[{"@type":"ReadAction","target":["https:\/\/nirigs.com\/product\/eau-minerale-naturelle-volvic-15-l\/"]}]},{"@type":"ImageObject","inLanguage":"en-US","@id":"https:\/\/nirigs.com\/product\/eau-minerale-naturelle-volvic-15-l\/#primaryimage","url":"https:\/\/nirigs.com\/wp-content\/uploads\/2026\/01\/eau-minerale-volvic.png","contentUrl":"https:\/\/nirigs.com\/wp-content\/uploads\/2026\/01\/eau-minerale-volvic.png","width":1000,"height":1000},{"@type":"BreadcrumbList","@id":"https:\/\/nirigs.com\/product\/eau-minerale-naturelle-volvic-15-l\/#breadcrumb","itemListElement":[{"@type":"ListItem","position":1,"name":"Home","item":"https:\/\/nirigs.com\/"},{"@type":"ListItem","position":2,"name":"Parcourir","item":"https:\/\/nirigs.com\/boutique\/"},{"@type":"ListItem","position":3,"name":"Eau Mine\u0301rale Naturelle Volvic &#8211; 1.5 L"}]},{"@type":"WebSite","@id":"https:\/\/nirigs.com\/#website","url":"https:\/\/nirigs.com\/","name":"Nirigs.com","description":"Simplifiez vos achats du quotidien \u00e0 Djibouti","publisher":{"@id":"https:\/\/nirigs.com\/#organization"},"potentialAction":[{"@type":"SearchAction","target":{"@type":"EntryPoint","urlTemplate":"https:\/\/nirigs.com\/?s={search_term_string}"},"query-input":{"@type":"PropertyValueSpecification","valueRequired":true,"valueName":"search_term_string"}}],"inLanguage":"en-US"},{"@type":"Organization","@id":"https:\/\/nirigs.com\/#organization","name":"Nirigs","url":"https:\/\/nirigs.com\/","logo":{"@type":"ImageObject","inLanguage":"en-US","@id":"https:\/\/nirigs.com\/#\/schema\/logo\/image\/","url":"https:\/\/nirigs.com\/wp-content\/uploads\/2025\/04\/Design-sans-titre-27.png","contentUrl":"https:\/\/nirigs.com\/wp-content\/uploads\/2025\/04\/Design-sans-titre-27.png","width":500,"height":500,"caption":"Nirigs"},"image":{"@id":"https:\/\/nirigs.com\/#\/schema\/logo\/image\/"}}]}},"brands":[{"id":1341,"name":"Volvic","slug":"volvic"}],"_links":{"self":[{"href":"https:\/\/nirigs.com\/en\/wp-json\/wp\/v2\/product\/27252","targetHints":{"allow":["GET"]}}],"collection":[{"href":"https:\/\/nirigs.com\/en\/wp-json\/wp\/v2\/product"}],"about":[{"href":"https:\/\/nirigs.com\/en\/wp-json\/wp\/v2\/types\/product"}],"replies":[{"embeddable":true,"href":"https:\/\/nirigs.com\/en\/wp-json\/wp\/v2\/comments?post=27252"}],"version-history":[{"count":7,"href":"https:\/\/nirigs.com\/en\/wp-json\/wp\/v2\/product\/27252\/revisions"}],"predecessor-version":[{"id":27257,"href":"https:\/\/nirigs.com\/en\/wp-json\/wp\/v2\/product\/27252\/revisions\/27257"}],"wp:featuredmedia":[{"embeddable":true,"href":"https:\/\/nirigs.com\/en\/wp-json\/wp\/v2\/media\/27254"}],"wp:attachment":[{"href":"https:\/\/nirigs.com\/en\/wp-json\/wp\/v2\/media?parent=27252"}],"wp:term":[{"taxonomy":"pwb-brand","embeddable":true,"href":"https:\/\/nirigs.com\/en\/wp-json\/wp\/v2\/pwb-brand?post=27252"},{"taxonomy":"product_brand","embeddable":true,"href":"https:\/\/nirigs.com\/en\/wp-json\/wp\/v2\/product_brand?post=27252"},{"taxonomy":"product_cat","embeddable":true,"href":"https:\/\/nirigs.com\/en\/wp-json\/wp\/v2\/product_cat?post=27252"},{"taxonomy":"product_tag","embeddable":true,"href":"https:\/\/nirigs.com\/en\/wp-json\/wp\/v2\/product_tag?post=27252"}],"curies":[{"name":"wp","href":"https:\/\/api.w.org\/{rel}","templated":true}]}}