{"id":27090,"date":"2025-05-05T11:10:47","date_gmt":"2025-05-05T08:10:47","guid":{"rendered":"https:\/\/nirigs.com\/?post_type=product&#038;p=27090"},"modified":"2026-02-11T11:03:20","modified_gmt":"2026-02-11T08:03:20","slug":"cosmo-apres-shampooing-boucle-doux-et-brilliant-pour-enfants-djibouti","status":"publish","type":"product","link":"https:\/\/nirigs.com\/en\/product\/cosmo-apres-shampooing-boucle-doux-et-brilliant-pour-enfants-djibouti\/","title":{"rendered":"Cosmo &#8211; Apr\u00e8s-shampooing boucl\u00e9 doux et brilliant pour enfants"},"content":{"rendered":"<p>Notre apr\u00e8s-shampooing Soft &amp; Shine Kids Shea Magic Curly Care est sp\u00e9cialement formul\u00e9 pour nourrir et soigner les cheveux boucl\u00e9s en d\u00e9veloppement. Infus\u00e9 de beurre de karit\u00e9.<\/p>\n<h4>CARACT\u00c9RISTIQUES<\/h4>\n<ul>\n<li>R\u00e9duit les n\u0153uds et les enchev\u00eatrements : D\u00e9m\u00eale les cheveux et les rend plus faciles \u00e0 coiffer.<\/li>\n<li>D\u00e9finit les boucles : Rehausse les boucles naturelles, favorisant la d\u00e9finition et le rebond.<\/li>\n<li>Contr\u00f4le les frisottis : Dompte les m\u00e8ches rebelles, laissant les cheveux lisses et faciles \u00e0 coiffer.<\/li>\n<li>Maintient l&rsquo;hydratation : Fixe l&rsquo;humidit\u00e9, emp\u00eachant la s\u00e9cheresse et les frisottis.<\/li>\n<\/ul>","protected":false},"excerpt":{"rendered":"<p>Notre apr\u00e8s-shampooing Soft &amp; Shine Kids Shea Magic Curly Care est sp\u00e9cialement formul\u00e9 pour nourrir et soigner les cheveux boucl\u00e9s<\/p>","protected":false},"featured_media":27091,"comment_status":"open","ping_status":"closed","template":"","meta":[],"pwb-brand":[1340],"product_brand":[],"product_cat":[1025,267,1022,1024],"product_tag":[],"class_list":{"0":"post-27090","1":"product","2":"type-product","3":"status-publish","4":"has-post-thumbnail","6":"pwb-brand-cosmo","7":"product_cat-apres-shampooings","8":"product_cat-beaute-et-soins","9":"product_cat-coiffures-et-soins-des-cheveux","10":"product_cat-soins-des-cheveux","12":"first","13":"instock","14":"shipping-taxable","15":"purchasable","16":"product-type-simple"},"yoast_head":"<!-- This site is optimized with the Yoast SEO plugin v27.4 - https:\/\/yoast.com\/product\/yoast-seo-wordpress\/ -->\n<title>Cosmo - Apr\u00e8s-shampooing boucl\u00e9 doux et brilliant pour enfants - NIRIGS<\/title>\n<meta name=\"description\" content=\"Apr\u00e8s-shampooing enfants Soft &amp; Shine Shea Magic Curly Care, d\u00e9m\u00eale, hydrate et d\u00e9finit les boucles. Commandez facilement \u00e0 Djibouti avec Nirigs.\" \/>\n<meta name=\"robots\" content=\"index, follow, max-snippet:-1, max-image-preview:large, max-video-preview:-1\" \/>\n<link rel=\"canonical\" href=\"https:\/\/nirigs.com\/en\/product\/cosmo-apres-shampooing-boucle-doux-et-brilliant-pour-enfants-djibouti\/\" \/>\n<meta property=\"og:locale\" content=\"en_US\" \/>\n<meta property=\"og:type\" content=\"article\" \/>\n<meta property=\"og:title\" content=\"Cosmo - Apr\u00e8s-shampooing boucl\u00e9 doux et brilliant pour enfants - NIRIGS\" \/>\n<meta property=\"og:description\" content=\"Apr\u00e8s-shampooing enfants Soft &amp; Shine Shea Magic Curly Care, d\u00e9m\u00eale, hydrate et d\u00e9finit les boucles. Commandez facilement \u00e0 Djibouti avec Nirigs.\" \/>\n<meta property=\"og:url\" content=\"https:\/\/nirigs.com\/en\/product\/cosmo-apres-shampooing-boucle-doux-et-brilliant-pour-enfants-djibouti\/\" \/>\n<meta property=\"og:site_name\" content=\"NIRIGS\" \/>\n<meta property=\"article:modified_time\" content=\"2026-02-11T08:03:20+00:00\" \/>\n<meta property=\"og:image\" content=\"https:\/\/nirigs.com\/wp-content\/uploads\/2025\/05\/Cosmo-Apres-shampooing-boucle-doux-et-brilliant-pour-enfants-.png\" \/>\n\t<meta property=\"og:image:width\" content=\"1000\" \/>\n\t<meta property=\"og:image:height\" content=\"1000\" \/>\n\t<meta property=\"og:image:type\" content=\"image\/png\" \/>\n<meta name=\"twitter:card\" content=\"summary_large_image\" \/>\n<meta name=\"twitter:label1\" content=\"Est. reading time\" \/>\n\t<meta name=\"twitter:data1\" content=\"1 minute\" \/>\n<script type=\"application\/ld+json\" class=\"yoast-schema-graph\">{\"@context\":\"https:\\\/\\\/schema.org\",\"@graph\":[{\"@type\":\"WebPage\",\"@id\":\"https:\\\/\\\/nirigs.com\\\/product\\\/cosmo-apres-shampooing-boucle-doux-et-brilliant-pour-enfants-djibouti\\\/\",\"url\":\"https:\\\/\\\/nirigs.com\\\/product\\\/cosmo-apres-shampooing-boucle-doux-et-brilliant-pour-enfants-djibouti\\\/\",\"name\":\"Cosmo - Apr\u00e8s-shampooing boucl\u00e9 doux et brilliant pour enfants - NIRIGS\",\"isPartOf\":{\"@id\":\"https:\\\/\\\/nirigs.com\\\/#website\"},\"primaryImageOfPage\":{\"@id\":\"https:\\\/\\\/nirigs.com\\\/product\\\/cosmo-apres-shampooing-boucle-doux-et-brilliant-pour-enfants-djibouti\\\/#primaryimage\"},\"image\":{\"@id\":\"https:\\\/\\\/nirigs.com\\\/product\\\/cosmo-apres-shampooing-boucle-doux-et-brilliant-pour-enfants-djibouti\\\/#primaryimage\"},\"thumbnailUrl\":\"https:\\\/\\\/nirigs.com\\\/wp-content\\\/uploads\\\/2025\\\/05\\\/Cosmo-Apres-shampooing-boucle-doux-et-brilliant-pour-enfants-.png\",\"datePublished\":\"2025-05-05T08:10:47+00:00\",\"dateModified\":\"2026-02-11T08:03:20+00:00\",\"description\":\"Apr\u00e8s-shampooing enfants Soft & Shine Shea Magic Curly Care, d\u00e9m\u00eale, hydrate et d\u00e9finit les boucles. Commandez facilement \u00e0 Djibouti avec Nirigs.\",\"breadcrumb\":{\"@id\":\"https:\\\/\\\/nirigs.com\\\/product\\\/cosmo-apres-shampooing-boucle-doux-et-brilliant-pour-enfants-djibouti\\\/#breadcrumb\"},\"inLanguage\":\"en-US\",\"potentialAction\":[{\"@type\":\"ReadAction\",\"target\":[\"https:\\\/\\\/nirigs.com\\\/product\\\/cosmo-apres-shampooing-boucle-doux-et-brilliant-pour-enfants-djibouti\\\/\"]}]},{\"@type\":\"ImageObject\",\"inLanguage\":\"en-US\",\"@id\":\"https:\\\/\\\/nirigs.com\\\/product\\\/cosmo-apres-shampooing-boucle-doux-et-brilliant-pour-enfants-djibouti\\\/#primaryimage\",\"url\":\"https:\\\/\\\/nirigs.com\\\/wp-content\\\/uploads\\\/2025\\\/05\\\/Cosmo-Apres-shampooing-boucle-doux-et-brilliant-pour-enfants-.png\",\"contentUrl\":\"https:\\\/\\\/nirigs.com\\\/wp-content\\\/uploads\\\/2025\\\/05\\\/Cosmo-Apres-shampooing-boucle-doux-et-brilliant-pour-enfants-.png\",\"width\":1000,\"height\":1000},{\"@type\":\"BreadcrumbList\",\"@id\":\"https:\\\/\\\/nirigs.com\\\/product\\\/cosmo-apres-shampooing-boucle-doux-et-brilliant-pour-enfants-djibouti\\\/#breadcrumb\",\"itemListElement\":[{\"@type\":\"ListItem\",\"position\":1,\"name\":\"Home\",\"item\":\"https:\\\/\\\/nirigs.com\\\/\"},{\"@type\":\"ListItem\",\"position\":2,\"name\":\"Parcourir\",\"item\":\"https:\\\/\\\/nirigs.com\\\/boutique\\\/\"},{\"@type\":\"ListItem\",\"position\":3,\"name\":\"Cosmo &#8211; Apr\u00e8s-shampooing boucl\u00e9 doux et brilliant pour enfants\"}]},{\"@type\":\"WebSite\",\"@id\":\"https:\\\/\\\/nirigs.com\\\/#website\",\"url\":\"https:\\\/\\\/nirigs.com\\\/\",\"name\":\"Nirigs.com\",\"description\":\"Simplifiez vos achats du quotidien \u00e0 Djibouti\",\"publisher\":{\"@id\":\"https:\\\/\\\/nirigs.com\\\/#organization\"},\"potentialAction\":[{\"@type\":\"SearchAction\",\"target\":{\"@type\":\"EntryPoint\",\"urlTemplate\":\"https:\\\/\\\/nirigs.com\\\/?s={search_term_string}\"},\"query-input\":{\"@type\":\"PropertyValueSpecification\",\"valueRequired\":true,\"valueName\":\"search_term_string\"}}],\"inLanguage\":\"en-US\"},{\"@type\":\"Organization\",\"@id\":\"https:\\\/\\\/nirigs.com\\\/#organization\",\"name\":\"Nirigs\",\"url\":\"https:\\\/\\\/nirigs.com\\\/\",\"logo\":{\"@type\":\"ImageObject\",\"inLanguage\":\"en-US\",\"@id\":\"https:\\\/\\\/nirigs.com\\\/#\\\/schema\\\/logo\\\/image\\\/\",\"url\":\"https:\\\/\\\/nirigs.com\\\/wp-content\\\/uploads\\\/2025\\\/04\\\/Design-sans-titre-27.png\",\"contentUrl\":\"https:\\\/\\\/nirigs.com\\\/wp-content\\\/uploads\\\/2025\\\/04\\\/Design-sans-titre-27.png\",\"width\":500,\"height\":500,\"caption\":\"Nirigs\"},\"image\":{\"@id\":\"https:\\\/\\\/nirigs.com\\\/#\\\/schema\\\/logo\\\/image\\\/\"}}]}<\/script>\n<!-- \/ Yoast SEO plugin. -->","yoast_head_json":{"title":"Cosmo - Apr\u00e8s-shampooing boucl\u00e9 doux et brilliant pour enfants - NIRIGS","description":"Apr\u00e8s-shampooing enfants Soft & Shine Shea Magic Curly Care, d\u00e9m\u00eale, hydrate et d\u00e9finit les boucles. Commandez facilement \u00e0 Djibouti avec Nirigs.","robots":{"index":"index","follow":"follow","max-snippet":"max-snippet:-1","max-image-preview":"max-image-preview:large","max-video-preview":"max-video-preview:-1"},"canonical":"https:\/\/nirigs.com\/en\/product\/cosmo-apres-shampooing-boucle-doux-et-brilliant-pour-enfants-djibouti\/","og_locale":"en_US","og_type":"article","og_title":"Cosmo - Apr\u00e8s-shampooing boucl\u00e9 doux et brilliant pour enfants - NIRIGS","og_description":"Apr\u00e8s-shampooing enfants Soft & Shine Shea Magic Curly Care, d\u00e9m\u00eale, hydrate et d\u00e9finit les boucles. Commandez facilement \u00e0 Djibouti avec Nirigs.","og_url":"https:\/\/nirigs.com\/en\/product\/cosmo-apres-shampooing-boucle-doux-et-brilliant-pour-enfants-djibouti\/","og_site_name":"NIRIGS","article_modified_time":"2026-02-11T08:03:20+00:00","og_image":[{"width":1000,"height":1000,"url":"https:\/\/nirigs.com\/wp-content\/uploads\/2025\/05\/Cosmo-Apres-shampooing-boucle-doux-et-brilliant-pour-enfants-.png","type":"image\/png"}],"twitter_card":"summary_large_image","twitter_misc":{"Est. reading time":"1 minute"},"schema":{"@context":"https:\/\/schema.org","@graph":[{"@type":"WebPage","@id":"https:\/\/nirigs.com\/product\/cosmo-apres-shampooing-boucle-doux-et-brilliant-pour-enfants-djibouti\/","url":"https:\/\/nirigs.com\/product\/cosmo-apres-shampooing-boucle-doux-et-brilliant-pour-enfants-djibouti\/","name":"Cosmo - Apr\u00e8s-shampooing boucl\u00e9 doux et brilliant pour enfants - NIRIGS","isPartOf":{"@id":"https:\/\/nirigs.com\/#website"},"primaryImageOfPage":{"@id":"https:\/\/nirigs.com\/product\/cosmo-apres-shampooing-boucle-doux-et-brilliant-pour-enfants-djibouti\/#primaryimage"},"image":{"@id":"https:\/\/nirigs.com\/product\/cosmo-apres-shampooing-boucle-doux-et-brilliant-pour-enfants-djibouti\/#primaryimage"},"thumbnailUrl":"https:\/\/nirigs.com\/wp-content\/uploads\/2025\/05\/Cosmo-Apres-shampooing-boucle-doux-et-brilliant-pour-enfants-.png","datePublished":"2025-05-05T08:10:47+00:00","dateModified":"2026-02-11T08:03:20+00:00","description":"Apr\u00e8s-shampooing enfants Soft & Shine Shea Magic Curly Care, d\u00e9m\u00eale, hydrate et d\u00e9finit les boucles. Commandez facilement \u00e0 Djibouti avec Nirigs.","breadcrumb":{"@id":"https:\/\/nirigs.com\/product\/cosmo-apres-shampooing-boucle-doux-et-brilliant-pour-enfants-djibouti\/#breadcrumb"},"inLanguage":"en-US","potentialAction":[{"@type":"ReadAction","target":["https:\/\/nirigs.com\/product\/cosmo-apres-shampooing-boucle-doux-et-brilliant-pour-enfants-djibouti\/"]}]},{"@type":"ImageObject","inLanguage":"en-US","@id":"https:\/\/nirigs.com\/product\/cosmo-apres-shampooing-boucle-doux-et-brilliant-pour-enfants-djibouti\/#primaryimage","url":"https:\/\/nirigs.com\/wp-content\/uploads\/2025\/05\/Cosmo-Apres-shampooing-boucle-doux-et-brilliant-pour-enfants-.png","contentUrl":"https:\/\/nirigs.com\/wp-content\/uploads\/2025\/05\/Cosmo-Apres-shampooing-boucle-doux-et-brilliant-pour-enfants-.png","width":1000,"height":1000},{"@type":"BreadcrumbList","@id":"https:\/\/nirigs.com\/product\/cosmo-apres-shampooing-boucle-doux-et-brilliant-pour-enfants-djibouti\/#breadcrumb","itemListElement":[{"@type":"ListItem","position":1,"name":"Home","item":"https:\/\/nirigs.com\/"},{"@type":"ListItem","position":2,"name":"Parcourir","item":"https:\/\/nirigs.com\/boutique\/"},{"@type":"ListItem","position":3,"name":"Cosmo &#8211; Apr\u00e8s-shampooing boucl\u00e9 doux et brilliant pour enfants"}]},{"@type":"WebSite","@id":"https:\/\/nirigs.com\/#website","url":"https:\/\/nirigs.com\/","name":"Nirigs.com","description":"Simplifiez vos achats du quotidien \u00e0 Djibouti","publisher":{"@id":"https:\/\/nirigs.com\/#organization"},"potentialAction":[{"@type":"SearchAction","target":{"@type":"EntryPoint","urlTemplate":"https:\/\/nirigs.com\/?s={search_term_string}"},"query-input":{"@type":"PropertyValueSpecification","valueRequired":true,"valueName":"search_term_string"}}],"inLanguage":"en-US"},{"@type":"Organization","@id":"https:\/\/nirigs.com\/#organization","name":"Nirigs","url":"https:\/\/nirigs.com\/","logo":{"@type":"ImageObject","inLanguage":"en-US","@id":"https:\/\/nirigs.com\/#\/schema\/logo\/image\/","url":"https:\/\/nirigs.com\/wp-content\/uploads\/2025\/04\/Design-sans-titre-27.png","contentUrl":"https:\/\/nirigs.com\/wp-content\/uploads\/2025\/04\/Design-sans-titre-27.png","width":500,"height":500,"caption":"Nirigs"},"image":{"@id":"https:\/\/nirigs.com\/#\/schema\/logo\/image\/"}}]}},"brands":[{"id":1340,"name":"Cosmo","slug":"cosmo"}],"_links":{"self":[{"href":"https:\/\/nirigs.com\/en\/wp-json\/wp\/v2\/product\/27090","targetHints":{"allow":["GET"]}}],"collection":[{"href":"https:\/\/nirigs.com\/en\/wp-json\/wp\/v2\/product"}],"about":[{"href":"https:\/\/nirigs.com\/en\/wp-json\/wp\/v2\/types\/product"}],"replies":[{"embeddable":true,"href":"https:\/\/nirigs.com\/en\/wp-json\/wp\/v2\/comments?post=27090"}],"version-history":[{"count":1,"href":"https:\/\/nirigs.com\/en\/wp-json\/wp\/v2\/product\/27090\/revisions"}],"predecessor-version":[{"id":27092,"href":"https:\/\/nirigs.com\/en\/wp-json\/wp\/v2\/product\/27090\/revisions\/27092"}],"wp:featuredmedia":[{"embeddable":true,"href":"https:\/\/nirigs.com\/en\/wp-json\/wp\/v2\/media\/27091"}],"wp:attachment":[{"href":"https:\/\/nirigs.com\/en\/wp-json\/wp\/v2\/media?parent=27090"}],"wp:term":[{"taxonomy":"pwb-brand","embeddable":true,"href":"https:\/\/nirigs.com\/en\/wp-json\/wp\/v2\/pwb-brand?post=27090"},{"taxonomy":"product_brand","embeddable":true,"href":"https:\/\/nirigs.com\/en\/wp-json\/wp\/v2\/product_brand?post=27090"},{"taxonomy":"product_cat","embeddable":true,"href":"https:\/\/nirigs.com\/en\/wp-json\/wp\/v2\/product_cat?post=27090"},{"taxonomy":"product_tag","embeddable":true,"href":"https:\/\/nirigs.com\/en\/wp-json\/wp\/v2\/product_tag?post=27090"}],"curies":[{"name":"wp","href":"https:\/\/api.w.org\/{rel}","templated":true}]}}