{"id":27086,"date":"2025-05-05T11:01:52","date_gmt":"2025-05-05T08:01:52","guid":{"rendered":"https:\/\/nirigs.com\/?post_type=product&#038;p=27086"},"modified":"2026-02-11T11:03:35","modified_gmt":"2026-02-11T08:03:35","slug":"creme-bouclante-cheveux-boucles-enfants-djibouti","status":"publish","type":"product","link":"https:\/\/nirigs.com\/en\/product\/creme-bouclante-cheveux-boucles-enfants-djibouti\/","title":{"rendered":"Cosmo &#8211; Cr\u00e8me bouclante cheveux boucl\u00e9s enfants"},"content":{"rendered":"<p>Notre cr\u00e8me bouclante Soft &amp; Shine Kids Shea Magic est une formule douce et nourrissante con\u00e7ue pour mettre en valeur et d\u00e9finir les cheveux boucl\u00e9s de votre enfant. Infus\u00e9e d&rsquo;huile de noix de coco, cette cr\u00e8me coiffante offre une hydratation et une d\u00e9finition durables.<\/p>\n<h4>CARACT\u00c9RISTIQUES<\/h4>\n<ul>\n<li>D\u00e9finition am\u00e9lior\u00e9e : Aide \u00e0 d\u00e9finir et \u00e0 am\u00e9liorer les boucles naturelles.<\/li>\n<li>Meilleure maniabilit\u00e9 : D\u00e9m\u00eale et lisse les cheveux, les rendant plus faciles \u00e0 coiffer.<\/li>\n<li>R\u00e9tention de l&rsquo;humidit\u00e9 : Retient l&rsquo;humidit\u00e9, \u00e9vitant la s\u00e9cheresse et les frisottis.<\/li>\n<li>Douceur et brillance : Laisse les cheveux doux, lisses et \u00e9clatants.<\/li>\n<\/ul>","protected":false},"excerpt":{"rendered":"<p>Notre cr\u00e8me bouclante Soft &amp; Shine Kids Shea Magic est une formule douce et nourrissante con\u00e7ue pour mettre en valeur<\/p>","protected":false},"featured_media":27087,"comment_status":"open","ping_status":"closed","template":"","meta":[],"pwb-brand":[1340],"product_brand":[],"product_cat":[267,1022,1115,1024],"product_tag":[],"class_list":{"0":"post-27086","1":"product","2":"type-product","3":"status-publish","4":"has-post-thumbnail","6":"pwb-brand-cosmo","7":"product_cat-beaute-et-soins","8":"product_cat-coiffures-et-soins-des-cheveux","9":"product_cat-cremes-pour-cheveux","10":"product_cat-soins-des-cheveux","12":"first","13":"instock","14":"shipping-taxable","15":"purchasable","16":"product-type-simple"},"yoast_head":"<!-- This site is optimized with the Yoast SEO plugin v27.4 - https:\/\/yoast.com\/product\/yoast-seo-wordpress\/ -->\n<title>Cosmo - Cr\u00e8me bouclante cheveux boucl\u00e9s enfants - NIRIGS<\/title>\n<meta name=\"description\" content=\"Cr\u00e8me coiffante Cosmo \u00e0 la noix de coco, douce et brillante, pour cheveux boucl\u00e9s d\u2019enfants. Commandez facilement \u00e0 Djibouti avec Nirigs.\" \/>\n<meta name=\"robots\" content=\"index, follow, max-snippet:-1, max-image-preview:large, max-video-preview:-1\" \/>\n<link rel=\"canonical\" href=\"https:\/\/nirigs.com\/en\/product\/creme-bouclante-cheveux-boucles-enfants-djibouti\/\" \/>\n<meta property=\"og:locale\" content=\"en_US\" \/>\n<meta property=\"og:type\" content=\"article\" \/>\n<meta property=\"og:title\" content=\"Cosmo - Cr\u00e8me bouclante cheveux boucl\u00e9s enfants - NIRIGS\" \/>\n<meta property=\"og:description\" content=\"Cr\u00e8me coiffante Cosmo \u00e0 la noix de coco, douce et brillante, pour cheveux boucl\u00e9s d\u2019enfants. Commandez facilement \u00e0 Djibouti avec Nirigs.\" \/>\n<meta property=\"og:url\" content=\"https:\/\/nirigs.com\/en\/product\/creme-bouclante-cheveux-boucles-enfants-djibouti\/\" \/>\n<meta property=\"og:site_name\" content=\"NIRIGS\" \/>\n<meta property=\"article:modified_time\" content=\"2026-02-11T08:03:35+00:00\" \/>\n<meta property=\"og:image\" content=\"https:\/\/nirigs.com\/wp-content\/uploads\/2025\/05\/Cosmo-Creme-bouclante-doux-et-brillant-a-la-noix-de-coco-pour-enfants-.png\" \/>\n\t<meta property=\"og:image:width\" content=\"1000\" \/>\n\t<meta property=\"og:image:height\" content=\"1000\" \/>\n\t<meta property=\"og:image:type\" content=\"image\/png\" \/>\n<meta name=\"twitter:card\" content=\"summary_large_image\" \/>\n<meta name=\"twitter:label1\" content=\"Est. reading time\" \/>\n\t<meta name=\"twitter:data1\" content=\"1 minute\" \/>\n<script type=\"application\/ld+json\" class=\"yoast-schema-graph\">{\"@context\":\"https:\\\/\\\/schema.org\",\"@graph\":[{\"@type\":\"WebPage\",\"@id\":\"https:\\\/\\\/nirigs.com\\\/product\\\/creme-bouclante-cheveux-boucles-enfants-djibouti\\\/\",\"url\":\"https:\\\/\\\/nirigs.com\\\/product\\\/creme-bouclante-cheveux-boucles-enfants-djibouti\\\/\",\"name\":\"Cosmo - Cr\u00e8me bouclante cheveux boucl\u00e9s enfants - NIRIGS\",\"isPartOf\":{\"@id\":\"https:\\\/\\\/nirigs.com\\\/#website\"},\"primaryImageOfPage\":{\"@id\":\"https:\\\/\\\/nirigs.com\\\/product\\\/creme-bouclante-cheveux-boucles-enfants-djibouti\\\/#primaryimage\"},\"image\":{\"@id\":\"https:\\\/\\\/nirigs.com\\\/product\\\/creme-bouclante-cheveux-boucles-enfants-djibouti\\\/#primaryimage\"},\"thumbnailUrl\":\"https:\\\/\\\/nirigs.com\\\/wp-content\\\/uploads\\\/2025\\\/05\\\/Cosmo-Creme-bouclante-doux-et-brillant-a-la-noix-de-coco-pour-enfants-.png\",\"datePublished\":\"2025-05-05T08:01:52+00:00\",\"dateModified\":\"2026-02-11T08:03:35+00:00\",\"description\":\"Cr\u00e8me coiffante Cosmo \u00e0 la noix de coco, douce et brillante, pour cheveux boucl\u00e9s d\u2019enfants. Commandez facilement \u00e0 Djibouti avec Nirigs.\",\"breadcrumb\":{\"@id\":\"https:\\\/\\\/nirigs.com\\\/product\\\/creme-bouclante-cheveux-boucles-enfants-djibouti\\\/#breadcrumb\"},\"inLanguage\":\"en-US\",\"potentialAction\":[{\"@type\":\"ReadAction\",\"target\":[\"https:\\\/\\\/nirigs.com\\\/product\\\/creme-bouclante-cheveux-boucles-enfants-djibouti\\\/\"]}]},{\"@type\":\"ImageObject\",\"inLanguage\":\"en-US\",\"@id\":\"https:\\\/\\\/nirigs.com\\\/product\\\/creme-bouclante-cheveux-boucles-enfants-djibouti\\\/#primaryimage\",\"url\":\"https:\\\/\\\/nirigs.com\\\/wp-content\\\/uploads\\\/2025\\\/05\\\/Cosmo-Creme-bouclante-doux-et-brillant-a-la-noix-de-coco-pour-enfants-.png\",\"contentUrl\":\"https:\\\/\\\/nirigs.com\\\/wp-content\\\/uploads\\\/2025\\\/05\\\/Cosmo-Creme-bouclante-doux-et-brillant-a-la-noix-de-coco-pour-enfants-.png\",\"width\":1000,\"height\":1000},{\"@type\":\"BreadcrumbList\",\"@id\":\"https:\\\/\\\/nirigs.com\\\/product\\\/creme-bouclante-cheveux-boucles-enfants-djibouti\\\/#breadcrumb\",\"itemListElement\":[{\"@type\":\"ListItem\",\"position\":1,\"name\":\"Home\",\"item\":\"https:\\\/\\\/nirigs.com\\\/\"},{\"@type\":\"ListItem\",\"position\":2,\"name\":\"Parcourir\",\"item\":\"https:\\\/\\\/nirigs.com\\\/boutique\\\/\"},{\"@type\":\"ListItem\",\"position\":3,\"name\":\"Cosmo &#8211; Cr\u00e8me bouclante cheveux boucl\u00e9s enfants\"}]},{\"@type\":\"WebSite\",\"@id\":\"https:\\\/\\\/nirigs.com\\\/#website\",\"url\":\"https:\\\/\\\/nirigs.com\\\/\",\"name\":\"Nirigs.com\",\"description\":\"Simplifiez vos achats du quotidien \u00e0 Djibouti\",\"publisher\":{\"@id\":\"https:\\\/\\\/nirigs.com\\\/#organization\"},\"potentialAction\":[{\"@type\":\"SearchAction\",\"target\":{\"@type\":\"EntryPoint\",\"urlTemplate\":\"https:\\\/\\\/nirigs.com\\\/?s={search_term_string}\"},\"query-input\":{\"@type\":\"PropertyValueSpecification\",\"valueRequired\":true,\"valueName\":\"search_term_string\"}}],\"inLanguage\":\"en-US\"},{\"@type\":\"Organization\",\"@id\":\"https:\\\/\\\/nirigs.com\\\/#organization\",\"name\":\"Nirigs\",\"url\":\"https:\\\/\\\/nirigs.com\\\/\",\"logo\":{\"@type\":\"ImageObject\",\"inLanguage\":\"en-US\",\"@id\":\"https:\\\/\\\/nirigs.com\\\/#\\\/schema\\\/logo\\\/image\\\/\",\"url\":\"https:\\\/\\\/nirigs.com\\\/wp-content\\\/uploads\\\/2025\\\/04\\\/Design-sans-titre-27.png\",\"contentUrl\":\"https:\\\/\\\/nirigs.com\\\/wp-content\\\/uploads\\\/2025\\\/04\\\/Design-sans-titre-27.png\",\"width\":500,\"height\":500,\"caption\":\"Nirigs\"},\"image\":{\"@id\":\"https:\\\/\\\/nirigs.com\\\/#\\\/schema\\\/logo\\\/image\\\/\"}}]}<\/script>\n<!-- \/ Yoast SEO plugin. -->","yoast_head_json":{"title":"Cosmo - Cr\u00e8me bouclante cheveux boucl\u00e9s enfants - NIRIGS","description":"Cr\u00e8me coiffante Cosmo \u00e0 la noix de coco, douce et brillante, pour cheveux boucl\u00e9s d\u2019enfants. Commandez facilement \u00e0 Djibouti avec Nirigs.","robots":{"index":"index","follow":"follow","max-snippet":"max-snippet:-1","max-image-preview":"max-image-preview:large","max-video-preview":"max-video-preview:-1"},"canonical":"https:\/\/nirigs.com\/en\/product\/creme-bouclante-cheveux-boucles-enfants-djibouti\/","og_locale":"en_US","og_type":"article","og_title":"Cosmo - Cr\u00e8me bouclante cheveux boucl\u00e9s enfants - NIRIGS","og_description":"Cr\u00e8me coiffante Cosmo \u00e0 la noix de coco, douce et brillante, pour cheveux boucl\u00e9s d\u2019enfants. Commandez facilement \u00e0 Djibouti avec Nirigs.","og_url":"https:\/\/nirigs.com\/en\/product\/creme-bouclante-cheveux-boucles-enfants-djibouti\/","og_site_name":"NIRIGS","article_modified_time":"2026-02-11T08:03:35+00:00","og_image":[{"width":1000,"height":1000,"url":"https:\/\/nirigs.com\/wp-content\/uploads\/2025\/05\/Cosmo-Creme-bouclante-doux-et-brillant-a-la-noix-de-coco-pour-enfants-.png","type":"image\/png"}],"twitter_card":"summary_large_image","twitter_misc":{"Est. reading time":"1 minute"},"schema":{"@context":"https:\/\/schema.org","@graph":[{"@type":"WebPage","@id":"https:\/\/nirigs.com\/product\/creme-bouclante-cheveux-boucles-enfants-djibouti\/","url":"https:\/\/nirigs.com\/product\/creme-bouclante-cheveux-boucles-enfants-djibouti\/","name":"Cosmo - Cr\u00e8me bouclante cheveux boucl\u00e9s enfants - NIRIGS","isPartOf":{"@id":"https:\/\/nirigs.com\/#website"},"primaryImageOfPage":{"@id":"https:\/\/nirigs.com\/product\/creme-bouclante-cheveux-boucles-enfants-djibouti\/#primaryimage"},"image":{"@id":"https:\/\/nirigs.com\/product\/creme-bouclante-cheveux-boucles-enfants-djibouti\/#primaryimage"},"thumbnailUrl":"https:\/\/nirigs.com\/wp-content\/uploads\/2025\/05\/Cosmo-Creme-bouclante-doux-et-brillant-a-la-noix-de-coco-pour-enfants-.png","datePublished":"2025-05-05T08:01:52+00:00","dateModified":"2026-02-11T08:03:35+00:00","description":"Cr\u00e8me coiffante Cosmo \u00e0 la noix de coco, douce et brillante, pour cheveux boucl\u00e9s d\u2019enfants. Commandez facilement \u00e0 Djibouti avec Nirigs.","breadcrumb":{"@id":"https:\/\/nirigs.com\/product\/creme-bouclante-cheveux-boucles-enfants-djibouti\/#breadcrumb"},"inLanguage":"en-US","potentialAction":[{"@type":"ReadAction","target":["https:\/\/nirigs.com\/product\/creme-bouclante-cheveux-boucles-enfants-djibouti\/"]}]},{"@type":"ImageObject","inLanguage":"en-US","@id":"https:\/\/nirigs.com\/product\/creme-bouclante-cheveux-boucles-enfants-djibouti\/#primaryimage","url":"https:\/\/nirigs.com\/wp-content\/uploads\/2025\/05\/Cosmo-Creme-bouclante-doux-et-brillant-a-la-noix-de-coco-pour-enfants-.png","contentUrl":"https:\/\/nirigs.com\/wp-content\/uploads\/2025\/05\/Cosmo-Creme-bouclante-doux-et-brillant-a-la-noix-de-coco-pour-enfants-.png","width":1000,"height":1000},{"@type":"BreadcrumbList","@id":"https:\/\/nirigs.com\/product\/creme-bouclante-cheveux-boucles-enfants-djibouti\/#breadcrumb","itemListElement":[{"@type":"ListItem","position":1,"name":"Home","item":"https:\/\/nirigs.com\/"},{"@type":"ListItem","position":2,"name":"Parcourir","item":"https:\/\/nirigs.com\/boutique\/"},{"@type":"ListItem","position":3,"name":"Cosmo &#8211; Cr\u00e8me bouclante cheveux boucl\u00e9s enfants"}]},{"@type":"WebSite","@id":"https:\/\/nirigs.com\/#website","url":"https:\/\/nirigs.com\/","name":"Nirigs.com","description":"Simplifiez vos achats du quotidien \u00e0 Djibouti","publisher":{"@id":"https:\/\/nirigs.com\/#organization"},"potentialAction":[{"@type":"SearchAction","target":{"@type":"EntryPoint","urlTemplate":"https:\/\/nirigs.com\/?s={search_term_string}"},"query-input":{"@type":"PropertyValueSpecification","valueRequired":true,"valueName":"search_term_string"}}],"inLanguage":"en-US"},{"@type":"Organization","@id":"https:\/\/nirigs.com\/#organization","name":"Nirigs","url":"https:\/\/nirigs.com\/","logo":{"@type":"ImageObject","inLanguage":"en-US","@id":"https:\/\/nirigs.com\/#\/schema\/logo\/image\/","url":"https:\/\/nirigs.com\/wp-content\/uploads\/2025\/04\/Design-sans-titre-27.png","contentUrl":"https:\/\/nirigs.com\/wp-content\/uploads\/2025\/04\/Design-sans-titre-27.png","width":500,"height":500,"caption":"Nirigs"},"image":{"@id":"https:\/\/nirigs.com\/#\/schema\/logo\/image\/"}}]}},"brands":[{"id":1340,"name":"Cosmo","slug":"cosmo"}],"_links":{"self":[{"href":"https:\/\/nirigs.com\/en\/wp-json\/wp\/v2\/product\/27086","targetHints":{"allow":["GET"]}}],"collection":[{"href":"https:\/\/nirigs.com\/en\/wp-json\/wp\/v2\/product"}],"about":[{"href":"https:\/\/nirigs.com\/en\/wp-json\/wp\/v2\/types\/product"}],"replies":[{"embeddable":true,"href":"https:\/\/nirigs.com\/en\/wp-json\/wp\/v2\/comments?post=27086"}],"version-history":[{"count":3,"href":"https:\/\/nirigs.com\/en\/wp-json\/wp\/v2\/product\/27086\/revisions"}],"predecessor-version":[{"id":27412,"href":"https:\/\/nirigs.com\/en\/wp-json\/wp\/v2\/product\/27086\/revisions\/27412"}],"wp:featuredmedia":[{"embeddable":true,"href":"https:\/\/nirigs.com\/en\/wp-json\/wp\/v2\/media\/27087"}],"wp:attachment":[{"href":"https:\/\/nirigs.com\/en\/wp-json\/wp\/v2\/media?parent=27086"}],"wp:term":[{"taxonomy":"pwb-brand","embeddable":true,"href":"https:\/\/nirigs.com\/en\/wp-json\/wp\/v2\/pwb-brand?post=27086"},{"taxonomy":"product_brand","embeddable":true,"href":"https:\/\/nirigs.com\/en\/wp-json\/wp\/v2\/product_brand?post=27086"},{"taxonomy":"product_cat","embeddable":true,"href":"https:\/\/nirigs.com\/en\/wp-json\/wp\/v2\/product_cat?post=27086"},{"taxonomy":"product_tag","embeddable":true,"href":"https:\/\/nirigs.com\/en\/wp-json\/wp\/v2\/product_tag?post=27086"}],"curies":[{"name":"wp","href":"https:\/\/api.w.org\/{rel}","templated":true}]}}