{"id":27082,"date":"2025-05-05T09:57:39","date_gmt":"2025-05-05T06:57:39","guid":{"rendered":"https:\/\/nirigs.com\/?post_type=product&#038;p=27082"},"modified":"2026-02-11T11:03:48","modified_gmt":"2026-02-11T08:03:48","slug":"cosmo-creme-corporelle-a-la-vitamine-e-500-ml","status":"publish","type":"product","link":"https:\/\/nirigs.com\/en\/product\/cosmo-creme-corporelle-a-la-vitamine-e-500-ml\/","title":{"rendered":"Cosmo &#8211; Cr\u00e8me corporelle \u00e0 la vitamine E &#8211; 500 ml"},"content":{"rendered":"<p>Laissez-vous tenter par les bienfaits nourrissants de notre cr\u00e8me pour le corps \u00e0 la vitamine E. Cette formule luxueuse est enrichie du pouvoir antioxydant de la vitamine E, pour une hydratation et une protection intenses de votre peau.<\/p>\n<h4>CARACT\u00c9RISTIQUES<\/h4>\n<ul>\n<li>Absorption rapide : P\u00e9n\u00e8tre rapidement dans la peau pour une hydratation instantan\u00e9e.<\/li>\n<li>Protection antioxydante : La vitamine E aide \u00e0 prot\u00e9ger la peau des dommages environnementaux et du vieillissement pr\u00e9matur\u00e9.<\/li>\n<li>Pr\u00e9vient la s\u00e9cheresse : Retient l&rsquo;humidit\u00e9, ce qui permet \u00e0 la peau de rester hydrat\u00e9e et souple.<\/li>\n<li>Douceur et souplesse : Laisse la peau douce comme de la soie et velout\u00e9e.<\/li>\n<\/ul>","protected":false},"excerpt":{"rendered":"<p>Laissez-vous tenter par les bienfaits nourrissants de notre cr\u00e8me pour le corps \u00e0 la vitamine E. Cette formule luxueuse est<\/p>","protected":false},"featured_media":27083,"comment_status":"open","ping_status":"closed","template":"","meta":[],"pwb-brand":[1340],"product_brand":[],"product_cat":[1049,267,1085,1078],"product_tag":[],"class_list":{"0":"post-27082","1":"product","2":"type-product","3":"status-publish","4":"has-post-thumbnail","6":"pwb-brand-cosmo","7":"product_cat-bain-savons-et-soin-du-corps","8":"product_cat-beaute-et-soins","9":"product_cat-cremes-pour-le-corps-soins-pour-le-corps-et-gommages","10":"product_cat-soins-pour-le-corps-et-gommages","12":"first","13":"instock","14":"shipping-taxable","15":"purchasable","16":"product-type-simple"},"yoast_head":"<!-- This site is optimized with the Yoast SEO plugin v27.1.1 - https:\/\/yoast.com\/product\/yoast-seo-wordpress\/ -->\n<title>Cosmo - Cr\u00e8me corporelle \u00e0 la vitamine E - 500 ml - NIRIGS<\/title>\n<meta name=\"description\" content=\"Cr\u00e8me corporelle Cosmo \u00e0 la vitamine E, nourrit, hydrate et laisse la peau douce. Commandez facilement \u00e0 Djibouti avec Nirigs.\" \/>\n<meta name=\"robots\" content=\"index, follow, max-snippet:-1, max-image-preview:large, max-video-preview:-1\" \/>\n<link rel=\"canonical\" href=\"https:\/\/nirigs.com\/en\/product\/cosmo-creme-corporelle-a-la-vitamine-e-500-ml\/\" \/>\n<meta property=\"og:locale\" content=\"en_US\" \/>\n<meta property=\"og:type\" content=\"article\" \/>\n<meta property=\"og:title\" content=\"Cosmo - Cr\u00e8me corporelle \u00e0 la vitamine E - 500 ml - NIRIGS\" \/>\n<meta property=\"og:description\" content=\"Cr\u00e8me corporelle Cosmo \u00e0 la vitamine E, nourrit, hydrate et laisse la peau douce. Commandez facilement \u00e0 Djibouti avec Nirigs.\" \/>\n<meta property=\"og:url\" content=\"https:\/\/nirigs.com\/en\/product\/cosmo-creme-corporelle-a-la-vitamine-e-500-ml\/\" \/>\n<meta property=\"og:site_name\" content=\"NIRIGS\" \/>\n<meta property=\"article:modified_time\" content=\"2026-02-11T08:03:48+00:00\" \/>\n<meta property=\"og:image\" content=\"https:\/\/nirigs.com\/wp-content\/uploads\/2025\/05\/Cosmo-Creme-corporelle-a-la-vitamine-E-500-ml.png\" \/>\n\t<meta property=\"og:image:width\" content=\"1000\" \/>\n\t<meta property=\"og:image:height\" content=\"1000\" \/>\n\t<meta property=\"og:image:type\" content=\"image\/png\" \/>\n<meta name=\"twitter:card\" content=\"summary_large_image\" \/>\n<meta name=\"twitter:label1\" content=\"Est. reading time\" \/>\n\t<meta name=\"twitter:data1\" content=\"1 minute\" \/>\n<script type=\"application\/ld+json\" class=\"yoast-schema-graph\">{\"@context\":\"https:\/\/schema.org\",\"@graph\":[{\"@type\":\"WebPage\",\"@id\":\"https:\/\/nirigs.com\/product\/cosmo-creme-corporelle-a-la-vitamine-e-500-ml\/\",\"url\":\"https:\/\/nirigs.com\/product\/cosmo-creme-corporelle-a-la-vitamine-e-500-ml\/\",\"name\":\"Cosmo - Cr\u00e8me corporelle \u00e0 la vitamine E - 500 ml - NIRIGS\",\"isPartOf\":{\"@id\":\"https:\/\/nirigs.com\/#website\"},\"primaryImageOfPage\":{\"@id\":\"https:\/\/nirigs.com\/product\/cosmo-creme-corporelle-a-la-vitamine-e-500-ml\/#primaryimage\"},\"image\":{\"@id\":\"https:\/\/nirigs.com\/product\/cosmo-creme-corporelle-a-la-vitamine-e-500-ml\/#primaryimage\"},\"thumbnailUrl\":\"https:\/\/nirigs.com\/wp-content\/uploads\/2025\/05\/Cosmo-Creme-corporelle-a-la-vitamine-E-500-ml.png\",\"datePublished\":\"2025-05-05T06:57:39+00:00\",\"dateModified\":\"2026-02-11T08:03:48+00:00\",\"description\":\"Cr\u00e8me corporelle Cosmo \u00e0 la vitamine E, nourrit, hydrate et laisse la peau douce. Commandez facilement \u00e0 Djibouti avec Nirigs.\",\"breadcrumb\":{\"@id\":\"https:\/\/nirigs.com\/product\/cosmo-creme-corporelle-a-la-vitamine-e-500-ml\/#breadcrumb\"},\"inLanguage\":\"en-US\",\"potentialAction\":[{\"@type\":\"ReadAction\",\"target\":[\"https:\/\/nirigs.com\/product\/cosmo-creme-corporelle-a-la-vitamine-e-500-ml\/\"]}]},{\"@type\":\"ImageObject\",\"inLanguage\":\"en-US\",\"@id\":\"https:\/\/nirigs.com\/product\/cosmo-creme-corporelle-a-la-vitamine-e-500-ml\/#primaryimage\",\"url\":\"https:\/\/nirigs.com\/wp-content\/uploads\/2025\/05\/Cosmo-Creme-corporelle-a-la-vitamine-E-500-ml.png\",\"contentUrl\":\"https:\/\/nirigs.com\/wp-content\/uploads\/2025\/05\/Cosmo-Creme-corporelle-a-la-vitamine-E-500-ml.png\",\"width\":1000,\"height\":1000},{\"@type\":\"BreadcrumbList\",\"@id\":\"https:\/\/nirigs.com\/product\/cosmo-creme-corporelle-a-la-vitamine-e-500-ml\/#breadcrumb\",\"itemListElement\":[{\"@type\":\"ListItem\",\"position\":1,\"name\":\"Home\",\"item\":\"https:\/\/nirigs.com\/\"},{\"@type\":\"ListItem\",\"position\":2,\"name\":\"Parcourir\",\"item\":\"https:\/\/nirigs.com\/boutique\/\"},{\"@type\":\"ListItem\",\"position\":3,\"name\":\"Cosmo &#8211; Cr\u00e8me corporelle \u00e0 la vitamine E &#8211; 500 ml\"}]},{\"@type\":\"WebSite\",\"@id\":\"https:\/\/nirigs.com\/#website\",\"url\":\"https:\/\/nirigs.com\/\",\"name\":\"Nirigs.com\",\"description\":\"Simplifiez vos achats du quotidien \u00e0 Djibouti\",\"publisher\":{\"@id\":\"https:\/\/nirigs.com\/#organization\"},\"potentialAction\":[{\"@type\":\"SearchAction\",\"target\":{\"@type\":\"EntryPoint\",\"urlTemplate\":\"https:\/\/nirigs.com\/?s={search_term_string}\"},\"query-input\":{\"@type\":\"PropertyValueSpecification\",\"valueRequired\":true,\"valueName\":\"search_term_string\"}}],\"inLanguage\":\"en-US\"},{\"@type\":\"Organization\",\"@id\":\"https:\/\/nirigs.com\/#organization\",\"name\":\"Nirigs\",\"url\":\"https:\/\/nirigs.com\/\",\"logo\":{\"@type\":\"ImageObject\",\"inLanguage\":\"en-US\",\"@id\":\"https:\/\/nirigs.com\/#\/schema\/logo\/image\/\",\"url\":\"https:\/\/nirigs.com\/wp-content\/uploads\/2025\/04\/Design-sans-titre-27.png\",\"contentUrl\":\"https:\/\/nirigs.com\/wp-content\/uploads\/2025\/04\/Design-sans-titre-27.png\",\"width\":500,\"height\":500,\"caption\":\"Nirigs\"},\"image\":{\"@id\":\"https:\/\/nirigs.com\/#\/schema\/logo\/image\/\"}}]}<\/script>\n<!-- \/ Yoast SEO plugin. -->","yoast_head_json":{"title":"Cosmo - Cr\u00e8me corporelle \u00e0 la vitamine E - 500 ml - NIRIGS","description":"Cr\u00e8me corporelle Cosmo \u00e0 la vitamine E, nourrit, hydrate et laisse la peau douce. Commandez facilement \u00e0 Djibouti avec Nirigs.","robots":{"index":"index","follow":"follow","max-snippet":"max-snippet:-1","max-image-preview":"max-image-preview:large","max-video-preview":"max-video-preview:-1"},"canonical":"https:\/\/nirigs.com\/en\/product\/cosmo-creme-corporelle-a-la-vitamine-e-500-ml\/","og_locale":"en_US","og_type":"article","og_title":"Cosmo - Cr\u00e8me corporelle \u00e0 la vitamine E - 500 ml - NIRIGS","og_description":"Cr\u00e8me corporelle Cosmo \u00e0 la vitamine E, nourrit, hydrate et laisse la peau douce. Commandez facilement \u00e0 Djibouti avec Nirigs.","og_url":"https:\/\/nirigs.com\/en\/product\/cosmo-creme-corporelle-a-la-vitamine-e-500-ml\/","og_site_name":"NIRIGS","article_modified_time":"2026-02-11T08:03:48+00:00","og_image":[{"width":1000,"height":1000,"url":"https:\/\/nirigs.com\/wp-content\/uploads\/2025\/05\/Cosmo-Creme-corporelle-a-la-vitamine-E-500-ml.png","type":"image\/png"}],"twitter_card":"summary_large_image","twitter_misc":{"Est. reading time":"1 minute"},"schema":{"@context":"https:\/\/schema.org","@graph":[{"@type":"WebPage","@id":"https:\/\/nirigs.com\/product\/cosmo-creme-corporelle-a-la-vitamine-e-500-ml\/","url":"https:\/\/nirigs.com\/product\/cosmo-creme-corporelle-a-la-vitamine-e-500-ml\/","name":"Cosmo - Cr\u00e8me corporelle \u00e0 la vitamine E - 500 ml - NIRIGS","isPartOf":{"@id":"https:\/\/nirigs.com\/#website"},"primaryImageOfPage":{"@id":"https:\/\/nirigs.com\/product\/cosmo-creme-corporelle-a-la-vitamine-e-500-ml\/#primaryimage"},"image":{"@id":"https:\/\/nirigs.com\/product\/cosmo-creme-corporelle-a-la-vitamine-e-500-ml\/#primaryimage"},"thumbnailUrl":"https:\/\/nirigs.com\/wp-content\/uploads\/2025\/05\/Cosmo-Creme-corporelle-a-la-vitamine-E-500-ml.png","datePublished":"2025-05-05T06:57:39+00:00","dateModified":"2026-02-11T08:03:48+00:00","description":"Cr\u00e8me corporelle Cosmo \u00e0 la vitamine E, nourrit, hydrate et laisse la peau douce. Commandez facilement \u00e0 Djibouti avec Nirigs.","breadcrumb":{"@id":"https:\/\/nirigs.com\/product\/cosmo-creme-corporelle-a-la-vitamine-e-500-ml\/#breadcrumb"},"inLanguage":"en-US","potentialAction":[{"@type":"ReadAction","target":["https:\/\/nirigs.com\/product\/cosmo-creme-corporelle-a-la-vitamine-e-500-ml\/"]}]},{"@type":"ImageObject","inLanguage":"en-US","@id":"https:\/\/nirigs.com\/product\/cosmo-creme-corporelle-a-la-vitamine-e-500-ml\/#primaryimage","url":"https:\/\/nirigs.com\/wp-content\/uploads\/2025\/05\/Cosmo-Creme-corporelle-a-la-vitamine-E-500-ml.png","contentUrl":"https:\/\/nirigs.com\/wp-content\/uploads\/2025\/05\/Cosmo-Creme-corporelle-a-la-vitamine-E-500-ml.png","width":1000,"height":1000},{"@type":"BreadcrumbList","@id":"https:\/\/nirigs.com\/product\/cosmo-creme-corporelle-a-la-vitamine-e-500-ml\/#breadcrumb","itemListElement":[{"@type":"ListItem","position":1,"name":"Home","item":"https:\/\/nirigs.com\/"},{"@type":"ListItem","position":2,"name":"Parcourir","item":"https:\/\/nirigs.com\/boutique\/"},{"@type":"ListItem","position":3,"name":"Cosmo &#8211; Cr\u00e8me corporelle \u00e0 la vitamine E &#8211; 500 ml"}]},{"@type":"WebSite","@id":"https:\/\/nirigs.com\/#website","url":"https:\/\/nirigs.com\/","name":"Nirigs.com","description":"Simplifiez vos achats du quotidien \u00e0 Djibouti","publisher":{"@id":"https:\/\/nirigs.com\/#organization"},"potentialAction":[{"@type":"SearchAction","target":{"@type":"EntryPoint","urlTemplate":"https:\/\/nirigs.com\/?s={search_term_string}"},"query-input":{"@type":"PropertyValueSpecification","valueRequired":true,"valueName":"search_term_string"}}],"inLanguage":"en-US"},{"@type":"Organization","@id":"https:\/\/nirigs.com\/#organization","name":"Nirigs","url":"https:\/\/nirigs.com\/","logo":{"@type":"ImageObject","inLanguage":"en-US","@id":"https:\/\/nirigs.com\/#\/schema\/logo\/image\/","url":"https:\/\/nirigs.com\/wp-content\/uploads\/2025\/04\/Design-sans-titre-27.png","contentUrl":"https:\/\/nirigs.com\/wp-content\/uploads\/2025\/04\/Design-sans-titre-27.png","width":500,"height":500,"caption":"Nirigs"},"image":{"@id":"https:\/\/nirigs.com\/#\/schema\/logo\/image\/"}}]}},"brands":[{"id":1340,"name":"Cosmo","slug":"cosmo"}],"_links":{"self":[{"href":"https:\/\/nirigs.com\/en\/wp-json\/wp\/v2\/product\/27082","targetHints":{"allow":["GET"]}}],"collection":[{"href":"https:\/\/nirigs.com\/en\/wp-json\/wp\/v2\/product"}],"about":[{"href":"https:\/\/nirigs.com\/en\/wp-json\/wp\/v2\/types\/product"}],"replies":[{"embeddable":true,"href":"https:\/\/nirigs.com\/en\/wp-json\/wp\/v2\/comments?post=27082"}],"version-history":[{"count":2,"href":"https:\/\/nirigs.com\/en\/wp-json\/wp\/v2\/product\/27082\/revisions"}],"predecessor-version":[{"id":27413,"href":"https:\/\/nirigs.com\/en\/wp-json\/wp\/v2\/product\/27082\/revisions\/27413"}],"wp:featuredmedia":[{"embeddable":true,"href":"https:\/\/nirigs.com\/en\/wp-json\/wp\/v2\/media\/27083"}],"wp:attachment":[{"href":"https:\/\/nirigs.com\/en\/wp-json\/wp\/v2\/media?parent=27082"}],"wp:term":[{"taxonomy":"pwb-brand","embeddable":true,"href":"https:\/\/nirigs.com\/en\/wp-json\/wp\/v2\/pwb-brand?post=27082"},{"taxonomy":"product_brand","embeddable":true,"href":"https:\/\/nirigs.com\/en\/wp-json\/wp\/v2\/product_brand?post=27082"},{"taxonomy":"product_cat","embeddable":true,"href":"https:\/\/nirigs.com\/en\/wp-json\/wp\/v2\/product_cat?post=27082"},{"taxonomy":"product_tag","embeddable":true,"href":"https:\/\/nirigs.com\/en\/wp-json\/wp\/v2\/product_tag?post=27082"}],"curies":[{"name":"wp","href":"https:\/\/api.w.org\/{rel}","templated":true}]}}