{"id":27066,"date":"2025-05-05T09:11:30","date_gmt":"2025-05-05T06:11:30","guid":{"rendered":"https:\/\/nirigs.com\/?post_type=product&#038;p=27066"},"modified":"2026-02-11T11:15:38","modified_gmt":"2026-02-11T08:15:38","slug":"cosmo-shampooing-colorant-pour-cheveux-noirs-naturels-180-ml","status":"publish","type":"product","link":"https:\/\/nirigs.com\/en\/product\/cosmo-shampooing-colorant-pour-cheveux-noirs-naturels-180-ml\/","title":{"rendered":"Cosmo &#8211; Shampooing colorant pour cheveux noirs naturels &#8211; 180 ml"},"content":{"rendered":"<p data-start=\"441\" data-end=\"846\">Notre shampooing colorant Cosmo pour cheveux noirs naturels est sp\u00e9cialement formul\u00e9 pour offrir une <strong data-start=\"542\" data-end=\"571\">couleur riche et uniforme<\/strong>, tout en prenant soin des cheveux. Enrichi en <strong data-start=\"618\" data-end=\"646\">ingr\u00e9dients nourrissants<\/strong>, il <strong data-start=\"651\" data-end=\"704\">prot\u00e8ge, renforce et apporte brillance et douceur<\/strong> \u00e0 chaque utilisation. Sa formule pratique et douce convient pour un <strong data-start=\"773\" data-end=\"793\">usage \u00e0 domicile<\/strong>, garantissant une coloration naturelle et \u00e9clatante.<\/p>\n<h4 data-start=\"853\" data-end=\"894\"><strong data-start=\"856\" data-end=\"892\">\u00a0Caract\u00e9ristiques principales<\/strong><\/h4>\n<ul data-start=\"895\" data-end=\"1187\">\n<li data-start=\"895\" data-end=\"972\">\n<p data-start=\"897\" data-end=\"972\"><strong data-start=\"897\" data-end=\"933\">Coloration naturelle et uniforme<\/strong> : Teinte noire profonde et brillante<\/p>\n<\/li>\n<li data-start=\"973\" data-end=\"1055\">\n<p data-start=\"975\" data-end=\"1055\"><strong data-start=\"975\" data-end=\"997\">Soin et protection<\/strong> : Nourrit et renforce les cheveux pendant la coloration<\/p>\n<\/li>\n<li data-start=\"1056\" data-end=\"1120\">\n<p data-start=\"1058\" data-end=\"1120\"><strong data-start=\"1058\" data-end=\"1082\">Brillance et douceur<\/strong> : Cheveux doux, lisses et \u00e9clatants<\/p>\n<\/li>\n<li data-start=\"1121\" data-end=\"1187\">\n<p data-start=\"1123\" data-end=\"1187\"><strong data-start=\"1123\" data-end=\"1144\">Facile \u00e0 utiliser<\/strong> : Formule pratique pour usage \u00e0 domicile<\/p>\n<\/li>\n<\/ul>\n<h4 data-start=\"1194\" data-end=\"1220\"><strong data-start=\"1197\" data-end=\"1218\">Mode d\u2019emploi<\/strong><\/h4>\n<ol data-start=\"1221\" data-end=\"1583\">\n<li data-start=\"1221\" data-end=\"1335\">\n<p data-start=\"1224\" data-end=\"1335\"><strong data-start=\"1224\" data-end=\"1248\">Mouillez vos cheveux<\/strong> et appliquez une quantit\u00e9 suffisante de shampooing colorant sur les cheveux humides.<\/p>\n<\/li>\n<li data-start=\"1336\" data-end=\"1400\">\n<p data-start=\"1339\" data-end=\"1400\"><strong data-start=\"1339\" data-end=\"1359\">Massez doucement<\/strong> pour r\u00e9partir uniform\u00e9ment la couleur.<\/p>\n<\/li>\n<li data-start=\"1401\" data-end=\"1472\">\n<p data-start=\"1404\" data-end=\"1472\"><strong data-start=\"1404\" data-end=\"1420\">Laissez agir<\/strong> pendant 5 \u00e0 10 minutes selon l\u2019intensit\u00e9 d\u00e9sir\u00e9e.<\/p>\n<\/li>\n<li data-start=\"1473\" data-end=\"1548\">\n<p data-start=\"1476\" data-end=\"1548\"><strong data-start=\"1476\" data-end=\"1498\">Rincez abondamment<\/strong> \u00e0 l\u2019eau ti\u00e8de jusqu\u2019\u00e0 ce que l\u2019eau soit claire.<\/p>\n<\/li>\n<li data-start=\"1549\" data-end=\"1583\">\n<p data-start=\"1552\" data-end=\"1583\"><strong data-start=\"1552\" data-end=\"1580\">Coiffez comme d\u2019habitude<\/strong>.<\/p>\n<\/li>\n<\/ol>\n<blockquote data-start=\"1584\" data-end=\"1679\">\n<p data-start=\"1586\" data-end=\"1679\">\u26a0\ufe0f \u00c9vitez tout contact avec les yeux. En cas de contact, rincer imm\u00e9diatement \u00e0 l\u2019eau claire.<\/p>\n<\/blockquote>","protected":false},"excerpt":{"rendered":"<p>Notre shampooing colorant Cosmo pour cheveux noirs naturels est sp\u00e9cialement formul\u00e9 pour offrir une couleur riche et uniforme, tout en<\/p>","protected":false},"featured_media":27067,"comment_status":"open","ping_status":"closed","template":"","meta":[],"pwb-brand":[1340],"product_brand":[],"product_cat":[267,1022,1096,1026,1024],"product_tag":[],"class_list":{"0":"post-27066","1":"product","2":"type-product","3":"status-publish","4":"has-post-thumbnail","6":"pwb-brand-cosmo","7":"product_cat-beaute-et-soins","8":"product_cat-coiffures-et-soins-des-cheveux","9":"product_cat-colorations","10":"product_cat-shampooings","11":"product_cat-soins-des-cheveux","13":"first","14":"instock","15":"shipping-taxable","16":"purchasable","17":"product-type-simple"},"yoast_head":"<!-- This site is optimized with the Yoast SEO plugin v27.1.1 - https:\/\/yoast.com\/product\/yoast-seo-wordpress\/ -->\n<title>Cosmo - Shampooing colorant pour cheveux noirs naturels - 180 ml - NIRIGS<\/title>\n<meta name=\"description\" content=\"Shampooing colorant Cosmo pour cheveux noirs naturels, colore uniform\u00e9ment, nourrit et renforce les cheveux. Commandez facilement \u00e0 Djibouti avec Nirigs.\" \/>\n<meta name=\"robots\" content=\"index, follow, max-snippet:-1, max-image-preview:large, max-video-preview:-1\" \/>\n<link rel=\"canonical\" href=\"https:\/\/nirigs.com\/en\/product\/cosmo-shampooing-colorant-pour-cheveux-noirs-naturels-180-ml\/\" \/>\n<meta property=\"og:locale\" content=\"en_US\" \/>\n<meta property=\"og:type\" content=\"article\" \/>\n<meta property=\"og:title\" content=\"Cosmo - Shampooing colorant pour cheveux noirs naturels - 180 ml - NIRIGS\" \/>\n<meta property=\"og:description\" content=\"Shampooing colorant Cosmo pour cheveux noirs naturels, colore uniform\u00e9ment, nourrit et renforce les cheveux. Commandez facilement \u00e0 Djibouti avec Nirigs.\" \/>\n<meta property=\"og:url\" content=\"https:\/\/nirigs.com\/en\/product\/cosmo-shampooing-colorant-pour-cheveux-noirs-naturels-180-ml\/\" \/>\n<meta property=\"og:site_name\" content=\"NIRIGS\" \/>\n<meta property=\"article:modified_time\" content=\"2026-02-11T08:15:38+00:00\" \/>\n<meta property=\"og:image\" content=\"https:\/\/nirigs.com\/wp-content\/uploads\/2025\/05\/Shampooing-colorant-pour-cheveux-noirs-naturels.png\" \/>\n\t<meta property=\"og:image:width\" content=\"1000\" \/>\n\t<meta property=\"og:image:height\" content=\"1000\" \/>\n\t<meta property=\"og:image:type\" content=\"image\/png\" \/>\n<meta name=\"twitter:card\" content=\"summary_large_image\" \/>\n<meta name=\"twitter:label1\" content=\"Est. reading time\" \/>\n\t<meta name=\"twitter:data1\" content=\"1 minute\" \/>\n<script type=\"application\/ld+json\" class=\"yoast-schema-graph\">{\"@context\":\"https:\/\/schema.org\",\"@graph\":[{\"@type\":\"WebPage\",\"@id\":\"https:\/\/nirigs.com\/product\/cosmo-shampooing-colorant-pour-cheveux-noirs-naturels-180-ml\/\",\"url\":\"https:\/\/nirigs.com\/product\/cosmo-shampooing-colorant-pour-cheveux-noirs-naturels-180-ml\/\",\"name\":\"Cosmo - Shampooing colorant pour cheveux noirs naturels - 180 ml - NIRIGS\",\"isPartOf\":{\"@id\":\"https:\/\/nirigs.com\/#website\"},\"primaryImageOfPage\":{\"@id\":\"https:\/\/nirigs.com\/product\/cosmo-shampooing-colorant-pour-cheveux-noirs-naturels-180-ml\/#primaryimage\"},\"image\":{\"@id\":\"https:\/\/nirigs.com\/product\/cosmo-shampooing-colorant-pour-cheveux-noirs-naturels-180-ml\/#primaryimage\"},\"thumbnailUrl\":\"https:\/\/nirigs.com\/wp-content\/uploads\/2025\/05\/Shampooing-colorant-pour-cheveux-noirs-naturels.png\",\"datePublished\":\"2025-05-05T06:11:30+00:00\",\"dateModified\":\"2026-02-11T08:15:38+00:00\",\"description\":\"Shampooing colorant Cosmo pour cheveux noirs naturels, colore uniform\u00e9ment, nourrit et renforce les cheveux. Commandez facilement \u00e0 Djibouti avec Nirigs.\",\"breadcrumb\":{\"@id\":\"https:\/\/nirigs.com\/product\/cosmo-shampooing-colorant-pour-cheveux-noirs-naturels-180-ml\/#breadcrumb\"},\"inLanguage\":\"en-US\",\"potentialAction\":[{\"@type\":\"ReadAction\",\"target\":[\"https:\/\/nirigs.com\/product\/cosmo-shampooing-colorant-pour-cheveux-noirs-naturels-180-ml\/\"]}]},{\"@type\":\"ImageObject\",\"inLanguage\":\"en-US\",\"@id\":\"https:\/\/nirigs.com\/product\/cosmo-shampooing-colorant-pour-cheveux-noirs-naturels-180-ml\/#primaryimage\",\"url\":\"https:\/\/nirigs.com\/wp-content\/uploads\/2025\/05\/Shampooing-colorant-pour-cheveux-noirs-naturels.png\",\"contentUrl\":\"https:\/\/nirigs.com\/wp-content\/uploads\/2025\/05\/Shampooing-colorant-pour-cheveux-noirs-naturels.png\",\"width\":1000,\"height\":1000},{\"@type\":\"BreadcrumbList\",\"@id\":\"https:\/\/nirigs.com\/product\/cosmo-shampooing-colorant-pour-cheveux-noirs-naturels-180-ml\/#breadcrumb\",\"itemListElement\":[{\"@type\":\"ListItem\",\"position\":1,\"name\":\"Home\",\"item\":\"https:\/\/nirigs.com\/\"},{\"@type\":\"ListItem\",\"position\":2,\"name\":\"Parcourir\",\"item\":\"https:\/\/nirigs.com\/boutique\/\"},{\"@type\":\"ListItem\",\"position\":3,\"name\":\"Cosmo &#8211; Shampooing colorant pour cheveux noirs naturels &#8211; 180 ml\"}]},{\"@type\":\"WebSite\",\"@id\":\"https:\/\/nirigs.com\/#website\",\"url\":\"https:\/\/nirigs.com\/\",\"name\":\"Nirigs.com\",\"description\":\"Simplifiez vos achats du quotidien \u00e0 Djibouti\",\"publisher\":{\"@id\":\"https:\/\/nirigs.com\/#organization\"},\"potentialAction\":[{\"@type\":\"SearchAction\",\"target\":{\"@type\":\"EntryPoint\",\"urlTemplate\":\"https:\/\/nirigs.com\/?s={search_term_string}\"},\"query-input\":{\"@type\":\"PropertyValueSpecification\",\"valueRequired\":true,\"valueName\":\"search_term_string\"}}],\"inLanguage\":\"en-US\"},{\"@type\":\"Organization\",\"@id\":\"https:\/\/nirigs.com\/#organization\",\"name\":\"Nirigs\",\"url\":\"https:\/\/nirigs.com\/\",\"logo\":{\"@type\":\"ImageObject\",\"inLanguage\":\"en-US\",\"@id\":\"https:\/\/nirigs.com\/#\/schema\/logo\/image\/\",\"url\":\"https:\/\/nirigs.com\/wp-content\/uploads\/2025\/04\/Design-sans-titre-27.png\",\"contentUrl\":\"https:\/\/nirigs.com\/wp-content\/uploads\/2025\/04\/Design-sans-titre-27.png\",\"width\":500,\"height\":500,\"caption\":\"Nirigs\"},\"image\":{\"@id\":\"https:\/\/nirigs.com\/#\/schema\/logo\/image\/\"}}]}<\/script>\n<!-- \/ Yoast SEO plugin. -->","yoast_head_json":{"title":"Cosmo - Shampooing colorant pour cheveux noirs naturels - 180 ml - NIRIGS","description":"Shampooing colorant Cosmo pour cheveux noirs naturels, colore uniform\u00e9ment, nourrit et renforce les cheveux. Commandez facilement \u00e0 Djibouti avec Nirigs.","robots":{"index":"index","follow":"follow","max-snippet":"max-snippet:-1","max-image-preview":"max-image-preview:large","max-video-preview":"max-video-preview:-1"},"canonical":"https:\/\/nirigs.com\/en\/product\/cosmo-shampooing-colorant-pour-cheveux-noirs-naturels-180-ml\/","og_locale":"en_US","og_type":"article","og_title":"Cosmo - Shampooing colorant pour cheveux noirs naturels - 180 ml - NIRIGS","og_description":"Shampooing colorant Cosmo pour cheveux noirs naturels, colore uniform\u00e9ment, nourrit et renforce les cheveux. Commandez facilement \u00e0 Djibouti avec Nirigs.","og_url":"https:\/\/nirigs.com\/en\/product\/cosmo-shampooing-colorant-pour-cheveux-noirs-naturels-180-ml\/","og_site_name":"NIRIGS","article_modified_time":"2026-02-11T08:15:38+00:00","og_image":[{"width":1000,"height":1000,"url":"https:\/\/nirigs.com\/wp-content\/uploads\/2025\/05\/Shampooing-colorant-pour-cheveux-noirs-naturels.png","type":"image\/png"}],"twitter_card":"summary_large_image","twitter_misc":{"Est. reading time":"1 minute"},"schema":{"@context":"https:\/\/schema.org","@graph":[{"@type":"WebPage","@id":"https:\/\/nirigs.com\/product\/cosmo-shampooing-colorant-pour-cheveux-noirs-naturels-180-ml\/","url":"https:\/\/nirigs.com\/product\/cosmo-shampooing-colorant-pour-cheveux-noirs-naturels-180-ml\/","name":"Cosmo - Shampooing colorant pour cheveux noirs naturels - 180 ml - NIRIGS","isPartOf":{"@id":"https:\/\/nirigs.com\/#website"},"primaryImageOfPage":{"@id":"https:\/\/nirigs.com\/product\/cosmo-shampooing-colorant-pour-cheveux-noirs-naturels-180-ml\/#primaryimage"},"image":{"@id":"https:\/\/nirigs.com\/product\/cosmo-shampooing-colorant-pour-cheveux-noirs-naturels-180-ml\/#primaryimage"},"thumbnailUrl":"https:\/\/nirigs.com\/wp-content\/uploads\/2025\/05\/Shampooing-colorant-pour-cheveux-noirs-naturels.png","datePublished":"2025-05-05T06:11:30+00:00","dateModified":"2026-02-11T08:15:38+00:00","description":"Shampooing colorant Cosmo pour cheveux noirs naturels, colore uniform\u00e9ment, nourrit et renforce les cheveux. Commandez facilement \u00e0 Djibouti avec Nirigs.","breadcrumb":{"@id":"https:\/\/nirigs.com\/product\/cosmo-shampooing-colorant-pour-cheveux-noirs-naturels-180-ml\/#breadcrumb"},"inLanguage":"en-US","potentialAction":[{"@type":"ReadAction","target":["https:\/\/nirigs.com\/product\/cosmo-shampooing-colorant-pour-cheveux-noirs-naturels-180-ml\/"]}]},{"@type":"ImageObject","inLanguage":"en-US","@id":"https:\/\/nirigs.com\/product\/cosmo-shampooing-colorant-pour-cheveux-noirs-naturels-180-ml\/#primaryimage","url":"https:\/\/nirigs.com\/wp-content\/uploads\/2025\/05\/Shampooing-colorant-pour-cheveux-noirs-naturels.png","contentUrl":"https:\/\/nirigs.com\/wp-content\/uploads\/2025\/05\/Shampooing-colorant-pour-cheveux-noirs-naturels.png","width":1000,"height":1000},{"@type":"BreadcrumbList","@id":"https:\/\/nirigs.com\/product\/cosmo-shampooing-colorant-pour-cheveux-noirs-naturels-180-ml\/#breadcrumb","itemListElement":[{"@type":"ListItem","position":1,"name":"Home","item":"https:\/\/nirigs.com\/"},{"@type":"ListItem","position":2,"name":"Parcourir","item":"https:\/\/nirigs.com\/boutique\/"},{"@type":"ListItem","position":3,"name":"Cosmo &#8211; Shampooing colorant pour cheveux noirs naturels &#8211; 180 ml"}]},{"@type":"WebSite","@id":"https:\/\/nirigs.com\/#website","url":"https:\/\/nirigs.com\/","name":"Nirigs.com","description":"Simplifiez vos achats du quotidien \u00e0 Djibouti","publisher":{"@id":"https:\/\/nirigs.com\/#organization"},"potentialAction":[{"@type":"SearchAction","target":{"@type":"EntryPoint","urlTemplate":"https:\/\/nirigs.com\/?s={search_term_string}"},"query-input":{"@type":"PropertyValueSpecification","valueRequired":true,"valueName":"search_term_string"}}],"inLanguage":"en-US"},{"@type":"Organization","@id":"https:\/\/nirigs.com\/#organization","name":"Nirigs","url":"https:\/\/nirigs.com\/","logo":{"@type":"ImageObject","inLanguage":"en-US","@id":"https:\/\/nirigs.com\/#\/schema\/logo\/image\/","url":"https:\/\/nirigs.com\/wp-content\/uploads\/2025\/04\/Design-sans-titre-27.png","contentUrl":"https:\/\/nirigs.com\/wp-content\/uploads\/2025\/04\/Design-sans-titre-27.png","width":500,"height":500,"caption":"Nirigs"},"image":{"@id":"https:\/\/nirigs.com\/#\/schema\/logo\/image\/"}}]}},"brands":[{"id":1340,"name":"Cosmo","slug":"cosmo"}],"_links":{"self":[{"href":"https:\/\/nirigs.com\/en\/wp-json\/wp\/v2\/product\/27066","targetHints":{"allow":["GET"]}}],"collection":[{"href":"https:\/\/nirigs.com\/en\/wp-json\/wp\/v2\/product"}],"about":[{"href":"https:\/\/nirigs.com\/en\/wp-json\/wp\/v2\/types\/product"}],"replies":[{"embeddable":true,"href":"https:\/\/nirigs.com\/en\/wp-json\/wp\/v2\/comments?post=27066"}],"version-history":[{"count":4,"href":"https:\/\/nirigs.com\/en\/wp-json\/wp\/v2\/product\/27066\/revisions"}],"predecessor-version":[{"id":27414,"href":"https:\/\/nirigs.com\/en\/wp-json\/wp\/v2\/product\/27066\/revisions\/27414"}],"wp:featuredmedia":[{"embeddable":true,"href":"https:\/\/nirigs.com\/en\/wp-json\/wp\/v2\/media\/27067"}],"wp:attachment":[{"href":"https:\/\/nirigs.com\/en\/wp-json\/wp\/v2\/media?parent=27066"}],"wp:term":[{"taxonomy":"pwb-brand","embeddable":true,"href":"https:\/\/nirigs.com\/en\/wp-json\/wp\/v2\/pwb-brand?post=27066"},{"taxonomy":"product_brand","embeddable":true,"href":"https:\/\/nirigs.com\/en\/wp-json\/wp\/v2\/product_brand?post=27066"},{"taxonomy":"product_cat","embeddable":true,"href":"https:\/\/nirigs.com\/en\/wp-json\/wp\/v2\/product_cat?post=27066"},{"taxonomy":"product_tag","embeddable":true,"href":"https:\/\/nirigs.com\/en\/wp-json\/wp\/v2\/product_tag?post=27066"}],"curies":[{"name":"wp","href":"https:\/\/api.w.org\/{rel}","templated":true}]}}