{"id":26613,"date":"2024-10-24T20:28:56","date_gmt":"2024-10-24T17:28:56","guid":{"rendered":"https:\/\/nirigs.com\/?post_type=product&#038;p=26613"},"modified":"2026-02-11T11:24:53","modified_gmt":"2026-02-11T08:24:53","slug":"haribo-phantasia-100-g","status":"publish","type":"product","link":"https:\/\/nirigs.com\/en\/product\/haribo-phantasia-100-g\/","title":{"rendered":"Haribo &#8211; Phantasia &#8211; 100 g"},"content":{"rendered":"<p>Les Haribo Phantasia sont des bonbons g\u00e9lifi\u00e9s aux formes amusantes et vari\u00e9es, inspir\u00e9es de l&rsquo;univers fantastique. Avec leur texture moelleuse et leurs multiples saveurs fruit\u00e9es, ils raviront les petits et les grands pour des moments de plaisir gourmand. Ce format de 100 g est id\u00e9al pour un snack rapide ou pour partager entre amis.<\/p>\n<h4><strong>Ingredients:<\/strong><\/h4>\n<p>Sirop de glucose, sucre, g\u00e9latine, dextrose, acidifiant (acide citrique), ar\u00f4mes, concentr\u00e9s de fruits et de plantes (safran, spiruline, carotte, cassis, pomme, citron), agent d\u2019enrobage (cire d\u2019abeille blanche et jaune, cire de carnauba), colorants (E100, E120, E141, E160c).<\/p>\n<h4><strong>Advantages :<\/strong><\/h4>\n<ul>\n<li><strong>Saveurs vari\u00e9es :<\/strong> Des bonbons aux go\u00fbts fruit\u00e9s multiples pour tous les palais.<\/li>\n<li><strong>Formes ludiques :<\/strong> Des bonbons aux formes amusantes pour le plaisir visuel et gustatif.<\/li>\n<li><strong>Texture moelleuse :<\/strong> Facile \u00e0 m\u00e2cher et agr\u00e9able en bouche.<\/li>\n<li><strong>Practical :<\/strong> Format de 100 g parfait pour un en-cas ou \u00e0 partager.<\/li>\n<\/ul>\n<h4><strong>Manual :<\/strong><\/h4>\n<ul>\n<li>\u00c0 d\u00e9guster \u00e0 tout moment de la journ\u00e9e, en collation ou pour accompagner un moment convivial.<\/li>\n<\/ul>\n<h4><strong>Conseils d&rsquo;utilisation :<\/strong><\/h4>\n<ul>\n<li>Peut \u00eatre partag\u00e9 lors de f\u00eates, pauses gourmandes ou utilis\u00e9 pour garnir des desserts.<\/li>\n<li>\u00c0 conserver dans un endroit frais et sec.<\/li>\n<\/ul>","protected":false},"excerpt":{"rendered":"<p>Les Haribo Phantasia sont des bonbons g\u00e9lifi\u00e9s aux formes amusantes et vari\u00e9es, inspir\u00e9es de l&rsquo;univers fantastique. Avec leur texture moelleuse<\/p>","protected":false},"featured_media":26620,"comment_status":"open","ping_status":"closed","template":"","meta":[],"pwb-brand":[1328],"product_brand":[],"product_cat":[1129,1126,275],"product_tag":[],"class_list":{"0":"post-26613","1":"product","2":"type-product","3":"status-publish","4":"has-post-thumbnail","6":"pwb-brand-haribo","7":"product_cat-confiseries-chewing-gums","8":"product_cat-en-cas-et-friandises","9":"product_cat-epicerie","11":"first","12":"instock","13":"shipping-taxable","14":"purchasable","15":"product-type-simple"},"yoast_head":"<!-- This site is optimized with the Yoast SEO plugin v27.4 - https:\/\/yoast.com\/product\/yoast-seo-wordpress\/ -->\n<title>Haribo - Phantasia - 100 g - NIRIGS<\/title>\n<meta name=\"description\" content=\"Haribo Phantasia 100 g, bonbons g\u00e9lifi\u00e9s fruit\u00e9s et color\u00e9s, parfaits pour petits et grands. Commandez facilement \u00e0 Djibouti avec Nirigs.\" \/>\n<meta name=\"robots\" content=\"index, follow, max-snippet:-1, max-image-preview:large, max-video-preview:-1\" \/>\n<link rel=\"canonical\" href=\"https:\/\/nirigs.com\/en\/product\/haribo-phantasia-100-g\/\" \/>\n<meta property=\"og:locale\" content=\"en_US\" \/>\n<meta property=\"og:type\" content=\"article\" \/>\n<meta property=\"og:title\" content=\"Haribo - Phantasia - 100 g - NIRIGS\" \/>\n<meta property=\"og:description\" content=\"Haribo Phantasia 100 g, bonbons g\u00e9lifi\u00e9s fruit\u00e9s et color\u00e9s, parfaits pour petits et grands. Commandez facilement \u00e0 Djibouti avec Nirigs.\" \/>\n<meta property=\"og:url\" content=\"https:\/\/nirigs.com\/en\/product\/haribo-phantasia-100-g\/\" \/>\n<meta property=\"og:site_name\" content=\"NIRIGS\" \/>\n<meta property=\"article:modified_time\" content=\"2026-02-11T08:24:53+00:00\" \/>\n<meta property=\"og:image\" content=\"https:\/\/nirigs.com\/wp-content\/uploads\/2024\/10\/Haribo-Phantasia-100-g.jpg\" \/>\n\t<meta property=\"og:image:width\" content=\"1000\" \/>\n\t<meta property=\"og:image:height\" content=\"1000\" \/>\n\t<meta property=\"og:image:type\" content=\"image\/jpeg\" \/>\n<meta name=\"twitter:card\" content=\"summary_large_image\" \/>\n<meta name=\"twitter:label1\" content=\"Est. reading time\" \/>\n\t<meta name=\"twitter:data1\" content=\"2 minutes\" \/>\n<script type=\"application\/ld+json\" class=\"yoast-schema-graph\">{\"@context\":\"https:\\\/\\\/schema.org\",\"@graph\":[{\"@type\":\"WebPage\",\"@id\":\"https:\\\/\\\/nirigs.com\\\/product\\\/haribo-phantasia-100-g\\\/\",\"url\":\"https:\\\/\\\/nirigs.com\\\/product\\\/haribo-phantasia-100-g\\\/\",\"name\":\"Haribo - Phantasia - 100 g - NIRIGS\",\"isPartOf\":{\"@id\":\"https:\\\/\\\/nirigs.com\\\/#website\"},\"primaryImageOfPage\":{\"@id\":\"https:\\\/\\\/nirigs.com\\\/product\\\/haribo-phantasia-100-g\\\/#primaryimage\"},\"image\":{\"@id\":\"https:\\\/\\\/nirigs.com\\\/product\\\/haribo-phantasia-100-g\\\/#primaryimage\"},\"thumbnailUrl\":\"https:\\\/\\\/nirigs.com\\\/wp-content\\\/uploads\\\/2024\\\/10\\\/Haribo-Phantasia-100-g.jpg\",\"datePublished\":\"2024-10-24T17:28:56+00:00\",\"dateModified\":\"2026-02-11T08:24:53+00:00\",\"description\":\"Haribo Phantasia 100 g, bonbons g\u00e9lifi\u00e9s fruit\u00e9s et color\u00e9s, parfaits pour petits et grands. Commandez facilement \u00e0 Djibouti avec Nirigs.\",\"breadcrumb\":{\"@id\":\"https:\\\/\\\/nirigs.com\\\/product\\\/haribo-phantasia-100-g\\\/#breadcrumb\"},\"inLanguage\":\"en-US\",\"potentialAction\":[{\"@type\":\"ReadAction\",\"target\":[\"https:\\\/\\\/nirigs.com\\\/product\\\/haribo-phantasia-100-g\\\/\"]}]},{\"@type\":\"ImageObject\",\"inLanguage\":\"en-US\",\"@id\":\"https:\\\/\\\/nirigs.com\\\/product\\\/haribo-phantasia-100-g\\\/#primaryimage\",\"url\":\"https:\\\/\\\/nirigs.com\\\/wp-content\\\/uploads\\\/2024\\\/10\\\/Haribo-Phantasia-100-g.jpg\",\"contentUrl\":\"https:\\\/\\\/nirigs.com\\\/wp-content\\\/uploads\\\/2024\\\/10\\\/Haribo-Phantasia-100-g.jpg\",\"width\":1000,\"height\":1000},{\"@type\":\"BreadcrumbList\",\"@id\":\"https:\\\/\\\/nirigs.com\\\/product\\\/haribo-phantasia-100-g\\\/#breadcrumb\",\"itemListElement\":[{\"@type\":\"ListItem\",\"position\":1,\"name\":\"Home\",\"item\":\"https:\\\/\\\/nirigs.com\\\/\"},{\"@type\":\"ListItem\",\"position\":2,\"name\":\"Parcourir\",\"item\":\"https:\\\/\\\/nirigs.com\\\/boutique\\\/\"},{\"@type\":\"ListItem\",\"position\":3,\"name\":\"Haribo &#8211; Phantasia &#8211; 100 g\"}]},{\"@type\":\"WebSite\",\"@id\":\"https:\\\/\\\/nirigs.com\\\/#website\",\"url\":\"https:\\\/\\\/nirigs.com\\\/\",\"name\":\"Nirigs.com\",\"description\":\"Simplifiez vos achats du quotidien \u00e0 Djibouti\",\"publisher\":{\"@id\":\"https:\\\/\\\/nirigs.com\\\/#organization\"},\"potentialAction\":[{\"@type\":\"SearchAction\",\"target\":{\"@type\":\"EntryPoint\",\"urlTemplate\":\"https:\\\/\\\/nirigs.com\\\/?s={search_term_string}\"},\"query-input\":{\"@type\":\"PropertyValueSpecification\",\"valueRequired\":true,\"valueName\":\"search_term_string\"}}],\"inLanguage\":\"en-US\"},{\"@type\":\"Organization\",\"@id\":\"https:\\\/\\\/nirigs.com\\\/#organization\",\"name\":\"Nirigs\",\"url\":\"https:\\\/\\\/nirigs.com\\\/\",\"logo\":{\"@type\":\"ImageObject\",\"inLanguage\":\"en-US\",\"@id\":\"https:\\\/\\\/nirigs.com\\\/#\\\/schema\\\/logo\\\/image\\\/\",\"url\":\"https:\\\/\\\/nirigs.com\\\/wp-content\\\/uploads\\\/2025\\\/04\\\/Design-sans-titre-27.png\",\"contentUrl\":\"https:\\\/\\\/nirigs.com\\\/wp-content\\\/uploads\\\/2025\\\/04\\\/Design-sans-titre-27.png\",\"width\":500,\"height\":500,\"caption\":\"Nirigs\"},\"image\":{\"@id\":\"https:\\\/\\\/nirigs.com\\\/#\\\/schema\\\/logo\\\/image\\\/\"}}]}<\/script>\n<!-- \/ Yoast SEO plugin. -->","yoast_head_json":{"title":"Haribo - Phantasia - 100 g - NIRIGS","description":"Haribo Phantasia 100 g, bonbons g\u00e9lifi\u00e9s fruit\u00e9s et color\u00e9s, parfaits pour petits et grands. Commandez facilement \u00e0 Djibouti avec Nirigs.","robots":{"index":"index","follow":"follow","max-snippet":"max-snippet:-1","max-image-preview":"max-image-preview:large","max-video-preview":"max-video-preview:-1"},"canonical":"https:\/\/nirigs.com\/en\/product\/haribo-phantasia-100-g\/","og_locale":"en_US","og_type":"article","og_title":"Haribo - Phantasia - 100 g - NIRIGS","og_description":"Haribo Phantasia 100 g, bonbons g\u00e9lifi\u00e9s fruit\u00e9s et color\u00e9s, parfaits pour petits et grands. Commandez facilement \u00e0 Djibouti avec Nirigs.","og_url":"https:\/\/nirigs.com\/en\/product\/haribo-phantasia-100-g\/","og_site_name":"NIRIGS","article_modified_time":"2026-02-11T08:24:53+00:00","og_image":[{"width":1000,"height":1000,"url":"https:\/\/nirigs.com\/wp-content\/uploads\/2024\/10\/Haribo-Phantasia-100-g.jpg","type":"image\/jpeg"}],"twitter_card":"summary_large_image","twitter_misc":{"Est. reading time":"2 minutes"},"schema":{"@context":"https:\/\/schema.org","@graph":[{"@type":"WebPage","@id":"https:\/\/nirigs.com\/product\/haribo-phantasia-100-g\/","url":"https:\/\/nirigs.com\/product\/haribo-phantasia-100-g\/","name":"Haribo - Phantasia - 100 g - NIRIGS","isPartOf":{"@id":"https:\/\/nirigs.com\/#website"},"primaryImageOfPage":{"@id":"https:\/\/nirigs.com\/product\/haribo-phantasia-100-g\/#primaryimage"},"image":{"@id":"https:\/\/nirigs.com\/product\/haribo-phantasia-100-g\/#primaryimage"},"thumbnailUrl":"https:\/\/nirigs.com\/wp-content\/uploads\/2024\/10\/Haribo-Phantasia-100-g.jpg","datePublished":"2024-10-24T17:28:56+00:00","dateModified":"2026-02-11T08:24:53+00:00","description":"Haribo Phantasia 100 g, bonbons g\u00e9lifi\u00e9s fruit\u00e9s et color\u00e9s, parfaits pour petits et grands. Commandez facilement \u00e0 Djibouti avec Nirigs.","breadcrumb":{"@id":"https:\/\/nirigs.com\/product\/haribo-phantasia-100-g\/#breadcrumb"},"inLanguage":"en-US","potentialAction":[{"@type":"ReadAction","target":["https:\/\/nirigs.com\/product\/haribo-phantasia-100-g\/"]}]},{"@type":"ImageObject","inLanguage":"en-US","@id":"https:\/\/nirigs.com\/product\/haribo-phantasia-100-g\/#primaryimage","url":"https:\/\/nirigs.com\/wp-content\/uploads\/2024\/10\/Haribo-Phantasia-100-g.jpg","contentUrl":"https:\/\/nirigs.com\/wp-content\/uploads\/2024\/10\/Haribo-Phantasia-100-g.jpg","width":1000,"height":1000},{"@type":"BreadcrumbList","@id":"https:\/\/nirigs.com\/product\/haribo-phantasia-100-g\/#breadcrumb","itemListElement":[{"@type":"ListItem","position":1,"name":"Home","item":"https:\/\/nirigs.com\/"},{"@type":"ListItem","position":2,"name":"Parcourir","item":"https:\/\/nirigs.com\/boutique\/"},{"@type":"ListItem","position":3,"name":"Haribo &#8211; Phantasia &#8211; 100 g"}]},{"@type":"WebSite","@id":"https:\/\/nirigs.com\/#website","url":"https:\/\/nirigs.com\/","name":"Nirigs.com","description":"Simplifiez vos achats du quotidien \u00e0 Djibouti","publisher":{"@id":"https:\/\/nirigs.com\/#organization"},"potentialAction":[{"@type":"SearchAction","target":{"@type":"EntryPoint","urlTemplate":"https:\/\/nirigs.com\/?s={search_term_string}"},"query-input":{"@type":"PropertyValueSpecification","valueRequired":true,"valueName":"search_term_string"}}],"inLanguage":"en-US"},{"@type":"Organization","@id":"https:\/\/nirigs.com\/#organization","name":"Nirigs","url":"https:\/\/nirigs.com\/","logo":{"@type":"ImageObject","inLanguage":"en-US","@id":"https:\/\/nirigs.com\/#\/schema\/logo\/image\/","url":"https:\/\/nirigs.com\/wp-content\/uploads\/2025\/04\/Design-sans-titre-27.png","contentUrl":"https:\/\/nirigs.com\/wp-content\/uploads\/2025\/04\/Design-sans-titre-27.png","width":500,"height":500,"caption":"Nirigs"},"image":{"@id":"https:\/\/nirigs.com\/#\/schema\/logo\/image\/"}}]}},"brands":[{"id":1328,"name":"Haribo","slug":"haribo"}],"_links":{"self":[{"href":"https:\/\/nirigs.com\/en\/wp-json\/wp\/v2\/product\/26613","targetHints":{"allow":["GET"]}}],"collection":[{"href":"https:\/\/nirigs.com\/en\/wp-json\/wp\/v2\/product"}],"about":[{"href":"https:\/\/nirigs.com\/en\/wp-json\/wp\/v2\/types\/product"}],"replies":[{"embeddable":true,"href":"https:\/\/nirigs.com\/en\/wp-json\/wp\/v2\/comments?post=26613"}],"version-history":[{"count":2,"href":"https:\/\/nirigs.com\/en\/wp-json\/wp\/v2\/product\/26613\/revisions"}],"predecessor-version":[{"id":26621,"href":"https:\/\/nirigs.com\/en\/wp-json\/wp\/v2\/product\/26613\/revisions\/26621"}],"wp:featuredmedia":[{"embeddable":true,"href":"https:\/\/nirigs.com\/en\/wp-json\/wp\/v2\/media\/26620"}],"wp:attachment":[{"href":"https:\/\/nirigs.com\/en\/wp-json\/wp\/v2\/media?parent=26613"}],"wp:term":[{"taxonomy":"pwb-brand","embeddable":true,"href":"https:\/\/nirigs.com\/en\/wp-json\/wp\/v2\/pwb-brand?post=26613"},{"taxonomy":"product_brand","embeddable":true,"href":"https:\/\/nirigs.com\/en\/wp-json\/wp\/v2\/product_brand?post=26613"},{"taxonomy":"product_cat","embeddable":true,"href":"https:\/\/nirigs.com\/en\/wp-json\/wp\/v2\/product_cat?post=26613"},{"taxonomy":"product_tag","embeddable":true,"href":"https:\/\/nirigs.com\/en\/wp-json\/wp\/v2\/product_tag?post=26613"}],"curies":[{"name":"wp","href":"https:\/\/api.w.org\/{rel}","templated":true}]}}