{"id":26576,"date":"2024-10-24T19:35:42","date_gmt":"2024-10-24T16:35:42","guid":{"rendered":"https:\/\/nirigs.com\/?post_type=product&#038;p=26576"},"modified":"2026-02-11T11:44:52","modified_gmt":"2026-02-11T08:44:52","slug":"solti-sel-de-table-700-g","status":"publish","type":"product","link":"https:\/\/nirigs.com\/en\/product\/solti-sel-de-table-700-g\/","title":{"rendered":"Solti - Table salt - 700 g"},"content":{"rendered":"<p>Le Sel de table Solti est un sel fin, parfait pour assaisonner vos plats du quotidien. Il peut \u00eatre utilis\u00e9 en cuisine pour saler vos recettes ou \u00e0 table pour ajuster l\u2019assaisonnement selon vos go\u00fbts. Pr\u00e9sent\u00e9 dans un format pratique de 700 g, il offre une grande quantit\u00e9 pour un usage r\u00e9gulier, aussi bien pour les particuliers que pour les professionnels.<\/p>\n<h4><strong>Ingredients:<\/strong><\/h4>\n<p>Sel de table, antiagglom\u00e9rant (E535).<\/p>\n<h4><strong>Advantages :<\/strong><\/h4>\n<ul>\n<li><strong>Usage polyvalent :<\/strong> Id\u00e9al pour assaisonner, cuire, et mariner vos plats.<\/li>\n<li><strong>Format \u00e9conomique :<\/strong> 700 g, parfait pour une utilisation prolong\u00e9e en cuisine.<\/li>\n<li><strong>Practical :<\/strong> Facile \u00e0 doser, peut \u00eatre utilis\u00e9 aussi bien \u00e0 table qu&rsquo;en cuisine.<\/li>\n<li><strong>Puret\u00e9 et qualit\u00e9 :<\/strong> Un sel raffin\u00e9 et fin pour une distribution homog\u00e8ne.<\/li>\n<\/ul>\n<h4><strong>Manual :<\/strong><\/h4>\n<ul>\n<li>Utiliser pour assaisonner vos plats selon vos go\u00fbts, avant, pendant ou apr\u00e8s cuisson.<\/li>\n<\/ul>\n<h4><strong>Conseils d&rsquo;utilisation :<\/strong><\/h4>\n<ul>\n<li>\u00c0 conserver dans un endroit sec pour \u00e9viter l&rsquo;humidit\u00e9.<\/li>\n<li>Refermer le paquet apr\u00e8s chaque utilisation pour pr\u00e9server la qualit\u00e9 du sel.<\/li>\n<\/ul>","protected":false},"excerpt":{"rendered":"<p>Le Sel de table Solti est un sel fin, parfait pour assaisonner vos plats du quotidien. Il peut \u00eatre utilis\u00e9<\/p>","protected":false},"featured_media":26580,"comment_status":"open","ping_status":"closed","template":"","meta":[],"pwb-brand":[1325],"product_brand":[],"product_cat":[275,1294,969],"product_tag":[],"class_list":{"0":"post-26576","1":"product","2":"type-product","3":"status-publish","4":"has-post-thumbnail","6":"pwb-brand-solti","7":"product_cat-epicerie","8":"product_cat-sels","9":"product_cat-sels-poivres-et-epices","11":"first","12":"instock","13":"shipping-taxable","14":"purchasable","15":"product-type-simple"},"yoast_head":"<!-- This site is optimized with the Yoast SEO plugin v27.1.1 - https:\/\/yoast.com\/product\/yoast-seo-wordpress\/ -->\n<title>Solti - Sel de table - 700 g - NIRIGS<\/title>\n<meta name=\"description\" content=\"Sel de table Solti 700 g, sel fin et pur, id\u00e9al pour saler, cuire ou mariner vos plats. Commandez facilement \u00e0 Djibouti avec Nirigs.\" \/>\n<meta name=\"robots\" content=\"index, follow, max-snippet:-1, max-image-preview:large, max-video-preview:-1\" \/>\n<link rel=\"canonical\" href=\"https:\/\/nirigs.com\/en\/product\/solti-sel-de-table-700-g\/\" \/>\n<meta property=\"og:locale\" content=\"en_US\" \/>\n<meta property=\"og:type\" content=\"article\" \/>\n<meta property=\"og:title\" content=\"Solti - Sel de table - 700 g - NIRIGS\" \/>\n<meta property=\"og:description\" content=\"Sel de table Solti 700 g, sel fin et pur, id\u00e9al pour saler, cuire ou mariner vos plats. Commandez facilement \u00e0 Djibouti avec Nirigs.\" \/>\n<meta property=\"og:url\" content=\"https:\/\/nirigs.com\/en\/product\/solti-sel-de-table-700-g\/\" \/>\n<meta property=\"og:site_name\" content=\"NIRIGS\" \/>\n<meta property=\"article:modified_time\" content=\"2026-02-11T08:44:52+00:00\" \/>\n<meta property=\"og:image\" content=\"https:\/\/nirigs.com\/wp-content\/uploads\/2024\/10\/Solti-Sel-de-table-700-g.jpg\" \/>\n\t<meta property=\"og:image:width\" content=\"1000\" \/>\n\t<meta property=\"og:image:height\" content=\"1000\" \/>\n\t<meta property=\"og:image:type\" content=\"image\/jpeg\" \/>\n<meta name=\"twitter:card\" content=\"summary_large_image\" \/>\n<meta name=\"twitter:label1\" content=\"Est. reading time\" \/>\n\t<meta name=\"twitter:data1\" content=\"1 minute\" \/>\n<script type=\"application\/ld+json\" class=\"yoast-schema-graph\">{\"@context\":\"https:\/\/schema.org\",\"@graph\":[{\"@type\":\"WebPage\",\"@id\":\"https:\/\/nirigs.com\/product\/solti-sel-de-table-700-g\/\",\"url\":\"https:\/\/nirigs.com\/product\/solti-sel-de-table-700-g\/\",\"name\":\"Solti - Sel de table - 700 g - NIRIGS\",\"isPartOf\":{\"@id\":\"https:\/\/nirigs.com\/#website\"},\"primaryImageOfPage\":{\"@id\":\"https:\/\/nirigs.com\/product\/solti-sel-de-table-700-g\/#primaryimage\"},\"image\":{\"@id\":\"https:\/\/nirigs.com\/product\/solti-sel-de-table-700-g\/#primaryimage\"},\"thumbnailUrl\":\"https:\/\/nirigs.com\/wp-content\/uploads\/2024\/10\/Solti-Sel-de-table-700-g.jpg\",\"datePublished\":\"2024-10-24T16:35:42+00:00\",\"dateModified\":\"2026-02-11T08:44:52+00:00\",\"description\":\"Sel de table Solti 700 g, sel fin et pur, id\u00e9al pour saler, cuire ou mariner vos plats. Commandez facilement \u00e0 Djibouti avec Nirigs.\",\"breadcrumb\":{\"@id\":\"https:\/\/nirigs.com\/product\/solti-sel-de-table-700-g\/#breadcrumb\"},\"inLanguage\":\"en-US\",\"potentialAction\":[{\"@type\":\"ReadAction\",\"target\":[\"https:\/\/nirigs.com\/product\/solti-sel-de-table-700-g\/\"]}]},{\"@type\":\"ImageObject\",\"inLanguage\":\"en-US\",\"@id\":\"https:\/\/nirigs.com\/product\/solti-sel-de-table-700-g\/#primaryimage\",\"url\":\"https:\/\/nirigs.com\/wp-content\/uploads\/2024\/10\/Solti-Sel-de-table-700-g.jpg\",\"contentUrl\":\"https:\/\/nirigs.com\/wp-content\/uploads\/2024\/10\/Solti-Sel-de-table-700-g.jpg\",\"width\":1000,\"height\":1000},{\"@type\":\"BreadcrumbList\",\"@id\":\"https:\/\/nirigs.com\/product\/solti-sel-de-table-700-g\/#breadcrumb\",\"itemListElement\":[{\"@type\":\"ListItem\",\"position\":1,\"name\":\"Home\",\"item\":\"https:\/\/nirigs.com\/\"},{\"@type\":\"ListItem\",\"position\":2,\"name\":\"Parcourir\",\"item\":\"https:\/\/nirigs.com\/boutique\/\"},{\"@type\":\"ListItem\",\"position\":3,\"name\":\"Solti &#8211; Sel de table &#8211; 700 g\"}]},{\"@type\":\"WebSite\",\"@id\":\"https:\/\/nirigs.com\/#website\",\"url\":\"https:\/\/nirigs.com\/\",\"name\":\"Nirigs.com\",\"description\":\"Simplifiez vos achats du quotidien \u00e0 Djibouti\",\"publisher\":{\"@id\":\"https:\/\/nirigs.com\/#organization\"},\"potentialAction\":[{\"@type\":\"SearchAction\",\"target\":{\"@type\":\"EntryPoint\",\"urlTemplate\":\"https:\/\/nirigs.com\/?s={search_term_string}\"},\"query-input\":{\"@type\":\"PropertyValueSpecification\",\"valueRequired\":true,\"valueName\":\"search_term_string\"}}],\"inLanguage\":\"en-US\"},{\"@type\":\"Organization\",\"@id\":\"https:\/\/nirigs.com\/#organization\",\"name\":\"Nirigs\",\"url\":\"https:\/\/nirigs.com\/\",\"logo\":{\"@type\":\"ImageObject\",\"inLanguage\":\"en-US\",\"@id\":\"https:\/\/nirigs.com\/#\/schema\/logo\/image\/\",\"url\":\"https:\/\/nirigs.com\/wp-content\/uploads\/2025\/04\/Design-sans-titre-27.png\",\"contentUrl\":\"https:\/\/nirigs.com\/wp-content\/uploads\/2025\/04\/Design-sans-titre-27.png\",\"width\":500,\"height\":500,\"caption\":\"Nirigs\"},\"image\":{\"@id\":\"https:\/\/nirigs.com\/#\/schema\/logo\/image\/\"}}]}<\/script>\n<!-- \/ Yoast SEO plugin. -->","yoast_head_json":{"title":"Solti - Sel de table - 700 g - NIRIGS","description":"Sel de table Solti 700 g, sel fin et pur, id\u00e9al pour saler, cuire ou mariner vos plats. Commandez facilement \u00e0 Djibouti avec Nirigs.","robots":{"index":"index","follow":"follow","max-snippet":"max-snippet:-1","max-image-preview":"max-image-preview:large","max-video-preview":"max-video-preview:-1"},"canonical":"https:\/\/nirigs.com\/en\/product\/solti-sel-de-table-700-g\/","og_locale":"en_US","og_type":"article","og_title":"Solti - Sel de table - 700 g - NIRIGS","og_description":"Sel de table Solti 700 g, sel fin et pur, id\u00e9al pour saler, cuire ou mariner vos plats. Commandez facilement \u00e0 Djibouti avec Nirigs.","og_url":"https:\/\/nirigs.com\/en\/product\/solti-sel-de-table-700-g\/","og_site_name":"NIRIGS","article_modified_time":"2026-02-11T08:44:52+00:00","og_image":[{"width":1000,"height":1000,"url":"https:\/\/nirigs.com\/wp-content\/uploads\/2024\/10\/Solti-Sel-de-table-700-g.jpg","type":"image\/jpeg"}],"twitter_card":"summary_large_image","twitter_misc":{"Est. reading time":"1 minute"},"schema":{"@context":"https:\/\/schema.org","@graph":[{"@type":"WebPage","@id":"https:\/\/nirigs.com\/product\/solti-sel-de-table-700-g\/","url":"https:\/\/nirigs.com\/product\/solti-sel-de-table-700-g\/","name":"Solti - Sel de table - 700 g - NIRIGS","isPartOf":{"@id":"https:\/\/nirigs.com\/#website"},"primaryImageOfPage":{"@id":"https:\/\/nirigs.com\/product\/solti-sel-de-table-700-g\/#primaryimage"},"image":{"@id":"https:\/\/nirigs.com\/product\/solti-sel-de-table-700-g\/#primaryimage"},"thumbnailUrl":"https:\/\/nirigs.com\/wp-content\/uploads\/2024\/10\/Solti-Sel-de-table-700-g.jpg","datePublished":"2024-10-24T16:35:42+00:00","dateModified":"2026-02-11T08:44:52+00:00","description":"Sel de table Solti 700 g, sel fin et pur, id\u00e9al pour saler, cuire ou mariner vos plats. Commandez facilement \u00e0 Djibouti avec Nirigs.","breadcrumb":{"@id":"https:\/\/nirigs.com\/product\/solti-sel-de-table-700-g\/#breadcrumb"},"inLanguage":"en-US","potentialAction":[{"@type":"ReadAction","target":["https:\/\/nirigs.com\/product\/solti-sel-de-table-700-g\/"]}]},{"@type":"ImageObject","inLanguage":"en-US","@id":"https:\/\/nirigs.com\/product\/solti-sel-de-table-700-g\/#primaryimage","url":"https:\/\/nirigs.com\/wp-content\/uploads\/2024\/10\/Solti-Sel-de-table-700-g.jpg","contentUrl":"https:\/\/nirigs.com\/wp-content\/uploads\/2024\/10\/Solti-Sel-de-table-700-g.jpg","width":1000,"height":1000},{"@type":"BreadcrumbList","@id":"https:\/\/nirigs.com\/product\/solti-sel-de-table-700-g\/#breadcrumb","itemListElement":[{"@type":"ListItem","position":1,"name":"Home","item":"https:\/\/nirigs.com\/"},{"@type":"ListItem","position":2,"name":"Parcourir","item":"https:\/\/nirigs.com\/boutique\/"},{"@type":"ListItem","position":3,"name":"Solti &#8211; Sel de table &#8211; 700 g"}]},{"@type":"WebSite","@id":"https:\/\/nirigs.com\/#website","url":"https:\/\/nirigs.com\/","name":"Nirigs.com","description":"Simplifiez vos achats du quotidien \u00e0 Djibouti","publisher":{"@id":"https:\/\/nirigs.com\/#organization"},"potentialAction":[{"@type":"SearchAction","target":{"@type":"EntryPoint","urlTemplate":"https:\/\/nirigs.com\/?s={search_term_string}"},"query-input":{"@type":"PropertyValueSpecification","valueRequired":true,"valueName":"search_term_string"}}],"inLanguage":"en-US"},{"@type":"Organization","@id":"https:\/\/nirigs.com\/#organization","name":"Nirigs","url":"https:\/\/nirigs.com\/","logo":{"@type":"ImageObject","inLanguage":"en-US","@id":"https:\/\/nirigs.com\/#\/schema\/logo\/image\/","url":"https:\/\/nirigs.com\/wp-content\/uploads\/2025\/04\/Design-sans-titre-27.png","contentUrl":"https:\/\/nirigs.com\/wp-content\/uploads\/2025\/04\/Design-sans-titre-27.png","width":500,"height":500,"caption":"Nirigs"},"image":{"@id":"https:\/\/nirigs.com\/#\/schema\/logo\/image\/"}}]}},"brands":[{"id":1325,"name":"Solti","slug":"solti"}],"_links":{"self":[{"href":"https:\/\/nirigs.com\/en\/wp-json\/wp\/v2\/product\/26576","targetHints":{"allow":["GET"]}}],"collection":[{"href":"https:\/\/nirigs.com\/en\/wp-json\/wp\/v2\/product"}],"about":[{"href":"https:\/\/nirigs.com\/en\/wp-json\/wp\/v2\/types\/product"}],"replies":[{"embeddable":true,"href":"https:\/\/nirigs.com\/en\/wp-json\/wp\/v2\/comments?post=26576"}],"version-history":[{"count":3,"href":"https:\/\/nirigs.com\/en\/wp-json\/wp\/v2\/product\/26576\/revisions"}],"predecessor-version":[{"id":26579,"href":"https:\/\/nirigs.com\/en\/wp-json\/wp\/v2\/product\/26576\/revisions\/26579"}],"wp:featuredmedia":[{"embeddable":true,"href":"https:\/\/nirigs.com\/en\/wp-json\/wp\/v2\/media\/26580"}],"wp:attachment":[{"href":"https:\/\/nirigs.com\/en\/wp-json\/wp\/v2\/media?parent=26576"}],"wp:term":[{"taxonomy":"pwb-brand","embeddable":true,"href":"https:\/\/nirigs.com\/en\/wp-json\/wp\/v2\/pwb-brand?post=26576"},{"taxonomy":"product_brand","embeddable":true,"href":"https:\/\/nirigs.com\/en\/wp-json\/wp\/v2\/product_brand?post=26576"},{"taxonomy":"product_cat","embeddable":true,"href":"https:\/\/nirigs.com\/en\/wp-json\/wp\/v2\/product_cat?post=26576"},{"taxonomy":"product_tag","embeddable":true,"href":"https:\/\/nirigs.com\/en\/wp-json\/wp\/v2\/product_tag?post=26576"}],"curies":[{"name":"wp","href":"https:\/\/api.w.org\/{rel}","templated":true}]}}