{"id":26501,"date":"2024-10-24T17:35:45","date_gmt":"2024-10-24T14:35:45","guid":{"rendered":"https:\/\/nirigs.com\/?post_type=product&#038;p=26501"},"modified":"2026-02-11T12:02:29","modified_gmt":"2026-02-11T09:02:29","slug":"dentifrice-signal-white-now","status":"publish","type":"product","link":"https:\/\/nirigs.com\/en\/product\/dentifrice-signal-white-now\/","title":{"rendered":"Signal - White now toothpaste - 75 ml"},"content":{"rendered":"<p>Le Dentifrice Signal White Now est sp\u00e9cialement con\u00e7u pour un effet blancheur imm\u00e9diat d\u00e8s le premier brossage. Gr\u00e2ce \u00e0 sa technologie Blue Light brevet\u00e9e, il offre une action imm\u00e9diate pour des dents visiblement plus blanches tout en aidant \u00e0 \u00e9liminer progressivement les taches en surface, pour un sourire \u00e9clatant et lumineux.<\/p>\n<h4><strong>Ingredients:<\/strong><\/h4>\n<p>Aqua, Hydrated Silica, Sorbitol, Glycerin, Sodium Lauryl Sulfate, PEG-32, Cellulose Gum, Aroma, Sodium Fluoride (1450 ppm de fluor), CI 74160, Sodium Saccharin, Titanium Dioxide, Limonene.<\/p>\n<h4><strong>Advantages :<\/strong><\/h4>\n<ul>\n<li><strong>Blancheur imm\u00e9diate :<\/strong> Gr\u00e2ce \u00e0 la technologie Blue Light, il offre un effet blanchissant instantan\u00e9 d\u00e8s la premi\u00e8re utilisation.<\/li>\n<li><strong>Protection compl\u00e8te :<\/strong> En plus de blanchir, il prot\u00e8ge les dents contre les caries gr\u00e2ce \u00e0 sa teneur en fluor.<\/li>\n<li><strong>Go\u00fbt agr\u00e9able et frais :<\/strong> Pour une sensation de fra\u00eecheur longue dur\u00e9e apr\u00e8s chaque brossage.<\/li>\n<li><strong>Usage quotidien :<\/strong> Formule douce pour une utilisation r\u00e9guli\u00e8re sans ab\u00eemer l&rsquo;\u00e9mail.<\/li>\n<\/ul>\n<h4><strong>Manual :<\/strong><\/h4>\n<ul>\n<li>Brosser les dents apr\u00e8s chaque repas, ou au moins deux fois par jour, pendant deux minutes.<\/li>\n<li>Utiliser une petite quantit\u00e9 de dentifrice.<\/li>\n<li>Ne pas avaler.<\/li>\n<\/ul>\n<h4><strong>Precautions for use :<\/strong><\/h4>\n<ul>\n<li>Ce dentifrice est con\u00e7u pour un usage quotidien.<\/li>\n<li>Ne convient pas aux enfants de moins de 7 ans.<\/li>\n<li>Conserver hors de la port\u00e9e des enfants.<\/li>\n<\/ul>","protected":false},"excerpt":{"rendered":"<p>Le Dentifrice Signal White Now est sp\u00e9cialement con\u00e7u pour un effet blancheur imm\u00e9diat d\u00e8s le premier brossage. Gr\u00e2ce \u00e0 sa<\/p>","protected":false},"featured_media":26507,"comment_status":"open","ping_status":"closed","template":"","meta":[],"pwb-brand":[835],"product_brand":[],"product_cat":[267,1184,1183,1088],"product_tag":[],"class_list":{"0":"post-26501","1":"product","2":"type-product","3":"status-publish","4":"has-post-thumbnail","6":"pwb-brand-signal","7":"product_cat-beaute-et-soins","8":"product_cat-dentifrices","9":"product_cat-hygiene-dentaire","10":"product_cat-hygiene-et-sante","12":"first","13":"instock","14":"shipping-taxable","15":"purchasable","16":"product-type-simple"},"yoast_head":"<!-- This site is optimized with the Yoast SEO plugin v27.4 - https:\/\/yoast.com\/product\/yoast-seo-wordpress\/ -->\n<title>Signal - Dentifrice white now - 75 ml - NIRIGS<\/title>\n<meta name=\"description\" content=\"Effet blancheur imm\u00e9diat d\u00e8s le premier brossage. Prot\u00e8ge les dents et assure un sourire \u00e9clatant. Commandez en ligne facilement avec Nirigs \u00e0 Djibouti.\" \/>\n<meta name=\"robots\" content=\"index, follow, max-snippet:-1, max-image-preview:large, max-video-preview:-1\" \/>\n<link rel=\"canonical\" href=\"https:\/\/nirigs.com\/en\/product\/dentifrice-signal-white-now\/\" \/>\n<meta property=\"og:locale\" content=\"en_US\" \/>\n<meta property=\"og:type\" content=\"article\" \/>\n<meta property=\"og:title\" content=\"Signal - Dentifrice white now - 75 ml - NIRIGS\" \/>\n<meta property=\"og:description\" content=\"Effet blancheur imm\u00e9diat d\u00e8s le premier brossage. Prot\u00e8ge les dents et assure un sourire \u00e9clatant. Commandez en ligne facilement avec Nirigs \u00e0 Djibouti.\" \/>\n<meta property=\"og:url\" content=\"https:\/\/nirigs.com\/en\/product\/dentifrice-signal-white-now\/\" \/>\n<meta property=\"og:site_name\" content=\"NIRIGS\" \/>\n<meta property=\"article:modified_time\" content=\"2026-02-11T09:02:29+00:00\" \/>\n<meta property=\"og:image\" content=\"https:\/\/nirigs.com\/wp-content\/uploads\/2024\/10\/Signal-Dentifrice-white-now-75-ml.jpg\" \/>\n\t<meta property=\"og:image:width\" content=\"1000\" \/>\n\t<meta property=\"og:image:height\" content=\"1000\" \/>\n\t<meta property=\"og:image:type\" content=\"image\/jpeg\" \/>\n<meta name=\"twitter:card\" content=\"summary_large_image\" \/>\n<meta name=\"twitter:label1\" content=\"Est. reading time\" \/>\n\t<meta name=\"twitter:data1\" content=\"2 minutes\" \/>\n<script type=\"application\/ld+json\" class=\"yoast-schema-graph\">{\"@context\":\"https:\\\/\\\/schema.org\",\"@graph\":[{\"@type\":\"WebPage\",\"@id\":\"https:\\\/\\\/nirigs.com\\\/product\\\/dentifrice-signal-white-now\\\/\",\"url\":\"https:\\\/\\\/nirigs.com\\\/product\\\/dentifrice-signal-white-now\\\/\",\"name\":\"Signal - Dentifrice white now - 75 ml - NIRIGS\",\"isPartOf\":{\"@id\":\"https:\\\/\\\/nirigs.com\\\/#website\"},\"primaryImageOfPage\":{\"@id\":\"https:\\\/\\\/nirigs.com\\\/product\\\/dentifrice-signal-white-now\\\/#primaryimage\"},\"image\":{\"@id\":\"https:\\\/\\\/nirigs.com\\\/product\\\/dentifrice-signal-white-now\\\/#primaryimage\"},\"thumbnailUrl\":\"https:\\\/\\\/nirigs.com\\\/wp-content\\\/uploads\\\/2024\\\/10\\\/Signal-Dentifrice-white-now-75-ml.jpg\",\"datePublished\":\"2024-10-24T14:35:45+00:00\",\"dateModified\":\"2026-02-11T09:02:29+00:00\",\"description\":\"Effet blancheur imm\u00e9diat d\u00e8s le premier brossage. Prot\u00e8ge les dents et assure un sourire \u00e9clatant. Commandez en ligne facilement avec Nirigs \u00e0 Djibouti.\",\"breadcrumb\":{\"@id\":\"https:\\\/\\\/nirigs.com\\\/product\\\/dentifrice-signal-white-now\\\/#breadcrumb\"},\"inLanguage\":\"en-US\",\"potentialAction\":[{\"@type\":\"ReadAction\",\"target\":[\"https:\\\/\\\/nirigs.com\\\/product\\\/dentifrice-signal-white-now\\\/\"]}]},{\"@type\":\"ImageObject\",\"inLanguage\":\"en-US\",\"@id\":\"https:\\\/\\\/nirigs.com\\\/product\\\/dentifrice-signal-white-now\\\/#primaryimage\",\"url\":\"https:\\\/\\\/nirigs.com\\\/wp-content\\\/uploads\\\/2024\\\/10\\\/Signal-Dentifrice-white-now-75-ml.jpg\",\"contentUrl\":\"https:\\\/\\\/nirigs.com\\\/wp-content\\\/uploads\\\/2024\\\/10\\\/Signal-Dentifrice-white-now-75-ml.jpg\",\"width\":1000,\"height\":1000},{\"@type\":\"BreadcrumbList\",\"@id\":\"https:\\\/\\\/nirigs.com\\\/product\\\/dentifrice-signal-white-now\\\/#breadcrumb\",\"itemListElement\":[{\"@type\":\"ListItem\",\"position\":1,\"name\":\"Home\",\"item\":\"https:\\\/\\\/nirigs.com\\\/\"},{\"@type\":\"ListItem\",\"position\":2,\"name\":\"Parcourir\",\"item\":\"https:\\\/\\\/nirigs.com\\\/boutique\\\/\"},{\"@type\":\"ListItem\",\"position\":3,\"name\":\"Signal &#8211; Dentifrice white now &#8211; 75 ml\"}]},{\"@type\":\"WebSite\",\"@id\":\"https:\\\/\\\/nirigs.com\\\/#website\",\"url\":\"https:\\\/\\\/nirigs.com\\\/\",\"name\":\"Nirigs.com\",\"description\":\"Simplifiez vos achats du quotidien \u00e0 Djibouti\",\"publisher\":{\"@id\":\"https:\\\/\\\/nirigs.com\\\/#organization\"},\"potentialAction\":[{\"@type\":\"SearchAction\",\"target\":{\"@type\":\"EntryPoint\",\"urlTemplate\":\"https:\\\/\\\/nirigs.com\\\/?s={search_term_string}\"},\"query-input\":{\"@type\":\"PropertyValueSpecification\",\"valueRequired\":true,\"valueName\":\"search_term_string\"}}],\"inLanguage\":\"en-US\"},{\"@type\":\"Organization\",\"@id\":\"https:\\\/\\\/nirigs.com\\\/#organization\",\"name\":\"Nirigs\",\"url\":\"https:\\\/\\\/nirigs.com\\\/\",\"logo\":{\"@type\":\"ImageObject\",\"inLanguage\":\"en-US\",\"@id\":\"https:\\\/\\\/nirigs.com\\\/#\\\/schema\\\/logo\\\/image\\\/\",\"url\":\"https:\\\/\\\/nirigs.com\\\/wp-content\\\/uploads\\\/2025\\\/04\\\/Design-sans-titre-27.png\",\"contentUrl\":\"https:\\\/\\\/nirigs.com\\\/wp-content\\\/uploads\\\/2025\\\/04\\\/Design-sans-titre-27.png\",\"width\":500,\"height\":500,\"caption\":\"Nirigs\"},\"image\":{\"@id\":\"https:\\\/\\\/nirigs.com\\\/#\\\/schema\\\/logo\\\/image\\\/\"}}]}<\/script>\n<!-- \/ Yoast SEO plugin. -->","yoast_head_json":{"title":"Signal - Dentifrice white now - 75 ml - NIRIGS","description":"Effet blancheur imm\u00e9diat d\u00e8s le premier brossage. Prot\u00e8ge les dents et assure un sourire \u00e9clatant. Commandez en ligne facilement avec Nirigs \u00e0 Djibouti.","robots":{"index":"index","follow":"follow","max-snippet":"max-snippet:-1","max-image-preview":"max-image-preview:large","max-video-preview":"max-video-preview:-1"},"canonical":"https:\/\/nirigs.com\/en\/product\/dentifrice-signal-white-now\/","og_locale":"en_US","og_type":"article","og_title":"Signal - Dentifrice white now - 75 ml - NIRIGS","og_description":"Effet blancheur imm\u00e9diat d\u00e8s le premier brossage. Prot\u00e8ge les dents et assure un sourire \u00e9clatant. Commandez en ligne facilement avec Nirigs \u00e0 Djibouti.","og_url":"https:\/\/nirigs.com\/en\/product\/dentifrice-signal-white-now\/","og_site_name":"NIRIGS","article_modified_time":"2026-02-11T09:02:29+00:00","og_image":[{"width":1000,"height":1000,"url":"https:\/\/nirigs.com\/wp-content\/uploads\/2024\/10\/Signal-Dentifrice-white-now-75-ml.jpg","type":"image\/jpeg"}],"twitter_card":"summary_large_image","twitter_misc":{"Est. reading time":"2 minutes"},"schema":{"@context":"https:\/\/schema.org","@graph":[{"@type":"WebPage","@id":"https:\/\/nirigs.com\/product\/dentifrice-signal-white-now\/","url":"https:\/\/nirigs.com\/product\/dentifrice-signal-white-now\/","name":"Signal - Dentifrice white now - 75 ml - NIRIGS","isPartOf":{"@id":"https:\/\/nirigs.com\/#website"},"primaryImageOfPage":{"@id":"https:\/\/nirigs.com\/product\/dentifrice-signal-white-now\/#primaryimage"},"image":{"@id":"https:\/\/nirigs.com\/product\/dentifrice-signal-white-now\/#primaryimage"},"thumbnailUrl":"https:\/\/nirigs.com\/wp-content\/uploads\/2024\/10\/Signal-Dentifrice-white-now-75-ml.jpg","datePublished":"2024-10-24T14:35:45+00:00","dateModified":"2026-02-11T09:02:29+00:00","description":"Effet blancheur imm\u00e9diat d\u00e8s le premier brossage. Prot\u00e8ge les dents et assure un sourire \u00e9clatant. Commandez en ligne facilement avec Nirigs \u00e0 Djibouti.","breadcrumb":{"@id":"https:\/\/nirigs.com\/product\/dentifrice-signal-white-now\/#breadcrumb"},"inLanguage":"en-US","potentialAction":[{"@type":"ReadAction","target":["https:\/\/nirigs.com\/product\/dentifrice-signal-white-now\/"]}]},{"@type":"ImageObject","inLanguage":"en-US","@id":"https:\/\/nirigs.com\/product\/dentifrice-signal-white-now\/#primaryimage","url":"https:\/\/nirigs.com\/wp-content\/uploads\/2024\/10\/Signal-Dentifrice-white-now-75-ml.jpg","contentUrl":"https:\/\/nirigs.com\/wp-content\/uploads\/2024\/10\/Signal-Dentifrice-white-now-75-ml.jpg","width":1000,"height":1000},{"@type":"BreadcrumbList","@id":"https:\/\/nirigs.com\/product\/dentifrice-signal-white-now\/#breadcrumb","itemListElement":[{"@type":"ListItem","position":1,"name":"Home","item":"https:\/\/nirigs.com\/"},{"@type":"ListItem","position":2,"name":"Parcourir","item":"https:\/\/nirigs.com\/boutique\/"},{"@type":"ListItem","position":3,"name":"Signal &#8211; Dentifrice white now &#8211; 75 ml"}]},{"@type":"WebSite","@id":"https:\/\/nirigs.com\/#website","url":"https:\/\/nirigs.com\/","name":"Nirigs.com","description":"Simplifiez vos achats du quotidien \u00e0 Djibouti","publisher":{"@id":"https:\/\/nirigs.com\/#organization"},"potentialAction":[{"@type":"SearchAction","target":{"@type":"EntryPoint","urlTemplate":"https:\/\/nirigs.com\/?s={search_term_string}"},"query-input":{"@type":"PropertyValueSpecification","valueRequired":true,"valueName":"search_term_string"}}],"inLanguage":"en-US"},{"@type":"Organization","@id":"https:\/\/nirigs.com\/#organization","name":"Nirigs","url":"https:\/\/nirigs.com\/","logo":{"@type":"ImageObject","inLanguage":"en-US","@id":"https:\/\/nirigs.com\/#\/schema\/logo\/image\/","url":"https:\/\/nirigs.com\/wp-content\/uploads\/2025\/04\/Design-sans-titre-27.png","contentUrl":"https:\/\/nirigs.com\/wp-content\/uploads\/2025\/04\/Design-sans-titre-27.png","width":500,"height":500,"caption":"Nirigs"},"image":{"@id":"https:\/\/nirigs.com\/#\/schema\/logo\/image\/"}}]}},"brands":[{"id":835,"name":"Signal","slug":"signal"}],"_links":{"self":[{"href":"https:\/\/nirigs.com\/en\/wp-json\/wp\/v2\/product\/26501","targetHints":{"allow":["GET"]}}],"collection":[{"href":"https:\/\/nirigs.com\/en\/wp-json\/wp\/v2\/product"}],"about":[{"href":"https:\/\/nirigs.com\/en\/wp-json\/wp\/v2\/types\/product"}],"replies":[{"embeddable":true,"href":"https:\/\/nirigs.com\/en\/wp-json\/wp\/v2\/comments?post=26501"}],"version-history":[{"count":4,"href":"https:\/\/nirigs.com\/en\/wp-json\/wp\/v2\/product\/26501\/revisions"}],"predecessor-version":[{"id":26506,"href":"https:\/\/nirigs.com\/en\/wp-json\/wp\/v2\/product\/26501\/revisions\/26506"}],"wp:featuredmedia":[{"embeddable":true,"href":"https:\/\/nirigs.com\/en\/wp-json\/wp\/v2\/media\/26507"}],"wp:attachment":[{"href":"https:\/\/nirigs.com\/en\/wp-json\/wp\/v2\/media?parent=26501"}],"wp:term":[{"taxonomy":"pwb-brand","embeddable":true,"href":"https:\/\/nirigs.com\/en\/wp-json\/wp\/v2\/pwb-brand?post=26501"},{"taxonomy":"product_brand","embeddable":true,"href":"https:\/\/nirigs.com\/en\/wp-json\/wp\/v2\/product_brand?post=26501"},{"taxonomy":"product_cat","embeddable":true,"href":"https:\/\/nirigs.com\/en\/wp-json\/wp\/v2\/product_cat?post=26501"},{"taxonomy":"product_tag","embeddable":true,"href":"https:\/\/nirigs.com\/en\/wp-json\/wp\/v2\/product_tag?post=26501"}],"curies":[{"name":"wp","href":"https:\/\/api.w.org\/{rel}","templated":true}]}}