{"id":25901,"date":"2024-10-19T21:02:09","date_gmt":"2024-10-19T18:02:09","guid":{"rendered":"https:\/\/nirigs.com\/?post_type=product&#038;p=25901"},"modified":"2024-11-10T18:38:23","modified_gmt":"2024-11-10T15:38:23","slug":"amora-mayonnaise-de-dijon-415-g","status":"publish","type":"product","link":"https:\/\/nirigs.com\/en\/product\/amora-mayonnaise-de-dijon-415-g\/","title":{"rendered":"Amora - Dijon Mayonnaise - 415 g"},"content":{"rendered":"<p>La Mayonnaise de Dijon Amora est un incontournable des tables fran\u00e7aises, alliant la richesse d&rsquo;une mayonnaise onctueuse au go\u00fbt subtil et l\u00e9g\u00e8rement piquant de la moutarde de Dijon. Elle accompagne parfaitement vos viandes, frites, sandwichs, et crudit\u00e9s.<\/p>\n<h4><strong>Ingredients:<\/strong><\/h4>\n<p>Huile de colza, eau, vinaigre d&rsquo;alcool, moutarde de Dijon (eau, graines de moutarde, vinaigre d&rsquo;alcool, sel), jaune d&rsquo;\u0153uf (3,5 %), sucre, sel, ar\u00f4mes naturels, stabilisant (gomme xanthane), conservateur (sorbate de potassium).<\/p>\n<h4><strong>Advantages :<\/strong><\/h4>\n<ul>\n<li><strong>Go\u00fbt authentique :<\/strong> Une mayonnaise au go\u00fbt \u00e9quilibr\u00e9, avec la touche piquante unique de la moutarde de Dijon.<\/li>\n<li><strong>Texture cr\u00e9meuse :<\/strong> Onctueuse et facile \u00e0 \u00e9taler ou \u00e0 m\u00e9langer.<\/li>\n<li><strong>Sans colorants artificiels :<\/strong> \u00c9labor\u00e9e avec des ingr\u00e9dients de qualit\u00e9 pour un go\u00fbt naturel.<\/li>\n<li><strong>Practical format :<\/strong> Pot de 415 g, id\u00e9al pour les repas en famille ou les pique-niques.<\/li>\n<\/ul>\n<h4><strong>Manual :<\/strong><\/h4>\n<ul>\n<li><strong>En accompagnement :<\/strong> Id\u00e9ale pour les frites, viandes grill\u00e9es, poissons, ou comme base pour vos sandwichs et wraps.<\/li>\n<li><strong>In the kitchen:<\/strong> Peut \u00eatre utilis\u00e9e pour la pr\u00e9paration de sauces ou en assaisonnement pour les salades et crudit\u00e9s.<\/li>\n<\/ul>\n<h4><strong>Precautions for use :<\/strong><\/h4>\n<ul>\n<li>Apr\u00e8s ouverture, conserver au r\u00e9frig\u00e9rateur et consommer dans les 2 \u00e0 3 semaines.<\/li>\n<\/ul>","protected":false},"excerpt":{"rendered":"<p>La Mayonnaise de Dijon Amora est un incontournable des tables fran\u00e7aises, alliant la richesse d&rsquo;une mayonnaise onctueuse au go\u00fbt subtil<\/p>","protected":false},"featured_media":25903,"comment_status":"open","ping_status":"closed","template":"","meta":[],"pwb-brand":[1320],"product_brand":[],"product_cat":[275,1284,1283],"product_tag":[],"class_list":{"0":"post-25901","1":"product","2":"type-product","3":"status-publish","4":"has-post-thumbnail","6":"pwb-brand-amora","7":"product_cat-epicerie","8":"product_cat-mayonnaises","9":"product_cat-sauces-froides","11":"first","12":"instock","13":"shipping-taxable","14":"purchasable","15":"product-type-simple"},"yoast_head":"<!-- This site is optimized with the Yoast SEO plugin v27.4 - https:\/\/yoast.com\/product\/yoast-seo-wordpress\/ -->\n<title>Amora - Mayonnaise de Dijon - 415 g - NIRIGS<\/title>\n<meta name=\"robots\" content=\"index, follow, max-snippet:-1, max-image-preview:large, max-video-preview:-1\" \/>\n<link rel=\"canonical\" href=\"https:\/\/nirigs.com\/en\/product\/amora-mayonnaise-de-dijon-415-g\/\" \/>\n<meta property=\"og:locale\" content=\"en_US\" \/>\n<meta property=\"og:type\" content=\"article\" \/>\n<meta property=\"og:title\" content=\"Amora - Mayonnaise de Dijon - 415 g - NIRIGS\" \/>\n<meta property=\"og:description\" content=\"La Mayonnaise de Dijon Amora est un incontournable des tables fran\u00e7aises, alliant la richesse d&rsquo;une mayonnaise onctueuse au go\u00fbt subtil\" \/>\n<meta property=\"og:url\" content=\"https:\/\/nirigs.com\/en\/product\/amora-mayonnaise-de-dijon-415-g\/\" \/>\n<meta property=\"og:site_name\" content=\"NIRIGS\" \/>\n<meta property=\"article:modified_time\" content=\"2024-11-10T15:38:23+00:00\" \/>\n<meta property=\"og:image\" content=\"https:\/\/nirigs.com\/wp-content\/uploads\/2024\/10\/08711200548002-c1n1-s86.webp\" \/>\n\t<meta property=\"og:image:width\" content=\"1500\" \/>\n\t<meta property=\"og:image:height\" content=\"1500\" \/>\n\t<meta property=\"og:image:type\" content=\"image\/webp\" \/>\n<meta name=\"twitter:card\" content=\"summary_large_image\" \/>\n<meta name=\"twitter:label1\" content=\"Est. reading time\" \/>\n\t<meta name=\"twitter:data1\" content=\"1 minute\" \/>\n<script type=\"application\/ld+json\" class=\"yoast-schema-graph\">{\"@context\":\"https:\\\/\\\/schema.org\",\"@graph\":[{\"@type\":\"WebPage\",\"@id\":\"https:\\\/\\\/nirigs.com\\\/en\\\/product\\\/amora-mayonnaise-de-dijon-415-g\\\/\",\"url\":\"https:\\\/\\\/nirigs.com\\\/en\\\/product\\\/amora-mayonnaise-de-dijon-415-g\\\/\",\"name\":\"Amora - Mayonnaise de Dijon - 415 g - NIRIGS\",\"isPartOf\":{\"@id\":\"https:\\\/\\\/nirigs.com\\\/#website\"},\"primaryImageOfPage\":{\"@id\":\"https:\\\/\\\/nirigs.com\\\/en\\\/product\\\/amora-mayonnaise-de-dijon-415-g\\\/#primaryimage\"},\"image\":{\"@id\":\"https:\\\/\\\/nirigs.com\\\/en\\\/product\\\/amora-mayonnaise-de-dijon-415-g\\\/#primaryimage\"},\"thumbnailUrl\":\"https:\\\/\\\/nirigs.com\\\/wp-content\\\/uploads\\\/2024\\\/10\\\/08711200548002-c1n1-s86.webp\",\"datePublished\":\"2024-10-19T18:02:09+00:00\",\"dateModified\":\"2024-11-10T15:38:23+00:00\",\"breadcrumb\":{\"@id\":\"https:\\\/\\\/nirigs.com\\\/en\\\/product\\\/amora-mayonnaise-de-dijon-415-g\\\/#breadcrumb\"},\"inLanguage\":\"en-US\",\"potentialAction\":[{\"@type\":\"ReadAction\",\"target\":[\"https:\\\/\\\/nirigs.com\\\/en\\\/product\\\/amora-mayonnaise-de-dijon-415-g\\\/\"]}]},{\"@type\":\"ImageObject\",\"inLanguage\":\"en-US\",\"@id\":\"https:\\\/\\\/nirigs.com\\\/en\\\/product\\\/amora-mayonnaise-de-dijon-415-g\\\/#primaryimage\",\"url\":\"https:\\\/\\\/nirigs.com\\\/wp-content\\\/uploads\\\/2024\\\/10\\\/08711200548002-c1n1-s86.webp\",\"contentUrl\":\"https:\\\/\\\/nirigs.com\\\/wp-content\\\/uploads\\\/2024\\\/10\\\/08711200548002-c1n1-s86.webp\",\"width\":1500,\"height\":1500},{\"@type\":\"BreadcrumbList\",\"@id\":\"https:\\\/\\\/nirigs.com\\\/en\\\/product\\\/amora-mayonnaise-de-dijon-415-g\\\/#breadcrumb\",\"itemListElement\":[{\"@type\":\"ListItem\",\"position\":1,\"name\":\"Home\",\"item\":\"https:\\\/\\\/nirigs.com\\\/\"},{\"@type\":\"ListItem\",\"position\":2,\"name\":\"Parcourir\",\"item\":\"https:\\\/\\\/nirigs.com\\\/boutique\\\/\"},{\"@type\":\"ListItem\",\"position\":3,\"name\":\"Amora &#8211; Mayonnaise de Dijon &#8211; 415 g\"}]},{\"@type\":\"WebSite\",\"@id\":\"https:\\\/\\\/nirigs.com\\\/#website\",\"url\":\"https:\\\/\\\/nirigs.com\\\/\",\"name\":\"Nirigs.com\",\"description\":\"Simplifiez vos achats du quotidien \u00e0 Djibouti\",\"publisher\":{\"@id\":\"https:\\\/\\\/nirigs.com\\\/#organization\"},\"potentialAction\":[{\"@type\":\"SearchAction\",\"target\":{\"@type\":\"EntryPoint\",\"urlTemplate\":\"https:\\\/\\\/nirigs.com\\\/?s={search_term_string}\"},\"query-input\":{\"@type\":\"PropertyValueSpecification\",\"valueRequired\":true,\"valueName\":\"search_term_string\"}}],\"inLanguage\":\"en-US\"},{\"@type\":\"Organization\",\"@id\":\"https:\\\/\\\/nirigs.com\\\/#organization\",\"name\":\"Nirigs\",\"url\":\"https:\\\/\\\/nirigs.com\\\/\",\"logo\":{\"@type\":\"ImageObject\",\"inLanguage\":\"en-US\",\"@id\":\"https:\\\/\\\/nirigs.com\\\/#\\\/schema\\\/logo\\\/image\\\/\",\"url\":\"https:\\\/\\\/nirigs.com\\\/wp-content\\\/uploads\\\/2025\\\/04\\\/Design-sans-titre-27.png\",\"contentUrl\":\"https:\\\/\\\/nirigs.com\\\/wp-content\\\/uploads\\\/2025\\\/04\\\/Design-sans-titre-27.png\",\"width\":500,\"height\":500,\"caption\":\"Nirigs\"},\"image\":{\"@id\":\"https:\\\/\\\/nirigs.com\\\/#\\\/schema\\\/logo\\\/image\\\/\"}}]}<\/script>\n<!-- \/ Yoast SEO plugin. -->","yoast_head_json":{"title":"Amora - Mayonnaise de Dijon - 415 g - NIRIGS","robots":{"index":"index","follow":"follow","max-snippet":"max-snippet:-1","max-image-preview":"max-image-preview:large","max-video-preview":"max-video-preview:-1"},"canonical":"https:\/\/nirigs.com\/en\/product\/amora-mayonnaise-de-dijon-415-g\/","og_locale":"en_US","og_type":"article","og_title":"Amora - Mayonnaise de Dijon - 415 g - NIRIGS","og_description":"La Mayonnaise de Dijon Amora est un incontournable des tables fran\u00e7aises, alliant la richesse d&rsquo;une mayonnaise onctueuse au go\u00fbt subtil","og_url":"https:\/\/nirigs.com\/en\/product\/amora-mayonnaise-de-dijon-415-g\/","og_site_name":"NIRIGS","article_modified_time":"2024-11-10T15:38:23+00:00","og_image":[{"width":1500,"height":1500,"url":"https:\/\/nirigs.com\/wp-content\/uploads\/2024\/10\/08711200548002-c1n1-s86.webp","type":"image\/webp"}],"twitter_card":"summary_large_image","twitter_misc":{"Est. reading time":"1 minute"},"schema":{"@context":"https:\/\/schema.org","@graph":[{"@type":"WebPage","@id":"https:\/\/nirigs.com\/en\/product\/amora-mayonnaise-de-dijon-415-g\/","url":"https:\/\/nirigs.com\/en\/product\/amora-mayonnaise-de-dijon-415-g\/","name":"Amora - Mayonnaise de Dijon - 415 g - NIRIGS","isPartOf":{"@id":"https:\/\/nirigs.com\/#website"},"primaryImageOfPage":{"@id":"https:\/\/nirigs.com\/en\/product\/amora-mayonnaise-de-dijon-415-g\/#primaryimage"},"image":{"@id":"https:\/\/nirigs.com\/en\/product\/amora-mayonnaise-de-dijon-415-g\/#primaryimage"},"thumbnailUrl":"https:\/\/nirigs.com\/wp-content\/uploads\/2024\/10\/08711200548002-c1n1-s86.webp","datePublished":"2024-10-19T18:02:09+00:00","dateModified":"2024-11-10T15:38:23+00:00","breadcrumb":{"@id":"https:\/\/nirigs.com\/en\/product\/amora-mayonnaise-de-dijon-415-g\/#breadcrumb"},"inLanguage":"en-US","potentialAction":[{"@type":"ReadAction","target":["https:\/\/nirigs.com\/en\/product\/amora-mayonnaise-de-dijon-415-g\/"]}]},{"@type":"ImageObject","inLanguage":"en-US","@id":"https:\/\/nirigs.com\/en\/product\/amora-mayonnaise-de-dijon-415-g\/#primaryimage","url":"https:\/\/nirigs.com\/wp-content\/uploads\/2024\/10\/08711200548002-c1n1-s86.webp","contentUrl":"https:\/\/nirigs.com\/wp-content\/uploads\/2024\/10\/08711200548002-c1n1-s86.webp","width":1500,"height":1500},{"@type":"BreadcrumbList","@id":"https:\/\/nirigs.com\/en\/product\/amora-mayonnaise-de-dijon-415-g\/#breadcrumb","itemListElement":[{"@type":"ListItem","position":1,"name":"Home","item":"https:\/\/nirigs.com\/"},{"@type":"ListItem","position":2,"name":"Parcourir","item":"https:\/\/nirigs.com\/boutique\/"},{"@type":"ListItem","position":3,"name":"Amora &#8211; Mayonnaise de Dijon &#8211; 415 g"}]},{"@type":"WebSite","@id":"https:\/\/nirigs.com\/#website","url":"https:\/\/nirigs.com\/","name":"Nirigs.com","description":"Simplifiez vos achats du quotidien \u00e0 Djibouti","publisher":{"@id":"https:\/\/nirigs.com\/#organization"},"potentialAction":[{"@type":"SearchAction","target":{"@type":"EntryPoint","urlTemplate":"https:\/\/nirigs.com\/?s={search_term_string}"},"query-input":{"@type":"PropertyValueSpecification","valueRequired":true,"valueName":"search_term_string"}}],"inLanguage":"en-US"},{"@type":"Organization","@id":"https:\/\/nirigs.com\/#organization","name":"Nirigs","url":"https:\/\/nirigs.com\/","logo":{"@type":"ImageObject","inLanguage":"en-US","@id":"https:\/\/nirigs.com\/#\/schema\/logo\/image\/","url":"https:\/\/nirigs.com\/wp-content\/uploads\/2025\/04\/Design-sans-titre-27.png","contentUrl":"https:\/\/nirigs.com\/wp-content\/uploads\/2025\/04\/Design-sans-titre-27.png","width":500,"height":500,"caption":"Nirigs"},"image":{"@id":"https:\/\/nirigs.com\/#\/schema\/logo\/image\/"}}]}},"brands":[{"id":1320,"name":"Amora","slug":"amora"}],"_links":{"self":[{"href":"https:\/\/nirigs.com\/en\/wp-json\/wp\/v2\/product\/25901","targetHints":{"allow":["GET"]}}],"collection":[{"href":"https:\/\/nirigs.com\/en\/wp-json\/wp\/v2\/product"}],"about":[{"href":"https:\/\/nirigs.com\/en\/wp-json\/wp\/v2\/types\/product"}],"replies":[{"embeddable":true,"href":"https:\/\/nirigs.com\/en\/wp-json\/wp\/v2\/comments?post=25901"}],"version-history":[{"count":2,"href":"https:\/\/nirigs.com\/en\/wp-json\/wp\/v2\/product\/25901\/revisions"}],"predecessor-version":[{"id":25905,"href":"https:\/\/nirigs.com\/en\/wp-json\/wp\/v2\/product\/25901\/revisions\/25905"}],"wp:featuredmedia":[{"embeddable":true,"href":"https:\/\/nirigs.com\/en\/wp-json\/wp\/v2\/media\/25903"}],"wp:attachment":[{"href":"https:\/\/nirigs.com\/en\/wp-json\/wp\/v2\/media?parent=25901"}],"wp:term":[{"taxonomy":"pwb-brand","embeddable":true,"href":"https:\/\/nirigs.com\/en\/wp-json\/wp\/v2\/pwb-brand?post=25901"},{"taxonomy":"product_brand","embeddable":true,"href":"https:\/\/nirigs.com\/en\/wp-json\/wp\/v2\/product_brand?post=25901"},{"taxonomy":"product_cat","embeddable":true,"href":"https:\/\/nirigs.com\/en\/wp-json\/wp\/v2\/product_cat?post=25901"},{"taxonomy":"product_tag","embeddable":true,"href":"https:\/\/nirigs.com\/en\/wp-json\/wp\/v2\/product_tag?post=25901"}],"curies":[{"name":"wp","href":"https:\/\/api.w.org\/{rel}","templated":true}]}}