{"id":25804,"date":"2024-10-19T16:43:01","date_gmt":"2024-10-19T13:43:01","guid":{"rendered":"https:\/\/nirigs.com\/?post_type=product&#038;p=25804"},"modified":"2024-11-10T18:46:28","modified_gmt":"2024-11-10T15:46:28","slug":"casino-thon-entier-a-lhuile-de-tournesol-160-g","status":"publish","type":"product","link":"https:\/\/nirigs.com\/en\/product\/casino-thon-entier-a-lhuile-de-tournesol-160-g\/","title":{"rendered":"Casino &#8211; Thon entier \u00e0 l&rsquo;huile de tournesol &#8211; 160 g"},"content":{"rendered":"<p>Le thon entier \u00e0 l&rsquo;huile de tournesol Casino est id\u00e9al pour une vari\u00e9t\u00e9 de recettes gr\u00e2ce \u00e0 sa texture ferme et son go\u00fbt d\u00e9licat. Conserv\u00e9 dans une huile de tournesol l\u00e9g\u00e8re, il est parfait pour enrichir vos salades, sandwiches ou plats chauds. Ce thon de qualit\u00e9 sup\u00e9rieure est une source naturelle de prot\u00e9ines et convient \u00e0 tous vos repas, qu&rsquo;ils soient simples ou plus \u00e9labor\u00e9s.<\/p>\n<h4><strong>Ingredients:<\/strong><\/h4>\n<p>Thon entier, huile de tournesol, sel.<\/p>\n<h4><strong>Advantages :<\/strong><\/h4>\n<ul>\n<li><strong>Thon entier de qualit\u00e9 :<\/strong> Conserve la texture et la saveur du thon, id\u00e9al pour les plats o\u00f9 la pr\u00e9sentation compte.<\/li>\n<li><strong>Source de prot\u00e9ines :<\/strong> Riche en prot\u00e9ines, parfait pour une alimentation saine et \u00e9quilibr\u00e9e.<\/li>\n<li><strong>Light sunflower oil :<\/strong> Ajoute une saveur douce sans masquer le go\u00fbt naturel du thon.<\/li>\n<li><strong>Ready to use :<\/strong> Facile \u00e0 utiliser dans les repas quotidiens ou les pr\u00e9parations rapides.<\/li>\n<li><strong>Versatile :<\/strong> Parfait pour des salades, des sandwiches, des plats de p\u00e2tes ou des quiches.<\/li>\n<li><strong>Long shelf life :<\/strong> Pratique pour avoir toujours une option saine sous la main.<\/li>\n<\/ul>\n<h4><strong>Manual :<\/strong><\/h4>\n<ul>\n<li><strong>Ready to eat :<\/strong> \u00c9goutter le thon avant de l&rsquo;utiliser selon vos besoins.<\/li>\n<li><strong>Suggested use :<\/strong> Id\u00e9al pour les salades compos\u00e9es, les p\u00e2tes au thon, ou comme garniture de sandwichs.<\/li>\n<\/ul>\n<h4><strong>Precautions for use :<\/strong><\/h4>\n<ul>\n<li>Best before the date indicated on the packaging.<\/li>\n<li>Store in a cool, dry place. After opening, store in the refrigerator and use up quickly.<\/li>\n<\/ul>","protected":false},"excerpt":{"rendered":"<p>Le thon entier \u00e0 l&rsquo;huile de tournesol Casino est id\u00e9al pour une vari\u00e9t\u00e9 de recettes gr\u00e2ce \u00e0 sa texture ferme<\/p>","protected":false},"featured_media":25806,"comment_status":"open","ping_status":"closed","template":"","meta":[],"pwb-brand":[843],"product_brand":[],"product_cat":[868,275,877,909],"product_tag":[],"class_list":{"0":"post-25804","1":"product","2":"type-product","3":"status-publish","4":"has-post-thumbnail","6":"pwb-brand-casino","7":"product_cat-conserves-bocaux","8":"product_cat-epicerie","9":"product_cat-legumes-en-conserves","10":"product_cat-thons","12":"first","13":"instock","14":"shipping-taxable","15":"purchasable","16":"product-type-simple"},"yoast_head":"<!-- This site is optimized with the Yoast SEO plugin v27.1.1 - https:\/\/yoast.com\/product\/yoast-seo-wordpress\/ -->\n<title>Casino - Thon entier \u00e0 l&#039;huile de tournesol - 160 g - NIRIGS<\/title>\n<meta name=\"robots\" content=\"index, follow, max-snippet:-1, max-image-preview:large, max-video-preview:-1\" \/>\n<link rel=\"canonical\" href=\"https:\/\/nirigs.com\/en\/product\/casino-thon-entier-a-lhuile-de-tournesol-160-g\/\" \/>\n<meta property=\"og:locale\" content=\"en_US\" \/>\n<meta property=\"og:type\" content=\"article\" \/>\n<meta property=\"og:title\" content=\"Casino - Thon entier \u00e0 l&#039;huile de tournesol - 160 g - NIRIGS\" \/>\n<meta property=\"og:description\" content=\"Le thon entier \u00e0 l&rsquo;huile de tournesol Casino est id\u00e9al pour une vari\u00e9t\u00e9 de recettes gr\u00e2ce \u00e0 sa texture ferme\" \/>\n<meta property=\"og:url\" content=\"https:\/\/nirigs.com\/en\/product\/casino-thon-entier-a-lhuile-de-tournesol-160-g\/\" \/>\n<meta property=\"og:site_name\" content=\"NIRIGS\" \/>\n<meta property=\"article:modified_time\" content=\"2024-11-10T15:46:28+00:00\" \/>\n<meta property=\"og:image\" content=\"https:\/\/nirigs.com\/wp-content\/uploads\/2024\/10\/Casino-Thon-entier-a-lhuile-de-tournesol-160-g.jpg\" \/>\n\t<meta property=\"og:image:width\" content=\"1000\" \/>\n\t<meta property=\"og:image:height\" content=\"1000\" \/>\n\t<meta property=\"og:image:type\" content=\"image\/jpeg\" \/>\n<meta name=\"twitter:card\" content=\"summary_large_image\" \/>\n<meta name=\"twitter:label1\" content=\"Est. reading time\" \/>\n\t<meta name=\"twitter:data1\" content=\"1 minute\" \/>\n<script type=\"application\/ld+json\" class=\"yoast-schema-graph\">{\"@context\":\"https:\/\/schema.org\",\"@graph\":[{\"@type\":\"WebPage\",\"@id\":\"https:\/\/nirigs.com\/ar\/product\/casino-thon-entier-a-lhuile-de-tournesol-160-g\/\",\"url\":\"https:\/\/nirigs.com\/ar\/product\/casino-thon-entier-a-lhuile-de-tournesol-160-g\/\",\"name\":\"Casino - Thon entier \u00e0 l'huile de tournesol - 160 g - NIRIGS\",\"isPartOf\":{\"@id\":\"https:\/\/nirigs.com\/#website\"},\"primaryImageOfPage\":{\"@id\":\"https:\/\/nirigs.com\/ar\/product\/casino-thon-entier-a-lhuile-de-tournesol-160-g\/#primaryimage\"},\"image\":{\"@id\":\"https:\/\/nirigs.com\/ar\/product\/casino-thon-entier-a-lhuile-de-tournesol-160-g\/#primaryimage\"},\"thumbnailUrl\":\"https:\/\/nirigs.com\/wp-content\/uploads\/2024\/10\/Casino-Thon-entier-a-lhuile-de-tournesol-160-g.jpg\",\"datePublished\":\"2024-10-19T13:43:01+00:00\",\"dateModified\":\"2024-11-10T15:46:28+00:00\",\"breadcrumb\":{\"@id\":\"https:\/\/nirigs.com\/ar\/product\/casino-thon-entier-a-lhuile-de-tournesol-160-g\/#breadcrumb\"},\"inLanguage\":\"en-US\",\"potentialAction\":[{\"@type\":\"ReadAction\",\"target\":[\"https:\/\/nirigs.com\/ar\/product\/casino-thon-entier-a-lhuile-de-tournesol-160-g\/\"]}]},{\"@type\":\"ImageObject\",\"inLanguage\":\"en-US\",\"@id\":\"https:\/\/nirigs.com\/ar\/product\/casino-thon-entier-a-lhuile-de-tournesol-160-g\/#primaryimage\",\"url\":\"https:\/\/nirigs.com\/wp-content\/uploads\/2024\/10\/Casino-Thon-entier-a-lhuile-de-tournesol-160-g.jpg\",\"contentUrl\":\"https:\/\/nirigs.com\/wp-content\/uploads\/2024\/10\/Casino-Thon-entier-a-lhuile-de-tournesol-160-g.jpg\",\"width\":1000,\"height\":1000},{\"@type\":\"BreadcrumbList\",\"@id\":\"https:\/\/nirigs.com\/ar\/product\/casino-thon-entier-a-lhuile-de-tournesol-160-g\/#breadcrumb\",\"itemListElement\":[{\"@type\":\"ListItem\",\"position\":1,\"name\":\"Home\",\"item\":\"https:\/\/nirigs.com\/\"},{\"@type\":\"ListItem\",\"position\":2,\"name\":\"Parcourir\",\"item\":\"https:\/\/nirigs.com\/boutique\/\"},{\"@type\":\"ListItem\",\"position\":3,\"name\":\"Casino &#8211; Thon entier \u00e0 l&rsquo;huile de tournesol &#8211; 160 g\"}]},{\"@type\":\"WebSite\",\"@id\":\"https:\/\/nirigs.com\/#website\",\"url\":\"https:\/\/nirigs.com\/\",\"name\":\"Nirigs.com\",\"description\":\"Simplifiez vos achats du quotidien \u00e0 Djibouti\",\"publisher\":{\"@id\":\"https:\/\/nirigs.com\/#organization\"},\"potentialAction\":[{\"@type\":\"SearchAction\",\"target\":{\"@type\":\"EntryPoint\",\"urlTemplate\":\"https:\/\/nirigs.com\/?s={search_term_string}\"},\"query-input\":{\"@type\":\"PropertyValueSpecification\",\"valueRequired\":true,\"valueName\":\"search_term_string\"}}],\"inLanguage\":\"en-US\"},{\"@type\":\"Organization\",\"@id\":\"https:\/\/nirigs.com\/#organization\",\"name\":\"Nirigs\",\"url\":\"https:\/\/nirigs.com\/\",\"logo\":{\"@type\":\"ImageObject\",\"inLanguage\":\"en-US\",\"@id\":\"https:\/\/nirigs.com\/#\/schema\/logo\/image\/\",\"url\":\"https:\/\/nirigs.com\/wp-content\/uploads\/2025\/04\/Design-sans-titre-27.png\",\"contentUrl\":\"https:\/\/nirigs.com\/wp-content\/uploads\/2025\/04\/Design-sans-titre-27.png\",\"width\":500,\"height\":500,\"caption\":\"Nirigs\"},\"image\":{\"@id\":\"https:\/\/nirigs.com\/#\/schema\/logo\/image\/\"}}]}<\/script>\n<!-- \/ Yoast SEO plugin. -->","yoast_head_json":{"title":"Casino - Thon entier \u00e0 l'huile de tournesol - 160 g - NIRIGS","robots":{"index":"index","follow":"follow","max-snippet":"max-snippet:-1","max-image-preview":"max-image-preview:large","max-video-preview":"max-video-preview:-1"},"canonical":"https:\/\/nirigs.com\/en\/product\/casino-thon-entier-a-lhuile-de-tournesol-160-g\/","og_locale":"en_US","og_type":"article","og_title":"Casino - Thon entier \u00e0 l'huile de tournesol - 160 g - NIRIGS","og_description":"Le thon entier \u00e0 l&rsquo;huile de tournesol Casino est id\u00e9al pour une vari\u00e9t\u00e9 de recettes gr\u00e2ce \u00e0 sa texture ferme","og_url":"https:\/\/nirigs.com\/en\/product\/casino-thon-entier-a-lhuile-de-tournesol-160-g\/","og_site_name":"NIRIGS","article_modified_time":"2024-11-10T15:46:28+00:00","og_image":[{"width":1000,"height":1000,"url":"https:\/\/nirigs.com\/wp-content\/uploads\/2024\/10\/Casino-Thon-entier-a-lhuile-de-tournesol-160-g.jpg","type":"image\/jpeg"}],"twitter_card":"summary_large_image","twitter_misc":{"Est. reading time":"1 minute"},"schema":{"@context":"https:\/\/schema.org","@graph":[{"@type":"WebPage","@id":"https:\/\/nirigs.com\/ar\/product\/casino-thon-entier-a-lhuile-de-tournesol-160-g\/","url":"https:\/\/nirigs.com\/ar\/product\/casino-thon-entier-a-lhuile-de-tournesol-160-g\/","name":"Casino - Thon entier \u00e0 l'huile de tournesol - 160 g - NIRIGS","isPartOf":{"@id":"https:\/\/nirigs.com\/#website"},"primaryImageOfPage":{"@id":"https:\/\/nirigs.com\/ar\/product\/casino-thon-entier-a-lhuile-de-tournesol-160-g\/#primaryimage"},"image":{"@id":"https:\/\/nirigs.com\/ar\/product\/casino-thon-entier-a-lhuile-de-tournesol-160-g\/#primaryimage"},"thumbnailUrl":"https:\/\/nirigs.com\/wp-content\/uploads\/2024\/10\/Casino-Thon-entier-a-lhuile-de-tournesol-160-g.jpg","datePublished":"2024-10-19T13:43:01+00:00","dateModified":"2024-11-10T15:46:28+00:00","breadcrumb":{"@id":"https:\/\/nirigs.com\/ar\/product\/casino-thon-entier-a-lhuile-de-tournesol-160-g\/#breadcrumb"},"inLanguage":"en-US","potentialAction":[{"@type":"ReadAction","target":["https:\/\/nirigs.com\/ar\/product\/casino-thon-entier-a-lhuile-de-tournesol-160-g\/"]}]},{"@type":"ImageObject","inLanguage":"en-US","@id":"https:\/\/nirigs.com\/ar\/product\/casino-thon-entier-a-lhuile-de-tournesol-160-g\/#primaryimage","url":"https:\/\/nirigs.com\/wp-content\/uploads\/2024\/10\/Casino-Thon-entier-a-lhuile-de-tournesol-160-g.jpg","contentUrl":"https:\/\/nirigs.com\/wp-content\/uploads\/2024\/10\/Casino-Thon-entier-a-lhuile-de-tournesol-160-g.jpg","width":1000,"height":1000},{"@type":"BreadcrumbList","@id":"https:\/\/nirigs.com\/ar\/product\/casino-thon-entier-a-lhuile-de-tournesol-160-g\/#breadcrumb","itemListElement":[{"@type":"ListItem","position":1,"name":"Home","item":"https:\/\/nirigs.com\/"},{"@type":"ListItem","position":2,"name":"Parcourir","item":"https:\/\/nirigs.com\/boutique\/"},{"@type":"ListItem","position":3,"name":"Casino &#8211; Thon entier \u00e0 l&rsquo;huile de tournesol &#8211; 160 g"}]},{"@type":"WebSite","@id":"https:\/\/nirigs.com\/#website","url":"https:\/\/nirigs.com\/","name":"Nirigs.com","description":"Simplifiez vos achats du quotidien \u00e0 Djibouti","publisher":{"@id":"https:\/\/nirigs.com\/#organization"},"potentialAction":[{"@type":"SearchAction","target":{"@type":"EntryPoint","urlTemplate":"https:\/\/nirigs.com\/?s={search_term_string}"},"query-input":{"@type":"PropertyValueSpecification","valueRequired":true,"valueName":"search_term_string"}}],"inLanguage":"en-US"},{"@type":"Organization","@id":"https:\/\/nirigs.com\/#organization","name":"Nirigs","url":"https:\/\/nirigs.com\/","logo":{"@type":"ImageObject","inLanguage":"en-US","@id":"https:\/\/nirigs.com\/#\/schema\/logo\/image\/","url":"https:\/\/nirigs.com\/wp-content\/uploads\/2025\/04\/Design-sans-titre-27.png","contentUrl":"https:\/\/nirigs.com\/wp-content\/uploads\/2025\/04\/Design-sans-titre-27.png","width":500,"height":500,"caption":"Nirigs"},"image":{"@id":"https:\/\/nirigs.com\/#\/schema\/logo\/image\/"}}]}},"brands":[{"id":843,"name":"Casino","slug":"casino"}],"_links":{"self":[{"href":"https:\/\/nirigs.com\/en\/wp-json\/wp\/v2\/product\/25804","targetHints":{"allow":["GET"]}}],"collection":[{"href":"https:\/\/nirigs.com\/en\/wp-json\/wp\/v2\/product"}],"about":[{"href":"https:\/\/nirigs.com\/en\/wp-json\/wp\/v2\/types\/product"}],"replies":[{"embeddable":true,"href":"https:\/\/nirigs.com\/en\/wp-json\/wp\/v2\/comments?post=25804"}],"version-history":[{"count":3,"href":"https:\/\/nirigs.com\/en\/wp-json\/wp\/v2\/product\/25804\/revisions"}],"predecessor-version":[{"id":25807,"href":"https:\/\/nirigs.com\/en\/wp-json\/wp\/v2\/product\/25804\/revisions\/25807"}],"wp:featuredmedia":[{"embeddable":true,"href":"https:\/\/nirigs.com\/en\/wp-json\/wp\/v2\/media\/25806"}],"wp:attachment":[{"href":"https:\/\/nirigs.com\/en\/wp-json\/wp\/v2\/media?parent=25804"}],"wp:term":[{"taxonomy":"pwb-brand","embeddable":true,"href":"https:\/\/nirigs.com\/en\/wp-json\/wp\/v2\/pwb-brand?post=25804"},{"taxonomy":"product_brand","embeddable":true,"href":"https:\/\/nirigs.com\/en\/wp-json\/wp\/v2\/product_brand?post=25804"},{"taxonomy":"product_cat","embeddable":true,"href":"https:\/\/nirigs.com\/en\/wp-json\/wp\/v2\/product_cat?post=25804"},{"taxonomy":"product_tag","embeddable":true,"href":"https:\/\/nirigs.com\/en\/wp-json\/wp\/v2\/product_tag?post=25804"}],"curies":[{"name":"wp","href":"https:\/\/api.w.org\/{rel}","templated":true}]}}