{"id":25794,"date":"2024-10-19T16:12:33","date_gmt":"2024-10-19T13:12:33","guid":{"rendered":"https:\/\/nirigs.com\/?post_type=product&#038;p=25794"},"modified":"2025-06-06T17:26:33","modified_gmt":"2025-06-06T14:26:33","slug":"legador-thon-a-lhuile-de-tournesol-95-g","status":"publish","type":"product","link":"https:\/\/nirigs.com\/en\/product\/legador-thon-a-lhuile-de-tournesol-95-g\/","title":{"rendered":"Legador - Tuna in sunflower oil - 95 g"},"content":{"rendered":"<p>Legador Tuna in Sunflower Oil is a delicious and convenient option for adding a touch of flavor to your meals. Preserved in a light sunflower oil, this tuna is ideal for preparing salads, sandwiches or adding to hot dishes. Its compact 95 g format makes it perfect for individual use or in quick recipes.<\/p>\n<h4><strong>Ingredients:<\/strong><\/h4>\n<p>Tuna, sunflower oil, salt.<\/p>\n<h4><strong>Advantages :<\/strong><\/h4>\n<ul>\n<li><strong>Source of lean protein :<\/strong> Tuna is rich in protein and low in saturated fat, perfect for a balanced diet.<\/li>\n<li><strong>Light sunflower oil :<\/strong> Adds flavor while remaining light and healthy.<\/li>\n<li><strong>Ready to use :<\/strong> Ideal for immediate use in quick meals.<\/li>\n<li><strong>Versatile :<\/strong> Can be used in salads, sandwiches, pasta dishes or as a topping on pizzas.<\/li>\n<li><strong>Long shelf life :<\/strong> Convenient storage format for prolonged use.<\/li>\n<\/ul>\n<h4><strong>Manual :<\/strong><\/h4>\n<ul>\n<li><strong>Ready to eat :<\/strong> Open the can and drain as required before adding to your dishes.<\/li>\n<li><strong>Suggested use :<\/strong> Ideal for fresh salads, tuna sandwiches or hot recipes such as tuna pasta.<\/li>\n<\/ul>\n<h4><strong>Precautions for use :<\/strong><\/h4>\n<ul>\n<li>Best before the date indicated on the packaging.<\/li>\n<li>Store in a cool, dry place. After opening, store in the refrigerator and use up quickly.<\/li>\n<\/ul>","protected":false},"excerpt":{"rendered":"<p>Le thon \u00e0 l&rsquo;huile de tournesol Legador est une option d\u00e9licieuse et pratique pour ajouter une touche de saveur \u00e0<\/p>","protected":false},"featured_media":25797,"comment_status":"open","ping_status":"closed","template":"","meta":[],"pwb-brand":[1317],"product_brand":[],"product_cat":[868,275,877,909],"product_tag":[],"class_list":{"0":"post-25794","1":"product","2":"type-product","3":"status-publish","4":"has-post-thumbnail","6":"pwb-brand-legador","7":"product_cat-conserves-bocaux","8":"product_cat-epicerie","9":"product_cat-legumes-en-conserves","10":"product_cat-thons","12":"first","13":"instock","14":"shipping-taxable","15":"purchasable","16":"product-type-simple"},"yoast_head":"<!-- This site is optimized with the Yoast SEO plugin v27.4 - https:\/\/yoast.com\/product\/yoast-seo-wordpress\/ -->\n<title>Legador - Thon \u00e0 l&#039;huile de tournesol - 95 g - NIRIGS<\/title>\n<meta name=\"robots\" content=\"index, follow, max-snippet:-1, max-image-preview:large, max-video-preview:-1\" \/>\n<link rel=\"canonical\" href=\"https:\/\/nirigs.com\/en\/product\/legador-thon-a-lhuile-de-tournesol-95-g\/\" \/>\n<meta property=\"og:locale\" content=\"en_US\" \/>\n<meta property=\"og:type\" content=\"article\" \/>\n<meta property=\"og:title\" content=\"Legador - Thon \u00e0 l&#039;huile de tournesol - 95 g - NIRIGS\" \/>\n<meta property=\"og:description\" content=\"Le thon \u00e0 l&rsquo;huile de tournesol Legador est une option d\u00e9licieuse et pratique pour ajouter une touche de saveur \u00e0\" \/>\n<meta property=\"og:url\" content=\"https:\/\/nirigs.com\/en\/product\/legador-thon-a-lhuile-de-tournesol-95-g\/\" \/>\n<meta property=\"og:site_name\" content=\"NIRIGS\" \/>\n<meta property=\"article:modified_time\" content=\"2025-06-06T14:26:33+00:00\" \/>\n<meta property=\"og:image\" content=\"https:\/\/nirigs.com\/wp-content\/uploads\/2024\/10\/Legador-Thon-a-lhuile-de-tournesol-95-g.jpg\" \/>\n\t<meta property=\"og:image:width\" content=\"1000\" \/>\n\t<meta property=\"og:image:height\" content=\"1000\" \/>\n\t<meta property=\"og:image:type\" content=\"image\/jpeg\" \/>\n<meta name=\"twitter:card\" content=\"summary_large_image\" \/>\n<meta name=\"twitter:label1\" content=\"Est. reading time\" \/>\n\t<meta name=\"twitter:data1\" content=\"1 minute\" \/>\n<script type=\"application\/ld+json\" class=\"yoast-schema-graph\">{\"@context\":\"https:\\\/\\\/schema.org\",\"@graph\":[{\"@type\":\"WebPage\",\"@id\":\"https:\\\/\\\/nirigs.com\\\/product\\\/legador-thon-a-lhuile-de-tournesol-95-g\\\/\",\"url\":\"https:\\\/\\\/nirigs.com\\\/product\\\/legador-thon-a-lhuile-de-tournesol-95-g\\\/\",\"name\":\"Legador - Thon \u00e0 l'huile de tournesol - 95 g - NIRIGS\",\"isPartOf\":{\"@id\":\"https:\\\/\\\/nirigs.com\\\/#website\"},\"primaryImageOfPage\":{\"@id\":\"https:\\\/\\\/nirigs.com\\\/product\\\/legador-thon-a-lhuile-de-tournesol-95-g\\\/#primaryimage\"},\"image\":{\"@id\":\"https:\\\/\\\/nirigs.com\\\/product\\\/legador-thon-a-lhuile-de-tournesol-95-g\\\/#primaryimage\"},\"thumbnailUrl\":\"https:\\\/\\\/nirigs.com\\\/wp-content\\\/uploads\\\/2024\\\/10\\\/Legador-Thon-a-lhuile-de-tournesol-95-g.jpg\",\"datePublished\":\"2024-10-19T13:12:33+00:00\",\"dateModified\":\"2025-06-06T14:26:33+00:00\",\"breadcrumb\":{\"@id\":\"https:\\\/\\\/nirigs.com\\\/product\\\/legador-thon-a-lhuile-de-tournesol-95-g\\\/#breadcrumb\"},\"inLanguage\":\"en-US\",\"potentialAction\":[{\"@type\":\"ReadAction\",\"target\":[\"https:\\\/\\\/nirigs.com\\\/product\\\/legador-thon-a-lhuile-de-tournesol-95-g\\\/\"]}]},{\"@type\":\"ImageObject\",\"inLanguage\":\"en-US\",\"@id\":\"https:\\\/\\\/nirigs.com\\\/product\\\/legador-thon-a-lhuile-de-tournesol-95-g\\\/#primaryimage\",\"url\":\"https:\\\/\\\/nirigs.com\\\/wp-content\\\/uploads\\\/2024\\\/10\\\/Legador-Thon-a-lhuile-de-tournesol-95-g.jpg\",\"contentUrl\":\"https:\\\/\\\/nirigs.com\\\/wp-content\\\/uploads\\\/2024\\\/10\\\/Legador-Thon-a-lhuile-de-tournesol-95-g.jpg\",\"width\":1000,\"height\":1000},{\"@type\":\"BreadcrumbList\",\"@id\":\"https:\\\/\\\/nirigs.com\\\/product\\\/legador-thon-a-lhuile-de-tournesol-95-g\\\/#breadcrumb\",\"itemListElement\":[{\"@type\":\"ListItem\",\"position\":1,\"name\":\"Home\",\"item\":\"https:\\\/\\\/nirigs.com\\\/\"},{\"@type\":\"ListItem\",\"position\":2,\"name\":\"Parcourir\",\"item\":\"https:\\\/\\\/nirigs.com\\\/boutique\\\/\"},{\"@type\":\"ListItem\",\"position\":3,\"name\":\"Legador &#8211; Thon \u00e0 l&rsquo;huile de tournesol &#8211; 95 g\"}]},{\"@type\":\"WebSite\",\"@id\":\"https:\\\/\\\/nirigs.com\\\/#website\",\"url\":\"https:\\\/\\\/nirigs.com\\\/\",\"name\":\"Nirigs.com\",\"description\":\"Simplifiez vos achats du quotidien \u00e0 Djibouti\",\"publisher\":{\"@id\":\"https:\\\/\\\/nirigs.com\\\/#organization\"},\"potentialAction\":[{\"@type\":\"SearchAction\",\"target\":{\"@type\":\"EntryPoint\",\"urlTemplate\":\"https:\\\/\\\/nirigs.com\\\/?s={search_term_string}\"},\"query-input\":{\"@type\":\"PropertyValueSpecification\",\"valueRequired\":true,\"valueName\":\"search_term_string\"}}],\"inLanguage\":\"en-US\"},{\"@type\":\"Organization\",\"@id\":\"https:\\\/\\\/nirigs.com\\\/#organization\",\"name\":\"Nirigs\",\"url\":\"https:\\\/\\\/nirigs.com\\\/\",\"logo\":{\"@type\":\"ImageObject\",\"inLanguage\":\"en-US\",\"@id\":\"https:\\\/\\\/nirigs.com\\\/#\\\/schema\\\/logo\\\/image\\\/\",\"url\":\"https:\\\/\\\/nirigs.com\\\/wp-content\\\/uploads\\\/2025\\\/04\\\/Design-sans-titre-27.png\",\"contentUrl\":\"https:\\\/\\\/nirigs.com\\\/wp-content\\\/uploads\\\/2025\\\/04\\\/Design-sans-titre-27.png\",\"width\":500,\"height\":500,\"caption\":\"Nirigs\"},\"image\":{\"@id\":\"https:\\\/\\\/nirigs.com\\\/#\\\/schema\\\/logo\\\/image\\\/\"}}]}<\/script>\n<!-- \/ Yoast SEO plugin. -->","yoast_head_json":{"title":"Legador - Thon \u00e0 l'huile de tournesol - 95 g - NIRIGS","robots":{"index":"index","follow":"follow","max-snippet":"max-snippet:-1","max-image-preview":"max-image-preview:large","max-video-preview":"max-video-preview:-1"},"canonical":"https:\/\/nirigs.com\/en\/product\/legador-thon-a-lhuile-de-tournesol-95-g\/","og_locale":"en_US","og_type":"article","og_title":"Legador - Thon \u00e0 l'huile de tournesol - 95 g - NIRIGS","og_description":"Le thon \u00e0 l&rsquo;huile de tournesol Legador est une option d\u00e9licieuse et pratique pour ajouter une touche de saveur \u00e0","og_url":"https:\/\/nirigs.com\/en\/product\/legador-thon-a-lhuile-de-tournesol-95-g\/","og_site_name":"NIRIGS","article_modified_time":"2025-06-06T14:26:33+00:00","og_image":[{"width":1000,"height":1000,"url":"https:\/\/nirigs.com\/wp-content\/uploads\/2024\/10\/Legador-Thon-a-lhuile-de-tournesol-95-g.jpg","type":"image\/jpeg"}],"twitter_card":"summary_large_image","twitter_misc":{"Est. reading time":"1 minute"},"schema":{"@context":"https:\/\/schema.org","@graph":[{"@type":"WebPage","@id":"https:\/\/nirigs.com\/product\/legador-thon-a-lhuile-de-tournesol-95-g\/","url":"https:\/\/nirigs.com\/product\/legador-thon-a-lhuile-de-tournesol-95-g\/","name":"Legador - Thon \u00e0 l'huile de tournesol - 95 g - NIRIGS","isPartOf":{"@id":"https:\/\/nirigs.com\/#website"},"primaryImageOfPage":{"@id":"https:\/\/nirigs.com\/product\/legador-thon-a-lhuile-de-tournesol-95-g\/#primaryimage"},"image":{"@id":"https:\/\/nirigs.com\/product\/legador-thon-a-lhuile-de-tournesol-95-g\/#primaryimage"},"thumbnailUrl":"https:\/\/nirigs.com\/wp-content\/uploads\/2024\/10\/Legador-Thon-a-lhuile-de-tournesol-95-g.jpg","datePublished":"2024-10-19T13:12:33+00:00","dateModified":"2025-06-06T14:26:33+00:00","breadcrumb":{"@id":"https:\/\/nirigs.com\/product\/legador-thon-a-lhuile-de-tournesol-95-g\/#breadcrumb"},"inLanguage":"en-US","potentialAction":[{"@type":"ReadAction","target":["https:\/\/nirigs.com\/product\/legador-thon-a-lhuile-de-tournesol-95-g\/"]}]},{"@type":"ImageObject","inLanguage":"en-US","@id":"https:\/\/nirigs.com\/product\/legador-thon-a-lhuile-de-tournesol-95-g\/#primaryimage","url":"https:\/\/nirigs.com\/wp-content\/uploads\/2024\/10\/Legador-Thon-a-lhuile-de-tournesol-95-g.jpg","contentUrl":"https:\/\/nirigs.com\/wp-content\/uploads\/2024\/10\/Legador-Thon-a-lhuile-de-tournesol-95-g.jpg","width":1000,"height":1000},{"@type":"BreadcrumbList","@id":"https:\/\/nirigs.com\/product\/legador-thon-a-lhuile-de-tournesol-95-g\/#breadcrumb","itemListElement":[{"@type":"ListItem","position":1,"name":"Home","item":"https:\/\/nirigs.com\/"},{"@type":"ListItem","position":2,"name":"Parcourir","item":"https:\/\/nirigs.com\/boutique\/"},{"@type":"ListItem","position":3,"name":"Legador &#8211; Thon \u00e0 l&rsquo;huile de tournesol &#8211; 95 g"}]},{"@type":"WebSite","@id":"https:\/\/nirigs.com\/#website","url":"https:\/\/nirigs.com\/","name":"Nirigs.com","description":"Simplifiez vos achats du quotidien \u00e0 Djibouti","publisher":{"@id":"https:\/\/nirigs.com\/#organization"},"potentialAction":[{"@type":"SearchAction","target":{"@type":"EntryPoint","urlTemplate":"https:\/\/nirigs.com\/?s={search_term_string}"},"query-input":{"@type":"PropertyValueSpecification","valueRequired":true,"valueName":"search_term_string"}}],"inLanguage":"en-US"},{"@type":"Organization","@id":"https:\/\/nirigs.com\/#organization","name":"Nirigs","url":"https:\/\/nirigs.com\/","logo":{"@type":"ImageObject","inLanguage":"en-US","@id":"https:\/\/nirigs.com\/#\/schema\/logo\/image\/","url":"https:\/\/nirigs.com\/wp-content\/uploads\/2025\/04\/Design-sans-titre-27.png","contentUrl":"https:\/\/nirigs.com\/wp-content\/uploads\/2025\/04\/Design-sans-titre-27.png","width":500,"height":500,"caption":"Nirigs"},"image":{"@id":"https:\/\/nirigs.com\/#\/schema\/logo\/image\/"}}]}},"brands":[{"id":1317,"name":"Legador","slug":"legador"}],"_links":{"self":[{"href":"https:\/\/nirigs.com\/en\/wp-json\/wp\/v2\/product\/25794","targetHints":{"allow":["GET"]}}],"collection":[{"href":"https:\/\/nirigs.com\/en\/wp-json\/wp\/v2\/product"}],"about":[{"href":"https:\/\/nirigs.com\/en\/wp-json\/wp\/v2\/types\/product"}],"replies":[{"embeddable":true,"href":"https:\/\/nirigs.com\/en\/wp-json\/wp\/v2\/comments?post=25794"}],"version-history":[{"count":3,"href":"https:\/\/nirigs.com\/en\/wp-json\/wp\/v2\/product\/25794\/revisions"}],"predecessor-version":[{"id":25796,"href":"https:\/\/nirigs.com\/en\/wp-json\/wp\/v2\/product\/25794\/revisions\/25796"}],"wp:featuredmedia":[{"embeddable":true,"href":"https:\/\/nirigs.com\/en\/wp-json\/wp\/v2\/media\/25797"}],"wp:attachment":[{"href":"https:\/\/nirigs.com\/en\/wp-json\/wp\/v2\/media?parent=25794"}],"wp:term":[{"taxonomy":"pwb-brand","embeddable":true,"href":"https:\/\/nirigs.com\/en\/wp-json\/wp\/v2\/pwb-brand?post=25794"},{"taxonomy":"product_brand","embeddable":true,"href":"https:\/\/nirigs.com\/en\/wp-json\/wp\/v2\/product_brand?post=25794"},{"taxonomy":"product_cat","embeddable":true,"href":"https:\/\/nirigs.com\/en\/wp-json\/wp\/v2\/product_cat?post=25794"},{"taxonomy":"product_tag","embeddable":true,"href":"https:\/\/nirigs.com\/en\/wp-json\/wp\/v2\/product_tag?post=25794"}],"curies":[{"name":"wp","href":"https:\/\/api.w.org\/{rel}","templated":true}]}}