{"id":25789,"date":"2024-10-19T15:58:26","date_gmt":"2024-10-19T12:58:26","guid":{"rendered":"https:\/\/nirigs.com\/?post_type=product&#038;p=25789"},"modified":"2024-11-10T18:51:48","modified_gmt":"2024-11-10T15:51:48","slug":"blanchaud-champignons-de-paris-390-g","status":"publish","type":"product","link":"https:\/\/nirigs.com\/en\/product\/blanchaud-champignons-de-paris-390-g\/","title":{"rendered":"Blanchaud &#8211; Champignons de Paris &#8211; 390 g"},"content":{"rendered":"<p>Les Champignons de Paris Blanchaud sont soigneusement s\u00e9lectionn\u00e9s et pr\u00e9par\u00e9s pour une utilisation rapide et facile dans une vari\u00e9t\u00e9 de plats. Connus pour leur texture d\u00e9licate et leur go\u00fbt subtil, ces champignons en conserve sont pr\u00eats \u00e0 \u00eatre utilis\u00e9s dans vos recettes, qu&rsquo;il s&rsquo;agisse de salades, de plats cuisin\u00e9s ou de garnitures.<\/p>\n<h4><strong>Ingredients:<\/strong><\/h4>\n<p>Champignons de Paris, eau, sel, antioxydant : acide ascorbique (E300), correcteur d&rsquo;acidit\u00e9 : acide citrique (E330).<\/p>\n<h4><strong>Advantages :<\/strong><\/h4>\n<ul>\n<li><strong>Ready to use :<\/strong> Champignons d\u00e9j\u00e0 pr\u00e9par\u00e9s et cuits, facilitant leur utilisation en cuisine.<\/li>\n<li><strong>Versatile :<\/strong> Peut \u00eatre utilis\u00e9 dans une grande vari\u00e9t\u00e9 de plats tels que des pizzas, des quiches, des sauces ou en accompagnement de viandes.<\/li>\n<li><strong>Riche en nutriments :<\/strong> Faible en calories, mais riche en vitamines et min\u00e9raux.<\/li>\n<li><strong>Conservation pratique :<\/strong> Se conserve longtemps gr\u00e2ce \u00e0 la mise en conserve, tout en conservant sa fra\u00eecheur et sa qualit\u00e9.<\/li>\n<\/ul>\n<h4><strong>Manual :<\/strong><\/h4>\n<ul>\n<li><strong>\u00c0 consommer tel quel :<\/strong> \u00c9goutter les champignons avant de les ajouter \u00e0 vos plats.<\/li>\n<li><strong>Suggested use :<\/strong> Parfait pour des plats comme les pizzas, les po\u00eal\u00e9es de l\u00e9gumes, ou pour \u00eatre incorpor\u00e9 dans des sauces.<\/li>\n<\/ul>\n<h4><strong>Precautions for use :<\/strong><\/h4>\n<ul>\n<li>Best before the date indicated on the packaging.<\/li>\n<li>Store in a cool, dry place. After opening, store in the refrigerator and use up quickly.<\/li>\n<\/ul>","protected":false},"excerpt":{"rendered":"<p>Les Champignons de Paris Blanchaud sont soigneusement s\u00e9lectionn\u00e9s et pr\u00e9par\u00e9s pour une utilisation rapide et facile dans une vari\u00e9t\u00e9 de<\/p>","protected":false},"featured_media":25791,"comment_status":"open","ping_status":"closed","template":"","meta":[],"pwb-brand":[1316],"product_brand":[],"product_cat":[1276,868,275,877],"product_tag":[],"class_list":{"0":"post-25789","1":"product","2":"type-product","3":"status-publish","4":"has-post-thumbnail","6":"pwb-brand-blanchaud","7":"product_cat-champignons","8":"product_cat-conserves-bocaux","9":"product_cat-epicerie","10":"product_cat-legumes-en-conserves","12":"first","13":"instock","14":"shipping-taxable","15":"purchasable","16":"product-type-simple"},"yoast_head":"<!-- This site is optimized with the Yoast SEO plugin v27.1.1 - https:\/\/yoast.com\/product\/yoast-seo-wordpress\/ -->\n<title>Blanchaud - Champignons de Paris - 390 g - NIRIGS<\/title>\n<meta name=\"robots\" content=\"index, follow, max-snippet:-1, max-image-preview:large, max-video-preview:-1\" \/>\n<link rel=\"canonical\" href=\"https:\/\/nirigs.com\/en\/product\/blanchaud-champignons-de-paris-390-g\/\" \/>\n<meta property=\"og:locale\" content=\"en_US\" \/>\n<meta property=\"og:type\" content=\"article\" \/>\n<meta property=\"og:title\" content=\"Blanchaud - Champignons de Paris - 390 g - NIRIGS\" \/>\n<meta property=\"og:description\" content=\"Les Champignons de Paris Blanchaud sont soigneusement s\u00e9lectionn\u00e9s et pr\u00e9par\u00e9s pour une utilisation rapide et facile dans une vari\u00e9t\u00e9 de\" \/>\n<meta property=\"og:url\" content=\"https:\/\/nirigs.com\/en\/product\/blanchaud-champignons-de-paris-390-g\/\" \/>\n<meta property=\"og:site_name\" content=\"NIRIGS\" \/>\n<meta property=\"article:modified_time\" content=\"2024-11-10T15:51:48+00:00\" \/>\n<meta property=\"og:image\" content=\"https:\/\/nirigs.com\/wp-content\/uploads\/2024\/10\/Blanchaud-Champignons-de-Paris-390-g.jpg\" \/>\n\t<meta property=\"og:image:width\" content=\"1000\" \/>\n\t<meta property=\"og:image:height\" content=\"1000\" \/>\n\t<meta property=\"og:image:type\" content=\"image\/jpeg\" \/>\n<meta name=\"twitter:card\" content=\"summary_large_image\" \/>\n<meta name=\"twitter:label1\" content=\"Est. reading time\" \/>\n\t<meta name=\"twitter:data1\" content=\"1 minute\" \/>\n<script type=\"application\/ld+json\" class=\"yoast-schema-graph\">{\"@context\":\"https:\/\/schema.org\",\"@graph\":[{\"@type\":\"WebPage\",\"@id\":\"https:\/\/nirigs.com\/product\/blanchaud-champignons-de-paris-390-g\/\",\"url\":\"https:\/\/nirigs.com\/product\/blanchaud-champignons-de-paris-390-g\/\",\"name\":\"Blanchaud - Champignons de Paris - 390 g - NIRIGS\",\"isPartOf\":{\"@id\":\"https:\/\/nirigs.com\/#website\"},\"primaryImageOfPage\":{\"@id\":\"https:\/\/nirigs.com\/product\/blanchaud-champignons-de-paris-390-g\/#primaryimage\"},\"image\":{\"@id\":\"https:\/\/nirigs.com\/product\/blanchaud-champignons-de-paris-390-g\/#primaryimage\"},\"thumbnailUrl\":\"https:\/\/nirigs.com\/wp-content\/uploads\/2024\/10\/Blanchaud-Champignons-de-Paris-390-g.jpg\",\"datePublished\":\"2024-10-19T12:58:26+00:00\",\"dateModified\":\"2024-11-10T15:51:48+00:00\",\"breadcrumb\":{\"@id\":\"https:\/\/nirigs.com\/product\/blanchaud-champignons-de-paris-390-g\/#breadcrumb\"},\"inLanguage\":\"en-US\",\"potentialAction\":[{\"@type\":\"ReadAction\",\"target\":[\"https:\/\/nirigs.com\/product\/blanchaud-champignons-de-paris-390-g\/\"]}]},{\"@type\":\"ImageObject\",\"inLanguage\":\"en-US\",\"@id\":\"https:\/\/nirigs.com\/product\/blanchaud-champignons-de-paris-390-g\/#primaryimage\",\"url\":\"https:\/\/nirigs.com\/wp-content\/uploads\/2024\/10\/Blanchaud-Champignons-de-Paris-390-g.jpg\",\"contentUrl\":\"https:\/\/nirigs.com\/wp-content\/uploads\/2024\/10\/Blanchaud-Champignons-de-Paris-390-g.jpg\",\"width\":1000,\"height\":1000},{\"@type\":\"BreadcrumbList\",\"@id\":\"https:\/\/nirigs.com\/product\/blanchaud-champignons-de-paris-390-g\/#breadcrumb\",\"itemListElement\":[{\"@type\":\"ListItem\",\"position\":1,\"name\":\"Home\",\"item\":\"https:\/\/nirigs.com\/\"},{\"@type\":\"ListItem\",\"position\":2,\"name\":\"Parcourir\",\"item\":\"https:\/\/nirigs.com\/boutique\/\"},{\"@type\":\"ListItem\",\"position\":3,\"name\":\"Blanchaud &#8211; Champignons de Paris &#8211; 390 g\"}]},{\"@type\":\"WebSite\",\"@id\":\"https:\/\/nirigs.com\/#website\",\"url\":\"https:\/\/nirigs.com\/\",\"name\":\"Nirigs.com\",\"description\":\"Simplifiez vos achats du quotidien \u00e0 Djibouti\",\"publisher\":{\"@id\":\"https:\/\/nirigs.com\/#organization\"},\"potentialAction\":[{\"@type\":\"SearchAction\",\"target\":{\"@type\":\"EntryPoint\",\"urlTemplate\":\"https:\/\/nirigs.com\/?s={search_term_string}\"},\"query-input\":{\"@type\":\"PropertyValueSpecification\",\"valueRequired\":true,\"valueName\":\"search_term_string\"}}],\"inLanguage\":\"en-US\"},{\"@type\":\"Organization\",\"@id\":\"https:\/\/nirigs.com\/#organization\",\"name\":\"Nirigs\",\"url\":\"https:\/\/nirigs.com\/\",\"logo\":{\"@type\":\"ImageObject\",\"inLanguage\":\"en-US\",\"@id\":\"https:\/\/nirigs.com\/#\/schema\/logo\/image\/\",\"url\":\"https:\/\/nirigs.com\/wp-content\/uploads\/2025\/04\/Design-sans-titre-27.png\",\"contentUrl\":\"https:\/\/nirigs.com\/wp-content\/uploads\/2025\/04\/Design-sans-titre-27.png\",\"width\":500,\"height\":500,\"caption\":\"Nirigs\"},\"image\":{\"@id\":\"https:\/\/nirigs.com\/#\/schema\/logo\/image\/\"}}]}<\/script>\n<!-- \/ Yoast SEO plugin. -->","yoast_head_json":{"title":"Blanchaud - Champignons de Paris - 390 g - NIRIGS","robots":{"index":"index","follow":"follow","max-snippet":"max-snippet:-1","max-image-preview":"max-image-preview:large","max-video-preview":"max-video-preview:-1"},"canonical":"https:\/\/nirigs.com\/en\/product\/blanchaud-champignons-de-paris-390-g\/","og_locale":"en_US","og_type":"article","og_title":"Blanchaud - Champignons de Paris - 390 g - NIRIGS","og_description":"Les Champignons de Paris Blanchaud sont soigneusement s\u00e9lectionn\u00e9s et pr\u00e9par\u00e9s pour une utilisation rapide et facile dans une vari\u00e9t\u00e9 de","og_url":"https:\/\/nirigs.com\/en\/product\/blanchaud-champignons-de-paris-390-g\/","og_site_name":"NIRIGS","article_modified_time":"2024-11-10T15:51:48+00:00","og_image":[{"width":1000,"height":1000,"url":"https:\/\/nirigs.com\/wp-content\/uploads\/2024\/10\/Blanchaud-Champignons-de-Paris-390-g.jpg","type":"image\/jpeg"}],"twitter_card":"summary_large_image","twitter_misc":{"Est. reading time":"1 minute"},"schema":{"@context":"https:\/\/schema.org","@graph":[{"@type":"WebPage","@id":"https:\/\/nirigs.com\/product\/blanchaud-champignons-de-paris-390-g\/","url":"https:\/\/nirigs.com\/product\/blanchaud-champignons-de-paris-390-g\/","name":"Blanchaud - Champignons de Paris - 390 g - NIRIGS","isPartOf":{"@id":"https:\/\/nirigs.com\/#website"},"primaryImageOfPage":{"@id":"https:\/\/nirigs.com\/product\/blanchaud-champignons-de-paris-390-g\/#primaryimage"},"image":{"@id":"https:\/\/nirigs.com\/product\/blanchaud-champignons-de-paris-390-g\/#primaryimage"},"thumbnailUrl":"https:\/\/nirigs.com\/wp-content\/uploads\/2024\/10\/Blanchaud-Champignons-de-Paris-390-g.jpg","datePublished":"2024-10-19T12:58:26+00:00","dateModified":"2024-11-10T15:51:48+00:00","breadcrumb":{"@id":"https:\/\/nirigs.com\/product\/blanchaud-champignons-de-paris-390-g\/#breadcrumb"},"inLanguage":"en-US","potentialAction":[{"@type":"ReadAction","target":["https:\/\/nirigs.com\/product\/blanchaud-champignons-de-paris-390-g\/"]}]},{"@type":"ImageObject","inLanguage":"en-US","@id":"https:\/\/nirigs.com\/product\/blanchaud-champignons-de-paris-390-g\/#primaryimage","url":"https:\/\/nirigs.com\/wp-content\/uploads\/2024\/10\/Blanchaud-Champignons-de-Paris-390-g.jpg","contentUrl":"https:\/\/nirigs.com\/wp-content\/uploads\/2024\/10\/Blanchaud-Champignons-de-Paris-390-g.jpg","width":1000,"height":1000},{"@type":"BreadcrumbList","@id":"https:\/\/nirigs.com\/product\/blanchaud-champignons-de-paris-390-g\/#breadcrumb","itemListElement":[{"@type":"ListItem","position":1,"name":"Home","item":"https:\/\/nirigs.com\/"},{"@type":"ListItem","position":2,"name":"Parcourir","item":"https:\/\/nirigs.com\/boutique\/"},{"@type":"ListItem","position":3,"name":"Blanchaud &#8211; Champignons de Paris &#8211; 390 g"}]},{"@type":"WebSite","@id":"https:\/\/nirigs.com\/#website","url":"https:\/\/nirigs.com\/","name":"Nirigs.com","description":"Simplifiez vos achats du quotidien \u00e0 Djibouti","publisher":{"@id":"https:\/\/nirigs.com\/#organization"},"potentialAction":[{"@type":"SearchAction","target":{"@type":"EntryPoint","urlTemplate":"https:\/\/nirigs.com\/?s={search_term_string}"},"query-input":{"@type":"PropertyValueSpecification","valueRequired":true,"valueName":"search_term_string"}}],"inLanguage":"en-US"},{"@type":"Organization","@id":"https:\/\/nirigs.com\/#organization","name":"Nirigs","url":"https:\/\/nirigs.com\/","logo":{"@type":"ImageObject","inLanguage":"en-US","@id":"https:\/\/nirigs.com\/#\/schema\/logo\/image\/","url":"https:\/\/nirigs.com\/wp-content\/uploads\/2025\/04\/Design-sans-titre-27.png","contentUrl":"https:\/\/nirigs.com\/wp-content\/uploads\/2025\/04\/Design-sans-titre-27.png","width":500,"height":500,"caption":"Nirigs"},"image":{"@id":"https:\/\/nirigs.com\/#\/schema\/logo\/image\/"}}]}},"brands":[{"id":1316,"name":"Blanchaud","slug":"blanchaud"}],"_links":{"self":[{"href":"https:\/\/nirigs.com\/en\/wp-json\/wp\/v2\/product\/25789","targetHints":{"allow":["GET"]}}],"collection":[{"href":"https:\/\/nirigs.com\/en\/wp-json\/wp\/v2\/product"}],"about":[{"href":"https:\/\/nirigs.com\/en\/wp-json\/wp\/v2\/types\/product"}],"replies":[{"embeddable":true,"href":"https:\/\/nirigs.com\/en\/wp-json\/wp\/v2\/comments?post=25789"}],"version-history":[{"count":3,"href":"https:\/\/nirigs.com\/en\/wp-json\/wp\/v2\/product\/25789\/revisions"}],"predecessor-version":[{"id":25792,"href":"https:\/\/nirigs.com\/en\/wp-json\/wp\/v2\/product\/25789\/revisions\/25792"}],"wp:featuredmedia":[{"embeddable":true,"href":"https:\/\/nirigs.com\/en\/wp-json\/wp\/v2\/media\/25791"}],"wp:attachment":[{"href":"https:\/\/nirigs.com\/en\/wp-json\/wp\/v2\/media?parent=25789"}],"wp:term":[{"taxonomy":"pwb-brand","embeddable":true,"href":"https:\/\/nirigs.com\/en\/wp-json\/wp\/v2\/pwb-brand?post=25789"},{"taxonomy":"product_brand","embeddable":true,"href":"https:\/\/nirigs.com\/en\/wp-json\/wp\/v2\/product_brand?post=25789"},{"taxonomy":"product_cat","embeddable":true,"href":"https:\/\/nirigs.com\/en\/wp-json\/wp\/v2\/product_cat?post=25789"},{"taxonomy":"product_tag","embeddable":true,"href":"https:\/\/nirigs.com\/en\/wp-json\/wp\/v2\/product_tag?post=25789"}],"curies":[{"name":"wp","href":"https:\/\/api.w.org\/{rel}","templated":true}]}}