{"id":25738,"date":"2024-10-19T15:23:40","date_gmt":"2024-10-19T12:23:40","guid":{"rendered":"https:\/\/nirigs.com\/?post_type=product&#038;p=25738"},"modified":"2024-11-10T18:52:33","modified_gmt":"2024-11-10T15:52:33","slug":"luna-haricots-blancs-380-g","status":"publish","type":"product","link":"https:\/\/nirigs.com\/en\/product\/luna-haricots-blancs-380-g\/","title":{"rendered":"Luna &#8211; Haricots blancs &#8211; 380 g"},"content":{"rendered":"<p>Les haricots blancs Luna sont un aliment de base nutritif, parfait pour accompagner de nombreux plats ou pour \u00eatre utilis\u00e9 dans diverses recettes. Riches en fibres et en prot\u00e9ines, ces haricots blancs sont cuits \u00e0 la perfection et pr\u00eats \u00e0 l\u2019emploi, id\u00e9aux pour pr\u00e9parer des repas sains et \u00e9quilibr\u00e9s.<\/p>\n<h4><strong>Ingredients:<\/strong><\/h4>\n<p>Haricots blancs, eau, sel, r\u00e9gulateur d\u2019acidit\u00e9 : acide citrique.<\/p>\n<h4><strong>Advantages :<\/strong><\/h4>\n<ul>\n<li><strong>Ready to use :<\/strong> Gain de temps, les haricots sont d\u00e9j\u00e0 cuits.<\/li>\n<li><strong>Source de fibres et prot\u00e9ines :<\/strong> Un aliment nutritif essentiel dans une alimentation \u00e9quilibr\u00e9e.<\/li>\n<li><strong>Sans conservateurs artificiels :<\/strong> Produit simple et naturel.<\/li>\n<li><strong>Versatile :<\/strong> Peut \u00eatre utilis\u00e9 dans des soupes, salades, rago\u00fbts ou accompagn\u00e9 de viande ou de l\u00e9gumes.<\/li>\n<li><strong>Practical format :<\/strong> Bo\u00eete de conserve facile \u00e0 stocker pour une utilisation rapide.<\/li>\n<\/ul>\n<h4><strong>Manual :<\/strong><\/h4>\n<ul>\n<li><strong>\u00c0 consommer tel quel :<\/strong> Ouvrir et \u00e9goutter avant de les ajouter \u00e0 vos plats.<\/li>\n<li><strong>\u00c0 r\u00e9chauffer :<\/strong> Verser les haricots dans une casserole ou chauffer au micro-ondes selon vos pr\u00e9f\u00e9rences.<\/li>\n<\/ul>\n<h4><strong>Precautions for use :<\/strong><\/h4>\n<ul>\n<li>Best before the date indicated on the packaging.<\/li>\n<li>Store in a cool, dry place. After opening, store in the refrigerator and use up quickly.<\/li>\n<\/ul>","protected":false},"excerpt":{"rendered":"<p>Les haricots blancs Luna sont un aliment de base nutritif, parfait pour accompagner de nombreux plats ou pour \u00eatre utilis\u00e9<\/p>","protected":false},"featured_media":25771,"comment_status":"open","ping_status":"closed","template":"","meta":[],"pwb-brand":[1306],"product_brand":[],"product_cat":[868,275,888,877],"product_tag":[],"class_list":{"0":"post-25738","1":"product","2":"type-product","3":"status-publish","4":"has-post-thumbnail","6":"pwb-brand-luna","7":"product_cat-conserves-bocaux","8":"product_cat-epicerie","9":"product_cat-haricots-blancs","10":"product_cat-legumes-en-conserves","12":"first","13":"instock","14":"shipping-taxable","15":"purchasable","16":"product-type-simple"},"yoast_head":"<!-- This site is optimized with the Yoast SEO plugin v27.1.1 - https:\/\/yoast.com\/product\/yoast-seo-wordpress\/ -->\n<title>Luna - Haricots blancs - 380 g - NIRIGS<\/title>\n<meta name=\"robots\" content=\"index, follow, max-snippet:-1, max-image-preview:large, max-video-preview:-1\" \/>\n<link rel=\"canonical\" href=\"https:\/\/nirigs.com\/en\/product\/luna-haricots-blancs-380-g\/\" \/>\n<meta property=\"og:locale\" content=\"en_US\" \/>\n<meta property=\"og:type\" content=\"article\" \/>\n<meta property=\"og:title\" content=\"Luna - Haricots blancs - 380 g - NIRIGS\" \/>\n<meta property=\"og:description\" content=\"Les haricots blancs Luna sont un aliment de base nutritif, parfait pour accompagner de nombreux plats ou pour \u00eatre utilis\u00e9\" \/>\n<meta property=\"og:url\" content=\"https:\/\/nirigs.com\/en\/product\/luna-haricots-blancs-380-g\/\" \/>\n<meta property=\"og:site_name\" content=\"NIRIGS\" \/>\n<meta property=\"article:modified_time\" content=\"2024-11-10T15:52:33+00:00\" \/>\n<meta property=\"og:image\" content=\"https:\/\/nirigs.com\/wp-content\/uploads\/2024\/10\/Luna-Haricots-blancs-380-g.jpg\" \/>\n\t<meta property=\"og:image:width\" content=\"1000\" \/>\n\t<meta property=\"og:image:height\" content=\"1000\" \/>\n\t<meta property=\"og:image:type\" content=\"image\/jpeg\" \/>\n<meta name=\"twitter:card\" content=\"summary_large_image\" \/>\n<meta name=\"twitter:label1\" content=\"Est. reading time\" \/>\n\t<meta name=\"twitter:data1\" content=\"1 minute\" \/>\n<script type=\"application\/ld+json\" class=\"yoast-schema-graph\">{\"@context\":\"https:\/\/schema.org\",\"@graph\":[{\"@type\":\"WebPage\",\"@id\":\"https:\/\/nirigs.com\/product\/luna-haricots-blancs-380-g\/\",\"url\":\"https:\/\/nirigs.com\/product\/luna-haricots-blancs-380-g\/\",\"name\":\"Luna - Haricots blancs - 380 g - NIRIGS\",\"isPartOf\":{\"@id\":\"https:\/\/nirigs.com\/#website\"},\"primaryImageOfPage\":{\"@id\":\"https:\/\/nirigs.com\/product\/luna-haricots-blancs-380-g\/#primaryimage\"},\"image\":{\"@id\":\"https:\/\/nirigs.com\/product\/luna-haricots-blancs-380-g\/#primaryimage\"},\"thumbnailUrl\":\"https:\/\/nirigs.com\/wp-content\/uploads\/2024\/10\/Luna-Haricots-blancs-380-g.jpg\",\"datePublished\":\"2024-10-19T12:23:40+00:00\",\"dateModified\":\"2024-11-10T15:52:33+00:00\",\"breadcrumb\":{\"@id\":\"https:\/\/nirigs.com\/product\/luna-haricots-blancs-380-g\/#breadcrumb\"},\"inLanguage\":\"en-US\",\"potentialAction\":[{\"@type\":\"ReadAction\",\"target\":[\"https:\/\/nirigs.com\/product\/luna-haricots-blancs-380-g\/\"]}]},{\"@type\":\"ImageObject\",\"inLanguage\":\"en-US\",\"@id\":\"https:\/\/nirigs.com\/product\/luna-haricots-blancs-380-g\/#primaryimage\",\"url\":\"https:\/\/nirigs.com\/wp-content\/uploads\/2024\/10\/Luna-Haricots-blancs-380-g.jpg\",\"contentUrl\":\"https:\/\/nirigs.com\/wp-content\/uploads\/2024\/10\/Luna-Haricots-blancs-380-g.jpg\",\"width\":1000,\"height\":1000},{\"@type\":\"BreadcrumbList\",\"@id\":\"https:\/\/nirigs.com\/product\/luna-haricots-blancs-380-g\/#breadcrumb\",\"itemListElement\":[{\"@type\":\"ListItem\",\"position\":1,\"name\":\"Home\",\"item\":\"https:\/\/nirigs.com\/\"},{\"@type\":\"ListItem\",\"position\":2,\"name\":\"Parcourir\",\"item\":\"https:\/\/nirigs.com\/boutique\/\"},{\"@type\":\"ListItem\",\"position\":3,\"name\":\"Luna &#8211; Haricots blancs &#8211; 380 g\"}]},{\"@type\":\"WebSite\",\"@id\":\"https:\/\/nirigs.com\/#website\",\"url\":\"https:\/\/nirigs.com\/\",\"name\":\"Nirigs.com\",\"description\":\"Simplifiez vos achats du quotidien \u00e0 Djibouti\",\"publisher\":{\"@id\":\"https:\/\/nirigs.com\/#organization\"},\"potentialAction\":[{\"@type\":\"SearchAction\",\"target\":{\"@type\":\"EntryPoint\",\"urlTemplate\":\"https:\/\/nirigs.com\/?s={search_term_string}\"},\"query-input\":{\"@type\":\"PropertyValueSpecification\",\"valueRequired\":true,\"valueName\":\"search_term_string\"}}],\"inLanguage\":\"en-US\"},{\"@type\":\"Organization\",\"@id\":\"https:\/\/nirigs.com\/#organization\",\"name\":\"Nirigs\",\"url\":\"https:\/\/nirigs.com\/\",\"logo\":{\"@type\":\"ImageObject\",\"inLanguage\":\"en-US\",\"@id\":\"https:\/\/nirigs.com\/#\/schema\/logo\/image\/\",\"url\":\"https:\/\/nirigs.com\/wp-content\/uploads\/2025\/04\/Design-sans-titre-27.png\",\"contentUrl\":\"https:\/\/nirigs.com\/wp-content\/uploads\/2025\/04\/Design-sans-titre-27.png\",\"width\":500,\"height\":500,\"caption\":\"Nirigs\"},\"image\":{\"@id\":\"https:\/\/nirigs.com\/#\/schema\/logo\/image\/\"}}]}<\/script>\n<!-- \/ Yoast SEO plugin. -->","yoast_head_json":{"title":"Luna - Haricots blancs - 380 g - NIRIGS","robots":{"index":"index","follow":"follow","max-snippet":"max-snippet:-1","max-image-preview":"max-image-preview:large","max-video-preview":"max-video-preview:-1"},"canonical":"https:\/\/nirigs.com\/en\/product\/luna-haricots-blancs-380-g\/","og_locale":"en_US","og_type":"article","og_title":"Luna - Haricots blancs - 380 g - NIRIGS","og_description":"Les haricots blancs Luna sont un aliment de base nutritif, parfait pour accompagner de nombreux plats ou pour \u00eatre utilis\u00e9","og_url":"https:\/\/nirigs.com\/en\/product\/luna-haricots-blancs-380-g\/","og_site_name":"NIRIGS","article_modified_time":"2024-11-10T15:52:33+00:00","og_image":[{"width":1000,"height":1000,"url":"https:\/\/nirigs.com\/wp-content\/uploads\/2024\/10\/Luna-Haricots-blancs-380-g.jpg","type":"image\/jpeg"}],"twitter_card":"summary_large_image","twitter_misc":{"Est. reading time":"1 minute"},"schema":{"@context":"https:\/\/schema.org","@graph":[{"@type":"WebPage","@id":"https:\/\/nirigs.com\/product\/luna-haricots-blancs-380-g\/","url":"https:\/\/nirigs.com\/product\/luna-haricots-blancs-380-g\/","name":"Luna - Haricots blancs - 380 g - NIRIGS","isPartOf":{"@id":"https:\/\/nirigs.com\/#website"},"primaryImageOfPage":{"@id":"https:\/\/nirigs.com\/product\/luna-haricots-blancs-380-g\/#primaryimage"},"image":{"@id":"https:\/\/nirigs.com\/product\/luna-haricots-blancs-380-g\/#primaryimage"},"thumbnailUrl":"https:\/\/nirigs.com\/wp-content\/uploads\/2024\/10\/Luna-Haricots-blancs-380-g.jpg","datePublished":"2024-10-19T12:23:40+00:00","dateModified":"2024-11-10T15:52:33+00:00","breadcrumb":{"@id":"https:\/\/nirigs.com\/product\/luna-haricots-blancs-380-g\/#breadcrumb"},"inLanguage":"en-US","potentialAction":[{"@type":"ReadAction","target":["https:\/\/nirigs.com\/product\/luna-haricots-blancs-380-g\/"]}]},{"@type":"ImageObject","inLanguage":"en-US","@id":"https:\/\/nirigs.com\/product\/luna-haricots-blancs-380-g\/#primaryimage","url":"https:\/\/nirigs.com\/wp-content\/uploads\/2024\/10\/Luna-Haricots-blancs-380-g.jpg","contentUrl":"https:\/\/nirigs.com\/wp-content\/uploads\/2024\/10\/Luna-Haricots-blancs-380-g.jpg","width":1000,"height":1000},{"@type":"BreadcrumbList","@id":"https:\/\/nirigs.com\/product\/luna-haricots-blancs-380-g\/#breadcrumb","itemListElement":[{"@type":"ListItem","position":1,"name":"Home","item":"https:\/\/nirigs.com\/"},{"@type":"ListItem","position":2,"name":"Parcourir","item":"https:\/\/nirigs.com\/boutique\/"},{"@type":"ListItem","position":3,"name":"Luna &#8211; Haricots blancs &#8211; 380 g"}]},{"@type":"WebSite","@id":"https:\/\/nirigs.com\/#website","url":"https:\/\/nirigs.com\/","name":"Nirigs.com","description":"Simplifiez vos achats du quotidien \u00e0 Djibouti","publisher":{"@id":"https:\/\/nirigs.com\/#organization"},"potentialAction":[{"@type":"SearchAction","target":{"@type":"EntryPoint","urlTemplate":"https:\/\/nirigs.com\/?s={search_term_string}"},"query-input":{"@type":"PropertyValueSpecification","valueRequired":true,"valueName":"search_term_string"}}],"inLanguage":"en-US"},{"@type":"Organization","@id":"https:\/\/nirigs.com\/#organization","name":"Nirigs","url":"https:\/\/nirigs.com\/","logo":{"@type":"ImageObject","inLanguage":"en-US","@id":"https:\/\/nirigs.com\/#\/schema\/logo\/image\/","url":"https:\/\/nirigs.com\/wp-content\/uploads\/2025\/04\/Design-sans-titre-27.png","contentUrl":"https:\/\/nirigs.com\/wp-content\/uploads\/2025\/04\/Design-sans-titre-27.png","width":500,"height":500,"caption":"Nirigs"},"image":{"@id":"https:\/\/nirigs.com\/#\/schema\/logo\/image\/"}}]}},"brands":[{"id":1306,"name":"Luna","slug":"luna"}],"_links":{"self":[{"href":"https:\/\/nirigs.com\/en\/wp-json\/wp\/v2\/product\/25738","targetHints":{"allow":["GET"]}}],"collection":[{"href":"https:\/\/nirigs.com\/en\/wp-json\/wp\/v2\/product"}],"about":[{"href":"https:\/\/nirigs.com\/en\/wp-json\/wp\/v2\/types\/product"}],"replies":[{"embeddable":true,"href":"https:\/\/nirigs.com\/en\/wp-json\/wp\/v2\/comments?post=25738"}],"version-history":[{"count":1,"href":"https:\/\/nirigs.com\/en\/wp-json\/wp\/v2\/product\/25738\/revisions"}],"predecessor-version":[{"id":25772,"href":"https:\/\/nirigs.com\/en\/wp-json\/wp\/v2\/product\/25738\/revisions\/25772"}],"wp:featuredmedia":[{"embeddable":true,"href":"https:\/\/nirigs.com\/en\/wp-json\/wp\/v2\/media\/25771"}],"wp:attachment":[{"href":"https:\/\/nirigs.com\/en\/wp-json\/wp\/v2\/media?parent=25738"}],"wp:term":[{"taxonomy":"pwb-brand","embeddable":true,"href":"https:\/\/nirigs.com\/en\/wp-json\/wp\/v2\/pwb-brand?post=25738"},{"taxonomy":"product_brand","embeddable":true,"href":"https:\/\/nirigs.com\/en\/wp-json\/wp\/v2\/product_brand?post=25738"},{"taxonomy":"product_cat","embeddable":true,"href":"https:\/\/nirigs.com\/en\/wp-json\/wp\/v2\/product_cat?post=25738"},{"taxonomy":"product_tag","embeddable":true,"href":"https:\/\/nirigs.com\/en\/wp-json\/wp\/v2\/product_tag?post=25738"}],"curies":[{"name":"wp","href":"https:\/\/api.w.org\/{rel}","templated":true}]}}