{"id":25731,"date":"2024-10-17T21:58:30","date_gmt":"2024-10-17T18:58:30","guid":{"rendered":"https:\/\/nirigs.com\/?post_type=product&#038;p=25731"},"modified":"2024-11-10T18:52:43","modified_gmt":"2024-11-10T15:52:43","slug":"luna-haricots-blancs-a-la-sauce-tomate-380-g","status":"publish","type":"product","link":"https:\/\/nirigs.com\/en\/product\/luna-haricots-blancs-a-la-sauce-tomate-380-g\/","title":{"rendered":"Luna &#8211; Haricots blancs \u00e0 la sauce tomate &#8211; 380 g"},"content":{"rendered":"<p>Les haricots blancs \u00e0 la sauce tomate Luna sont un plat pr\u00eat \u00e0 l&#8217;emploi, alliant la tendret\u00e9 des haricots blancs \u00e0 une d\u00e9licieuse sauce tomate l\u00e9g\u00e8rement \u00e9pic\u00e9e. Id\u00e9al pour accompagner vos repas ou \u00e0 savourer tel quel, ce produit offre une option rapide et savoureuse pour ceux qui veulent un repas nutritif sans trop de pr\u00e9paration.<\/p>\n<h4><strong>Ingredients:<\/strong><\/h4>\n<p>Haricots blancs, pur\u00e9e de tomates, eau, sucre, sel, r\u00e9gulateur d\u2019acidit\u00e9 : acide citrique, \u00e9pices.<\/p>\n<h4><strong>Advantages :<\/strong><\/h4>\n<ul>\n<li><strong>Ready to use :<\/strong> Id\u00e9al pour des repas rapides et pratiques.<\/li>\n<li><strong>Riche en fibres et prot\u00e9ines :<\/strong> Les haricots blancs sont une excellente source de nutriments essentiels.<\/li>\n<li><strong>Sans conservateurs artificiels :<\/strong> Ingr\u00e9dients naturels pour un go\u00fbt authentique.<\/li>\n<li><strong>Versatile :<\/strong> Peut \u00eatre utilis\u00e9 comme accompagnement ou plat principal.<\/li>\n<li><strong>Practical format :<\/strong> Conserve de 380 g, facile \u00e0 stocker et \u00e0 pr\u00e9parer.<\/li>\n<\/ul>\n<h4><strong>Manual :<\/strong><\/h4>\n<ul>\n<li><strong>\u00c0 r\u00e9chauffer :<\/strong> Verser le contenu de la bo\u00eete dans une casserole ou au micro-ondes, et r\u00e9chauffer quelques minutes avant de servir.<\/li>\n<li><strong>Suggestion de pr\u00e9sentation :<\/strong> Accompagner avec du pain, du riz, ou en garniture pour un plat de viande ou de l\u00e9gumes.<\/li>\n<\/ul>\n<h4><strong>Precautions for use :<\/strong><\/h4>\n<ul>\n<li>Best before the date indicated on the packaging.<\/li>\n<li>Store in a cool, dry place. After opening, store in the refrigerator and use up quickly.<\/li>\n<\/ul>","protected":false},"excerpt":{"rendered":"<p>Les haricots blancs \u00e0 la sauce tomate Luna sont un plat pr\u00eat \u00e0 l&#8217;emploi, alliant la tendret\u00e9 des haricots blancs<\/p>","protected":false},"featured_media":25776,"comment_status":"open","ping_status":"closed","template":"","meta":[],"pwb-brand":[1306],"product_brand":[],"product_cat":[868,275,888,877],"product_tag":[],"class_list":{"0":"post-25731","1":"product","2":"type-product","3":"status-publish","4":"has-post-thumbnail","6":"pwb-brand-luna","7":"product_cat-conserves-bocaux","8":"product_cat-epicerie","9":"product_cat-haricots-blancs","10":"product_cat-legumes-en-conserves","12":"first","13":"instock","14":"shipping-taxable","15":"purchasable","16":"product-type-simple"},"yoast_head":"<!-- This site is optimized with the Yoast SEO plugin v27.4 - https:\/\/yoast.com\/product\/yoast-seo-wordpress\/ -->\n<title>Luna - Haricots blancs \u00e0 la sauce tomate - 380 g - NIRIGS<\/title>\n<meta name=\"robots\" content=\"index, follow, max-snippet:-1, max-image-preview:large, max-video-preview:-1\" \/>\n<link rel=\"canonical\" href=\"https:\/\/nirigs.com\/en\/product\/luna-haricots-blancs-a-la-sauce-tomate-380-g\/\" \/>\n<meta property=\"og:locale\" content=\"en_US\" \/>\n<meta property=\"og:type\" content=\"article\" \/>\n<meta property=\"og:title\" content=\"Luna - Haricots blancs \u00e0 la sauce tomate - 380 g - NIRIGS\" \/>\n<meta property=\"og:description\" content=\"Les haricots blancs \u00e0 la sauce tomate Luna sont un plat pr\u00eat \u00e0 l&#8217;emploi, alliant la tendret\u00e9 des haricots blancs\" \/>\n<meta property=\"og:url\" content=\"https:\/\/nirigs.com\/en\/product\/luna-haricots-blancs-a-la-sauce-tomate-380-g\/\" \/>\n<meta property=\"og:site_name\" content=\"NIRIGS\" \/>\n<meta property=\"article:modified_time\" content=\"2024-11-10T15:52:43+00:00\" \/>\n<meta property=\"og:image\" content=\"https:\/\/nirigs.com\/wp-content\/uploads\/2024\/10\/Luna-Haricots-blancs-a-la-sauce-tomate-380-g-2.jpg\" \/>\n\t<meta property=\"og:image:width\" content=\"1000\" \/>\n\t<meta property=\"og:image:height\" content=\"1000\" \/>\n\t<meta property=\"og:image:type\" content=\"image\/jpeg\" \/>\n<meta name=\"twitter:card\" content=\"summary_large_image\" \/>\n<meta name=\"twitter:label1\" content=\"Est. reading time\" \/>\n\t<meta name=\"twitter:data1\" content=\"1 minute\" \/>\n<script type=\"application\/ld+json\" class=\"yoast-schema-graph\">{\"@context\":\"https:\\\/\\\/schema.org\",\"@graph\":[{\"@type\":\"WebPage\",\"@id\":\"https:\\\/\\\/nirigs.com\\\/product\\\/luna-haricots-blancs-a-la-sauce-tomate-380-g\\\/\",\"url\":\"https:\\\/\\\/nirigs.com\\\/product\\\/luna-haricots-blancs-a-la-sauce-tomate-380-g\\\/\",\"name\":\"Luna - Haricots blancs \u00e0 la sauce tomate - 380 g - NIRIGS\",\"isPartOf\":{\"@id\":\"https:\\\/\\\/nirigs.com\\\/#website\"},\"primaryImageOfPage\":{\"@id\":\"https:\\\/\\\/nirigs.com\\\/product\\\/luna-haricots-blancs-a-la-sauce-tomate-380-g\\\/#primaryimage\"},\"image\":{\"@id\":\"https:\\\/\\\/nirigs.com\\\/product\\\/luna-haricots-blancs-a-la-sauce-tomate-380-g\\\/#primaryimage\"},\"thumbnailUrl\":\"https:\\\/\\\/nirigs.com\\\/wp-content\\\/uploads\\\/2024\\\/10\\\/Luna-Haricots-blancs-a-la-sauce-tomate-380-g-2.jpg\",\"datePublished\":\"2024-10-17T18:58:30+00:00\",\"dateModified\":\"2024-11-10T15:52:43+00:00\",\"breadcrumb\":{\"@id\":\"https:\\\/\\\/nirigs.com\\\/product\\\/luna-haricots-blancs-a-la-sauce-tomate-380-g\\\/#breadcrumb\"},\"inLanguage\":\"en-US\",\"potentialAction\":[{\"@type\":\"ReadAction\",\"target\":[\"https:\\\/\\\/nirigs.com\\\/product\\\/luna-haricots-blancs-a-la-sauce-tomate-380-g\\\/\"]}]},{\"@type\":\"ImageObject\",\"inLanguage\":\"en-US\",\"@id\":\"https:\\\/\\\/nirigs.com\\\/product\\\/luna-haricots-blancs-a-la-sauce-tomate-380-g\\\/#primaryimage\",\"url\":\"https:\\\/\\\/nirigs.com\\\/wp-content\\\/uploads\\\/2024\\\/10\\\/Luna-Haricots-blancs-a-la-sauce-tomate-380-g-2.jpg\",\"contentUrl\":\"https:\\\/\\\/nirigs.com\\\/wp-content\\\/uploads\\\/2024\\\/10\\\/Luna-Haricots-blancs-a-la-sauce-tomate-380-g-2.jpg\",\"width\":1000,\"height\":1000},{\"@type\":\"BreadcrumbList\",\"@id\":\"https:\\\/\\\/nirigs.com\\\/product\\\/luna-haricots-blancs-a-la-sauce-tomate-380-g\\\/#breadcrumb\",\"itemListElement\":[{\"@type\":\"ListItem\",\"position\":1,\"name\":\"Home\",\"item\":\"https:\\\/\\\/nirigs.com\\\/\"},{\"@type\":\"ListItem\",\"position\":2,\"name\":\"Parcourir\",\"item\":\"https:\\\/\\\/nirigs.com\\\/boutique\\\/\"},{\"@type\":\"ListItem\",\"position\":3,\"name\":\"Luna &#8211; Haricots blancs \u00e0 la sauce tomate &#8211; 380 g\"}]},{\"@type\":\"WebSite\",\"@id\":\"https:\\\/\\\/nirigs.com\\\/#website\",\"url\":\"https:\\\/\\\/nirigs.com\\\/\",\"name\":\"Nirigs.com\",\"description\":\"Simplifiez vos achats du quotidien \u00e0 Djibouti\",\"publisher\":{\"@id\":\"https:\\\/\\\/nirigs.com\\\/#organization\"},\"potentialAction\":[{\"@type\":\"SearchAction\",\"target\":{\"@type\":\"EntryPoint\",\"urlTemplate\":\"https:\\\/\\\/nirigs.com\\\/?s={search_term_string}\"},\"query-input\":{\"@type\":\"PropertyValueSpecification\",\"valueRequired\":true,\"valueName\":\"search_term_string\"}}],\"inLanguage\":\"en-US\"},{\"@type\":\"Organization\",\"@id\":\"https:\\\/\\\/nirigs.com\\\/#organization\",\"name\":\"Nirigs\",\"url\":\"https:\\\/\\\/nirigs.com\\\/\",\"logo\":{\"@type\":\"ImageObject\",\"inLanguage\":\"en-US\",\"@id\":\"https:\\\/\\\/nirigs.com\\\/#\\\/schema\\\/logo\\\/image\\\/\",\"url\":\"https:\\\/\\\/nirigs.com\\\/wp-content\\\/uploads\\\/2025\\\/04\\\/Design-sans-titre-27.png\",\"contentUrl\":\"https:\\\/\\\/nirigs.com\\\/wp-content\\\/uploads\\\/2025\\\/04\\\/Design-sans-titre-27.png\",\"width\":500,\"height\":500,\"caption\":\"Nirigs\"},\"image\":{\"@id\":\"https:\\\/\\\/nirigs.com\\\/#\\\/schema\\\/logo\\\/image\\\/\"}}]}<\/script>\n<!-- \/ Yoast SEO plugin. -->","yoast_head_json":{"title":"Luna - Haricots blancs \u00e0 la sauce tomate - 380 g - NIRIGS","robots":{"index":"index","follow":"follow","max-snippet":"max-snippet:-1","max-image-preview":"max-image-preview:large","max-video-preview":"max-video-preview:-1"},"canonical":"https:\/\/nirigs.com\/en\/product\/luna-haricots-blancs-a-la-sauce-tomate-380-g\/","og_locale":"en_US","og_type":"article","og_title":"Luna - Haricots blancs \u00e0 la sauce tomate - 380 g - NIRIGS","og_description":"Les haricots blancs \u00e0 la sauce tomate Luna sont un plat pr\u00eat \u00e0 l&#8217;emploi, alliant la tendret\u00e9 des haricots blancs","og_url":"https:\/\/nirigs.com\/en\/product\/luna-haricots-blancs-a-la-sauce-tomate-380-g\/","og_site_name":"NIRIGS","article_modified_time":"2024-11-10T15:52:43+00:00","og_image":[{"width":1000,"height":1000,"url":"https:\/\/nirigs.com\/wp-content\/uploads\/2024\/10\/Luna-Haricots-blancs-a-la-sauce-tomate-380-g-2.jpg","type":"image\/jpeg"}],"twitter_card":"summary_large_image","twitter_misc":{"Est. reading time":"1 minute"},"schema":{"@context":"https:\/\/schema.org","@graph":[{"@type":"WebPage","@id":"https:\/\/nirigs.com\/product\/luna-haricots-blancs-a-la-sauce-tomate-380-g\/","url":"https:\/\/nirigs.com\/product\/luna-haricots-blancs-a-la-sauce-tomate-380-g\/","name":"Luna - Haricots blancs \u00e0 la sauce tomate - 380 g - NIRIGS","isPartOf":{"@id":"https:\/\/nirigs.com\/#website"},"primaryImageOfPage":{"@id":"https:\/\/nirigs.com\/product\/luna-haricots-blancs-a-la-sauce-tomate-380-g\/#primaryimage"},"image":{"@id":"https:\/\/nirigs.com\/product\/luna-haricots-blancs-a-la-sauce-tomate-380-g\/#primaryimage"},"thumbnailUrl":"https:\/\/nirigs.com\/wp-content\/uploads\/2024\/10\/Luna-Haricots-blancs-a-la-sauce-tomate-380-g-2.jpg","datePublished":"2024-10-17T18:58:30+00:00","dateModified":"2024-11-10T15:52:43+00:00","breadcrumb":{"@id":"https:\/\/nirigs.com\/product\/luna-haricots-blancs-a-la-sauce-tomate-380-g\/#breadcrumb"},"inLanguage":"en-US","potentialAction":[{"@type":"ReadAction","target":["https:\/\/nirigs.com\/product\/luna-haricots-blancs-a-la-sauce-tomate-380-g\/"]}]},{"@type":"ImageObject","inLanguage":"en-US","@id":"https:\/\/nirigs.com\/product\/luna-haricots-blancs-a-la-sauce-tomate-380-g\/#primaryimage","url":"https:\/\/nirigs.com\/wp-content\/uploads\/2024\/10\/Luna-Haricots-blancs-a-la-sauce-tomate-380-g-2.jpg","contentUrl":"https:\/\/nirigs.com\/wp-content\/uploads\/2024\/10\/Luna-Haricots-blancs-a-la-sauce-tomate-380-g-2.jpg","width":1000,"height":1000},{"@type":"BreadcrumbList","@id":"https:\/\/nirigs.com\/product\/luna-haricots-blancs-a-la-sauce-tomate-380-g\/#breadcrumb","itemListElement":[{"@type":"ListItem","position":1,"name":"Home","item":"https:\/\/nirigs.com\/"},{"@type":"ListItem","position":2,"name":"Parcourir","item":"https:\/\/nirigs.com\/boutique\/"},{"@type":"ListItem","position":3,"name":"Luna &#8211; Haricots blancs \u00e0 la sauce tomate &#8211; 380 g"}]},{"@type":"WebSite","@id":"https:\/\/nirigs.com\/#website","url":"https:\/\/nirigs.com\/","name":"Nirigs.com","description":"Simplifiez vos achats du quotidien \u00e0 Djibouti","publisher":{"@id":"https:\/\/nirigs.com\/#organization"},"potentialAction":[{"@type":"SearchAction","target":{"@type":"EntryPoint","urlTemplate":"https:\/\/nirigs.com\/?s={search_term_string}"},"query-input":{"@type":"PropertyValueSpecification","valueRequired":true,"valueName":"search_term_string"}}],"inLanguage":"en-US"},{"@type":"Organization","@id":"https:\/\/nirigs.com\/#organization","name":"Nirigs","url":"https:\/\/nirigs.com\/","logo":{"@type":"ImageObject","inLanguage":"en-US","@id":"https:\/\/nirigs.com\/#\/schema\/logo\/image\/","url":"https:\/\/nirigs.com\/wp-content\/uploads\/2025\/04\/Design-sans-titre-27.png","contentUrl":"https:\/\/nirigs.com\/wp-content\/uploads\/2025\/04\/Design-sans-titre-27.png","width":500,"height":500,"caption":"Nirigs"},"image":{"@id":"https:\/\/nirigs.com\/#\/schema\/logo\/image\/"}}]}},"brands":[{"id":1306,"name":"Luna","slug":"luna"}],"_links":{"self":[{"href":"https:\/\/nirigs.com\/en\/wp-json\/wp\/v2\/product\/25731","targetHints":{"allow":["GET"]}}],"collection":[{"href":"https:\/\/nirigs.com\/en\/wp-json\/wp\/v2\/product"}],"about":[{"href":"https:\/\/nirigs.com\/en\/wp-json\/wp\/v2\/types\/product"}],"replies":[{"embeddable":true,"href":"https:\/\/nirigs.com\/en\/wp-json\/wp\/v2\/comments?post=25731"}],"version-history":[{"count":2,"href":"https:\/\/nirigs.com\/en\/wp-json\/wp\/v2\/product\/25731\/revisions"}],"predecessor-version":[{"id":25777,"href":"https:\/\/nirigs.com\/en\/wp-json\/wp\/v2\/product\/25731\/revisions\/25777"}],"wp:featuredmedia":[{"embeddable":true,"href":"https:\/\/nirigs.com\/en\/wp-json\/wp\/v2\/media\/25776"}],"wp:attachment":[{"href":"https:\/\/nirigs.com\/en\/wp-json\/wp\/v2\/media?parent=25731"}],"wp:term":[{"taxonomy":"pwb-brand","embeddable":true,"href":"https:\/\/nirigs.com\/en\/wp-json\/wp\/v2\/pwb-brand?post=25731"},{"taxonomy":"product_brand","embeddable":true,"href":"https:\/\/nirigs.com\/en\/wp-json\/wp\/v2\/product_brand?post=25731"},{"taxonomy":"product_cat","embeddable":true,"href":"https:\/\/nirigs.com\/en\/wp-json\/wp\/v2\/product_cat?post=25731"},{"taxonomy":"product_tag","embeddable":true,"href":"https:\/\/nirigs.com\/en\/wp-json\/wp\/v2\/product_tag?post=25731"}],"curies":[{"name":"wp","href":"https:\/\/api.w.org\/{rel}","templated":true}]}}