{"id":25057,"date":"2024-10-14T16:32:07","date_gmt":"2024-10-14T13:32:07","guid":{"rendered":"https:\/\/nirigs.com\/?post_type=product&#038;p=25057"},"modified":"2025-02-02T14:30:56","modified_gmt":"2025-02-02T11:30:56","slug":"elle-vire-creme-dessert-chocolat-100-g","status":"publish","type":"product","link":"https:\/\/nirigs.com\/en\/product\/elle-vire-creme-dessert-chocolat-100-g\/","title":{"rendered":"Elle &#038; Vire &#8211; Cr\u00e8me dessert chocolat &#8211; 100 g"},"content":{"rendered":"<p>Nouvelle recette plus naturelle, sans colorant ni ar\u00f4me artificiel, mais toujours aussi gourmande\u00a0! \u00a0Nos cr\u00e8mes desserts sont faites \u00e0 base de bon lait fran\u00e7ais, d\u2019ingr\u00e9dients soigneusement s\u00e9lectionn\u00e9s, ce qui leur conf\u00e8re une texture cr\u00e9meuse irr\u00e9sistible. \u00c0 emporter partout et en toute s\u00e9curit\u00e9 gr\u00e2ce \u00e0 notre proc\u00e9d\u00e9 de fabrication UHT qui garantit une longue conservation hors froid.<\/p>\n<h4 class=\"section-title\"><strong>Ingredients<\/strong><\/h4>\n<p>Lait \u00e9cr\u00e9m\u00e9 et lait \u00e9cr\u00e9m\u00e9 r\u00e9hydrat\u00e9 72% (origine France), sucre, cr\u00e8me 6% (origine France), chocolat 2,7% (p\u00e2te de cacao, sucre, cacao maigre), f\u00e9cule, cacao maigre 1,8%, \u00e9paississant : carragh\u00e9nanes, sel.<\/p>","protected":false},"excerpt":{"rendered":"<p>Nouvelle recette plus naturelle, sans colorant ni ar\u00f4me artificiel, mais toujours aussi gourmande\u00a0! \u00a0Nos cr\u00e8mes desserts sont faites \u00e0 base<\/p>","protected":false},"featured_media":25194,"comment_status":"open","ping_status":"closed","template":"","meta":[],"pwb-brand":[1146],"product_brand":[],"product_cat":[1143,1275,1274,275],"product_tag":[],"class_list":{"0":"post-25057","1":"product","2":"type-product","3":"status-publish","4":"has-post-thumbnail","6":"pwb-brand-elle-vire","7":"product_cat-cremerie-et-produits-laitiers","8":"product_cat-cremes-desserts","9":"product_cat-desserts","10":"product_cat-epicerie","12":"first","13":"instock","14":"shipping-taxable","15":"purchasable","16":"product-type-simple"},"yoast_head":"<!-- This site is optimized with the Yoast SEO plugin v27.1.1 - https:\/\/yoast.com\/product\/yoast-seo-wordpress\/ -->\n<title>Elle &amp; Vire - Cr\u00e8me dessert chocolat - 100 g - NIRIGS<\/title>\n<meta name=\"robots\" content=\"index, follow, max-snippet:-1, max-image-preview:large, max-video-preview:-1\" \/>\n<link rel=\"canonical\" href=\"https:\/\/nirigs.com\/en\/product\/elle-vire-creme-dessert-chocolat-100-g\/\" \/>\n<meta property=\"og:locale\" content=\"en_US\" \/>\n<meta property=\"og:type\" content=\"article\" \/>\n<meta property=\"og:title\" content=\"Elle &amp; Vire - Cr\u00e8me dessert chocolat - 100 g - NIRIGS\" \/>\n<meta property=\"og:description\" content=\"Nouvelle recette plus naturelle, sans colorant ni ar\u00f4me artificiel, mais toujours aussi gourmande\u00a0! \u00a0Nos cr\u00e8mes desserts sont faites \u00e0 base\" \/>\n<meta property=\"og:url\" content=\"https:\/\/nirigs.com\/en\/product\/elle-vire-creme-dessert-chocolat-100-g\/\" \/>\n<meta property=\"og:site_name\" content=\"NIRIGS\" \/>\n<meta property=\"article:modified_time\" content=\"2025-02-02T11:30:56+00:00\" \/>\n<meta property=\"og:image\" content=\"https:\/\/nirigs.com\/wp-content\/uploads\/2024\/10\/Elle-Vire-Creme-dessert-chocolat-100-g.jpg\" \/>\n\t<meta property=\"og:image:width\" content=\"1000\" \/>\n\t<meta property=\"og:image:height\" content=\"1000\" \/>\n\t<meta property=\"og:image:type\" content=\"image\/jpeg\" \/>\n<meta name=\"twitter:card\" content=\"summary_large_image\" \/>\n<meta name=\"twitter:label1\" content=\"Est. reading time\" \/>\n\t<meta name=\"twitter:data1\" content=\"1 minute\" \/>\n<script type=\"application\/ld+json\" class=\"yoast-schema-graph\">{\"@context\":\"https:\/\/schema.org\",\"@graph\":[{\"@type\":\"WebPage\",\"@id\":\"https:\/\/nirigs.com\/product\/elle-vire-creme-dessert-chocolat-100-g\/\",\"url\":\"https:\/\/nirigs.com\/product\/elle-vire-creme-dessert-chocolat-100-g\/\",\"name\":\"Elle & Vire - Cr\u00e8me dessert chocolat - 100 g - NIRIGS\",\"isPartOf\":{\"@id\":\"https:\/\/nirigs.com\/#website\"},\"primaryImageOfPage\":{\"@id\":\"https:\/\/nirigs.com\/product\/elle-vire-creme-dessert-chocolat-100-g\/#primaryimage\"},\"image\":{\"@id\":\"https:\/\/nirigs.com\/product\/elle-vire-creme-dessert-chocolat-100-g\/#primaryimage\"},\"thumbnailUrl\":\"https:\/\/nirigs.com\/wp-content\/uploads\/2024\/10\/Elle-Vire-Creme-dessert-chocolat-100-g.jpg\",\"datePublished\":\"2024-10-14T13:32:07+00:00\",\"dateModified\":\"2025-02-02T11:30:56+00:00\",\"breadcrumb\":{\"@id\":\"https:\/\/nirigs.com\/product\/elle-vire-creme-dessert-chocolat-100-g\/#breadcrumb\"},\"inLanguage\":\"en-US\",\"potentialAction\":[{\"@type\":\"ReadAction\",\"target\":[\"https:\/\/nirigs.com\/product\/elle-vire-creme-dessert-chocolat-100-g\/\"]}]},{\"@type\":\"ImageObject\",\"inLanguage\":\"en-US\",\"@id\":\"https:\/\/nirigs.com\/product\/elle-vire-creme-dessert-chocolat-100-g\/#primaryimage\",\"url\":\"https:\/\/nirigs.com\/wp-content\/uploads\/2024\/10\/Elle-Vire-Creme-dessert-chocolat-100-g.jpg\",\"contentUrl\":\"https:\/\/nirigs.com\/wp-content\/uploads\/2024\/10\/Elle-Vire-Creme-dessert-chocolat-100-g.jpg\",\"width\":1000,\"height\":1000},{\"@type\":\"BreadcrumbList\",\"@id\":\"https:\/\/nirigs.com\/product\/elle-vire-creme-dessert-chocolat-100-g\/#breadcrumb\",\"itemListElement\":[{\"@type\":\"ListItem\",\"position\":1,\"name\":\"Home\",\"item\":\"https:\/\/nirigs.com\/\"},{\"@type\":\"ListItem\",\"position\":2,\"name\":\"Parcourir\",\"item\":\"https:\/\/nirigs.com\/boutique\/\"},{\"@type\":\"ListItem\",\"position\":3,\"name\":\"Elle &#038; Vire &#8211; Cr\u00e8me dessert chocolat &#8211; 100 g\"}]},{\"@type\":\"WebSite\",\"@id\":\"https:\/\/nirigs.com\/#website\",\"url\":\"https:\/\/nirigs.com\/\",\"name\":\"Nirigs.com\",\"description\":\"Simplifiez vos achats du quotidien \u00e0 Djibouti\",\"publisher\":{\"@id\":\"https:\/\/nirigs.com\/#organization\"},\"potentialAction\":[{\"@type\":\"SearchAction\",\"target\":{\"@type\":\"EntryPoint\",\"urlTemplate\":\"https:\/\/nirigs.com\/?s={search_term_string}\"},\"query-input\":{\"@type\":\"PropertyValueSpecification\",\"valueRequired\":true,\"valueName\":\"search_term_string\"}}],\"inLanguage\":\"en-US\"},{\"@type\":\"Organization\",\"@id\":\"https:\/\/nirigs.com\/#organization\",\"name\":\"Nirigs\",\"url\":\"https:\/\/nirigs.com\/\",\"logo\":{\"@type\":\"ImageObject\",\"inLanguage\":\"en-US\",\"@id\":\"https:\/\/nirigs.com\/#\/schema\/logo\/image\/\",\"url\":\"https:\/\/nirigs.com\/wp-content\/uploads\/2025\/04\/Design-sans-titre-27.png\",\"contentUrl\":\"https:\/\/nirigs.com\/wp-content\/uploads\/2025\/04\/Design-sans-titre-27.png\",\"width\":500,\"height\":500,\"caption\":\"Nirigs\"},\"image\":{\"@id\":\"https:\/\/nirigs.com\/#\/schema\/logo\/image\/\"}}]}<\/script>\n<!-- \/ Yoast SEO plugin. -->","yoast_head_json":{"title":"Elle & Vire - Cr\u00e8me dessert chocolat - 100 g - NIRIGS","robots":{"index":"index","follow":"follow","max-snippet":"max-snippet:-1","max-image-preview":"max-image-preview:large","max-video-preview":"max-video-preview:-1"},"canonical":"https:\/\/nirigs.com\/en\/product\/elle-vire-creme-dessert-chocolat-100-g\/","og_locale":"en_US","og_type":"article","og_title":"Elle & Vire - Cr\u00e8me dessert chocolat - 100 g - NIRIGS","og_description":"Nouvelle recette plus naturelle, sans colorant ni ar\u00f4me artificiel, mais toujours aussi gourmande\u00a0! \u00a0Nos cr\u00e8mes desserts sont faites \u00e0 base","og_url":"https:\/\/nirigs.com\/en\/product\/elle-vire-creme-dessert-chocolat-100-g\/","og_site_name":"NIRIGS","article_modified_time":"2025-02-02T11:30:56+00:00","og_image":[{"width":1000,"height":1000,"url":"https:\/\/nirigs.com\/wp-content\/uploads\/2024\/10\/Elle-Vire-Creme-dessert-chocolat-100-g.jpg","type":"image\/jpeg"}],"twitter_card":"summary_large_image","twitter_misc":{"Est. reading time":"1 minute"},"schema":{"@context":"https:\/\/schema.org","@graph":[{"@type":"WebPage","@id":"https:\/\/nirigs.com\/product\/elle-vire-creme-dessert-chocolat-100-g\/","url":"https:\/\/nirigs.com\/product\/elle-vire-creme-dessert-chocolat-100-g\/","name":"Elle & Vire - Cr\u00e8me dessert chocolat - 100 g - NIRIGS","isPartOf":{"@id":"https:\/\/nirigs.com\/#website"},"primaryImageOfPage":{"@id":"https:\/\/nirigs.com\/product\/elle-vire-creme-dessert-chocolat-100-g\/#primaryimage"},"image":{"@id":"https:\/\/nirigs.com\/product\/elle-vire-creme-dessert-chocolat-100-g\/#primaryimage"},"thumbnailUrl":"https:\/\/nirigs.com\/wp-content\/uploads\/2024\/10\/Elle-Vire-Creme-dessert-chocolat-100-g.jpg","datePublished":"2024-10-14T13:32:07+00:00","dateModified":"2025-02-02T11:30:56+00:00","breadcrumb":{"@id":"https:\/\/nirigs.com\/product\/elle-vire-creme-dessert-chocolat-100-g\/#breadcrumb"},"inLanguage":"en-US","potentialAction":[{"@type":"ReadAction","target":["https:\/\/nirigs.com\/product\/elle-vire-creme-dessert-chocolat-100-g\/"]}]},{"@type":"ImageObject","inLanguage":"en-US","@id":"https:\/\/nirigs.com\/product\/elle-vire-creme-dessert-chocolat-100-g\/#primaryimage","url":"https:\/\/nirigs.com\/wp-content\/uploads\/2024\/10\/Elle-Vire-Creme-dessert-chocolat-100-g.jpg","contentUrl":"https:\/\/nirigs.com\/wp-content\/uploads\/2024\/10\/Elle-Vire-Creme-dessert-chocolat-100-g.jpg","width":1000,"height":1000},{"@type":"BreadcrumbList","@id":"https:\/\/nirigs.com\/product\/elle-vire-creme-dessert-chocolat-100-g\/#breadcrumb","itemListElement":[{"@type":"ListItem","position":1,"name":"Home","item":"https:\/\/nirigs.com\/"},{"@type":"ListItem","position":2,"name":"Parcourir","item":"https:\/\/nirigs.com\/boutique\/"},{"@type":"ListItem","position":3,"name":"Elle &#038; Vire &#8211; Cr\u00e8me dessert chocolat &#8211; 100 g"}]},{"@type":"WebSite","@id":"https:\/\/nirigs.com\/#website","url":"https:\/\/nirigs.com\/","name":"Nirigs.com","description":"Simplifiez vos achats du quotidien \u00e0 Djibouti","publisher":{"@id":"https:\/\/nirigs.com\/#organization"},"potentialAction":[{"@type":"SearchAction","target":{"@type":"EntryPoint","urlTemplate":"https:\/\/nirigs.com\/?s={search_term_string}"},"query-input":{"@type":"PropertyValueSpecification","valueRequired":true,"valueName":"search_term_string"}}],"inLanguage":"en-US"},{"@type":"Organization","@id":"https:\/\/nirigs.com\/#organization","name":"Nirigs","url":"https:\/\/nirigs.com\/","logo":{"@type":"ImageObject","inLanguage":"en-US","@id":"https:\/\/nirigs.com\/#\/schema\/logo\/image\/","url":"https:\/\/nirigs.com\/wp-content\/uploads\/2025\/04\/Design-sans-titre-27.png","contentUrl":"https:\/\/nirigs.com\/wp-content\/uploads\/2025\/04\/Design-sans-titre-27.png","width":500,"height":500,"caption":"Nirigs"},"image":{"@id":"https:\/\/nirigs.com\/#\/schema\/logo\/image\/"}}]}},"brands":[{"id":1146,"name":"Elle &amp; Vire","slug":"elle-vire"}],"_links":{"self":[{"href":"https:\/\/nirigs.com\/en\/wp-json\/wp\/v2\/product\/25057","targetHints":{"allow":["GET"]}}],"collection":[{"href":"https:\/\/nirigs.com\/en\/wp-json\/wp\/v2\/product"}],"about":[{"href":"https:\/\/nirigs.com\/en\/wp-json\/wp\/v2\/types\/product"}],"replies":[{"embeddable":true,"href":"https:\/\/nirigs.com\/en\/wp-json\/wp\/v2\/comments?post=25057"}],"version-history":[{"count":4,"href":"https:\/\/nirigs.com\/en\/wp-json\/wp\/v2\/product\/25057\/revisions"}],"predecessor-version":[{"id":25186,"href":"https:\/\/nirigs.com\/en\/wp-json\/wp\/v2\/product\/25057\/revisions\/25186"}],"wp:featuredmedia":[{"embeddable":true,"href":"https:\/\/nirigs.com\/en\/wp-json\/wp\/v2\/media\/25194"}],"wp:attachment":[{"href":"https:\/\/nirigs.com\/en\/wp-json\/wp\/v2\/media?parent=25057"}],"wp:term":[{"taxonomy":"pwb-brand","embeddable":true,"href":"https:\/\/nirigs.com\/en\/wp-json\/wp\/v2\/pwb-brand?post=25057"},{"taxonomy":"product_brand","embeddable":true,"href":"https:\/\/nirigs.com\/en\/wp-json\/wp\/v2\/product_brand?post=25057"},{"taxonomy":"product_cat","embeddable":true,"href":"https:\/\/nirigs.com\/en\/wp-json\/wp\/v2\/product_cat?post=25057"},{"taxonomy":"product_tag","embeddable":true,"href":"https:\/\/nirigs.com\/en\/wp-json\/wp\/v2\/product_tag?post=25057"}],"curies":[{"name":"wp","href":"https:\/\/api.w.org\/{rel}","templated":true}]}}