{"id":23436,"date":"2024-10-06T18:03:15","date_gmt":"2024-10-06T15:03:15","guid":{"rendered":"https:\/\/nirigs.com\/produit\/al-batal-chips-saveur-ketchup-110-g\/"},"modified":"2025-08-16T01:29:34","modified_gmt":"2025-08-15T22:29:34","slug":"al-batal-chips-saveur-ketchup-110-g","status":"publish","type":"product","link":"https:\/\/nirigs.com\/en\/product\/al-batal-chips-saveur-ketchup-110-g\/","title":{"rendered":"Al Batal - Ketchup Chips - 110 g"},"content":{"rendered":"<ul>\n<li>The ideal combination of potatoes and salt, fried to make them crispy and delicious.<\/li>\n<li>Rich flavor mixed with potato goodness<\/li>\n<li>An ideal travel companion that can be enjoyed anytime, anywhere<\/li>\n<li>Delicious, cheesy potato chips to accompany your coffee or tea.<\/li>\n<li>Packaging may vary<\/li>\n<\/ul>\n<h4>Ingredients<\/h4>\n<p>Potatoes, ketchup, salt.<\/p>\n<h4>Use<\/h4>\n<p>Ready to eat.<\/p>","protected":false},"excerpt":{"rendered":"<p>Combinaison id\u00e9ale de pommes de terre et de sel, frits pour les rendre croustillants et d\u00e9licieux. Saveur riche m\u00e9lang\u00e9e \u00e0<\/p>","protected":false},"featured_media":23463,"comment_status":"open","ping_status":"closed","template":"","meta":[],"pwb-brand":[],"product_brand":[],"product_cat":[1127,1126,275],"product_tag":[],"class_list":{"0":"post-23436","1":"product","2":"type-product","3":"status-publish","4":"has-post-thumbnail","6":"product_cat-chips","7":"product_cat-en-cas-et-friandises","8":"product_cat-epicerie","10":"first","11":"instock","12":"shipping-taxable","13":"purchasable","14":"product-type-simple"},"yoast_head":"<!-- This site is optimized with the Yoast SEO plugin v27.4 - https:\/\/yoast.com\/product\/yoast-seo-wordpress\/ -->\n<title>Al Batal - Chips saveur ketchup - 110 g - NIRIGS<\/title>\n<meta name=\"robots\" content=\"index, follow, max-snippet:-1, max-image-preview:large, max-video-preview:-1\" \/>\n<link rel=\"canonical\" href=\"https:\/\/nirigs.com\/en\/product\/al-batal-chips-saveur-ketchup-110-g\/\" \/>\n<meta property=\"og:locale\" content=\"en_US\" \/>\n<meta property=\"og:type\" content=\"article\" \/>\n<meta property=\"og:title\" content=\"Al Batal - Chips saveur ketchup - 110 g - NIRIGS\" \/>\n<meta property=\"og:description\" content=\"Combinaison id\u00e9ale de pommes de terre et de sel, frits pour les rendre croustillants et d\u00e9licieux. Saveur riche m\u00e9lang\u00e9e \u00e0\" \/>\n<meta property=\"og:url\" content=\"https:\/\/nirigs.com\/en\/product\/al-batal-chips-saveur-ketchup-110-g\/\" \/>\n<meta property=\"og:site_name\" content=\"NIRIGS\" \/>\n<meta property=\"article:modified_time\" content=\"2025-08-15T22:29:34+00:00\" \/>\n<meta property=\"og:image\" content=\"https:\/\/nirigs.com\/wp-content\/uploads\/2024\/10\/Al-Batal-Chips-saveur-ketchup-110-g.jpg\" \/>\n\t<meta property=\"og:image:width\" content=\"1000\" \/>\n\t<meta property=\"og:image:height\" content=\"1000\" \/>\n\t<meta property=\"og:image:type\" content=\"image\/jpeg\" \/>\n<meta name=\"twitter:card\" content=\"summary_large_image\" \/>\n<script type=\"application\/ld+json\" class=\"yoast-schema-graph\">{\"@context\":\"https:\\\/\\\/schema.org\",\"@graph\":[{\"@type\":\"WebPage\",\"@id\":\"https:\\\/\\\/nirigs.com\\\/product\\\/al-batal-chips-saveur-ketchup-110-g\\\/\",\"url\":\"https:\\\/\\\/nirigs.com\\\/product\\\/al-batal-chips-saveur-ketchup-110-g\\\/\",\"name\":\"Al Batal - Chips saveur ketchup - 110 g - NIRIGS\",\"isPartOf\":{\"@id\":\"https:\\\/\\\/nirigs.com\\\/#website\"},\"primaryImageOfPage\":{\"@id\":\"https:\\\/\\\/nirigs.com\\\/product\\\/al-batal-chips-saveur-ketchup-110-g\\\/#primaryimage\"},\"image\":{\"@id\":\"https:\\\/\\\/nirigs.com\\\/product\\\/al-batal-chips-saveur-ketchup-110-g\\\/#primaryimage\"},\"thumbnailUrl\":\"https:\\\/\\\/nirigs.com\\\/wp-content\\\/uploads\\\/2024\\\/10\\\/Al-Batal-Chips-saveur-ketchup-110-g.jpg\",\"datePublished\":\"2024-10-06T15:03:15+00:00\",\"dateModified\":\"2025-08-15T22:29:34+00:00\",\"breadcrumb\":{\"@id\":\"https:\\\/\\\/nirigs.com\\\/product\\\/al-batal-chips-saveur-ketchup-110-g\\\/#breadcrumb\"},\"inLanguage\":\"en-US\",\"potentialAction\":[{\"@type\":\"ReadAction\",\"target\":[\"https:\\\/\\\/nirigs.com\\\/product\\\/al-batal-chips-saveur-ketchup-110-g\\\/\"]}]},{\"@type\":\"ImageObject\",\"inLanguage\":\"en-US\",\"@id\":\"https:\\\/\\\/nirigs.com\\\/product\\\/al-batal-chips-saveur-ketchup-110-g\\\/#primaryimage\",\"url\":\"https:\\\/\\\/nirigs.com\\\/wp-content\\\/uploads\\\/2024\\\/10\\\/Al-Batal-Chips-saveur-ketchup-110-g.jpg\",\"contentUrl\":\"https:\\\/\\\/nirigs.com\\\/wp-content\\\/uploads\\\/2024\\\/10\\\/Al-Batal-Chips-saveur-ketchup-110-g.jpg\",\"width\":1000,\"height\":1000},{\"@type\":\"BreadcrumbList\",\"@id\":\"https:\\\/\\\/nirigs.com\\\/product\\\/al-batal-chips-saveur-ketchup-110-g\\\/#breadcrumb\",\"itemListElement\":[{\"@type\":\"ListItem\",\"position\":1,\"name\":\"Home\",\"item\":\"https:\\\/\\\/nirigs.com\\\/\"},{\"@type\":\"ListItem\",\"position\":2,\"name\":\"Parcourir\",\"item\":\"https:\\\/\\\/nirigs.com\\\/boutique\\\/\"},{\"@type\":\"ListItem\",\"position\":3,\"name\":\"Al Batal &#8211; Chips saveur ketchup &#8211; 110 g\"}]},{\"@type\":\"WebSite\",\"@id\":\"https:\\\/\\\/nirigs.com\\\/#website\",\"url\":\"https:\\\/\\\/nirigs.com\\\/\",\"name\":\"Nirigs.com\",\"description\":\"Simplifiez vos achats du quotidien \u00e0 Djibouti\",\"publisher\":{\"@id\":\"https:\\\/\\\/nirigs.com\\\/#organization\"},\"potentialAction\":[{\"@type\":\"SearchAction\",\"target\":{\"@type\":\"EntryPoint\",\"urlTemplate\":\"https:\\\/\\\/nirigs.com\\\/?s={search_term_string}\"},\"query-input\":{\"@type\":\"PropertyValueSpecification\",\"valueRequired\":true,\"valueName\":\"search_term_string\"}}],\"inLanguage\":\"en-US\"},{\"@type\":\"Organization\",\"@id\":\"https:\\\/\\\/nirigs.com\\\/#organization\",\"name\":\"Nirigs\",\"url\":\"https:\\\/\\\/nirigs.com\\\/\",\"logo\":{\"@type\":\"ImageObject\",\"inLanguage\":\"en-US\",\"@id\":\"https:\\\/\\\/nirigs.com\\\/#\\\/schema\\\/logo\\\/image\\\/\",\"url\":\"https:\\\/\\\/nirigs.com\\\/wp-content\\\/uploads\\\/2025\\\/04\\\/Design-sans-titre-27.png\",\"contentUrl\":\"https:\\\/\\\/nirigs.com\\\/wp-content\\\/uploads\\\/2025\\\/04\\\/Design-sans-titre-27.png\",\"width\":500,\"height\":500,\"caption\":\"Nirigs\"},\"image\":{\"@id\":\"https:\\\/\\\/nirigs.com\\\/#\\\/schema\\\/logo\\\/image\\\/\"}}]}<\/script>\n<!-- \/ Yoast SEO plugin. -->","yoast_head_json":{"title":"Al Batal - Chips saveur ketchup - 110 g - NIRIGS","robots":{"index":"index","follow":"follow","max-snippet":"max-snippet:-1","max-image-preview":"max-image-preview:large","max-video-preview":"max-video-preview:-1"},"canonical":"https:\/\/nirigs.com\/en\/product\/al-batal-chips-saveur-ketchup-110-g\/","og_locale":"en_US","og_type":"article","og_title":"Al Batal - Chips saveur ketchup - 110 g - NIRIGS","og_description":"Combinaison id\u00e9ale de pommes de terre et de sel, frits pour les rendre croustillants et d\u00e9licieux. Saveur riche m\u00e9lang\u00e9e \u00e0","og_url":"https:\/\/nirigs.com\/en\/product\/al-batal-chips-saveur-ketchup-110-g\/","og_site_name":"NIRIGS","article_modified_time":"2025-08-15T22:29:34+00:00","og_image":[{"width":1000,"height":1000,"url":"https:\/\/nirigs.com\/wp-content\/uploads\/2024\/10\/Al-Batal-Chips-saveur-ketchup-110-g.jpg","type":"image\/jpeg"}],"twitter_card":"summary_large_image","schema":{"@context":"https:\/\/schema.org","@graph":[{"@type":"WebPage","@id":"https:\/\/nirigs.com\/product\/al-batal-chips-saveur-ketchup-110-g\/","url":"https:\/\/nirigs.com\/product\/al-batal-chips-saveur-ketchup-110-g\/","name":"Al Batal - Chips saveur ketchup - 110 g - NIRIGS","isPartOf":{"@id":"https:\/\/nirigs.com\/#website"},"primaryImageOfPage":{"@id":"https:\/\/nirigs.com\/product\/al-batal-chips-saveur-ketchup-110-g\/#primaryimage"},"image":{"@id":"https:\/\/nirigs.com\/product\/al-batal-chips-saveur-ketchup-110-g\/#primaryimage"},"thumbnailUrl":"https:\/\/nirigs.com\/wp-content\/uploads\/2024\/10\/Al-Batal-Chips-saveur-ketchup-110-g.jpg","datePublished":"2024-10-06T15:03:15+00:00","dateModified":"2025-08-15T22:29:34+00:00","breadcrumb":{"@id":"https:\/\/nirigs.com\/product\/al-batal-chips-saveur-ketchup-110-g\/#breadcrumb"},"inLanguage":"en-US","potentialAction":[{"@type":"ReadAction","target":["https:\/\/nirigs.com\/product\/al-batal-chips-saveur-ketchup-110-g\/"]}]},{"@type":"ImageObject","inLanguage":"en-US","@id":"https:\/\/nirigs.com\/product\/al-batal-chips-saveur-ketchup-110-g\/#primaryimage","url":"https:\/\/nirigs.com\/wp-content\/uploads\/2024\/10\/Al-Batal-Chips-saveur-ketchup-110-g.jpg","contentUrl":"https:\/\/nirigs.com\/wp-content\/uploads\/2024\/10\/Al-Batal-Chips-saveur-ketchup-110-g.jpg","width":1000,"height":1000},{"@type":"BreadcrumbList","@id":"https:\/\/nirigs.com\/product\/al-batal-chips-saveur-ketchup-110-g\/#breadcrumb","itemListElement":[{"@type":"ListItem","position":1,"name":"Home","item":"https:\/\/nirigs.com\/"},{"@type":"ListItem","position":2,"name":"Parcourir","item":"https:\/\/nirigs.com\/boutique\/"},{"@type":"ListItem","position":3,"name":"Al Batal &#8211; Chips saveur ketchup &#8211; 110 g"}]},{"@type":"WebSite","@id":"https:\/\/nirigs.com\/#website","url":"https:\/\/nirigs.com\/","name":"Nirigs.com","description":"Simplifiez vos achats du quotidien \u00e0 Djibouti","publisher":{"@id":"https:\/\/nirigs.com\/#organization"},"potentialAction":[{"@type":"SearchAction","target":{"@type":"EntryPoint","urlTemplate":"https:\/\/nirigs.com\/?s={search_term_string}"},"query-input":{"@type":"PropertyValueSpecification","valueRequired":true,"valueName":"search_term_string"}}],"inLanguage":"en-US"},{"@type":"Organization","@id":"https:\/\/nirigs.com\/#organization","name":"Nirigs","url":"https:\/\/nirigs.com\/","logo":{"@type":"ImageObject","inLanguage":"en-US","@id":"https:\/\/nirigs.com\/#\/schema\/logo\/image\/","url":"https:\/\/nirigs.com\/wp-content\/uploads\/2025\/04\/Design-sans-titre-27.png","contentUrl":"https:\/\/nirigs.com\/wp-content\/uploads\/2025\/04\/Design-sans-titre-27.png","width":500,"height":500,"caption":"Nirigs"},"image":{"@id":"https:\/\/nirigs.com\/#\/schema\/logo\/image\/"}}]}},"brands":[],"_links":{"self":[{"href":"https:\/\/nirigs.com\/en\/wp-json\/wp\/v2\/product\/23436","targetHints":{"allow":["GET"]}}],"collection":[{"href":"https:\/\/nirigs.com\/en\/wp-json\/wp\/v2\/product"}],"about":[{"href":"https:\/\/nirigs.com\/en\/wp-json\/wp\/v2\/types\/product"}],"replies":[{"embeddable":true,"href":"https:\/\/nirigs.com\/en\/wp-json\/wp\/v2\/comments?post=23436"}],"version-history":[{"count":1,"href":"https:\/\/nirigs.com\/en\/wp-json\/wp\/v2\/product\/23436\/revisions"}],"predecessor-version":[{"id":23465,"href":"https:\/\/nirigs.com\/en\/wp-json\/wp\/v2\/product\/23436\/revisions\/23465"}],"wp:featuredmedia":[{"embeddable":true,"href":"https:\/\/nirigs.com\/en\/wp-json\/wp\/v2\/media\/23463"}],"wp:attachment":[{"href":"https:\/\/nirigs.com\/en\/wp-json\/wp\/v2\/media?parent=23436"}],"wp:term":[{"taxonomy":"pwb-brand","embeddable":true,"href":"https:\/\/nirigs.com\/en\/wp-json\/wp\/v2\/pwb-brand?post=23436"},{"taxonomy":"product_brand","embeddable":true,"href":"https:\/\/nirigs.com\/en\/wp-json\/wp\/v2\/product_brand?post=23436"},{"taxonomy":"product_cat","embeddable":true,"href":"https:\/\/nirigs.com\/en\/wp-json\/wp\/v2\/product_cat?post=23436"},{"taxonomy":"product_tag","embeddable":true,"href":"https:\/\/nirigs.com\/en\/wp-json\/wp\/v2\/product_tag?post=23436"}],"curies":[{"name":"wp","href":"https:\/\/api.w.org\/{rel}","templated":true}]}}