{"id":23418,"date":"2024-10-06T18:03:09","date_gmt":"2024-10-06T15:03:09","guid":{"rendered":"https:\/\/nirigs.com\/produit\/maltesers-bonbons-au-chocolat-au-lait-avec-nid-dabeille-37-g\/"},"modified":"2025-02-02T14:36:37","modified_gmt":"2025-02-02T11:36:37","slug":"maltesers-bonbons-au-chocolat-au-lait-avec-nid-dabeille-37-g","status":"publish","type":"product","link":"https:\/\/nirigs.com\/en\/product\/maltesers-bonbons-au-chocolat-au-lait-avec-nid-dabeille-37-g\/","title":{"rendered":"Maltesers - Creamy milk chocolate bonbons - 37 g"},"content":{"rendered":"<p>Bonbons enrob\u00e9s de chocolat au lait d\u00e9licieusement onctueux avec un coeur croustillant en nid d&rsquo;abeille. Les chocolats Maltesers vous aident \u00e0 marquer les occasions qui comptent. Associez ce coffret de chocolats Maltesers \u00e0 un bouquet de fleurs pour un cadeau l\u00e9ger et charmant \u00e0 l&rsquo;occasion de la f\u00eate des m\u00e8res, ou enveloppez-le dans un ruban rouge pour l&rsquo;offrir en gage d&rsquo;affection \u00e0 l&rsquo;\u00eatre cher \u00e0 l&rsquo;occasion de la Saint-Valentin. Convient aux v\u00e9g\u00e9tariens. Bo\u00eete contenant 25 sachets de 35g. Chez Mars, nous sommes engag\u00e9s \u00e0 cr\u00e9er une cha\u00eene d\u2019approvisionnement en cacao plus moderne, inclusive et durable pour les g\u00e9n\u00e9rations futures. Au travers de notre programme Cacao Responsable, nous sommes d\u00e9termin\u00e9s \u00e0 apporter un changement r\u00e9el, de long terme et positif tout au long de notre cha\u00eene d\u2019approvisionnement en cacao. Nous concentrons nos efforts sur des solutions syst\u00e9miques autour de trois piliers : respect des droits de l\u2019Homme, pr\u00e9servation de l\u2019environnement et am\u00e9lioration des revenus des producteurs.\u00a0\u00a0 Depuis 2023, 100% du cacao que nous achetons pour nos usines Mars Wrigley en Europe est certifi\u00e9 Cacao d\u2019origine responsable. *\u00a0 *Cela signifie que nous achetons un volume de cacao d\u2019origine responsable \u00e9quivalent aux volumes utilis\u00e9s dans notre production europ\u00e9enne.<\/p>\n<h4>Ingredients<\/h4>\n<p>sucre, LAIT \u00e9cr\u00e9m\u00e9 en poudre, beurre de cacao, sirop de glucose, extrait de malt d\u2019ORGE, p\u00e2te de cacao, mati\u00e8re grasse du LAIT, LACTOSE, permeat de lactoserum (LAIT), mati\u00e8re grasse de palme, matiere grasse de palmiste, \u00e9mulsifiant (l\u00e9cithine de SOJA), farine de BLE, poudres \u00e0 lever (E341, E500, E501), gluten de BLE, petit-LAIT en poudre, agent d\u2019enrobage (pectines), sel, extrait naturel de vanille.<\/p>","protected":false},"excerpt":{"rendered":"<p>Bonbons enrob\u00e9s de chocolat au lait d\u00e9licieusement onctueux avec un coeur croustillant en nid d&rsquo;abeille. Les chocolats Maltesers vous aident<\/p>","protected":false},"featured_media":23557,"comment_status":"open","ping_status":"closed","template":"","meta":[],"pwb-brand":[1154],"product_brand":[],"product_cat":[1153,1126,275],"product_tag":[],"class_list":{"0":"post-23418","1":"product","2":"type-product","3":"status-publish","4":"has-post-thumbnail","6":"pwb-brand-maltesers","7":"product_cat-bonbons-au-chocolat","8":"product_cat-en-cas-et-friandises","9":"product_cat-epicerie","11":"first","12":"instock","13":"shipping-taxable","14":"purchasable","15":"product-type-simple"},"yoast_head":"<!-- This site is optimized with the Yoast SEO plugin v27.1.1 - https:\/\/yoast.com\/product\/yoast-seo-wordpress\/ -->\n<title>Maltesers - Bonbons au chocolat au lait cr\u00e9meux - 37 g - NIRIGS<\/title>\n<meta name=\"robots\" content=\"index, follow, max-snippet:-1, max-image-preview:large, max-video-preview:-1\" \/>\n<link rel=\"canonical\" href=\"https:\/\/nirigs.com\/en\/product\/maltesers-bonbons-au-chocolat-au-lait-avec-nid-dabeille-37-g\/\" \/>\n<meta property=\"og:locale\" content=\"en_US\" \/>\n<meta property=\"og:type\" content=\"article\" \/>\n<meta property=\"og:title\" content=\"Maltesers - Bonbons au chocolat au lait cr\u00e9meux - 37 g - NIRIGS\" \/>\n<meta property=\"og:description\" content=\"Bonbons enrob\u00e9s de chocolat au lait d\u00e9licieusement onctueux avec un coeur croustillant en nid d&rsquo;abeille. Les chocolats Maltesers vous aident\" \/>\n<meta property=\"og:url\" content=\"https:\/\/nirigs.com\/en\/product\/maltesers-bonbons-au-chocolat-au-lait-avec-nid-dabeille-37-g\/\" \/>\n<meta property=\"og:site_name\" content=\"NIRIGS\" \/>\n<meta property=\"article:modified_time\" content=\"2025-02-02T11:36:37+00:00\" \/>\n<meta property=\"og:image\" content=\"https:\/\/nirigs.com\/wp-content\/uploads\/2024\/10\/Maltesers-Bonbons-au-chocolat-au-lait-cremeux-37-g-5.jpg\" \/>\n\t<meta property=\"og:image:width\" content=\"1000\" \/>\n\t<meta property=\"og:image:height\" content=\"1000\" \/>\n\t<meta property=\"og:image:type\" content=\"image\/jpeg\" \/>\n<meta name=\"twitter:card\" content=\"summary_large_image\" \/>\n<meta name=\"twitter:label1\" content=\"Est. reading time\" \/>\n\t<meta name=\"twitter:data1\" content=\"1 minute\" \/>\n<script type=\"application\/ld+json\" class=\"yoast-schema-graph\">{\"@context\":\"https:\/\/schema.org\",\"@graph\":[{\"@type\":\"WebPage\",\"@id\":\"https:\/\/nirigs.com\/product\/maltesers-bonbons-au-chocolat-au-lait-avec-nid-dabeille-37-g\/\",\"url\":\"https:\/\/nirigs.com\/product\/maltesers-bonbons-au-chocolat-au-lait-avec-nid-dabeille-37-g\/\",\"name\":\"Maltesers - Bonbons au chocolat au lait cr\u00e9meux - 37 g - NIRIGS\",\"isPartOf\":{\"@id\":\"https:\/\/nirigs.com\/#website\"},\"primaryImageOfPage\":{\"@id\":\"https:\/\/nirigs.com\/product\/maltesers-bonbons-au-chocolat-au-lait-avec-nid-dabeille-37-g\/#primaryimage\"},\"image\":{\"@id\":\"https:\/\/nirigs.com\/product\/maltesers-bonbons-au-chocolat-au-lait-avec-nid-dabeille-37-g\/#primaryimage\"},\"thumbnailUrl\":\"https:\/\/nirigs.com\/wp-content\/uploads\/2024\/10\/Maltesers-Bonbons-au-chocolat-au-lait-cremeux-37-g-5.jpg\",\"datePublished\":\"2024-10-06T15:03:09+00:00\",\"dateModified\":\"2025-02-02T11:36:37+00:00\",\"breadcrumb\":{\"@id\":\"https:\/\/nirigs.com\/product\/maltesers-bonbons-au-chocolat-au-lait-avec-nid-dabeille-37-g\/#breadcrumb\"},\"inLanguage\":\"en-US\",\"potentialAction\":[{\"@type\":\"ReadAction\",\"target\":[\"https:\/\/nirigs.com\/product\/maltesers-bonbons-au-chocolat-au-lait-avec-nid-dabeille-37-g\/\"]}]},{\"@type\":\"ImageObject\",\"inLanguage\":\"en-US\",\"@id\":\"https:\/\/nirigs.com\/product\/maltesers-bonbons-au-chocolat-au-lait-avec-nid-dabeille-37-g\/#primaryimage\",\"url\":\"https:\/\/nirigs.com\/wp-content\/uploads\/2024\/10\/Maltesers-Bonbons-au-chocolat-au-lait-cremeux-37-g-5.jpg\",\"contentUrl\":\"https:\/\/nirigs.com\/wp-content\/uploads\/2024\/10\/Maltesers-Bonbons-au-chocolat-au-lait-cremeux-37-g-5.jpg\",\"width\":1000,\"height\":1000},{\"@type\":\"BreadcrumbList\",\"@id\":\"https:\/\/nirigs.com\/product\/maltesers-bonbons-au-chocolat-au-lait-avec-nid-dabeille-37-g\/#breadcrumb\",\"itemListElement\":[{\"@type\":\"ListItem\",\"position\":1,\"name\":\"Home\",\"item\":\"https:\/\/nirigs.com\/\"},{\"@type\":\"ListItem\",\"position\":2,\"name\":\"Parcourir\",\"item\":\"https:\/\/nirigs.com\/boutique\/\"},{\"@type\":\"ListItem\",\"position\":3,\"name\":\"Maltesers &#8211; Bonbons au chocolat au lait cr\u00e9meux &#8211; 37 g\"}]},{\"@type\":\"WebSite\",\"@id\":\"https:\/\/nirigs.com\/#website\",\"url\":\"https:\/\/nirigs.com\/\",\"name\":\"Nirigs.com\",\"description\":\"Simplifiez vos achats du quotidien \u00e0 Djibouti\",\"publisher\":{\"@id\":\"https:\/\/nirigs.com\/#organization\"},\"potentialAction\":[{\"@type\":\"SearchAction\",\"target\":{\"@type\":\"EntryPoint\",\"urlTemplate\":\"https:\/\/nirigs.com\/?s={search_term_string}\"},\"query-input\":{\"@type\":\"PropertyValueSpecification\",\"valueRequired\":true,\"valueName\":\"search_term_string\"}}],\"inLanguage\":\"en-US\"},{\"@type\":\"Organization\",\"@id\":\"https:\/\/nirigs.com\/#organization\",\"name\":\"Nirigs\",\"url\":\"https:\/\/nirigs.com\/\",\"logo\":{\"@type\":\"ImageObject\",\"inLanguage\":\"en-US\",\"@id\":\"https:\/\/nirigs.com\/#\/schema\/logo\/image\/\",\"url\":\"https:\/\/nirigs.com\/wp-content\/uploads\/2025\/04\/Design-sans-titre-27.png\",\"contentUrl\":\"https:\/\/nirigs.com\/wp-content\/uploads\/2025\/04\/Design-sans-titre-27.png\",\"width\":500,\"height\":500,\"caption\":\"Nirigs\"},\"image\":{\"@id\":\"https:\/\/nirigs.com\/#\/schema\/logo\/image\/\"}}]}<\/script>\n<!-- \/ Yoast SEO plugin. -->","yoast_head_json":{"title":"Maltesers - Bonbons au chocolat au lait cr\u00e9meux - 37 g - NIRIGS","robots":{"index":"index","follow":"follow","max-snippet":"max-snippet:-1","max-image-preview":"max-image-preview:large","max-video-preview":"max-video-preview:-1"},"canonical":"https:\/\/nirigs.com\/en\/product\/maltesers-bonbons-au-chocolat-au-lait-avec-nid-dabeille-37-g\/","og_locale":"en_US","og_type":"article","og_title":"Maltesers - Bonbons au chocolat au lait cr\u00e9meux - 37 g - NIRIGS","og_description":"Bonbons enrob\u00e9s de chocolat au lait d\u00e9licieusement onctueux avec un coeur croustillant en nid d&rsquo;abeille. Les chocolats Maltesers vous aident","og_url":"https:\/\/nirigs.com\/en\/product\/maltesers-bonbons-au-chocolat-au-lait-avec-nid-dabeille-37-g\/","og_site_name":"NIRIGS","article_modified_time":"2025-02-02T11:36:37+00:00","og_image":[{"width":1000,"height":1000,"url":"https:\/\/nirigs.com\/wp-content\/uploads\/2024\/10\/Maltesers-Bonbons-au-chocolat-au-lait-cremeux-37-g-5.jpg","type":"image\/jpeg"}],"twitter_card":"summary_large_image","twitter_misc":{"Est. reading time":"1 minute"},"schema":{"@context":"https:\/\/schema.org","@graph":[{"@type":"WebPage","@id":"https:\/\/nirigs.com\/product\/maltesers-bonbons-au-chocolat-au-lait-avec-nid-dabeille-37-g\/","url":"https:\/\/nirigs.com\/product\/maltesers-bonbons-au-chocolat-au-lait-avec-nid-dabeille-37-g\/","name":"Maltesers - Bonbons au chocolat au lait cr\u00e9meux - 37 g - NIRIGS","isPartOf":{"@id":"https:\/\/nirigs.com\/#website"},"primaryImageOfPage":{"@id":"https:\/\/nirigs.com\/product\/maltesers-bonbons-au-chocolat-au-lait-avec-nid-dabeille-37-g\/#primaryimage"},"image":{"@id":"https:\/\/nirigs.com\/product\/maltesers-bonbons-au-chocolat-au-lait-avec-nid-dabeille-37-g\/#primaryimage"},"thumbnailUrl":"https:\/\/nirigs.com\/wp-content\/uploads\/2024\/10\/Maltesers-Bonbons-au-chocolat-au-lait-cremeux-37-g-5.jpg","datePublished":"2024-10-06T15:03:09+00:00","dateModified":"2025-02-02T11:36:37+00:00","breadcrumb":{"@id":"https:\/\/nirigs.com\/product\/maltesers-bonbons-au-chocolat-au-lait-avec-nid-dabeille-37-g\/#breadcrumb"},"inLanguage":"en-US","potentialAction":[{"@type":"ReadAction","target":["https:\/\/nirigs.com\/product\/maltesers-bonbons-au-chocolat-au-lait-avec-nid-dabeille-37-g\/"]}]},{"@type":"ImageObject","inLanguage":"en-US","@id":"https:\/\/nirigs.com\/product\/maltesers-bonbons-au-chocolat-au-lait-avec-nid-dabeille-37-g\/#primaryimage","url":"https:\/\/nirigs.com\/wp-content\/uploads\/2024\/10\/Maltesers-Bonbons-au-chocolat-au-lait-cremeux-37-g-5.jpg","contentUrl":"https:\/\/nirigs.com\/wp-content\/uploads\/2024\/10\/Maltesers-Bonbons-au-chocolat-au-lait-cremeux-37-g-5.jpg","width":1000,"height":1000},{"@type":"BreadcrumbList","@id":"https:\/\/nirigs.com\/product\/maltesers-bonbons-au-chocolat-au-lait-avec-nid-dabeille-37-g\/#breadcrumb","itemListElement":[{"@type":"ListItem","position":1,"name":"Home","item":"https:\/\/nirigs.com\/"},{"@type":"ListItem","position":2,"name":"Parcourir","item":"https:\/\/nirigs.com\/boutique\/"},{"@type":"ListItem","position":3,"name":"Maltesers &#8211; Bonbons au chocolat au lait cr\u00e9meux &#8211; 37 g"}]},{"@type":"WebSite","@id":"https:\/\/nirigs.com\/#website","url":"https:\/\/nirigs.com\/","name":"Nirigs.com","description":"Simplifiez vos achats du quotidien \u00e0 Djibouti","publisher":{"@id":"https:\/\/nirigs.com\/#organization"},"potentialAction":[{"@type":"SearchAction","target":{"@type":"EntryPoint","urlTemplate":"https:\/\/nirigs.com\/?s={search_term_string}"},"query-input":{"@type":"PropertyValueSpecification","valueRequired":true,"valueName":"search_term_string"}}],"inLanguage":"en-US"},{"@type":"Organization","@id":"https:\/\/nirigs.com\/#organization","name":"Nirigs","url":"https:\/\/nirigs.com\/","logo":{"@type":"ImageObject","inLanguage":"en-US","@id":"https:\/\/nirigs.com\/#\/schema\/logo\/image\/","url":"https:\/\/nirigs.com\/wp-content\/uploads\/2025\/04\/Design-sans-titre-27.png","contentUrl":"https:\/\/nirigs.com\/wp-content\/uploads\/2025\/04\/Design-sans-titre-27.png","width":500,"height":500,"caption":"Nirigs"},"image":{"@id":"https:\/\/nirigs.com\/#\/schema\/logo\/image\/"}}]}},"brands":[{"id":1154,"name":"Maltesers","slug":"maltesers"}],"_links":{"self":[{"href":"https:\/\/nirigs.com\/en\/wp-json\/wp\/v2\/product\/23418","targetHints":{"allow":["GET"]}}],"collection":[{"href":"https:\/\/nirigs.com\/en\/wp-json\/wp\/v2\/product"}],"about":[{"href":"https:\/\/nirigs.com\/en\/wp-json\/wp\/v2\/types\/product"}],"replies":[{"embeddable":true,"href":"https:\/\/nirigs.com\/en\/wp-json\/wp\/v2\/comments?post=23418"}],"version-history":[{"count":1,"href":"https:\/\/nirigs.com\/en\/wp-json\/wp\/v2\/product\/23418\/revisions"}],"predecessor-version":[{"id":23521,"href":"https:\/\/nirigs.com\/en\/wp-json\/wp\/v2\/product\/23418\/revisions\/23521"}],"wp:featuredmedia":[{"embeddable":true,"href":"https:\/\/nirigs.com\/en\/wp-json\/wp\/v2\/media\/23557"}],"wp:attachment":[{"href":"https:\/\/nirigs.com\/en\/wp-json\/wp\/v2\/media?parent=23418"}],"wp:term":[{"taxonomy":"pwb-brand","embeddable":true,"href":"https:\/\/nirigs.com\/en\/wp-json\/wp\/v2\/pwb-brand?post=23418"},{"taxonomy":"product_brand","embeddable":true,"href":"https:\/\/nirigs.com\/en\/wp-json\/wp\/v2\/product_brand?post=23418"},{"taxonomy":"product_cat","embeddable":true,"href":"https:\/\/nirigs.com\/en\/wp-json\/wp\/v2\/product_cat?post=23418"},{"taxonomy":"product_tag","embeddable":true,"href":"https:\/\/nirigs.com\/en\/wp-json\/wp\/v2\/product_tag?post=23418"}],"curies":[{"name":"wp","href":"https:\/\/api.w.org\/{rel}","templated":true}]}}