{"id":23414,"date":"2024-10-06T18:03:07","date_gmt":"2024-10-06T15:03:07","guid":{"rendered":"https:\/\/nirigs.com\/produit\/twix-barre-de-chocolat-avec-nougat-caramel-et-biscuits-croustillants-50-g\/"},"modified":"2025-02-02T14:37:56","modified_gmt":"2025-02-02T11:37:56","slug":"twix-barre-de-chocolat-avec-nougat-caramel-et-biscuits-croustillants-50-g","status":"publish","type":"product","link":"https:\/\/nirigs.com\/en\/product\/twix-barre-de-chocolat-avec-nougat-caramel-et-biscuits-croustillants-50-g\/","title":{"rendered":"Twix &#8211; Barre de chocolat avec nougat, caramel et biscuits croustillants &#8211; 50 g"},"content":{"rendered":"<p>Retrouvez le fun et la gourmandise de Twix avec son alliance savoureuse de chocolat au lait, de caramel fondant et de biscuit croquant.<\/p>\n<h4>Ingredients<\/h4>\n<p>Sucre, Sirop De Glucose, Farine De\u00a0<strong>Bl\u00e9<\/strong>\u00a0(17%), Mati\u00e8re Grasse De Palme,\u00a0<strong>Milk<\/strong>\u00a0\u00c9cr\u00e9m\u00e9 En Poudre, Beurre De Cacao, P\u00e2te De Cacao, Mati\u00e8re Grasse Du\u00a0<strong>Milk<\/strong>,\u00a0<strong>Lactose<\/strong>, Perm\u00e9at De Lactos\u00e9rum (<strong>Milk<\/strong>), Cacao Maigre, Sel, \u00c9mulsifiant (L\u00e9cithine De\u00a0<strong>Soja<\/strong>), Poudre \u00c0 Lever (E500), Extrait De Vanille.<\/p>\n<h4>Informations sur les allergies<\/h4>\n<p>Peut Contenir:\u00a0<strong>Noisette<\/strong>,\u00a0<strong>Amande<\/strong>,\u00a0<strong>Orge<\/strong>,\u00a0<strong>Avoine<\/strong>.<\/p>","protected":false},"excerpt":{"rendered":"<p>Retrouvez le fun et la gourmandise de Twix avec son alliance savoureuse de chocolat au lait, de caramel fondant et<\/p>","protected":false},"featured_media":23556,"comment_status":"open","ping_status":"closed","template":"","meta":[],"pwb-brand":[1157],"product_brand":[],"product_cat":[1155,1126,275],"product_tag":[],"class_list":{"0":"post-23414","1":"product","2":"type-product","3":"status-publish","4":"has-post-thumbnail","6":"pwb-brand-twix","7":"product_cat-barres-et-tablettes-de-chocolat","8":"product_cat-en-cas-et-friandises","9":"product_cat-epicerie","11":"first","12":"instock","13":"shipping-taxable","14":"purchasable","15":"product-type-simple"},"yoast_head":"<!-- This site is optimized with the Yoast SEO plugin v27.4 - https:\/\/yoast.com\/product\/yoast-seo-wordpress\/ -->\n<title>Twix - Barre de chocolat avec nougat, caramel et biscuits croustillants - 50 g - NIRIGS<\/title>\n<meta name=\"robots\" content=\"index, follow, max-snippet:-1, max-image-preview:large, max-video-preview:-1\" \/>\n<link rel=\"canonical\" href=\"https:\/\/nirigs.com\/en\/product\/twix-barre-de-chocolat-avec-nougat-caramel-et-biscuits-croustillants-50-g\/\" \/>\n<meta property=\"og:locale\" content=\"en_US\" \/>\n<meta property=\"og:type\" content=\"article\" \/>\n<meta property=\"og:title\" content=\"Twix - Barre de chocolat avec nougat, caramel et biscuits croustillants - 50 g - NIRIGS\" \/>\n<meta property=\"og:description\" content=\"Retrouvez le fun et la gourmandise de Twix avec son alliance savoureuse de chocolat au lait, de caramel fondant et\" \/>\n<meta property=\"og:url\" content=\"https:\/\/nirigs.com\/en\/product\/twix-barre-de-chocolat-avec-nougat-caramel-et-biscuits-croustillants-50-g\/\" \/>\n<meta property=\"og:site_name\" content=\"NIRIGS\" \/>\n<meta property=\"article:modified_time\" content=\"2025-02-02T11:37:56+00:00\" \/>\n<meta property=\"og:image\" content=\"https:\/\/nirigs.com\/wp-content\/uploads\/2024\/10\/Twix-Barre-de-chocolat-avec-nougat-caramel-et-biscuits-croustillants-50-g.jpg\" \/>\n\t<meta property=\"og:image:width\" content=\"1000\" \/>\n\t<meta property=\"og:image:height\" content=\"1000\" \/>\n\t<meta property=\"og:image:type\" content=\"image\/jpeg\" \/>\n<meta name=\"twitter:card\" content=\"summary_large_image\" \/>\n<script type=\"application\/ld+json\" class=\"yoast-schema-graph\">{\"@context\":\"https:\\\/\\\/schema.org\",\"@graph\":[{\"@type\":\"WebPage\",\"@id\":\"https:\\\/\\\/nirigs.com\\\/product\\\/twix-barre-de-chocolat-avec-nougat-caramel-et-biscuits-croustillants-50-g\\\/\",\"url\":\"https:\\\/\\\/nirigs.com\\\/product\\\/twix-barre-de-chocolat-avec-nougat-caramel-et-biscuits-croustillants-50-g\\\/\",\"name\":\"Twix - Barre de chocolat avec nougat, caramel et biscuits croustillants - 50 g - NIRIGS\",\"isPartOf\":{\"@id\":\"https:\\\/\\\/nirigs.com\\\/#website\"},\"primaryImageOfPage\":{\"@id\":\"https:\\\/\\\/nirigs.com\\\/product\\\/twix-barre-de-chocolat-avec-nougat-caramel-et-biscuits-croustillants-50-g\\\/#primaryimage\"},\"image\":{\"@id\":\"https:\\\/\\\/nirigs.com\\\/product\\\/twix-barre-de-chocolat-avec-nougat-caramel-et-biscuits-croustillants-50-g\\\/#primaryimage\"},\"thumbnailUrl\":\"https:\\\/\\\/nirigs.com\\\/wp-content\\\/uploads\\\/2024\\\/10\\\/Twix-Barre-de-chocolat-avec-nougat-caramel-et-biscuits-croustillants-50-g.jpg\",\"datePublished\":\"2024-10-06T15:03:07+00:00\",\"dateModified\":\"2025-02-02T11:37:56+00:00\",\"breadcrumb\":{\"@id\":\"https:\\\/\\\/nirigs.com\\\/product\\\/twix-barre-de-chocolat-avec-nougat-caramel-et-biscuits-croustillants-50-g\\\/#breadcrumb\"},\"inLanguage\":\"en-US\",\"potentialAction\":[{\"@type\":\"ReadAction\",\"target\":[\"https:\\\/\\\/nirigs.com\\\/product\\\/twix-barre-de-chocolat-avec-nougat-caramel-et-biscuits-croustillants-50-g\\\/\"]}]},{\"@type\":\"ImageObject\",\"inLanguage\":\"en-US\",\"@id\":\"https:\\\/\\\/nirigs.com\\\/product\\\/twix-barre-de-chocolat-avec-nougat-caramel-et-biscuits-croustillants-50-g\\\/#primaryimage\",\"url\":\"https:\\\/\\\/nirigs.com\\\/wp-content\\\/uploads\\\/2024\\\/10\\\/Twix-Barre-de-chocolat-avec-nougat-caramel-et-biscuits-croustillants-50-g.jpg\",\"contentUrl\":\"https:\\\/\\\/nirigs.com\\\/wp-content\\\/uploads\\\/2024\\\/10\\\/Twix-Barre-de-chocolat-avec-nougat-caramel-et-biscuits-croustillants-50-g.jpg\",\"width\":1000,\"height\":1000},{\"@type\":\"BreadcrumbList\",\"@id\":\"https:\\\/\\\/nirigs.com\\\/product\\\/twix-barre-de-chocolat-avec-nougat-caramel-et-biscuits-croustillants-50-g\\\/#breadcrumb\",\"itemListElement\":[{\"@type\":\"ListItem\",\"position\":1,\"name\":\"Home\",\"item\":\"https:\\\/\\\/nirigs.com\\\/\"},{\"@type\":\"ListItem\",\"position\":2,\"name\":\"Parcourir\",\"item\":\"https:\\\/\\\/nirigs.com\\\/boutique\\\/\"},{\"@type\":\"ListItem\",\"position\":3,\"name\":\"Twix &#8211; Barre de chocolat avec nougat, caramel et biscuits croustillants &#8211; 50 g\"}]},{\"@type\":\"WebSite\",\"@id\":\"https:\\\/\\\/nirigs.com\\\/#website\",\"url\":\"https:\\\/\\\/nirigs.com\\\/\",\"name\":\"Nirigs.com\",\"description\":\"Simplifiez vos achats du quotidien \u00e0 Djibouti\",\"publisher\":{\"@id\":\"https:\\\/\\\/nirigs.com\\\/#organization\"},\"potentialAction\":[{\"@type\":\"SearchAction\",\"target\":{\"@type\":\"EntryPoint\",\"urlTemplate\":\"https:\\\/\\\/nirigs.com\\\/?s={search_term_string}\"},\"query-input\":{\"@type\":\"PropertyValueSpecification\",\"valueRequired\":true,\"valueName\":\"search_term_string\"}}],\"inLanguage\":\"en-US\"},{\"@type\":\"Organization\",\"@id\":\"https:\\\/\\\/nirigs.com\\\/#organization\",\"name\":\"Nirigs\",\"url\":\"https:\\\/\\\/nirigs.com\\\/\",\"logo\":{\"@type\":\"ImageObject\",\"inLanguage\":\"en-US\",\"@id\":\"https:\\\/\\\/nirigs.com\\\/#\\\/schema\\\/logo\\\/image\\\/\",\"url\":\"https:\\\/\\\/nirigs.com\\\/wp-content\\\/uploads\\\/2025\\\/04\\\/Design-sans-titre-27.png\",\"contentUrl\":\"https:\\\/\\\/nirigs.com\\\/wp-content\\\/uploads\\\/2025\\\/04\\\/Design-sans-titre-27.png\",\"width\":500,\"height\":500,\"caption\":\"Nirigs\"},\"image\":{\"@id\":\"https:\\\/\\\/nirigs.com\\\/#\\\/schema\\\/logo\\\/image\\\/\"}}]}<\/script>\n<!-- \/ Yoast SEO plugin. -->","yoast_head_json":{"title":"Twix - Barre de chocolat avec nougat, caramel et biscuits croustillants - 50 g - NIRIGS","robots":{"index":"index","follow":"follow","max-snippet":"max-snippet:-1","max-image-preview":"max-image-preview:large","max-video-preview":"max-video-preview:-1"},"canonical":"https:\/\/nirigs.com\/en\/product\/twix-barre-de-chocolat-avec-nougat-caramel-et-biscuits-croustillants-50-g\/","og_locale":"en_US","og_type":"article","og_title":"Twix - Barre de chocolat avec nougat, caramel et biscuits croustillants - 50 g - NIRIGS","og_description":"Retrouvez le fun et la gourmandise de Twix avec son alliance savoureuse de chocolat au lait, de caramel fondant et","og_url":"https:\/\/nirigs.com\/en\/product\/twix-barre-de-chocolat-avec-nougat-caramel-et-biscuits-croustillants-50-g\/","og_site_name":"NIRIGS","article_modified_time":"2025-02-02T11:37:56+00:00","og_image":[{"width":1000,"height":1000,"url":"https:\/\/nirigs.com\/wp-content\/uploads\/2024\/10\/Twix-Barre-de-chocolat-avec-nougat-caramel-et-biscuits-croustillants-50-g.jpg","type":"image\/jpeg"}],"twitter_card":"summary_large_image","schema":{"@context":"https:\/\/schema.org","@graph":[{"@type":"WebPage","@id":"https:\/\/nirigs.com\/product\/twix-barre-de-chocolat-avec-nougat-caramel-et-biscuits-croustillants-50-g\/","url":"https:\/\/nirigs.com\/product\/twix-barre-de-chocolat-avec-nougat-caramel-et-biscuits-croustillants-50-g\/","name":"Twix - Barre de chocolat avec nougat, caramel et biscuits croustillants - 50 g - NIRIGS","isPartOf":{"@id":"https:\/\/nirigs.com\/#website"},"primaryImageOfPage":{"@id":"https:\/\/nirigs.com\/product\/twix-barre-de-chocolat-avec-nougat-caramel-et-biscuits-croustillants-50-g\/#primaryimage"},"image":{"@id":"https:\/\/nirigs.com\/product\/twix-barre-de-chocolat-avec-nougat-caramel-et-biscuits-croustillants-50-g\/#primaryimage"},"thumbnailUrl":"https:\/\/nirigs.com\/wp-content\/uploads\/2024\/10\/Twix-Barre-de-chocolat-avec-nougat-caramel-et-biscuits-croustillants-50-g.jpg","datePublished":"2024-10-06T15:03:07+00:00","dateModified":"2025-02-02T11:37:56+00:00","breadcrumb":{"@id":"https:\/\/nirigs.com\/product\/twix-barre-de-chocolat-avec-nougat-caramel-et-biscuits-croustillants-50-g\/#breadcrumb"},"inLanguage":"en-US","potentialAction":[{"@type":"ReadAction","target":["https:\/\/nirigs.com\/product\/twix-barre-de-chocolat-avec-nougat-caramel-et-biscuits-croustillants-50-g\/"]}]},{"@type":"ImageObject","inLanguage":"en-US","@id":"https:\/\/nirigs.com\/product\/twix-barre-de-chocolat-avec-nougat-caramel-et-biscuits-croustillants-50-g\/#primaryimage","url":"https:\/\/nirigs.com\/wp-content\/uploads\/2024\/10\/Twix-Barre-de-chocolat-avec-nougat-caramel-et-biscuits-croustillants-50-g.jpg","contentUrl":"https:\/\/nirigs.com\/wp-content\/uploads\/2024\/10\/Twix-Barre-de-chocolat-avec-nougat-caramel-et-biscuits-croustillants-50-g.jpg","width":1000,"height":1000},{"@type":"BreadcrumbList","@id":"https:\/\/nirigs.com\/product\/twix-barre-de-chocolat-avec-nougat-caramel-et-biscuits-croustillants-50-g\/#breadcrumb","itemListElement":[{"@type":"ListItem","position":1,"name":"Home","item":"https:\/\/nirigs.com\/"},{"@type":"ListItem","position":2,"name":"Parcourir","item":"https:\/\/nirigs.com\/boutique\/"},{"@type":"ListItem","position":3,"name":"Twix &#8211; Barre de chocolat avec nougat, caramel et biscuits croustillants &#8211; 50 g"}]},{"@type":"WebSite","@id":"https:\/\/nirigs.com\/#website","url":"https:\/\/nirigs.com\/","name":"Nirigs.com","description":"Simplifiez vos achats du quotidien \u00e0 Djibouti","publisher":{"@id":"https:\/\/nirigs.com\/#organization"},"potentialAction":[{"@type":"SearchAction","target":{"@type":"EntryPoint","urlTemplate":"https:\/\/nirigs.com\/?s={search_term_string}"},"query-input":{"@type":"PropertyValueSpecification","valueRequired":true,"valueName":"search_term_string"}}],"inLanguage":"en-US"},{"@type":"Organization","@id":"https:\/\/nirigs.com\/#organization","name":"Nirigs","url":"https:\/\/nirigs.com\/","logo":{"@type":"ImageObject","inLanguage":"en-US","@id":"https:\/\/nirigs.com\/#\/schema\/logo\/image\/","url":"https:\/\/nirigs.com\/wp-content\/uploads\/2025\/04\/Design-sans-titre-27.png","contentUrl":"https:\/\/nirigs.com\/wp-content\/uploads\/2025\/04\/Design-sans-titre-27.png","width":500,"height":500,"caption":"Nirigs"},"image":{"@id":"https:\/\/nirigs.com\/#\/schema\/logo\/image\/"}}]}},"brands":[{"id":1157,"name":"Twix","slug":"twix"}],"_links":{"self":[{"href":"https:\/\/nirigs.com\/en\/wp-json\/wp\/v2\/product\/23414","targetHints":{"allow":["GET"]}}],"collection":[{"href":"https:\/\/nirigs.com\/en\/wp-json\/wp\/v2\/product"}],"about":[{"href":"https:\/\/nirigs.com\/en\/wp-json\/wp\/v2\/types\/product"}],"replies":[{"embeddable":true,"href":"https:\/\/nirigs.com\/en\/wp-json\/wp\/v2\/comments?post=23414"}],"version-history":[{"count":1,"href":"https:\/\/nirigs.com\/en\/wp-json\/wp\/v2\/product\/23414\/revisions"}],"predecessor-version":[{"id":23555,"href":"https:\/\/nirigs.com\/en\/wp-json\/wp\/v2\/product\/23414\/revisions\/23555"}],"wp:featuredmedia":[{"embeddable":true,"href":"https:\/\/nirigs.com\/en\/wp-json\/wp\/v2\/media\/23556"}],"wp:attachment":[{"href":"https:\/\/nirigs.com\/en\/wp-json\/wp\/v2\/media?parent=23414"}],"wp:term":[{"taxonomy":"pwb-brand","embeddable":true,"href":"https:\/\/nirigs.com\/en\/wp-json\/wp\/v2\/pwb-brand?post=23414"},{"taxonomy":"product_brand","embeddable":true,"href":"https:\/\/nirigs.com\/en\/wp-json\/wp\/v2\/product_brand?post=23414"},{"taxonomy":"product_cat","embeddable":true,"href":"https:\/\/nirigs.com\/en\/wp-json\/wp\/v2\/product_cat?post=23414"},{"taxonomy":"product_tag","embeddable":true,"href":"https:\/\/nirigs.com\/en\/wp-json\/wp\/v2\/product_tag?post=23414"}],"curies":[{"name":"wp","href":"https:\/\/api.w.org\/{rel}","templated":true}]}}