{"id":23409,"date":"2024-10-06T18:03:06","date_gmt":"2024-10-06T15:03:06","guid":{"rendered":"https:\/\/nirigs.com\/produit\/lurpak-beurre-doux-non-sale-200-g\/"},"modified":"2025-02-02T14:38:46","modified_gmt":"2025-02-02T11:38:46","slug":"lurpak-beurre-doux-non-sale-200-g","status":"publish","type":"product","link":"https:\/\/nirigs.com\/en\/product\/lurpak-beurre-doux-non-sale-200-g\/","title":{"rendered":"Lurpak &#8211; Beurre doux non sal\u00e9 &#8211; 200 g"},"content":{"rendered":"<p>LA BONNE CUISINE M\u00c9RITE LURPAK\u00ae<\/p>\n<p>Avec Lurpak\u00ae \u00e0 vos c\u00f4t\u00e9s, vous \u00eates toujours pr\u00eat \u00e0 cuisiner, \u00e0 cuire et \u00e0 faire frire des merveilles, \u00e0 cuisiner. Avec son go\u00fbt d\u00e9licat, le beurre sal\u00e9 Lurpak\u00ae rehausse la saveur de tous les aliments auxquels vous l&rsquo;ajoutez. Qu&rsquo;il s&rsquo;agisse d&rsquo;un copieux plat de p\u00e2tes, d&rsquo;une tarte aux fruits ou de simples pommes de terre \u00e9cras\u00e9es, ses notes subtiles compl\u00e8tent toutes les cr\u00e9ations que vous pr\u00e9parez dans la cuisine. Pour ceux qui aiment la bonne cuisine, Lurpak\u00ae la rend encore meilleure. Maintenant, retroussons nos manches. Aujourd&rsquo;hui, nous cuisinons avec audace.<\/p>\n<p>UNE APPROCHE INTRANSIGEANTE DE LA QUALIT\u00c9<\/p>\n<p>Le beurre non sal\u00e9 Lurpak\u00ae est fabriqu\u00e9 \u00e0 partir de lait frais \u00e0 100 %. Nous pr\u00e9levons simplement la cr\u00e8me du lait et la barattons jusqu&rsquo;\u00e0 ce qu&rsquo;elle se transforme en beurre. C&rsquo;est tout. L&rsquo;excellence authentique et la saveur all\u00e9chante ne viennent pas de nulle part, et Lurpak\u00ae a une approche intransigeante de la fabrication de beurre de qualit\u00e9 depuis 1901.<\/p>\n<h4>INGREDIENTS<\/h4>\n<p>Fabriqu\u00e9 \u00e0 partir de lait de vache frais pasteuris\u00e9<\/p>\n<p>&nbsp;<\/p>\n<p>&nbsp;<\/p>","protected":false},"excerpt":{"rendered":"<p>LA BONNE CUISINE M\u00c9RITE LURPAK\u00ae Avec Lurpak\u00ae \u00e0 vos c\u00f4t\u00e9s, vous \u00eates toujours pr\u00eat \u00e0 cuisiner, \u00e0 cuire et \u00e0<\/p>","protected":false},"featured_media":23580,"comment_status":"open","ping_status":"closed","template":"","meta":[],"pwb-brand":[1160],"product_brand":[],"product_cat":[1145,1144,1143,275],"product_tag":[],"class_list":{"0":"post-23409","1":"product","2":"type-product","3":"status-publish","4":"has-post-thumbnail","6":"pwb-brand-lurpak","7":"product_cat-beurres","8":"product_cat-beurres-et-cremes","9":"product_cat-cremerie-et-produits-laitiers","10":"product_cat-epicerie","12":"first","13":"instock","14":"shipping-taxable","15":"purchasable","16":"product-type-simple"},"yoast_head":"<!-- This site is optimized with the Yoast SEO plugin v27.1.1 - https:\/\/yoast.com\/product\/yoast-seo-wordpress\/ -->\n<title>Lurpak - Beurre doux non sal\u00e9 - 200 g - NIRIGS<\/title>\n<meta name=\"robots\" content=\"index, follow, max-snippet:-1, max-image-preview:large, max-video-preview:-1\" \/>\n<link rel=\"canonical\" href=\"https:\/\/nirigs.com\/en\/product\/lurpak-beurre-doux-non-sale-200-g\/\" \/>\n<meta property=\"og:locale\" content=\"en_US\" \/>\n<meta property=\"og:type\" content=\"article\" \/>\n<meta property=\"og:title\" content=\"Lurpak - Beurre doux non sal\u00e9 - 200 g - NIRIGS\" \/>\n<meta property=\"og:description\" content=\"LA BONNE CUISINE M\u00c9RITE LURPAK\u00ae Avec Lurpak\u00ae \u00e0 vos c\u00f4t\u00e9s, vous \u00eates toujours pr\u00eat \u00e0 cuisiner, \u00e0 cuire et \u00e0\" \/>\n<meta property=\"og:url\" content=\"https:\/\/nirigs.com\/en\/product\/lurpak-beurre-doux-non-sale-200-g\/\" \/>\n<meta property=\"og:site_name\" content=\"NIRIGS\" \/>\n<meta property=\"article:modified_time\" content=\"2025-02-02T11:38:46+00:00\" \/>\n<meta property=\"og:image\" content=\"https:\/\/nirigs.com\/wp-content\/uploads\/2024\/10\/Lurpak-Beurre-doux-non-sale-200-g-1.jpg\" \/>\n\t<meta property=\"og:image:width\" content=\"1000\" \/>\n\t<meta property=\"og:image:height\" content=\"1000\" \/>\n\t<meta property=\"og:image:type\" content=\"image\/jpeg\" \/>\n<meta name=\"twitter:card\" content=\"summary_large_image\" \/>\n<meta name=\"twitter:label1\" content=\"Est. reading time\" \/>\n\t<meta name=\"twitter:data1\" content=\"1 minute\" \/>\n<script type=\"application\/ld+json\" class=\"yoast-schema-graph\">{\"@context\":\"https:\/\/schema.org\",\"@graph\":[{\"@type\":\"WebPage\",\"@id\":\"https:\/\/nirigs.com\/en\/product\/lurpak-beurre-doux-non-sale-200-g\/\",\"url\":\"https:\/\/nirigs.com\/en\/product\/lurpak-beurre-doux-non-sale-200-g\/\",\"name\":\"Lurpak - Beurre doux non sal\u00e9 - 200 g - NIRIGS\",\"isPartOf\":{\"@id\":\"https:\/\/nirigs.com\/#website\"},\"primaryImageOfPage\":{\"@id\":\"https:\/\/nirigs.com\/en\/product\/lurpak-beurre-doux-non-sale-200-g\/#primaryimage\"},\"image\":{\"@id\":\"https:\/\/nirigs.com\/en\/product\/lurpak-beurre-doux-non-sale-200-g\/#primaryimage\"},\"thumbnailUrl\":\"https:\/\/nirigs.com\/wp-content\/uploads\/2024\/10\/Lurpak-Beurre-doux-non-sale-200-g-1.jpg\",\"datePublished\":\"2024-10-06T15:03:06+00:00\",\"dateModified\":\"2025-02-02T11:38:46+00:00\",\"breadcrumb\":{\"@id\":\"https:\/\/nirigs.com\/en\/product\/lurpak-beurre-doux-non-sale-200-g\/#breadcrumb\"},\"inLanguage\":\"en-US\",\"potentialAction\":[{\"@type\":\"ReadAction\",\"target\":[\"https:\/\/nirigs.com\/en\/product\/lurpak-beurre-doux-non-sale-200-g\/\"]}]},{\"@type\":\"ImageObject\",\"inLanguage\":\"en-US\",\"@id\":\"https:\/\/nirigs.com\/en\/product\/lurpak-beurre-doux-non-sale-200-g\/#primaryimage\",\"url\":\"https:\/\/nirigs.com\/wp-content\/uploads\/2024\/10\/Lurpak-Beurre-doux-non-sale-200-g-1.jpg\",\"contentUrl\":\"https:\/\/nirigs.com\/wp-content\/uploads\/2024\/10\/Lurpak-Beurre-doux-non-sale-200-g-1.jpg\",\"width\":1000,\"height\":1000},{\"@type\":\"BreadcrumbList\",\"@id\":\"https:\/\/nirigs.com\/en\/product\/lurpak-beurre-doux-non-sale-200-g\/#breadcrumb\",\"itemListElement\":[{\"@type\":\"ListItem\",\"position\":1,\"name\":\"Home\",\"item\":\"https:\/\/nirigs.com\/\"},{\"@type\":\"ListItem\",\"position\":2,\"name\":\"Parcourir\",\"item\":\"https:\/\/nirigs.com\/boutique\/\"},{\"@type\":\"ListItem\",\"position\":3,\"name\":\"Lurpak &#8211; Beurre doux non sal\u00e9 &#8211; 200 g\"}]},{\"@type\":\"WebSite\",\"@id\":\"https:\/\/nirigs.com\/#website\",\"url\":\"https:\/\/nirigs.com\/\",\"name\":\"Nirigs.com\",\"description\":\"Simplifiez vos achats du quotidien \u00e0 Djibouti\",\"publisher\":{\"@id\":\"https:\/\/nirigs.com\/#organization\"},\"potentialAction\":[{\"@type\":\"SearchAction\",\"target\":{\"@type\":\"EntryPoint\",\"urlTemplate\":\"https:\/\/nirigs.com\/?s={search_term_string}\"},\"query-input\":{\"@type\":\"PropertyValueSpecification\",\"valueRequired\":true,\"valueName\":\"search_term_string\"}}],\"inLanguage\":\"en-US\"},{\"@type\":\"Organization\",\"@id\":\"https:\/\/nirigs.com\/#organization\",\"name\":\"Nirigs\",\"url\":\"https:\/\/nirigs.com\/\",\"logo\":{\"@type\":\"ImageObject\",\"inLanguage\":\"en-US\",\"@id\":\"https:\/\/nirigs.com\/#\/schema\/logo\/image\/\",\"url\":\"https:\/\/nirigs.com\/wp-content\/uploads\/2025\/04\/Design-sans-titre-27.png\",\"contentUrl\":\"https:\/\/nirigs.com\/wp-content\/uploads\/2025\/04\/Design-sans-titre-27.png\",\"width\":500,\"height\":500,\"caption\":\"Nirigs\"},\"image\":{\"@id\":\"https:\/\/nirigs.com\/#\/schema\/logo\/image\/\"}}]}<\/script>\n<!-- \/ Yoast SEO plugin. -->","yoast_head_json":{"title":"Lurpak - Beurre doux non sal\u00e9 - 200 g - NIRIGS","robots":{"index":"index","follow":"follow","max-snippet":"max-snippet:-1","max-image-preview":"max-image-preview:large","max-video-preview":"max-video-preview:-1"},"canonical":"https:\/\/nirigs.com\/en\/product\/lurpak-beurre-doux-non-sale-200-g\/","og_locale":"en_US","og_type":"article","og_title":"Lurpak - Beurre doux non sal\u00e9 - 200 g - NIRIGS","og_description":"LA BONNE CUISINE M\u00c9RITE LURPAK\u00ae Avec Lurpak\u00ae \u00e0 vos c\u00f4t\u00e9s, vous \u00eates toujours pr\u00eat \u00e0 cuisiner, \u00e0 cuire et \u00e0","og_url":"https:\/\/nirigs.com\/en\/product\/lurpak-beurre-doux-non-sale-200-g\/","og_site_name":"NIRIGS","article_modified_time":"2025-02-02T11:38:46+00:00","og_image":[{"width":1000,"height":1000,"url":"https:\/\/nirigs.com\/wp-content\/uploads\/2024\/10\/Lurpak-Beurre-doux-non-sale-200-g-1.jpg","type":"image\/jpeg"}],"twitter_card":"summary_large_image","twitter_misc":{"Est. reading time":"1 minute"},"schema":{"@context":"https:\/\/schema.org","@graph":[{"@type":"WebPage","@id":"https:\/\/nirigs.com\/en\/product\/lurpak-beurre-doux-non-sale-200-g\/","url":"https:\/\/nirigs.com\/en\/product\/lurpak-beurre-doux-non-sale-200-g\/","name":"Lurpak - Beurre doux non sal\u00e9 - 200 g - NIRIGS","isPartOf":{"@id":"https:\/\/nirigs.com\/#website"},"primaryImageOfPage":{"@id":"https:\/\/nirigs.com\/en\/product\/lurpak-beurre-doux-non-sale-200-g\/#primaryimage"},"image":{"@id":"https:\/\/nirigs.com\/en\/product\/lurpak-beurre-doux-non-sale-200-g\/#primaryimage"},"thumbnailUrl":"https:\/\/nirigs.com\/wp-content\/uploads\/2024\/10\/Lurpak-Beurre-doux-non-sale-200-g-1.jpg","datePublished":"2024-10-06T15:03:06+00:00","dateModified":"2025-02-02T11:38:46+00:00","breadcrumb":{"@id":"https:\/\/nirigs.com\/en\/product\/lurpak-beurre-doux-non-sale-200-g\/#breadcrumb"},"inLanguage":"en-US","potentialAction":[{"@type":"ReadAction","target":["https:\/\/nirigs.com\/en\/product\/lurpak-beurre-doux-non-sale-200-g\/"]}]},{"@type":"ImageObject","inLanguage":"en-US","@id":"https:\/\/nirigs.com\/en\/product\/lurpak-beurre-doux-non-sale-200-g\/#primaryimage","url":"https:\/\/nirigs.com\/wp-content\/uploads\/2024\/10\/Lurpak-Beurre-doux-non-sale-200-g-1.jpg","contentUrl":"https:\/\/nirigs.com\/wp-content\/uploads\/2024\/10\/Lurpak-Beurre-doux-non-sale-200-g-1.jpg","width":1000,"height":1000},{"@type":"BreadcrumbList","@id":"https:\/\/nirigs.com\/en\/product\/lurpak-beurre-doux-non-sale-200-g\/#breadcrumb","itemListElement":[{"@type":"ListItem","position":1,"name":"Home","item":"https:\/\/nirigs.com\/"},{"@type":"ListItem","position":2,"name":"Parcourir","item":"https:\/\/nirigs.com\/boutique\/"},{"@type":"ListItem","position":3,"name":"Lurpak &#8211; Beurre doux non sal\u00e9 &#8211; 200 g"}]},{"@type":"WebSite","@id":"https:\/\/nirigs.com\/#website","url":"https:\/\/nirigs.com\/","name":"Nirigs.com","description":"Simplifiez vos achats du quotidien \u00e0 Djibouti","publisher":{"@id":"https:\/\/nirigs.com\/#organization"},"potentialAction":[{"@type":"SearchAction","target":{"@type":"EntryPoint","urlTemplate":"https:\/\/nirigs.com\/?s={search_term_string}"},"query-input":{"@type":"PropertyValueSpecification","valueRequired":true,"valueName":"search_term_string"}}],"inLanguage":"en-US"},{"@type":"Organization","@id":"https:\/\/nirigs.com\/#organization","name":"Nirigs","url":"https:\/\/nirigs.com\/","logo":{"@type":"ImageObject","inLanguage":"en-US","@id":"https:\/\/nirigs.com\/#\/schema\/logo\/image\/","url":"https:\/\/nirigs.com\/wp-content\/uploads\/2025\/04\/Design-sans-titre-27.png","contentUrl":"https:\/\/nirigs.com\/wp-content\/uploads\/2025\/04\/Design-sans-titre-27.png","width":500,"height":500,"caption":"Nirigs"},"image":{"@id":"https:\/\/nirigs.com\/#\/schema\/logo\/image\/"}}]}},"brands":[{"id":1160,"name":"Lurpak","slug":"lurpak"}],"_links":{"self":[{"href":"https:\/\/nirigs.com\/en\/wp-json\/wp\/v2\/product\/23409","targetHints":{"allow":["GET"]}}],"collection":[{"href":"https:\/\/nirigs.com\/en\/wp-json\/wp\/v2\/product"}],"about":[{"href":"https:\/\/nirigs.com\/en\/wp-json\/wp\/v2\/types\/product"}],"replies":[{"embeddable":true,"href":"https:\/\/nirigs.com\/en\/wp-json\/wp\/v2\/comments?post=23409"}],"version-history":[{"count":1,"href":"https:\/\/nirigs.com\/en\/wp-json\/wp\/v2\/product\/23409\/revisions"}],"predecessor-version":[{"id":23577,"href":"https:\/\/nirigs.com\/en\/wp-json\/wp\/v2\/product\/23409\/revisions\/23577"}],"wp:featuredmedia":[{"embeddable":true,"href":"https:\/\/nirigs.com\/en\/wp-json\/wp\/v2\/media\/23580"}],"wp:attachment":[{"href":"https:\/\/nirigs.com\/en\/wp-json\/wp\/v2\/media?parent=23409"}],"wp:term":[{"taxonomy":"pwb-brand","embeddable":true,"href":"https:\/\/nirigs.com\/en\/wp-json\/wp\/v2\/pwb-brand?post=23409"},{"taxonomy":"product_brand","embeddable":true,"href":"https:\/\/nirigs.com\/en\/wp-json\/wp\/v2\/product_brand?post=23409"},{"taxonomy":"product_cat","embeddable":true,"href":"https:\/\/nirigs.com\/en\/wp-json\/wp\/v2\/product_cat?post=23409"},{"taxonomy":"product_tag","embeddable":true,"href":"https:\/\/nirigs.com\/en\/wp-json\/wp\/v2\/product_tag?post=23409"}],"curies":[{"name":"wp","href":"https:\/\/api.w.org\/{rel}","templated":true}]}}