{"id":23403,"date":"2024-10-06T18:03:03","date_gmt":"2024-10-06T15:03:03","guid":{"rendered":"https:\/\/nirigs.com\/produit\/casino-biscuits-langues-de-chat-x2-sachets-fraicheurs-200-g\/"},"modified":"2025-02-02T14:41:33","modified_gmt":"2025-02-02T11:41:33","slug":"casino-biscuits-langues-de-chat-x2-sachets-fraicheurs-200-g","status":"publish","type":"product","link":"https:\/\/nirigs.com\/en\/product\/casino-biscuits-langues-de-chat-x2-sachets-fraicheurs-200-g\/","title":{"rendered":"Casino &#8211; Biscuits langues de chat x2 sachets fra\u00eecheurs &#8211; 200 g"},"content":{"rendered":"<p>Les <strong>Biscuits langues de chat<\/strong> de Casino sont des biscuits fins et croustillants, parfaits pour accompagner une tasse de th\u00e9, de caf\u00e9 ou pour \u00eatre utilis\u00e9s dans des recettes de desserts. Connus pour leur forme allong\u00e9e et leur texture l\u00e9g\u00e8re, ces biscuits sont pr\u00e9sent\u00e9s dans un emballage pratique comprenant deux sachets fra\u00eecheur, garantissant une conservation optimale et une texture toujours croquante.<\/p>\n<p><strong>Utilisation :<\/strong><\/p>\n<p>Les langues de chat peuvent \u00eatre consomm\u00e9es seules comme en-cas, accompagn\u00e9es d&rsquo;une boisson chaude, ou utilis\u00e9es dans des recettes de p\u00e2tisserie, comme des verrines ou des glaces. Elles peuvent \u00e9galement servir de d\u00e9coration pour des g\u00e2teaux.<\/p>\n<h4><strong>Ingredients:<\/strong><\/h4>\n<p>Farine de bl\u00e9, sucre, beurre concentr\u00e9, lait \u00e9cr\u00e9m\u00e9 en poudre, \u0153ufs, poudres \u00e0 lever (carbonates de sodium), ar\u00f4me naturel de vanille, sel.<\/p>\n<h4><strong>Allerg\u00e8nes :<\/strong><\/h4>\n<p>Contient du gluten, du lait et des \u0153ufs. Peut contenir des traces de fruits \u00e0 coque.<\/p>","protected":false},"excerpt":{"rendered":"<p>Les Biscuits langues de chat de Casino sont des biscuits fins et croustillants, parfaits pour accompagner une tasse de th\u00e9,<\/p>","protected":false},"featured_media":23766,"comment_status":"open","ping_status":"closed","template":"","meta":[],"pwb-brand":[843],"product_brand":[],"product_cat":[1164,1126,275,1163],"product_tag":[],"class_list":{"0":"post-23403","1":"product","2":"type-product","3":"status-publish","4":"has-post-thumbnail","6":"pwb-brand-casino","7":"product_cat-biscuits-snacks","8":"product_cat-en-cas-et-friandises","9":"product_cat-epicerie","10":"product_cat-snacks","12":"first","13":"instock","14":"shipping-taxable","15":"purchasable","16":"product-type-simple"},"yoast_head":"<!-- This site is optimized with the Yoast SEO plugin v27.1.1 - https:\/\/yoast.com\/product\/yoast-seo-wordpress\/ -->\n<title>Casino - Biscuits langues de chat x2 sachets fra\u00eecheurs - 200 g - NIRIGS<\/title>\n<meta name=\"robots\" content=\"index, follow, max-snippet:-1, max-image-preview:large, max-video-preview:-1\" \/>\n<link rel=\"canonical\" href=\"https:\/\/nirigs.com\/en\/product\/casino-biscuits-langues-de-chat-x2-sachets-fraicheurs-200-g\/\" \/>\n<meta property=\"og:locale\" content=\"en_US\" \/>\n<meta property=\"og:type\" content=\"article\" \/>\n<meta property=\"og:title\" content=\"Casino - Biscuits langues de chat x2 sachets fra\u00eecheurs - 200 g - NIRIGS\" \/>\n<meta property=\"og:description\" content=\"Les Biscuits langues de chat de Casino sont des biscuits fins et croustillants, parfaits pour accompagner une tasse de th\u00e9,\" \/>\n<meta property=\"og:url\" content=\"https:\/\/nirigs.com\/en\/product\/casino-biscuits-langues-de-chat-x2-sachets-fraicheurs-200-g\/\" \/>\n<meta property=\"og:site_name\" content=\"NIRIGS\" \/>\n<meta property=\"article:modified_time\" content=\"2025-02-02T11:41:33+00:00\" \/>\n<meta property=\"og:image\" content=\"https:\/\/nirigs.com\/wp-content\/uploads\/2024\/10\/Casino-Biscuits-langues-de-chat-x2-sachets-fraicheurs-200-g.jpg\" \/>\n\t<meta property=\"og:image:width\" content=\"1000\" \/>\n\t<meta property=\"og:image:height\" content=\"1000\" \/>\n\t<meta property=\"og:image:type\" content=\"image\/jpeg\" \/>\n<meta name=\"twitter:card\" content=\"summary_large_image\" \/>\n<meta name=\"twitter:label1\" content=\"Est. reading time\" \/>\n\t<meta name=\"twitter:data1\" content=\"1 minute\" \/>\n<script type=\"application\/ld+json\" class=\"yoast-schema-graph\">{\"@context\":\"https:\/\/schema.org\",\"@graph\":[{\"@type\":\"WebPage\",\"@id\":\"https:\/\/nirigs.com\/product\/casino-biscuits-langues-de-chat-x2-sachets-fraicheurs-200-g\/\",\"url\":\"https:\/\/nirigs.com\/product\/casino-biscuits-langues-de-chat-x2-sachets-fraicheurs-200-g\/\",\"name\":\"Casino - Biscuits langues de chat x2 sachets fra\u00eecheurs - 200 g - NIRIGS\",\"isPartOf\":{\"@id\":\"https:\/\/nirigs.com\/#website\"},\"primaryImageOfPage\":{\"@id\":\"https:\/\/nirigs.com\/product\/casino-biscuits-langues-de-chat-x2-sachets-fraicheurs-200-g\/#primaryimage\"},\"image\":{\"@id\":\"https:\/\/nirigs.com\/product\/casino-biscuits-langues-de-chat-x2-sachets-fraicheurs-200-g\/#primaryimage\"},\"thumbnailUrl\":\"https:\/\/nirigs.com\/wp-content\/uploads\/2024\/10\/Casino-Biscuits-langues-de-chat-x2-sachets-fraicheurs-200-g.jpg\",\"datePublished\":\"2024-10-06T15:03:03+00:00\",\"dateModified\":\"2025-02-02T11:41:33+00:00\",\"breadcrumb\":{\"@id\":\"https:\/\/nirigs.com\/product\/casino-biscuits-langues-de-chat-x2-sachets-fraicheurs-200-g\/#breadcrumb\"},\"inLanguage\":\"en-US\",\"potentialAction\":[{\"@type\":\"ReadAction\",\"target\":[\"https:\/\/nirigs.com\/product\/casino-biscuits-langues-de-chat-x2-sachets-fraicheurs-200-g\/\"]}]},{\"@type\":\"ImageObject\",\"inLanguage\":\"en-US\",\"@id\":\"https:\/\/nirigs.com\/product\/casino-biscuits-langues-de-chat-x2-sachets-fraicheurs-200-g\/#primaryimage\",\"url\":\"https:\/\/nirigs.com\/wp-content\/uploads\/2024\/10\/Casino-Biscuits-langues-de-chat-x2-sachets-fraicheurs-200-g.jpg\",\"contentUrl\":\"https:\/\/nirigs.com\/wp-content\/uploads\/2024\/10\/Casino-Biscuits-langues-de-chat-x2-sachets-fraicheurs-200-g.jpg\",\"width\":1000,\"height\":1000},{\"@type\":\"BreadcrumbList\",\"@id\":\"https:\/\/nirigs.com\/product\/casino-biscuits-langues-de-chat-x2-sachets-fraicheurs-200-g\/#breadcrumb\",\"itemListElement\":[{\"@type\":\"ListItem\",\"position\":1,\"name\":\"Home\",\"item\":\"https:\/\/nirigs.com\/\"},{\"@type\":\"ListItem\",\"position\":2,\"name\":\"Parcourir\",\"item\":\"https:\/\/nirigs.com\/boutique\/\"},{\"@type\":\"ListItem\",\"position\":3,\"name\":\"Casino &#8211; Biscuits langues de chat x2 sachets fra\u00eecheurs &#8211; 200 g\"}]},{\"@type\":\"WebSite\",\"@id\":\"https:\/\/nirigs.com\/#website\",\"url\":\"https:\/\/nirigs.com\/\",\"name\":\"Nirigs.com\",\"description\":\"Simplifiez vos achats du quotidien \u00e0 Djibouti\",\"publisher\":{\"@id\":\"https:\/\/nirigs.com\/#organization\"},\"potentialAction\":[{\"@type\":\"SearchAction\",\"target\":{\"@type\":\"EntryPoint\",\"urlTemplate\":\"https:\/\/nirigs.com\/?s={search_term_string}\"},\"query-input\":{\"@type\":\"PropertyValueSpecification\",\"valueRequired\":true,\"valueName\":\"search_term_string\"}}],\"inLanguage\":\"en-US\"},{\"@type\":\"Organization\",\"@id\":\"https:\/\/nirigs.com\/#organization\",\"name\":\"Nirigs\",\"url\":\"https:\/\/nirigs.com\/\",\"logo\":{\"@type\":\"ImageObject\",\"inLanguage\":\"en-US\",\"@id\":\"https:\/\/nirigs.com\/#\/schema\/logo\/image\/\",\"url\":\"https:\/\/nirigs.com\/wp-content\/uploads\/2025\/04\/Design-sans-titre-27.png\",\"contentUrl\":\"https:\/\/nirigs.com\/wp-content\/uploads\/2025\/04\/Design-sans-titre-27.png\",\"width\":500,\"height\":500,\"caption\":\"Nirigs\"},\"image\":{\"@id\":\"https:\/\/nirigs.com\/#\/schema\/logo\/image\/\"}}]}<\/script>\n<!-- \/ Yoast SEO plugin. -->","yoast_head_json":{"title":"Casino - Biscuits langues de chat x2 sachets fra\u00eecheurs - 200 g - NIRIGS","robots":{"index":"index","follow":"follow","max-snippet":"max-snippet:-1","max-image-preview":"max-image-preview:large","max-video-preview":"max-video-preview:-1"},"canonical":"https:\/\/nirigs.com\/en\/product\/casino-biscuits-langues-de-chat-x2-sachets-fraicheurs-200-g\/","og_locale":"en_US","og_type":"article","og_title":"Casino - Biscuits langues de chat x2 sachets fra\u00eecheurs - 200 g - NIRIGS","og_description":"Les Biscuits langues de chat de Casino sont des biscuits fins et croustillants, parfaits pour accompagner une tasse de th\u00e9,","og_url":"https:\/\/nirigs.com\/en\/product\/casino-biscuits-langues-de-chat-x2-sachets-fraicheurs-200-g\/","og_site_name":"NIRIGS","article_modified_time":"2025-02-02T11:41:33+00:00","og_image":[{"width":1000,"height":1000,"url":"https:\/\/nirigs.com\/wp-content\/uploads\/2024\/10\/Casino-Biscuits-langues-de-chat-x2-sachets-fraicheurs-200-g.jpg","type":"image\/jpeg"}],"twitter_card":"summary_large_image","twitter_misc":{"Est. reading time":"1 minute"},"schema":{"@context":"https:\/\/schema.org","@graph":[{"@type":"WebPage","@id":"https:\/\/nirigs.com\/product\/casino-biscuits-langues-de-chat-x2-sachets-fraicheurs-200-g\/","url":"https:\/\/nirigs.com\/product\/casino-biscuits-langues-de-chat-x2-sachets-fraicheurs-200-g\/","name":"Casino - Biscuits langues de chat x2 sachets fra\u00eecheurs - 200 g - NIRIGS","isPartOf":{"@id":"https:\/\/nirigs.com\/#website"},"primaryImageOfPage":{"@id":"https:\/\/nirigs.com\/product\/casino-biscuits-langues-de-chat-x2-sachets-fraicheurs-200-g\/#primaryimage"},"image":{"@id":"https:\/\/nirigs.com\/product\/casino-biscuits-langues-de-chat-x2-sachets-fraicheurs-200-g\/#primaryimage"},"thumbnailUrl":"https:\/\/nirigs.com\/wp-content\/uploads\/2024\/10\/Casino-Biscuits-langues-de-chat-x2-sachets-fraicheurs-200-g.jpg","datePublished":"2024-10-06T15:03:03+00:00","dateModified":"2025-02-02T11:41:33+00:00","breadcrumb":{"@id":"https:\/\/nirigs.com\/product\/casino-biscuits-langues-de-chat-x2-sachets-fraicheurs-200-g\/#breadcrumb"},"inLanguage":"en-US","potentialAction":[{"@type":"ReadAction","target":["https:\/\/nirigs.com\/product\/casino-biscuits-langues-de-chat-x2-sachets-fraicheurs-200-g\/"]}]},{"@type":"ImageObject","inLanguage":"en-US","@id":"https:\/\/nirigs.com\/product\/casino-biscuits-langues-de-chat-x2-sachets-fraicheurs-200-g\/#primaryimage","url":"https:\/\/nirigs.com\/wp-content\/uploads\/2024\/10\/Casino-Biscuits-langues-de-chat-x2-sachets-fraicheurs-200-g.jpg","contentUrl":"https:\/\/nirigs.com\/wp-content\/uploads\/2024\/10\/Casino-Biscuits-langues-de-chat-x2-sachets-fraicheurs-200-g.jpg","width":1000,"height":1000},{"@type":"BreadcrumbList","@id":"https:\/\/nirigs.com\/product\/casino-biscuits-langues-de-chat-x2-sachets-fraicheurs-200-g\/#breadcrumb","itemListElement":[{"@type":"ListItem","position":1,"name":"Home","item":"https:\/\/nirigs.com\/"},{"@type":"ListItem","position":2,"name":"Parcourir","item":"https:\/\/nirigs.com\/boutique\/"},{"@type":"ListItem","position":3,"name":"Casino &#8211; Biscuits langues de chat x2 sachets fra\u00eecheurs &#8211; 200 g"}]},{"@type":"WebSite","@id":"https:\/\/nirigs.com\/#website","url":"https:\/\/nirigs.com\/","name":"Nirigs.com","description":"Simplifiez vos achats du quotidien \u00e0 Djibouti","publisher":{"@id":"https:\/\/nirigs.com\/#organization"},"potentialAction":[{"@type":"SearchAction","target":{"@type":"EntryPoint","urlTemplate":"https:\/\/nirigs.com\/?s={search_term_string}"},"query-input":{"@type":"PropertyValueSpecification","valueRequired":true,"valueName":"search_term_string"}}],"inLanguage":"en-US"},{"@type":"Organization","@id":"https:\/\/nirigs.com\/#organization","name":"Nirigs","url":"https:\/\/nirigs.com\/","logo":{"@type":"ImageObject","inLanguage":"en-US","@id":"https:\/\/nirigs.com\/#\/schema\/logo\/image\/","url":"https:\/\/nirigs.com\/wp-content\/uploads\/2025\/04\/Design-sans-titre-27.png","contentUrl":"https:\/\/nirigs.com\/wp-content\/uploads\/2025\/04\/Design-sans-titre-27.png","width":500,"height":500,"caption":"Nirigs"},"image":{"@id":"https:\/\/nirigs.com\/#\/schema\/logo\/image\/"}}]}},"brands":[{"id":843,"name":"Casino","slug":"casino"}],"_links":{"self":[{"href":"https:\/\/nirigs.com\/en\/wp-json\/wp\/v2\/product\/23403","targetHints":{"allow":["GET"]}}],"collection":[{"href":"https:\/\/nirigs.com\/en\/wp-json\/wp\/v2\/product"}],"about":[{"href":"https:\/\/nirigs.com\/en\/wp-json\/wp\/v2\/types\/product"}],"replies":[{"embeddable":true,"href":"https:\/\/nirigs.com\/en\/wp-json\/wp\/v2\/comments?post=23403"}],"version-history":[{"count":2,"href":"https:\/\/nirigs.com\/en\/wp-json\/wp\/v2\/product\/23403\/revisions"}],"predecessor-version":[{"id":23767,"href":"https:\/\/nirigs.com\/en\/wp-json\/wp\/v2\/product\/23403\/revisions\/23767"}],"wp:featuredmedia":[{"embeddable":true,"href":"https:\/\/nirigs.com\/en\/wp-json\/wp\/v2\/media\/23766"}],"wp:attachment":[{"href":"https:\/\/nirigs.com\/en\/wp-json\/wp\/v2\/media?parent=23403"}],"wp:term":[{"taxonomy":"pwb-brand","embeddable":true,"href":"https:\/\/nirigs.com\/en\/wp-json\/wp\/v2\/pwb-brand?post=23403"},{"taxonomy":"product_brand","embeddable":true,"href":"https:\/\/nirigs.com\/en\/wp-json\/wp\/v2\/product_brand?post=23403"},{"taxonomy":"product_cat","embeddable":true,"href":"https:\/\/nirigs.com\/en\/wp-json\/wp\/v2\/product_cat?post=23403"},{"taxonomy":"product_tag","embeddable":true,"href":"https:\/\/nirigs.com\/en\/wp-json\/wp\/v2\/product_tag?post=23403"}],"curies":[{"name":"wp","href":"https:\/\/api.w.org\/{rel}","templated":true}]}}