{"id":23401,"date":"2024-10-06T18:03:03","date_gmt":"2024-10-06T15:03:03","guid":{"rendered":"https:\/\/nirigs.com\/produit\/leader-price-mix-max-cocco-x10-mini-genoises-fourres-a-la-noix-de-coco-350-g\/"},"modified":"2025-02-02T14:41:48","modified_gmt":"2025-02-02T11:41:48","slug":"leader-price-mix-max-cocco-x10-mini-genoises-fourres-a-la-noix-de-coco-350-g","status":"publish","type":"product","link":"https:\/\/nirigs.com\/en\/product\/leader-price-mix-max-cocco-x10-mini-genoises-fourres-a-la-noix-de-coco-350-g\/","title":{"rendered":"Leader Price &#8211; Mix max cocco x10 mini g\u00e9noises fourr\u00e9s \u00e0 la noix de coco &#8211; 350 g"},"content":{"rendered":"<p>Les <strong>Mix Max Cocco de Leader Price<\/strong> sont des <strong>mini g\u00e9noises<\/strong> moelleuses, fourr\u00e9es d&rsquo;une d\u00e9licieuse cr\u00e8me \u00e0 la noix de coco. Ces petites gourmandises sont parfaites pour un go\u00fbter ou une pause sucr\u00e9e, combinant le moelleux de la g\u00e9noise \u00e0 la douceur exotique de la noix de coco. Chaque paquet contient <strong>10 mini g\u00e9noises<\/strong>, offrant un format id\u00e9al pour partager en famille ou entre amis, ou pour un plaisir individuel \u00e0 tout moment de la journ\u00e9e.<\/p>\n<h4><strong>Ingredients<\/strong> :<\/h4>\n<p>Farine de bl\u00e9, Noix de coco r\u00e2p\u00e9e, Sucre, \u0152ufs, Huiles et graisses v\u00e9g\u00e9tales, Poudre de lait, Agents levants (E500, E503), Sel, Ar\u00f4mes<\/p>\n<h4><strong>Allerg\u00e8nes<\/strong> :<\/h4>\n<p>Contient : Gluten (bl\u00e9), lait, \u0153ufs, Peut contenir des traces de soja et de fruits \u00e0 coque<\/p>","protected":false},"excerpt":{"rendered":"<p>Les Mix Max Cocco de Leader Price sont des mini g\u00e9noises moelleuses, fourr\u00e9es d&rsquo;une d\u00e9licieuse cr\u00e8me \u00e0 la noix de<\/p>","protected":false},"featured_media":23616,"comment_status":"open","ping_status":"closed","template":"","meta":[],"pwb-brand":[1166],"product_brand":[],"product_cat":[1126,275,1165,1163],"product_tag":[],"class_list":{"0":"post-23401","1":"product","2":"type-product","3":"status-publish","4":"has-post-thumbnail","6":"pwb-brand-leader-price","7":"product_cat-en-cas-et-friandises","8":"product_cat-epicerie","9":"product_cat-gateaux","10":"product_cat-snacks","12":"first","13":"instock","14":"shipping-taxable","15":"purchasable","16":"product-type-simple"},"yoast_head":"<!-- This site is optimized with the Yoast SEO plugin v27.1.1 - https:\/\/yoast.com\/product\/yoast-seo-wordpress\/ -->\n<title>Leader Price - Mix max cocco x10 mini g\u00e9noises fourr\u00e9s \u00e0 la noix de coco - 350 g - NIRIGS<\/title>\n<meta name=\"robots\" content=\"index, follow, max-snippet:-1, max-image-preview:large, max-video-preview:-1\" \/>\n<link rel=\"canonical\" href=\"https:\/\/nirigs.com\/en\/product\/leader-price-mix-max-cocco-x10-mini-genoises-fourres-a-la-noix-de-coco-350-g\/\" \/>\n<meta property=\"og:locale\" content=\"en_US\" \/>\n<meta property=\"og:type\" content=\"article\" \/>\n<meta property=\"og:title\" content=\"Leader Price - Mix max cocco x10 mini g\u00e9noises fourr\u00e9s \u00e0 la noix de coco - 350 g - NIRIGS\" \/>\n<meta property=\"og:description\" content=\"Les Mix Max Cocco de Leader Price sont des mini g\u00e9noises moelleuses, fourr\u00e9es d&rsquo;une d\u00e9licieuse cr\u00e8me \u00e0 la noix de\" \/>\n<meta property=\"og:url\" content=\"https:\/\/nirigs.com\/en\/product\/leader-price-mix-max-cocco-x10-mini-genoises-fourres-a-la-noix-de-coco-350-g\/\" \/>\n<meta property=\"og:site_name\" content=\"NIRIGS\" \/>\n<meta property=\"article:modified_time\" content=\"2025-02-02T11:41:48+00:00\" \/>\n<meta property=\"og:image\" content=\"https:\/\/nirigs.com\/wp-content\/uploads\/2024\/10\/Leader-Price-Mix-max-cocco-x10-mini-genoises-fourres-a-la-noix-de-coco-350-g.jpg\" \/>\n\t<meta property=\"og:image:width\" content=\"1000\" \/>\n\t<meta property=\"og:image:height\" content=\"1000\" \/>\n\t<meta property=\"og:image:type\" content=\"image\/jpeg\" \/>\n<meta name=\"twitter:card\" content=\"summary_large_image\" \/>\n<meta name=\"twitter:label1\" content=\"Est. reading time\" \/>\n\t<meta name=\"twitter:data1\" content=\"1 minute\" \/>\n<script type=\"application\/ld+json\" class=\"yoast-schema-graph\">{\"@context\":\"https:\/\/schema.org\",\"@graph\":[{\"@type\":\"WebPage\",\"@id\":\"https:\/\/nirigs.com\/product\/leader-price-mix-max-cocco-x10-mini-genoises-fourres-a-la-noix-de-coco-350-g\/\",\"url\":\"https:\/\/nirigs.com\/product\/leader-price-mix-max-cocco-x10-mini-genoises-fourres-a-la-noix-de-coco-350-g\/\",\"name\":\"Leader Price - Mix max cocco x10 mini g\u00e9noises fourr\u00e9s \u00e0 la noix de coco - 350 g - NIRIGS\",\"isPartOf\":{\"@id\":\"https:\/\/nirigs.com\/#website\"},\"primaryImageOfPage\":{\"@id\":\"https:\/\/nirigs.com\/product\/leader-price-mix-max-cocco-x10-mini-genoises-fourres-a-la-noix-de-coco-350-g\/#primaryimage\"},\"image\":{\"@id\":\"https:\/\/nirigs.com\/product\/leader-price-mix-max-cocco-x10-mini-genoises-fourres-a-la-noix-de-coco-350-g\/#primaryimage\"},\"thumbnailUrl\":\"https:\/\/nirigs.com\/wp-content\/uploads\/2024\/10\/Leader-Price-Mix-max-cocco-x10-mini-genoises-fourres-a-la-noix-de-coco-350-g.jpg\",\"datePublished\":\"2024-10-06T15:03:03+00:00\",\"dateModified\":\"2025-02-02T11:41:48+00:00\",\"breadcrumb\":{\"@id\":\"https:\/\/nirigs.com\/product\/leader-price-mix-max-cocco-x10-mini-genoises-fourres-a-la-noix-de-coco-350-g\/#breadcrumb\"},\"inLanguage\":\"en-US\",\"potentialAction\":[{\"@type\":\"ReadAction\",\"target\":[\"https:\/\/nirigs.com\/product\/leader-price-mix-max-cocco-x10-mini-genoises-fourres-a-la-noix-de-coco-350-g\/\"]}]},{\"@type\":\"ImageObject\",\"inLanguage\":\"en-US\",\"@id\":\"https:\/\/nirigs.com\/product\/leader-price-mix-max-cocco-x10-mini-genoises-fourres-a-la-noix-de-coco-350-g\/#primaryimage\",\"url\":\"https:\/\/nirigs.com\/wp-content\/uploads\/2024\/10\/Leader-Price-Mix-max-cocco-x10-mini-genoises-fourres-a-la-noix-de-coco-350-g.jpg\",\"contentUrl\":\"https:\/\/nirigs.com\/wp-content\/uploads\/2024\/10\/Leader-Price-Mix-max-cocco-x10-mini-genoises-fourres-a-la-noix-de-coco-350-g.jpg\",\"width\":1000,\"height\":1000},{\"@type\":\"BreadcrumbList\",\"@id\":\"https:\/\/nirigs.com\/product\/leader-price-mix-max-cocco-x10-mini-genoises-fourres-a-la-noix-de-coco-350-g\/#breadcrumb\",\"itemListElement\":[{\"@type\":\"ListItem\",\"position\":1,\"name\":\"Home\",\"item\":\"https:\/\/nirigs.com\/\"},{\"@type\":\"ListItem\",\"position\":2,\"name\":\"Parcourir\",\"item\":\"https:\/\/nirigs.com\/boutique\/\"},{\"@type\":\"ListItem\",\"position\":3,\"name\":\"Leader Price &#8211; Mix max cocco x10 mini g\u00e9noises fourr\u00e9s \u00e0 la noix de coco &#8211; 350 g\"}]},{\"@type\":\"WebSite\",\"@id\":\"https:\/\/nirigs.com\/#website\",\"url\":\"https:\/\/nirigs.com\/\",\"name\":\"Nirigs.com\",\"description\":\"Simplifiez vos achats du quotidien \u00e0 Djibouti\",\"publisher\":{\"@id\":\"https:\/\/nirigs.com\/#organization\"},\"potentialAction\":[{\"@type\":\"SearchAction\",\"target\":{\"@type\":\"EntryPoint\",\"urlTemplate\":\"https:\/\/nirigs.com\/?s={search_term_string}\"},\"query-input\":{\"@type\":\"PropertyValueSpecification\",\"valueRequired\":true,\"valueName\":\"search_term_string\"}}],\"inLanguage\":\"en-US\"},{\"@type\":\"Organization\",\"@id\":\"https:\/\/nirigs.com\/#organization\",\"name\":\"Nirigs\",\"url\":\"https:\/\/nirigs.com\/\",\"logo\":{\"@type\":\"ImageObject\",\"inLanguage\":\"en-US\",\"@id\":\"https:\/\/nirigs.com\/#\/schema\/logo\/image\/\",\"url\":\"https:\/\/nirigs.com\/wp-content\/uploads\/2025\/04\/Design-sans-titre-27.png\",\"contentUrl\":\"https:\/\/nirigs.com\/wp-content\/uploads\/2025\/04\/Design-sans-titre-27.png\",\"width\":500,\"height\":500,\"caption\":\"Nirigs\"},\"image\":{\"@id\":\"https:\/\/nirigs.com\/#\/schema\/logo\/image\/\"}}]}<\/script>\n<!-- \/ Yoast SEO plugin. -->","yoast_head_json":{"title":"Leader Price - Mix max cocco x10 mini g\u00e9noises fourr\u00e9s \u00e0 la noix de coco - 350 g - NIRIGS","robots":{"index":"index","follow":"follow","max-snippet":"max-snippet:-1","max-image-preview":"max-image-preview:large","max-video-preview":"max-video-preview:-1"},"canonical":"https:\/\/nirigs.com\/en\/product\/leader-price-mix-max-cocco-x10-mini-genoises-fourres-a-la-noix-de-coco-350-g\/","og_locale":"en_US","og_type":"article","og_title":"Leader Price - Mix max cocco x10 mini g\u00e9noises fourr\u00e9s \u00e0 la noix de coco - 350 g - NIRIGS","og_description":"Les Mix Max Cocco de Leader Price sont des mini g\u00e9noises moelleuses, fourr\u00e9es d&rsquo;une d\u00e9licieuse cr\u00e8me \u00e0 la noix de","og_url":"https:\/\/nirigs.com\/en\/product\/leader-price-mix-max-cocco-x10-mini-genoises-fourres-a-la-noix-de-coco-350-g\/","og_site_name":"NIRIGS","article_modified_time":"2025-02-02T11:41:48+00:00","og_image":[{"width":1000,"height":1000,"url":"https:\/\/nirigs.com\/wp-content\/uploads\/2024\/10\/Leader-Price-Mix-max-cocco-x10-mini-genoises-fourres-a-la-noix-de-coco-350-g.jpg","type":"image\/jpeg"}],"twitter_card":"summary_large_image","twitter_misc":{"Est. reading time":"1 minute"},"schema":{"@context":"https:\/\/schema.org","@graph":[{"@type":"WebPage","@id":"https:\/\/nirigs.com\/product\/leader-price-mix-max-cocco-x10-mini-genoises-fourres-a-la-noix-de-coco-350-g\/","url":"https:\/\/nirigs.com\/product\/leader-price-mix-max-cocco-x10-mini-genoises-fourres-a-la-noix-de-coco-350-g\/","name":"Leader Price - Mix max cocco x10 mini g\u00e9noises fourr\u00e9s \u00e0 la noix de coco - 350 g - NIRIGS","isPartOf":{"@id":"https:\/\/nirigs.com\/#website"},"primaryImageOfPage":{"@id":"https:\/\/nirigs.com\/product\/leader-price-mix-max-cocco-x10-mini-genoises-fourres-a-la-noix-de-coco-350-g\/#primaryimage"},"image":{"@id":"https:\/\/nirigs.com\/product\/leader-price-mix-max-cocco-x10-mini-genoises-fourres-a-la-noix-de-coco-350-g\/#primaryimage"},"thumbnailUrl":"https:\/\/nirigs.com\/wp-content\/uploads\/2024\/10\/Leader-Price-Mix-max-cocco-x10-mini-genoises-fourres-a-la-noix-de-coco-350-g.jpg","datePublished":"2024-10-06T15:03:03+00:00","dateModified":"2025-02-02T11:41:48+00:00","breadcrumb":{"@id":"https:\/\/nirigs.com\/product\/leader-price-mix-max-cocco-x10-mini-genoises-fourres-a-la-noix-de-coco-350-g\/#breadcrumb"},"inLanguage":"en-US","potentialAction":[{"@type":"ReadAction","target":["https:\/\/nirigs.com\/product\/leader-price-mix-max-cocco-x10-mini-genoises-fourres-a-la-noix-de-coco-350-g\/"]}]},{"@type":"ImageObject","inLanguage":"en-US","@id":"https:\/\/nirigs.com\/product\/leader-price-mix-max-cocco-x10-mini-genoises-fourres-a-la-noix-de-coco-350-g\/#primaryimage","url":"https:\/\/nirigs.com\/wp-content\/uploads\/2024\/10\/Leader-Price-Mix-max-cocco-x10-mini-genoises-fourres-a-la-noix-de-coco-350-g.jpg","contentUrl":"https:\/\/nirigs.com\/wp-content\/uploads\/2024\/10\/Leader-Price-Mix-max-cocco-x10-mini-genoises-fourres-a-la-noix-de-coco-350-g.jpg","width":1000,"height":1000},{"@type":"BreadcrumbList","@id":"https:\/\/nirigs.com\/product\/leader-price-mix-max-cocco-x10-mini-genoises-fourres-a-la-noix-de-coco-350-g\/#breadcrumb","itemListElement":[{"@type":"ListItem","position":1,"name":"Home","item":"https:\/\/nirigs.com\/"},{"@type":"ListItem","position":2,"name":"Parcourir","item":"https:\/\/nirigs.com\/boutique\/"},{"@type":"ListItem","position":3,"name":"Leader Price &#8211; Mix max cocco x10 mini g\u00e9noises fourr\u00e9s \u00e0 la noix de coco &#8211; 350 g"}]},{"@type":"WebSite","@id":"https:\/\/nirigs.com\/#website","url":"https:\/\/nirigs.com\/","name":"Nirigs.com","description":"Simplifiez vos achats du quotidien \u00e0 Djibouti","publisher":{"@id":"https:\/\/nirigs.com\/#organization"},"potentialAction":[{"@type":"SearchAction","target":{"@type":"EntryPoint","urlTemplate":"https:\/\/nirigs.com\/?s={search_term_string}"},"query-input":{"@type":"PropertyValueSpecification","valueRequired":true,"valueName":"search_term_string"}}],"inLanguage":"en-US"},{"@type":"Organization","@id":"https:\/\/nirigs.com\/#organization","name":"Nirigs","url":"https:\/\/nirigs.com\/","logo":{"@type":"ImageObject","inLanguage":"en-US","@id":"https:\/\/nirigs.com\/#\/schema\/logo\/image\/","url":"https:\/\/nirigs.com\/wp-content\/uploads\/2025\/04\/Design-sans-titre-27.png","contentUrl":"https:\/\/nirigs.com\/wp-content\/uploads\/2025\/04\/Design-sans-titre-27.png","width":500,"height":500,"caption":"Nirigs"},"image":{"@id":"https:\/\/nirigs.com\/#\/schema\/logo\/image\/"}}]}},"brands":[{"id":1166,"name":"Leader Price","slug":"leader-price"}],"_links":{"self":[{"href":"https:\/\/nirigs.com\/en\/wp-json\/wp\/v2\/product\/23401","targetHints":{"allow":["GET"]}}],"collection":[{"href":"https:\/\/nirigs.com\/en\/wp-json\/wp\/v2\/product"}],"about":[{"href":"https:\/\/nirigs.com\/en\/wp-json\/wp\/v2\/types\/product"}],"replies":[{"embeddable":true,"href":"https:\/\/nirigs.com\/en\/wp-json\/wp\/v2\/comments?post=23401"}],"version-history":[{"count":2,"href":"https:\/\/nirigs.com\/en\/wp-json\/wp\/v2\/product\/23401\/revisions"}],"predecessor-version":[{"id":23615,"href":"https:\/\/nirigs.com\/en\/wp-json\/wp\/v2\/product\/23401\/revisions\/23615"}],"wp:featuredmedia":[{"embeddable":true,"href":"https:\/\/nirigs.com\/en\/wp-json\/wp\/v2\/media\/23616"}],"wp:attachment":[{"href":"https:\/\/nirigs.com\/en\/wp-json\/wp\/v2\/media?parent=23401"}],"wp:term":[{"taxonomy":"pwb-brand","embeddable":true,"href":"https:\/\/nirigs.com\/en\/wp-json\/wp\/v2\/pwb-brand?post=23401"},{"taxonomy":"product_brand","embeddable":true,"href":"https:\/\/nirigs.com\/en\/wp-json\/wp\/v2\/product_brand?post=23401"},{"taxonomy":"product_cat","embeddable":true,"href":"https:\/\/nirigs.com\/en\/wp-json\/wp\/v2\/product_cat?post=23401"},{"taxonomy":"product_tag","embeddable":true,"href":"https:\/\/nirigs.com\/en\/wp-json\/wp\/v2\/product_tag?post=23401"}],"curies":[{"name":"wp","href":"https:\/\/api.w.org\/{rel}","templated":true}]}}