{"id":23391,"date":"2024-10-06T18:02:59","date_gmt":"2024-10-06T15:02:59","guid":{"rendered":"https:\/\/nirigs.com\/produit\/casino-gaufrette-vanille-x15-110-g\/"},"modified":"2025-02-02T14:43:19","modified_gmt":"2025-02-02T11:43:19","slug":"casino-gaufrette-vanille-x15-110-g","status":"publish","type":"product","link":"https:\/\/nirigs.com\/en\/product\/casino-gaufrette-vanille-x15-110-g\/","title":{"rendered":"Casino &#8211; Gaufrette vanille x15 &#8211; 110 g"},"content":{"rendered":"<p>Les <strong>Gaufrettes vanille<\/strong> de Casino sont de d\u00e9licieuses gourmandises l\u00e9g\u00e8res et croustillantes, garnies d&rsquo;une onctueuse cr\u00e8me \u00e0 la vanille. Chaque paquet contient 15 gaufrettes qui raviront vos pauses sucr\u00e9es, que ce soit au go\u00fbter ou \u00e0 tout autre moment de la journ\u00e9e. Leur texture a\u00e9rienne et leur go\u00fbt d\u00e9licat font de ces gaufrettes un snack parfait pour les petits et les grands.<\/p>\n<p><strong>Utilisation :<\/strong><\/p>\n<p>Ces gaufrettes \u00e0 la vanille sont id\u00e9ales \u00e0 d\u00e9guster seules ou avec une boisson chaude. Elles peuvent \u00e9galement \u00eatre utilis\u00e9es comme base pour des desserts ou des recettes de p\u00e2tisserie.<\/p>\n<h4><strong>Ingredients:<\/strong><\/h4>\n<p>Farine de bl\u00e9, sucre, huile de palme, cr\u00e8me \u00e0 la vanille (9%) (sucre, mati\u00e8res grasses v\u00e9g\u00e9tales, lait en poudre, ar\u00f4me naturel), \u0153ufs en poudre, agents levants (carbonate de sodium, acide citrique), sel.<\/p>\n<h4><strong>Allerg\u00e8nes :<\/strong><\/h4>\n<p>Contient du gluten, des \u0153ufs, du lait et peut contenir des traces de fruits \u00e0 coque.<\/p>","protected":false},"excerpt":{"rendered":"<p>Les Gaufrettes vanille de Casino sont de d\u00e9licieuses gourmandises l\u00e9g\u00e8res et croustillantes, garnies d&rsquo;une onctueuse cr\u00e8me \u00e0 la vanille. Chaque<\/p>","protected":false},"featured_media":23663,"comment_status":"open","ping_status":"closed","template":"","meta":[],"pwb-brand":[843],"product_brand":[],"product_cat":[1126,275,1165,1163],"product_tag":[],"class_list":{"0":"post-23391","1":"product","2":"type-product","3":"status-publish","4":"has-post-thumbnail","6":"pwb-brand-casino","7":"product_cat-en-cas-et-friandises","8":"product_cat-epicerie","9":"product_cat-gateaux","10":"product_cat-snacks","12":"first","13":"instock","14":"shipping-taxable","15":"purchasable","16":"product-type-simple"},"yoast_head":"<!-- This site is optimized with the Yoast SEO plugin v27.1.1 - https:\/\/yoast.com\/product\/yoast-seo-wordpress\/ -->\n<title>Casino - Gaufrette vanille x15 - 110 g - NIRIGS<\/title>\n<meta name=\"robots\" content=\"index, follow, max-snippet:-1, max-image-preview:large, max-video-preview:-1\" \/>\n<link rel=\"canonical\" href=\"https:\/\/nirigs.com\/en\/product\/casino-gaufrette-vanille-x15-110-g\/\" \/>\n<meta property=\"og:locale\" content=\"en_US\" \/>\n<meta property=\"og:type\" content=\"article\" \/>\n<meta property=\"og:title\" content=\"Casino - Gaufrette vanille x15 - 110 g - NIRIGS\" \/>\n<meta property=\"og:description\" content=\"Les Gaufrettes vanille de Casino sont de d\u00e9licieuses gourmandises l\u00e9g\u00e8res et croustillantes, garnies d&rsquo;une onctueuse cr\u00e8me \u00e0 la vanille. Chaque\" \/>\n<meta property=\"og:url\" content=\"https:\/\/nirigs.com\/en\/product\/casino-gaufrette-vanille-x15-110-g\/\" \/>\n<meta property=\"og:site_name\" content=\"NIRIGS\" \/>\n<meta property=\"article:modified_time\" content=\"2025-02-02T11:43:19+00:00\" \/>\n<meta property=\"og:image\" content=\"https:\/\/nirigs.com\/wp-content\/uploads\/2024\/10\/Casino-Gaufrette-vanille-x15-110-g.jpg\" \/>\n\t<meta property=\"og:image:width\" content=\"1000\" \/>\n\t<meta property=\"og:image:height\" content=\"1000\" \/>\n\t<meta property=\"og:image:type\" content=\"image\/jpeg\" \/>\n<meta name=\"twitter:card\" content=\"summary_large_image\" \/>\n<meta name=\"twitter:label1\" content=\"Est. reading time\" \/>\n\t<meta name=\"twitter:data1\" content=\"1 minute\" \/>\n<script type=\"application\/ld+json\" class=\"yoast-schema-graph\">{\"@context\":\"https:\/\/schema.org\",\"@graph\":[{\"@type\":\"WebPage\",\"@id\":\"https:\/\/nirigs.com\/product\/casino-gaufrette-vanille-x15-110-g\/\",\"url\":\"https:\/\/nirigs.com\/product\/casino-gaufrette-vanille-x15-110-g\/\",\"name\":\"Casino - Gaufrette vanille x15 - 110 g - NIRIGS\",\"isPartOf\":{\"@id\":\"https:\/\/nirigs.com\/#website\"},\"primaryImageOfPage\":{\"@id\":\"https:\/\/nirigs.com\/product\/casino-gaufrette-vanille-x15-110-g\/#primaryimage\"},\"image\":{\"@id\":\"https:\/\/nirigs.com\/product\/casino-gaufrette-vanille-x15-110-g\/#primaryimage\"},\"thumbnailUrl\":\"https:\/\/nirigs.com\/wp-content\/uploads\/2024\/10\/Casino-Gaufrette-vanille-x15-110-g.jpg\",\"datePublished\":\"2024-10-06T15:02:59+00:00\",\"dateModified\":\"2025-02-02T11:43:19+00:00\",\"breadcrumb\":{\"@id\":\"https:\/\/nirigs.com\/product\/casino-gaufrette-vanille-x15-110-g\/#breadcrumb\"},\"inLanguage\":\"en-US\",\"potentialAction\":[{\"@type\":\"ReadAction\",\"target\":[\"https:\/\/nirigs.com\/product\/casino-gaufrette-vanille-x15-110-g\/\"]}]},{\"@type\":\"ImageObject\",\"inLanguage\":\"en-US\",\"@id\":\"https:\/\/nirigs.com\/product\/casino-gaufrette-vanille-x15-110-g\/#primaryimage\",\"url\":\"https:\/\/nirigs.com\/wp-content\/uploads\/2024\/10\/Casino-Gaufrette-vanille-x15-110-g.jpg\",\"contentUrl\":\"https:\/\/nirigs.com\/wp-content\/uploads\/2024\/10\/Casino-Gaufrette-vanille-x15-110-g.jpg\",\"width\":1000,\"height\":1000},{\"@type\":\"BreadcrumbList\",\"@id\":\"https:\/\/nirigs.com\/product\/casino-gaufrette-vanille-x15-110-g\/#breadcrumb\",\"itemListElement\":[{\"@type\":\"ListItem\",\"position\":1,\"name\":\"Home\",\"item\":\"https:\/\/nirigs.com\/\"},{\"@type\":\"ListItem\",\"position\":2,\"name\":\"Parcourir\",\"item\":\"https:\/\/nirigs.com\/boutique\/\"},{\"@type\":\"ListItem\",\"position\":3,\"name\":\"Casino &#8211; Gaufrette vanille x15 &#8211; 110 g\"}]},{\"@type\":\"WebSite\",\"@id\":\"https:\/\/nirigs.com\/#website\",\"url\":\"https:\/\/nirigs.com\/\",\"name\":\"Nirigs.com\",\"description\":\"Simplifiez vos achats du quotidien \u00e0 Djibouti\",\"publisher\":{\"@id\":\"https:\/\/nirigs.com\/#organization\"},\"potentialAction\":[{\"@type\":\"SearchAction\",\"target\":{\"@type\":\"EntryPoint\",\"urlTemplate\":\"https:\/\/nirigs.com\/?s={search_term_string}\"},\"query-input\":{\"@type\":\"PropertyValueSpecification\",\"valueRequired\":true,\"valueName\":\"search_term_string\"}}],\"inLanguage\":\"en-US\"},{\"@type\":\"Organization\",\"@id\":\"https:\/\/nirigs.com\/#organization\",\"name\":\"Nirigs\",\"url\":\"https:\/\/nirigs.com\/\",\"logo\":{\"@type\":\"ImageObject\",\"inLanguage\":\"en-US\",\"@id\":\"https:\/\/nirigs.com\/#\/schema\/logo\/image\/\",\"url\":\"https:\/\/nirigs.com\/wp-content\/uploads\/2025\/04\/Design-sans-titre-27.png\",\"contentUrl\":\"https:\/\/nirigs.com\/wp-content\/uploads\/2025\/04\/Design-sans-titre-27.png\",\"width\":500,\"height\":500,\"caption\":\"Nirigs\"},\"image\":{\"@id\":\"https:\/\/nirigs.com\/#\/schema\/logo\/image\/\"}}]}<\/script>\n<!-- \/ Yoast SEO plugin. -->","yoast_head_json":{"title":"Casino - Gaufrette vanille x15 - 110 g - NIRIGS","robots":{"index":"index","follow":"follow","max-snippet":"max-snippet:-1","max-image-preview":"max-image-preview:large","max-video-preview":"max-video-preview:-1"},"canonical":"https:\/\/nirigs.com\/en\/product\/casino-gaufrette-vanille-x15-110-g\/","og_locale":"en_US","og_type":"article","og_title":"Casino - Gaufrette vanille x15 - 110 g - NIRIGS","og_description":"Les Gaufrettes vanille de Casino sont de d\u00e9licieuses gourmandises l\u00e9g\u00e8res et croustillantes, garnies d&rsquo;une onctueuse cr\u00e8me \u00e0 la vanille. Chaque","og_url":"https:\/\/nirigs.com\/en\/product\/casino-gaufrette-vanille-x15-110-g\/","og_site_name":"NIRIGS","article_modified_time":"2025-02-02T11:43:19+00:00","og_image":[{"width":1000,"height":1000,"url":"https:\/\/nirigs.com\/wp-content\/uploads\/2024\/10\/Casino-Gaufrette-vanille-x15-110-g.jpg","type":"image\/jpeg"}],"twitter_card":"summary_large_image","twitter_misc":{"Est. reading time":"1 minute"},"schema":{"@context":"https:\/\/schema.org","@graph":[{"@type":"WebPage","@id":"https:\/\/nirigs.com\/product\/casino-gaufrette-vanille-x15-110-g\/","url":"https:\/\/nirigs.com\/product\/casino-gaufrette-vanille-x15-110-g\/","name":"Casino - Gaufrette vanille x15 - 110 g - NIRIGS","isPartOf":{"@id":"https:\/\/nirigs.com\/#website"},"primaryImageOfPage":{"@id":"https:\/\/nirigs.com\/product\/casino-gaufrette-vanille-x15-110-g\/#primaryimage"},"image":{"@id":"https:\/\/nirigs.com\/product\/casino-gaufrette-vanille-x15-110-g\/#primaryimage"},"thumbnailUrl":"https:\/\/nirigs.com\/wp-content\/uploads\/2024\/10\/Casino-Gaufrette-vanille-x15-110-g.jpg","datePublished":"2024-10-06T15:02:59+00:00","dateModified":"2025-02-02T11:43:19+00:00","breadcrumb":{"@id":"https:\/\/nirigs.com\/product\/casino-gaufrette-vanille-x15-110-g\/#breadcrumb"},"inLanguage":"en-US","potentialAction":[{"@type":"ReadAction","target":["https:\/\/nirigs.com\/product\/casino-gaufrette-vanille-x15-110-g\/"]}]},{"@type":"ImageObject","inLanguage":"en-US","@id":"https:\/\/nirigs.com\/product\/casino-gaufrette-vanille-x15-110-g\/#primaryimage","url":"https:\/\/nirigs.com\/wp-content\/uploads\/2024\/10\/Casino-Gaufrette-vanille-x15-110-g.jpg","contentUrl":"https:\/\/nirigs.com\/wp-content\/uploads\/2024\/10\/Casino-Gaufrette-vanille-x15-110-g.jpg","width":1000,"height":1000},{"@type":"BreadcrumbList","@id":"https:\/\/nirigs.com\/product\/casino-gaufrette-vanille-x15-110-g\/#breadcrumb","itemListElement":[{"@type":"ListItem","position":1,"name":"Home","item":"https:\/\/nirigs.com\/"},{"@type":"ListItem","position":2,"name":"Parcourir","item":"https:\/\/nirigs.com\/boutique\/"},{"@type":"ListItem","position":3,"name":"Casino &#8211; Gaufrette vanille x15 &#8211; 110 g"}]},{"@type":"WebSite","@id":"https:\/\/nirigs.com\/#website","url":"https:\/\/nirigs.com\/","name":"Nirigs.com","description":"Simplifiez vos achats du quotidien \u00e0 Djibouti","publisher":{"@id":"https:\/\/nirigs.com\/#organization"},"potentialAction":[{"@type":"SearchAction","target":{"@type":"EntryPoint","urlTemplate":"https:\/\/nirigs.com\/?s={search_term_string}"},"query-input":{"@type":"PropertyValueSpecification","valueRequired":true,"valueName":"search_term_string"}}],"inLanguage":"en-US"},{"@type":"Organization","@id":"https:\/\/nirigs.com\/#organization","name":"Nirigs","url":"https:\/\/nirigs.com\/","logo":{"@type":"ImageObject","inLanguage":"en-US","@id":"https:\/\/nirigs.com\/#\/schema\/logo\/image\/","url":"https:\/\/nirigs.com\/wp-content\/uploads\/2025\/04\/Design-sans-titre-27.png","contentUrl":"https:\/\/nirigs.com\/wp-content\/uploads\/2025\/04\/Design-sans-titre-27.png","width":500,"height":500,"caption":"Nirigs"},"image":{"@id":"https:\/\/nirigs.com\/#\/schema\/logo\/image\/"}}]}},"brands":[{"id":843,"name":"Casino","slug":"casino"}],"_links":{"self":[{"href":"https:\/\/nirigs.com\/en\/wp-json\/wp\/v2\/product\/23391","targetHints":{"allow":["GET"]}}],"collection":[{"href":"https:\/\/nirigs.com\/en\/wp-json\/wp\/v2\/product"}],"about":[{"href":"https:\/\/nirigs.com\/en\/wp-json\/wp\/v2\/types\/product"}],"replies":[{"embeddable":true,"href":"https:\/\/nirigs.com\/en\/wp-json\/wp\/v2\/comments?post=23391"}],"version-history":[{"count":3,"href":"https:\/\/nirigs.com\/en\/wp-json\/wp\/v2\/product\/23391\/revisions"}],"predecessor-version":[{"id":23627,"href":"https:\/\/nirigs.com\/en\/wp-json\/wp\/v2\/product\/23391\/revisions\/23627"}],"wp:featuredmedia":[{"embeddable":true,"href":"https:\/\/nirigs.com\/en\/wp-json\/wp\/v2\/media\/23663"}],"wp:attachment":[{"href":"https:\/\/nirigs.com\/en\/wp-json\/wp\/v2\/media?parent=23391"}],"wp:term":[{"taxonomy":"pwb-brand","embeddable":true,"href":"https:\/\/nirigs.com\/en\/wp-json\/wp\/v2\/pwb-brand?post=23391"},{"taxonomy":"product_brand","embeddable":true,"href":"https:\/\/nirigs.com\/en\/wp-json\/wp\/v2\/product_brand?post=23391"},{"taxonomy":"product_cat","embeddable":true,"href":"https:\/\/nirigs.com\/en\/wp-json\/wp\/v2\/product_cat?post=23391"},{"taxonomy":"product_tag","embeddable":true,"href":"https:\/\/nirigs.com\/en\/wp-json\/wp\/v2\/product_tag?post=23391"}],"curies":[{"name":"wp","href":"https:\/\/api.w.org\/{rel}","templated":true}]}}