{"id":23390,"date":"2024-10-06T18:02:58","date_gmt":"2024-10-06T15:02:58","guid":{"rendered":"https:\/\/nirigs.com\/produit\/leader-price-trancetto-cacao-x10-snacks-280-g\/"},"modified":"2025-02-02T14:44:02","modified_gmt":"2025-02-02T11:44:02","slug":"leader-price-trancetto-cacao-x10-snacks-280-g","status":"publish","type":"product","link":"https:\/\/nirigs.com\/en\/product\/leader-price-trancetto-cacao-x10-snacks-280-g\/","title":{"rendered":"Leader Price &#8211; Trancetto cacao x10 snacks &#8211; 280 g"},"content":{"rendered":"<p>Les <strong>Trancetto cacao<\/strong> de Leader Price sont de d\u00e9licieux snacks en format individuel, parfaits pour satisfaire vos envies de douceur \u00e0 tout moment de la journ\u00e9e. Chaque bo\u00eete contient 10 snacks moelleux au cacao, alliant un go\u00fbt riche et gourmand \u00e0 une texture tendre. Id\u00e9als pour les pauses caf\u00e9, les go\u00fbters ou comme en-cas sur le pouce, ces snacks raviront les amateurs de chocolat.<\/p>\n<p><strong>Utilisation :<\/strong><\/p>\n<p>Ces snacks au cacao peuvent \u00eatre d\u00e9gust\u00e9s tels quels ou accompagn\u00e9s d&rsquo;une boisson chaude. Ils sont \u00e9galement parfaits pour des recettes de desserts ou des pique-niques.<\/p>\n<h4 class=\"_text_f6lbl_1 _text--bold_f6lbl_7 _text--l_f6lbl_27\">Ingredients<\/h4>\n<div class=\"static-content-wrapper__StaticContentWrapper-sc-3z5iao-0 jXnEFI\">\n<p>sucre, farine de BL\u00c9, OEUFs frais, graisses v\u00e9g\u00e9tales (palme, tournesol en proportion variable; sirop de glucose-fructose; LAIT \u00e9cr\u00e9m\u00e9; cacao maigre en poudre; p\u00e2te de NOISETTES; LAIT \u00e9cr\u00e9m\u00e9 en poudre; prot\u00e9ines de LAIT; ar\u00f4mes; \u00e9mulsifiants\u00a0 : mono et diglyc\u00e9rides d&rsquo;acides gras, l\u00e9cithine de SOJA; poudres \u00e0 lever : carbonates d&rsquo;ammonium, carbonate de sodium, diphosphates; sel. Peut contenir des traces de fruits \u00e0 coques<\/p>\n<h4 class=\"_text_f6lbl_1 _text--bold_f6lbl_7 _text--l_f6lbl_27\">Allerg\u00e8nes<\/h4>\n<div class=\"static-content-wrapper__StaticContentWrapper-sc-3z5iao-0 jXnEFI\">oeufs, c\u00e9r\u00e9ales contenant du gluten, lait, soja, noisettes<\/div>\n<\/div>","protected":false},"excerpt":{"rendered":"<p>Les Trancetto cacao de Leader Price sont de d\u00e9licieux snacks en format individuel, parfaits pour satisfaire vos envies de douceur<\/p>","protected":false},"featured_media":23665,"comment_status":"open","ping_status":"closed","template":"","meta":[],"pwb-brand":[1166],"product_brand":[],"product_cat":[1126,275,1165,1163],"product_tag":[],"class_list":{"0":"post-23390","1":"product","2":"type-product","3":"status-publish","4":"has-post-thumbnail","6":"pwb-brand-leader-price","7":"product_cat-en-cas-et-friandises","8":"product_cat-epicerie","9":"product_cat-gateaux","10":"product_cat-snacks","12":"first","13":"instock","14":"shipping-taxable","15":"purchasable","16":"product-type-simple"},"yoast_head":"<!-- This site is optimized with the Yoast SEO plugin v27.1.1 - https:\/\/yoast.com\/product\/yoast-seo-wordpress\/ -->\n<title>Leader Price - Trancetto cacao x10 snacks - 280 g - NIRIGS<\/title>\n<meta name=\"robots\" content=\"index, follow, max-snippet:-1, max-image-preview:large, max-video-preview:-1\" \/>\n<link rel=\"canonical\" href=\"https:\/\/nirigs.com\/en\/product\/leader-price-trancetto-cacao-x10-snacks-280-g\/\" \/>\n<meta property=\"og:locale\" content=\"en_US\" \/>\n<meta property=\"og:type\" content=\"article\" \/>\n<meta property=\"og:title\" content=\"Leader Price - Trancetto cacao x10 snacks - 280 g - NIRIGS\" \/>\n<meta property=\"og:description\" content=\"Les Trancetto cacao de Leader Price sont de d\u00e9licieux snacks en format individuel, parfaits pour satisfaire vos envies de douceur\" \/>\n<meta property=\"og:url\" content=\"https:\/\/nirigs.com\/en\/product\/leader-price-trancetto-cacao-x10-snacks-280-g\/\" \/>\n<meta property=\"og:site_name\" content=\"NIRIGS\" \/>\n<meta property=\"article:modified_time\" content=\"2025-02-02T11:44:02+00:00\" \/>\n<meta property=\"og:image\" content=\"https:\/\/nirigs.com\/wp-content\/uploads\/2024\/10\/Leader-Price-Trancetto-cacao-x10-snacks-280-g.jpg\" \/>\n\t<meta property=\"og:image:width\" content=\"1000\" \/>\n\t<meta property=\"og:image:height\" content=\"1000\" \/>\n\t<meta property=\"og:image:type\" content=\"image\/jpeg\" \/>\n<meta name=\"twitter:card\" content=\"summary_large_image\" \/>\n<meta name=\"twitter:label1\" content=\"Est. reading time\" \/>\n\t<meta name=\"twitter:data1\" content=\"1 minute\" \/>\n<script type=\"application\/ld+json\" class=\"yoast-schema-graph\">{\"@context\":\"https:\/\/schema.org\",\"@graph\":[{\"@type\":\"WebPage\",\"@id\":\"https:\/\/nirigs.com\/product\/leader-price-trancetto-cacao-x10-snacks-280-g\/\",\"url\":\"https:\/\/nirigs.com\/product\/leader-price-trancetto-cacao-x10-snacks-280-g\/\",\"name\":\"Leader Price - Trancetto cacao x10 snacks - 280 g - NIRIGS\",\"isPartOf\":{\"@id\":\"https:\/\/nirigs.com\/#website\"},\"primaryImageOfPage\":{\"@id\":\"https:\/\/nirigs.com\/product\/leader-price-trancetto-cacao-x10-snacks-280-g\/#primaryimage\"},\"image\":{\"@id\":\"https:\/\/nirigs.com\/product\/leader-price-trancetto-cacao-x10-snacks-280-g\/#primaryimage\"},\"thumbnailUrl\":\"https:\/\/nirigs.com\/wp-content\/uploads\/2024\/10\/Leader-Price-Trancetto-cacao-x10-snacks-280-g.jpg\",\"datePublished\":\"2024-10-06T15:02:58+00:00\",\"dateModified\":\"2025-02-02T11:44:02+00:00\",\"breadcrumb\":{\"@id\":\"https:\/\/nirigs.com\/product\/leader-price-trancetto-cacao-x10-snacks-280-g\/#breadcrumb\"},\"inLanguage\":\"en-US\",\"potentialAction\":[{\"@type\":\"ReadAction\",\"target\":[\"https:\/\/nirigs.com\/product\/leader-price-trancetto-cacao-x10-snacks-280-g\/\"]}]},{\"@type\":\"ImageObject\",\"inLanguage\":\"en-US\",\"@id\":\"https:\/\/nirigs.com\/product\/leader-price-trancetto-cacao-x10-snacks-280-g\/#primaryimage\",\"url\":\"https:\/\/nirigs.com\/wp-content\/uploads\/2024\/10\/Leader-Price-Trancetto-cacao-x10-snacks-280-g.jpg\",\"contentUrl\":\"https:\/\/nirigs.com\/wp-content\/uploads\/2024\/10\/Leader-Price-Trancetto-cacao-x10-snacks-280-g.jpg\",\"width\":1000,\"height\":1000},{\"@type\":\"BreadcrumbList\",\"@id\":\"https:\/\/nirigs.com\/product\/leader-price-trancetto-cacao-x10-snacks-280-g\/#breadcrumb\",\"itemListElement\":[{\"@type\":\"ListItem\",\"position\":1,\"name\":\"Home\",\"item\":\"https:\/\/nirigs.com\/\"},{\"@type\":\"ListItem\",\"position\":2,\"name\":\"Parcourir\",\"item\":\"https:\/\/nirigs.com\/boutique\/\"},{\"@type\":\"ListItem\",\"position\":3,\"name\":\"Leader Price &#8211; Trancetto cacao x10 snacks &#8211; 280 g\"}]},{\"@type\":\"WebSite\",\"@id\":\"https:\/\/nirigs.com\/#website\",\"url\":\"https:\/\/nirigs.com\/\",\"name\":\"Nirigs.com\",\"description\":\"Simplifiez vos achats du quotidien \u00e0 Djibouti\",\"publisher\":{\"@id\":\"https:\/\/nirigs.com\/#organization\"},\"potentialAction\":[{\"@type\":\"SearchAction\",\"target\":{\"@type\":\"EntryPoint\",\"urlTemplate\":\"https:\/\/nirigs.com\/?s={search_term_string}\"},\"query-input\":{\"@type\":\"PropertyValueSpecification\",\"valueRequired\":true,\"valueName\":\"search_term_string\"}}],\"inLanguage\":\"en-US\"},{\"@type\":\"Organization\",\"@id\":\"https:\/\/nirigs.com\/#organization\",\"name\":\"Nirigs\",\"url\":\"https:\/\/nirigs.com\/\",\"logo\":{\"@type\":\"ImageObject\",\"inLanguage\":\"en-US\",\"@id\":\"https:\/\/nirigs.com\/#\/schema\/logo\/image\/\",\"url\":\"https:\/\/nirigs.com\/wp-content\/uploads\/2025\/04\/Design-sans-titre-27.png\",\"contentUrl\":\"https:\/\/nirigs.com\/wp-content\/uploads\/2025\/04\/Design-sans-titre-27.png\",\"width\":500,\"height\":500,\"caption\":\"Nirigs\"},\"image\":{\"@id\":\"https:\/\/nirigs.com\/#\/schema\/logo\/image\/\"}}]}<\/script>\n<!-- \/ Yoast SEO plugin. -->","yoast_head_json":{"title":"Leader Price - Trancetto cacao x10 snacks - 280 g - NIRIGS","robots":{"index":"index","follow":"follow","max-snippet":"max-snippet:-1","max-image-preview":"max-image-preview:large","max-video-preview":"max-video-preview:-1"},"canonical":"https:\/\/nirigs.com\/en\/product\/leader-price-trancetto-cacao-x10-snacks-280-g\/","og_locale":"en_US","og_type":"article","og_title":"Leader Price - Trancetto cacao x10 snacks - 280 g - NIRIGS","og_description":"Les Trancetto cacao de Leader Price sont de d\u00e9licieux snacks en format individuel, parfaits pour satisfaire vos envies de douceur","og_url":"https:\/\/nirigs.com\/en\/product\/leader-price-trancetto-cacao-x10-snacks-280-g\/","og_site_name":"NIRIGS","article_modified_time":"2025-02-02T11:44:02+00:00","og_image":[{"width":1000,"height":1000,"url":"https:\/\/nirigs.com\/wp-content\/uploads\/2024\/10\/Leader-Price-Trancetto-cacao-x10-snacks-280-g.jpg","type":"image\/jpeg"}],"twitter_card":"summary_large_image","twitter_misc":{"Est. reading time":"1 minute"},"schema":{"@context":"https:\/\/schema.org","@graph":[{"@type":"WebPage","@id":"https:\/\/nirigs.com\/product\/leader-price-trancetto-cacao-x10-snacks-280-g\/","url":"https:\/\/nirigs.com\/product\/leader-price-trancetto-cacao-x10-snacks-280-g\/","name":"Leader Price - Trancetto cacao x10 snacks - 280 g - NIRIGS","isPartOf":{"@id":"https:\/\/nirigs.com\/#website"},"primaryImageOfPage":{"@id":"https:\/\/nirigs.com\/product\/leader-price-trancetto-cacao-x10-snacks-280-g\/#primaryimage"},"image":{"@id":"https:\/\/nirigs.com\/product\/leader-price-trancetto-cacao-x10-snacks-280-g\/#primaryimage"},"thumbnailUrl":"https:\/\/nirigs.com\/wp-content\/uploads\/2024\/10\/Leader-Price-Trancetto-cacao-x10-snacks-280-g.jpg","datePublished":"2024-10-06T15:02:58+00:00","dateModified":"2025-02-02T11:44:02+00:00","breadcrumb":{"@id":"https:\/\/nirigs.com\/product\/leader-price-trancetto-cacao-x10-snacks-280-g\/#breadcrumb"},"inLanguage":"en-US","potentialAction":[{"@type":"ReadAction","target":["https:\/\/nirigs.com\/product\/leader-price-trancetto-cacao-x10-snacks-280-g\/"]}]},{"@type":"ImageObject","inLanguage":"en-US","@id":"https:\/\/nirigs.com\/product\/leader-price-trancetto-cacao-x10-snacks-280-g\/#primaryimage","url":"https:\/\/nirigs.com\/wp-content\/uploads\/2024\/10\/Leader-Price-Trancetto-cacao-x10-snacks-280-g.jpg","contentUrl":"https:\/\/nirigs.com\/wp-content\/uploads\/2024\/10\/Leader-Price-Trancetto-cacao-x10-snacks-280-g.jpg","width":1000,"height":1000},{"@type":"BreadcrumbList","@id":"https:\/\/nirigs.com\/product\/leader-price-trancetto-cacao-x10-snacks-280-g\/#breadcrumb","itemListElement":[{"@type":"ListItem","position":1,"name":"Home","item":"https:\/\/nirigs.com\/"},{"@type":"ListItem","position":2,"name":"Parcourir","item":"https:\/\/nirigs.com\/boutique\/"},{"@type":"ListItem","position":3,"name":"Leader Price &#8211; Trancetto cacao x10 snacks &#8211; 280 g"}]},{"@type":"WebSite","@id":"https:\/\/nirigs.com\/#website","url":"https:\/\/nirigs.com\/","name":"Nirigs.com","description":"Simplifiez vos achats du quotidien \u00e0 Djibouti","publisher":{"@id":"https:\/\/nirigs.com\/#organization"},"potentialAction":[{"@type":"SearchAction","target":{"@type":"EntryPoint","urlTemplate":"https:\/\/nirigs.com\/?s={search_term_string}"},"query-input":{"@type":"PropertyValueSpecification","valueRequired":true,"valueName":"search_term_string"}}],"inLanguage":"en-US"},{"@type":"Organization","@id":"https:\/\/nirigs.com\/#organization","name":"Nirigs","url":"https:\/\/nirigs.com\/","logo":{"@type":"ImageObject","inLanguage":"en-US","@id":"https:\/\/nirigs.com\/#\/schema\/logo\/image\/","url":"https:\/\/nirigs.com\/wp-content\/uploads\/2025\/04\/Design-sans-titre-27.png","contentUrl":"https:\/\/nirigs.com\/wp-content\/uploads\/2025\/04\/Design-sans-titre-27.png","width":500,"height":500,"caption":"Nirigs"},"image":{"@id":"https:\/\/nirigs.com\/#\/schema\/logo\/image\/"}}]}},"brands":[{"id":1166,"name":"Leader Price","slug":"leader-price"}],"_links":{"self":[{"href":"https:\/\/nirigs.com\/en\/wp-json\/wp\/v2\/product\/23390","targetHints":{"allow":["GET"]}}],"collection":[{"href":"https:\/\/nirigs.com\/en\/wp-json\/wp\/v2\/product"}],"about":[{"href":"https:\/\/nirigs.com\/en\/wp-json\/wp\/v2\/types\/product"}],"replies":[{"embeddable":true,"href":"https:\/\/nirigs.com\/en\/wp-json\/wp\/v2\/comments?post=23390"}],"version-history":[{"count":3,"href":"https:\/\/nirigs.com\/en\/wp-json\/wp\/v2\/product\/23390\/revisions"}],"predecessor-version":[{"id":23632,"href":"https:\/\/nirigs.com\/en\/wp-json\/wp\/v2\/product\/23390\/revisions\/23632"}],"wp:featuredmedia":[{"embeddable":true,"href":"https:\/\/nirigs.com\/en\/wp-json\/wp\/v2\/media\/23665"}],"wp:attachment":[{"href":"https:\/\/nirigs.com\/en\/wp-json\/wp\/v2\/media?parent=23390"}],"wp:term":[{"taxonomy":"pwb-brand","embeddable":true,"href":"https:\/\/nirigs.com\/en\/wp-json\/wp\/v2\/pwb-brand?post=23390"},{"taxonomy":"product_brand","embeddable":true,"href":"https:\/\/nirigs.com\/en\/wp-json\/wp\/v2\/product_brand?post=23390"},{"taxonomy":"product_cat","embeddable":true,"href":"https:\/\/nirigs.com\/en\/wp-json\/wp\/v2\/product_cat?post=23390"},{"taxonomy":"product_tag","embeddable":true,"href":"https:\/\/nirigs.com\/en\/wp-json\/wp\/v2\/product_tag?post=23390"}],"curies":[{"name":"wp","href":"https:\/\/api.w.org\/{rel}","templated":true}]}}