{"id":23383,"date":"2024-10-06T18:02:56","date_gmt":"2024-10-06T15:02:56","guid":{"rendered":"https:\/\/nirigs.com\/produit\/brossard-savane-le-classique-chocolat-310-g\/"},"modified":"2025-02-02T14:47:36","modified_gmt":"2025-02-02T11:47:36","slug":"brossard-savane-le-classique-chocolat-310-g","status":"publish","type":"product","link":"https:\/\/nirigs.com\/en\/product\/brossard-savane-le-classique-chocolat-310-g\/","title":{"rendered":"Brossard - Savane the chocolate classic - 310 g"},"content":{"rendered":"<p>Le <strong>Savane le Classique Chocolat<\/strong> de Brossard est un g\u00e2teau marbr\u00e9 embl\u00e9matique, alliant un moelleux incomparable \u00e0 un d\u00e9licieux m\u00e9lange de chocolat et de vanille. Avec sa texture fondante et son go\u00fbt authentique, ce g\u00e2teau est id\u00e9al pour le petit-d\u00e9jeuner ou le go\u00fbter. Pr\u00e9sent\u00e9 dans un format familial de 310 g, il est parfait pour \u00eatre partag\u00e9 en famille ou entre amis.<\/p>\n<div class=\"product-content__title\">\n<h4 class=\"product-content__title-text c-text c-text--size-m c-text--style-p c-text--bold\">Ingredients<\/h4>\n<\/div>\n<div class=\"product-content__content c-text c-text--size-s c-text--style-p\">\n<div>Farine de BL\u00c9 26,1%, OEUFS frais, sucre, huile de colza, chocolat 5,8% (sucre, p\u00e2te de cacao, beurre de cacao, \u00e9mulsifiant : l\u00e9cithines (SOJA), ar\u00f4me naturel de vanille), fibre de racine de chicor\u00e9e, stabilisant : glyc\u00e9rol, jaune d&rsquo;OEUF, gomme d&rsquo;acacia (fibre soluble), poudres \u00e0 lever : carbonates de sodium &#8211; citrates de sodium, cacao en poudre, sel, fibres de BL\u00c9, amidon de ma\u00efs, ar\u00f4me. <strong>Pr\u00e9sence possible de : ARACHIDES, FRUITS A COQUE, LAIT.<\/strong><\/div>\n<\/div>","protected":false},"excerpt":{"rendered":"<p>Le Savane le Classique Chocolat de Brossard est un g\u00e2teau marbr\u00e9 embl\u00e9matique, alliant un moelleux incomparable \u00e0 un d\u00e9licieux m\u00e9lange<\/p>","protected":false},"featured_media":23704,"comment_status":"open","ping_status":"closed","template":"","meta":[],"pwb-brand":[1167],"product_brand":[],"product_cat":[1126,275,1165,1163],"product_tag":[],"class_list":{"0":"post-23383","1":"product","2":"type-product","3":"status-publish","4":"has-post-thumbnail","6":"pwb-brand-brossard","7":"product_cat-en-cas-et-friandises","8":"product_cat-epicerie","9":"product_cat-gateaux","10":"product_cat-snacks","12":"first","13":"instock","14":"shipping-taxable","15":"purchasable","16":"product-type-simple"},"yoast_head":"<!-- This site is optimized with the Yoast SEO plugin v27.4 - https:\/\/yoast.com\/product\/yoast-seo-wordpress\/ -->\n<title>Brossard - Savane le classique chocolat - 310 g - NIRIGS<\/title>\n<meta name=\"robots\" content=\"index, follow, max-snippet:-1, max-image-preview:large, max-video-preview:-1\" \/>\n<link rel=\"canonical\" href=\"https:\/\/nirigs.com\/en\/product\/brossard-savane-le-classique-chocolat-310-g\/\" \/>\n<meta property=\"og:locale\" content=\"en_US\" \/>\n<meta property=\"og:type\" content=\"article\" \/>\n<meta property=\"og:title\" content=\"Brossard - Savane le classique chocolat - 310 g - NIRIGS\" \/>\n<meta property=\"og:description\" content=\"Le Savane le Classique Chocolat de Brossard est un g\u00e2teau marbr\u00e9 embl\u00e9matique, alliant un moelleux incomparable \u00e0 un d\u00e9licieux m\u00e9lange\" \/>\n<meta property=\"og:url\" content=\"https:\/\/nirigs.com\/en\/product\/brossard-savane-le-classique-chocolat-310-g\/\" \/>\n<meta property=\"og:site_name\" content=\"NIRIGS\" \/>\n<meta property=\"article:modified_time\" content=\"2025-02-02T11:47:36+00:00\" \/>\n<meta property=\"og:image\" content=\"https:\/\/nirigs.com\/wp-content\/uploads\/2024\/10\/Brossard-Savane-le-classique-chocolat-310-g.jpg\" \/>\n\t<meta property=\"og:image:width\" content=\"1000\" \/>\n\t<meta property=\"og:image:height\" content=\"1000\" \/>\n\t<meta property=\"og:image:type\" content=\"image\/jpeg\" \/>\n<meta name=\"twitter:card\" content=\"summary_large_image\" \/>\n<meta name=\"twitter:label1\" content=\"Est. reading time\" \/>\n\t<meta name=\"twitter:data1\" content=\"1 minute\" \/>\n<script type=\"application\/ld+json\" class=\"yoast-schema-graph\">{\"@context\":\"https:\\\/\\\/schema.org\",\"@graph\":[{\"@type\":\"WebPage\",\"@id\":\"https:\\\/\\\/nirigs.com\\\/product\\\/brossard-savane-le-classique-chocolat-310-g\\\/\",\"url\":\"https:\\\/\\\/nirigs.com\\\/product\\\/brossard-savane-le-classique-chocolat-310-g\\\/\",\"name\":\"Brossard - Savane le classique chocolat - 310 g - NIRIGS\",\"isPartOf\":{\"@id\":\"https:\\\/\\\/nirigs.com\\\/#website\"},\"primaryImageOfPage\":{\"@id\":\"https:\\\/\\\/nirigs.com\\\/product\\\/brossard-savane-le-classique-chocolat-310-g\\\/#primaryimage\"},\"image\":{\"@id\":\"https:\\\/\\\/nirigs.com\\\/product\\\/brossard-savane-le-classique-chocolat-310-g\\\/#primaryimage\"},\"thumbnailUrl\":\"https:\\\/\\\/nirigs.com\\\/wp-content\\\/uploads\\\/2024\\\/10\\\/Brossard-Savane-le-classique-chocolat-310-g.jpg\",\"datePublished\":\"2024-10-06T15:02:56+00:00\",\"dateModified\":\"2025-02-02T11:47:36+00:00\",\"breadcrumb\":{\"@id\":\"https:\\\/\\\/nirigs.com\\\/product\\\/brossard-savane-le-classique-chocolat-310-g\\\/#breadcrumb\"},\"inLanguage\":\"en-US\",\"potentialAction\":[{\"@type\":\"ReadAction\",\"target\":[\"https:\\\/\\\/nirigs.com\\\/product\\\/brossard-savane-le-classique-chocolat-310-g\\\/\"]}]},{\"@type\":\"ImageObject\",\"inLanguage\":\"en-US\",\"@id\":\"https:\\\/\\\/nirigs.com\\\/product\\\/brossard-savane-le-classique-chocolat-310-g\\\/#primaryimage\",\"url\":\"https:\\\/\\\/nirigs.com\\\/wp-content\\\/uploads\\\/2024\\\/10\\\/Brossard-Savane-le-classique-chocolat-310-g.jpg\",\"contentUrl\":\"https:\\\/\\\/nirigs.com\\\/wp-content\\\/uploads\\\/2024\\\/10\\\/Brossard-Savane-le-classique-chocolat-310-g.jpg\",\"width\":1000,\"height\":1000},{\"@type\":\"BreadcrumbList\",\"@id\":\"https:\\\/\\\/nirigs.com\\\/product\\\/brossard-savane-le-classique-chocolat-310-g\\\/#breadcrumb\",\"itemListElement\":[{\"@type\":\"ListItem\",\"position\":1,\"name\":\"Home\",\"item\":\"https:\\\/\\\/nirigs.com\\\/\"},{\"@type\":\"ListItem\",\"position\":2,\"name\":\"Parcourir\",\"item\":\"https:\\\/\\\/nirigs.com\\\/boutique\\\/\"},{\"@type\":\"ListItem\",\"position\":3,\"name\":\"Brossard &#8211; Savane le classique chocolat &#8211; 310 g\"}]},{\"@type\":\"WebSite\",\"@id\":\"https:\\\/\\\/nirigs.com\\\/#website\",\"url\":\"https:\\\/\\\/nirigs.com\\\/\",\"name\":\"Nirigs.com\",\"description\":\"Simplifiez vos achats du quotidien \u00e0 Djibouti\",\"publisher\":{\"@id\":\"https:\\\/\\\/nirigs.com\\\/#organization\"},\"potentialAction\":[{\"@type\":\"SearchAction\",\"target\":{\"@type\":\"EntryPoint\",\"urlTemplate\":\"https:\\\/\\\/nirigs.com\\\/?s={search_term_string}\"},\"query-input\":{\"@type\":\"PropertyValueSpecification\",\"valueRequired\":true,\"valueName\":\"search_term_string\"}}],\"inLanguage\":\"en-US\"},{\"@type\":\"Organization\",\"@id\":\"https:\\\/\\\/nirigs.com\\\/#organization\",\"name\":\"Nirigs\",\"url\":\"https:\\\/\\\/nirigs.com\\\/\",\"logo\":{\"@type\":\"ImageObject\",\"inLanguage\":\"en-US\",\"@id\":\"https:\\\/\\\/nirigs.com\\\/#\\\/schema\\\/logo\\\/image\\\/\",\"url\":\"https:\\\/\\\/nirigs.com\\\/wp-content\\\/uploads\\\/2025\\\/04\\\/Design-sans-titre-27.png\",\"contentUrl\":\"https:\\\/\\\/nirigs.com\\\/wp-content\\\/uploads\\\/2025\\\/04\\\/Design-sans-titre-27.png\",\"width\":500,\"height\":500,\"caption\":\"Nirigs\"},\"image\":{\"@id\":\"https:\\\/\\\/nirigs.com\\\/#\\\/schema\\\/logo\\\/image\\\/\"}}]}<\/script>\n<!-- \/ Yoast SEO plugin. -->","yoast_head_json":{"title":"Brossard - Savane le classique chocolat - 310 g - NIRIGS","robots":{"index":"index","follow":"follow","max-snippet":"max-snippet:-1","max-image-preview":"max-image-preview:large","max-video-preview":"max-video-preview:-1"},"canonical":"https:\/\/nirigs.com\/en\/product\/brossard-savane-le-classique-chocolat-310-g\/","og_locale":"en_US","og_type":"article","og_title":"Brossard - Savane le classique chocolat - 310 g - NIRIGS","og_description":"Le Savane le Classique Chocolat de Brossard est un g\u00e2teau marbr\u00e9 embl\u00e9matique, alliant un moelleux incomparable \u00e0 un d\u00e9licieux m\u00e9lange","og_url":"https:\/\/nirigs.com\/en\/product\/brossard-savane-le-classique-chocolat-310-g\/","og_site_name":"NIRIGS","article_modified_time":"2025-02-02T11:47:36+00:00","og_image":[{"width":1000,"height":1000,"url":"https:\/\/nirigs.com\/wp-content\/uploads\/2024\/10\/Brossard-Savane-le-classique-chocolat-310-g.jpg","type":"image\/jpeg"}],"twitter_card":"summary_large_image","twitter_misc":{"Est. reading time":"1 minute"},"schema":{"@context":"https:\/\/schema.org","@graph":[{"@type":"WebPage","@id":"https:\/\/nirigs.com\/product\/brossard-savane-le-classique-chocolat-310-g\/","url":"https:\/\/nirigs.com\/product\/brossard-savane-le-classique-chocolat-310-g\/","name":"Brossard - Savane le classique chocolat - 310 g - NIRIGS","isPartOf":{"@id":"https:\/\/nirigs.com\/#website"},"primaryImageOfPage":{"@id":"https:\/\/nirigs.com\/product\/brossard-savane-le-classique-chocolat-310-g\/#primaryimage"},"image":{"@id":"https:\/\/nirigs.com\/product\/brossard-savane-le-classique-chocolat-310-g\/#primaryimage"},"thumbnailUrl":"https:\/\/nirigs.com\/wp-content\/uploads\/2024\/10\/Brossard-Savane-le-classique-chocolat-310-g.jpg","datePublished":"2024-10-06T15:02:56+00:00","dateModified":"2025-02-02T11:47:36+00:00","breadcrumb":{"@id":"https:\/\/nirigs.com\/product\/brossard-savane-le-classique-chocolat-310-g\/#breadcrumb"},"inLanguage":"en-US","potentialAction":[{"@type":"ReadAction","target":["https:\/\/nirigs.com\/product\/brossard-savane-le-classique-chocolat-310-g\/"]}]},{"@type":"ImageObject","inLanguage":"en-US","@id":"https:\/\/nirigs.com\/product\/brossard-savane-le-classique-chocolat-310-g\/#primaryimage","url":"https:\/\/nirigs.com\/wp-content\/uploads\/2024\/10\/Brossard-Savane-le-classique-chocolat-310-g.jpg","contentUrl":"https:\/\/nirigs.com\/wp-content\/uploads\/2024\/10\/Brossard-Savane-le-classique-chocolat-310-g.jpg","width":1000,"height":1000},{"@type":"BreadcrumbList","@id":"https:\/\/nirigs.com\/product\/brossard-savane-le-classique-chocolat-310-g\/#breadcrumb","itemListElement":[{"@type":"ListItem","position":1,"name":"Home","item":"https:\/\/nirigs.com\/"},{"@type":"ListItem","position":2,"name":"Parcourir","item":"https:\/\/nirigs.com\/boutique\/"},{"@type":"ListItem","position":3,"name":"Brossard &#8211; Savane le classique chocolat &#8211; 310 g"}]},{"@type":"WebSite","@id":"https:\/\/nirigs.com\/#website","url":"https:\/\/nirigs.com\/","name":"Nirigs.com","description":"Simplifiez vos achats du quotidien \u00e0 Djibouti","publisher":{"@id":"https:\/\/nirigs.com\/#organization"},"potentialAction":[{"@type":"SearchAction","target":{"@type":"EntryPoint","urlTemplate":"https:\/\/nirigs.com\/?s={search_term_string}"},"query-input":{"@type":"PropertyValueSpecification","valueRequired":true,"valueName":"search_term_string"}}],"inLanguage":"en-US"},{"@type":"Organization","@id":"https:\/\/nirigs.com\/#organization","name":"Nirigs","url":"https:\/\/nirigs.com\/","logo":{"@type":"ImageObject","inLanguage":"en-US","@id":"https:\/\/nirigs.com\/#\/schema\/logo\/image\/","url":"https:\/\/nirigs.com\/wp-content\/uploads\/2025\/04\/Design-sans-titre-27.png","contentUrl":"https:\/\/nirigs.com\/wp-content\/uploads\/2025\/04\/Design-sans-titre-27.png","width":500,"height":500,"caption":"Nirigs"},"image":{"@id":"https:\/\/nirigs.com\/#\/schema\/logo\/image\/"}}]}},"brands":[{"id":1167,"name":"Brossard","slug":"brossard"}],"_links":{"self":[{"href":"https:\/\/nirigs.com\/en\/wp-json\/wp\/v2\/product\/23383","targetHints":{"allow":["GET"]}}],"collection":[{"href":"https:\/\/nirigs.com\/en\/wp-json\/wp\/v2\/product"}],"about":[{"href":"https:\/\/nirigs.com\/en\/wp-json\/wp\/v2\/types\/product"}],"replies":[{"embeddable":true,"href":"https:\/\/nirigs.com\/en\/wp-json\/wp\/v2\/comments?post=23383"}],"version-history":[{"count":3,"href":"https:\/\/nirigs.com\/en\/wp-json\/wp\/v2\/product\/23383\/revisions"}],"predecessor-version":[{"id":23705,"href":"https:\/\/nirigs.com\/en\/wp-json\/wp\/v2\/product\/23383\/revisions\/23705"}],"wp:featuredmedia":[{"embeddable":true,"href":"https:\/\/nirigs.com\/en\/wp-json\/wp\/v2\/media\/23704"}],"wp:attachment":[{"href":"https:\/\/nirigs.com\/en\/wp-json\/wp\/v2\/media?parent=23383"}],"wp:term":[{"taxonomy":"pwb-brand","embeddable":true,"href":"https:\/\/nirigs.com\/en\/wp-json\/wp\/v2\/pwb-brand?post=23383"},{"taxonomy":"product_brand","embeddable":true,"href":"https:\/\/nirigs.com\/en\/wp-json\/wp\/v2\/product_brand?post=23383"},{"taxonomy":"product_cat","embeddable":true,"href":"https:\/\/nirigs.com\/en\/wp-json\/wp\/v2\/product_cat?post=23383"},{"taxonomy":"product_tag","embeddable":true,"href":"https:\/\/nirigs.com\/en\/wp-json\/wp\/v2\/product_tag?post=23383"}],"curies":[{"name":"wp","href":"https:\/\/api.w.org\/{rel}","templated":true}]}}