{"id":23382,"date":"2024-10-06T18:02:56","date_gmt":"2024-10-06T15:02:56","guid":{"rendered":"https:\/\/nirigs.com\/produit\/bn-les-challenges-biscuits-gout-fraise-x16-biscuits-285-g\/"},"modified":"2025-06-05T21:30:30","modified_gmt":"2025-06-05T18:30:30","slug":"bn-les-challenges-biscuits-gout-fraise-x16-biscuits-285-g","status":"publish","type":"product","link":"https:\/\/nirigs.com\/en\/product\/bn-les-challenges-biscuits-gout-fraise-x16-biscuits-285-g\/","title":{"rendered":"BN - Les Challenges - Strawberry flavoured cookies x16 cookies - 285 g"},"content":{"rendered":"<p>Les <strong>BN <\/strong>au go\u00fbt fraise sont des biscuits iconiques en forme de carr\u00e9, compos\u00e9s de deux biscuits croustillants avec un d\u00e9licieux fourrage \u00e0 la fraise. Chaque paquet contient 16 biscuits emball\u00e9s en portions individuelles, parfaits pour le go\u00fbter des enfants ou pour une pause gourmande. La texture croquante du biscuit combin\u00e9e \u00e0 la douceur du fourrage fruit\u00e9 fait de ce snack un choix id\u00e9al pour petits et grands.<\/p>\n<h4>Ingredients<\/h4>\n<p>C\u00e9r\u00e9ales farine de FROMENT (33%), c\u00e9r\u00e9ales compl\u00e8tes (15.1%) farine compl\u00e8te de FROMENT (15%) farine compl\u00e8te de SEIGLE, farine compl\u00e8te d&rsquo;ORGE, sirop de glucose &#8211; fructose &#8211; sucre, mati\u00e8re grasse (palme) &#8211; stabilisant : glyc\u00e9rol &#8211; sirop de glucose &#8211; pulpe de fraise concentr\u00e9e (\u00e9quivalent fraise 5%) &#8211; amidon &#8211; LACTOSE, prot\u00e9ines de LAIT, poudres \u00e0 lever carbonates d&rsquo;ammonium et de sodium, sel, LAIT entier en poudre &#8211; acidifiants : acide citrique, citrate trisodique &#8211; colorant : rouge de betterave &#8211; g\u00e9lifiant : pectine &#8211; aromes &#8211; \u00e9paississant : amidon modifi\u00e9. <strong>Peut contenir des traces de FRUITS A COQUE, de SOJA, d&rsquo;OEUF, et de SESAME <\/strong><\/p>\n<h4>Allerg\u00e8nes :<\/h4>\n<p>FROMENT, SEIGLE, ORGE, BL\u00e9, LACTOSE, LAIT \/ PEUT CONTENIR DES TRACES DE FRUITS A COQUE, DE SOJA, D&rsquo;OEUF, ET DE SESAME<\/p>","protected":false},"excerpt":{"rendered":"<p>Les BN au go\u00fbt fraise sont des biscuits iconiques en forme de carr\u00e9, compos\u00e9s de deux biscuits croustillants avec un<\/p>","protected":false},"featured_media":23700,"comment_status":"open","ping_status":"closed","template":"","meta":[],"pwb-brand":[1168],"product_brand":[],"product_cat":[1164,1126,275,1163],"product_tag":[],"class_list":{"0":"post-23382","1":"product","2":"type-product","3":"status-publish","4":"has-post-thumbnail","6":"pwb-brand-bn","7":"product_cat-biscuits-snacks","8":"product_cat-en-cas-et-friandises","9":"product_cat-epicerie","10":"product_cat-snacks","12":"first","13":"instock","14":"shipping-taxable","15":"purchasable","16":"product-type-simple"},"yoast_head":"<!-- This site is optimized with the Yoast SEO plugin v27.4 - https:\/\/yoast.com\/product\/yoast-seo-wordpress\/ -->\n<title>BN - Les Challenges - Biscuits go\u00fbt fraise x16 biscuits - 285 g - NIRIGS<\/title>\n<meta name=\"robots\" content=\"index, follow, max-snippet:-1, max-image-preview:large, max-video-preview:-1\" \/>\n<link rel=\"canonical\" href=\"https:\/\/nirigs.com\/en\/product\/bn-les-challenges-biscuits-gout-fraise-x16-biscuits-285-g\/\" \/>\n<meta property=\"og:locale\" content=\"en_US\" \/>\n<meta property=\"og:type\" content=\"article\" \/>\n<meta property=\"og:title\" content=\"BN - Les Challenges - Biscuits go\u00fbt fraise x16 biscuits - 285 g - NIRIGS\" \/>\n<meta property=\"og:description\" content=\"Les BN au go\u00fbt fraise sont des biscuits iconiques en forme de carr\u00e9, compos\u00e9s de deux biscuits croustillants avec un\" \/>\n<meta property=\"og:url\" content=\"https:\/\/nirigs.com\/en\/product\/bn-les-challenges-biscuits-gout-fraise-x16-biscuits-285-g\/\" \/>\n<meta property=\"og:site_name\" content=\"NIRIGS\" \/>\n<meta property=\"article:modified_time\" content=\"2025-06-05T18:30:30+00:00\" \/>\n<meta property=\"og:image\" content=\"https:\/\/nirigs.com\/wp-content\/uploads\/2024\/10\/BN-Les-Challenges-Biscuits-gout-fraise-x16-biscuits-285-g.jpg\" \/>\n\t<meta property=\"og:image:width\" content=\"1000\" \/>\n\t<meta property=\"og:image:height\" content=\"1000\" \/>\n\t<meta property=\"og:image:type\" content=\"image\/jpeg\" \/>\n<meta name=\"twitter:card\" content=\"summary_large_image\" \/>\n<meta name=\"twitter:label1\" content=\"Est. reading time\" \/>\n\t<meta name=\"twitter:data1\" content=\"1 minute\" \/>\n<script type=\"application\/ld+json\" class=\"yoast-schema-graph\">{\"@context\":\"https:\\\/\\\/schema.org\",\"@graph\":[{\"@type\":\"WebPage\",\"@id\":\"https:\\\/\\\/nirigs.com\\\/ar\\\/product\\\/bn-les-challenges-biscuits-gout-fraise-x16-biscuits-285-g\\\/\",\"url\":\"https:\\\/\\\/nirigs.com\\\/ar\\\/product\\\/bn-les-challenges-biscuits-gout-fraise-x16-biscuits-285-g\\\/\",\"name\":\"BN - Les Challenges - Biscuits go\u00fbt fraise x16 biscuits - 285 g - NIRIGS\",\"isPartOf\":{\"@id\":\"https:\\\/\\\/nirigs.com\\\/#website\"},\"primaryImageOfPage\":{\"@id\":\"https:\\\/\\\/nirigs.com\\\/ar\\\/product\\\/bn-les-challenges-biscuits-gout-fraise-x16-biscuits-285-g\\\/#primaryimage\"},\"image\":{\"@id\":\"https:\\\/\\\/nirigs.com\\\/ar\\\/product\\\/bn-les-challenges-biscuits-gout-fraise-x16-biscuits-285-g\\\/#primaryimage\"},\"thumbnailUrl\":\"https:\\\/\\\/nirigs.com\\\/wp-content\\\/uploads\\\/2024\\\/10\\\/BN-Les-Challenges-Biscuits-gout-fraise-x16-biscuits-285-g.jpg\",\"datePublished\":\"2024-10-06T15:02:56+00:00\",\"dateModified\":\"2025-06-05T18:30:30+00:00\",\"breadcrumb\":{\"@id\":\"https:\\\/\\\/nirigs.com\\\/ar\\\/product\\\/bn-les-challenges-biscuits-gout-fraise-x16-biscuits-285-g\\\/#breadcrumb\"},\"inLanguage\":\"en-US\",\"potentialAction\":[{\"@type\":\"ReadAction\",\"target\":[\"https:\\\/\\\/nirigs.com\\\/ar\\\/product\\\/bn-les-challenges-biscuits-gout-fraise-x16-biscuits-285-g\\\/\"]}]},{\"@type\":\"ImageObject\",\"inLanguage\":\"en-US\",\"@id\":\"https:\\\/\\\/nirigs.com\\\/ar\\\/product\\\/bn-les-challenges-biscuits-gout-fraise-x16-biscuits-285-g\\\/#primaryimage\",\"url\":\"https:\\\/\\\/nirigs.com\\\/wp-content\\\/uploads\\\/2024\\\/10\\\/BN-Les-Challenges-Biscuits-gout-fraise-x16-biscuits-285-g.jpg\",\"contentUrl\":\"https:\\\/\\\/nirigs.com\\\/wp-content\\\/uploads\\\/2024\\\/10\\\/BN-Les-Challenges-Biscuits-gout-fraise-x16-biscuits-285-g.jpg\",\"width\":1000,\"height\":1000},{\"@type\":\"BreadcrumbList\",\"@id\":\"https:\\\/\\\/nirigs.com\\\/ar\\\/product\\\/bn-les-challenges-biscuits-gout-fraise-x16-biscuits-285-g\\\/#breadcrumb\",\"itemListElement\":[{\"@type\":\"ListItem\",\"position\":1,\"name\":\"Home\",\"item\":\"https:\\\/\\\/nirigs.com\\\/\"},{\"@type\":\"ListItem\",\"position\":2,\"name\":\"Parcourir\",\"item\":\"https:\\\/\\\/nirigs.com\\\/boutique\\\/\"},{\"@type\":\"ListItem\",\"position\":3,\"name\":\"BN &#8211; Les Challenges &#8211; Biscuits go\u00fbt fraise x16 biscuits &#8211; 285 g\"}]},{\"@type\":\"WebSite\",\"@id\":\"https:\\\/\\\/nirigs.com\\\/#website\",\"url\":\"https:\\\/\\\/nirigs.com\\\/\",\"name\":\"Nirigs.com\",\"description\":\"Simplifiez vos achats du quotidien \u00e0 Djibouti\",\"publisher\":{\"@id\":\"https:\\\/\\\/nirigs.com\\\/#organization\"},\"potentialAction\":[{\"@type\":\"SearchAction\",\"target\":{\"@type\":\"EntryPoint\",\"urlTemplate\":\"https:\\\/\\\/nirigs.com\\\/?s={search_term_string}\"},\"query-input\":{\"@type\":\"PropertyValueSpecification\",\"valueRequired\":true,\"valueName\":\"search_term_string\"}}],\"inLanguage\":\"en-US\"},{\"@type\":\"Organization\",\"@id\":\"https:\\\/\\\/nirigs.com\\\/#organization\",\"name\":\"Nirigs\",\"url\":\"https:\\\/\\\/nirigs.com\\\/\",\"logo\":{\"@type\":\"ImageObject\",\"inLanguage\":\"en-US\",\"@id\":\"https:\\\/\\\/nirigs.com\\\/#\\\/schema\\\/logo\\\/image\\\/\",\"url\":\"https:\\\/\\\/nirigs.com\\\/wp-content\\\/uploads\\\/2025\\\/04\\\/Design-sans-titre-27.png\",\"contentUrl\":\"https:\\\/\\\/nirigs.com\\\/wp-content\\\/uploads\\\/2025\\\/04\\\/Design-sans-titre-27.png\",\"width\":500,\"height\":500,\"caption\":\"Nirigs\"},\"image\":{\"@id\":\"https:\\\/\\\/nirigs.com\\\/#\\\/schema\\\/logo\\\/image\\\/\"}}]}<\/script>\n<!-- \/ Yoast SEO plugin. -->","yoast_head_json":{"title":"BN - Les Challenges - Biscuits go\u00fbt fraise x16 biscuits - 285 g - NIRIGS","robots":{"index":"index","follow":"follow","max-snippet":"max-snippet:-1","max-image-preview":"max-image-preview:large","max-video-preview":"max-video-preview:-1"},"canonical":"https:\/\/nirigs.com\/en\/product\/bn-les-challenges-biscuits-gout-fraise-x16-biscuits-285-g\/","og_locale":"en_US","og_type":"article","og_title":"BN - Les Challenges - Biscuits go\u00fbt fraise x16 biscuits - 285 g - NIRIGS","og_description":"Les BN au go\u00fbt fraise sont des biscuits iconiques en forme de carr\u00e9, compos\u00e9s de deux biscuits croustillants avec un","og_url":"https:\/\/nirigs.com\/en\/product\/bn-les-challenges-biscuits-gout-fraise-x16-biscuits-285-g\/","og_site_name":"NIRIGS","article_modified_time":"2025-06-05T18:30:30+00:00","og_image":[{"width":1000,"height":1000,"url":"https:\/\/nirigs.com\/wp-content\/uploads\/2024\/10\/BN-Les-Challenges-Biscuits-gout-fraise-x16-biscuits-285-g.jpg","type":"image\/jpeg"}],"twitter_card":"summary_large_image","twitter_misc":{"Est. reading time":"1 minute"},"schema":{"@context":"https:\/\/schema.org","@graph":[{"@type":"WebPage","@id":"https:\/\/nirigs.com\/ar\/product\/bn-les-challenges-biscuits-gout-fraise-x16-biscuits-285-g\/","url":"https:\/\/nirigs.com\/ar\/product\/bn-les-challenges-biscuits-gout-fraise-x16-biscuits-285-g\/","name":"BN - Les Challenges - Biscuits go\u00fbt fraise x16 biscuits - 285 g - NIRIGS","isPartOf":{"@id":"https:\/\/nirigs.com\/#website"},"primaryImageOfPage":{"@id":"https:\/\/nirigs.com\/ar\/product\/bn-les-challenges-biscuits-gout-fraise-x16-biscuits-285-g\/#primaryimage"},"image":{"@id":"https:\/\/nirigs.com\/ar\/product\/bn-les-challenges-biscuits-gout-fraise-x16-biscuits-285-g\/#primaryimage"},"thumbnailUrl":"https:\/\/nirigs.com\/wp-content\/uploads\/2024\/10\/BN-Les-Challenges-Biscuits-gout-fraise-x16-biscuits-285-g.jpg","datePublished":"2024-10-06T15:02:56+00:00","dateModified":"2025-06-05T18:30:30+00:00","breadcrumb":{"@id":"https:\/\/nirigs.com\/ar\/product\/bn-les-challenges-biscuits-gout-fraise-x16-biscuits-285-g\/#breadcrumb"},"inLanguage":"en-US","potentialAction":[{"@type":"ReadAction","target":["https:\/\/nirigs.com\/ar\/product\/bn-les-challenges-biscuits-gout-fraise-x16-biscuits-285-g\/"]}]},{"@type":"ImageObject","inLanguage":"en-US","@id":"https:\/\/nirigs.com\/ar\/product\/bn-les-challenges-biscuits-gout-fraise-x16-biscuits-285-g\/#primaryimage","url":"https:\/\/nirigs.com\/wp-content\/uploads\/2024\/10\/BN-Les-Challenges-Biscuits-gout-fraise-x16-biscuits-285-g.jpg","contentUrl":"https:\/\/nirigs.com\/wp-content\/uploads\/2024\/10\/BN-Les-Challenges-Biscuits-gout-fraise-x16-biscuits-285-g.jpg","width":1000,"height":1000},{"@type":"BreadcrumbList","@id":"https:\/\/nirigs.com\/ar\/product\/bn-les-challenges-biscuits-gout-fraise-x16-biscuits-285-g\/#breadcrumb","itemListElement":[{"@type":"ListItem","position":1,"name":"Home","item":"https:\/\/nirigs.com\/"},{"@type":"ListItem","position":2,"name":"Parcourir","item":"https:\/\/nirigs.com\/boutique\/"},{"@type":"ListItem","position":3,"name":"BN &#8211; Les Challenges &#8211; Biscuits go\u00fbt fraise x16 biscuits &#8211; 285 g"}]},{"@type":"WebSite","@id":"https:\/\/nirigs.com\/#website","url":"https:\/\/nirigs.com\/","name":"Nirigs.com","description":"Simplifiez vos achats du quotidien \u00e0 Djibouti","publisher":{"@id":"https:\/\/nirigs.com\/#organization"},"potentialAction":[{"@type":"SearchAction","target":{"@type":"EntryPoint","urlTemplate":"https:\/\/nirigs.com\/?s={search_term_string}"},"query-input":{"@type":"PropertyValueSpecification","valueRequired":true,"valueName":"search_term_string"}}],"inLanguage":"en-US"},{"@type":"Organization","@id":"https:\/\/nirigs.com\/#organization","name":"Nirigs","url":"https:\/\/nirigs.com\/","logo":{"@type":"ImageObject","inLanguage":"en-US","@id":"https:\/\/nirigs.com\/#\/schema\/logo\/image\/","url":"https:\/\/nirigs.com\/wp-content\/uploads\/2025\/04\/Design-sans-titre-27.png","contentUrl":"https:\/\/nirigs.com\/wp-content\/uploads\/2025\/04\/Design-sans-titre-27.png","width":500,"height":500,"caption":"Nirigs"},"image":{"@id":"https:\/\/nirigs.com\/#\/schema\/logo\/image\/"}}]}},"brands":[{"id":1168,"name":"BN","slug":"bn"}],"_links":{"self":[{"href":"https:\/\/nirigs.com\/en\/wp-json\/wp\/v2\/product\/23382","targetHints":{"allow":["GET"]}}],"collection":[{"href":"https:\/\/nirigs.com\/en\/wp-json\/wp\/v2\/product"}],"about":[{"href":"https:\/\/nirigs.com\/en\/wp-json\/wp\/v2\/types\/product"}],"replies":[{"embeddable":true,"href":"https:\/\/nirigs.com\/en\/wp-json\/wp\/v2\/comments?post=23382"}],"version-history":[{"count":4,"href":"https:\/\/nirigs.com\/en\/wp-json\/wp\/v2\/product\/23382\/revisions"}],"predecessor-version":[{"id":23701,"href":"https:\/\/nirigs.com\/en\/wp-json\/wp\/v2\/product\/23382\/revisions\/23701"}],"wp:featuredmedia":[{"embeddable":true,"href":"https:\/\/nirigs.com\/en\/wp-json\/wp\/v2\/media\/23700"}],"wp:attachment":[{"href":"https:\/\/nirigs.com\/en\/wp-json\/wp\/v2\/media?parent=23382"}],"wp:term":[{"taxonomy":"pwb-brand","embeddable":true,"href":"https:\/\/nirigs.com\/en\/wp-json\/wp\/v2\/pwb-brand?post=23382"},{"taxonomy":"product_brand","embeddable":true,"href":"https:\/\/nirigs.com\/en\/wp-json\/wp\/v2\/product_brand?post=23382"},{"taxonomy":"product_cat","embeddable":true,"href":"https:\/\/nirigs.com\/en\/wp-json\/wp\/v2\/product_cat?post=23382"},{"taxonomy":"product_tag","embeddable":true,"href":"https:\/\/nirigs.com\/en\/wp-json\/wp\/v2\/product_tag?post=23382"}],"curies":[{"name":"wp","href":"https:\/\/api.w.org\/{rel}","templated":true}]}}