{"id":23379,"date":"2024-10-06T18:02:55","date_gmt":"2024-10-06T15:02:55","guid":{"rendered":"https:\/\/nirigs.com\/produit\/oui-love-it-petit-beurre-chocolat-au-lait-x12-biscuits-150-g\/"},"modified":"2025-02-02T14:48:19","modified_gmt":"2025-02-02T11:48:19","slug":"oui-love-it-petit-beurre-chocolat-au-lait-x12-biscuits-150-g","status":"publish","type":"product","link":"https:\/\/nirigs.com\/en\/product\/oui-love-it-petit-beurre-chocolat-au-lait-x12-biscuits-150-g\/","title":{"rendered":"Oui love it &#8211; Petit beurre chocolat au lait x12 biscuits &#8211; 150 g"},"content":{"rendered":"<p>Un d\u00e9licieux biscuit g\u00e9n\u00e9reusement enrob\u00e9 de chocolat au lait cr\u00e9meux ! Oui, oui oui ! Nous emmenons vos papilles vers des contr\u00e9es lointaines ! On dit que le Petit Beurre a \u00e9t\u00e9 cr\u00e9\u00e9 \u00e0 Nantes en 1886. Principalement compos\u00e9 de farine de bl\u00e9 et de beurre, le biscuit est recouvert de chocolat au lait, ce qui le rend vraiment d\u00e9licieux. Conditionn\u00e9s en 2 sachets pour plus de fra\u00eecheur, ils sont faciles \u00e0 transporter pour \u00e9gayer votre journ\u00e9e o\u00f9 que vous soyez.<\/p>\n<h4>Ingredients<\/h4>\n<p>Chocolat au lait (48%) (sucre, beurre de cacao, p\u00e2te de cacao, lait \u00e9cr\u00e9m\u00e9 en poudre, lactose, mati\u00e8re grasse laiti\u00e8re anhydre, \u00e9mulsifiant (l\u00e9cithine de soja), ar\u00f4me naturel de vanille), farine de bl\u00e9, sucre, beurre concentr\u00e9 (6,4%), lait \u00e9cr\u00e9m\u00e9 en poudre, sel, poudre \u00e0 lever (bicarbonate d&rsquo;ammonium et bicarbonate de sodium, pyrophosphate disodique).<\/p>\n<h4>Allerg\u00e8nes<\/h4>\n<p>Peut contenir des traces d&rsquo;oeufs et de noix.<\/p>\n<p>&nbsp;<\/p>","protected":false},"excerpt":{"rendered":"<p>Un d\u00e9licieux biscuit g\u00e9n\u00e9reusement enrob\u00e9 de chocolat au lait cr\u00e9meux ! Oui, oui oui ! Nous emmenons vos papilles vers<\/p>","protected":false},"featured_media":24895,"comment_status":"open","ping_status":"closed","template":"","meta":[],"pwb-brand":[1170],"product_brand":[],"product_cat":[1164,1126,275,1163],"product_tag":[],"class_list":{"0":"post-23379","1":"product","2":"type-product","3":"status-publish","4":"has-post-thumbnail","6":"pwb-brand-oui-love-it","7":"product_cat-biscuits-snacks","8":"product_cat-en-cas-et-friandises","9":"product_cat-epicerie","10":"product_cat-snacks","12":"first","13":"instock","14":"shipping-taxable","15":"purchasable","16":"product-type-simple"},"yoast_head":"<!-- This site is optimized with the Yoast SEO plugin v27.4 - https:\/\/yoast.com\/product\/yoast-seo-wordpress\/ -->\n<title>Oui love it - Petit beurre chocolat au lait x12 biscuits - 150 g - NIRIGS<\/title>\n<meta name=\"robots\" content=\"index, follow, max-snippet:-1, max-image-preview:large, max-video-preview:-1\" \/>\n<link rel=\"canonical\" href=\"https:\/\/nirigs.com\/en\/product\/oui-love-it-petit-beurre-chocolat-au-lait-x12-biscuits-150-g\/\" \/>\n<meta property=\"og:locale\" content=\"en_US\" \/>\n<meta property=\"og:type\" content=\"article\" \/>\n<meta property=\"og:title\" content=\"Oui love it - Petit beurre chocolat au lait x12 biscuits - 150 g - NIRIGS\" \/>\n<meta property=\"og:description\" content=\"Un d\u00e9licieux biscuit g\u00e9n\u00e9reusement enrob\u00e9 de chocolat au lait cr\u00e9meux ! Oui, oui oui ! Nous emmenons vos papilles vers\" \/>\n<meta property=\"og:url\" content=\"https:\/\/nirigs.com\/en\/product\/oui-love-it-petit-beurre-chocolat-au-lait-x12-biscuits-150-g\/\" \/>\n<meta property=\"og:site_name\" content=\"NIRIGS\" \/>\n<meta property=\"article:modified_time\" content=\"2025-02-02T11:48:19+00:00\" \/>\n<meta property=\"og:image\" content=\"https:\/\/nirigs.com\/wp-content\/uploads\/2024\/10\/Oui-love-it-Petit-beurre-chocolat-au-lait-x12-biscuits-150-g-1.jpg\" \/>\n\t<meta property=\"og:image:width\" content=\"1000\" \/>\n\t<meta property=\"og:image:height\" content=\"1000\" \/>\n\t<meta property=\"og:image:type\" content=\"image\/jpeg\" \/>\n<meta name=\"twitter:card\" content=\"summary_large_image\" \/>\n<meta name=\"twitter:label1\" content=\"Est. reading time\" \/>\n\t<meta name=\"twitter:data1\" content=\"1 minute\" \/>\n<script type=\"application\/ld+json\" class=\"yoast-schema-graph\">{\"@context\":\"https:\\\/\\\/schema.org\",\"@graph\":[{\"@type\":\"WebPage\",\"@id\":\"https:\\\/\\\/nirigs.com\\\/product\\\/oui-love-it-petit-beurre-chocolat-au-lait-x12-biscuits-150-g\\\/\",\"url\":\"https:\\\/\\\/nirigs.com\\\/product\\\/oui-love-it-petit-beurre-chocolat-au-lait-x12-biscuits-150-g\\\/\",\"name\":\"Oui love it - Petit beurre chocolat au lait x12 biscuits - 150 g - NIRIGS\",\"isPartOf\":{\"@id\":\"https:\\\/\\\/nirigs.com\\\/#website\"},\"primaryImageOfPage\":{\"@id\":\"https:\\\/\\\/nirigs.com\\\/product\\\/oui-love-it-petit-beurre-chocolat-au-lait-x12-biscuits-150-g\\\/#primaryimage\"},\"image\":{\"@id\":\"https:\\\/\\\/nirigs.com\\\/product\\\/oui-love-it-petit-beurre-chocolat-au-lait-x12-biscuits-150-g\\\/#primaryimage\"},\"thumbnailUrl\":\"https:\\\/\\\/nirigs.com\\\/wp-content\\\/uploads\\\/2024\\\/10\\\/Oui-love-it-Petit-beurre-chocolat-au-lait-x12-biscuits-150-g-1.jpg\",\"datePublished\":\"2024-10-06T15:02:55+00:00\",\"dateModified\":\"2025-02-02T11:48:19+00:00\",\"breadcrumb\":{\"@id\":\"https:\\\/\\\/nirigs.com\\\/product\\\/oui-love-it-petit-beurre-chocolat-au-lait-x12-biscuits-150-g\\\/#breadcrumb\"},\"inLanguage\":\"en-US\",\"potentialAction\":[{\"@type\":\"ReadAction\",\"target\":[\"https:\\\/\\\/nirigs.com\\\/product\\\/oui-love-it-petit-beurre-chocolat-au-lait-x12-biscuits-150-g\\\/\"]}]},{\"@type\":\"ImageObject\",\"inLanguage\":\"en-US\",\"@id\":\"https:\\\/\\\/nirigs.com\\\/product\\\/oui-love-it-petit-beurre-chocolat-au-lait-x12-biscuits-150-g\\\/#primaryimage\",\"url\":\"https:\\\/\\\/nirigs.com\\\/wp-content\\\/uploads\\\/2024\\\/10\\\/Oui-love-it-Petit-beurre-chocolat-au-lait-x12-biscuits-150-g-1.jpg\",\"contentUrl\":\"https:\\\/\\\/nirigs.com\\\/wp-content\\\/uploads\\\/2024\\\/10\\\/Oui-love-it-Petit-beurre-chocolat-au-lait-x12-biscuits-150-g-1.jpg\",\"width\":1000,\"height\":1000},{\"@type\":\"BreadcrumbList\",\"@id\":\"https:\\\/\\\/nirigs.com\\\/product\\\/oui-love-it-petit-beurre-chocolat-au-lait-x12-biscuits-150-g\\\/#breadcrumb\",\"itemListElement\":[{\"@type\":\"ListItem\",\"position\":1,\"name\":\"Home\",\"item\":\"https:\\\/\\\/nirigs.com\\\/\"},{\"@type\":\"ListItem\",\"position\":2,\"name\":\"Parcourir\",\"item\":\"https:\\\/\\\/nirigs.com\\\/boutique\\\/\"},{\"@type\":\"ListItem\",\"position\":3,\"name\":\"Oui love it &#8211; Petit beurre chocolat au lait x12 biscuits &#8211; 150 g\"}]},{\"@type\":\"WebSite\",\"@id\":\"https:\\\/\\\/nirigs.com\\\/#website\",\"url\":\"https:\\\/\\\/nirigs.com\\\/\",\"name\":\"Nirigs.com\",\"description\":\"Simplifiez vos achats du quotidien \u00e0 Djibouti\",\"publisher\":{\"@id\":\"https:\\\/\\\/nirigs.com\\\/#organization\"},\"potentialAction\":[{\"@type\":\"SearchAction\",\"target\":{\"@type\":\"EntryPoint\",\"urlTemplate\":\"https:\\\/\\\/nirigs.com\\\/?s={search_term_string}\"},\"query-input\":{\"@type\":\"PropertyValueSpecification\",\"valueRequired\":true,\"valueName\":\"search_term_string\"}}],\"inLanguage\":\"en-US\"},{\"@type\":\"Organization\",\"@id\":\"https:\\\/\\\/nirigs.com\\\/#organization\",\"name\":\"Nirigs\",\"url\":\"https:\\\/\\\/nirigs.com\\\/\",\"logo\":{\"@type\":\"ImageObject\",\"inLanguage\":\"en-US\",\"@id\":\"https:\\\/\\\/nirigs.com\\\/#\\\/schema\\\/logo\\\/image\\\/\",\"url\":\"https:\\\/\\\/nirigs.com\\\/wp-content\\\/uploads\\\/2025\\\/04\\\/Design-sans-titre-27.png\",\"contentUrl\":\"https:\\\/\\\/nirigs.com\\\/wp-content\\\/uploads\\\/2025\\\/04\\\/Design-sans-titre-27.png\",\"width\":500,\"height\":500,\"caption\":\"Nirigs\"},\"image\":{\"@id\":\"https:\\\/\\\/nirigs.com\\\/#\\\/schema\\\/logo\\\/image\\\/\"}}]}<\/script>\n<!-- \/ Yoast SEO plugin. -->","yoast_head_json":{"title":"Oui love it - Petit beurre chocolat au lait x12 biscuits - 150 g - NIRIGS","robots":{"index":"index","follow":"follow","max-snippet":"max-snippet:-1","max-image-preview":"max-image-preview:large","max-video-preview":"max-video-preview:-1"},"canonical":"https:\/\/nirigs.com\/en\/product\/oui-love-it-petit-beurre-chocolat-au-lait-x12-biscuits-150-g\/","og_locale":"en_US","og_type":"article","og_title":"Oui love it - Petit beurre chocolat au lait x12 biscuits - 150 g - NIRIGS","og_description":"Un d\u00e9licieux biscuit g\u00e9n\u00e9reusement enrob\u00e9 de chocolat au lait cr\u00e9meux ! Oui, oui oui ! Nous emmenons vos papilles vers","og_url":"https:\/\/nirigs.com\/en\/product\/oui-love-it-petit-beurre-chocolat-au-lait-x12-biscuits-150-g\/","og_site_name":"NIRIGS","article_modified_time":"2025-02-02T11:48:19+00:00","og_image":[{"width":1000,"height":1000,"url":"https:\/\/nirigs.com\/wp-content\/uploads\/2024\/10\/Oui-love-it-Petit-beurre-chocolat-au-lait-x12-biscuits-150-g-1.jpg","type":"image\/jpeg"}],"twitter_card":"summary_large_image","twitter_misc":{"Est. reading time":"1 minute"},"schema":{"@context":"https:\/\/schema.org","@graph":[{"@type":"WebPage","@id":"https:\/\/nirigs.com\/product\/oui-love-it-petit-beurre-chocolat-au-lait-x12-biscuits-150-g\/","url":"https:\/\/nirigs.com\/product\/oui-love-it-petit-beurre-chocolat-au-lait-x12-biscuits-150-g\/","name":"Oui love it - Petit beurre chocolat au lait x12 biscuits - 150 g - NIRIGS","isPartOf":{"@id":"https:\/\/nirigs.com\/#website"},"primaryImageOfPage":{"@id":"https:\/\/nirigs.com\/product\/oui-love-it-petit-beurre-chocolat-au-lait-x12-biscuits-150-g\/#primaryimage"},"image":{"@id":"https:\/\/nirigs.com\/product\/oui-love-it-petit-beurre-chocolat-au-lait-x12-biscuits-150-g\/#primaryimage"},"thumbnailUrl":"https:\/\/nirigs.com\/wp-content\/uploads\/2024\/10\/Oui-love-it-Petit-beurre-chocolat-au-lait-x12-biscuits-150-g-1.jpg","datePublished":"2024-10-06T15:02:55+00:00","dateModified":"2025-02-02T11:48:19+00:00","breadcrumb":{"@id":"https:\/\/nirigs.com\/product\/oui-love-it-petit-beurre-chocolat-au-lait-x12-biscuits-150-g\/#breadcrumb"},"inLanguage":"en-US","potentialAction":[{"@type":"ReadAction","target":["https:\/\/nirigs.com\/product\/oui-love-it-petit-beurre-chocolat-au-lait-x12-biscuits-150-g\/"]}]},{"@type":"ImageObject","inLanguage":"en-US","@id":"https:\/\/nirigs.com\/product\/oui-love-it-petit-beurre-chocolat-au-lait-x12-biscuits-150-g\/#primaryimage","url":"https:\/\/nirigs.com\/wp-content\/uploads\/2024\/10\/Oui-love-it-Petit-beurre-chocolat-au-lait-x12-biscuits-150-g-1.jpg","contentUrl":"https:\/\/nirigs.com\/wp-content\/uploads\/2024\/10\/Oui-love-it-Petit-beurre-chocolat-au-lait-x12-biscuits-150-g-1.jpg","width":1000,"height":1000},{"@type":"BreadcrumbList","@id":"https:\/\/nirigs.com\/product\/oui-love-it-petit-beurre-chocolat-au-lait-x12-biscuits-150-g\/#breadcrumb","itemListElement":[{"@type":"ListItem","position":1,"name":"Home","item":"https:\/\/nirigs.com\/"},{"@type":"ListItem","position":2,"name":"Parcourir","item":"https:\/\/nirigs.com\/boutique\/"},{"@type":"ListItem","position":3,"name":"Oui love it &#8211; Petit beurre chocolat au lait x12 biscuits &#8211; 150 g"}]},{"@type":"WebSite","@id":"https:\/\/nirigs.com\/#website","url":"https:\/\/nirigs.com\/","name":"Nirigs.com","description":"Simplifiez vos achats du quotidien \u00e0 Djibouti","publisher":{"@id":"https:\/\/nirigs.com\/#organization"},"potentialAction":[{"@type":"SearchAction","target":{"@type":"EntryPoint","urlTemplate":"https:\/\/nirigs.com\/?s={search_term_string}"},"query-input":{"@type":"PropertyValueSpecification","valueRequired":true,"valueName":"search_term_string"}}],"inLanguage":"en-US"},{"@type":"Organization","@id":"https:\/\/nirigs.com\/#organization","name":"Nirigs","url":"https:\/\/nirigs.com\/","logo":{"@type":"ImageObject","inLanguage":"en-US","@id":"https:\/\/nirigs.com\/#\/schema\/logo\/image\/","url":"https:\/\/nirigs.com\/wp-content\/uploads\/2025\/04\/Design-sans-titre-27.png","contentUrl":"https:\/\/nirigs.com\/wp-content\/uploads\/2025\/04\/Design-sans-titre-27.png","width":500,"height":500,"caption":"Nirigs"},"image":{"@id":"https:\/\/nirigs.com\/#\/schema\/logo\/image\/"}}]}},"brands":[{"id":1170,"name":"Oui love it","slug":"oui-love-it"}],"_links":{"self":[{"href":"https:\/\/nirigs.com\/en\/wp-json\/wp\/v2\/product\/23379","targetHints":{"allow":["GET"]}}],"collection":[{"href":"https:\/\/nirigs.com\/en\/wp-json\/wp\/v2\/product"}],"about":[{"href":"https:\/\/nirigs.com\/en\/wp-json\/wp\/v2\/types\/product"}],"replies":[{"embeddable":true,"href":"https:\/\/nirigs.com\/en\/wp-json\/wp\/v2\/comments?post=23379"}],"version-history":[{"count":3,"href":"https:\/\/nirigs.com\/en\/wp-json\/wp\/v2\/product\/23379\/revisions"}],"predecessor-version":[{"id":24777,"href":"https:\/\/nirigs.com\/en\/wp-json\/wp\/v2\/product\/23379\/revisions\/24777"}],"wp:featuredmedia":[{"embeddable":true,"href":"https:\/\/nirigs.com\/en\/wp-json\/wp\/v2\/media\/24895"}],"wp:attachment":[{"href":"https:\/\/nirigs.com\/en\/wp-json\/wp\/v2\/media?parent=23379"}],"wp:term":[{"taxonomy":"pwb-brand","embeddable":true,"href":"https:\/\/nirigs.com\/en\/wp-json\/wp\/v2\/pwb-brand?post=23379"},{"taxonomy":"product_brand","embeddable":true,"href":"https:\/\/nirigs.com\/en\/wp-json\/wp\/v2\/product_brand?post=23379"},{"taxonomy":"product_cat","embeddable":true,"href":"https:\/\/nirigs.com\/en\/wp-json\/wp\/v2\/product_cat?post=23379"},{"taxonomy":"product_tag","embeddable":true,"href":"https:\/\/nirigs.com\/en\/wp-json\/wp\/v2\/product_tag?post=23379"}],"curies":[{"name":"wp","href":"https:\/\/api.w.org\/{rel}","templated":true}]}}