{"id":23376,"date":"2024-10-06T18:02:54","date_gmt":"2024-10-06T15:02:54","guid":{"rendered":"https:\/\/nirigs.com\/produit\/leader-price-petit-beurre-riche-en-ble-x24-200-g\/"},"modified":"2025-06-07T03:26:15","modified_gmt":"2025-06-07T00:26:15","slug":"leader-price-petit-beurre-riche-en-ble-x24-200-g","status":"publish","type":"product","link":"https:\/\/nirigs.com\/en\/product\/leader-price-petit-beurre-riche-en-ble-x24-200-g\/","title":{"rendered":"Leader Price &#8211; Petit beurre riche en bl\u00e9 x24 &#8211; 200 g"},"content":{"rendered":"<p>Le <strong>Petit Beurre riche en bl\u00e9<\/strong> de Leader Price est un biscuit classique, fabriqu\u00e9 avec une teneur g\u00e9n\u00e9reuse en bl\u00e9, offrant une texture croquante et un go\u00fbt subtil de beurre. Ce biscuit, id\u00e9al pour accompagner une boisson chaude ou pour \u00eatre utilis\u00e9 dans diverses recettes, est emball\u00e9 dans un format pratique de 24 biscuits pour un poids total de 200 g.<\/p>\n<h4><strong>Ingredients:<\/strong><\/h4>\n<p>Farine de bl\u00e9 (54%), sucre, huile de palme, beurre (12%), lait \u00e9cr\u00e9m\u00e9 en poudre, poudres \u00e0 lever (carbonates de sodium, carbonates d\u2019ammonium), sel, ar\u00f4mes naturels.<\/p>\n<h4><strong>Allerg\u00e8nes :<\/strong><\/h4>\n<p>Contient du gluten, du lait et des \u0153ufs. Peut contenir des traces de fruits \u00e0 coque et de soja.<\/p>","protected":false},"excerpt":{"rendered":"<p>Le Petit Beurre riche en bl\u00e9 de Leader Price est un biscuit classique, fabriqu\u00e9 avec une teneur g\u00e9n\u00e9reuse en bl\u00e9,<\/p>","protected":false},"featured_media":24889,"comment_status":"open","ping_status":"closed","template":"","meta":[],"pwb-brand":[1166],"product_brand":[],"product_cat":[1164,1126,275,1163],"product_tag":[],"class_list":{"0":"post-23376","1":"product","2":"type-product","3":"status-publish","4":"has-post-thumbnail","6":"pwb-brand-leader-price","7":"product_cat-biscuits-snacks","8":"product_cat-en-cas-et-friandises","9":"product_cat-epicerie","10":"product_cat-snacks","12":"first","13":"instock","14":"shipping-taxable","15":"purchasable","16":"product-type-simple"},"yoast_head":"<!-- This site is optimized with the Yoast SEO plugin v27.1.1 - https:\/\/yoast.com\/product\/yoast-seo-wordpress\/ -->\n<title>Leader Price - Petit beurre riche en bl\u00e9 x24 - 200 g - NIRIGS<\/title>\n<meta name=\"robots\" content=\"index, follow, max-snippet:-1, max-image-preview:large, max-video-preview:-1\" \/>\n<link rel=\"canonical\" href=\"https:\/\/nirigs.com\/en\/product\/leader-price-petit-beurre-riche-en-ble-x24-200-g\/\" \/>\n<meta property=\"og:locale\" content=\"en_US\" \/>\n<meta property=\"og:type\" content=\"article\" \/>\n<meta property=\"og:title\" content=\"Leader Price - Petit beurre riche en bl\u00e9 x24 - 200 g - NIRIGS\" \/>\n<meta property=\"og:description\" content=\"Le Petit Beurre riche en bl\u00e9 de Leader Price est un biscuit classique, fabriqu\u00e9 avec une teneur g\u00e9n\u00e9reuse en bl\u00e9,\" \/>\n<meta property=\"og:url\" content=\"https:\/\/nirigs.com\/en\/product\/leader-price-petit-beurre-riche-en-ble-x24-200-g\/\" \/>\n<meta property=\"og:site_name\" content=\"NIRIGS\" \/>\n<meta property=\"article:modified_time\" content=\"2025-06-07T00:26:15+00:00\" \/>\n<meta property=\"og:image\" content=\"https:\/\/nirigs.com\/wp-content\/uploads\/2024\/10\/Leader-Price-Petit-beurre-riche-en-ble-x24-200-g-1.jpg\" \/>\n\t<meta property=\"og:image:width\" content=\"1000\" \/>\n\t<meta property=\"og:image:height\" content=\"1000\" \/>\n\t<meta property=\"og:image:type\" content=\"image\/jpeg\" \/>\n<meta name=\"twitter:card\" content=\"summary_large_image\" \/>\n<meta name=\"twitter:label1\" content=\"Est. reading time\" \/>\n\t<meta name=\"twitter:data1\" content=\"1 minute\" \/>\n<script type=\"application\/ld+json\" class=\"yoast-schema-graph\">{\"@context\":\"https:\/\/schema.org\",\"@graph\":[{\"@type\":\"WebPage\",\"@id\":\"https:\/\/nirigs.com\/product\/leader-price-petit-beurre-riche-en-ble-x24-200-g\/\",\"url\":\"https:\/\/nirigs.com\/product\/leader-price-petit-beurre-riche-en-ble-x24-200-g\/\",\"name\":\"Leader Price - Petit beurre riche en bl\u00e9 x24 - 200 g - NIRIGS\",\"isPartOf\":{\"@id\":\"https:\/\/nirigs.com\/#website\"},\"primaryImageOfPage\":{\"@id\":\"https:\/\/nirigs.com\/product\/leader-price-petit-beurre-riche-en-ble-x24-200-g\/#primaryimage\"},\"image\":{\"@id\":\"https:\/\/nirigs.com\/product\/leader-price-petit-beurre-riche-en-ble-x24-200-g\/#primaryimage\"},\"thumbnailUrl\":\"https:\/\/nirigs.com\/wp-content\/uploads\/2024\/10\/Leader-Price-Petit-beurre-riche-en-ble-x24-200-g-1.jpg\",\"datePublished\":\"2024-10-06T15:02:54+00:00\",\"dateModified\":\"2025-06-07T00:26:15+00:00\",\"breadcrumb\":{\"@id\":\"https:\/\/nirigs.com\/product\/leader-price-petit-beurre-riche-en-ble-x24-200-g\/#breadcrumb\"},\"inLanguage\":\"en-US\",\"potentialAction\":[{\"@type\":\"ReadAction\",\"target\":[\"https:\/\/nirigs.com\/product\/leader-price-petit-beurre-riche-en-ble-x24-200-g\/\"]}]},{\"@type\":\"ImageObject\",\"inLanguage\":\"en-US\",\"@id\":\"https:\/\/nirigs.com\/product\/leader-price-petit-beurre-riche-en-ble-x24-200-g\/#primaryimage\",\"url\":\"https:\/\/nirigs.com\/wp-content\/uploads\/2024\/10\/Leader-Price-Petit-beurre-riche-en-ble-x24-200-g-1.jpg\",\"contentUrl\":\"https:\/\/nirigs.com\/wp-content\/uploads\/2024\/10\/Leader-Price-Petit-beurre-riche-en-ble-x24-200-g-1.jpg\",\"width\":1000,\"height\":1000},{\"@type\":\"BreadcrumbList\",\"@id\":\"https:\/\/nirigs.com\/product\/leader-price-petit-beurre-riche-en-ble-x24-200-g\/#breadcrumb\",\"itemListElement\":[{\"@type\":\"ListItem\",\"position\":1,\"name\":\"Home\",\"item\":\"https:\/\/nirigs.com\/\"},{\"@type\":\"ListItem\",\"position\":2,\"name\":\"Parcourir\",\"item\":\"https:\/\/nirigs.com\/boutique\/\"},{\"@type\":\"ListItem\",\"position\":3,\"name\":\"Leader Price &#8211; Petit beurre riche en bl\u00e9 x24 &#8211; 200 g\"}]},{\"@type\":\"WebSite\",\"@id\":\"https:\/\/nirigs.com\/#website\",\"url\":\"https:\/\/nirigs.com\/\",\"name\":\"Nirigs.com\",\"description\":\"Simplifiez vos achats du quotidien \u00e0 Djibouti\",\"publisher\":{\"@id\":\"https:\/\/nirigs.com\/#organization\"},\"potentialAction\":[{\"@type\":\"SearchAction\",\"target\":{\"@type\":\"EntryPoint\",\"urlTemplate\":\"https:\/\/nirigs.com\/?s={search_term_string}\"},\"query-input\":{\"@type\":\"PropertyValueSpecification\",\"valueRequired\":true,\"valueName\":\"search_term_string\"}}],\"inLanguage\":\"en-US\"},{\"@type\":\"Organization\",\"@id\":\"https:\/\/nirigs.com\/#organization\",\"name\":\"Nirigs\",\"url\":\"https:\/\/nirigs.com\/\",\"logo\":{\"@type\":\"ImageObject\",\"inLanguage\":\"en-US\",\"@id\":\"https:\/\/nirigs.com\/#\/schema\/logo\/image\/\",\"url\":\"https:\/\/nirigs.com\/wp-content\/uploads\/2025\/04\/Design-sans-titre-27.png\",\"contentUrl\":\"https:\/\/nirigs.com\/wp-content\/uploads\/2025\/04\/Design-sans-titre-27.png\",\"width\":500,\"height\":500,\"caption\":\"Nirigs\"},\"image\":{\"@id\":\"https:\/\/nirigs.com\/#\/schema\/logo\/image\/\"}}]}<\/script>\n<!-- \/ Yoast SEO plugin. -->","yoast_head_json":{"title":"Leader Price - Petit beurre riche en bl\u00e9 x24 - 200 g - NIRIGS","robots":{"index":"index","follow":"follow","max-snippet":"max-snippet:-1","max-image-preview":"max-image-preview:large","max-video-preview":"max-video-preview:-1"},"canonical":"https:\/\/nirigs.com\/en\/product\/leader-price-petit-beurre-riche-en-ble-x24-200-g\/","og_locale":"en_US","og_type":"article","og_title":"Leader Price - Petit beurre riche en bl\u00e9 x24 - 200 g - NIRIGS","og_description":"Le Petit Beurre riche en bl\u00e9 de Leader Price est un biscuit classique, fabriqu\u00e9 avec une teneur g\u00e9n\u00e9reuse en bl\u00e9,","og_url":"https:\/\/nirigs.com\/en\/product\/leader-price-petit-beurre-riche-en-ble-x24-200-g\/","og_site_name":"NIRIGS","article_modified_time":"2025-06-07T00:26:15+00:00","og_image":[{"width":1000,"height":1000,"url":"https:\/\/nirigs.com\/wp-content\/uploads\/2024\/10\/Leader-Price-Petit-beurre-riche-en-ble-x24-200-g-1.jpg","type":"image\/jpeg"}],"twitter_card":"summary_large_image","twitter_misc":{"Est. reading time":"1 minute"},"schema":{"@context":"https:\/\/schema.org","@graph":[{"@type":"WebPage","@id":"https:\/\/nirigs.com\/product\/leader-price-petit-beurre-riche-en-ble-x24-200-g\/","url":"https:\/\/nirigs.com\/product\/leader-price-petit-beurre-riche-en-ble-x24-200-g\/","name":"Leader Price - Petit beurre riche en bl\u00e9 x24 - 200 g - NIRIGS","isPartOf":{"@id":"https:\/\/nirigs.com\/#website"},"primaryImageOfPage":{"@id":"https:\/\/nirigs.com\/product\/leader-price-petit-beurre-riche-en-ble-x24-200-g\/#primaryimage"},"image":{"@id":"https:\/\/nirigs.com\/product\/leader-price-petit-beurre-riche-en-ble-x24-200-g\/#primaryimage"},"thumbnailUrl":"https:\/\/nirigs.com\/wp-content\/uploads\/2024\/10\/Leader-Price-Petit-beurre-riche-en-ble-x24-200-g-1.jpg","datePublished":"2024-10-06T15:02:54+00:00","dateModified":"2025-06-07T00:26:15+00:00","breadcrumb":{"@id":"https:\/\/nirigs.com\/product\/leader-price-petit-beurre-riche-en-ble-x24-200-g\/#breadcrumb"},"inLanguage":"en-US","potentialAction":[{"@type":"ReadAction","target":["https:\/\/nirigs.com\/product\/leader-price-petit-beurre-riche-en-ble-x24-200-g\/"]}]},{"@type":"ImageObject","inLanguage":"en-US","@id":"https:\/\/nirigs.com\/product\/leader-price-petit-beurre-riche-en-ble-x24-200-g\/#primaryimage","url":"https:\/\/nirigs.com\/wp-content\/uploads\/2024\/10\/Leader-Price-Petit-beurre-riche-en-ble-x24-200-g-1.jpg","contentUrl":"https:\/\/nirigs.com\/wp-content\/uploads\/2024\/10\/Leader-Price-Petit-beurre-riche-en-ble-x24-200-g-1.jpg","width":1000,"height":1000},{"@type":"BreadcrumbList","@id":"https:\/\/nirigs.com\/product\/leader-price-petit-beurre-riche-en-ble-x24-200-g\/#breadcrumb","itemListElement":[{"@type":"ListItem","position":1,"name":"Home","item":"https:\/\/nirigs.com\/"},{"@type":"ListItem","position":2,"name":"Parcourir","item":"https:\/\/nirigs.com\/boutique\/"},{"@type":"ListItem","position":3,"name":"Leader Price &#8211; Petit beurre riche en bl\u00e9 x24 &#8211; 200 g"}]},{"@type":"WebSite","@id":"https:\/\/nirigs.com\/#website","url":"https:\/\/nirigs.com\/","name":"Nirigs.com","description":"Simplifiez vos achats du quotidien \u00e0 Djibouti","publisher":{"@id":"https:\/\/nirigs.com\/#organization"},"potentialAction":[{"@type":"SearchAction","target":{"@type":"EntryPoint","urlTemplate":"https:\/\/nirigs.com\/?s={search_term_string}"},"query-input":{"@type":"PropertyValueSpecification","valueRequired":true,"valueName":"search_term_string"}}],"inLanguage":"en-US"},{"@type":"Organization","@id":"https:\/\/nirigs.com\/#organization","name":"Nirigs","url":"https:\/\/nirigs.com\/","logo":{"@type":"ImageObject","inLanguage":"en-US","@id":"https:\/\/nirigs.com\/#\/schema\/logo\/image\/","url":"https:\/\/nirigs.com\/wp-content\/uploads\/2025\/04\/Design-sans-titre-27.png","contentUrl":"https:\/\/nirigs.com\/wp-content\/uploads\/2025\/04\/Design-sans-titre-27.png","width":500,"height":500,"caption":"Nirigs"},"image":{"@id":"https:\/\/nirigs.com\/#\/schema\/logo\/image\/"}}]}},"brands":[{"id":1166,"name":"Leader Price","slug":"leader-price"}],"_links":{"self":[{"href":"https:\/\/nirigs.com\/en\/wp-json\/wp\/v2\/product\/23376","targetHints":{"allow":["GET"]}}],"collection":[{"href":"https:\/\/nirigs.com\/en\/wp-json\/wp\/v2\/product"}],"about":[{"href":"https:\/\/nirigs.com\/en\/wp-json\/wp\/v2\/types\/product"}],"replies":[{"embeddable":true,"href":"https:\/\/nirigs.com\/en\/wp-json\/wp\/v2\/comments?post=23376"}],"version-history":[{"count":2,"href":"https:\/\/nirigs.com\/en\/wp-json\/wp\/v2\/product\/23376\/revisions"}],"predecessor-version":[{"id":24810,"href":"https:\/\/nirigs.com\/en\/wp-json\/wp\/v2\/product\/23376\/revisions\/24810"}],"wp:featuredmedia":[{"embeddable":true,"href":"https:\/\/nirigs.com\/en\/wp-json\/wp\/v2\/media\/24889"}],"wp:attachment":[{"href":"https:\/\/nirigs.com\/en\/wp-json\/wp\/v2\/media?parent=23376"}],"wp:term":[{"taxonomy":"pwb-brand","embeddable":true,"href":"https:\/\/nirigs.com\/en\/wp-json\/wp\/v2\/pwb-brand?post=23376"},{"taxonomy":"product_brand","embeddable":true,"href":"https:\/\/nirigs.com\/en\/wp-json\/wp\/v2\/product_brand?post=23376"},{"taxonomy":"product_cat","embeddable":true,"href":"https:\/\/nirigs.com\/en\/wp-json\/wp\/v2\/product_cat?post=23376"},{"taxonomy":"product_tag","embeddable":true,"href":"https:\/\/nirigs.com\/en\/wp-json\/wp\/v2\/product_tag?post=23376"}],"curies":[{"name":"wp","href":"https:\/\/api.w.org\/{rel}","templated":true}]}}