{"id":23374,"date":"2024-10-06T18:02:53","date_gmt":"2024-10-06T15:02:53","guid":{"rendered":"https:\/\/nirigs.com\/produit\/jacquet-5-mini-brownies-aux-pepites-de-chocolat\/"},"modified":"2025-06-06T20:26:14","modified_gmt":"2025-06-06T17:26:14","slug":"jacquet-5-mini-brownies-aux-pepites-de-chocolat","status":"publish","type":"product","link":"https:\/\/nirigs.com\/en\/product\/jacquet-5-mini-brownies-aux-pepites-de-chocolat\/","title":{"rendered":"Jacquet &#8211; 5 mini brownies aux p\u00e9pites de chocolat"},"content":{"rendered":"<p>Go\u00fbtez un morceau de Paris ! Les p\u00e2tisseries Jacquet sont destin\u00e9es \u00e0 vous procurer un plaisir incommensurable et une exp\u00e9rience parisienne authentique, qu&rsquo;elles soient d\u00e9gust\u00e9es en dessert, tremp\u00e9es dans un th\u00e9 ou accompagn\u00e9es d&rsquo;une tasse de caf\u00e9. D\u00e9couvrez l&rsquo;histoire de Philibert Jacquet, boulanger fran\u00e7ais r\u00e9put\u00e9 pour son esprit novateur. La l\u00e9gende veut qu&rsquo;il se soit inspir\u00e9 de ses nombreux voyages et des sp\u00e9cialit\u00e9s de chaque pays. Ses illustres talents furent m\u00eame r\u00e9compens\u00e9s lors de l&rsquo;Exposition universelle de Paris en 1889. Cette passion pour la p\u00e2tisserie, associ\u00e9e \u00e0 des ingr\u00e9dients de qualit\u00e9, est la recette secr\u00e8te de la p\u00e2tisserie Jacquet.<\/p>\n<h4>Ingredients<\/h4>\n<p>Chocolat 21,9% dont p\u00e9pites 6. 9%, sucre, p\u00e2te de cacao, beurre de cacao, \u00e9mulsifiant l\u00e9cithine de soja, poudre de cacao maigre, ar\u00f4me naturel, huile de colza, farine de bl\u00e9, \u0153ufs frais, sucre, sirop de glucose, fibres solubles de betterave, glyc\u00e9rol, blanc d&rsquo;\u0153uf, poudre de cacao, dextrose, fibre de racine de chicor\u00e9e ea, lait \u00e9cr\u00e9m\u00e9 en poudre, diphosphate de sodium, carbonate de sodium, sel, amidon de ma\u00efs modifi\u00e9, carragh\u00e9nane, gomme xanthane, extrait de cacao, voie et diglyc\u00e9rides d&rsquo;acides gras, ar\u00f4mes. Peut contenir des arachides et des fruits \u00e0 coque.<\/p>\n<h4><strong>Allerg\u00e8nes :<\/strong><\/h4>\n<p>Contient du gluten, des \u0153ufs et du lait. Peut contenir des traces de fruits \u00e0 coque et de soja.<\/p>","protected":false},"excerpt":{"rendered":"<p>Go\u00fbtez un morceau de Paris ! Les p\u00e2tisseries Jacquet sont destin\u00e9es \u00e0 vous procurer un plaisir incommensurable et une exp\u00e9rience<\/p>","protected":false},"featured_media":24826,"comment_status":"open","ping_status":"closed","template":"","meta":[],"pwb-brand":[1172],"product_brand":[],"product_cat":[1126,275,1165,1163],"product_tag":[],"class_list":{"0":"post-23374","1":"product","2":"type-product","3":"status-publish","4":"has-post-thumbnail","6":"pwb-brand-jacquet","7":"product_cat-en-cas-et-friandises","8":"product_cat-epicerie","9":"product_cat-gateaux","10":"product_cat-snacks","12":"first","13":"instock","14":"shipping-taxable","15":"purchasable","16":"product-type-simple"},"yoast_head":"<!-- This site is optimized with the Yoast SEO plugin v27.4 - https:\/\/yoast.com\/product\/yoast-seo-wordpress\/ -->\n<title>Jacquet - 5 mini brownies aux p\u00e9pites de chocolat - NIRIGS<\/title>\n<meta name=\"robots\" content=\"index, follow, max-snippet:-1, max-image-preview:large, max-video-preview:-1\" \/>\n<link rel=\"canonical\" href=\"https:\/\/nirigs.com\/en\/product\/jacquet-5-mini-brownies-aux-pepites-de-chocolat\/\" \/>\n<meta property=\"og:locale\" content=\"en_US\" \/>\n<meta property=\"og:type\" content=\"article\" \/>\n<meta property=\"og:title\" content=\"Jacquet - 5 mini brownies aux p\u00e9pites de chocolat - NIRIGS\" \/>\n<meta property=\"og:description\" content=\"Go\u00fbtez un morceau de Paris ! Les p\u00e2tisseries Jacquet sont destin\u00e9es \u00e0 vous procurer un plaisir incommensurable et une exp\u00e9rience\" \/>\n<meta property=\"og:url\" content=\"https:\/\/nirigs.com\/en\/product\/jacquet-5-mini-brownies-aux-pepites-de-chocolat\/\" \/>\n<meta property=\"og:site_name\" content=\"NIRIGS\" \/>\n<meta property=\"article:modified_time\" content=\"2025-06-06T17:26:14+00:00\" \/>\n<meta property=\"og:image\" content=\"https:\/\/nirigs.com\/wp-content\/uploads\/2024\/10\/Jacquet-5-mini-brownies-aux-pepites-de-chocolat-150-g.jpg\" \/>\n\t<meta property=\"og:image:width\" content=\"1000\" \/>\n\t<meta property=\"og:image:height\" content=\"1000\" \/>\n\t<meta property=\"og:image:type\" content=\"image\/jpeg\" \/>\n<meta name=\"twitter:card\" content=\"summary_large_image\" \/>\n<meta name=\"twitter:label1\" content=\"Est. reading time\" \/>\n\t<meta name=\"twitter:data1\" content=\"1 minute\" \/>\n<script type=\"application\/ld+json\" class=\"yoast-schema-graph\">{\"@context\":\"https:\\\/\\\/schema.org\",\"@graph\":[{\"@type\":\"WebPage\",\"@id\":\"https:\\\/\\\/nirigs.com\\\/product\\\/jacquet-5-mini-brownies-aux-pepites-de-chocolat\\\/\",\"url\":\"https:\\\/\\\/nirigs.com\\\/product\\\/jacquet-5-mini-brownies-aux-pepites-de-chocolat\\\/\",\"name\":\"Jacquet - 5 mini brownies aux p\u00e9pites de chocolat - NIRIGS\",\"isPartOf\":{\"@id\":\"https:\\\/\\\/nirigs.com\\\/#website\"},\"primaryImageOfPage\":{\"@id\":\"https:\\\/\\\/nirigs.com\\\/product\\\/jacquet-5-mini-brownies-aux-pepites-de-chocolat\\\/#primaryimage\"},\"image\":{\"@id\":\"https:\\\/\\\/nirigs.com\\\/product\\\/jacquet-5-mini-brownies-aux-pepites-de-chocolat\\\/#primaryimage\"},\"thumbnailUrl\":\"https:\\\/\\\/nirigs.com\\\/wp-content\\\/uploads\\\/2024\\\/10\\\/Jacquet-5-mini-brownies-aux-pepites-de-chocolat-150-g.jpg\",\"datePublished\":\"2024-10-06T15:02:53+00:00\",\"dateModified\":\"2025-06-06T17:26:14+00:00\",\"breadcrumb\":{\"@id\":\"https:\\\/\\\/nirigs.com\\\/product\\\/jacquet-5-mini-brownies-aux-pepites-de-chocolat\\\/#breadcrumb\"},\"inLanguage\":\"en-US\",\"potentialAction\":[{\"@type\":\"ReadAction\",\"target\":[\"https:\\\/\\\/nirigs.com\\\/product\\\/jacquet-5-mini-brownies-aux-pepites-de-chocolat\\\/\"]}]},{\"@type\":\"ImageObject\",\"inLanguage\":\"en-US\",\"@id\":\"https:\\\/\\\/nirigs.com\\\/product\\\/jacquet-5-mini-brownies-aux-pepites-de-chocolat\\\/#primaryimage\",\"url\":\"https:\\\/\\\/nirigs.com\\\/wp-content\\\/uploads\\\/2024\\\/10\\\/Jacquet-5-mini-brownies-aux-pepites-de-chocolat-150-g.jpg\",\"contentUrl\":\"https:\\\/\\\/nirigs.com\\\/wp-content\\\/uploads\\\/2024\\\/10\\\/Jacquet-5-mini-brownies-aux-pepites-de-chocolat-150-g.jpg\",\"width\":1000,\"height\":1000},{\"@type\":\"BreadcrumbList\",\"@id\":\"https:\\\/\\\/nirigs.com\\\/product\\\/jacquet-5-mini-brownies-aux-pepites-de-chocolat\\\/#breadcrumb\",\"itemListElement\":[{\"@type\":\"ListItem\",\"position\":1,\"name\":\"Home\",\"item\":\"https:\\\/\\\/nirigs.com\\\/\"},{\"@type\":\"ListItem\",\"position\":2,\"name\":\"Parcourir\",\"item\":\"https:\\\/\\\/nirigs.com\\\/boutique\\\/\"},{\"@type\":\"ListItem\",\"position\":3,\"name\":\"Jacquet &#8211; 5 mini brownies aux p\u00e9pites de chocolat\"}]},{\"@type\":\"WebSite\",\"@id\":\"https:\\\/\\\/nirigs.com\\\/#website\",\"url\":\"https:\\\/\\\/nirigs.com\\\/\",\"name\":\"Nirigs.com\",\"description\":\"Simplifiez vos achats du quotidien \u00e0 Djibouti\",\"publisher\":{\"@id\":\"https:\\\/\\\/nirigs.com\\\/#organization\"},\"potentialAction\":[{\"@type\":\"SearchAction\",\"target\":{\"@type\":\"EntryPoint\",\"urlTemplate\":\"https:\\\/\\\/nirigs.com\\\/?s={search_term_string}\"},\"query-input\":{\"@type\":\"PropertyValueSpecification\",\"valueRequired\":true,\"valueName\":\"search_term_string\"}}],\"inLanguage\":\"en-US\"},{\"@type\":\"Organization\",\"@id\":\"https:\\\/\\\/nirigs.com\\\/#organization\",\"name\":\"Nirigs\",\"url\":\"https:\\\/\\\/nirigs.com\\\/\",\"logo\":{\"@type\":\"ImageObject\",\"inLanguage\":\"en-US\",\"@id\":\"https:\\\/\\\/nirigs.com\\\/#\\\/schema\\\/logo\\\/image\\\/\",\"url\":\"https:\\\/\\\/nirigs.com\\\/wp-content\\\/uploads\\\/2025\\\/04\\\/Design-sans-titre-27.png\",\"contentUrl\":\"https:\\\/\\\/nirigs.com\\\/wp-content\\\/uploads\\\/2025\\\/04\\\/Design-sans-titre-27.png\",\"width\":500,\"height\":500,\"caption\":\"Nirigs\"},\"image\":{\"@id\":\"https:\\\/\\\/nirigs.com\\\/#\\\/schema\\\/logo\\\/image\\\/\"}}]}<\/script>\n<!-- \/ Yoast SEO plugin. -->","yoast_head_json":{"title":"Jacquet - 5 mini brownies aux p\u00e9pites de chocolat - NIRIGS","robots":{"index":"index","follow":"follow","max-snippet":"max-snippet:-1","max-image-preview":"max-image-preview:large","max-video-preview":"max-video-preview:-1"},"canonical":"https:\/\/nirigs.com\/en\/product\/jacquet-5-mini-brownies-aux-pepites-de-chocolat\/","og_locale":"en_US","og_type":"article","og_title":"Jacquet - 5 mini brownies aux p\u00e9pites de chocolat - NIRIGS","og_description":"Go\u00fbtez un morceau de Paris ! Les p\u00e2tisseries Jacquet sont destin\u00e9es \u00e0 vous procurer un plaisir incommensurable et une exp\u00e9rience","og_url":"https:\/\/nirigs.com\/en\/product\/jacquet-5-mini-brownies-aux-pepites-de-chocolat\/","og_site_name":"NIRIGS","article_modified_time":"2025-06-06T17:26:14+00:00","og_image":[{"width":1000,"height":1000,"url":"https:\/\/nirigs.com\/wp-content\/uploads\/2024\/10\/Jacquet-5-mini-brownies-aux-pepites-de-chocolat-150-g.jpg","type":"image\/jpeg"}],"twitter_card":"summary_large_image","twitter_misc":{"Est. reading time":"1 minute"},"schema":{"@context":"https:\/\/schema.org","@graph":[{"@type":"WebPage","@id":"https:\/\/nirigs.com\/product\/jacquet-5-mini-brownies-aux-pepites-de-chocolat\/","url":"https:\/\/nirigs.com\/product\/jacquet-5-mini-brownies-aux-pepites-de-chocolat\/","name":"Jacquet - 5 mini brownies aux p\u00e9pites de chocolat - NIRIGS","isPartOf":{"@id":"https:\/\/nirigs.com\/#website"},"primaryImageOfPage":{"@id":"https:\/\/nirigs.com\/product\/jacquet-5-mini-brownies-aux-pepites-de-chocolat\/#primaryimage"},"image":{"@id":"https:\/\/nirigs.com\/product\/jacquet-5-mini-brownies-aux-pepites-de-chocolat\/#primaryimage"},"thumbnailUrl":"https:\/\/nirigs.com\/wp-content\/uploads\/2024\/10\/Jacquet-5-mini-brownies-aux-pepites-de-chocolat-150-g.jpg","datePublished":"2024-10-06T15:02:53+00:00","dateModified":"2025-06-06T17:26:14+00:00","breadcrumb":{"@id":"https:\/\/nirigs.com\/product\/jacquet-5-mini-brownies-aux-pepites-de-chocolat\/#breadcrumb"},"inLanguage":"en-US","potentialAction":[{"@type":"ReadAction","target":["https:\/\/nirigs.com\/product\/jacquet-5-mini-brownies-aux-pepites-de-chocolat\/"]}]},{"@type":"ImageObject","inLanguage":"en-US","@id":"https:\/\/nirigs.com\/product\/jacquet-5-mini-brownies-aux-pepites-de-chocolat\/#primaryimage","url":"https:\/\/nirigs.com\/wp-content\/uploads\/2024\/10\/Jacquet-5-mini-brownies-aux-pepites-de-chocolat-150-g.jpg","contentUrl":"https:\/\/nirigs.com\/wp-content\/uploads\/2024\/10\/Jacquet-5-mini-brownies-aux-pepites-de-chocolat-150-g.jpg","width":1000,"height":1000},{"@type":"BreadcrumbList","@id":"https:\/\/nirigs.com\/product\/jacquet-5-mini-brownies-aux-pepites-de-chocolat\/#breadcrumb","itemListElement":[{"@type":"ListItem","position":1,"name":"Home","item":"https:\/\/nirigs.com\/"},{"@type":"ListItem","position":2,"name":"Parcourir","item":"https:\/\/nirigs.com\/boutique\/"},{"@type":"ListItem","position":3,"name":"Jacquet &#8211; 5 mini brownies aux p\u00e9pites de chocolat"}]},{"@type":"WebSite","@id":"https:\/\/nirigs.com\/#website","url":"https:\/\/nirigs.com\/","name":"Nirigs.com","description":"Simplifiez vos achats du quotidien \u00e0 Djibouti","publisher":{"@id":"https:\/\/nirigs.com\/#organization"},"potentialAction":[{"@type":"SearchAction","target":{"@type":"EntryPoint","urlTemplate":"https:\/\/nirigs.com\/?s={search_term_string}"},"query-input":{"@type":"PropertyValueSpecification","valueRequired":true,"valueName":"search_term_string"}}],"inLanguage":"en-US"},{"@type":"Organization","@id":"https:\/\/nirigs.com\/#organization","name":"Nirigs","url":"https:\/\/nirigs.com\/","logo":{"@type":"ImageObject","inLanguage":"en-US","@id":"https:\/\/nirigs.com\/#\/schema\/logo\/image\/","url":"https:\/\/nirigs.com\/wp-content\/uploads\/2025\/04\/Design-sans-titre-27.png","contentUrl":"https:\/\/nirigs.com\/wp-content\/uploads\/2025\/04\/Design-sans-titre-27.png","width":500,"height":500,"caption":"Nirigs"},"image":{"@id":"https:\/\/nirigs.com\/#\/schema\/logo\/image\/"}}]}},"brands":[{"id":1172,"name":"Jacquet","slug":"jacquet"}],"_links":{"self":[{"href":"https:\/\/nirigs.com\/en\/wp-json\/wp\/v2\/product\/23374","targetHints":{"allow":["GET"]}}],"collection":[{"href":"https:\/\/nirigs.com\/en\/wp-json\/wp\/v2\/product"}],"about":[{"href":"https:\/\/nirigs.com\/en\/wp-json\/wp\/v2\/types\/product"}],"replies":[{"embeddable":true,"href":"https:\/\/nirigs.com\/en\/wp-json\/wp\/v2\/comments?post=23374"}],"version-history":[{"count":2,"href":"https:\/\/nirigs.com\/en\/wp-json\/wp\/v2\/product\/23374\/revisions"}],"predecessor-version":[{"id":24828,"href":"https:\/\/nirigs.com\/en\/wp-json\/wp\/v2\/product\/23374\/revisions\/24828"}],"wp:featuredmedia":[{"embeddable":true,"href":"https:\/\/nirigs.com\/en\/wp-json\/wp\/v2\/media\/24826"}],"wp:attachment":[{"href":"https:\/\/nirigs.com\/en\/wp-json\/wp\/v2\/media?parent=23374"}],"wp:term":[{"taxonomy":"pwb-brand","embeddable":true,"href":"https:\/\/nirigs.com\/en\/wp-json\/wp\/v2\/pwb-brand?post=23374"},{"taxonomy":"product_brand","embeddable":true,"href":"https:\/\/nirigs.com\/en\/wp-json\/wp\/v2\/product_brand?post=23374"},{"taxonomy":"product_cat","embeddable":true,"href":"https:\/\/nirigs.com\/en\/wp-json\/wp\/v2\/product_cat?post=23374"},{"taxonomy":"product_tag","embeddable":true,"href":"https:\/\/nirigs.com\/en\/wp-json\/wp\/v2\/product_tag?post=23374"}],"curies":[{"name":"wp","href":"https:\/\/api.w.org\/{rel}","templated":true}]}}