{"id":23373,"date":"2024-10-06T18:02:53","date_gmt":"2024-10-06T15:02:53","guid":{"rendered":"https:\/\/nirigs.com\/produit\/brossard-savane-tout-choco-310-g\/"},"modified":"2025-02-02T14:49:29","modified_gmt":"2025-02-02T11:49:29","slug":"brossard-savane-tout-choco-310-g","status":"publish","type":"product","link":"https:\/\/nirigs.com\/en\/product\/brossard-savane-tout-choco-310-g\/","title":{"rendered":"Brossard &#8211; Savane tout choco &#8211; 310 g"},"content":{"rendered":"<p>Le <strong>Savane Tout Choco<\/strong> de Brossard est un d\u00e9licieux g\u00e2teau marbr\u00e9, enti\u00e8rement compos\u00e9 de chocolat, qui combine \u00e0 la fois un g\u00e2teau moelleux et des marbrures au chocolat fondant. Ce g\u00e2teau pr\u00eat \u00e0 d\u00e9guster est id\u00e9al pour un go\u00fbter gourmand, que ce soit pour les petits ou les grands. Pratique \u00e0 emporter, il convient parfaitement pour un partage en famille ou entre amis.<\/p>\n<h4><strong>Ingredients:<\/strong><\/h4>\n<p>Sucre, farine de bl\u00e9, \u0153ufs frais, huile de colza, p\u00e2te de cacao, poudre de cacao maigre, lait \u00e9cr\u00e9m\u00e9 en poudre, chocolat (6%), poudre \u00e0 lever (carbonates de sodium), \u00e9mulsifiants (mono- et diglyc\u00e9rides d&rsquo;acides gras), sel, ar\u00f4mes naturels.<\/p>\n<h4><strong>Allerg\u00e8nes :<\/strong><\/h4>\n<p>Contient du gluten, des \u0153ufs, du lait et du soja. Peut contenir des traces de fruits \u00e0 coque.<\/p>","protected":false},"excerpt":{"rendered":"<p>Le Savane Tout Choco de Brossard est un d\u00e9licieux g\u00e2teau marbr\u00e9, enti\u00e8rement compos\u00e9 de chocolat, qui combine \u00e0 la fois<\/p>","protected":false},"featured_media":24841,"comment_status":"open","ping_status":"closed","template":"","meta":[],"pwb-brand":[1167],"product_brand":[],"product_cat":[1126,275,1165,1163],"product_tag":[],"class_list":{"0":"post-23373","1":"product","2":"type-product","3":"status-publish","4":"has-post-thumbnail","6":"pwb-brand-brossard","7":"product_cat-en-cas-et-friandises","8":"product_cat-epicerie","9":"product_cat-gateaux","10":"product_cat-snacks","12":"first","13":"instock","14":"shipping-taxable","15":"purchasable","16":"product-type-simple"},"yoast_head":"<!-- This site is optimized with the Yoast SEO plugin v27.4 - https:\/\/yoast.com\/product\/yoast-seo-wordpress\/ -->\n<title>Brossard - Savane tout choco - 310 g - NIRIGS<\/title>\n<meta name=\"robots\" content=\"index, follow, max-snippet:-1, max-image-preview:large, max-video-preview:-1\" \/>\n<link rel=\"canonical\" href=\"https:\/\/nirigs.com\/en\/product\/brossard-savane-tout-choco-310-g\/\" \/>\n<meta property=\"og:locale\" content=\"en_US\" \/>\n<meta property=\"og:type\" content=\"article\" \/>\n<meta property=\"og:title\" content=\"Brossard - Savane tout choco - 310 g - NIRIGS\" \/>\n<meta property=\"og:description\" content=\"Le Savane Tout Choco de Brossard est un d\u00e9licieux g\u00e2teau marbr\u00e9, enti\u00e8rement compos\u00e9 de chocolat, qui combine \u00e0 la fois\" \/>\n<meta property=\"og:url\" content=\"https:\/\/nirigs.com\/en\/product\/brossard-savane-tout-choco-310-g\/\" \/>\n<meta property=\"og:site_name\" content=\"NIRIGS\" \/>\n<meta property=\"article:modified_time\" content=\"2025-02-02T11:49:29+00:00\" \/>\n<meta property=\"og:image\" content=\"https:\/\/nirigs.com\/wp-content\/uploads\/2024\/10\/Brossard-Savane-tout-choco-310-g-1.jpg\" \/>\n\t<meta property=\"og:image:width\" content=\"1000\" \/>\n\t<meta property=\"og:image:height\" content=\"1000\" \/>\n\t<meta property=\"og:image:type\" content=\"image\/jpeg\" \/>\n<meta name=\"twitter:card\" content=\"summary_large_image\" \/>\n<meta name=\"twitter:label1\" content=\"Est. reading time\" \/>\n\t<meta name=\"twitter:data1\" content=\"1 minute\" \/>\n<script type=\"application\/ld+json\" class=\"yoast-schema-graph\">{\"@context\":\"https:\\\/\\\/schema.org\",\"@graph\":[{\"@type\":\"WebPage\",\"@id\":\"https:\\\/\\\/nirigs.com\\\/product\\\/brossard-savane-tout-choco-310-g\\\/\",\"url\":\"https:\\\/\\\/nirigs.com\\\/product\\\/brossard-savane-tout-choco-310-g\\\/\",\"name\":\"Brossard - Savane tout choco - 310 g - NIRIGS\",\"isPartOf\":{\"@id\":\"https:\\\/\\\/nirigs.com\\\/#website\"},\"primaryImageOfPage\":{\"@id\":\"https:\\\/\\\/nirigs.com\\\/product\\\/brossard-savane-tout-choco-310-g\\\/#primaryimage\"},\"image\":{\"@id\":\"https:\\\/\\\/nirigs.com\\\/product\\\/brossard-savane-tout-choco-310-g\\\/#primaryimage\"},\"thumbnailUrl\":\"https:\\\/\\\/nirigs.com\\\/wp-content\\\/uploads\\\/2024\\\/10\\\/Brossard-Savane-tout-choco-310-g-1.jpg\",\"datePublished\":\"2024-10-06T15:02:53+00:00\",\"dateModified\":\"2025-02-02T11:49:29+00:00\",\"breadcrumb\":{\"@id\":\"https:\\\/\\\/nirigs.com\\\/product\\\/brossard-savane-tout-choco-310-g\\\/#breadcrumb\"},\"inLanguage\":\"en-US\",\"potentialAction\":[{\"@type\":\"ReadAction\",\"target\":[\"https:\\\/\\\/nirigs.com\\\/product\\\/brossard-savane-tout-choco-310-g\\\/\"]}]},{\"@type\":\"ImageObject\",\"inLanguage\":\"en-US\",\"@id\":\"https:\\\/\\\/nirigs.com\\\/product\\\/brossard-savane-tout-choco-310-g\\\/#primaryimage\",\"url\":\"https:\\\/\\\/nirigs.com\\\/wp-content\\\/uploads\\\/2024\\\/10\\\/Brossard-Savane-tout-choco-310-g-1.jpg\",\"contentUrl\":\"https:\\\/\\\/nirigs.com\\\/wp-content\\\/uploads\\\/2024\\\/10\\\/Brossard-Savane-tout-choco-310-g-1.jpg\",\"width\":1000,\"height\":1000},{\"@type\":\"BreadcrumbList\",\"@id\":\"https:\\\/\\\/nirigs.com\\\/product\\\/brossard-savane-tout-choco-310-g\\\/#breadcrumb\",\"itemListElement\":[{\"@type\":\"ListItem\",\"position\":1,\"name\":\"Home\",\"item\":\"https:\\\/\\\/nirigs.com\\\/\"},{\"@type\":\"ListItem\",\"position\":2,\"name\":\"Parcourir\",\"item\":\"https:\\\/\\\/nirigs.com\\\/boutique\\\/\"},{\"@type\":\"ListItem\",\"position\":3,\"name\":\"Brossard &#8211; Savane tout choco &#8211; 310 g\"}]},{\"@type\":\"WebSite\",\"@id\":\"https:\\\/\\\/nirigs.com\\\/#website\",\"url\":\"https:\\\/\\\/nirigs.com\\\/\",\"name\":\"Nirigs.com\",\"description\":\"Simplifiez vos achats du quotidien \u00e0 Djibouti\",\"publisher\":{\"@id\":\"https:\\\/\\\/nirigs.com\\\/#organization\"},\"potentialAction\":[{\"@type\":\"SearchAction\",\"target\":{\"@type\":\"EntryPoint\",\"urlTemplate\":\"https:\\\/\\\/nirigs.com\\\/?s={search_term_string}\"},\"query-input\":{\"@type\":\"PropertyValueSpecification\",\"valueRequired\":true,\"valueName\":\"search_term_string\"}}],\"inLanguage\":\"en-US\"},{\"@type\":\"Organization\",\"@id\":\"https:\\\/\\\/nirigs.com\\\/#organization\",\"name\":\"Nirigs\",\"url\":\"https:\\\/\\\/nirigs.com\\\/\",\"logo\":{\"@type\":\"ImageObject\",\"inLanguage\":\"en-US\",\"@id\":\"https:\\\/\\\/nirigs.com\\\/#\\\/schema\\\/logo\\\/image\\\/\",\"url\":\"https:\\\/\\\/nirigs.com\\\/wp-content\\\/uploads\\\/2025\\\/04\\\/Design-sans-titre-27.png\",\"contentUrl\":\"https:\\\/\\\/nirigs.com\\\/wp-content\\\/uploads\\\/2025\\\/04\\\/Design-sans-titre-27.png\",\"width\":500,\"height\":500,\"caption\":\"Nirigs\"},\"image\":{\"@id\":\"https:\\\/\\\/nirigs.com\\\/#\\\/schema\\\/logo\\\/image\\\/\"}}]}<\/script>\n<!-- \/ Yoast SEO plugin. -->","yoast_head_json":{"title":"Brossard - Savane tout choco - 310 g - NIRIGS","robots":{"index":"index","follow":"follow","max-snippet":"max-snippet:-1","max-image-preview":"max-image-preview:large","max-video-preview":"max-video-preview:-1"},"canonical":"https:\/\/nirigs.com\/en\/product\/brossard-savane-tout-choco-310-g\/","og_locale":"en_US","og_type":"article","og_title":"Brossard - Savane tout choco - 310 g - NIRIGS","og_description":"Le Savane Tout Choco de Brossard est un d\u00e9licieux g\u00e2teau marbr\u00e9, enti\u00e8rement compos\u00e9 de chocolat, qui combine \u00e0 la fois","og_url":"https:\/\/nirigs.com\/en\/product\/brossard-savane-tout-choco-310-g\/","og_site_name":"NIRIGS","article_modified_time":"2025-02-02T11:49:29+00:00","og_image":[{"width":1000,"height":1000,"url":"https:\/\/nirigs.com\/wp-content\/uploads\/2024\/10\/Brossard-Savane-tout-choco-310-g-1.jpg","type":"image\/jpeg"}],"twitter_card":"summary_large_image","twitter_misc":{"Est. reading time":"1 minute"},"schema":{"@context":"https:\/\/schema.org","@graph":[{"@type":"WebPage","@id":"https:\/\/nirigs.com\/product\/brossard-savane-tout-choco-310-g\/","url":"https:\/\/nirigs.com\/product\/brossard-savane-tout-choco-310-g\/","name":"Brossard - Savane tout choco - 310 g - NIRIGS","isPartOf":{"@id":"https:\/\/nirigs.com\/#website"},"primaryImageOfPage":{"@id":"https:\/\/nirigs.com\/product\/brossard-savane-tout-choco-310-g\/#primaryimage"},"image":{"@id":"https:\/\/nirigs.com\/product\/brossard-savane-tout-choco-310-g\/#primaryimage"},"thumbnailUrl":"https:\/\/nirigs.com\/wp-content\/uploads\/2024\/10\/Brossard-Savane-tout-choco-310-g-1.jpg","datePublished":"2024-10-06T15:02:53+00:00","dateModified":"2025-02-02T11:49:29+00:00","breadcrumb":{"@id":"https:\/\/nirigs.com\/product\/brossard-savane-tout-choco-310-g\/#breadcrumb"},"inLanguage":"en-US","potentialAction":[{"@type":"ReadAction","target":["https:\/\/nirigs.com\/product\/brossard-savane-tout-choco-310-g\/"]}]},{"@type":"ImageObject","inLanguage":"en-US","@id":"https:\/\/nirigs.com\/product\/brossard-savane-tout-choco-310-g\/#primaryimage","url":"https:\/\/nirigs.com\/wp-content\/uploads\/2024\/10\/Brossard-Savane-tout-choco-310-g-1.jpg","contentUrl":"https:\/\/nirigs.com\/wp-content\/uploads\/2024\/10\/Brossard-Savane-tout-choco-310-g-1.jpg","width":1000,"height":1000},{"@type":"BreadcrumbList","@id":"https:\/\/nirigs.com\/product\/brossard-savane-tout-choco-310-g\/#breadcrumb","itemListElement":[{"@type":"ListItem","position":1,"name":"Home","item":"https:\/\/nirigs.com\/"},{"@type":"ListItem","position":2,"name":"Parcourir","item":"https:\/\/nirigs.com\/boutique\/"},{"@type":"ListItem","position":3,"name":"Brossard &#8211; Savane tout choco &#8211; 310 g"}]},{"@type":"WebSite","@id":"https:\/\/nirigs.com\/#website","url":"https:\/\/nirigs.com\/","name":"Nirigs.com","description":"Simplifiez vos achats du quotidien \u00e0 Djibouti","publisher":{"@id":"https:\/\/nirigs.com\/#organization"},"potentialAction":[{"@type":"SearchAction","target":{"@type":"EntryPoint","urlTemplate":"https:\/\/nirigs.com\/?s={search_term_string}"},"query-input":{"@type":"PropertyValueSpecification","valueRequired":true,"valueName":"search_term_string"}}],"inLanguage":"en-US"},{"@type":"Organization","@id":"https:\/\/nirigs.com\/#organization","name":"Nirigs","url":"https:\/\/nirigs.com\/","logo":{"@type":"ImageObject","inLanguage":"en-US","@id":"https:\/\/nirigs.com\/#\/schema\/logo\/image\/","url":"https:\/\/nirigs.com\/wp-content\/uploads\/2025\/04\/Design-sans-titre-27.png","contentUrl":"https:\/\/nirigs.com\/wp-content\/uploads\/2025\/04\/Design-sans-titre-27.png","width":500,"height":500,"caption":"Nirigs"},"image":{"@id":"https:\/\/nirigs.com\/#\/schema\/logo\/image\/"}}]}},"brands":[{"id":1167,"name":"Brossard","slug":"brossard"}],"_links":{"self":[{"href":"https:\/\/nirigs.com\/en\/wp-json\/wp\/v2\/product\/23373","targetHints":{"allow":["GET"]}}],"collection":[{"href":"https:\/\/nirigs.com\/en\/wp-json\/wp\/v2\/product"}],"about":[{"href":"https:\/\/nirigs.com\/en\/wp-json\/wp\/v2\/types\/product"}],"replies":[{"embeddable":true,"href":"https:\/\/nirigs.com\/en\/wp-json\/wp\/v2\/comments?post=23373"}],"version-history":[{"count":6,"href":"https:\/\/nirigs.com\/en\/wp-json\/wp\/v2\/product\/23373\/revisions"}],"predecessor-version":[{"id":24875,"href":"https:\/\/nirigs.com\/en\/wp-json\/wp\/v2\/product\/23373\/revisions\/24875"}],"wp:featuredmedia":[{"embeddable":true,"href":"https:\/\/nirigs.com\/en\/wp-json\/wp\/v2\/media\/24841"}],"wp:attachment":[{"href":"https:\/\/nirigs.com\/en\/wp-json\/wp\/v2\/media?parent=23373"}],"wp:term":[{"taxonomy":"pwb-brand","embeddable":true,"href":"https:\/\/nirigs.com\/en\/wp-json\/wp\/v2\/pwb-brand?post=23373"},{"taxonomy":"product_brand","embeddable":true,"href":"https:\/\/nirigs.com\/en\/wp-json\/wp\/v2\/product_brand?post=23373"},{"taxonomy":"product_cat","embeddable":true,"href":"https:\/\/nirigs.com\/en\/wp-json\/wp\/v2\/product_cat?post=23373"},{"taxonomy":"product_tag","embeddable":true,"href":"https:\/\/nirigs.com\/en\/wp-json\/wp\/v2\/product_tag?post=23373"}],"curies":[{"name":"wp","href":"https:\/\/api.w.org\/{rel}","templated":true}]}}