{"id":23372,"date":"2024-10-06T18:02:52","date_gmt":"2024-10-06T15:02:52","guid":{"rendered":"https:\/\/nirigs.com\/produit\/tous-les-jours-spirits-nature-400-g\/"},"modified":"2025-02-02T14:50:28","modified_gmt":"2025-02-02T11:50:28","slug":"tous-les-jours-spirits-nature-400-g","status":"publish","type":"product","link":"https:\/\/nirigs.com\/en\/product\/tous-les-jours-spirits-nature-400-g\/","title":{"rendered":"Tous les jours &#8211; Spirits nature &#8211; 400 g"},"content":{"rendered":"<p>Les <strong>Biscuits Spirits Nature<\/strong> de la marque <strong>Tous les Jours<\/strong> sont des biscuits sabl\u00e9s croquants et l\u00e9gers, id\u00e9aux pour accompagner une boisson chaude ou \u00eatre consomm\u00e9s comme encas. Leur texture l\u00e9g\u00e8rement friable et leur go\u00fbt de biscuit nature en font un classique qui pla\u00eet \u00e0 tous. Avec un format de 400 g, ce paquet est parfait pour des moments de partage en famille ou entre amis.<\/p>\n<h4><strong>Ingredients:<\/strong><\/h4>\n<p>Farine de bl\u00e9, sucre, beurre concentr\u00e9, poudre d&rsquo;\u0153ufs, lait \u00e9cr\u00e9m\u00e9 en poudre, poudre \u00e0 lever (carbonates de sodium, diphosphates), sel, ar\u00f4me naturel.<\/p>\n<h4><strong>Allerg\u00e8nes :<\/strong><\/h4>\n<p>Contient du gluten, du lait et des \u0153ufs. Peut contenir des traces de fruits \u00e0 coque et de soja.<\/p>","protected":false},"excerpt":{"rendered":"<p>Les Biscuits Spirits Nature de la marque Tous les Jours sont des biscuits sabl\u00e9s croquants et l\u00e9gers, id\u00e9aux pour accompagner<\/p>","protected":false},"featured_media":24865,"comment_status":"open","ping_status":"closed","template":"","meta":[],"pwb-brand":[1169],"product_brand":[],"product_cat":[1164,1126,275,1163],"product_tag":[],"class_list":{"0":"post-23372","1":"product","2":"type-product","3":"status-publish","4":"has-post-thumbnail","6":"pwb-brand-tous-les-jours","7":"product_cat-biscuits-snacks","8":"product_cat-en-cas-et-friandises","9":"product_cat-epicerie","10":"product_cat-snacks","12":"first","13":"instock","14":"shipping-taxable","15":"purchasable","16":"product-type-simple"},"yoast_head":"<!-- This site is optimized with the Yoast SEO plugin v27.4 - https:\/\/yoast.com\/product\/yoast-seo-wordpress\/ -->\n<title>Tous les jours - Spirits nature - 400 g - NIRIGS<\/title>\n<meta name=\"robots\" content=\"index, follow, max-snippet:-1, max-image-preview:large, max-video-preview:-1\" \/>\n<link rel=\"canonical\" href=\"https:\/\/nirigs.com\/en\/product\/tous-les-jours-spirits-nature-400-g\/\" \/>\n<meta property=\"og:locale\" content=\"en_US\" \/>\n<meta property=\"og:type\" content=\"article\" \/>\n<meta property=\"og:title\" content=\"Tous les jours - Spirits nature - 400 g - NIRIGS\" \/>\n<meta property=\"og:description\" content=\"Les Biscuits Spirits Nature de la marque Tous les Jours sont des biscuits sabl\u00e9s croquants et l\u00e9gers, id\u00e9aux pour accompagner\" \/>\n<meta property=\"og:url\" content=\"https:\/\/nirigs.com\/en\/product\/tous-les-jours-spirits-nature-400-g\/\" \/>\n<meta property=\"og:site_name\" content=\"NIRIGS\" \/>\n<meta property=\"article:modified_time\" content=\"2025-02-02T11:50:28+00:00\" \/>\n<meta property=\"og:image\" content=\"https:\/\/nirigs.com\/wp-content\/uploads\/2024\/10\/Tous-les-jours-Spirits-nature-400-g.jpg\" \/>\n\t<meta property=\"og:image:width\" content=\"1000\" \/>\n\t<meta property=\"og:image:height\" content=\"1000\" \/>\n\t<meta property=\"og:image:type\" content=\"image\/jpeg\" \/>\n<meta name=\"twitter:card\" content=\"summary_large_image\" \/>\n<meta name=\"twitter:label1\" content=\"Est. reading time\" \/>\n\t<meta name=\"twitter:data1\" content=\"1 minute\" \/>\n<script type=\"application\/ld+json\" class=\"yoast-schema-graph\">{\"@context\":\"https:\\\/\\\/schema.org\",\"@graph\":[{\"@type\":\"WebPage\",\"@id\":\"https:\\\/\\\/nirigs.com\\\/product\\\/tous-les-jours-spirits-nature-400-g\\\/\",\"url\":\"https:\\\/\\\/nirigs.com\\\/product\\\/tous-les-jours-spirits-nature-400-g\\\/\",\"name\":\"Tous les jours - Spirits nature - 400 g - NIRIGS\",\"isPartOf\":{\"@id\":\"https:\\\/\\\/nirigs.com\\\/#website\"},\"primaryImageOfPage\":{\"@id\":\"https:\\\/\\\/nirigs.com\\\/product\\\/tous-les-jours-spirits-nature-400-g\\\/#primaryimage\"},\"image\":{\"@id\":\"https:\\\/\\\/nirigs.com\\\/product\\\/tous-les-jours-spirits-nature-400-g\\\/#primaryimage\"},\"thumbnailUrl\":\"https:\\\/\\\/nirigs.com\\\/wp-content\\\/uploads\\\/2024\\\/10\\\/Tous-les-jours-Spirits-nature-400-g.jpg\",\"datePublished\":\"2024-10-06T15:02:52+00:00\",\"dateModified\":\"2025-02-02T11:50:28+00:00\",\"breadcrumb\":{\"@id\":\"https:\\\/\\\/nirigs.com\\\/product\\\/tous-les-jours-spirits-nature-400-g\\\/#breadcrumb\"},\"inLanguage\":\"en-US\",\"potentialAction\":[{\"@type\":\"ReadAction\",\"target\":[\"https:\\\/\\\/nirigs.com\\\/product\\\/tous-les-jours-spirits-nature-400-g\\\/\"]}]},{\"@type\":\"ImageObject\",\"inLanguage\":\"en-US\",\"@id\":\"https:\\\/\\\/nirigs.com\\\/product\\\/tous-les-jours-spirits-nature-400-g\\\/#primaryimage\",\"url\":\"https:\\\/\\\/nirigs.com\\\/wp-content\\\/uploads\\\/2024\\\/10\\\/Tous-les-jours-Spirits-nature-400-g.jpg\",\"contentUrl\":\"https:\\\/\\\/nirigs.com\\\/wp-content\\\/uploads\\\/2024\\\/10\\\/Tous-les-jours-Spirits-nature-400-g.jpg\",\"width\":1000,\"height\":1000},{\"@type\":\"BreadcrumbList\",\"@id\":\"https:\\\/\\\/nirigs.com\\\/product\\\/tous-les-jours-spirits-nature-400-g\\\/#breadcrumb\",\"itemListElement\":[{\"@type\":\"ListItem\",\"position\":1,\"name\":\"Home\",\"item\":\"https:\\\/\\\/nirigs.com\\\/\"},{\"@type\":\"ListItem\",\"position\":2,\"name\":\"Parcourir\",\"item\":\"https:\\\/\\\/nirigs.com\\\/boutique\\\/\"},{\"@type\":\"ListItem\",\"position\":3,\"name\":\"Tous les jours &#8211; Spirits nature &#8211; 400 g\"}]},{\"@type\":\"WebSite\",\"@id\":\"https:\\\/\\\/nirigs.com\\\/#website\",\"url\":\"https:\\\/\\\/nirigs.com\\\/\",\"name\":\"Nirigs.com\",\"description\":\"Simplifiez vos achats du quotidien \u00e0 Djibouti\",\"publisher\":{\"@id\":\"https:\\\/\\\/nirigs.com\\\/#organization\"},\"potentialAction\":[{\"@type\":\"SearchAction\",\"target\":{\"@type\":\"EntryPoint\",\"urlTemplate\":\"https:\\\/\\\/nirigs.com\\\/?s={search_term_string}\"},\"query-input\":{\"@type\":\"PropertyValueSpecification\",\"valueRequired\":true,\"valueName\":\"search_term_string\"}}],\"inLanguage\":\"en-US\"},{\"@type\":\"Organization\",\"@id\":\"https:\\\/\\\/nirigs.com\\\/#organization\",\"name\":\"Nirigs\",\"url\":\"https:\\\/\\\/nirigs.com\\\/\",\"logo\":{\"@type\":\"ImageObject\",\"inLanguage\":\"en-US\",\"@id\":\"https:\\\/\\\/nirigs.com\\\/#\\\/schema\\\/logo\\\/image\\\/\",\"url\":\"https:\\\/\\\/nirigs.com\\\/wp-content\\\/uploads\\\/2025\\\/04\\\/Design-sans-titre-27.png\",\"contentUrl\":\"https:\\\/\\\/nirigs.com\\\/wp-content\\\/uploads\\\/2025\\\/04\\\/Design-sans-titre-27.png\",\"width\":500,\"height\":500,\"caption\":\"Nirigs\"},\"image\":{\"@id\":\"https:\\\/\\\/nirigs.com\\\/#\\\/schema\\\/logo\\\/image\\\/\"}}]}<\/script>\n<!-- \/ Yoast SEO plugin. -->","yoast_head_json":{"title":"Tous les jours - Spirits nature - 400 g - NIRIGS","robots":{"index":"index","follow":"follow","max-snippet":"max-snippet:-1","max-image-preview":"max-image-preview:large","max-video-preview":"max-video-preview:-1"},"canonical":"https:\/\/nirigs.com\/en\/product\/tous-les-jours-spirits-nature-400-g\/","og_locale":"en_US","og_type":"article","og_title":"Tous les jours - Spirits nature - 400 g - NIRIGS","og_description":"Les Biscuits Spirits Nature de la marque Tous les Jours sont des biscuits sabl\u00e9s croquants et l\u00e9gers, id\u00e9aux pour accompagner","og_url":"https:\/\/nirigs.com\/en\/product\/tous-les-jours-spirits-nature-400-g\/","og_site_name":"NIRIGS","article_modified_time":"2025-02-02T11:50:28+00:00","og_image":[{"width":1000,"height":1000,"url":"https:\/\/nirigs.com\/wp-content\/uploads\/2024\/10\/Tous-les-jours-Spirits-nature-400-g.jpg","type":"image\/jpeg"}],"twitter_card":"summary_large_image","twitter_misc":{"Est. reading time":"1 minute"},"schema":{"@context":"https:\/\/schema.org","@graph":[{"@type":"WebPage","@id":"https:\/\/nirigs.com\/product\/tous-les-jours-spirits-nature-400-g\/","url":"https:\/\/nirigs.com\/product\/tous-les-jours-spirits-nature-400-g\/","name":"Tous les jours - Spirits nature - 400 g - NIRIGS","isPartOf":{"@id":"https:\/\/nirigs.com\/#website"},"primaryImageOfPage":{"@id":"https:\/\/nirigs.com\/product\/tous-les-jours-spirits-nature-400-g\/#primaryimage"},"image":{"@id":"https:\/\/nirigs.com\/product\/tous-les-jours-spirits-nature-400-g\/#primaryimage"},"thumbnailUrl":"https:\/\/nirigs.com\/wp-content\/uploads\/2024\/10\/Tous-les-jours-Spirits-nature-400-g.jpg","datePublished":"2024-10-06T15:02:52+00:00","dateModified":"2025-02-02T11:50:28+00:00","breadcrumb":{"@id":"https:\/\/nirigs.com\/product\/tous-les-jours-spirits-nature-400-g\/#breadcrumb"},"inLanguage":"en-US","potentialAction":[{"@type":"ReadAction","target":["https:\/\/nirigs.com\/product\/tous-les-jours-spirits-nature-400-g\/"]}]},{"@type":"ImageObject","inLanguage":"en-US","@id":"https:\/\/nirigs.com\/product\/tous-les-jours-spirits-nature-400-g\/#primaryimage","url":"https:\/\/nirigs.com\/wp-content\/uploads\/2024\/10\/Tous-les-jours-Spirits-nature-400-g.jpg","contentUrl":"https:\/\/nirigs.com\/wp-content\/uploads\/2024\/10\/Tous-les-jours-Spirits-nature-400-g.jpg","width":1000,"height":1000},{"@type":"BreadcrumbList","@id":"https:\/\/nirigs.com\/product\/tous-les-jours-spirits-nature-400-g\/#breadcrumb","itemListElement":[{"@type":"ListItem","position":1,"name":"Home","item":"https:\/\/nirigs.com\/"},{"@type":"ListItem","position":2,"name":"Parcourir","item":"https:\/\/nirigs.com\/boutique\/"},{"@type":"ListItem","position":3,"name":"Tous les jours &#8211; Spirits nature &#8211; 400 g"}]},{"@type":"WebSite","@id":"https:\/\/nirigs.com\/#website","url":"https:\/\/nirigs.com\/","name":"Nirigs.com","description":"Simplifiez vos achats du quotidien \u00e0 Djibouti","publisher":{"@id":"https:\/\/nirigs.com\/#organization"},"potentialAction":[{"@type":"SearchAction","target":{"@type":"EntryPoint","urlTemplate":"https:\/\/nirigs.com\/?s={search_term_string}"},"query-input":{"@type":"PropertyValueSpecification","valueRequired":true,"valueName":"search_term_string"}}],"inLanguage":"en-US"},{"@type":"Organization","@id":"https:\/\/nirigs.com\/#organization","name":"Nirigs","url":"https:\/\/nirigs.com\/","logo":{"@type":"ImageObject","inLanguage":"en-US","@id":"https:\/\/nirigs.com\/#\/schema\/logo\/image\/","url":"https:\/\/nirigs.com\/wp-content\/uploads\/2025\/04\/Design-sans-titre-27.png","contentUrl":"https:\/\/nirigs.com\/wp-content\/uploads\/2025\/04\/Design-sans-titre-27.png","width":500,"height":500,"caption":"Nirigs"},"image":{"@id":"https:\/\/nirigs.com\/#\/schema\/logo\/image\/"}}]}},"brands":[{"id":1169,"name":"Every day","slug":"tous-les-jours"}],"_links":{"self":[{"href":"https:\/\/nirigs.com\/en\/wp-json\/wp\/v2\/product\/23372","targetHints":{"allow":["GET"]}}],"collection":[{"href":"https:\/\/nirigs.com\/en\/wp-json\/wp\/v2\/product"}],"about":[{"href":"https:\/\/nirigs.com\/en\/wp-json\/wp\/v2\/types\/product"}],"replies":[{"embeddable":true,"href":"https:\/\/nirigs.com\/en\/wp-json\/wp\/v2\/comments?post=23372"}],"version-history":[{"count":2,"href":"https:\/\/nirigs.com\/en\/wp-json\/wp\/v2\/product\/23372\/revisions"}],"predecessor-version":[{"id":24866,"href":"https:\/\/nirigs.com\/en\/wp-json\/wp\/v2\/product\/23372\/revisions\/24866"}],"wp:featuredmedia":[{"embeddable":true,"href":"https:\/\/nirigs.com\/en\/wp-json\/wp\/v2\/media\/24865"}],"wp:attachment":[{"href":"https:\/\/nirigs.com\/en\/wp-json\/wp\/v2\/media?parent=23372"}],"wp:term":[{"taxonomy":"pwb-brand","embeddable":true,"href":"https:\/\/nirigs.com\/en\/wp-json\/wp\/v2\/pwb-brand?post=23372"},{"taxonomy":"product_brand","embeddable":true,"href":"https:\/\/nirigs.com\/en\/wp-json\/wp\/v2\/product_brand?post=23372"},{"taxonomy":"product_cat","embeddable":true,"href":"https:\/\/nirigs.com\/en\/wp-json\/wp\/v2\/product_cat?post=23372"},{"taxonomy":"product_tag","embeddable":true,"href":"https:\/\/nirigs.com\/en\/wp-json\/wp\/v2\/product_tag?post=23372"}],"curies":[{"name":"wp","href":"https:\/\/api.w.org\/{rel}","templated":true}]}}