{"id":23366,"date":"2024-10-06T18:02:50","date_gmt":"2024-10-06T15:02:50","guid":{"rendered":"https:\/\/nirigs.com\/produit\/oui-love-it-biscuit-langues-de-chat-vanille-et-gaufrettes-100-g\/"},"modified":"2025-02-02T14:52:32","modified_gmt":"2025-02-02T11:52:32","slug":"oui-love-it-biscuit-langues-de-chat-vanille-et-gaufrettes-100-g","status":"publish","type":"product","link":"https:\/\/nirigs.com\/en\/product\/oui-love-it-biscuit-langues-de-chat-vanille-et-gaufrettes-100-g\/","title":{"rendered":"Oui love it ! &#8211; Biscuit langues de chat vanille et gaufrettes &#8211; 100 g"},"content":{"rendered":"<p>Les <strong>biscuits langues de chat vanille et gaufrettes<\/strong> de <strong>Oui love it !<\/strong> sont des douceurs d\u00e9licates et croustillantes, combinant la finesse des langues de chat \u00e0 la vanille et la l\u00e9g\u00e8ret\u00e9 des gaufrettes. Leur texture l\u00e9g\u00e8re et croquante, ainsi que leur go\u00fbt subtil de vanille, en font une gourmandise parfaite pour accompagner une boisson chaude ou pour une pause gourmande.<\/p>\n<h4><strong>Ingredients:<\/strong><\/h4>\n<p>Farine de bl\u00e9, sucre, huile de palme, beurre (lait), \u0153ufs frais, poudre de lait \u00e9cr\u00e9m\u00e9, ar\u00f4me naturel de vanille, sel, poudres \u00e0 lever (carbonates de sodium).<\/p>\n<h4><strong>Allerg\u00e8nes :<\/strong><\/h4>\n<p>Contient du gluten, du lait et des \u0153ufs. Peut contenir des traces de soja et de fruits \u00e0 coque.<\/p>","protected":false},"excerpt":{"rendered":"<p>Les biscuits langues de chat vanille et gaufrettes de Oui love it ! sont des douceurs d\u00e9licates et croustillantes, combinant<\/p>","protected":false},"featured_media":24948,"comment_status":"open","ping_status":"closed","template":"","meta":[],"pwb-brand":[1170],"product_brand":[],"product_cat":[1164,1126,275,1163],"product_tag":[],"class_list":{"0":"post-23366","1":"product","2":"type-product","3":"status-publish","4":"has-post-thumbnail","6":"pwb-brand-oui-love-it","7":"product_cat-biscuits-snacks","8":"product_cat-en-cas-et-friandises","9":"product_cat-epicerie","10":"product_cat-snacks","12":"first","13":"instock","14":"shipping-taxable","15":"purchasable","16":"product-type-simple"},"yoast_head":"<!-- This site is optimized with the Yoast SEO plugin v27.1.1 - https:\/\/yoast.com\/product\/yoast-seo-wordpress\/ -->\n<title>Oui love it ! - Biscuit langues de chat vanille et gaufrettes - 100 g - NIRIGS<\/title>\n<meta name=\"robots\" content=\"index, follow, max-snippet:-1, max-image-preview:large, max-video-preview:-1\" \/>\n<link rel=\"canonical\" href=\"https:\/\/nirigs.com\/en\/product\/oui-love-it-biscuit-langues-de-chat-vanille-et-gaufrettes-100-g\/\" \/>\n<meta property=\"og:locale\" content=\"en_US\" \/>\n<meta property=\"og:type\" content=\"article\" \/>\n<meta property=\"og:title\" content=\"Oui love it ! - Biscuit langues de chat vanille et gaufrettes - 100 g - NIRIGS\" \/>\n<meta property=\"og:description\" content=\"Les biscuits langues de chat vanille et gaufrettes de Oui love it ! sont des douceurs d\u00e9licates et croustillantes, combinant\" \/>\n<meta property=\"og:url\" content=\"https:\/\/nirigs.com\/en\/product\/oui-love-it-biscuit-langues-de-chat-vanille-et-gaufrettes-100-g\/\" \/>\n<meta property=\"og:site_name\" content=\"NIRIGS\" \/>\n<meta property=\"article:modified_time\" content=\"2025-02-02T11:52:32+00:00\" \/>\n<meta property=\"og:image\" content=\"https:\/\/nirigs.com\/wp-content\/uploads\/2024\/10\/Oui-love-it-Biscuit-langues-de-chat-vanille-et-gaufrettes-100-g.jpg\" \/>\n\t<meta property=\"og:image:width\" content=\"1000\" \/>\n\t<meta property=\"og:image:height\" content=\"1000\" \/>\n\t<meta property=\"og:image:type\" content=\"image\/jpeg\" \/>\n<meta name=\"twitter:card\" content=\"summary_large_image\" \/>\n<meta name=\"twitter:label1\" content=\"Est. reading time\" \/>\n\t<meta name=\"twitter:data1\" content=\"1 minute\" \/>\n<script type=\"application\/ld+json\" class=\"yoast-schema-graph\">{\"@context\":\"https:\/\/schema.org\",\"@graph\":[{\"@type\":\"WebPage\",\"@id\":\"https:\/\/nirigs.com\/product\/oui-love-it-biscuit-langues-de-chat-vanille-et-gaufrettes-100-g\/\",\"url\":\"https:\/\/nirigs.com\/product\/oui-love-it-biscuit-langues-de-chat-vanille-et-gaufrettes-100-g\/\",\"name\":\"Oui love it ! - Biscuit langues de chat vanille et gaufrettes - 100 g - NIRIGS\",\"isPartOf\":{\"@id\":\"https:\/\/nirigs.com\/#website\"},\"primaryImageOfPage\":{\"@id\":\"https:\/\/nirigs.com\/product\/oui-love-it-biscuit-langues-de-chat-vanille-et-gaufrettes-100-g\/#primaryimage\"},\"image\":{\"@id\":\"https:\/\/nirigs.com\/product\/oui-love-it-biscuit-langues-de-chat-vanille-et-gaufrettes-100-g\/#primaryimage\"},\"thumbnailUrl\":\"https:\/\/nirigs.com\/wp-content\/uploads\/2024\/10\/Oui-love-it-Biscuit-langues-de-chat-vanille-et-gaufrettes-100-g.jpg\",\"datePublished\":\"2024-10-06T15:02:50+00:00\",\"dateModified\":\"2025-02-02T11:52:32+00:00\",\"breadcrumb\":{\"@id\":\"https:\/\/nirigs.com\/product\/oui-love-it-biscuit-langues-de-chat-vanille-et-gaufrettes-100-g\/#breadcrumb\"},\"inLanguage\":\"en-US\",\"potentialAction\":[{\"@type\":\"ReadAction\",\"target\":[\"https:\/\/nirigs.com\/product\/oui-love-it-biscuit-langues-de-chat-vanille-et-gaufrettes-100-g\/\"]}]},{\"@type\":\"ImageObject\",\"inLanguage\":\"en-US\",\"@id\":\"https:\/\/nirigs.com\/product\/oui-love-it-biscuit-langues-de-chat-vanille-et-gaufrettes-100-g\/#primaryimage\",\"url\":\"https:\/\/nirigs.com\/wp-content\/uploads\/2024\/10\/Oui-love-it-Biscuit-langues-de-chat-vanille-et-gaufrettes-100-g.jpg\",\"contentUrl\":\"https:\/\/nirigs.com\/wp-content\/uploads\/2024\/10\/Oui-love-it-Biscuit-langues-de-chat-vanille-et-gaufrettes-100-g.jpg\",\"width\":1000,\"height\":1000},{\"@type\":\"BreadcrumbList\",\"@id\":\"https:\/\/nirigs.com\/product\/oui-love-it-biscuit-langues-de-chat-vanille-et-gaufrettes-100-g\/#breadcrumb\",\"itemListElement\":[{\"@type\":\"ListItem\",\"position\":1,\"name\":\"Home\",\"item\":\"https:\/\/nirigs.com\/\"},{\"@type\":\"ListItem\",\"position\":2,\"name\":\"Parcourir\",\"item\":\"https:\/\/nirigs.com\/boutique\/\"},{\"@type\":\"ListItem\",\"position\":3,\"name\":\"Oui love it ! &#8211; Biscuit langues de chat vanille et gaufrettes &#8211; 100 g\"}]},{\"@type\":\"WebSite\",\"@id\":\"https:\/\/nirigs.com\/#website\",\"url\":\"https:\/\/nirigs.com\/\",\"name\":\"Nirigs.com\",\"description\":\"Simplifiez vos achats du quotidien \u00e0 Djibouti\",\"publisher\":{\"@id\":\"https:\/\/nirigs.com\/#organization\"},\"potentialAction\":[{\"@type\":\"SearchAction\",\"target\":{\"@type\":\"EntryPoint\",\"urlTemplate\":\"https:\/\/nirigs.com\/?s={search_term_string}\"},\"query-input\":{\"@type\":\"PropertyValueSpecification\",\"valueRequired\":true,\"valueName\":\"search_term_string\"}}],\"inLanguage\":\"en-US\"},{\"@type\":\"Organization\",\"@id\":\"https:\/\/nirigs.com\/#organization\",\"name\":\"Nirigs\",\"url\":\"https:\/\/nirigs.com\/\",\"logo\":{\"@type\":\"ImageObject\",\"inLanguage\":\"en-US\",\"@id\":\"https:\/\/nirigs.com\/#\/schema\/logo\/image\/\",\"url\":\"https:\/\/nirigs.com\/wp-content\/uploads\/2025\/04\/Design-sans-titre-27.png\",\"contentUrl\":\"https:\/\/nirigs.com\/wp-content\/uploads\/2025\/04\/Design-sans-titre-27.png\",\"width\":500,\"height\":500,\"caption\":\"Nirigs\"},\"image\":{\"@id\":\"https:\/\/nirigs.com\/#\/schema\/logo\/image\/\"}}]}<\/script>\n<!-- \/ Yoast SEO plugin. -->","yoast_head_json":{"title":"Oui love it ! - Biscuit langues de chat vanille et gaufrettes - 100 g - NIRIGS","robots":{"index":"index","follow":"follow","max-snippet":"max-snippet:-1","max-image-preview":"max-image-preview:large","max-video-preview":"max-video-preview:-1"},"canonical":"https:\/\/nirigs.com\/en\/product\/oui-love-it-biscuit-langues-de-chat-vanille-et-gaufrettes-100-g\/","og_locale":"en_US","og_type":"article","og_title":"Oui love it ! - Biscuit langues de chat vanille et gaufrettes - 100 g - NIRIGS","og_description":"Les biscuits langues de chat vanille et gaufrettes de Oui love it ! sont des douceurs d\u00e9licates et croustillantes, combinant","og_url":"https:\/\/nirigs.com\/en\/product\/oui-love-it-biscuit-langues-de-chat-vanille-et-gaufrettes-100-g\/","og_site_name":"NIRIGS","article_modified_time":"2025-02-02T11:52:32+00:00","og_image":[{"width":1000,"height":1000,"url":"https:\/\/nirigs.com\/wp-content\/uploads\/2024\/10\/Oui-love-it-Biscuit-langues-de-chat-vanille-et-gaufrettes-100-g.jpg","type":"image\/jpeg"}],"twitter_card":"summary_large_image","twitter_misc":{"Est. reading time":"1 minute"},"schema":{"@context":"https:\/\/schema.org","@graph":[{"@type":"WebPage","@id":"https:\/\/nirigs.com\/product\/oui-love-it-biscuit-langues-de-chat-vanille-et-gaufrettes-100-g\/","url":"https:\/\/nirigs.com\/product\/oui-love-it-biscuit-langues-de-chat-vanille-et-gaufrettes-100-g\/","name":"Oui love it ! - Biscuit langues de chat vanille et gaufrettes - 100 g - NIRIGS","isPartOf":{"@id":"https:\/\/nirigs.com\/#website"},"primaryImageOfPage":{"@id":"https:\/\/nirigs.com\/product\/oui-love-it-biscuit-langues-de-chat-vanille-et-gaufrettes-100-g\/#primaryimage"},"image":{"@id":"https:\/\/nirigs.com\/product\/oui-love-it-biscuit-langues-de-chat-vanille-et-gaufrettes-100-g\/#primaryimage"},"thumbnailUrl":"https:\/\/nirigs.com\/wp-content\/uploads\/2024\/10\/Oui-love-it-Biscuit-langues-de-chat-vanille-et-gaufrettes-100-g.jpg","datePublished":"2024-10-06T15:02:50+00:00","dateModified":"2025-02-02T11:52:32+00:00","breadcrumb":{"@id":"https:\/\/nirigs.com\/product\/oui-love-it-biscuit-langues-de-chat-vanille-et-gaufrettes-100-g\/#breadcrumb"},"inLanguage":"en-US","potentialAction":[{"@type":"ReadAction","target":["https:\/\/nirigs.com\/product\/oui-love-it-biscuit-langues-de-chat-vanille-et-gaufrettes-100-g\/"]}]},{"@type":"ImageObject","inLanguage":"en-US","@id":"https:\/\/nirigs.com\/product\/oui-love-it-biscuit-langues-de-chat-vanille-et-gaufrettes-100-g\/#primaryimage","url":"https:\/\/nirigs.com\/wp-content\/uploads\/2024\/10\/Oui-love-it-Biscuit-langues-de-chat-vanille-et-gaufrettes-100-g.jpg","contentUrl":"https:\/\/nirigs.com\/wp-content\/uploads\/2024\/10\/Oui-love-it-Biscuit-langues-de-chat-vanille-et-gaufrettes-100-g.jpg","width":1000,"height":1000},{"@type":"BreadcrumbList","@id":"https:\/\/nirigs.com\/product\/oui-love-it-biscuit-langues-de-chat-vanille-et-gaufrettes-100-g\/#breadcrumb","itemListElement":[{"@type":"ListItem","position":1,"name":"Home","item":"https:\/\/nirigs.com\/"},{"@type":"ListItem","position":2,"name":"Parcourir","item":"https:\/\/nirigs.com\/boutique\/"},{"@type":"ListItem","position":3,"name":"Oui love it ! &#8211; Biscuit langues de chat vanille et gaufrettes &#8211; 100 g"}]},{"@type":"WebSite","@id":"https:\/\/nirigs.com\/#website","url":"https:\/\/nirigs.com\/","name":"Nirigs.com","description":"Simplifiez vos achats du quotidien \u00e0 Djibouti","publisher":{"@id":"https:\/\/nirigs.com\/#organization"},"potentialAction":[{"@type":"SearchAction","target":{"@type":"EntryPoint","urlTemplate":"https:\/\/nirigs.com\/?s={search_term_string}"},"query-input":{"@type":"PropertyValueSpecification","valueRequired":true,"valueName":"search_term_string"}}],"inLanguage":"en-US"},{"@type":"Organization","@id":"https:\/\/nirigs.com\/#organization","name":"Nirigs","url":"https:\/\/nirigs.com\/","logo":{"@type":"ImageObject","inLanguage":"en-US","@id":"https:\/\/nirigs.com\/#\/schema\/logo\/image\/","url":"https:\/\/nirigs.com\/wp-content\/uploads\/2025\/04\/Design-sans-titre-27.png","contentUrl":"https:\/\/nirigs.com\/wp-content\/uploads\/2025\/04\/Design-sans-titre-27.png","width":500,"height":500,"caption":"Nirigs"},"image":{"@id":"https:\/\/nirigs.com\/#\/schema\/logo\/image\/"}}]}},"brands":[{"id":1170,"name":"Oui love it","slug":"oui-love-it"}],"_links":{"self":[{"href":"https:\/\/nirigs.com\/en\/wp-json\/wp\/v2\/product\/23366","targetHints":{"allow":["GET"]}}],"collection":[{"href":"https:\/\/nirigs.com\/en\/wp-json\/wp\/v2\/product"}],"about":[{"href":"https:\/\/nirigs.com\/en\/wp-json\/wp\/v2\/types\/product"}],"replies":[{"embeddable":true,"href":"https:\/\/nirigs.com\/en\/wp-json\/wp\/v2\/comments?post=23366"}],"version-history":[{"count":2,"href":"https:\/\/nirigs.com\/en\/wp-json\/wp\/v2\/product\/23366\/revisions"}],"predecessor-version":[{"id":24957,"href":"https:\/\/nirigs.com\/en\/wp-json\/wp\/v2\/product\/23366\/revisions\/24957"}],"wp:featuredmedia":[{"embeddable":true,"href":"https:\/\/nirigs.com\/en\/wp-json\/wp\/v2\/media\/24948"}],"wp:attachment":[{"href":"https:\/\/nirigs.com\/en\/wp-json\/wp\/v2\/media?parent=23366"}],"wp:term":[{"taxonomy":"pwb-brand","embeddable":true,"href":"https:\/\/nirigs.com\/en\/wp-json\/wp\/v2\/pwb-brand?post=23366"},{"taxonomy":"product_brand","embeddable":true,"href":"https:\/\/nirigs.com\/en\/wp-json\/wp\/v2\/product_brand?post=23366"},{"taxonomy":"product_cat","embeddable":true,"href":"https:\/\/nirigs.com\/en\/wp-json\/wp\/v2\/product_cat?post=23366"},{"taxonomy":"product_tag","embeddable":true,"href":"https:\/\/nirigs.com\/en\/wp-json\/wp\/v2\/product_tag?post=23366"}],"curies":[{"name":"wp","href":"https:\/\/api.w.org\/{rel}","templated":true}]}}