{"id":23365,"date":"2024-10-06T18:02:50","date_gmt":"2024-10-06T15:02:50","guid":{"rendered":"https:\/\/nirigs.com\/produit\/pringles-chips-saveur-hot-spicy-175-g\/"},"modified":"2025-02-02T14:52:46","modified_gmt":"2025-02-02T11:52:46","slug":"pringles-chips-saveur-hot-spicy-175-g","status":"publish","type":"product","link":"https:\/\/nirigs.com\/en\/product\/pringles-chips-saveur-hot-spicy-175-g\/","title":{"rendered":"Pringles &#8211; Chips saveur hot &#038; spicy &#8211; 175 g"},"content":{"rendered":"<p>Les tuiles Pringles Hot &amp; Spicy : Une saveur iconique pour des chips incontournables ! Ces d\u00e9licieuses chips tuiles sont parfaites pour toutes les occasions de convivialit\u00e9 : ap\u00e9ro, f\u00eate, barbecue&#8230; Peu importe le moment que vous choisissez pour la d\u00e9guster, la tuile Pringles Hot &amp; Spicy restera croustillante gr\u00e2ce \u00e0 sa bo\u00eete refermable. Un format g\u00e9n\u00e9reux, parfait \u00e0 partager en famille ou avec des amis. Faites pop&rsquo;er l&rsquo;ap\u00e9ro avec Pringles !<\/p>\n<h5 class=\"product-description__feature-title\">Ingredients:<\/h5>\n<div class=\"product-description__feature-values\"><span class=\"product-description__feature-value\">Pommes de terre d\u00e9shydrat\u00e9es, huiles v\u00e9g\u00e9tales (tournesol, palme, ma\u00efs) en proportion variable, farine de BL\u00c9, farine de ma\u00efs, farine de riz, assaisonnement piment et \u00e9pices (\u00e9pices, sucre, tomate en poudre, exhausteurs de go\u00fbt {glutamate monosodique, guanylate disodique, inosinate disodique}, amidon de BL\u00c9, bouillon en granul\u00e9s {sel, prot\u00e9ine v\u00e9g\u00e9tale hydrolys\u00e9e, huile de tournesol}, dextrose, huile de tournesol, lactos\u00e9rum doux en poudre {LAIT}, amidon de ma\u00efs modifi\u00e9, extrait de levure, ar\u00f4mes, correcteurs d&rsquo;acidit\u00e9 {diac\u00e9tate de sodium, lactate de calcium}, sauce au piment de cayenne en poudre {poivrons rouges vieillis, vinaigre, ail}, sel, acidifiants {acide citrique, acide lactique}, maltodextrine, herbes, colorant {extrait de paprika}, sirop de glucose, prot\u00e9ines de LAIT), maltodextrine, \u00e9mulsifiant (E471), sel, colorant (norbixine de rocou).<\/span><\/div>","protected":false},"excerpt":{"rendered":"<p>Les tuiles Pringles Hot &amp; Spicy : Une saveur iconique pour des chips incontournables ! Ces d\u00e9licieuses chips tuiles sont<\/p>","protected":false},"featured_media":24965,"comment_status":"open","ping_status":"closed","template":"","meta":[],"pwb-brand":[1174],"product_brand":[],"product_cat":[1127,1126,275],"product_tag":[],"class_list":{"0":"post-23365","1":"product","2":"type-product","3":"status-publish","4":"has-post-thumbnail","6":"pwb-brand-pringles","7":"product_cat-chips","8":"product_cat-en-cas-et-friandises","9":"product_cat-epicerie","11":"first","12":"instock","13":"shipping-taxable","14":"purchasable","15":"product-type-simple"},"yoast_head":"<!-- This site is optimized with the Yoast SEO plugin v27.1.1 - https:\/\/yoast.com\/product\/yoast-seo-wordpress\/ -->\n<title>Pringles - Chips saveur hot &amp; spicy - 175 g - NIRIGS<\/title>\n<meta name=\"robots\" content=\"index, follow, max-snippet:-1, max-image-preview:large, max-video-preview:-1\" \/>\n<link rel=\"canonical\" href=\"https:\/\/nirigs.com\/en\/product\/pringles-chips-saveur-hot-spicy-175-g\/\" \/>\n<meta property=\"og:locale\" content=\"en_US\" \/>\n<meta property=\"og:type\" content=\"article\" \/>\n<meta property=\"og:title\" content=\"Pringles - Chips saveur hot &amp; spicy - 175 g - NIRIGS\" \/>\n<meta property=\"og:description\" content=\"Les tuiles Pringles Hot &amp; Spicy : Une saveur iconique pour des chips incontournables ! Ces d\u00e9licieuses chips tuiles sont\" \/>\n<meta property=\"og:url\" content=\"https:\/\/nirigs.com\/en\/product\/pringles-chips-saveur-hot-spicy-175-g\/\" \/>\n<meta property=\"og:site_name\" content=\"NIRIGS\" \/>\n<meta property=\"article:modified_time\" content=\"2025-02-02T11:52:46+00:00\" \/>\n<meta property=\"og:image\" content=\"https:\/\/nirigs.com\/wp-content\/uploads\/2024\/10\/Pringles-Chips-saveur-hot-spicy-175-g.jpg\" \/>\n\t<meta property=\"og:image:width\" content=\"1000\" \/>\n\t<meta property=\"og:image:height\" content=\"1000\" \/>\n\t<meta property=\"og:image:type\" content=\"image\/jpeg\" \/>\n<meta name=\"twitter:card\" content=\"summary_large_image\" \/>\n<meta name=\"twitter:label1\" content=\"Est. reading time\" \/>\n\t<meta name=\"twitter:data1\" content=\"1 minute\" \/>\n<script type=\"application\/ld+json\" class=\"yoast-schema-graph\">{\"@context\":\"https:\/\/schema.org\",\"@graph\":[{\"@type\":\"WebPage\",\"@id\":\"https:\/\/nirigs.com\/product\/pringles-chips-saveur-hot-spicy-175-g\/\",\"url\":\"https:\/\/nirigs.com\/product\/pringles-chips-saveur-hot-spicy-175-g\/\",\"name\":\"Pringles - Chips saveur hot & spicy - 175 g - NIRIGS\",\"isPartOf\":{\"@id\":\"https:\/\/nirigs.com\/#website\"},\"primaryImageOfPage\":{\"@id\":\"https:\/\/nirigs.com\/product\/pringles-chips-saveur-hot-spicy-175-g\/#primaryimage\"},\"image\":{\"@id\":\"https:\/\/nirigs.com\/product\/pringles-chips-saveur-hot-spicy-175-g\/#primaryimage\"},\"thumbnailUrl\":\"https:\/\/nirigs.com\/wp-content\/uploads\/2024\/10\/Pringles-Chips-saveur-hot-spicy-175-g.jpg\",\"datePublished\":\"2024-10-06T15:02:50+00:00\",\"dateModified\":\"2025-02-02T11:52:46+00:00\",\"breadcrumb\":{\"@id\":\"https:\/\/nirigs.com\/product\/pringles-chips-saveur-hot-spicy-175-g\/#breadcrumb\"},\"inLanguage\":\"en-US\",\"potentialAction\":[{\"@type\":\"ReadAction\",\"target\":[\"https:\/\/nirigs.com\/product\/pringles-chips-saveur-hot-spicy-175-g\/\"]}]},{\"@type\":\"ImageObject\",\"inLanguage\":\"en-US\",\"@id\":\"https:\/\/nirigs.com\/product\/pringles-chips-saveur-hot-spicy-175-g\/#primaryimage\",\"url\":\"https:\/\/nirigs.com\/wp-content\/uploads\/2024\/10\/Pringles-Chips-saveur-hot-spicy-175-g.jpg\",\"contentUrl\":\"https:\/\/nirigs.com\/wp-content\/uploads\/2024\/10\/Pringles-Chips-saveur-hot-spicy-175-g.jpg\",\"width\":1000,\"height\":1000},{\"@type\":\"BreadcrumbList\",\"@id\":\"https:\/\/nirigs.com\/product\/pringles-chips-saveur-hot-spicy-175-g\/#breadcrumb\",\"itemListElement\":[{\"@type\":\"ListItem\",\"position\":1,\"name\":\"Home\",\"item\":\"https:\/\/nirigs.com\/\"},{\"@type\":\"ListItem\",\"position\":2,\"name\":\"Parcourir\",\"item\":\"https:\/\/nirigs.com\/boutique\/\"},{\"@type\":\"ListItem\",\"position\":3,\"name\":\"Pringles &#8211; Chips saveur hot &#038; spicy &#8211; 175 g\"}]},{\"@type\":\"WebSite\",\"@id\":\"https:\/\/nirigs.com\/#website\",\"url\":\"https:\/\/nirigs.com\/\",\"name\":\"Nirigs.com\",\"description\":\"Simplifiez vos achats du quotidien \u00e0 Djibouti\",\"publisher\":{\"@id\":\"https:\/\/nirigs.com\/#organization\"},\"potentialAction\":[{\"@type\":\"SearchAction\",\"target\":{\"@type\":\"EntryPoint\",\"urlTemplate\":\"https:\/\/nirigs.com\/?s={search_term_string}\"},\"query-input\":{\"@type\":\"PropertyValueSpecification\",\"valueRequired\":true,\"valueName\":\"search_term_string\"}}],\"inLanguage\":\"en-US\"},{\"@type\":\"Organization\",\"@id\":\"https:\/\/nirigs.com\/#organization\",\"name\":\"Nirigs\",\"url\":\"https:\/\/nirigs.com\/\",\"logo\":{\"@type\":\"ImageObject\",\"inLanguage\":\"en-US\",\"@id\":\"https:\/\/nirigs.com\/#\/schema\/logo\/image\/\",\"url\":\"https:\/\/nirigs.com\/wp-content\/uploads\/2025\/04\/Design-sans-titre-27.png\",\"contentUrl\":\"https:\/\/nirigs.com\/wp-content\/uploads\/2025\/04\/Design-sans-titre-27.png\",\"width\":500,\"height\":500,\"caption\":\"Nirigs\"},\"image\":{\"@id\":\"https:\/\/nirigs.com\/#\/schema\/logo\/image\/\"}}]}<\/script>\n<!-- \/ Yoast SEO plugin. -->","yoast_head_json":{"title":"Pringles - Chips saveur hot & spicy - 175 g - NIRIGS","robots":{"index":"index","follow":"follow","max-snippet":"max-snippet:-1","max-image-preview":"max-image-preview:large","max-video-preview":"max-video-preview:-1"},"canonical":"https:\/\/nirigs.com\/en\/product\/pringles-chips-saveur-hot-spicy-175-g\/","og_locale":"en_US","og_type":"article","og_title":"Pringles - Chips saveur hot & spicy - 175 g - NIRIGS","og_description":"Les tuiles Pringles Hot &amp; Spicy : Une saveur iconique pour des chips incontournables ! Ces d\u00e9licieuses chips tuiles sont","og_url":"https:\/\/nirigs.com\/en\/product\/pringles-chips-saveur-hot-spicy-175-g\/","og_site_name":"NIRIGS","article_modified_time":"2025-02-02T11:52:46+00:00","og_image":[{"width":1000,"height":1000,"url":"https:\/\/nirigs.com\/wp-content\/uploads\/2024\/10\/Pringles-Chips-saveur-hot-spicy-175-g.jpg","type":"image\/jpeg"}],"twitter_card":"summary_large_image","twitter_misc":{"Est. reading time":"1 minute"},"schema":{"@context":"https:\/\/schema.org","@graph":[{"@type":"WebPage","@id":"https:\/\/nirigs.com\/product\/pringles-chips-saveur-hot-spicy-175-g\/","url":"https:\/\/nirigs.com\/product\/pringles-chips-saveur-hot-spicy-175-g\/","name":"Pringles - Chips saveur hot & spicy - 175 g - NIRIGS","isPartOf":{"@id":"https:\/\/nirigs.com\/#website"},"primaryImageOfPage":{"@id":"https:\/\/nirigs.com\/product\/pringles-chips-saveur-hot-spicy-175-g\/#primaryimage"},"image":{"@id":"https:\/\/nirigs.com\/product\/pringles-chips-saveur-hot-spicy-175-g\/#primaryimage"},"thumbnailUrl":"https:\/\/nirigs.com\/wp-content\/uploads\/2024\/10\/Pringles-Chips-saveur-hot-spicy-175-g.jpg","datePublished":"2024-10-06T15:02:50+00:00","dateModified":"2025-02-02T11:52:46+00:00","breadcrumb":{"@id":"https:\/\/nirigs.com\/product\/pringles-chips-saveur-hot-spicy-175-g\/#breadcrumb"},"inLanguage":"en-US","potentialAction":[{"@type":"ReadAction","target":["https:\/\/nirigs.com\/product\/pringles-chips-saveur-hot-spicy-175-g\/"]}]},{"@type":"ImageObject","inLanguage":"en-US","@id":"https:\/\/nirigs.com\/product\/pringles-chips-saveur-hot-spicy-175-g\/#primaryimage","url":"https:\/\/nirigs.com\/wp-content\/uploads\/2024\/10\/Pringles-Chips-saveur-hot-spicy-175-g.jpg","contentUrl":"https:\/\/nirigs.com\/wp-content\/uploads\/2024\/10\/Pringles-Chips-saveur-hot-spicy-175-g.jpg","width":1000,"height":1000},{"@type":"BreadcrumbList","@id":"https:\/\/nirigs.com\/product\/pringles-chips-saveur-hot-spicy-175-g\/#breadcrumb","itemListElement":[{"@type":"ListItem","position":1,"name":"Home","item":"https:\/\/nirigs.com\/"},{"@type":"ListItem","position":2,"name":"Parcourir","item":"https:\/\/nirigs.com\/boutique\/"},{"@type":"ListItem","position":3,"name":"Pringles &#8211; Chips saveur hot &#038; spicy &#8211; 175 g"}]},{"@type":"WebSite","@id":"https:\/\/nirigs.com\/#website","url":"https:\/\/nirigs.com\/","name":"Nirigs.com","description":"Simplifiez vos achats du quotidien \u00e0 Djibouti","publisher":{"@id":"https:\/\/nirigs.com\/#organization"},"potentialAction":[{"@type":"SearchAction","target":{"@type":"EntryPoint","urlTemplate":"https:\/\/nirigs.com\/?s={search_term_string}"},"query-input":{"@type":"PropertyValueSpecification","valueRequired":true,"valueName":"search_term_string"}}],"inLanguage":"en-US"},{"@type":"Organization","@id":"https:\/\/nirigs.com\/#organization","name":"Nirigs","url":"https:\/\/nirigs.com\/","logo":{"@type":"ImageObject","inLanguage":"en-US","@id":"https:\/\/nirigs.com\/#\/schema\/logo\/image\/","url":"https:\/\/nirigs.com\/wp-content\/uploads\/2025\/04\/Design-sans-titre-27.png","contentUrl":"https:\/\/nirigs.com\/wp-content\/uploads\/2025\/04\/Design-sans-titre-27.png","width":500,"height":500,"caption":"Nirigs"},"image":{"@id":"https:\/\/nirigs.com\/#\/schema\/logo\/image\/"}}]}},"brands":[{"id":1174,"name":"Pringles","slug":"pringles"}],"_links":{"self":[{"href":"https:\/\/nirigs.com\/en\/wp-json\/wp\/v2\/product\/23365","targetHints":{"allow":["GET"]}}],"collection":[{"href":"https:\/\/nirigs.com\/en\/wp-json\/wp\/v2\/product"}],"about":[{"href":"https:\/\/nirigs.com\/en\/wp-json\/wp\/v2\/types\/product"}],"replies":[{"embeddable":true,"href":"https:\/\/nirigs.com\/en\/wp-json\/wp\/v2\/comments?post=23365"}],"version-history":[{"count":3,"href":"https:\/\/nirigs.com\/en\/wp-json\/wp\/v2\/product\/23365\/revisions"}],"predecessor-version":[{"id":24964,"href":"https:\/\/nirigs.com\/en\/wp-json\/wp\/v2\/product\/23365\/revisions\/24964"}],"wp:featuredmedia":[{"embeddable":true,"href":"https:\/\/nirigs.com\/en\/wp-json\/wp\/v2\/media\/24965"}],"wp:attachment":[{"href":"https:\/\/nirigs.com\/en\/wp-json\/wp\/v2\/media?parent=23365"}],"wp:term":[{"taxonomy":"pwb-brand","embeddable":true,"href":"https:\/\/nirigs.com\/en\/wp-json\/wp\/v2\/pwb-brand?post=23365"},{"taxonomy":"product_brand","embeddable":true,"href":"https:\/\/nirigs.com\/en\/wp-json\/wp\/v2\/product_brand?post=23365"},{"taxonomy":"product_cat","embeddable":true,"href":"https:\/\/nirigs.com\/en\/wp-json\/wp\/v2\/product_cat?post=23365"},{"taxonomy":"product_tag","embeddable":true,"href":"https:\/\/nirigs.com\/en\/wp-json\/wp\/v2\/product_tag?post=23365"}],"curies":[{"name":"wp","href":"https:\/\/api.w.org\/{rel}","templated":true}]}}