{"id":23352,"date":"2024-10-06T18:02:26","date_gmt":"2024-10-06T15:02:26","guid":{"rendered":"https:\/\/nirigs.com\/produit\/tous-les-jours-cacahuetes-grillees-et-salees-200-g\/"},"modified":"2025-02-02T14:55:57","modified_gmt":"2025-02-02T11:55:57","slug":"tous-les-jours-cacahuetes-grillees-et-salees-200-g","status":"publish","type":"product","link":"https:\/\/nirigs.com\/en\/product\/tous-les-jours-cacahuetes-grillees-et-salees-200-g\/","title":{"rendered":"Tous les jours &#8211; Cacahu\u00e8tes grill\u00e9es et sal\u00e9es &#8211; 200 g"},"content":{"rendered":"<p>Les <strong>Cacahu\u00e8tes grill\u00e9es et sal\u00e9es<\/strong> de <strong>Tous les Jours<\/strong> sont un encas croustillant et savoureux, parfait pour accompagner vos ap\u00e9ritifs ou pour \u00eatre d\u00e9gust\u00e9 \u00e0 tout moment de la journ\u00e9e. Ces cacahu\u00e8tes sont soigneusement s\u00e9lectionn\u00e9es, grill\u00e9es \u00e0 la perfection et l\u00e9g\u00e8rement sal\u00e9es pour rehausser leur go\u00fbt naturel.<\/p>\n<h4>Ingredients:<\/h4>\n<p>Cacahu\u00e8tes &#8211; huile de tournesol &#8211; sel. <strong>Traces de fruits \u00e0 coques.<\/strong><\/p>","protected":false},"excerpt":{"rendered":"<p>Les Cacahu\u00e8tes grill\u00e9es et sal\u00e9es de Tous les Jours sont un encas croustillant et savoureux, parfait pour accompagner vos ap\u00e9ritifs<\/p>","protected":false},"featured_media":25272,"comment_status":"open","ping_status":"closed","template":"","meta":[],"pwb-brand":[1169],"product_brand":[],"product_cat":[1126,275,1128],"product_tag":[],"class_list":{"0":"post-23352","1":"product","2":"type-product","3":"status-publish","4":"has-post-thumbnail","6":"pwb-brand-tous-les-jours","7":"product_cat-en-cas-et-friandises","8":"product_cat-epicerie","9":"product_cat-fruits-secs-et-noix","11":"first","12":"instock","13":"shipping-taxable","14":"purchasable","15":"product-type-simple"},"yoast_head":"<!-- This site is optimized with the Yoast SEO plugin v27.1.1 - https:\/\/yoast.com\/product\/yoast-seo-wordpress\/ -->\n<title>Tous les jours - Cacahu\u00e8tes grill\u00e9es et sal\u00e9es - 200 g - NIRIGS<\/title>\n<meta name=\"robots\" content=\"index, follow, max-snippet:-1, max-image-preview:large, max-video-preview:-1\" \/>\n<link rel=\"canonical\" href=\"https:\/\/nirigs.com\/en\/product\/tous-les-jours-cacahuetes-grillees-et-salees-200-g\/\" \/>\n<meta property=\"og:locale\" content=\"en_US\" \/>\n<meta property=\"og:type\" content=\"article\" \/>\n<meta property=\"og:title\" content=\"Tous les jours - Cacahu\u00e8tes grill\u00e9es et sal\u00e9es - 200 g - NIRIGS\" \/>\n<meta property=\"og:description\" content=\"Les Cacahu\u00e8tes grill\u00e9es et sal\u00e9es de Tous les Jours sont un encas croustillant et savoureux, parfait pour accompagner vos ap\u00e9ritifs\" \/>\n<meta property=\"og:url\" content=\"https:\/\/nirigs.com\/en\/product\/tous-les-jours-cacahuetes-grillees-et-salees-200-g\/\" \/>\n<meta property=\"og:site_name\" content=\"NIRIGS\" \/>\n<meta property=\"article:modified_time\" content=\"2025-02-02T11:55:57+00:00\" \/>\n<meta property=\"og:image\" content=\"https:\/\/nirigs.com\/wp-content\/uploads\/2024\/10\/Tous-les-jours-Cacahuetes-grillees-et-salees-200-g.jpg\" \/>\n\t<meta property=\"og:image:width\" content=\"1000\" \/>\n\t<meta property=\"og:image:height\" content=\"1000\" \/>\n\t<meta property=\"og:image:type\" content=\"image\/jpeg\" \/>\n<meta name=\"twitter:card\" content=\"summary_large_image\" \/>\n<script type=\"application\/ld+json\" class=\"yoast-schema-graph\">{\"@context\":\"https:\/\/schema.org\",\"@graph\":[{\"@type\":\"WebPage\",\"@id\":\"https:\/\/nirigs.com\/product\/tous-les-jours-cacahuetes-grillees-et-salees-200-g\/\",\"url\":\"https:\/\/nirigs.com\/product\/tous-les-jours-cacahuetes-grillees-et-salees-200-g\/\",\"name\":\"Tous les jours - Cacahu\u00e8tes grill\u00e9es et sal\u00e9es - 200 g - NIRIGS\",\"isPartOf\":{\"@id\":\"https:\/\/nirigs.com\/#website\"},\"primaryImageOfPage\":{\"@id\":\"https:\/\/nirigs.com\/product\/tous-les-jours-cacahuetes-grillees-et-salees-200-g\/#primaryimage\"},\"image\":{\"@id\":\"https:\/\/nirigs.com\/product\/tous-les-jours-cacahuetes-grillees-et-salees-200-g\/#primaryimage\"},\"thumbnailUrl\":\"https:\/\/nirigs.com\/wp-content\/uploads\/2024\/10\/Tous-les-jours-Cacahuetes-grillees-et-salees-200-g.jpg\",\"datePublished\":\"2024-10-06T15:02:26+00:00\",\"dateModified\":\"2025-02-02T11:55:57+00:00\",\"breadcrumb\":{\"@id\":\"https:\/\/nirigs.com\/product\/tous-les-jours-cacahuetes-grillees-et-salees-200-g\/#breadcrumb\"},\"inLanguage\":\"en-US\",\"potentialAction\":[{\"@type\":\"ReadAction\",\"target\":[\"https:\/\/nirigs.com\/product\/tous-les-jours-cacahuetes-grillees-et-salees-200-g\/\"]}]},{\"@type\":\"ImageObject\",\"inLanguage\":\"en-US\",\"@id\":\"https:\/\/nirigs.com\/product\/tous-les-jours-cacahuetes-grillees-et-salees-200-g\/#primaryimage\",\"url\":\"https:\/\/nirigs.com\/wp-content\/uploads\/2024\/10\/Tous-les-jours-Cacahuetes-grillees-et-salees-200-g.jpg\",\"contentUrl\":\"https:\/\/nirigs.com\/wp-content\/uploads\/2024\/10\/Tous-les-jours-Cacahuetes-grillees-et-salees-200-g.jpg\",\"width\":1000,\"height\":1000},{\"@type\":\"BreadcrumbList\",\"@id\":\"https:\/\/nirigs.com\/product\/tous-les-jours-cacahuetes-grillees-et-salees-200-g\/#breadcrumb\",\"itemListElement\":[{\"@type\":\"ListItem\",\"position\":1,\"name\":\"Home\",\"item\":\"https:\/\/nirigs.com\/\"},{\"@type\":\"ListItem\",\"position\":2,\"name\":\"Parcourir\",\"item\":\"https:\/\/nirigs.com\/boutique\/\"},{\"@type\":\"ListItem\",\"position\":3,\"name\":\"Tous les jours &#8211; Cacahu\u00e8tes grill\u00e9es et sal\u00e9es &#8211; 200 g\"}]},{\"@type\":\"WebSite\",\"@id\":\"https:\/\/nirigs.com\/#website\",\"url\":\"https:\/\/nirigs.com\/\",\"name\":\"Nirigs.com\",\"description\":\"Simplifiez vos achats du quotidien \u00e0 Djibouti\",\"publisher\":{\"@id\":\"https:\/\/nirigs.com\/#organization\"},\"potentialAction\":[{\"@type\":\"SearchAction\",\"target\":{\"@type\":\"EntryPoint\",\"urlTemplate\":\"https:\/\/nirigs.com\/?s={search_term_string}\"},\"query-input\":{\"@type\":\"PropertyValueSpecification\",\"valueRequired\":true,\"valueName\":\"search_term_string\"}}],\"inLanguage\":\"en-US\"},{\"@type\":\"Organization\",\"@id\":\"https:\/\/nirigs.com\/#organization\",\"name\":\"Nirigs\",\"url\":\"https:\/\/nirigs.com\/\",\"logo\":{\"@type\":\"ImageObject\",\"inLanguage\":\"en-US\",\"@id\":\"https:\/\/nirigs.com\/#\/schema\/logo\/image\/\",\"url\":\"https:\/\/nirigs.com\/wp-content\/uploads\/2025\/04\/Design-sans-titre-27.png\",\"contentUrl\":\"https:\/\/nirigs.com\/wp-content\/uploads\/2025\/04\/Design-sans-titre-27.png\",\"width\":500,\"height\":500,\"caption\":\"Nirigs\"},\"image\":{\"@id\":\"https:\/\/nirigs.com\/#\/schema\/logo\/image\/\"}}]}<\/script>\n<!-- \/ Yoast SEO plugin. -->","yoast_head_json":{"title":"Tous les jours - Cacahu\u00e8tes grill\u00e9es et sal\u00e9es - 200 g - NIRIGS","robots":{"index":"index","follow":"follow","max-snippet":"max-snippet:-1","max-image-preview":"max-image-preview:large","max-video-preview":"max-video-preview:-1"},"canonical":"https:\/\/nirigs.com\/en\/product\/tous-les-jours-cacahuetes-grillees-et-salees-200-g\/","og_locale":"en_US","og_type":"article","og_title":"Tous les jours - Cacahu\u00e8tes grill\u00e9es et sal\u00e9es - 200 g - NIRIGS","og_description":"Les Cacahu\u00e8tes grill\u00e9es et sal\u00e9es de Tous les Jours sont un encas croustillant et savoureux, parfait pour accompagner vos ap\u00e9ritifs","og_url":"https:\/\/nirigs.com\/en\/product\/tous-les-jours-cacahuetes-grillees-et-salees-200-g\/","og_site_name":"NIRIGS","article_modified_time":"2025-02-02T11:55:57+00:00","og_image":[{"width":1000,"height":1000,"url":"https:\/\/nirigs.com\/wp-content\/uploads\/2024\/10\/Tous-les-jours-Cacahuetes-grillees-et-salees-200-g.jpg","type":"image\/jpeg"}],"twitter_card":"summary_large_image","schema":{"@context":"https:\/\/schema.org","@graph":[{"@type":"WebPage","@id":"https:\/\/nirigs.com\/product\/tous-les-jours-cacahuetes-grillees-et-salees-200-g\/","url":"https:\/\/nirigs.com\/product\/tous-les-jours-cacahuetes-grillees-et-salees-200-g\/","name":"Tous les jours - Cacahu\u00e8tes grill\u00e9es et sal\u00e9es - 200 g - NIRIGS","isPartOf":{"@id":"https:\/\/nirigs.com\/#website"},"primaryImageOfPage":{"@id":"https:\/\/nirigs.com\/product\/tous-les-jours-cacahuetes-grillees-et-salees-200-g\/#primaryimage"},"image":{"@id":"https:\/\/nirigs.com\/product\/tous-les-jours-cacahuetes-grillees-et-salees-200-g\/#primaryimage"},"thumbnailUrl":"https:\/\/nirigs.com\/wp-content\/uploads\/2024\/10\/Tous-les-jours-Cacahuetes-grillees-et-salees-200-g.jpg","datePublished":"2024-10-06T15:02:26+00:00","dateModified":"2025-02-02T11:55:57+00:00","breadcrumb":{"@id":"https:\/\/nirigs.com\/product\/tous-les-jours-cacahuetes-grillees-et-salees-200-g\/#breadcrumb"},"inLanguage":"en-US","potentialAction":[{"@type":"ReadAction","target":["https:\/\/nirigs.com\/product\/tous-les-jours-cacahuetes-grillees-et-salees-200-g\/"]}]},{"@type":"ImageObject","inLanguage":"en-US","@id":"https:\/\/nirigs.com\/product\/tous-les-jours-cacahuetes-grillees-et-salees-200-g\/#primaryimage","url":"https:\/\/nirigs.com\/wp-content\/uploads\/2024\/10\/Tous-les-jours-Cacahuetes-grillees-et-salees-200-g.jpg","contentUrl":"https:\/\/nirigs.com\/wp-content\/uploads\/2024\/10\/Tous-les-jours-Cacahuetes-grillees-et-salees-200-g.jpg","width":1000,"height":1000},{"@type":"BreadcrumbList","@id":"https:\/\/nirigs.com\/product\/tous-les-jours-cacahuetes-grillees-et-salees-200-g\/#breadcrumb","itemListElement":[{"@type":"ListItem","position":1,"name":"Home","item":"https:\/\/nirigs.com\/"},{"@type":"ListItem","position":2,"name":"Parcourir","item":"https:\/\/nirigs.com\/boutique\/"},{"@type":"ListItem","position":3,"name":"Tous les jours &#8211; Cacahu\u00e8tes grill\u00e9es et sal\u00e9es &#8211; 200 g"}]},{"@type":"WebSite","@id":"https:\/\/nirigs.com\/#website","url":"https:\/\/nirigs.com\/","name":"Nirigs.com","description":"Simplifiez vos achats du quotidien \u00e0 Djibouti","publisher":{"@id":"https:\/\/nirigs.com\/#organization"},"potentialAction":[{"@type":"SearchAction","target":{"@type":"EntryPoint","urlTemplate":"https:\/\/nirigs.com\/?s={search_term_string}"},"query-input":{"@type":"PropertyValueSpecification","valueRequired":true,"valueName":"search_term_string"}}],"inLanguage":"en-US"},{"@type":"Organization","@id":"https:\/\/nirigs.com\/#organization","name":"Nirigs","url":"https:\/\/nirigs.com\/","logo":{"@type":"ImageObject","inLanguage":"en-US","@id":"https:\/\/nirigs.com\/#\/schema\/logo\/image\/","url":"https:\/\/nirigs.com\/wp-content\/uploads\/2025\/04\/Design-sans-titre-27.png","contentUrl":"https:\/\/nirigs.com\/wp-content\/uploads\/2025\/04\/Design-sans-titre-27.png","width":500,"height":500,"caption":"Nirigs"},"image":{"@id":"https:\/\/nirigs.com\/#\/schema\/logo\/image\/"}}]}},"brands":[{"id":1169,"name":"Every day","slug":"tous-les-jours"}],"_links":{"self":[{"href":"https:\/\/nirigs.com\/en\/wp-json\/wp\/v2\/product\/23352","targetHints":{"allow":["GET"]}}],"collection":[{"href":"https:\/\/nirigs.com\/en\/wp-json\/wp\/v2\/product"}],"about":[{"href":"https:\/\/nirigs.com\/en\/wp-json\/wp\/v2\/types\/product"}],"replies":[{"embeddable":true,"href":"https:\/\/nirigs.com\/en\/wp-json\/wp\/v2\/comments?post=23352"}],"version-history":[{"count":3,"href":"https:\/\/nirigs.com\/en\/wp-json\/wp\/v2\/product\/23352\/revisions"}],"predecessor-version":[{"id":25276,"href":"https:\/\/nirigs.com\/en\/wp-json\/wp\/v2\/product\/23352\/revisions\/25276"}],"wp:featuredmedia":[{"embeddable":true,"href":"https:\/\/nirigs.com\/en\/wp-json\/wp\/v2\/media\/25272"}],"wp:attachment":[{"href":"https:\/\/nirigs.com\/en\/wp-json\/wp\/v2\/media?parent=23352"}],"wp:term":[{"taxonomy":"pwb-brand","embeddable":true,"href":"https:\/\/nirigs.com\/en\/wp-json\/wp\/v2\/pwb-brand?post=23352"},{"taxonomy":"product_brand","embeddable":true,"href":"https:\/\/nirigs.com\/en\/wp-json\/wp\/v2\/product_brand?post=23352"},{"taxonomy":"product_cat","embeddable":true,"href":"https:\/\/nirigs.com\/en\/wp-json\/wp\/v2\/product_cat?post=23352"},{"taxonomy":"product_tag","embeddable":true,"href":"https:\/\/nirigs.com\/en\/wp-json\/wp\/v2\/product_tag?post=23352"}],"curies":[{"name":"wp","href":"https:\/\/api.w.org\/{rel}","templated":true}]}}