{"id":23346,"date":"2024-10-06T18:02:24","date_gmt":"2024-10-06T15:02:24","guid":{"rendered":"https:\/\/nirigs.com\/produit\/casino-noix-de-cajou-grilles-salees-75-g\/"},"modified":"2025-02-02T14:58:15","modified_gmt":"2025-02-02T11:58:15","slug":"casino-noix-de-cajou-grilles-salees-75-g","status":"publish","type":"product","link":"https:\/\/nirigs.com\/en\/product\/casino-noix-de-cajou-grilles-salees-75-g\/","title":{"rendered":"Casino &#8211; Noix de cajou grill\u00e9s &#038; sal\u00e9es &#8211; 75 g"},"content":{"rendered":"<p>Les noix de cajou Casino, grill\u00e9es et d\u00e9licatement sal\u00e9es, sont un encas savoureux et croustillant, id\u00e9al pour les petites faims. Leur format pratique de 75 g est parfait pour une consommation \u00e0 emporter ou \u00e0 partager lors d&rsquo;un ap\u00e9ritif entre amis. Source naturelle de magn\u00e9sium et de bonnes graisses, ces noix de cajou sont \u00e9galement une excellente alternative aux snacks sucr\u00e9s.<\/p>\n<h4>Ingredients<\/h4>\n<p>Noix de cajou (97 %), huile de tournesol, sel.<\/p>\n<p>* L&#8217;emballage peut varier.<\/p>\n<p><strong>Allerg\u00e8nes :<\/strong><\/p>\n<p>Contient des noix de cajou (fruit \u00e0 coque).<br \/>\nPeut contenir des traces d&rsquo;autres fruits \u00e0 coque, d&rsquo;arachides et de graines de s\u00e9same.<\/p>","protected":false},"excerpt":{"rendered":"<p>Les noix de cajou Casino, grill\u00e9es et d\u00e9licatement sal\u00e9es, sont un encas savoureux et croustillant, id\u00e9al pour les petites faims.<\/p>","protected":false},"featured_media":25296,"comment_status":"open","ping_status":"closed","template":"","meta":[],"pwb-brand":[843],"product_brand":[],"product_cat":[1126,275,1128],"product_tag":[],"class_list":{"0":"post-23346","1":"product","2":"type-product","3":"status-publish","4":"has-post-thumbnail","6":"pwb-brand-casino","7":"product_cat-en-cas-et-friandises","8":"product_cat-epicerie","9":"product_cat-fruits-secs-et-noix","11":"first","12":"instock","13":"shipping-taxable","14":"purchasable","15":"product-type-simple"},"yoast_head":"<!-- This site is optimized with the Yoast SEO plugin v27.1.1 - https:\/\/yoast.com\/product\/yoast-seo-wordpress\/ -->\n<title>Casino - Noix de cajou grill\u00e9s &amp; sal\u00e9es - 75 g - NIRIGS<\/title>\n<meta name=\"robots\" content=\"index, follow, max-snippet:-1, max-image-preview:large, max-video-preview:-1\" \/>\n<link rel=\"canonical\" href=\"https:\/\/nirigs.com\/en\/product\/casino-noix-de-cajou-grilles-salees-75-g\/\" \/>\n<meta property=\"og:locale\" content=\"en_US\" \/>\n<meta property=\"og:type\" content=\"article\" \/>\n<meta property=\"og:title\" content=\"Casino - Noix de cajou grill\u00e9s &amp; sal\u00e9es - 75 g - NIRIGS\" \/>\n<meta property=\"og:description\" content=\"Les noix de cajou Casino, grill\u00e9es et d\u00e9licatement sal\u00e9es, sont un encas savoureux et croustillant, id\u00e9al pour les petites faims.\" \/>\n<meta property=\"og:url\" content=\"https:\/\/nirigs.com\/en\/product\/casino-noix-de-cajou-grilles-salees-75-g\/\" \/>\n<meta property=\"og:site_name\" content=\"NIRIGS\" \/>\n<meta property=\"article:modified_time\" content=\"2025-02-02T11:58:15+00:00\" \/>\n<meta property=\"og:image\" content=\"https:\/\/nirigs.com\/wp-content\/uploads\/2024\/10\/Casino-Noix-de-cajou-grilles-salees-75-g.jpg\" \/>\n\t<meta property=\"og:image:width\" content=\"1000\" \/>\n\t<meta property=\"og:image:height\" content=\"1000\" \/>\n\t<meta property=\"og:image:type\" content=\"image\/jpeg\" \/>\n<meta name=\"twitter:card\" content=\"summary_large_image\" \/>\n<meta name=\"twitter:label1\" content=\"Est. reading time\" \/>\n\t<meta name=\"twitter:data1\" content=\"1 minute\" \/>\n<script type=\"application\/ld+json\" class=\"yoast-schema-graph\">{\"@context\":\"https:\/\/schema.org\",\"@graph\":[{\"@type\":\"WebPage\",\"@id\":\"https:\/\/nirigs.com\/ar\/product\/casino-noix-de-cajou-grilles-salees-75-g\/\",\"url\":\"https:\/\/nirigs.com\/ar\/product\/casino-noix-de-cajou-grilles-salees-75-g\/\",\"name\":\"Casino - Noix de cajou grill\u00e9s & sal\u00e9es - 75 g - NIRIGS\",\"isPartOf\":{\"@id\":\"https:\/\/nirigs.com\/#website\"},\"primaryImageOfPage\":{\"@id\":\"https:\/\/nirigs.com\/ar\/product\/casino-noix-de-cajou-grilles-salees-75-g\/#primaryimage\"},\"image\":{\"@id\":\"https:\/\/nirigs.com\/ar\/product\/casino-noix-de-cajou-grilles-salees-75-g\/#primaryimage\"},\"thumbnailUrl\":\"https:\/\/nirigs.com\/wp-content\/uploads\/2024\/10\/Casino-Noix-de-cajou-grilles-salees-75-g.jpg\",\"datePublished\":\"2024-10-06T15:02:24+00:00\",\"dateModified\":\"2025-02-02T11:58:15+00:00\",\"breadcrumb\":{\"@id\":\"https:\/\/nirigs.com\/ar\/product\/casino-noix-de-cajou-grilles-salees-75-g\/#breadcrumb\"},\"inLanguage\":\"en-US\",\"potentialAction\":[{\"@type\":\"ReadAction\",\"target\":[\"https:\/\/nirigs.com\/ar\/product\/casino-noix-de-cajou-grilles-salees-75-g\/\"]}]},{\"@type\":\"ImageObject\",\"inLanguage\":\"en-US\",\"@id\":\"https:\/\/nirigs.com\/ar\/product\/casino-noix-de-cajou-grilles-salees-75-g\/#primaryimage\",\"url\":\"https:\/\/nirigs.com\/wp-content\/uploads\/2024\/10\/Casino-Noix-de-cajou-grilles-salees-75-g.jpg\",\"contentUrl\":\"https:\/\/nirigs.com\/wp-content\/uploads\/2024\/10\/Casino-Noix-de-cajou-grilles-salees-75-g.jpg\",\"width\":1000,\"height\":1000},{\"@type\":\"BreadcrumbList\",\"@id\":\"https:\/\/nirigs.com\/ar\/product\/casino-noix-de-cajou-grilles-salees-75-g\/#breadcrumb\",\"itemListElement\":[{\"@type\":\"ListItem\",\"position\":1,\"name\":\"Home\",\"item\":\"https:\/\/nirigs.com\/\"},{\"@type\":\"ListItem\",\"position\":2,\"name\":\"Parcourir\",\"item\":\"https:\/\/nirigs.com\/boutique\/\"},{\"@type\":\"ListItem\",\"position\":3,\"name\":\"Casino &#8211; Noix de cajou grill\u00e9s &#038; sal\u00e9es &#8211; 75 g\"}]},{\"@type\":\"WebSite\",\"@id\":\"https:\/\/nirigs.com\/#website\",\"url\":\"https:\/\/nirigs.com\/\",\"name\":\"Nirigs.com\",\"description\":\"Simplifiez vos achats du quotidien \u00e0 Djibouti\",\"publisher\":{\"@id\":\"https:\/\/nirigs.com\/#organization\"},\"potentialAction\":[{\"@type\":\"SearchAction\",\"target\":{\"@type\":\"EntryPoint\",\"urlTemplate\":\"https:\/\/nirigs.com\/?s={search_term_string}\"},\"query-input\":{\"@type\":\"PropertyValueSpecification\",\"valueRequired\":true,\"valueName\":\"search_term_string\"}}],\"inLanguage\":\"en-US\"},{\"@type\":\"Organization\",\"@id\":\"https:\/\/nirigs.com\/#organization\",\"name\":\"Nirigs\",\"url\":\"https:\/\/nirigs.com\/\",\"logo\":{\"@type\":\"ImageObject\",\"inLanguage\":\"en-US\",\"@id\":\"https:\/\/nirigs.com\/#\/schema\/logo\/image\/\",\"url\":\"https:\/\/nirigs.com\/wp-content\/uploads\/2025\/04\/Design-sans-titre-27.png\",\"contentUrl\":\"https:\/\/nirigs.com\/wp-content\/uploads\/2025\/04\/Design-sans-titre-27.png\",\"width\":500,\"height\":500,\"caption\":\"Nirigs\"},\"image\":{\"@id\":\"https:\/\/nirigs.com\/#\/schema\/logo\/image\/\"}}]}<\/script>\n<!-- \/ Yoast SEO plugin. -->","yoast_head_json":{"title":"Casino - Noix de cajou grill\u00e9s & sal\u00e9es - 75 g - NIRIGS","robots":{"index":"index","follow":"follow","max-snippet":"max-snippet:-1","max-image-preview":"max-image-preview:large","max-video-preview":"max-video-preview:-1"},"canonical":"https:\/\/nirigs.com\/en\/product\/casino-noix-de-cajou-grilles-salees-75-g\/","og_locale":"en_US","og_type":"article","og_title":"Casino - Noix de cajou grill\u00e9s & sal\u00e9es - 75 g - NIRIGS","og_description":"Les noix de cajou Casino, grill\u00e9es et d\u00e9licatement sal\u00e9es, sont un encas savoureux et croustillant, id\u00e9al pour les petites faims.","og_url":"https:\/\/nirigs.com\/en\/product\/casino-noix-de-cajou-grilles-salees-75-g\/","og_site_name":"NIRIGS","article_modified_time":"2025-02-02T11:58:15+00:00","og_image":[{"width":1000,"height":1000,"url":"https:\/\/nirigs.com\/wp-content\/uploads\/2024\/10\/Casino-Noix-de-cajou-grilles-salees-75-g.jpg","type":"image\/jpeg"}],"twitter_card":"summary_large_image","twitter_misc":{"Est. reading time":"1 minute"},"schema":{"@context":"https:\/\/schema.org","@graph":[{"@type":"WebPage","@id":"https:\/\/nirigs.com\/ar\/product\/casino-noix-de-cajou-grilles-salees-75-g\/","url":"https:\/\/nirigs.com\/ar\/product\/casino-noix-de-cajou-grilles-salees-75-g\/","name":"Casino - Noix de cajou grill\u00e9s & sal\u00e9es - 75 g - NIRIGS","isPartOf":{"@id":"https:\/\/nirigs.com\/#website"},"primaryImageOfPage":{"@id":"https:\/\/nirigs.com\/ar\/product\/casino-noix-de-cajou-grilles-salees-75-g\/#primaryimage"},"image":{"@id":"https:\/\/nirigs.com\/ar\/product\/casino-noix-de-cajou-grilles-salees-75-g\/#primaryimage"},"thumbnailUrl":"https:\/\/nirigs.com\/wp-content\/uploads\/2024\/10\/Casino-Noix-de-cajou-grilles-salees-75-g.jpg","datePublished":"2024-10-06T15:02:24+00:00","dateModified":"2025-02-02T11:58:15+00:00","breadcrumb":{"@id":"https:\/\/nirigs.com\/ar\/product\/casino-noix-de-cajou-grilles-salees-75-g\/#breadcrumb"},"inLanguage":"en-US","potentialAction":[{"@type":"ReadAction","target":["https:\/\/nirigs.com\/ar\/product\/casino-noix-de-cajou-grilles-salees-75-g\/"]}]},{"@type":"ImageObject","inLanguage":"en-US","@id":"https:\/\/nirigs.com\/ar\/product\/casino-noix-de-cajou-grilles-salees-75-g\/#primaryimage","url":"https:\/\/nirigs.com\/wp-content\/uploads\/2024\/10\/Casino-Noix-de-cajou-grilles-salees-75-g.jpg","contentUrl":"https:\/\/nirigs.com\/wp-content\/uploads\/2024\/10\/Casino-Noix-de-cajou-grilles-salees-75-g.jpg","width":1000,"height":1000},{"@type":"BreadcrumbList","@id":"https:\/\/nirigs.com\/ar\/product\/casino-noix-de-cajou-grilles-salees-75-g\/#breadcrumb","itemListElement":[{"@type":"ListItem","position":1,"name":"Home","item":"https:\/\/nirigs.com\/"},{"@type":"ListItem","position":2,"name":"Parcourir","item":"https:\/\/nirigs.com\/boutique\/"},{"@type":"ListItem","position":3,"name":"Casino &#8211; Noix de cajou grill\u00e9s &#038; sal\u00e9es &#8211; 75 g"}]},{"@type":"WebSite","@id":"https:\/\/nirigs.com\/#website","url":"https:\/\/nirigs.com\/","name":"Nirigs.com","description":"Simplifiez vos achats du quotidien \u00e0 Djibouti","publisher":{"@id":"https:\/\/nirigs.com\/#organization"},"potentialAction":[{"@type":"SearchAction","target":{"@type":"EntryPoint","urlTemplate":"https:\/\/nirigs.com\/?s={search_term_string}"},"query-input":{"@type":"PropertyValueSpecification","valueRequired":true,"valueName":"search_term_string"}}],"inLanguage":"en-US"},{"@type":"Organization","@id":"https:\/\/nirigs.com\/#organization","name":"Nirigs","url":"https:\/\/nirigs.com\/","logo":{"@type":"ImageObject","inLanguage":"en-US","@id":"https:\/\/nirigs.com\/#\/schema\/logo\/image\/","url":"https:\/\/nirigs.com\/wp-content\/uploads\/2025\/04\/Design-sans-titre-27.png","contentUrl":"https:\/\/nirigs.com\/wp-content\/uploads\/2025\/04\/Design-sans-titre-27.png","width":500,"height":500,"caption":"Nirigs"},"image":{"@id":"https:\/\/nirigs.com\/#\/schema\/logo\/image\/"}}]}},"brands":[{"id":843,"name":"Casino","slug":"casino"}],"_links":{"self":[{"href":"https:\/\/nirigs.com\/en\/wp-json\/wp\/v2\/product\/23346","targetHints":{"allow":["GET"]}}],"collection":[{"href":"https:\/\/nirigs.com\/en\/wp-json\/wp\/v2\/product"}],"about":[{"href":"https:\/\/nirigs.com\/en\/wp-json\/wp\/v2\/types\/product"}],"replies":[{"embeddable":true,"href":"https:\/\/nirigs.com\/en\/wp-json\/wp\/v2\/comments?post=23346"}],"version-history":[{"count":3,"href":"https:\/\/nirigs.com\/en\/wp-json\/wp\/v2\/product\/23346\/revisions"}],"predecessor-version":[{"id":23801,"href":"https:\/\/nirigs.com\/en\/wp-json\/wp\/v2\/product\/23346\/revisions\/23801"}],"wp:featuredmedia":[{"embeddable":true,"href":"https:\/\/nirigs.com\/en\/wp-json\/wp\/v2\/media\/25296"}],"wp:attachment":[{"href":"https:\/\/nirigs.com\/en\/wp-json\/wp\/v2\/media?parent=23346"}],"wp:term":[{"taxonomy":"pwb-brand","embeddable":true,"href":"https:\/\/nirigs.com\/en\/wp-json\/wp\/v2\/pwb-brand?post=23346"},{"taxonomy":"product_brand","embeddable":true,"href":"https:\/\/nirigs.com\/en\/wp-json\/wp\/v2\/product_brand?post=23346"},{"taxonomy":"product_cat","embeddable":true,"href":"https:\/\/nirigs.com\/en\/wp-json\/wp\/v2\/product_cat?post=23346"},{"taxonomy":"product_tag","embeddable":true,"href":"https:\/\/nirigs.com\/en\/wp-json\/wp\/v2\/product_tag?post=23346"}],"curies":[{"name":"wp","href":"https:\/\/api.w.org\/{rel}","templated":true}]}}